{"id":13169,"date":"2021-10-25T13:22:27","date_gmt":"2021-10-25T13:22:29","guid":{"rendered":"https:\/\/listings.mybikeplan.ch\/?post_type=product&#038;p=13169"},"modified":"2023-07-19T13:00:43","modified_gmt":"2023-07-19T13:00:43","slug":"focus-aventura2-6-7-grau","status":"publish","type":"product","link":"https:\/\/listings.mybikeplan.ch\/fr\/produit\/focus-aventura2-6-7-grau\/","title":{"rendered":"Focus Aventura\u00b2 6.7 Gris"},"content":{"rendered":"<h2><b>Le plus important sur le Focus Aventura\u00b2 6.7 :\u00a0<\/b><\/h2>\n<ul>\n<li style=\"font-weight: 400;\" aria-level=\"1\"><span style=\"font-weight: 400;\">L&rsquo;E-Bike de trekking Focus Aventura\u00b2 6.7 convient aussi bien aux visites de la ville qu&rsquo;aux excursions du week-end.\u00a0<\/span><\/li>\n<li style=\"font-weight: 400;\" aria-level=\"1\"><span style=\"font-weight: 400;\">Il poss\u00e8de un puissant moteur Bosch de 85 Nm qui te permet de gravir des montagnes ou de tirer des remorques sans effort.<\/span><\/li>\n<li style=\"font-weight: 400;\" aria-level=\"1\"><span style=\"font-weight: 400;\">Il est \u00e9quip\u00e9 d&rsquo;une batterie Bosch de 625 Wh.\u00a0<\/span><\/li>\n<li style=\"font-weight: 400;\" aria-level=\"1\"><span style=\"font-weight: 400;\">Il t&rsquo;offre la possibilit\u00e9 d&rsquo;attacher une deuxi\u00e8me batterie pour doubler l&rsquo;autonomie.<\/span><\/li>\n<\/ul>\n<h2><b>Le Focus Aventura\u00b2 6.7 est parfait pour toi, si tu :<br \/>\n<\/b><\/h2>\n<ul>\n<li style=\"font-weight: 400;\" aria-level=\"1\"><span style=\"font-weight: 400;\">cherches un v\u00e9lo \u00e9lectrique pour les loisirs et l&rsquo;utilisation quotidienne sur toutes les routes.<\/span><\/li>\n<li style=\"font-weight: 400;\" aria-level=\"1\"><span style=\"font-weight: 400;\">pr\u00e9vois de tr\u00e8s longues randonn\u00e9es et ne veux pas te soucier de recharger la batterie<\/span><\/li>\n<li style=\"font-weight: 400;\" aria-level=\"1\"><span style=\"font-weight: 400;\">veux tracter une remorque avec ton E-Bike<\/span><\/li>\n<\/ul>\n<h2><b>Tailles recommand\u00e9es :<\/b><\/h2>\n<ul>\n<li>XL = &gt; 185 cm<\/li>\n<\/ul>\n","protected":false},"excerpt":{"rendered":"<div class=\"page\" title=\"Page 1\">\n<div class=\"layoutArea\">\n<div class=\"column\">\n<h2 style=\"text-align: left;\"><b>Focus Aventura\u00b2 6.7<\/b><\/h2>\n<\/div>\n<\/div>\n<\/div>\n<p><span style=\"font-weight: 400;\">Tu cherches un E-Bike de trekking athl\u00e9tique ? Tu veux un E-Bike qui t&#8217;emm\u00e8ne au travail et te ram\u00e8ne sans effort ? Un v\u00e9lo qui te permet de transporter tes courses et qui est aussi suffisamment fiable pour t&rsquo;accompagner lors de tes randonn\u00e9es tout-terrain ?<\/span><\/p>\n<p><span style=\"font-weight: 400;\">Alors cet E-Bike Focus est fait pour toi ! Le Focus Aventura 6.7 est un E-Bike de trekking extr\u00eamement polyvalent avec le look d&rsquo;un v\u00e9lo de montagne.<\/span><\/p>\n<p><span style=\"font-weight: 400;\">Il t&rsquo;aide \u00e0 faire de courtes promenades quotidiennes ainsi que de longues excursions ou randonn\u00e9es le week-end. L&rsquo;avantage des E-Bikes de trekking est qu&rsquo;ils sont confortables aussi bien sur la route que sur les sentiers.<\/span><\/p>\n<p><span style=\"font-weight: 400;\">Pour les excursions et les aventures, tu peux stocker une deuxi\u00e8me batterie dans le cadre du v\u00e9lo. Avec les deux batteries combin\u00e9es, tu as une autonomie de jusqu&rsquo;\u00e0 300 km.<\/span><\/p>\n<h2><b>\u00c0 propos de Focus<\/b><\/h2>\n<p style=\"text-align: left;\"><span style=\"font-weight: 400;\">La marque de v\u00e9los allemande<\/span><a href=\"https:\/\/www.mybikeplan.ch\/focus-e-bikes\"> <span style=\"font-weight: 400;\">Focus<\/span><\/a><span style=\"font-weight: 400;\"> est une entreprise qui vit pleinement sa passion pour le v\u00e9lo. Sp\u00e9cialis\u00e9s dans les v\u00e9los de montagne et de trekking, la qualit\u00e9 de leurs produits est ind\u00e9niable ! Les v\u00e9los \u00e9lectriques Focus sont con\u00e7us avec beaucoup d&rsquo;innovation et performance afin de te faire vivre une exp\u00e9rience inoubliable. <\/span><\/p>\n","protected":false},"featured_media":31432,"comment_status":"open","ping_status":"closed","template":"","meta":{"_acf_changed":false},"product_brand":[],"product_cat":[10082,10185,10162,10186,10120,10080,10096],"product_tag":[420,356,402],"class_list":{"0":"post-13169","1":"product","2":"type-product","3":"status-publish","4":"has-post-thumbnail","6":"product_cat-25-km","7":"product_cat-diamant","8":"product_cat-e-trekking","9":"product_cat-hommes","10":"product_cat-marque-focus","11":"product_cat-mybikeplan","12":"product_cat-alle-e-bikes","13":"product_tag-focus-fr","14":"product_tag-geschwindigkeit-25-km-stunde-fr","15":"product_tag-rahmenvarianten-diamant-fr","16":"pa_brand-focus","17":"pa_display-bosch-purion-fr","18":"pa_frame-variant-diamant","19":"pa_max-weight-150-kg","20":"pa_motor-bosch-performance-cx-gen4-85-nm-250-w-fr","21":"pa_motor-brand-bosch","22":"pa_seat-tube-length-40cm-s","23":"pa_seat-tube-length-44cm-m","24":"pa_seat-tube-length-48-cm-l-fr","25":"pa_seat-tube-length-52cm-xl","26":"pa_speed-25-km-heure","27":"pa_suspension-travel-100-mm-fr","29":"first","30":"instock","31":"sold-individually","32":"shipping-taxable","33":"purchasable","34":"product-type-variable","35":"has-default-attributes"},"acf":[],"yoast_head":"<!-- This site is optimized with the Yoast SEO plugin v24.5 - https:\/\/yoast.com\/wordpress\/plugins\/seo\/ -->\n<title>E-Bike Focus Aventura\u00b2 6.7 | Paiement mensuel \u00e0 0% d&#039;int\u00e9r\u00eat<\/title>\n<meta name=\"description\" content=\"Commande maintenant l&#039;E-Bike Focus Aventura\u00b2 6.7 et paye avec des versements mensuels \u00e0 0% d&#039;int\u00e9r\u00eat. Ton Trekking E-Bike livr\u00e9 directement chez toi.\" \/>\n<meta name=\"robots\" content=\"noindex, follow, max-snippet:-1, max-image-preview:large, max-video-preview:-1\" \/>\n<meta property=\"og:locale\" content=\"fr_FR\" \/>\n<meta property=\"og:type\" content=\"article\" \/>\n<meta property=\"og:title\" content=\"E-Bike Focus Aventura\u00b2 6.7 | Paiement mensuel \u00e0 0% d&#039;int\u00e9r\u00eat\" \/>\n<meta property=\"og:description\" content=\"Commande maintenant l&#039;E-Bike Focus Aventura\u00b2 6.7 et paye avec des versements mensuels \u00e0 0% d&#039;int\u00e9r\u00eat. Ton Trekking E-Bike livr\u00e9 directement chez toi.\" \/>\n<meta property=\"og:url\" content=\"https:\/\/listings.mybikeplan.ch\/fr\/produit\/focus-aventura2-6-7-grau\/\" \/>\n<meta property=\"og:site_name\" content=\"MyBikePlan\" \/>\n<meta property=\"article:modified_time\" content=\"2023-07-19T13:00:43+00:00\" \/>\n<meta property=\"og:image\" content=\"https:\/\/listings.mybikeplan.ch\/wp-content\/uploads\/2021\/10\/Focus-Aventura\u00b2-6.7-Grau.jpg\" \/>\n\t<meta property=\"og:image:width\" content=\"1000\" \/>\n\t<meta property=\"og:image:height\" content=\"1000\" \/>\n\t<meta property=\"og:image:type\" content=\"image\/jpeg\" \/>\n<meta name=\"twitter:card\" content=\"summary_large_image\" \/>\n<meta name=\"twitter:label1\" content=\"Dur\u00e9e de lecture estim\u00e9e\" \/>\n\t<meta name=\"twitter:data1\" content=\"1 minute\" \/>\n<script type=\"application\/ld+json\" class=\"yoast-schema-graph\">{\"@context\":\"https:\/\/schema.org\",\"@graph\":[{\"@type\":\"WebPage\",\"@id\":\"https:\/\/listings.mybikeplan.ch\/fr\/produit\/focus-aventura2-6-7-grau\/\",\"url\":\"https:\/\/listings.mybikeplan.ch\/fr\/produit\/focus-aventura2-6-7-grau\/\",\"name\":\"E-Bike Focus Aventura\u00b2 6.7 | Paiement mensuel \u00e0 0% d'int\u00e9r\u00eat\",\"isPartOf\":{\"@id\":\"https:\/\/listings.mybikeplan.ch\/fr\/#website\"},\"primaryImageOfPage\":{\"@id\":\"https:\/\/listings.mybikeplan.ch\/fr\/produit\/focus-aventura2-6-7-grau\/#primaryimage\"},\"image\":{\"@id\":\"https:\/\/listings.mybikeplan.ch\/fr\/produit\/focus-aventura2-6-7-grau\/#primaryimage\"},\"thumbnailUrl\":\"https:\/\/listings.mybikeplan.ch\/wp-content\/uploads\/2021\/10\/Focus-Aventura\u00b2-6.7-Grau.jpg\",\"datePublished\":\"2021-10-25T13:22:29+00:00\",\"dateModified\":\"2023-07-19T13:00:43+00:00\",\"description\":\"Commande maintenant l'E-Bike Focus Aventura\u00b2 6.7 et paye avec des versements mensuels \u00e0 0% d'int\u00e9r\u00eat. Ton Trekking E-Bike livr\u00e9 directement chez toi.\",\"breadcrumb\":{\"@id\":\"https:\/\/listings.mybikeplan.ch\/fr\/produit\/focus-aventura2-6-7-grau\/#breadcrumb\"},\"inLanguage\":\"fr-FR\",\"potentialAction\":[{\"@type\":\"ReadAction\",\"target\":[\"https:\/\/listings.mybikeplan.ch\/fr\/produit\/focus-aventura2-6-7-grau\/\"]}]},{\"@type\":\"ImageObject\",\"inLanguage\":\"fr-FR\",\"@id\":\"https:\/\/listings.mybikeplan.ch\/fr\/produit\/focus-aventura2-6-7-grau\/#primaryimage\",\"url\":\"https:\/\/listings.mybikeplan.ch\/wp-content\/uploads\/2021\/10\/Focus-Aventura\u00b2-6.7-Grau.jpg\",\"contentUrl\":\"https:\/\/listings.mybikeplan.ch\/wp-content\/uploads\/2021\/10\/Focus-Aventura\u00b2-6.7-Grau.jpg\",\"width\":1000,\"height\":1000,\"caption\":\"Focus Aventura\u00b2 6.7 Grau\"},{\"@type\":\"BreadcrumbList\",\"@id\":\"https:\/\/listings.mybikeplan.ch\/fr\/produit\/focus-aventura2-6-7-grau\/#breadcrumb\",\"itemListElement\":[{\"@type\":\"ListItem\",\"position\":1,\"name\":\"Home\",\"item\":\"https:\/\/listings.mybikeplan.ch\/fr\/home\/\"},{\"@type\":\"ListItem\",\"position\":2,\"name\":\"Focus Aventura\u00b2 6.7 Gris\"}]},{\"@type\":\"WebSite\",\"@id\":\"https:\/\/listings.mybikeplan.ch\/fr\/#website\",\"url\":\"https:\/\/listings.mybikeplan.ch\/fr\/\",\"name\":\"MyBikePlan\",\"description\":\"\",\"potentialAction\":[{\"@type\":\"SearchAction\",\"target\":{\"@type\":\"EntryPoint\",\"urlTemplate\":\"https:\/\/listings.mybikeplan.ch\/fr\/?s={search_term_string}\"},\"query-input\":{\"@type\":\"PropertyValueSpecification\",\"valueRequired\":true,\"valueName\":\"search_term_string\"}}],\"inLanguage\":\"fr-FR\"}]}<\/script>\n<!-- \/ Yoast SEO plugin. -->","yoast_head_json":{"title":"E-Bike Focus Aventura\u00b2 6.7 | Paiement mensuel \u00e0 0% d'int\u00e9r\u00eat","description":"Commande maintenant l'E-Bike Focus Aventura\u00b2 6.7 et paye avec des versements mensuels \u00e0 0% d'int\u00e9r\u00eat. Ton Trekking E-Bike livr\u00e9 directement chez toi.","robots":{"index":"noindex","follow":"follow","max-snippet":"max-snippet:-1","max-image-preview":"max-image-preview:large","max-video-preview":"max-video-preview:-1"},"og_locale":"fr_FR","og_type":"article","og_title":"E-Bike Focus Aventura\u00b2 6.7 | Paiement mensuel \u00e0 0% d'int\u00e9r\u00eat","og_description":"Commande maintenant l'E-Bike Focus Aventura\u00b2 6.7 et paye avec des versements mensuels \u00e0 0% d'int\u00e9r\u00eat. Ton Trekking E-Bike livr\u00e9 directement chez toi.","og_url":"https:\/\/listings.mybikeplan.ch\/fr\/produit\/focus-aventura2-6-7-grau\/","og_site_name":"MyBikePlan","article_modified_time":"2023-07-19T13:00:43+00:00","og_image":[{"width":1000,"height":1000,"url":"https:\/\/listings.mybikeplan.ch\/wp-content\/uploads\/2021\/10\/Focus-Aventura\u00b2-6.7-Grau.jpg","type":"image\/jpeg"}],"twitter_card":"summary_large_image","twitter_misc":{"Dur\u00e9e de lecture estim\u00e9e":"1 minute"},"schema":{"@context":"https:\/\/schema.org","@graph":[{"@type":"WebPage","@id":"https:\/\/listings.mybikeplan.ch\/fr\/produit\/focus-aventura2-6-7-grau\/","url":"https:\/\/listings.mybikeplan.ch\/fr\/produit\/focus-aventura2-6-7-grau\/","name":"E-Bike Focus Aventura\u00b2 6.7 | Paiement mensuel \u00e0 0% d'int\u00e9r\u00eat","isPartOf":{"@id":"https:\/\/listings.mybikeplan.ch\/fr\/#website"},"primaryImageOfPage":{"@id":"https:\/\/listings.mybikeplan.ch\/fr\/produit\/focus-aventura2-6-7-grau\/#primaryimage"},"image":{"@id":"https:\/\/listings.mybikeplan.ch\/fr\/produit\/focus-aventura2-6-7-grau\/#primaryimage"},"thumbnailUrl":"https:\/\/listings.mybikeplan.ch\/wp-content\/uploads\/2021\/10\/Focus-Aventura\u00b2-6.7-Grau.jpg","datePublished":"2021-10-25T13:22:29+00:00","dateModified":"2023-07-19T13:00:43+00:00","description":"Commande maintenant l'E-Bike Focus Aventura\u00b2 6.7 et paye avec des versements mensuels \u00e0 0% d'int\u00e9r\u00eat. Ton Trekking E-Bike livr\u00e9 directement chez toi.","breadcrumb":{"@id":"https:\/\/listings.mybikeplan.ch\/fr\/produit\/focus-aventura2-6-7-grau\/#breadcrumb"},"inLanguage":"fr-FR","potentialAction":[{"@type":"ReadAction","target":["https:\/\/listings.mybikeplan.ch\/fr\/produit\/focus-aventura2-6-7-grau\/"]}]},{"@type":"ImageObject","inLanguage":"fr-FR","@id":"https:\/\/listings.mybikeplan.ch\/fr\/produit\/focus-aventura2-6-7-grau\/#primaryimage","url":"https:\/\/listings.mybikeplan.ch\/wp-content\/uploads\/2021\/10\/Focus-Aventura\u00b2-6.7-Grau.jpg","contentUrl":"https:\/\/listings.mybikeplan.ch\/wp-content\/uploads\/2021\/10\/Focus-Aventura\u00b2-6.7-Grau.jpg","width":1000,"height":1000,"caption":"Focus Aventura\u00b2 6.7 Grau"},{"@type":"BreadcrumbList","@id":"https:\/\/listings.mybikeplan.ch\/fr\/produit\/focus-aventura2-6-7-grau\/#breadcrumb","itemListElement":[{"@type":"ListItem","position":1,"name":"Home","item":"https:\/\/listings.mybikeplan.ch\/fr\/home\/"},{"@type":"ListItem","position":2,"name":"Focus Aventura\u00b2 6.7 Gris"}]},{"@type":"WebSite","@id":"https:\/\/listings.mybikeplan.ch\/fr\/#website","url":"https:\/\/listings.mybikeplan.ch\/fr\/","name":"MyBikePlan","description":"","potentialAction":[{"@type":"SearchAction","target":{"@type":"EntryPoint","urlTemplate":"https:\/\/listings.mybikeplan.ch\/fr\/?s={search_term_string}"},"query-input":{"@type":"PropertyValueSpecification","valueRequired":true,"valueName":"search_term_string"}}],"inLanguage":"fr-FR"}]}},"_links":{"self":[{"href":"https:\/\/listings.mybikeplan.ch\/fr\/wp-json\/wp\/v2\/product\/13169","targetHints":{"allow":["GET"]}}],"collection":[{"href":"https:\/\/listings.mybikeplan.ch\/fr\/wp-json\/wp\/v2\/product"}],"about":[{"href":"https:\/\/listings.mybikeplan.ch\/fr\/wp-json\/wp\/v2\/types\/product"}],"replies":[{"embeddable":true,"href":"https:\/\/listings.mybikeplan.ch\/fr\/wp-json\/wp\/v2\/comments?post=13169"}],"wp:featuredmedia":[{"embeddable":true,"href":"https:\/\/listings.mybikeplan.ch\/fr\/wp-json\/wp\/v2\/media\/31432"}],"wp:attachment":[{"href":"https:\/\/listings.mybikeplan.ch\/fr\/wp-json\/wp\/v2\/media?parent=13169"}],"wp:term":[{"taxonomy":"product_brand","embeddable":true,"href":"https:\/\/listings.mybikeplan.ch\/fr\/wp-json\/wp\/v2\/product_brand?post=13169"},{"taxonomy":"product_cat","embeddable":true,"href":"https:\/\/listings.mybikeplan.ch\/fr\/wp-json\/wp\/v2\/product_cat?post=13169"},{"taxonomy":"product_tag","embeddable":true,"href":"https:\/\/listings.mybikeplan.ch\/fr\/wp-json\/wp\/v2\/product_tag?post=13169"}],"curies":[{"name":"wp","href":"https:\/\/api.w.org\/{rel}","templated":true}]}}