{"id":71519,"date":"2025-04-04T13:13:15","date_gmt":"2025-04-04T13:13:15","guid":{"rendered":"https:\/\/listings.mybikeplan.ch\/?post_type=product&#038;p=71519"},"modified":"2025-04-07T09:17:41","modified_gmt":"2025-04-07T09:17:41","slug":"cresta-eplaza-sid-blue","status":"publish","type":"product","link":"https:\/\/listings.mybikeplan.ch\/de\/produkt\/cresta-eplaza-sid-blue\/","title":{"rendered":"Cresta ePlaza SID"},"content":{"rendered":"<h2><b>Das Wichtigste zum Cresta ePlaza SID:\u00a0<\/b><\/h2>\n<ul>\n<li>Das Cresta ePlaza SID ist ein City-E-Bike mit Trapezrahmen und elektrischer Unterst\u00fctzung.<\/li>\n<li>Es ist f\u00fcr den urbanen Pendelverkehr konzipiert und bietet hohen Fahrkomfort.<\/li>\n<li>Mit seinem praktischen Design ist es ideal f\u00fcr kurze bis mittellange Strecken in der Stadt.<\/li>\n<\/ul>\n<h2><b>Das Cresta ePlaza SID<\/b><b>\u00a0<\/b><b><\/b><b>ist perfekt f\u00fcr dich, wenn du:<\/b><\/h2>\n<ul>\n<li>ein praktisches E-Bike f\u00fcr den Stadtverkehr suchst.<\/li>\n<li>eine einfache Handhabung und komfortable Fahrten mit elektrischem Support bevorzugst.<\/li>\n<li>ein City-Bike f\u00fcr kurze bis mittellange Strecken ben\u00f6tigst.<\/li>\n<\/ul>\n<h2><b>Gr\u00f6ssenempfehlung:\u00a0<\/b><\/h2>\n<ul>\n<li>S\/43 = 155 &#8211; 166 cm<\/li>\n<li>M\/47 = 167 &#8211; 178 cm<\/li>\n<li>L\/51 = 179 &#8211; 190 cm<\/li>\n<\/ul>\n","protected":false},"excerpt":{"rendered":"<h2 class=\"p1\"><span class=\"s1\"><b>Cresta ePlaza SID<\/b><\/span><\/h2>\n<p class=\"p2\"><span class=\"s1\">Das Cresta ePlaza SID ist ein praktisches und komfortables E-Bike, das speziell f\u00fcr den urbanen Pendelverkehr entwickelt wurde. Mit seinem Trapezrahmen und der elektrischen Unterst\u00fctzung eignet es sich ideal f\u00fcr kurze bis mittellange Strecken in der Stadt. Das Bike kombiniert Wendigkeit und einfache Handhabung, bietet Komfort und ist perfekt f\u00fcr den t\u00e4glichen Gebrauch im Stadtverkehr.<\/span><\/p>\n<h2 class=\"p1\"><span class=\"s1\"><b>\u00dcber die Marke Cresta<\/b><\/span><\/h2>\n<p class=\"p2\"><span class=\"s1\">Effizient, umweltfreundlich und stilvoll: Das sind Cresta E-Bikes. Die Marke hat es sich zum Ziel gesetzt, Dir ein fantastisches Fahrgef\u00fchl zu bieten, w\u00e4hrend du gleichzeitig ganz bequem deinen \u00f6kologischen Fussabdruck verringerst. Seit 1898 ist die Schweizer Traditionsmarke f\u00fcr Velofahrer*innen und ihre W\u00fcnsche da und \u00fcberzeugt rundum mit Qualit\u00e4t und Hochwertigkeit.<\/span><\/p>\n","protected":false},"featured_media":71530,"comment_status":"open","ping_status":"closed","template":"","meta":{"_acf_changed":false},"product_brand":[],"product_cat":[583,15,3248,578,582,2089,23,579,3543,4481,7789,499,580],"product_tag":[],"class_list":{"0":"post-71519","1":"product","2":"type-product","3":"status-publish","4":"has-post-thumbnail","6":"product_cat-25-km","7":"product_cat-alle-e-bikes","8":"product_cat-blau","9":"product_cat-damen","10":"product_cat-diamant","11":"product_cat-e-bikes","12":"product_cat-e-trekking","13":"product_cat-herren","14":"product_cat-marke-cresta","15":"product_cat-mybikeplan","16":"product_cat-swiss-made","17":"product_cat-top-modelle","18":"product_cat-wave","19":"pa_battery-bosch-powerpack-545-wh","20":"pa_battery-size-545-wh","21":"pa_brand-cresta","22":"pa_filters-color-blau","23":"pa_frame-variant-trapez","24":"pa_hex-color-00000-produkt-cresta-eplaza-sid-black","25":"pa_hex-color-808080-produkt-cresta-eplaza-sid-grey","26":"pa_hex-color-afeeee","27":"pa_hex-color-ff0000-produkt-cresta-eplaza-sid-red","28":"pa_motor-bosch-performance-line-cx","29":"pa_motor-brand-bosch","30":"pa_rider-height-155-160-cm","31":"pa_rider-height-160-165-cm","32":"pa_rider-height-165-170-cm","33":"pa_rider-height-170-175-cm","34":"pa_rider-height-175-180-cm","35":"pa_rider-height-185-190-cm","36":"pa_sizes-l","37":"pa_sizes-m","38":"pa_sizes-s","39":"pa_speed-25-km-stunde","40":"pa_weight-18-5-kg","41":"pa_wheel-size-27-5-zoll","43":"first","44":"outofstock","45":"shipping-taxable","46":"purchasable","47":"product-type-variable"},"acf":{"short_description":"Das Cresta ePlaza SID ist ein praktisches City-E-Bike mit Trapezrahmen und elektrischer Unterst\u00fctzung. Es bietet Komfort und Wendigkeit f\u00fcr den urbanen Pendelverkehr und ist ideal f\u00fcr kurze bis mittellange Strecken. Das Design sorgt f\u00fcr einfache Handhabung und angenehmen Fahrspass.","bike_name":"Cresta ePlaza SID","highlight_text":"","frame":"","battery_size":"","motor_strength":""},"yoast_head":"<!-- This site is optimized with the Yoast SEO plugin v24.5 - https:\/\/yoast.com\/wordpress\/plugins\/seo\/ -->\n<title>Cresta ePlaza SID | E-Bike Schweiz | 0% Ratenzahlung<\/title>\n<meta name=\"description\" content=\"Hol Dir das Cresta ePlaza SID und zahle ganz bequem in monatlichen Raten mit 0 % Zins ab! Jetzt profitieren und sofort losfahren.\" \/>\n<meta name=\"robots\" content=\"noindex, follow, max-snippet:-1, max-image-preview:large, max-video-preview:-1\" \/>\n<meta property=\"og:locale\" content=\"de_DE\" \/>\n<meta property=\"og:type\" content=\"article\" \/>\n<meta property=\"og:title\" content=\"Cresta ePlaza SID | E-Bike Schweiz | 0% Ratenzahlung\" \/>\n<meta property=\"og:description\" content=\"Hol Dir das Cresta ePlaza SID und zahle ganz bequem in monatlichen Raten mit 0 % Zins ab! Jetzt profitieren und sofort losfahren.\" \/>\n<meta property=\"og:url\" content=\"https:\/\/listings.mybikeplan.ch\/de\/produkt\/cresta-eplaza-sid-blue\/\" \/>\n<meta property=\"og:site_name\" content=\"MyBikePlan\" \/>\n<meta property=\"article:modified_time\" content=\"2025-04-07T09:17:41+00:00\" \/>\n<meta property=\"og:image\" content=\"https:\/\/listings.mybikeplan.ch\/wp-content\/uploads\/2025\/04\/plaza-blau.jpg\" \/>\n\t<meta property=\"og:image:width\" content=\"1080\" \/>\n\t<meta property=\"og:image:height\" content=\"1080\" \/>\n\t<meta property=\"og:image:type\" content=\"image\/jpeg\" \/>\n<meta name=\"twitter:card\" content=\"summary_large_image\" \/>\n<meta name=\"twitter:label1\" content=\"Gesch\u00e4tzte Lesezeit\" \/>\n\t<meta name=\"twitter:data1\" content=\"1\u00a0Minute\" \/>\n<script type=\"application\/ld+json\" class=\"yoast-schema-graph\">{\"@context\":\"https:\/\/schema.org\",\"@graph\":[{\"@type\":\"WebPage\",\"@id\":\"https:\/\/listings.mybikeplan.ch\/de\/produkt\/cresta-eplaza-sid-blue\/\",\"url\":\"https:\/\/listings.mybikeplan.ch\/de\/produkt\/cresta-eplaza-sid-blue\/\",\"name\":\"Cresta ePlaza SID | E-Bike Schweiz | 0% Ratenzahlung\",\"isPartOf\":{\"@id\":\"https:\/\/listings.mybikeplan.ch\/de\/#website\"},\"primaryImageOfPage\":{\"@id\":\"https:\/\/listings.mybikeplan.ch\/de\/produkt\/cresta-eplaza-sid-blue\/#primaryimage\"},\"image\":{\"@id\":\"https:\/\/listings.mybikeplan.ch\/de\/produkt\/cresta-eplaza-sid-blue\/#primaryimage\"},\"thumbnailUrl\":\"https:\/\/listings.mybikeplan.ch\/wp-content\/uploads\/2025\/04\/plaza-blau.jpg\",\"datePublished\":\"2025-04-04T13:13:15+00:00\",\"dateModified\":\"2025-04-07T09:17:41+00:00\",\"description\":\"Hol Dir das Cresta ePlaza SID und zahle ganz bequem in monatlichen Raten mit 0 % Zins ab! Jetzt profitieren und sofort losfahren.\",\"breadcrumb\":{\"@id\":\"https:\/\/listings.mybikeplan.ch\/de\/produkt\/cresta-eplaza-sid-blue\/#breadcrumb\"},\"inLanguage\":\"de\",\"potentialAction\":[{\"@type\":\"ReadAction\",\"target\":[\"https:\/\/listings.mybikeplan.ch\/de\/produkt\/cresta-eplaza-sid-blue\/\"]}]},{\"@type\":\"ImageObject\",\"inLanguage\":\"de\",\"@id\":\"https:\/\/listings.mybikeplan.ch\/de\/produkt\/cresta-eplaza-sid-blue\/#primaryimage\",\"url\":\"https:\/\/listings.mybikeplan.ch\/wp-content\/uploads\/2025\/04\/plaza-blau.jpg\",\"contentUrl\":\"https:\/\/listings.mybikeplan.ch\/wp-content\/uploads\/2025\/04\/plaza-blau.jpg\",\"width\":1080,\"height\":1080},{\"@type\":\"BreadcrumbList\",\"@id\":\"https:\/\/listings.mybikeplan.ch\/de\/produkt\/cresta-eplaza-sid-blue\/#breadcrumb\",\"itemListElement\":[{\"@type\":\"ListItem\",\"position\":1,\"name\":\"Home\",\"item\":\"https:\/\/listings.mybikeplan.ch\/de\/\"},{\"@type\":\"ListItem\",\"position\":2,\"name\":\"Cresta ePlaza SID\"}]},{\"@type\":\"WebSite\",\"@id\":\"https:\/\/listings.mybikeplan.ch\/de\/#website\",\"url\":\"https:\/\/listings.mybikeplan.ch\/de\/\",\"name\":\"MyBikePlan\",\"description\":\"\",\"potentialAction\":[{\"@type\":\"SearchAction\",\"target\":{\"@type\":\"EntryPoint\",\"urlTemplate\":\"https:\/\/listings.mybikeplan.ch\/de\/?s={search_term_string}\"},\"query-input\":{\"@type\":\"PropertyValueSpecification\",\"valueRequired\":true,\"valueName\":\"search_term_string\"}}],\"inLanguage\":\"de\"}]}<\/script>\n<!-- \/ Yoast SEO plugin. -->","yoast_head_json":{"title":"Cresta ePlaza SID | E-Bike Schweiz | 0% Ratenzahlung","description":"Hol Dir das Cresta ePlaza SID und zahle ganz bequem in monatlichen Raten mit 0 % Zins ab! Jetzt profitieren und sofort losfahren.","robots":{"index":"noindex","follow":"follow","max-snippet":"max-snippet:-1","max-image-preview":"max-image-preview:large","max-video-preview":"max-video-preview:-1"},"og_locale":"de_DE","og_type":"article","og_title":"Cresta ePlaza SID | E-Bike Schweiz | 0% Ratenzahlung","og_description":"Hol Dir das Cresta ePlaza SID und zahle ganz bequem in monatlichen Raten mit 0 % Zins ab! Jetzt profitieren und sofort losfahren.","og_url":"https:\/\/listings.mybikeplan.ch\/de\/produkt\/cresta-eplaza-sid-blue\/","og_site_name":"MyBikePlan","article_modified_time":"2025-04-07T09:17:41+00:00","og_image":[{"width":1080,"height":1080,"url":"https:\/\/listings.mybikeplan.ch\/wp-content\/uploads\/2025\/04\/plaza-blau.jpg","type":"image\/jpeg"}],"twitter_card":"summary_large_image","twitter_misc":{"Gesch\u00e4tzte Lesezeit":"1\u00a0Minute"},"schema":{"@context":"https:\/\/schema.org","@graph":[{"@type":"WebPage","@id":"https:\/\/listings.mybikeplan.ch\/de\/produkt\/cresta-eplaza-sid-blue\/","url":"https:\/\/listings.mybikeplan.ch\/de\/produkt\/cresta-eplaza-sid-blue\/","name":"Cresta ePlaza SID | E-Bike Schweiz | 0% Ratenzahlung","isPartOf":{"@id":"https:\/\/listings.mybikeplan.ch\/de\/#website"},"primaryImageOfPage":{"@id":"https:\/\/listings.mybikeplan.ch\/de\/produkt\/cresta-eplaza-sid-blue\/#primaryimage"},"image":{"@id":"https:\/\/listings.mybikeplan.ch\/de\/produkt\/cresta-eplaza-sid-blue\/#primaryimage"},"thumbnailUrl":"https:\/\/listings.mybikeplan.ch\/wp-content\/uploads\/2025\/04\/plaza-blau.jpg","datePublished":"2025-04-04T13:13:15+00:00","dateModified":"2025-04-07T09:17:41+00:00","description":"Hol Dir das Cresta ePlaza SID und zahle ganz bequem in monatlichen Raten mit 0 % Zins ab! Jetzt profitieren und sofort losfahren.","breadcrumb":{"@id":"https:\/\/listings.mybikeplan.ch\/de\/produkt\/cresta-eplaza-sid-blue\/#breadcrumb"},"inLanguage":"de","potentialAction":[{"@type":"ReadAction","target":["https:\/\/listings.mybikeplan.ch\/de\/produkt\/cresta-eplaza-sid-blue\/"]}]},{"@type":"ImageObject","inLanguage":"de","@id":"https:\/\/listings.mybikeplan.ch\/de\/produkt\/cresta-eplaza-sid-blue\/#primaryimage","url":"https:\/\/listings.mybikeplan.ch\/wp-content\/uploads\/2025\/04\/plaza-blau.jpg","contentUrl":"https:\/\/listings.mybikeplan.ch\/wp-content\/uploads\/2025\/04\/plaza-blau.jpg","width":1080,"height":1080},{"@type":"BreadcrumbList","@id":"https:\/\/listings.mybikeplan.ch\/de\/produkt\/cresta-eplaza-sid-blue\/#breadcrumb","itemListElement":[{"@type":"ListItem","position":1,"name":"Home","item":"https:\/\/listings.mybikeplan.ch\/de\/"},{"@type":"ListItem","position":2,"name":"Cresta ePlaza SID"}]},{"@type":"WebSite","@id":"https:\/\/listings.mybikeplan.ch\/de\/#website","url":"https:\/\/listings.mybikeplan.ch\/de\/","name":"MyBikePlan","description":"","potentialAction":[{"@type":"SearchAction","target":{"@type":"EntryPoint","urlTemplate":"https:\/\/listings.mybikeplan.ch\/de\/?s={search_term_string}"},"query-input":{"@type":"PropertyValueSpecification","valueRequired":true,"valueName":"search_term_string"}}],"inLanguage":"de"}]}},"_links":{"self":[{"href":"https:\/\/listings.mybikeplan.ch\/de\/wp-json\/wp\/v2\/product\/71519","targetHints":{"allow":["GET"]}}],"collection":[{"href":"https:\/\/listings.mybikeplan.ch\/de\/wp-json\/wp\/v2\/product"}],"about":[{"href":"https:\/\/listings.mybikeplan.ch\/de\/wp-json\/wp\/v2\/types\/product"}],"replies":[{"embeddable":true,"href":"https:\/\/listings.mybikeplan.ch\/de\/wp-json\/wp\/v2\/comments?post=71519"}],"wp:featuredmedia":[{"embeddable":true,"href":"https:\/\/listings.mybikeplan.ch\/de\/wp-json\/wp\/v2\/media\/71530"}],"wp:attachment":[{"href":"https:\/\/listings.mybikeplan.ch\/de\/wp-json\/wp\/v2\/media?parent=71519"}],"wp:term":[{"taxonomy":"product_brand","embeddable":true,"href":"https:\/\/listings.mybikeplan.ch\/de\/wp-json\/wp\/v2\/product_brand?post=71519"},{"taxonomy":"product_cat","embeddable":true,"href":"https:\/\/listings.mybikeplan.ch\/de\/wp-json\/wp\/v2\/product_cat?post=71519"},{"taxonomy":"product_tag","embeddable":true,"href":"https:\/\/listings.mybikeplan.ch\/de\/wp-json\/wp\/v2\/product_tag?post=71519"}],"curies":[{"name":"wp","href":"https:\/\/api.w.org\/{rel}","templated":true}]}}