{"id":71494,"date":"2025-04-04T12:32:25","date_gmt":"2025-04-04T12:32:25","guid":{"rendered":"https:\/\/listings.mybikeplan.ch\/?post_type=product&#038;p=71494"},"modified":"2025-04-09T16:40:52","modified_gmt":"2025-04-09T16:40:52","slug":"cresta-eviva-neo-gt-red","status":"publish","type":"product","link":"https:\/\/listings.mybikeplan.ch\/de\/produkt\/cresta-eviva-neo-gt-red\/","title":{"rendered":"Cresta eViva Neo GT"},"content":{"rendered":"<h2><b>Das Wichtigste zum Cresta eViva Neo GT:\u00a0<\/b><\/h2>\n<ul>\n<li>Das Cresta eViva Neo GT ist ein E-Bike mit einem stabilen Tiefeinsteigerrahmen.<\/li>\n<li>Es hat einen leistungsstarken Bosch Performance Line CX Motor und einen 750 Wh Akku.<\/li>\n<li>Die Ausstattung umfasst eine Rock Shox Federgabel und Shimano Scheibenbremsen.<\/li>\n<\/ul>\n<h2><b>Das Cresta eViva Neo GT<\/b><b>\u00a0<\/b><b><\/b><b>ist perfekt f\u00fcr dich, wenn du:<\/b><\/h2>\n<ul>\n<li>lange, entspannte Touren mit viel Komfort fahren m\u00f6chtest.<\/li>\n<li>Unterst\u00fctzung bei steilen Anstiegen und schnellen Fahrten suchst.<\/li>\n<li>ein robustes E-Bike f\u00fcr anspruchsvollere Strecken ben\u00f6tigst.<\/li>\n<\/ul>\n<h2><b>Gr\u00f6ssenempfehlung:\u00a0<\/b><\/h2>\n<ul>\n<li>S\/M = 160 &#8211; 175 cm<\/li>\n<li>M\/L = 174 &#8211; 185 cm<\/li>\n<\/ul>\n","protected":false},"excerpt":{"rendered":"<h2 class=\"p1\"><span class=\"s1\"><b>Cresta eViva Neo GT<\/b><\/span><\/h2>\n<p class=\"p2\"><span class=\"s1\">Das Cresta eViva Neo GT ist ein leistungsstarkes E-Bike, das sich durch seinen stabilen Tiefeinsteigerrahmen und die komfortable Geometrie auszeichnet. Es ist mit einem Bosch Performance Line CX Motor (85 Nm Drehmoment) und einem 750 Wh Akku ausgestattet, was f\u00fcr lange Fahrten und anspruchsvolle Strecken sorgt. Das Bike kommt mit 28-Zoll-R\u00e4dern, einer Rock Shox Federgabel und Shimano hydraulischen Scheibenbremsen f\u00fcr eine ruhige und sichere Fahrt. Mit einem Gesamtgewicht von ca. 24 kg ist es f\u00fcr die meisten Nutzer gut handhabbar. Es ist ideal f\u00fcr Fahrer, die ein robustes und zuverl\u00e4ssiges E-Bike f\u00fcr Touren, Freizeitfahrten und den t\u00e4glichen Gebrauch suchen.<\/span><\/p>\n<h2 class=\"p1\"><span class=\"s1\"><b>\u00dcber die Marke Cresta<\/b><\/span><\/h2>\n<p class=\"p2\"><span class=\"s1\">Effizient, umweltfreundlich und stilvoll: Das sind Cresta E-Bikes. Die Marke hat es sich zum Ziel gesetzt, dir ein fantastisches Fahrgef\u00fchl zu bieten, w\u00e4hrend du gleichzeitig ganz bequem deinen \u00f6kologischen Fussabdruck verringerst. Seit 1898 ist die Schweizer Traditionsmarke f\u00fcr Velofahrer*innen und ihre W\u00fcnsche da und \u00fcberzeugt rundum mit Qualit\u00e4t und Hochwertigkeit.<\/span><\/p>\n","protected":false},"featured_media":71502,"comment_status":"open","ping_status":"closed","template":"","meta":{"_acf_changed":false},"product_brand":[],"product_cat":[583,15,578,582,2089,23,579,3543,4481,3252,7789,499,580],"product_tag":[],"class_list":{"0":"post-71494","1":"product","2":"type-product","3":"status-publish","4":"has-post-thumbnail","6":"product_cat-25-km","7":"product_cat-alle-e-bikes","8":"product_cat-damen","9":"product_cat-diamant","10":"product_cat-e-bikes","11":"product_cat-e-trekking","12":"product_cat-herren","13":"product_cat-marke-cresta","14":"product_cat-mybikeplan","15":"product_cat-rot","16":"product_cat-swiss-made","17":"product_cat-top-modelle","18":"product_cat-wave","19":"pa_battery-bosch-powertube-750-wh-2","20":"pa_battery-size-750-wh","21":"pa_brand-cresta","22":"pa_filters-color-rot","23":"pa_frame-variant-trapez","24":"pa_hex-color-00008b-produkt-cresta-eviva-neo-gt-blue","25":"pa_hex-color-afeeee-produkt-cresta-eviva-neo-gt-paleblue","26":"pa_hex-color-ff0000","27":"pa_motor-bosch-performance-line-cx","28":"pa_motor-brand-bosch","29":"pa_rider-height-160-165-cm","30":"pa_rider-height-165-170-cm","31":"pa_rider-height-170-175-cm","32":"pa_rider-height-175-180-cm","33":"pa_rider-height-180-185-cm","34":"pa_sizes-m-l","35":"pa_sizes-s-m","36":"pa_speed-45-km-stunde","37":"pa_weight-24-kg","38":"pa_wheel-size-size-28zoll","40":"first","41":"outofstock","42":"shipping-taxable","43":"purchasable","44":"product-type-variable"},"acf":{"short_description":"Das Cresta eViva Neo GT ist ein leistungsstarkes E-Bike mit einem stabilen Tiefeinsteigerrahmen, Bosch Performance Line CX Motor und 750 Wh Akku. Es bietet Komfort, Unterst\u00fctzung bei steilen Anstiegen und ist ideal f\u00fcr lange Touren sowie anspruchsvollere Strecken.","bike_name":"Cresta eViva Neo GT","highlight_text":"","frame":"","battery_size":"","motor_strength":""},"yoast_head":"<!-- This site is optimized with the Yoast SEO plugin v24.5 - https:\/\/yoast.com\/wordpress\/plugins\/seo\/ -->\n<title>Cresta eViva Neo GT | E-Bike Schweiz | 0% Ratenzahlung<\/title>\n<meta name=\"description\" content=\"Hol Dir das Cresta eViva Neo GT und zahle ganz bequem in monatlichen Raten mit 0 % Zins ab! Jetzt profitieren und sofort losfahren.\" \/>\n<meta name=\"robots\" content=\"noindex, follow, max-snippet:-1, max-image-preview:large, max-video-preview:-1\" \/>\n<meta property=\"og:locale\" content=\"de_DE\" \/>\n<meta property=\"og:type\" content=\"article\" \/>\n<meta property=\"og:title\" content=\"Cresta eViva Neo GT | E-Bike Schweiz | 0% Ratenzahlung\" \/>\n<meta property=\"og:description\" content=\"Hol Dir das Cresta eViva Neo GT und zahle ganz bequem in monatlichen Raten mit 0 % Zins ab! Jetzt profitieren und sofort losfahren.\" \/>\n<meta property=\"og:url\" content=\"https:\/\/listings.mybikeplan.ch\/de\/produkt\/cresta-eviva-neo-gt-red\/\" \/>\n<meta property=\"og:site_name\" content=\"MyBikePlan\" \/>\n<meta property=\"article:modified_time\" content=\"2025-04-09T16:40:52+00:00\" \/>\n<meta property=\"og:image\" content=\"https:\/\/listings.mybikeplan.ch\/wp-content\/uploads\/2025\/04\/Eviva-red.jpg\" \/>\n\t<meta property=\"og:image:width\" content=\"1080\" \/>\n\t<meta property=\"og:image:height\" content=\"1080\" \/>\n\t<meta property=\"og:image:type\" content=\"image\/jpeg\" \/>\n<meta name=\"twitter:card\" content=\"summary_large_image\" \/>\n<meta name=\"twitter:label1\" content=\"Gesch\u00e4tzte Lesezeit\" \/>\n\t<meta name=\"twitter:data1\" content=\"1\u00a0Minute\" \/>\n<script type=\"application\/ld+json\" class=\"yoast-schema-graph\">{\"@context\":\"https:\/\/schema.org\",\"@graph\":[{\"@type\":\"WebPage\",\"@id\":\"https:\/\/listings.mybikeplan.ch\/de\/produkt\/cresta-eviva-neo-gt-red\/\",\"url\":\"https:\/\/listings.mybikeplan.ch\/de\/produkt\/cresta-eviva-neo-gt-red\/\",\"name\":\"Cresta eViva Neo GT | E-Bike Schweiz | 0% Ratenzahlung\",\"isPartOf\":{\"@id\":\"https:\/\/listings.mybikeplan.ch\/de\/#website\"},\"primaryImageOfPage\":{\"@id\":\"https:\/\/listings.mybikeplan.ch\/de\/produkt\/cresta-eviva-neo-gt-red\/#primaryimage\"},\"image\":{\"@id\":\"https:\/\/listings.mybikeplan.ch\/de\/produkt\/cresta-eviva-neo-gt-red\/#primaryimage\"},\"thumbnailUrl\":\"https:\/\/listings.mybikeplan.ch\/wp-content\/uploads\/2025\/04\/Eviva-red.jpg\",\"datePublished\":\"2025-04-04T12:32:25+00:00\",\"dateModified\":\"2025-04-09T16:40:52+00:00\",\"description\":\"Hol Dir das Cresta eViva Neo GT und zahle ganz bequem in monatlichen Raten mit 0 % Zins ab! Jetzt profitieren und sofort losfahren.\",\"breadcrumb\":{\"@id\":\"https:\/\/listings.mybikeplan.ch\/de\/produkt\/cresta-eviva-neo-gt-red\/#breadcrumb\"},\"inLanguage\":\"de\",\"potentialAction\":[{\"@type\":\"ReadAction\",\"target\":[\"https:\/\/listings.mybikeplan.ch\/de\/produkt\/cresta-eviva-neo-gt-red\/\"]}]},{\"@type\":\"ImageObject\",\"inLanguage\":\"de\",\"@id\":\"https:\/\/listings.mybikeplan.ch\/de\/produkt\/cresta-eviva-neo-gt-red\/#primaryimage\",\"url\":\"https:\/\/listings.mybikeplan.ch\/wp-content\/uploads\/2025\/04\/Eviva-red.jpg\",\"contentUrl\":\"https:\/\/listings.mybikeplan.ch\/wp-content\/uploads\/2025\/04\/Eviva-red.jpg\",\"width\":1080,\"height\":1080},{\"@type\":\"BreadcrumbList\",\"@id\":\"https:\/\/listings.mybikeplan.ch\/de\/produkt\/cresta-eviva-neo-gt-red\/#breadcrumb\",\"itemListElement\":[{\"@type\":\"ListItem\",\"position\":1,\"name\":\"Home\",\"item\":\"https:\/\/listings.mybikeplan.ch\/de\/\"},{\"@type\":\"ListItem\",\"position\":2,\"name\":\"Cresta eViva Neo GT\"}]},{\"@type\":\"WebSite\",\"@id\":\"https:\/\/listings.mybikeplan.ch\/de\/#website\",\"url\":\"https:\/\/listings.mybikeplan.ch\/de\/\",\"name\":\"MyBikePlan\",\"description\":\"\",\"potentialAction\":[{\"@type\":\"SearchAction\",\"target\":{\"@type\":\"EntryPoint\",\"urlTemplate\":\"https:\/\/listings.mybikeplan.ch\/de\/?s={search_term_string}\"},\"query-input\":{\"@type\":\"PropertyValueSpecification\",\"valueRequired\":true,\"valueName\":\"search_term_string\"}}],\"inLanguage\":\"de\"}]}<\/script>\n<!-- \/ Yoast SEO plugin. -->","yoast_head_json":{"title":"Cresta eViva Neo GT | E-Bike Schweiz | 0% Ratenzahlung","description":"Hol Dir das Cresta eViva Neo GT und zahle ganz bequem in monatlichen Raten mit 0 % Zins ab! Jetzt profitieren und sofort losfahren.","robots":{"index":"noindex","follow":"follow","max-snippet":"max-snippet:-1","max-image-preview":"max-image-preview:large","max-video-preview":"max-video-preview:-1"},"og_locale":"de_DE","og_type":"article","og_title":"Cresta eViva Neo GT | E-Bike Schweiz | 0% Ratenzahlung","og_description":"Hol Dir das Cresta eViva Neo GT und zahle ganz bequem in monatlichen Raten mit 0 % Zins ab! Jetzt profitieren und sofort losfahren.","og_url":"https:\/\/listings.mybikeplan.ch\/de\/produkt\/cresta-eviva-neo-gt-red\/","og_site_name":"MyBikePlan","article_modified_time":"2025-04-09T16:40:52+00:00","og_image":[{"width":1080,"height":1080,"url":"https:\/\/listings.mybikeplan.ch\/wp-content\/uploads\/2025\/04\/Eviva-red.jpg","type":"image\/jpeg"}],"twitter_card":"summary_large_image","twitter_misc":{"Gesch\u00e4tzte Lesezeit":"1\u00a0Minute"},"schema":{"@context":"https:\/\/schema.org","@graph":[{"@type":"WebPage","@id":"https:\/\/listings.mybikeplan.ch\/de\/produkt\/cresta-eviva-neo-gt-red\/","url":"https:\/\/listings.mybikeplan.ch\/de\/produkt\/cresta-eviva-neo-gt-red\/","name":"Cresta eViva Neo GT | E-Bike Schweiz | 0% Ratenzahlung","isPartOf":{"@id":"https:\/\/listings.mybikeplan.ch\/de\/#website"},"primaryImageOfPage":{"@id":"https:\/\/listings.mybikeplan.ch\/de\/produkt\/cresta-eviva-neo-gt-red\/#primaryimage"},"image":{"@id":"https:\/\/listings.mybikeplan.ch\/de\/produkt\/cresta-eviva-neo-gt-red\/#primaryimage"},"thumbnailUrl":"https:\/\/listings.mybikeplan.ch\/wp-content\/uploads\/2025\/04\/Eviva-red.jpg","datePublished":"2025-04-04T12:32:25+00:00","dateModified":"2025-04-09T16:40:52+00:00","description":"Hol Dir das Cresta eViva Neo GT und zahle ganz bequem in monatlichen Raten mit 0 % Zins ab! Jetzt profitieren und sofort losfahren.","breadcrumb":{"@id":"https:\/\/listings.mybikeplan.ch\/de\/produkt\/cresta-eviva-neo-gt-red\/#breadcrumb"},"inLanguage":"de","potentialAction":[{"@type":"ReadAction","target":["https:\/\/listings.mybikeplan.ch\/de\/produkt\/cresta-eviva-neo-gt-red\/"]}]},{"@type":"ImageObject","inLanguage":"de","@id":"https:\/\/listings.mybikeplan.ch\/de\/produkt\/cresta-eviva-neo-gt-red\/#primaryimage","url":"https:\/\/listings.mybikeplan.ch\/wp-content\/uploads\/2025\/04\/Eviva-red.jpg","contentUrl":"https:\/\/listings.mybikeplan.ch\/wp-content\/uploads\/2025\/04\/Eviva-red.jpg","width":1080,"height":1080},{"@type":"BreadcrumbList","@id":"https:\/\/listings.mybikeplan.ch\/de\/produkt\/cresta-eviva-neo-gt-red\/#breadcrumb","itemListElement":[{"@type":"ListItem","position":1,"name":"Home","item":"https:\/\/listings.mybikeplan.ch\/de\/"},{"@type":"ListItem","position":2,"name":"Cresta eViva Neo GT"}]},{"@type":"WebSite","@id":"https:\/\/listings.mybikeplan.ch\/de\/#website","url":"https:\/\/listings.mybikeplan.ch\/de\/","name":"MyBikePlan","description":"","potentialAction":[{"@type":"SearchAction","target":{"@type":"EntryPoint","urlTemplate":"https:\/\/listings.mybikeplan.ch\/de\/?s={search_term_string}"},"query-input":{"@type":"PropertyValueSpecification","valueRequired":true,"valueName":"search_term_string"}}],"inLanguage":"de"}]}},"_links":{"self":[{"href":"https:\/\/listings.mybikeplan.ch\/de\/wp-json\/wp\/v2\/product\/71494","targetHints":{"allow":["GET"]}}],"collection":[{"href":"https:\/\/listings.mybikeplan.ch\/de\/wp-json\/wp\/v2\/product"}],"about":[{"href":"https:\/\/listings.mybikeplan.ch\/de\/wp-json\/wp\/v2\/types\/product"}],"replies":[{"embeddable":true,"href":"https:\/\/listings.mybikeplan.ch\/de\/wp-json\/wp\/v2\/comments?post=71494"}],"wp:featuredmedia":[{"embeddable":true,"href":"https:\/\/listings.mybikeplan.ch\/de\/wp-json\/wp\/v2\/media\/71502"}],"wp:attachment":[{"href":"https:\/\/listings.mybikeplan.ch\/de\/wp-json\/wp\/v2\/media?parent=71494"}],"wp:term":[{"taxonomy":"product_brand","embeddable":true,"href":"https:\/\/listings.mybikeplan.ch\/de\/wp-json\/wp\/v2\/product_brand?post=71494"},{"taxonomy":"product_cat","embeddable":true,"href":"https:\/\/listings.mybikeplan.ch\/de\/wp-json\/wp\/v2\/product_cat?post=71494"},{"taxonomy":"product_tag","embeddable":true,"href":"https:\/\/listings.mybikeplan.ch\/de\/wp-json\/wp\/v2\/product_tag?post=71494"}],"curies":[{"name":"wp","href":"https:\/\/api.w.org\/{rel}","templated":true}]}}