{"id":71194,"date":"2025-03-13T10:20:48","date_gmt":"2025-03-13T10:20:48","guid":{"rendered":"https:\/\/listings.mybikeplan.ch\/?post_type=product&#038;p=71194"},"modified":"2025-03-21T15:58:45","modified_gmt":"2025-03-21T15:58:45","slug":"bergstrom-atv-9-suvi-carbon-red","status":"publish","type":"product","link":"https:\/\/listings.mybikeplan.ch\/de\/produkt\/bergstrom-atv-9-suvi-carbon-red\/","title":{"rendered":"Bergstrom ATV 9 SUVI Carbon"},"content":{"rendered":"<h2><b>Das Wichtigste zum Bergstrom ATV 9 SUVi Carbon:<\/b><\/h2>\n<ul>\n<li>Das Bergstrom ATV 9 SUVi Carbon ist ein vollgefedertes E-Bike mit leichtem Carbonrahmen.<\/li>\n<li>Mit 750 Wh Akku und Shimano XT Schaltung bietet es hohe Reichweite und starke Performance.<\/li>\n<li aria-level=\"1\">29 Laufr\u00e4der und 4-Kolben-Bremsen sorgen f\u00fcr Stabilit\u00e4t und Sicherheit.<\/li>\n<\/ul>\n<h2><b>Das Bergstrom ATV 9 SUVI Carbon ist perfekt f\u00fcr dich, wenn du:<\/b><\/h2>\n<ul>\n<li aria-level=\"1\">Ein leistungsstarkes E-Bike f\u00fcr die Strasse und Gel\u00e4nde suchst.<\/li>\n<li aria-level=\"1\">Du Wert auf einen leichten Carbonrahmen und hochwertige Komponenten legst.<\/li>\n<li aria-level=\"1\">Hohe Reichweite und zuverl\u00e4ssige Bremsen f\u00fcr deine Touren brauchst.<\/li>\n<\/ul>\n<h2><b>Gr\u00f6ssenempfehlung:<\/b><\/h2>\n<ul>\n<li>S = 155 &#8211; 168 cm<\/li>\n<li>M = 167 &#8211; 179 cm<\/li>\n<li>L = 178 &#8211; 189 cm<\/li>\n<\/ul>\n","protected":false},"excerpt":{"rendered":"<h2>Bergstrom ATV 9 SUVI Carbo<\/h2>\n<p>Das Bergstrom ATV 9 SUVI Carbon ist ein vielseitiges, vollgefedertes E-SUV-Bike mit leichtem Carbonrahmen, kraftvollem 750 Wh Akku und hochwertigen Komponenten. Dank seiner 29&#8243; Laufr\u00e4der, der Shimano XT Schaltung und den leistungsstarken 4-Kolben-Scheibenbremsen bietet es maximale Reichweite, Komfort und Sicherheit \u2013 perfekt f\u00fcr jedes Gel\u00e4nde. Mit seiner robusten Bauweise und topmoderner Technik ist es der ideale Begleiter f\u00fcr anspruchsvolle Abenteuer.<\/p>\n<h2>\u00dcber die Marke Bergstrom<\/h2>\n<p>BERGSTROM E-Bikes sind die Produkte einer jungen, innovativen Marke des Schweizer Veloherstellers Komenda. Hier bekommst Du 100 % Swissness mit E-Bikes, die speziell mit den Herausforderungen der Schweizer Landschaft im Hinterkopf entwickelt wurden. Das Resultat? Hochwertige E-Bikes, die sowohl im Alltag als auch auf dem Trail zuverl\u00e4ssig unterst\u00fctzen!<\/p>\n","protected":false},"featured_media":71205,"comment_status":"open","ping_status":"closed","template":"","meta":{"_acf_changed":false},"product_brand":[],"product_cat":[584,15,12569,582,2089,2309,24,3742,3352,4481,3252,7789,499],"product_tag":[],"class_list":{"0":"post-71194","1":"product","2":"type-product","3":"status-publish","4":"has-post-thumbnail","6":"product_cat-45-km","7":"product_cat-alle-e-bikes","8":"product_cat-best_sellers","9":"product_cat-diamant","10":"product_cat-e-bikes","11":"product_cat-e-mountain-fully","12":"product_cat-e-mountain","13":"product_cat-homepage","14":"product_cat-marke-bergstrom","15":"product_cat-mybikeplan","16":"product_cat-rot","17":"product_cat-swiss-made","18":"product_cat-top-modelle","19":"pa_back-wheel-schwalbe-29","20":"pa_battery-bosch-powertube-750","21":"pa_battery-size-750-wh","22":"pa_brakes-front-hydraulische-scheibenbremse","23":"pa_brakes-rear-hydraulische-scheibenbremse","24":"pa_brand-bergstrom","25":"pa_filters-color-rot","26":"pa_fork-rock-shox-35-gold-rl-federgabel-150mm","27":"pa_frame-variant-trapez","28":"pa_front-wheel-schwalbe-racing-ray-29-x-2-35","29":"pa_gear-change-shimano-xt-linkglide-11-fach","30":"pa_gears-12-gaenge","31":"pa_hex-color-ff0000","32":"pa_motor-bosch-performance-speed-45","33":"pa_rider-height-155-160-cm","34":"pa_rider-height-160-165-cm","35":"pa_rider-height-165-170-cm","36":"pa_rider-height-170-175-cm","37":"pa_rider-height-175-180-cm","38":"pa_rider-height-180-185-cm","39":"pa_rider-height-185-190-cm","40":"pa_seat-tube-length-l","41":"pa_seat-tube-length-m","42":"pa_seat-tube-length-s-2","43":"pa_sizes-l","44":"pa_sizes-m","45":"pa_sizes-s","46":"pa_speed-45-km-stunde","47":"pa_wheel-size-29-2","49":"first","50":"instock","51":"shipping-taxable","52":"purchasable","53":"product-type-variable"},"acf":{"short_description":"Das Bergstrom ATV 9 SUVi Carbon ist ein vielseitiges, vollgefedertes E-Bike mit leichtem Carbonrahmen, starkem 750 Wh Akku und hochwertigen Komponenten \u2013 ideal f\u00fcr Stra\u00dfe und Gel\u00e4nde.","bike_name":"Bergstrom ATV 9 SUV i Carbon","highlight_text":"Carbon-Power, hohe Reichweite, volle Kontrolle \u2013 das ATV 9 SUVi Carbon f\u00fcr jedes Terrain!","frame":"","battery_size":"","motor_strength":""},"yoast_head":"<!-- This site is optimized with the Yoast SEO plugin v24.5 - https:\/\/yoast.com\/wordpress\/plugins\/seo\/ -->\n<title>Bergstrom ATV 9 SUVI Carbon | E-Bike Schweiz | 0 % Zins<\/title>\n<meta name=\"description\" content=\"Bestelle jetzt das Bergstrom 9 SUVI Carbon E-Bike! Zahle mit zinsfreier Ratenzahlung und geniesse unsere gratis Heimlieferung.\" \/>\n<meta name=\"robots\" content=\"noindex, follow, max-snippet:-1, max-image-preview:large, max-video-preview:-1\" \/>\n<meta property=\"og:locale\" content=\"de_DE\" \/>\n<meta property=\"og:type\" content=\"article\" \/>\n<meta property=\"og:title\" content=\"Bergstrom ATV 9 SUVI Carbon | E-Bike Schweiz | 0 % Zins\" \/>\n<meta property=\"og:description\" content=\"Bestelle jetzt das Bergstrom 9 SUVI Carbon E-Bike! Zahle mit zinsfreier Ratenzahlung und geniesse unsere gratis Heimlieferung.\" \/>\n<meta property=\"og:url\" content=\"https:\/\/listings.mybikeplan.ch\/de\/produkt\/bergstrom-atv-9-suvi-carbon-red\/\" \/>\n<meta property=\"og:site_name\" content=\"MyBikePlan\" \/>\n<meta property=\"article:modified_time\" content=\"2025-03-21T15:58:45+00:00\" \/>\n<meta property=\"og:image\" content=\"https:\/\/listings.mybikeplan.ch\/wp-content\/uploads\/2025\/03\/9-suvi-carbon-red.jpg\" \/>\n\t<meta property=\"og:image:width\" content=\"1080\" \/>\n\t<meta property=\"og:image:height\" content=\"1080\" \/>\n\t<meta property=\"og:image:type\" content=\"image\/jpeg\" \/>\n<meta name=\"twitter:card\" content=\"summary_large_image\" \/>\n<meta name=\"twitter:label1\" content=\"Gesch\u00e4tzte Lesezeit\" \/>\n\t<meta name=\"twitter:data1\" content=\"1\u00a0Minute\" \/>\n<script type=\"application\/ld+json\" class=\"yoast-schema-graph\">{\"@context\":\"https:\/\/schema.org\",\"@graph\":[{\"@type\":\"WebPage\",\"@id\":\"https:\/\/listings.mybikeplan.ch\/de\/produkt\/bergstrom-atv-9-suvi-carbon-red\/\",\"url\":\"https:\/\/listings.mybikeplan.ch\/de\/produkt\/bergstrom-atv-9-suvi-carbon-red\/\",\"name\":\"Bergstrom ATV 9 SUVI Carbon | E-Bike Schweiz | 0 % Zins\",\"isPartOf\":{\"@id\":\"https:\/\/listings.mybikeplan.ch\/de\/#website\"},\"primaryImageOfPage\":{\"@id\":\"https:\/\/listings.mybikeplan.ch\/de\/produkt\/bergstrom-atv-9-suvi-carbon-red\/#primaryimage\"},\"image\":{\"@id\":\"https:\/\/listings.mybikeplan.ch\/de\/produkt\/bergstrom-atv-9-suvi-carbon-red\/#primaryimage\"},\"thumbnailUrl\":\"https:\/\/listings.mybikeplan.ch\/wp-content\/uploads\/2025\/03\/9-suvi-carbon-red.jpg\",\"datePublished\":\"2025-03-13T10:20:48+00:00\",\"dateModified\":\"2025-03-21T15:58:45+00:00\",\"description\":\"Bestelle jetzt das Bergstrom 9 SUVI Carbon E-Bike! Zahle mit zinsfreier Ratenzahlung und geniesse unsere gratis Heimlieferung.\",\"breadcrumb\":{\"@id\":\"https:\/\/listings.mybikeplan.ch\/de\/produkt\/bergstrom-atv-9-suvi-carbon-red\/#breadcrumb\"},\"inLanguage\":\"de\",\"potentialAction\":[{\"@type\":\"ReadAction\",\"target\":[\"https:\/\/listings.mybikeplan.ch\/de\/produkt\/bergstrom-atv-9-suvi-carbon-red\/\"]}]},{\"@type\":\"ImageObject\",\"inLanguage\":\"de\",\"@id\":\"https:\/\/listings.mybikeplan.ch\/de\/produkt\/bergstrom-atv-9-suvi-carbon-red\/#primaryimage\",\"url\":\"https:\/\/listings.mybikeplan.ch\/wp-content\/uploads\/2025\/03\/9-suvi-carbon-red.jpg\",\"contentUrl\":\"https:\/\/listings.mybikeplan.ch\/wp-content\/uploads\/2025\/03\/9-suvi-carbon-red.jpg\",\"width\":1080,\"height\":1080},{\"@type\":\"BreadcrumbList\",\"@id\":\"https:\/\/listings.mybikeplan.ch\/de\/produkt\/bergstrom-atv-9-suvi-carbon-red\/#breadcrumb\",\"itemListElement\":[{\"@type\":\"ListItem\",\"position\":1,\"name\":\"Home\",\"item\":\"https:\/\/listings.mybikeplan.ch\/de\/\"},{\"@type\":\"ListItem\",\"position\":2,\"name\":\"Bergstrom ATV 9 SUVI Carbon\"}]},{\"@type\":\"WebSite\",\"@id\":\"https:\/\/listings.mybikeplan.ch\/de\/#website\",\"url\":\"https:\/\/listings.mybikeplan.ch\/de\/\",\"name\":\"MyBikePlan\",\"description\":\"\",\"potentialAction\":[{\"@type\":\"SearchAction\",\"target\":{\"@type\":\"EntryPoint\",\"urlTemplate\":\"https:\/\/listings.mybikeplan.ch\/de\/?s={search_term_string}\"},\"query-input\":{\"@type\":\"PropertyValueSpecification\",\"valueRequired\":true,\"valueName\":\"search_term_string\"}}],\"inLanguage\":\"de\"}]}<\/script>\n<!-- \/ Yoast SEO plugin. -->","yoast_head_json":{"title":"Bergstrom ATV 9 SUVI Carbon | E-Bike Schweiz | 0 % Zins","description":"Bestelle jetzt das Bergstrom 9 SUVI Carbon E-Bike! Zahle mit zinsfreier Ratenzahlung und geniesse unsere gratis Heimlieferung.","robots":{"index":"noindex","follow":"follow","max-snippet":"max-snippet:-1","max-image-preview":"max-image-preview:large","max-video-preview":"max-video-preview:-1"},"og_locale":"de_DE","og_type":"article","og_title":"Bergstrom ATV 9 SUVI Carbon | E-Bike Schweiz | 0 % Zins","og_description":"Bestelle jetzt das Bergstrom 9 SUVI Carbon E-Bike! Zahle mit zinsfreier Ratenzahlung und geniesse unsere gratis Heimlieferung.","og_url":"https:\/\/listings.mybikeplan.ch\/de\/produkt\/bergstrom-atv-9-suvi-carbon-red\/","og_site_name":"MyBikePlan","article_modified_time":"2025-03-21T15:58:45+00:00","og_image":[{"width":1080,"height":1080,"url":"https:\/\/listings.mybikeplan.ch\/wp-content\/uploads\/2025\/03\/9-suvi-carbon-red.jpg","type":"image\/jpeg"}],"twitter_card":"summary_large_image","twitter_misc":{"Gesch\u00e4tzte Lesezeit":"1\u00a0Minute"},"schema":{"@context":"https:\/\/schema.org","@graph":[{"@type":"WebPage","@id":"https:\/\/listings.mybikeplan.ch\/de\/produkt\/bergstrom-atv-9-suvi-carbon-red\/","url":"https:\/\/listings.mybikeplan.ch\/de\/produkt\/bergstrom-atv-9-suvi-carbon-red\/","name":"Bergstrom ATV 9 SUVI Carbon | E-Bike Schweiz | 0 % Zins","isPartOf":{"@id":"https:\/\/listings.mybikeplan.ch\/de\/#website"},"primaryImageOfPage":{"@id":"https:\/\/listings.mybikeplan.ch\/de\/produkt\/bergstrom-atv-9-suvi-carbon-red\/#primaryimage"},"image":{"@id":"https:\/\/listings.mybikeplan.ch\/de\/produkt\/bergstrom-atv-9-suvi-carbon-red\/#primaryimage"},"thumbnailUrl":"https:\/\/listings.mybikeplan.ch\/wp-content\/uploads\/2025\/03\/9-suvi-carbon-red.jpg","datePublished":"2025-03-13T10:20:48+00:00","dateModified":"2025-03-21T15:58:45+00:00","description":"Bestelle jetzt das Bergstrom 9 SUVI Carbon E-Bike! Zahle mit zinsfreier Ratenzahlung und geniesse unsere gratis Heimlieferung.","breadcrumb":{"@id":"https:\/\/listings.mybikeplan.ch\/de\/produkt\/bergstrom-atv-9-suvi-carbon-red\/#breadcrumb"},"inLanguage":"de","potentialAction":[{"@type":"ReadAction","target":["https:\/\/listings.mybikeplan.ch\/de\/produkt\/bergstrom-atv-9-suvi-carbon-red\/"]}]},{"@type":"ImageObject","inLanguage":"de","@id":"https:\/\/listings.mybikeplan.ch\/de\/produkt\/bergstrom-atv-9-suvi-carbon-red\/#primaryimage","url":"https:\/\/listings.mybikeplan.ch\/wp-content\/uploads\/2025\/03\/9-suvi-carbon-red.jpg","contentUrl":"https:\/\/listings.mybikeplan.ch\/wp-content\/uploads\/2025\/03\/9-suvi-carbon-red.jpg","width":1080,"height":1080},{"@type":"BreadcrumbList","@id":"https:\/\/listings.mybikeplan.ch\/de\/produkt\/bergstrom-atv-9-suvi-carbon-red\/#breadcrumb","itemListElement":[{"@type":"ListItem","position":1,"name":"Home","item":"https:\/\/listings.mybikeplan.ch\/de\/"},{"@type":"ListItem","position":2,"name":"Bergstrom ATV 9 SUVI Carbon"}]},{"@type":"WebSite","@id":"https:\/\/listings.mybikeplan.ch\/de\/#website","url":"https:\/\/listings.mybikeplan.ch\/de\/","name":"MyBikePlan","description":"","potentialAction":[{"@type":"SearchAction","target":{"@type":"EntryPoint","urlTemplate":"https:\/\/listings.mybikeplan.ch\/de\/?s={search_term_string}"},"query-input":{"@type":"PropertyValueSpecification","valueRequired":true,"valueName":"search_term_string"}}],"inLanguage":"de"}]}},"_links":{"self":[{"href":"https:\/\/listings.mybikeplan.ch\/de\/wp-json\/wp\/v2\/product\/71194","targetHints":{"allow":["GET"]}}],"collection":[{"href":"https:\/\/listings.mybikeplan.ch\/de\/wp-json\/wp\/v2\/product"}],"about":[{"href":"https:\/\/listings.mybikeplan.ch\/de\/wp-json\/wp\/v2\/types\/product"}],"replies":[{"embeddable":true,"href":"https:\/\/listings.mybikeplan.ch\/de\/wp-json\/wp\/v2\/comments?post=71194"}],"wp:featuredmedia":[{"embeddable":true,"href":"https:\/\/listings.mybikeplan.ch\/de\/wp-json\/wp\/v2\/media\/71205"}],"wp:attachment":[{"href":"https:\/\/listings.mybikeplan.ch\/de\/wp-json\/wp\/v2\/media?parent=71194"}],"wp:term":[{"taxonomy":"product_brand","embeddable":true,"href":"https:\/\/listings.mybikeplan.ch\/de\/wp-json\/wp\/v2\/product_brand?post=71194"},{"taxonomy":"product_cat","embeddable":true,"href":"https:\/\/listings.mybikeplan.ch\/de\/wp-json\/wp\/v2\/product_cat?post=71194"},{"taxonomy":"product_tag","embeddable":true,"href":"https:\/\/listings.mybikeplan.ch\/de\/wp-json\/wp\/v2\/product_tag?post=71194"}],"curies":[{"name":"wp","href":"https:\/\/api.w.org\/{rel}","templated":true}]}}