{"id":70265,"date":"2025-01-16T14:30:57","date_gmt":"2025-01-16T14:30:57","guid":{"rendered":"https:\/\/listings.mybikeplan.ch\/?post_type=product&#038;p=70265"},"modified":"2025-01-16T14:45:03","modified_gmt":"2025-01-16T14:45:03","slug":"specialized-levo-comp-carbon-g3-nb-black","status":"publish","type":"product","link":"https:\/\/listings.mybikeplan.ch\/de\/produkt\/specialized-levo-comp-carbon-g3-nb-black\/","title":{"rendered":"Specialized LEVO COMP CARBON G3 NB"},"content":{"rendered":"<h2><b>Das Wichtigste zum Specialized LEVO COMP CARBON G3 NB auf einen Blick:<\/b><\/h2>\n<ul>\n<li>Leichtgewichtige Power: Der Specialized Turbo Full Power 2.2 Motor liefert kraftvolle und dennoch sanfte Unterst\u00fctzung, ideal f\u00fcr anspruchsvolle Touren.<\/li>\n<li>Maximale Reichweite: Der integrierte 700-Wh-Akku erm\u00f6glicht lange Fahrten, perfekt f\u00fcr ausgedehnte Abenteuer und H\u00f6henmeter.<\/li>\n<li>Carbon-Rahmen der Extraklasse: FACT 11m Carbon bietet ein optimales Verh\u00e4ltnis von Steifigkeit und Gewicht \u2013 perfekt f\u00fcr Trails und technische Abfahrten.<\/li>\n<li>Top-Ausstattung: SRAM GX Eagle 12-Gang-Schaltung und FOX Performance Fahrwerk (FOX 36 Performance Gabel &amp; FLOAT X Performance D\u00e4mpfer) sorgen f\u00fcr Pr\u00e4zision und Kontrolle in jedem Terrain.<\/li>\n<li>Anpassbare Geometrie: Dank Flip-Chip-Technologie kannst Du die Geometrie des Bikes an Deine Vorlieben und Streckenanforderungen anpassen.<\/li>\n<li>Moderne Integration: Das MasterMind TCU (Turbo Connect Unit) erm\u00f6glicht eine einfache Steuerung der Motorleistung, Anzeige aller wichtigen Daten und OTA-Updates.<\/li>\n<\/ul>\n<h2><b>Das Specialized LEVO COMP CARBON G3 NB ist perfekt f\u00fcr Dich, wenn Du:<\/b><\/h2>\n<ul>\n<li>Ein leistungsstarkes, vielseitiges E-Mountainbike suchst, das selbst die h\u00e4rtesten Trails meistert.<\/li>\n<li>Lange und anspruchsvolle Touren liebst und dabei auf eine starke und zuverl\u00e4ssige Motorunterst\u00fctzung setzen m\u00f6chtest.<\/li>\n<li>Wert auf hochwertige Komponenten und ein modernes, anpassbares Design legst.<\/li>\n<li>Ein High-Performance-Carbon-Bike m\u00f6chtest, das maximalen Fahrspa\u00df und Kontrolle bietet.<\/li>\n<\/ul>\n<h2><b>Gr\u00f6ssenempfehlung:<\/b><\/h2>\n<ul>\n<li>S1: 150 &#8211; 160 cm<\/li>\n<li>S2: 157 &#8211; 173 cm<\/li>\n<li>S3: 165 &#8211; 180 cm<\/li>\n<li>S4: 173 &#8211; 188 cm<\/li>\n<li>S5: 178 &#8211; 193 cm<\/li>\n<li>S6: 188 &#8211; 203 cm<\/li>\n<\/ul>\n","protected":false},"excerpt":{"rendered":"<h3><b>\u00dcber Specialized<\/b><\/h3>\n<p><span style=\"font-weight: 400;\">\u201cVon Ridern, f\u00fcr Rider\u201d \u2013 laut diesem Motto entwickelt Specialized E-Bikes, die genau auf die Bed\u00fcrfnisse von Velofahrer*innen abgestimmt sind. Mit seiner Leidenschaft f\u00fcr Innovation und seinem Engagement f\u00fcr Spitzenleistungen hat sich das Unternehmen zu einem der f\u00fchrenden Namen in der Welt des Radsports entwickelt. Von St\u00e4dtern und Pendler \u00fcber Mountainbiker bis hin zu Triathleten: Specialized hat f\u00fcr alle etwas im Programm.<\/span><\/p>\n","protected":false},"featured_media":70279,"comment_status":"open","ping_status":"closed","template":"","meta":{"_acf_changed":false},"product_brand":[],"product_cat":[583,15,578,582,2089,2309,24,579,12383,3652,4481,3247],"product_tag":[],"class_list":{"0":"post-70265","1":"product","2":"type-product","3":"status-publish","4":"has-post-thumbnail","6":"product_cat-25-km","7":"product_cat-alle-e-bikes","8":"product_cat-damen","9":"product_cat-diamant","10":"product_cat-e-bikes","11":"product_cat-e-mountain-fully","12":"product_cat-e-mountain","13":"product_cat-herren","14":"product_cat-is_2025","15":"product_cat-marke-specialized","16":"product_cat-mybikeplan","17":"product_cat-schwarz","18":"pa_battery-specialized-m3-700-integrated-battery-700wh","19":"pa_battery-size-700-wh","20":"pa_brakes-sram-maven-bronze-220mm-rotor-metallic-pads","21":"pa_brand-specialized","22":"pa_cassette-sram-xg-1275-12-speed-10-52t","23":"pa_filters-color-schwarz","24":"pa_fork-fox-36-rhythm-29-s2-s6-160mm-s1-150mm-grip-damper","25":"pa_frame-variant-diamant","26":"pa_gear-change-sram-x01-eagle-12-speed","27":"pa_gears-12-gaenge","28":"pa_hex-color-729","29":"pa_hex-color-000000-produkt-specialized-levo-comp-carbon-g3-nb-black-silver","30":"pa_hex-color-d1af15-produkt-specialized-levo-comp-carbon-g3-nb-yellow","31":"pa_motor-specialized-2-2-custom-rx-trail-tuned-motor","32":"pa_range-130-150-km","33":"pa_rider-height-150-155-cm","34":"pa_rider-height-155-160-cm","35":"pa_rider-height-160-165-cm","36":"pa_rider-height-165-170-cm","37":"pa_rider-height-170-175-cm","38":"pa_rider-height-175-180-cm","39":"pa_rider-height-180-185-cm","40":"pa_rider-height-185-190-cm","41":"pa_rider-height-190-195-cm","42":"pa_rider-height-195-200-cm","43":"pa_rider-height-200-205-cm","44":"pa_sizes-s1","45":"pa_sizes-s2","46":"pa_sizes-s3","47":"pa_sizes-s4","48":"pa_sizes-s5","49":"pa_sizes-s6","50":"pa_speed-25-km-stunde","51":"pa_suspension-travel-s1-150-mm-s2-s6-160-mm","52":"pa_tires-butcher-grid-gravity-casing-gripton-t9-compound-2bliss-ready-29x2-3","53":"pa_weight-22-1-kg","54":"pa_wheel-size-vorderrad-29-zoll-hinterrad-275-zoll","56":"first","57":"instock","58":"shipping-taxable","59":"purchasable","60":"product-type-variable"},"acf":{"short_description":"Das Specialized Levo Comp Carbon G3 NB kombiniert einen robusten FACT 11m Carbonrahmen mit dem kraftvollen Turbo Full Power 2.2 Motor f\u00fcr maximale Leistung auf anspruchsvollen Trails. Der integrierte 700-Wh-Akku sorgt f\u00fcr eine beeindruckende Reichweite, ideal f\u00fcr lange Abenteuer und technische Herausforderungen.","bike_name":"Specialized LEVO COMP CARBON G3 NB","highlight_text":"","frame":"","battery_size":"","motor_strength":""},"yoast_head":"<!-- This site is optimized with the Yoast SEO plugin v24.5 - https:\/\/yoast.com\/wordpress\/plugins\/seo\/ -->\n<title>Specialized LEVO COMP CARBON G3 NB | E-Bike | 0% Zins | Schweiz<\/title>\n<meta name=\"description\" content=\"Hol Dir das Specialized LEVO COMP CARBON G3 NB und zahle ganz bequem in monatlichen Raten mit 0 % Zins ab! Jetzt profitieren und sofort losfahren.\" \/>\n<meta name=\"robots\" content=\"noindex, follow, max-snippet:-1, max-image-preview:large, max-video-preview:-1\" \/>\n<meta property=\"og:locale\" content=\"de_DE\" \/>\n<meta property=\"og:type\" content=\"article\" \/>\n<meta property=\"og:title\" content=\"Specialized LEVO COMP CARBON G3 NB | E-Bike | 0% Zins | Schweiz\" \/>\n<meta property=\"og:description\" content=\"Hol Dir das Specialized LEVO COMP CARBON G3 NB und zahle ganz bequem in monatlichen Raten mit 0 % Zins ab! Jetzt profitieren und sofort losfahren.\" \/>\n<meta property=\"og:url\" content=\"https:\/\/listings.mybikeplan.ch\/de\/produkt\/specialized-levo-comp-carbon-g3-nb-black\/\" \/>\n<meta property=\"og:site_name\" content=\"MyBikePlan\" \/>\n<meta property=\"article:modified_time\" content=\"2025-01-16T14:45:03+00:00\" \/>\n<meta property=\"og:image\" content=\"https:\/\/listings.mybikeplan.ch\/wp-content\/uploads\/2025\/01\/Untitled-design-3-12.jpg\" \/>\n\t<meta property=\"og:image:width\" content=\"1080\" \/>\n\t<meta property=\"og:image:height\" content=\"1080\" \/>\n\t<meta property=\"og:image:type\" content=\"image\/jpeg\" \/>\n<meta name=\"twitter:card\" content=\"summary_large_image\" \/>\n<meta name=\"twitter:label1\" content=\"Gesch\u00e4tzte Lesezeit\" \/>\n\t<meta name=\"twitter:data1\" content=\"1\u00a0Minute\" \/>\n<script type=\"application\/ld+json\" class=\"yoast-schema-graph\">{\"@context\":\"https:\/\/schema.org\",\"@graph\":[{\"@type\":\"WebPage\",\"@id\":\"https:\/\/listings.mybikeplan.ch\/de\/produkt\/specialized-levo-comp-carbon-g3-nb-black\/\",\"url\":\"https:\/\/listings.mybikeplan.ch\/de\/produkt\/specialized-levo-comp-carbon-g3-nb-black\/\",\"name\":\"Specialized LEVO COMP CARBON G3 NB | E-Bike | 0% Zins | Schweiz\",\"isPartOf\":{\"@id\":\"https:\/\/listings.mybikeplan.ch\/de\/#website\"},\"primaryImageOfPage\":{\"@id\":\"https:\/\/listings.mybikeplan.ch\/de\/produkt\/specialized-levo-comp-carbon-g3-nb-black\/#primaryimage\"},\"image\":{\"@id\":\"https:\/\/listings.mybikeplan.ch\/de\/produkt\/specialized-levo-comp-carbon-g3-nb-black\/#primaryimage\"},\"thumbnailUrl\":\"https:\/\/listings.mybikeplan.ch\/wp-content\/uploads\/2025\/01\/Untitled-design-3-12.jpg\",\"datePublished\":\"2025-01-16T14:30:57+00:00\",\"dateModified\":\"2025-01-16T14:45:03+00:00\",\"description\":\"Hol Dir das Specialized LEVO COMP CARBON G3 NB und zahle ganz bequem in monatlichen Raten mit 0 % Zins ab! Jetzt profitieren und sofort losfahren.\",\"breadcrumb\":{\"@id\":\"https:\/\/listings.mybikeplan.ch\/de\/produkt\/specialized-levo-comp-carbon-g3-nb-black\/#breadcrumb\"},\"inLanguage\":\"de\",\"potentialAction\":[{\"@type\":\"ReadAction\",\"target\":[\"https:\/\/listings.mybikeplan.ch\/de\/produkt\/specialized-levo-comp-carbon-g3-nb-black\/\"]}]},{\"@type\":\"ImageObject\",\"inLanguage\":\"de\",\"@id\":\"https:\/\/listings.mybikeplan.ch\/de\/produkt\/specialized-levo-comp-carbon-g3-nb-black\/#primaryimage\",\"url\":\"https:\/\/listings.mybikeplan.ch\/wp-content\/uploads\/2025\/01\/Untitled-design-3-12.jpg\",\"contentUrl\":\"https:\/\/listings.mybikeplan.ch\/wp-content\/uploads\/2025\/01\/Untitled-design-3-12.jpg\",\"width\":1080,\"height\":1080},{\"@type\":\"BreadcrumbList\",\"@id\":\"https:\/\/listings.mybikeplan.ch\/de\/produkt\/specialized-levo-comp-carbon-g3-nb-black\/#breadcrumb\",\"itemListElement\":[{\"@type\":\"ListItem\",\"position\":1,\"name\":\"Home\",\"item\":\"https:\/\/listings.mybikeplan.ch\/de\/\"},{\"@type\":\"ListItem\",\"position\":2,\"name\":\"Specialized LEVO COMP CARBON G3 NB\"}]},{\"@type\":\"WebSite\",\"@id\":\"https:\/\/listings.mybikeplan.ch\/de\/#website\",\"url\":\"https:\/\/listings.mybikeplan.ch\/de\/\",\"name\":\"MyBikePlan\",\"description\":\"\",\"potentialAction\":[{\"@type\":\"SearchAction\",\"target\":{\"@type\":\"EntryPoint\",\"urlTemplate\":\"https:\/\/listings.mybikeplan.ch\/de\/?s={search_term_string}\"},\"query-input\":{\"@type\":\"PropertyValueSpecification\",\"valueRequired\":true,\"valueName\":\"search_term_string\"}}],\"inLanguage\":\"de\"}]}<\/script>\n<!-- \/ Yoast SEO plugin. -->","yoast_head_json":{"title":"Specialized LEVO COMP CARBON G3 NB | E-Bike | 0% Zins | Schweiz","description":"Hol Dir das Specialized LEVO COMP CARBON G3 NB und zahle ganz bequem in monatlichen Raten mit 0 % Zins ab! Jetzt profitieren und sofort losfahren.","robots":{"index":"noindex","follow":"follow","max-snippet":"max-snippet:-1","max-image-preview":"max-image-preview:large","max-video-preview":"max-video-preview:-1"},"og_locale":"de_DE","og_type":"article","og_title":"Specialized LEVO COMP CARBON G3 NB | E-Bike | 0% Zins | Schweiz","og_description":"Hol Dir das Specialized LEVO COMP CARBON G3 NB und zahle ganz bequem in monatlichen Raten mit 0 % Zins ab! Jetzt profitieren und sofort losfahren.","og_url":"https:\/\/listings.mybikeplan.ch\/de\/produkt\/specialized-levo-comp-carbon-g3-nb-black\/","og_site_name":"MyBikePlan","article_modified_time":"2025-01-16T14:45:03+00:00","og_image":[{"width":1080,"height":1080,"url":"https:\/\/listings.mybikeplan.ch\/wp-content\/uploads\/2025\/01\/Untitled-design-3-12.jpg","type":"image\/jpeg"}],"twitter_card":"summary_large_image","twitter_misc":{"Gesch\u00e4tzte Lesezeit":"1\u00a0Minute"},"schema":{"@context":"https:\/\/schema.org","@graph":[{"@type":"WebPage","@id":"https:\/\/listings.mybikeplan.ch\/de\/produkt\/specialized-levo-comp-carbon-g3-nb-black\/","url":"https:\/\/listings.mybikeplan.ch\/de\/produkt\/specialized-levo-comp-carbon-g3-nb-black\/","name":"Specialized LEVO COMP CARBON G3 NB | E-Bike | 0% Zins | Schweiz","isPartOf":{"@id":"https:\/\/listings.mybikeplan.ch\/de\/#website"},"primaryImageOfPage":{"@id":"https:\/\/listings.mybikeplan.ch\/de\/produkt\/specialized-levo-comp-carbon-g3-nb-black\/#primaryimage"},"image":{"@id":"https:\/\/listings.mybikeplan.ch\/de\/produkt\/specialized-levo-comp-carbon-g3-nb-black\/#primaryimage"},"thumbnailUrl":"https:\/\/listings.mybikeplan.ch\/wp-content\/uploads\/2025\/01\/Untitled-design-3-12.jpg","datePublished":"2025-01-16T14:30:57+00:00","dateModified":"2025-01-16T14:45:03+00:00","description":"Hol Dir das Specialized LEVO COMP CARBON G3 NB und zahle ganz bequem in monatlichen Raten mit 0 % Zins ab! Jetzt profitieren und sofort losfahren.","breadcrumb":{"@id":"https:\/\/listings.mybikeplan.ch\/de\/produkt\/specialized-levo-comp-carbon-g3-nb-black\/#breadcrumb"},"inLanguage":"de","potentialAction":[{"@type":"ReadAction","target":["https:\/\/listings.mybikeplan.ch\/de\/produkt\/specialized-levo-comp-carbon-g3-nb-black\/"]}]},{"@type":"ImageObject","inLanguage":"de","@id":"https:\/\/listings.mybikeplan.ch\/de\/produkt\/specialized-levo-comp-carbon-g3-nb-black\/#primaryimage","url":"https:\/\/listings.mybikeplan.ch\/wp-content\/uploads\/2025\/01\/Untitled-design-3-12.jpg","contentUrl":"https:\/\/listings.mybikeplan.ch\/wp-content\/uploads\/2025\/01\/Untitled-design-3-12.jpg","width":1080,"height":1080},{"@type":"BreadcrumbList","@id":"https:\/\/listings.mybikeplan.ch\/de\/produkt\/specialized-levo-comp-carbon-g3-nb-black\/#breadcrumb","itemListElement":[{"@type":"ListItem","position":1,"name":"Home","item":"https:\/\/listings.mybikeplan.ch\/de\/"},{"@type":"ListItem","position":2,"name":"Specialized LEVO COMP CARBON G3 NB"}]},{"@type":"WebSite","@id":"https:\/\/listings.mybikeplan.ch\/de\/#website","url":"https:\/\/listings.mybikeplan.ch\/de\/","name":"MyBikePlan","description":"","potentialAction":[{"@type":"SearchAction","target":{"@type":"EntryPoint","urlTemplate":"https:\/\/listings.mybikeplan.ch\/de\/?s={search_term_string}"},"query-input":{"@type":"PropertyValueSpecification","valueRequired":true,"valueName":"search_term_string"}}],"inLanguage":"de"}]}},"_links":{"self":[{"href":"https:\/\/listings.mybikeplan.ch\/de\/wp-json\/wp\/v2\/product\/70265","targetHints":{"allow":["GET"]}}],"collection":[{"href":"https:\/\/listings.mybikeplan.ch\/de\/wp-json\/wp\/v2\/product"}],"about":[{"href":"https:\/\/listings.mybikeplan.ch\/de\/wp-json\/wp\/v2\/types\/product"}],"replies":[{"embeddable":true,"href":"https:\/\/listings.mybikeplan.ch\/de\/wp-json\/wp\/v2\/comments?post=70265"}],"wp:featuredmedia":[{"embeddable":true,"href":"https:\/\/listings.mybikeplan.ch\/de\/wp-json\/wp\/v2\/media\/70279"}],"wp:attachment":[{"href":"https:\/\/listings.mybikeplan.ch\/de\/wp-json\/wp\/v2\/media?parent=70265"}],"wp:term":[{"taxonomy":"product_brand","embeddable":true,"href":"https:\/\/listings.mybikeplan.ch\/de\/wp-json\/wp\/v2\/product_brand?post=70265"},{"taxonomy":"product_cat","embeddable":true,"href":"https:\/\/listings.mybikeplan.ch\/de\/wp-json\/wp\/v2\/product_cat?post=70265"},{"taxonomy":"product_tag","embeddable":true,"href":"https:\/\/listings.mybikeplan.ch\/de\/wp-json\/wp\/v2\/product_tag?post=70265"}],"curies":[{"name":"wp","href":"https:\/\/api.w.org\/{rel}","templated":true}]}}