{"id":69738,"date":"2025-01-09T15:34:28","date_gmt":"2025-01-09T15:34:28","guid":{"rendered":"https:\/\/listings.mybikeplan.ch\/?post_type=product&#038;p=69738"},"modified":"2025-02-05T10:53:35","modified_gmt":"2025-02-05T10:53:35","slug":"specialized-turbo-levo-2025-green","status":"publish","type":"product","link":"https:\/\/listings.mybikeplan.ch\/de\/produkt\/specialized-turbo-levo-2025-green\/","title":{"rendered":"Specialized Turbo Levo (2025)"},"content":{"rendered":"<h2><b>Das Wichtigste zum Specialized Turbo Levo (2025) auf einen Blick:<\/b><\/h2>\n<ul>\n<li>Unglaubliche Power und Reichweite dank des Turbo Full Power 2.2 Motors und der Turbo Connect Unit (TCU).<\/li>\n<li>Bis zu f\u00fcnf Stunden Fahrzeit \u2013 ideal f\u00fcr lange Abenteuer und ausgedehnte Trails.<\/li>\n<li>Fortschrittliches Rahmenkonzept mit 150 mm Federweg und einstellbarer Geometrie f\u00fcr maximale Vielseitigkeit und Fahrspa\u00df.<\/li>\n<li>Hochwertige Ausstattung: SRAM GX Eagle Antrieb und FOX Fahrwerk f\u00fcr pr\u00e4zise Schaltvorg\u00e4nge und \u00fcberragende Performance.<\/li>\n<li>Perfekte Kontrolle \u00fcber den Ride durch die Specialized App mit individuellen Anpassungsm\u00f6glichkeiten.<\/li>\n<\/ul>\n<h2><b>Das Specialized Turbo Levo (2025) ist perfekt f\u00fcr Dich, wenn Du:<\/b><\/h2>\n<ul>\n<li>Mehr Trails erkunden und l\u00e4ngere Fahrten genie\u00dfen m\u00f6chtest.<\/li>\n<li>Ein leistungsstarkes E-MTB suchst, das sowohl bergauf als auch bergab \u00fcberzeugt.<\/li>\n<li>Individuell anpassbare Fahrgeometrie und moderne Technologie sch\u00e4tzt.<\/li>\n<li>Ein Bike brauchst, das robust und zuverl\u00e4ssig f\u00fcr anspruchsvolles Gel\u00e4nde ist.<\/li>\n<li>Deinen Ride und die Akkuleistung einfach \u00fcber die Specialized App optimieren m\u00f6chtest.<\/li>\n<\/ul>\n<h2><b>Gr\u00f6ssenempfehlung:<\/b><\/h2>\n<ul>\n<li>S2: 157 &#8211; 173 cm<\/li>\n<li>S3: 165 &#8211; 180 cm<\/li>\n<li>S4: 173 &#8211; 188 cm<\/li>\n<li>S5: 178 &#8211; 193 cm<\/li>\n<li>S6: 188 &#8211; 203 cm<\/li>\n<\/ul>\n","protected":false},"excerpt":{"rendered":"<h3><b>\u00dcber Specialized<\/b><\/h3>\n<p><span style=\"font-weight: 400;\">\u201cVon Ridern, f\u00fcr Rider\u201d \u2013 laut diesem Motto entwickelt Specialized E-Bikes, die genau auf die Bed\u00fcrfnisse von Velofahrer*innen abgestimmt sind. Mit seiner Leidenschaft f\u00fcr Innovation und seinem Engagement f\u00fcr Spitzenleistungen hat sich das Unternehmen zu einem der f\u00fchrenden Namen in der Welt des Radsports entwickelt. Von St\u00e4dtern und Pendler \u00fcber Mountainbiker bis hin zu Triathleten: Specialized hat f\u00fcr alle etwas im Programm.<\/span><\/p>\n","protected":false},"featured_media":70588,"comment_status":"open","ping_status":"closed","template":"","meta":{"_acf_changed":false},"product_brand":[],"product_cat":[583,15,578,582,2089,2309,24,3249,579,12383,3652,4481],"product_tag":[],"class_list":{"0":"post-69738","1":"product","2":"type-product","3":"status-publish","4":"has-post-thumbnail","6":"product_cat-25-km","7":"product_cat-alle-e-bikes","8":"product_cat-damen","9":"product_cat-diamant","10":"product_cat-e-bikes","11":"product_cat-e-mountain-fully","12":"product_cat-e-mountain","13":"product_cat-gruen","14":"product_cat-herren","15":"product_cat-is_2025","16":"product_cat-marke-specialized","17":"product_cat-mybikeplan","18":"pa_battery-specialized-m3-700-integrated-battery-700wh","19":"pa_battery-size-700-wh","20":"pa_brakes-sram-db8-220mm-rotor","21":"pa_brand-specialized","22":"pa_cassette-sram-nx-eagle-12-speed-11-50t","23":"pa_damper-marzocchi-bomber-inline-s2-6-210x55mm-s1-210x52-5-low-speed-rebound-adjust","24":"pa_display-specialized-mastermind-tcu-percentage-of-remaining-charge-120-possible-display-configurations-microtune-assist-adjustment-ant-bluetooth-w-handlebar-remote","25":"pa_filters-color-gruen","26":"pa_fork-marzocchi-bomber-z1-29-s2-s6-160mm-s1-150mm-sweep-adjust-compression","27":"pa_frame-variant-diamant","28":"pa_gear-change-sram-nx-eagle-12-speed","29":"pa_gears-12-gaenge","30":"pa_hex-color-00000-produkt-specialized-turbo-levo-2025-black","31":"pa_hex-color-a4f069","32":"pa_motor-specialized-2-2-custom-rx-trail-tuned-motor","33":"pa_range-130-150-km","34":"pa_rider-height-155-160-cm","35":"pa_rider-height-160-165-cm","36":"pa_rider-height-165-170-cm","37":"pa_rider-height-170-175-cm","38":"pa_rider-height-175-180-cm","39":"pa_rider-height-180-185-cm","40":"pa_rider-height-185-190-cm","41":"pa_rider-height-190-195-cm","42":"pa_rider-height-195-200-cm","43":"pa_rider-height-200-205-cm","44":"pa_sizes-s2","45":"pa_sizes-s3","46":"pa_sizes-s4","47":"pa_sizes-s5","48":"pa_sizes-s6","49":"pa_speed-25-km-stunde","50":"pa_suspension-travel-150-mm","51":"pa_tires-h-eliminator-grid-gravity-casing-gripton-t9-t7-compound-27-5x2-3-v-butcher-grid-trail-casing-gripton-t9-compound-2bliss-ready-29x2-3","52":"pa_wheel-size-vorderrad-29-zoll-hinterrad-275-zoll","54":"first","55":"instock","56":"shipping-taxable","57":"purchasable","58":"product-type-variable"},"acf":{"short_description":"Erlebe pure Trail-Performance mit dem Specialized Turbo Levo \u2013 unglaubliche Power, Reichweite und modernste Technologie f\u00fcr unvergessliche Abenteuer auf jedem Terrain.","bike_name":"Specialized Turbo Levo (2025)","highlight_text":"","frame":"","battery_size":"","motor_strength":""},"yoast_head":"<!-- This site is optimized with the Yoast SEO plugin v24.5 - https:\/\/yoast.com\/wordpress\/plugins\/seo\/ -->\n<title>Specialized Turbo Levo (2025) | E-Bike | 0% Zins | Schweiz<\/title>\n<meta name=\"description\" content=\"Hol Dir das Specialized Turbo Levo (2025) und zahle ganz bequem in monatlichen Raten mit 0 % Zins ab! Jetzt profitieren und sofort losfahren.\" \/>\n<meta name=\"robots\" content=\"noindex, follow, max-snippet:-1, max-image-preview:large, max-video-preview:-1\" \/>\n<meta property=\"og:locale\" content=\"de_DE\" \/>\n<meta property=\"og:type\" content=\"article\" \/>\n<meta property=\"og:title\" content=\"Specialized Turbo Levo (2025) | E-Bike | 0% Zins | Schweiz\" \/>\n<meta property=\"og:description\" content=\"Hol Dir das Specialized Turbo Levo (2025) und zahle ganz bequem in monatlichen Raten mit 0 % Zins ab! Jetzt profitieren und sofort losfahren.\" \/>\n<meta property=\"og:url\" content=\"https:\/\/listings.mybikeplan.ch\/de\/produkt\/specialized-turbo-levo-2025-green\/\" \/>\n<meta property=\"og:site_name\" content=\"MyBikePlan\" \/>\n<meta property=\"article:modified_time\" content=\"2025-02-05T10:53:35+00:00\" \/>\n<meta property=\"og:image\" content=\"https:\/\/listings.mybikeplan.ch\/wp-content\/uploads\/2025\/01\/30005388-4.jpg\" \/>\n\t<meta property=\"og:image:width\" content=\"1080\" \/>\n\t<meta property=\"og:image:height\" content=\"1080\" \/>\n\t<meta property=\"og:image:type\" content=\"image\/jpeg\" \/>\n<meta name=\"twitter:card\" content=\"summary_large_image\" \/>\n<meta name=\"twitter:label1\" content=\"Gesch\u00e4tzte Lesezeit\" \/>\n\t<meta name=\"twitter:data1\" content=\"1\u00a0Minute\" \/>\n<script type=\"application\/ld+json\" class=\"yoast-schema-graph\">{\"@context\":\"https:\/\/schema.org\",\"@graph\":[{\"@type\":\"WebPage\",\"@id\":\"https:\/\/listings.mybikeplan.ch\/de\/produkt\/specialized-turbo-levo-2025-green\/\",\"url\":\"https:\/\/listings.mybikeplan.ch\/de\/produkt\/specialized-turbo-levo-2025-green\/\",\"name\":\"Specialized Turbo Levo (2025) | E-Bike | 0% Zins | Schweiz\",\"isPartOf\":{\"@id\":\"https:\/\/listings.mybikeplan.ch\/de\/#website\"},\"primaryImageOfPage\":{\"@id\":\"https:\/\/listings.mybikeplan.ch\/de\/produkt\/specialized-turbo-levo-2025-green\/#primaryimage\"},\"image\":{\"@id\":\"https:\/\/listings.mybikeplan.ch\/de\/produkt\/specialized-turbo-levo-2025-green\/#primaryimage\"},\"thumbnailUrl\":\"https:\/\/listings.mybikeplan.ch\/wp-content\/uploads\/2025\/01\/30005388-4.jpg\",\"datePublished\":\"2025-01-09T15:34:28+00:00\",\"dateModified\":\"2025-02-05T10:53:35+00:00\",\"description\":\"Hol Dir das Specialized Turbo Levo (2025) und zahle ganz bequem in monatlichen Raten mit 0 % Zins ab! Jetzt profitieren und sofort losfahren.\",\"breadcrumb\":{\"@id\":\"https:\/\/listings.mybikeplan.ch\/de\/produkt\/specialized-turbo-levo-2025-green\/#breadcrumb\"},\"inLanguage\":\"de\",\"potentialAction\":[{\"@type\":\"ReadAction\",\"target\":[\"https:\/\/listings.mybikeplan.ch\/de\/produkt\/specialized-turbo-levo-2025-green\/\"]}]},{\"@type\":\"ImageObject\",\"inLanguage\":\"de\",\"@id\":\"https:\/\/listings.mybikeplan.ch\/de\/produkt\/specialized-turbo-levo-2025-green\/#primaryimage\",\"url\":\"https:\/\/listings.mybikeplan.ch\/wp-content\/uploads\/2025\/01\/30005388-4.jpg\",\"contentUrl\":\"https:\/\/listings.mybikeplan.ch\/wp-content\/uploads\/2025\/01\/30005388-4.jpg\",\"width\":1080,\"height\":1080},{\"@type\":\"BreadcrumbList\",\"@id\":\"https:\/\/listings.mybikeplan.ch\/de\/produkt\/specialized-turbo-levo-2025-green\/#breadcrumb\",\"itemListElement\":[{\"@type\":\"ListItem\",\"position\":1,\"name\":\"Home\",\"item\":\"https:\/\/listings.mybikeplan.ch\/de\/\"},{\"@type\":\"ListItem\",\"position\":2,\"name\":\"Specialized Turbo Levo (2025)\"}]},{\"@type\":\"WebSite\",\"@id\":\"https:\/\/listings.mybikeplan.ch\/de\/#website\",\"url\":\"https:\/\/listings.mybikeplan.ch\/de\/\",\"name\":\"MyBikePlan\",\"description\":\"\",\"potentialAction\":[{\"@type\":\"SearchAction\",\"target\":{\"@type\":\"EntryPoint\",\"urlTemplate\":\"https:\/\/listings.mybikeplan.ch\/de\/?s={search_term_string}\"},\"query-input\":{\"@type\":\"PropertyValueSpecification\",\"valueRequired\":true,\"valueName\":\"search_term_string\"}}],\"inLanguage\":\"de\"}]}<\/script>\n<!-- \/ Yoast SEO plugin. -->","yoast_head_json":{"title":"Specialized Turbo Levo (2025) | E-Bike | 0% Zins | Schweiz","description":"Hol Dir das Specialized Turbo Levo (2025) und zahle ganz bequem in monatlichen Raten mit 0 % Zins ab! Jetzt profitieren und sofort losfahren.","robots":{"index":"noindex","follow":"follow","max-snippet":"max-snippet:-1","max-image-preview":"max-image-preview:large","max-video-preview":"max-video-preview:-1"},"og_locale":"de_DE","og_type":"article","og_title":"Specialized Turbo Levo (2025) | E-Bike | 0% Zins | Schweiz","og_description":"Hol Dir das Specialized Turbo Levo (2025) und zahle ganz bequem in monatlichen Raten mit 0 % Zins ab! Jetzt profitieren und sofort losfahren.","og_url":"https:\/\/listings.mybikeplan.ch\/de\/produkt\/specialized-turbo-levo-2025-green\/","og_site_name":"MyBikePlan","article_modified_time":"2025-02-05T10:53:35+00:00","og_image":[{"width":1080,"height":1080,"url":"https:\/\/listings.mybikeplan.ch\/wp-content\/uploads\/2025\/01\/30005388-4.jpg","type":"image\/jpeg"}],"twitter_card":"summary_large_image","twitter_misc":{"Gesch\u00e4tzte Lesezeit":"1\u00a0Minute"},"schema":{"@context":"https:\/\/schema.org","@graph":[{"@type":"WebPage","@id":"https:\/\/listings.mybikeplan.ch\/de\/produkt\/specialized-turbo-levo-2025-green\/","url":"https:\/\/listings.mybikeplan.ch\/de\/produkt\/specialized-turbo-levo-2025-green\/","name":"Specialized Turbo Levo (2025) | E-Bike | 0% Zins | Schweiz","isPartOf":{"@id":"https:\/\/listings.mybikeplan.ch\/de\/#website"},"primaryImageOfPage":{"@id":"https:\/\/listings.mybikeplan.ch\/de\/produkt\/specialized-turbo-levo-2025-green\/#primaryimage"},"image":{"@id":"https:\/\/listings.mybikeplan.ch\/de\/produkt\/specialized-turbo-levo-2025-green\/#primaryimage"},"thumbnailUrl":"https:\/\/listings.mybikeplan.ch\/wp-content\/uploads\/2025\/01\/30005388-4.jpg","datePublished":"2025-01-09T15:34:28+00:00","dateModified":"2025-02-05T10:53:35+00:00","description":"Hol Dir das Specialized Turbo Levo (2025) und zahle ganz bequem in monatlichen Raten mit 0 % Zins ab! Jetzt profitieren und sofort losfahren.","breadcrumb":{"@id":"https:\/\/listings.mybikeplan.ch\/de\/produkt\/specialized-turbo-levo-2025-green\/#breadcrumb"},"inLanguage":"de","potentialAction":[{"@type":"ReadAction","target":["https:\/\/listings.mybikeplan.ch\/de\/produkt\/specialized-turbo-levo-2025-green\/"]}]},{"@type":"ImageObject","inLanguage":"de","@id":"https:\/\/listings.mybikeplan.ch\/de\/produkt\/specialized-turbo-levo-2025-green\/#primaryimage","url":"https:\/\/listings.mybikeplan.ch\/wp-content\/uploads\/2025\/01\/30005388-4.jpg","contentUrl":"https:\/\/listings.mybikeplan.ch\/wp-content\/uploads\/2025\/01\/30005388-4.jpg","width":1080,"height":1080},{"@type":"BreadcrumbList","@id":"https:\/\/listings.mybikeplan.ch\/de\/produkt\/specialized-turbo-levo-2025-green\/#breadcrumb","itemListElement":[{"@type":"ListItem","position":1,"name":"Home","item":"https:\/\/listings.mybikeplan.ch\/de\/"},{"@type":"ListItem","position":2,"name":"Specialized Turbo Levo (2025)"}]},{"@type":"WebSite","@id":"https:\/\/listings.mybikeplan.ch\/de\/#website","url":"https:\/\/listings.mybikeplan.ch\/de\/","name":"MyBikePlan","description":"","potentialAction":[{"@type":"SearchAction","target":{"@type":"EntryPoint","urlTemplate":"https:\/\/listings.mybikeplan.ch\/de\/?s={search_term_string}"},"query-input":{"@type":"PropertyValueSpecification","valueRequired":true,"valueName":"search_term_string"}}],"inLanguage":"de"}]}},"_links":{"self":[{"href":"https:\/\/listings.mybikeplan.ch\/de\/wp-json\/wp\/v2\/product\/69738","targetHints":{"allow":["GET"]}}],"collection":[{"href":"https:\/\/listings.mybikeplan.ch\/de\/wp-json\/wp\/v2\/product"}],"about":[{"href":"https:\/\/listings.mybikeplan.ch\/de\/wp-json\/wp\/v2\/types\/product"}],"replies":[{"embeddable":true,"href":"https:\/\/listings.mybikeplan.ch\/de\/wp-json\/wp\/v2\/comments?post=69738"}],"wp:featuredmedia":[{"embeddable":true,"href":"https:\/\/listings.mybikeplan.ch\/de\/wp-json\/wp\/v2\/media\/70588"}],"wp:attachment":[{"href":"https:\/\/listings.mybikeplan.ch\/de\/wp-json\/wp\/v2\/media?parent=69738"}],"wp:term":[{"taxonomy":"product_brand","embeddable":true,"href":"https:\/\/listings.mybikeplan.ch\/de\/wp-json\/wp\/v2\/product_brand?post=69738"},{"taxonomy":"product_cat","embeddable":true,"href":"https:\/\/listings.mybikeplan.ch\/de\/wp-json\/wp\/v2\/product_cat?post=69738"},{"taxonomy":"product_tag","embeddable":true,"href":"https:\/\/listings.mybikeplan.ch\/de\/wp-json\/wp\/v2\/product_tag?post=69738"}],"curies":[{"name":"wp","href":"https:\/\/api.w.org\/{rel}","templated":true}]}}