{"id":68471,"date":"2024-10-04T10:34:41","date_gmt":"2024-10-04T10:34:41","guid":{"rendered":"https:\/\/listings.mybikeplan.ch\/?post_type=product&#038;p=68471"},"modified":"2025-03-05T13:19:37","modified_gmt":"2025-03-05T13:19:37","slug":"stromer-st3-cool-white-pinion-983-wh-trapez","status":"publish","type":"product","link":"https:\/\/listings.mybikeplan.ch\/de\/produkt\/stromer-st3-cool-white-pinion-983-wh-trapez\/","title":{"rendered":"Stromer ST3 Cool White Pinion 983 Wh"},"content":{"rendered":"<h2><b>Das Stromer ST3 ist perfekt f\u00fcr Dich, wenn Du:<\/b><\/h2>\n<ul>\n<li style=\"font-weight: 400;\"><span style=\"font-weight: 400;\">Ein E-Bike zum Pendeln suchst<\/span><\/li>\n<li style=\"font-weight: 400;\"><span style=\"font-weight: 400;\">Wert auf Komfort und Stabilit\u00e4t legst<\/span><\/li>\n<li style=\"font-weight: 400;\"><span style=\"font-weight: 400;\">Das E-Bike f\u00fcr den t\u00e4glichen Gebrauch nutzt<\/span><\/li>\n<\/ul>\n<h2><b>Stromer ST1, ST2 und ST3: Was sind die Unterschiede?<\/b><\/h2>\n<ul>\n<li style=\"font-weight: 400;\"><span style=\"font-weight: 400;\">Stromer ST1: Das ST1 ist das billigste aller Stromer-Modelle. Es ist schlicht und einfach gehalten, ohne an Qualit\u00e4t einzub\u00fcssen, und setzt in erster Linie auf Komfort. Perfekt geeignet, wenn Du in die Welt der E-Bikes einsteigen willst!<\/span><\/li>\n<li style=\"font-weight: 400;\"><span style=\"font-weight: 400;\">Stromer ST2: Dieses Modell besitzt keine Kettenschaltung wie die anderen Modelle, sondern einen wartungsarmen Riemenantrieb. Das macht das ST2 zu einem sehr leisen E-Bike. Zudem verf\u00fcgt es mit bis zu 120 km \u00fcber deutlich mehr Reichweite als das ST1.<\/span><\/li>\n<li style=\"font-weight: 400;\"><span style=\"font-weight: 400;\">Stromer ST3: Das ST3 kombiniert die besten Vorz\u00fcge des ST1 und ST2: Nicht nur besitzt es von all unseren Stromer E-Bikes den st\u00e4rksten Motor und Akku (bis zu 180 km Reichweite!), es hat auch ein komplett integriertes Display. <\/span><\/li>\n<\/ul>\n<h2><b>Gr\u00f6ssenempfehlung:<\/b><\/h2>\n<ul>\n<li>M: &lt;178 cm<\/li>\n<\/ul>\n","protected":false},"excerpt":{"rendered":"<h2 style=\"text-align: left;\"><b>Stromer ST3<\/b><\/h2>\n<p class=\"p1\">Komfort und Leistung in einem? Stromer E-Bikes beweist, dass es m\u00f6glich ist: Das Stromer ST3 ist ein leistungsstarkes E-Bike, das dennoch nichts an Stil und Komfort einb\u00fcsst. Der kr\u00e4ftige Motor l\u00e4sst Dich Geschwindigkeiten von bis zu 45 km\/h erreichen, womit dieses City E-Bike perfekt als Autoersatz zum Pendeln geeignet ist. Dank des Sport-Rahmens verf\u00fcgt das ST3 auch bei hohen Geschwindigkeiten \u00fcber viel Stabilit\u00e4t, was Deiner Sicherheit auf der Strasse zugutekommt. Der Akku mit 983 Wh unterst\u00fctzt Dich auf Strecken von bis zu 180 km.<\/p>\n<h2><b>\u00dcber die Marke Stromer<\/b><\/h2>\n<p><span style=\"font-weight: 400;\">Die Gr\u00fcndung von <a href=\"https:\/\/www.mybikeplan.ch\/marken\/stromer-ebikes\">Stromer<\/a> Bikes wurde im Jahr 2009 von Thomas Binggeli aus der Schweiz ins Leben gerufen. 2010 erfolgte die Neugr\u00fcndung der myStromer AG und die Marke Stromer konnte sich mit der Idee von Geschwindigkeit und Effizienz erfolgreich auf dem Schweizer Markt etablieren.\u00a0 Mit seinem Hinterradantrieb, der aussergew\u00f6hnlich hohen Leistung, dem sportlichen Design und dem integrierten Akku hat sich das S-pedelics als moderne E-Mobilit\u00e4t und bekannte Marke f\u00fcr die 45km\/h E-Bikes bekannt gemacht.<\/span><\/p>\n","protected":false},"featured_media":68479,"comment_status":"open","ping_status":"closed","template":"","meta":{"_acf_changed":false},"product_brand":[],"product_cat":[584,15,578,2089,21,579,1106,4481,7789,11860,3251],"product_tag":[],"class_list":{"0":"post-68471","1":"product","2":"type-product","3":"status-publish","4":"has-post-thumbnail","6":"product_cat-45-km","7":"product_cat-alle-e-bikes","8":"product_cat-damen","9":"product_cat-e-bikes","10":"product_cat-e-urban","11":"product_cat-herren","12":"product_cat-marke-stromer","13":"product_cat-mybikeplan","14":"product_cat-swiss-made","15":"product_cat-trapez","16":"product_cat-weiss","17":"pa_attachments-child-seat","18":"pa_attachments-trailer-connection","19":"pa_battery-bq-983-fr","20":"pa_battery-size-983-wh","21":"pa_brakes-stromer-hd942-by-trp","22":"pa_brand-stromer","23":"pa_crank-handle-fsa-gossamer-52t","24":"pa_display-omni-interface-c","25":"pa_filters-color-weiss","26":"pa_fork-aluminum","27":"pa_frame-variant-trapez","28":"pa_handlebar-riser-rise-20-mm-back-sweep-20","29":"pa_hex-color-ffffff","30":"pa_max-weight-140-kg","31":"pa_motor-syno-drive-ii-44nm","32":"pa_motor-brand-stromer","33":"pa_range-180-km-fr","34":"pa_rider-height-165-170-cm","35":"pa_rider-height-170-175-cm","36":"pa_rider-height-175-180-cm","37":"pa_saddle-stromer-by-ergon-custom-gs1-all-black","38":"pa_sizes-m","39":"pa_stem-stromer-urban-5-105-mm-comfort-stromer-comfort-20-110-mm","40":"pa_youtube-link-https-www-youtube-com-watchv-eg73ch5jxk","42":"first","43":"instock","44":"shipping-taxable","45":"product-type-variable"},"acf":{"short_description":"Die dritte Generation der Stromer S-Pedelecs setzt auf Vielseitigkeit: Ein langlebiger Akku mit 983 Wh, ein Sport-Rahmen f\u00fcr extra Stabilit\u00e4t und ein elegantes Design in k\u00fchlem Weiss machen das Stromer ST3 zu einem City E-Bike der Sonderklasse.","bike_name":"Stromer ST3 Cool White Pinion 983 Wh","highlight_text":"","frame":"","battery_size":"","motor_strength":""},"yoast_head":"<!-- This site is optimized with the Yoast SEO plugin v24.5 - https:\/\/yoast.com\/wordpress\/plugins\/seo\/ -->\n<title>Stromer ST3 Cool White Pinion 983 Wh | E-Bike | 0% Zins | Schweiz<\/title>\n<meta name=\"description\" content=\"Hol Dir das Stromer ST3 Cool White Pinion 983 Wh und zahle ganz bequem in monatlichen Raten mit 0 % Zins ab! Jetzt profitieren und sofort losfahren.\" \/>\n<meta name=\"robots\" content=\"noindex, follow, max-snippet:-1, max-image-preview:large, max-video-preview:-1\" \/>\n<meta property=\"og:locale\" content=\"de_DE\" \/>\n<meta property=\"og:type\" content=\"article\" \/>\n<meta property=\"og:title\" content=\"Stromer ST3 Cool White Pinion 983 Wh | E-Bike | 0% Zins | Schweiz\" \/>\n<meta property=\"og:description\" content=\"Hol Dir das Stromer ST3 Cool White Pinion 983 Wh und zahle ganz bequem in monatlichen Raten mit 0 % Zins ab! Jetzt profitieren und sofort losfahren.\" \/>\n<meta property=\"og:url\" content=\"https:\/\/listings.mybikeplan.ch\/de\/produkt\/stromer-st3-cool-white-pinion-983-wh-trapez\/\" \/>\n<meta property=\"og:site_name\" content=\"MyBikePlan\" \/>\n<meta property=\"article:modified_time\" content=\"2025-03-05T13:19:37+00:00\" \/>\n<meta property=\"og:image\" content=\"https:\/\/listings.mybikeplan.ch\/wp-content\/uploads\/2024\/10\/Stromer-ST3-Cool-White-Pinion-814-Wh-trapez.png\" \/>\n\t<meta property=\"og:image:width\" content=\"3000\" \/>\n\t<meta property=\"og:image:height\" content=\"3000\" \/>\n\t<meta property=\"og:image:type\" content=\"image\/png\" \/>\n<meta name=\"twitter:card\" content=\"summary_large_image\" \/>\n<meta name=\"twitter:label1\" content=\"Gesch\u00e4tzte Lesezeit\" \/>\n\t<meta name=\"twitter:data1\" content=\"1\u00a0Minute\" \/>\n<script type=\"application\/ld+json\" class=\"yoast-schema-graph\">{\"@context\":\"https:\/\/schema.org\",\"@graph\":[{\"@type\":\"WebPage\",\"@id\":\"https:\/\/listings.mybikeplan.ch\/de\/produkt\/stromer-st3-cool-white-pinion-983-wh-trapez\/\",\"url\":\"https:\/\/listings.mybikeplan.ch\/de\/produkt\/stromer-st3-cool-white-pinion-983-wh-trapez\/\",\"name\":\"Stromer ST3 Cool White Pinion 983 Wh | E-Bike | 0% Zins | Schweiz\",\"isPartOf\":{\"@id\":\"https:\/\/listings.mybikeplan.ch\/de\/#website\"},\"primaryImageOfPage\":{\"@id\":\"https:\/\/listings.mybikeplan.ch\/de\/produkt\/stromer-st3-cool-white-pinion-983-wh-trapez\/#primaryimage\"},\"image\":{\"@id\":\"https:\/\/listings.mybikeplan.ch\/de\/produkt\/stromer-st3-cool-white-pinion-983-wh-trapez\/#primaryimage\"},\"thumbnailUrl\":\"https:\/\/listings.mybikeplan.ch\/wp-content\/uploads\/2024\/10\/Stromer-ST3-Cool-White-Pinion-814-Wh-trapez.png\",\"datePublished\":\"2024-10-04T10:34:41+00:00\",\"dateModified\":\"2025-03-05T13:19:37+00:00\",\"description\":\"Hol Dir das Stromer ST3 Cool White Pinion 983 Wh und zahle ganz bequem in monatlichen Raten mit 0 % Zins ab! Jetzt profitieren und sofort losfahren.\",\"breadcrumb\":{\"@id\":\"https:\/\/listings.mybikeplan.ch\/de\/produkt\/stromer-st3-cool-white-pinion-983-wh-trapez\/#breadcrumb\"},\"inLanguage\":\"de\",\"potentialAction\":[{\"@type\":\"ReadAction\",\"target\":[\"https:\/\/listings.mybikeplan.ch\/de\/produkt\/stromer-st3-cool-white-pinion-983-wh-trapez\/\"]}]},{\"@type\":\"ImageObject\",\"inLanguage\":\"de\",\"@id\":\"https:\/\/listings.mybikeplan.ch\/de\/produkt\/stromer-st3-cool-white-pinion-983-wh-trapez\/#primaryimage\",\"url\":\"https:\/\/listings.mybikeplan.ch\/wp-content\/uploads\/2024\/10\/Stromer-ST3-Cool-White-Pinion-814-Wh-trapez.png\",\"contentUrl\":\"https:\/\/listings.mybikeplan.ch\/wp-content\/uploads\/2024\/10\/Stromer-ST3-Cool-White-Pinion-814-Wh-trapez.png\",\"width\":3000,\"height\":3000},{\"@type\":\"BreadcrumbList\",\"@id\":\"https:\/\/listings.mybikeplan.ch\/de\/produkt\/stromer-st3-cool-white-pinion-983-wh-trapez\/#breadcrumb\",\"itemListElement\":[{\"@type\":\"ListItem\",\"position\":1,\"name\":\"Home\",\"item\":\"https:\/\/listings.mybikeplan.ch\/de\/\"},{\"@type\":\"ListItem\",\"position\":2,\"name\":\"Stromer ST3 Cool White Pinion 983 Wh\"}]},{\"@type\":\"WebSite\",\"@id\":\"https:\/\/listings.mybikeplan.ch\/de\/#website\",\"url\":\"https:\/\/listings.mybikeplan.ch\/de\/\",\"name\":\"MyBikePlan\",\"description\":\"\",\"potentialAction\":[{\"@type\":\"SearchAction\",\"target\":{\"@type\":\"EntryPoint\",\"urlTemplate\":\"https:\/\/listings.mybikeplan.ch\/de\/?s={search_term_string}\"},\"query-input\":{\"@type\":\"PropertyValueSpecification\",\"valueRequired\":true,\"valueName\":\"search_term_string\"}}],\"inLanguage\":\"de\"}]}<\/script>\n<!-- \/ Yoast SEO plugin. -->","yoast_head_json":{"title":"Stromer ST3 Cool White Pinion 983 Wh | E-Bike | 0% Zins | Schweiz","description":"Hol Dir das Stromer ST3 Cool White Pinion 983 Wh und zahle ganz bequem in monatlichen Raten mit 0 % Zins ab! Jetzt profitieren und sofort losfahren.","robots":{"index":"noindex","follow":"follow","max-snippet":"max-snippet:-1","max-image-preview":"max-image-preview:large","max-video-preview":"max-video-preview:-1"},"og_locale":"de_DE","og_type":"article","og_title":"Stromer ST3 Cool White Pinion 983 Wh | E-Bike | 0% Zins | Schweiz","og_description":"Hol Dir das Stromer ST3 Cool White Pinion 983 Wh und zahle ganz bequem in monatlichen Raten mit 0 % Zins ab! Jetzt profitieren und sofort losfahren.","og_url":"https:\/\/listings.mybikeplan.ch\/de\/produkt\/stromer-st3-cool-white-pinion-983-wh-trapez\/","og_site_name":"MyBikePlan","article_modified_time":"2025-03-05T13:19:37+00:00","og_image":[{"width":3000,"height":3000,"url":"https:\/\/listings.mybikeplan.ch\/wp-content\/uploads\/2024\/10\/Stromer-ST3-Cool-White-Pinion-814-Wh-trapez.png","type":"image\/png"}],"twitter_card":"summary_large_image","twitter_misc":{"Gesch\u00e4tzte Lesezeit":"1\u00a0Minute"},"schema":{"@context":"https:\/\/schema.org","@graph":[{"@type":"WebPage","@id":"https:\/\/listings.mybikeplan.ch\/de\/produkt\/stromer-st3-cool-white-pinion-983-wh-trapez\/","url":"https:\/\/listings.mybikeplan.ch\/de\/produkt\/stromer-st3-cool-white-pinion-983-wh-trapez\/","name":"Stromer ST3 Cool White Pinion 983 Wh | E-Bike | 0% Zins | Schweiz","isPartOf":{"@id":"https:\/\/listings.mybikeplan.ch\/de\/#website"},"primaryImageOfPage":{"@id":"https:\/\/listings.mybikeplan.ch\/de\/produkt\/stromer-st3-cool-white-pinion-983-wh-trapez\/#primaryimage"},"image":{"@id":"https:\/\/listings.mybikeplan.ch\/de\/produkt\/stromer-st3-cool-white-pinion-983-wh-trapez\/#primaryimage"},"thumbnailUrl":"https:\/\/listings.mybikeplan.ch\/wp-content\/uploads\/2024\/10\/Stromer-ST3-Cool-White-Pinion-814-Wh-trapez.png","datePublished":"2024-10-04T10:34:41+00:00","dateModified":"2025-03-05T13:19:37+00:00","description":"Hol Dir das Stromer ST3 Cool White Pinion 983 Wh und zahle ganz bequem in monatlichen Raten mit 0 % Zins ab! Jetzt profitieren und sofort losfahren.","breadcrumb":{"@id":"https:\/\/listings.mybikeplan.ch\/de\/produkt\/stromer-st3-cool-white-pinion-983-wh-trapez\/#breadcrumb"},"inLanguage":"de","potentialAction":[{"@type":"ReadAction","target":["https:\/\/listings.mybikeplan.ch\/de\/produkt\/stromer-st3-cool-white-pinion-983-wh-trapez\/"]}]},{"@type":"ImageObject","inLanguage":"de","@id":"https:\/\/listings.mybikeplan.ch\/de\/produkt\/stromer-st3-cool-white-pinion-983-wh-trapez\/#primaryimage","url":"https:\/\/listings.mybikeplan.ch\/wp-content\/uploads\/2024\/10\/Stromer-ST3-Cool-White-Pinion-814-Wh-trapez.png","contentUrl":"https:\/\/listings.mybikeplan.ch\/wp-content\/uploads\/2024\/10\/Stromer-ST3-Cool-White-Pinion-814-Wh-trapez.png","width":3000,"height":3000},{"@type":"BreadcrumbList","@id":"https:\/\/listings.mybikeplan.ch\/de\/produkt\/stromer-st3-cool-white-pinion-983-wh-trapez\/#breadcrumb","itemListElement":[{"@type":"ListItem","position":1,"name":"Home","item":"https:\/\/listings.mybikeplan.ch\/de\/"},{"@type":"ListItem","position":2,"name":"Stromer ST3 Cool White Pinion 983 Wh"}]},{"@type":"WebSite","@id":"https:\/\/listings.mybikeplan.ch\/de\/#website","url":"https:\/\/listings.mybikeplan.ch\/de\/","name":"MyBikePlan","description":"","potentialAction":[{"@type":"SearchAction","target":{"@type":"EntryPoint","urlTemplate":"https:\/\/listings.mybikeplan.ch\/de\/?s={search_term_string}"},"query-input":{"@type":"PropertyValueSpecification","valueRequired":true,"valueName":"search_term_string"}}],"inLanguage":"de"}]}},"_links":{"self":[{"href":"https:\/\/listings.mybikeplan.ch\/de\/wp-json\/wp\/v2\/product\/68471","targetHints":{"allow":["GET"]}}],"collection":[{"href":"https:\/\/listings.mybikeplan.ch\/de\/wp-json\/wp\/v2\/product"}],"about":[{"href":"https:\/\/listings.mybikeplan.ch\/de\/wp-json\/wp\/v2\/types\/product"}],"replies":[{"embeddable":true,"href":"https:\/\/listings.mybikeplan.ch\/de\/wp-json\/wp\/v2\/comments?post=68471"}],"wp:featuredmedia":[{"embeddable":true,"href":"https:\/\/listings.mybikeplan.ch\/de\/wp-json\/wp\/v2\/media\/68479"}],"wp:attachment":[{"href":"https:\/\/listings.mybikeplan.ch\/de\/wp-json\/wp\/v2\/media?parent=68471"}],"wp:term":[{"taxonomy":"product_brand","embeddable":true,"href":"https:\/\/listings.mybikeplan.ch\/de\/wp-json\/wp\/v2\/product_brand?post=68471"},{"taxonomy":"product_cat","embeddable":true,"href":"https:\/\/listings.mybikeplan.ch\/de\/wp-json\/wp\/v2\/product_cat?post=68471"},{"taxonomy":"product_tag","embeddable":true,"href":"https:\/\/listings.mybikeplan.ch\/de\/wp-json\/wp\/v2\/product_tag?post=68471"}],"curies":[{"name":"wp","href":"https:\/\/api.w.org\/{rel}","templated":true}]}}