{"id":68410,"date":"2024-10-03T12:56:39","date_gmt":"2024-10-03T12:56:39","guid":{"rendered":"https:\/\/listings.mybikeplan.ch\/?post_type=product&#038;p=68410"},"modified":"2025-02-04T14:17:43","modified_gmt":"2025-02-04T14:17:43","slug":"hnf-nicolai-ud4-rohloff-green-wave","status":"publish","type":"product","link":"https:\/\/listings.mybikeplan.ch\/de\/produkt\/hnf-nicolai-ud4-rohloff-green-wave\/","title":{"rendered":"HNF Nicolai UD4 Rohloff"},"content":{"rendered":"<h2><strong>Das Wichtigste zum <\/strong>HNF Nicolai UD4 Rohloff<strong>:<\/strong><\/h2>\n<ul>\n<li>Ausstattet mit dem elektronischen Rohloff E14 Schaltsystem f\u00fcr m\u00fcheloses und pr\u00e4zises Schalten.<\/li>\n<li>Langlebiger Aluminiumrahmen, entworfen f\u00fcr maximalen Komfort und Robustheit, perfekt f\u00fcr st\u00e4dtische und Trekking-Abenteuer.<\/li>\n<li>Bosch Performance CX Motor mit 85 Nm Drehmoment und einer Reichweite von bis zu 150 km, bietet kraftvolle Unterst\u00fctzung f\u00fcr lange Touren.<\/li>\n<li>Vielseitige Transportm\u00f6glichkeiten dank des Racktime Snap.it 2.0 Systems, mit einer Tragf\u00e4higkeit von bis zu 25 kg.<\/li>\n<\/ul>\n<h2><strong>Das HNF Nicolai UD4 Rohloff ist perfekt f\u00fcr Dich, wenn Du:<\/strong><\/h2>\n<ul>\n<li>Ein hochwertiges E-Bike suchst, das steile Anstiege problemlos meistert und lange Distanzen bew\u00e4ltigt.<\/li>\n<li>Ein robustes und zuverl\u00e4ssiges Velo f\u00fcr Stadttouren und Offroad-Abenteuer brauchst.<\/li>\n<li>Ein nahtloses elektronisches Schalten bevorzugst, kombiniert mit minimalem Wartungsaufwand dank der Rohloff Nabenschaltung und dem Gates Carbon Riemen.<\/li>\n<li>Ein personalisierbares Fahrerlebnis w\u00fcnschst, mit modernen Funktionen wie dem Bosch Nyon Display und einstellbarer Federung f\u00fcr jedes Gel\u00e4nde.<\/li>\n<\/ul>\n<h2><strong>Gr\u00f6ssenempfehlung:<\/strong><\/h2>\n<ul>\n<li aria-level=\"1\">M: 165 &#8211; 178 cm<\/li>\n<li aria-level=\"1\">L: 178 &#8211; 188 cm<\/li>\n<\/ul>\n","protected":false},"excerpt":{"rendered":"<h2><b>\u00dcber die Marke HNF NICOLAI<\/b><\/h2>\n<p>Seit 2015 baut\u00a0HNF\u00a0Premium E-Bikes von h\u00f6chster Qualit\u00e4t. Heute ist HNF zu einem Synonym f\u00fcr hochwertige Fahrzeuge mit innovativen Antriebskonzepten und \u00fcberragendem Design im Premiumsegment geworden. Die Produktpalette reicht von City E-Bikes und Offroad-E-Bikes bis hin zu Transportfahrzeugen. Ihre E-Bikes werden in Europa nach den h\u00f6chsten Standards hergestellt und durch sorgf\u00e4ltige Kontrollen in der deutschen Fabrik begleitet.<\/p>\n","protected":false},"featured_media":68416,"comment_status":"open","ping_status":"closed","template":"","meta":{"_acf_changed":false},"product_brand":[],"product_cat":[583,15,578,2089,23,3249,579,4481,11799,580],"product_tag":[],"class_list":{"0":"post-68410","1":"product","2":"type-product","3":"status-publish","4":"has-post-thumbnail","6":"product_cat-25-km","7":"product_cat-alle-e-bikes","8":"product_cat-damen","9":"product_cat-e-bikes","10":"product_cat-e-trekking","11":"product_cat-gruen","12":"product_cat-herren","13":"product_cat-mybikeplan","14":"product_cat-sale_1000","15":"product_cat-wave","16":"pa_battery-bosch-powertube-625-wh-2","17":"pa_battery-size-625-wh","18":"pa_brakes-magura-v-mt5-203-mm-h-mt4-180-mm","19":"pa_brand-hnf-nicolai","20":"pa_display-bosch-nyon","21":"pa_filters-color-gruen","22":"pa_fork-rockshox-recon-silver-rl-solo-air-15-x-100-mm-tapered","23":"pa_frame-variant-wave","24":"pa_gear-change-rohloff-e14","25":"pa_gears-1-x-14","26":"pa_hex-color-0b4d44","27":"pa_max-weight-150-kg","28":"pa_motor-bosch-performance-cx-25","29":"pa_range-100-130-km","30":"pa_rider-height-165-170-cm","31":"pa_rider-height-170-175-cm","32":"pa_rider-height-175-180-cm","33":"pa_sizes-l-fr","34":"pa_sizes-m-fr","35":"pa_speed-25-km-heure","36":"pa_suspension-travel-100-mm","37":"pa_tires-schwalbe-super-moto-x-62-584-greenguard-reflex","38":"pa_weight-28-kg","40":"first","41":"instock","42":"shipping-taxable","43":"purchasable","44":"product-type-variable"},"acf":{"short_description":"Das HNF Nicolai UD4 Rohloff ist die ideale Wahl f\u00fcr Fahrer, die erstklassige Leistung, Komfort und modernste Technologie f\u00fcr st\u00e4dtische und Trekking-Umgebungen suchen.","bike_name":"HNF Nicolai UD4 Rohloff","highlight_text":"","frame":"","battery_size":"","motor_strength":""},"yoast_head":"<!-- This site is optimized with the Yoast SEO plugin v24.5 - https:\/\/yoast.com\/wordpress\/plugins\/seo\/ -->\n<title>HNF Nicolai UD4 Rohloff | E-Bike | 0% Zins | Schweiz<\/title>\n<meta name=\"description\" content=\"Hol Dir das HNF Nicolai UD4 Rohloff und zahle ganz bequem in monatlichen Raten mit 0 % Zins ab! Jetzt profitieren und sofort losfahren.\" \/>\n<meta name=\"robots\" content=\"noindex, follow, max-snippet:-1, max-image-preview:large, max-video-preview:-1\" \/>\n<meta property=\"og:locale\" content=\"de_DE\" \/>\n<meta property=\"og:type\" content=\"article\" \/>\n<meta property=\"og:title\" content=\"HNF Nicolai UD4 Rohloff | E-Bike | 0% Zins | Schweiz\" \/>\n<meta property=\"og:description\" content=\"Hol Dir das HNF Nicolai UD4 Rohloff und zahle ganz bequem in monatlichen Raten mit 0 % Zins ab! Jetzt profitieren und sofort losfahren.\" \/>\n<meta property=\"og:url\" content=\"https:\/\/listings.mybikeplan.ch\/de\/produkt\/hnf-nicolai-ud4-rohloff-green-wave\/\" \/>\n<meta property=\"og:site_name\" content=\"MyBikePlan\" \/>\n<meta property=\"article:modified_time\" content=\"2025-02-04T14:17:43+00:00\" \/>\n<meta property=\"og:image\" content=\"https:\/\/listings.mybikeplan.ch\/wp-content\/uploads\/2024\/10\/HNF-Nicolai-UD4-Rohloff-1024x1024.png\" \/>\n\t<meta property=\"og:image:width\" content=\"1024\" \/>\n\t<meta property=\"og:image:height\" content=\"1024\" \/>\n\t<meta property=\"og:image:type\" content=\"image\/png\" \/>\n<meta name=\"twitter:card\" content=\"summary_large_image\" \/>\n<meta name=\"twitter:label1\" content=\"Gesch\u00e4tzte Lesezeit\" \/>\n\t<meta name=\"twitter:data1\" content=\"1\u00a0Minute\" \/>\n<script type=\"application\/ld+json\" class=\"yoast-schema-graph\">{\"@context\":\"https:\/\/schema.org\",\"@graph\":[{\"@type\":\"WebPage\",\"@id\":\"https:\/\/listings.mybikeplan.ch\/de\/produkt\/hnf-nicolai-ud4-rohloff-green-wave\/\",\"url\":\"https:\/\/listings.mybikeplan.ch\/de\/produkt\/hnf-nicolai-ud4-rohloff-green-wave\/\",\"name\":\"HNF Nicolai UD4 Rohloff | E-Bike | 0% Zins | Schweiz\",\"isPartOf\":{\"@id\":\"https:\/\/listings.mybikeplan.ch\/de\/#website\"},\"primaryImageOfPage\":{\"@id\":\"https:\/\/listings.mybikeplan.ch\/de\/produkt\/hnf-nicolai-ud4-rohloff-green-wave\/#primaryimage\"},\"image\":{\"@id\":\"https:\/\/listings.mybikeplan.ch\/de\/produkt\/hnf-nicolai-ud4-rohloff-green-wave\/#primaryimage\"},\"thumbnailUrl\":\"https:\/\/listings.mybikeplan.ch\/wp-content\/uploads\/2024\/10\/HNF-Nicolai-UD4-Rohloff.png\",\"datePublished\":\"2024-10-03T12:56:39+00:00\",\"dateModified\":\"2025-02-04T14:17:43+00:00\",\"description\":\"Hol Dir das HNF Nicolai UD4 Rohloff und zahle ganz bequem in monatlichen Raten mit 0 % Zins ab! Jetzt profitieren und sofort losfahren.\",\"breadcrumb\":{\"@id\":\"https:\/\/listings.mybikeplan.ch\/de\/produkt\/hnf-nicolai-ud4-rohloff-green-wave\/#breadcrumb\"},\"inLanguage\":\"de\",\"potentialAction\":[{\"@type\":\"ReadAction\",\"target\":[\"https:\/\/listings.mybikeplan.ch\/de\/produkt\/hnf-nicolai-ud4-rohloff-green-wave\/\"]}]},{\"@type\":\"ImageObject\",\"inLanguage\":\"de\",\"@id\":\"https:\/\/listings.mybikeplan.ch\/de\/produkt\/hnf-nicolai-ud4-rohloff-green-wave\/#primaryimage\",\"url\":\"https:\/\/listings.mybikeplan.ch\/wp-content\/uploads\/2024\/10\/HNF-Nicolai-UD4-Rohloff.png\",\"contentUrl\":\"https:\/\/listings.mybikeplan.ch\/wp-content\/uploads\/2024\/10\/HNF-Nicolai-UD4-Rohloff.png\",\"width\":3000,\"height\":3000},{\"@type\":\"BreadcrumbList\",\"@id\":\"https:\/\/listings.mybikeplan.ch\/de\/produkt\/hnf-nicolai-ud4-rohloff-green-wave\/#breadcrumb\",\"itemListElement\":[{\"@type\":\"ListItem\",\"position\":1,\"name\":\"Home\",\"item\":\"https:\/\/listings.mybikeplan.ch\/de\/\"},{\"@type\":\"ListItem\",\"position\":2,\"name\":\"HNF Nicolai UD4 Rohloff\"}]},{\"@type\":\"WebSite\",\"@id\":\"https:\/\/listings.mybikeplan.ch\/de\/#website\",\"url\":\"https:\/\/listings.mybikeplan.ch\/de\/\",\"name\":\"MyBikePlan\",\"description\":\"\",\"potentialAction\":[{\"@type\":\"SearchAction\",\"target\":{\"@type\":\"EntryPoint\",\"urlTemplate\":\"https:\/\/listings.mybikeplan.ch\/de\/?s={search_term_string}\"},\"query-input\":{\"@type\":\"PropertyValueSpecification\",\"valueRequired\":true,\"valueName\":\"search_term_string\"}}],\"inLanguage\":\"de\"}]}<\/script>\n<!-- \/ Yoast SEO plugin. -->","yoast_head_json":{"title":"HNF Nicolai UD4 Rohloff | E-Bike | 0% Zins | Schweiz","description":"Hol Dir das HNF Nicolai UD4 Rohloff und zahle ganz bequem in monatlichen Raten mit 0 % Zins ab! Jetzt profitieren und sofort losfahren.","robots":{"index":"noindex","follow":"follow","max-snippet":"max-snippet:-1","max-image-preview":"max-image-preview:large","max-video-preview":"max-video-preview:-1"},"og_locale":"de_DE","og_type":"article","og_title":"HNF Nicolai UD4 Rohloff | E-Bike | 0% Zins | Schweiz","og_description":"Hol Dir das HNF Nicolai UD4 Rohloff und zahle ganz bequem in monatlichen Raten mit 0 % Zins ab! Jetzt profitieren und sofort losfahren.","og_url":"https:\/\/listings.mybikeplan.ch\/de\/produkt\/hnf-nicolai-ud4-rohloff-green-wave\/","og_site_name":"MyBikePlan","article_modified_time":"2025-02-04T14:17:43+00:00","og_image":[{"width":1024,"height":1024,"url":"https:\/\/listings.mybikeplan.ch\/wp-content\/uploads\/2024\/10\/HNF-Nicolai-UD4-Rohloff-1024x1024.png","type":"image\/png"}],"twitter_card":"summary_large_image","twitter_misc":{"Gesch\u00e4tzte Lesezeit":"1\u00a0Minute"},"schema":{"@context":"https:\/\/schema.org","@graph":[{"@type":"WebPage","@id":"https:\/\/listings.mybikeplan.ch\/de\/produkt\/hnf-nicolai-ud4-rohloff-green-wave\/","url":"https:\/\/listings.mybikeplan.ch\/de\/produkt\/hnf-nicolai-ud4-rohloff-green-wave\/","name":"HNF Nicolai UD4 Rohloff | E-Bike | 0% Zins | Schweiz","isPartOf":{"@id":"https:\/\/listings.mybikeplan.ch\/de\/#website"},"primaryImageOfPage":{"@id":"https:\/\/listings.mybikeplan.ch\/de\/produkt\/hnf-nicolai-ud4-rohloff-green-wave\/#primaryimage"},"image":{"@id":"https:\/\/listings.mybikeplan.ch\/de\/produkt\/hnf-nicolai-ud4-rohloff-green-wave\/#primaryimage"},"thumbnailUrl":"https:\/\/listings.mybikeplan.ch\/wp-content\/uploads\/2024\/10\/HNF-Nicolai-UD4-Rohloff.png","datePublished":"2024-10-03T12:56:39+00:00","dateModified":"2025-02-04T14:17:43+00:00","description":"Hol Dir das HNF Nicolai UD4 Rohloff und zahle ganz bequem in monatlichen Raten mit 0 % Zins ab! Jetzt profitieren und sofort losfahren.","breadcrumb":{"@id":"https:\/\/listings.mybikeplan.ch\/de\/produkt\/hnf-nicolai-ud4-rohloff-green-wave\/#breadcrumb"},"inLanguage":"de","potentialAction":[{"@type":"ReadAction","target":["https:\/\/listings.mybikeplan.ch\/de\/produkt\/hnf-nicolai-ud4-rohloff-green-wave\/"]}]},{"@type":"ImageObject","inLanguage":"de","@id":"https:\/\/listings.mybikeplan.ch\/de\/produkt\/hnf-nicolai-ud4-rohloff-green-wave\/#primaryimage","url":"https:\/\/listings.mybikeplan.ch\/wp-content\/uploads\/2024\/10\/HNF-Nicolai-UD4-Rohloff.png","contentUrl":"https:\/\/listings.mybikeplan.ch\/wp-content\/uploads\/2024\/10\/HNF-Nicolai-UD4-Rohloff.png","width":3000,"height":3000},{"@type":"BreadcrumbList","@id":"https:\/\/listings.mybikeplan.ch\/de\/produkt\/hnf-nicolai-ud4-rohloff-green-wave\/#breadcrumb","itemListElement":[{"@type":"ListItem","position":1,"name":"Home","item":"https:\/\/listings.mybikeplan.ch\/de\/"},{"@type":"ListItem","position":2,"name":"HNF Nicolai UD4 Rohloff"}]},{"@type":"WebSite","@id":"https:\/\/listings.mybikeplan.ch\/de\/#website","url":"https:\/\/listings.mybikeplan.ch\/de\/","name":"MyBikePlan","description":"","potentialAction":[{"@type":"SearchAction","target":{"@type":"EntryPoint","urlTemplate":"https:\/\/listings.mybikeplan.ch\/de\/?s={search_term_string}"},"query-input":{"@type":"PropertyValueSpecification","valueRequired":true,"valueName":"search_term_string"}}],"inLanguage":"de"}]}},"_links":{"self":[{"href":"https:\/\/listings.mybikeplan.ch\/de\/wp-json\/wp\/v2\/product\/68410","targetHints":{"allow":["GET"]}}],"collection":[{"href":"https:\/\/listings.mybikeplan.ch\/de\/wp-json\/wp\/v2\/product"}],"about":[{"href":"https:\/\/listings.mybikeplan.ch\/de\/wp-json\/wp\/v2\/types\/product"}],"replies":[{"embeddable":true,"href":"https:\/\/listings.mybikeplan.ch\/de\/wp-json\/wp\/v2\/comments?post=68410"}],"wp:featuredmedia":[{"embeddable":true,"href":"https:\/\/listings.mybikeplan.ch\/de\/wp-json\/wp\/v2\/media\/68416"}],"wp:attachment":[{"href":"https:\/\/listings.mybikeplan.ch\/de\/wp-json\/wp\/v2\/media?parent=68410"}],"wp:term":[{"taxonomy":"product_brand","embeddable":true,"href":"https:\/\/listings.mybikeplan.ch\/de\/wp-json\/wp\/v2\/product_brand?post=68410"},{"taxonomy":"product_cat","embeddable":true,"href":"https:\/\/listings.mybikeplan.ch\/de\/wp-json\/wp\/v2\/product_cat?post=68410"},{"taxonomy":"product_tag","embeddable":true,"href":"https:\/\/listings.mybikeplan.ch\/de\/wp-json\/wp\/v2\/product_tag?post=68410"}],"curies":[{"name":"wp","href":"https:\/\/api.w.org\/{rel}","templated":true}]}}