{"id":68184,"date":"2024-09-26T10:51:01","date_gmt":"2024-09-26T10:51:01","guid":{"rendered":"https:\/\/listings.mybikeplan.ch\/?post_type=product&#038;p=68184"},"modified":"2025-03-31T09:10:53","modified_gmt":"2025-03-31T09:10:53","slug":"kalkhoff-entice-7b-move-grey-diamant","status":"publish","type":"product","link":"https:\/\/listings.mybikeplan.ch\/de\/produkt\/kalkhoff-entice-7b-move-grey-diamant\/","title":{"rendered":"Kalkhoff Entice 7.B Move+"},"content":{"rendered":"<h2><strong>Das Wichtigste zum Kalkhoff Entice 7.B Move+:<\/strong><\/h2>\n<ul>\n<li>Kraftvoller Bosch Performance Line Motor f\u00fcr dynamische Unterst\u00fctzung.<\/li>\n<li>Komfortable und stabile Fahrweise dank robuster Trekkinggeometrie.<\/li>\n<li>Hochwertiger Aluminiumrahmen f\u00fcr Langlebigkeit und Sicherheit.<\/li>\n<li>Vollst\u00e4ndig integriertes Akkusystem f\u00fcr lange Touren und Reichweite.<\/li>\n<\/ul>\n<h2><strong>Das Kalkhoff Entice 7.B Move+ ist perfekt f\u00fcr Dich, wenn Du:<\/strong><\/h2>\n<ul>\n<li>Lange, entspannte Touren auf Asphalt oder unebenem Gel\u00e4nde unternehmen m\u00f6chtest.<\/li>\n<li>Ein robustes, wartungsarmes E-Bike f\u00fcr t\u00e4gliche Fahrten suchst.<\/li>\n<li>Die kraftvolle Unterst\u00fctzung eines Bosch Motors mit hoher Reichweite sch\u00e4tzt.<\/li>\n<li>Wert auf hochwertige Ausstattung und ein stilvolles, funktionales Design legst.<\/li>\n<\/ul>\n<h2><strong>Gr\u00f6ssenempfehlung:<\/strong><\/h2>\n<ul>\n<li aria-level=\"1\">S: 155 &#8211; 170 cm<\/li>\n<\/ul>\n","protected":false},"excerpt":{"rendered":"<h3><span data-sheets-root=\"1\" data-sheets-value=\"{&quot;1&quot;:2,&quot;2&quot;:&quot;\u00dcber die Marke BMCnMit jahrzehntelanger Erfahrung und einer st\u00e4ndigen Suche nach Geschwindigkeit hat sich BMC als Referenzmarke in der Welt der High-End-Fahrr\u00e4der etabliert. Seit den sp\u00e4ten 80er und fr\u00fchen 90er Jahren entwickelt und perfektioniert BMC bedeutende Innovationen, stets mit dem Ziel, die schnellsten Fahrr\u00e4der zu bauen. Ihr Team von \u00fcber 150 Experten in Grenchen, Schweiz, forscht und implementiert kontinuierlich neue Technologien.&quot;}\" data-sheets-userformat=\"{&quot;2&quot;:4541,&quot;3&quot;:{&quot;1&quot;:0},&quot;5&quot;:{&quot;1&quot;:[{&quot;1&quot;:2,&quot;2&quot;:0,&quot;5&quot;:{&quot;1&quot;:2,&quot;2&quot;:0}},{&quot;1&quot;:0,&quot;2&quot;:0,&quot;3&quot;:3},{&quot;1&quot;:1,&quot;2&quot;:0,&quot;4&quot;:1}]},&quot;6&quot;:{&quot;1&quot;:[{&quot;1&quot;:2,&quot;2&quot;:0,&quot;5&quot;:{&quot;1&quot;:2,&quot;2&quot;:0}},{&quot;1&quot;:0,&quot;2&quot;:0,&quot;3&quot;:3},{&quot;1&quot;:1,&quot;2&quot;:0,&quot;4&quot;:1}]},&quot;7&quot;:{&quot;1&quot;:[{&quot;1&quot;:2,&quot;2&quot;:0,&quot;5&quot;:{&quot;1&quot;:2,&quot;2&quot;:0}},{&quot;1&quot;:0,&quot;2&quot;:0,&quot;3&quot;:3},{&quot;1&quot;:1,&quot;2&quot;:0,&quot;4&quot;:1}]},&quot;8&quot;:{&quot;1&quot;:[{&quot;1&quot;:2,&quot;2&quot;:0,&quot;5&quot;:{&quot;1&quot;:2,&quot;2&quot;:0}},{&quot;1&quot;:0,&quot;2&quot;:0,&quot;3&quot;:3},{&quot;1&quot;:1,&quot;2&quot;:0,&quot;4&quot;:1}]},&quot;10&quot;:0,&quot;11&quot;:4,&quot;15&quot;:&quot;Arial&quot;}\" data-sheets-textstyleruns=\"{&quot;1&quot;:0,&quot;2&quot;:{}}\uee10{&quot;1&quot;:19}\"><strong>\u00dcber die Marke Kalkhoff<\/strong><\/span><\/h3>\n<p>Kalkhoff ist eine deutsche Traditionsmarke, die es schon seit \u00fcber 100 Jahren gibt. Das Unternehmen entwirft, entwickelt und produziert seine Kalkhoff E-Bikes und Velos im eigenen Werk in Cloppenburg, Deutschland. Die hohen Qualit\u00e4tsstandards und das moderne Design machen Kalkhoff E-Bikes einzigartig. Trekking E-Bikes und City E-Bikes sind dabei die Kernst\u00e4rke und bieten maximalen Komfort und Leistung.<\/p>\n","protected":false},"featured_media":68187,"comment_status":"open","ping_status":"closed","template":"","meta":{"_acf_changed":false},"product_brand":[],"product_cat":[583,578,582,2089,21,3250,579,53,4481,11799],"product_tag":[],"class_list":{"0":"post-68184","1":"product","2":"type-product","3":"status-publish","4":"has-post-thumbnail","6":"product_cat-25-km","7":"product_cat-damen","8":"product_cat-diamant","9":"product_cat-e-bikes","10":"product_cat-e-urban","11":"product_cat-grau","12":"product_cat-herren","13":"product_cat-marke-kalkhoff","14":"product_cat-mybikeplan","15":"product_cat-sale_1000","16":"pa_battery-bosch-powertube-li-ion-36-v-750-wh","17":"pa_battery-size-750-wh","18":"pa_brakes-tektro-t535","19":"pa_brand-kalkhoff","20":"pa_cassette-shimano-deore","21":"pa_display-bosch-kiox-300-farbdisplay-mit-schiebehilfe","22":"pa_filters-color-grau","23":"pa_fork-sr-suntour-mobie25-air-blockierbar-15mm-steckachse","24":"pa_frame-variant-diamant","25":"pa_gear-change-10-g-shimano-deore-linkglide","26":"pa_hex-color-776c67","27":"pa_max-weight-170-kg","28":"pa_motor-bosch-performance-line-cx-smart-system-36-v-250-w-85-nm","29":"pa_range-140-180-km-fr","30":"pa_rider-height-155-160-cm","31":"pa_rider-height-160-165-cm","32":"pa_rider-height-165-170-cm","33":"pa_sizes-s-fr","34":"pa_speed-25-km-heure","35":"pa_suspension-travel-100-mm","36":"pa_tires-schwalbe-smart-sam-57-584","37":"pa_weight-28-4-kg","39":"first","40":"instock","41":"shipping-taxable","42":"purchasable","43":"product-type-variable"},"acf":{"short_description":"Das Kalkhoff Entice 7.B Move verbindet kraftvolle Motorunterst\u00fctzung mit h\u00f6chstem Fahrkomfort f\u00fcr ausgiebige Touren auf jeder Strecke.","bike_name":"Kalkhoff Entice 7.B Move+","highlight_text":"","frame":"","battery_size":"","motor_strength":""},"yoast_head":"<!-- This site is optimized with the Yoast SEO plugin v24.5 - https:\/\/yoast.com\/wordpress\/plugins\/seo\/ -->\n<title>Kalkhoff Entice 7.B Move+ | E-Bike | 0% Zins | Schweiz<\/title>\n<meta name=\"description\" content=\"Hol Dir das Kalkhoff Entice 7.B Move+ und zahle ganz bequem in monatlichen Raten mit 0 % Zins ab! Jetzt profitieren und sofort losfahren.\" \/>\n<meta name=\"robots\" content=\"noindex, follow, max-snippet:-1, max-image-preview:large, max-video-preview:-1\" \/>\n<meta property=\"og:locale\" content=\"de_DE\" \/>\n<meta property=\"og:type\" content=\"article\" \/>\n<meta property=\"og:title\" content=\"Kalkhoff Entice 7.B Move+ | E-Bike | 0% Zins | Schweiz\" \/>\n<meta property=\"og:description\" content=\"Hol Dir das Kalkhoff Entice 7.B Move+ und zahle ganz bequem in monatlichen Raten mit 0 % Zins ab! Jetzt profitieren und sofort losfahren.\" \/>\n<meta property=\"og:url\" content=\"https:\/\/listings.mybikeplan.ch\/de\/produkt\/kalkhoff-entice-7b-move-grey-diamant\/\" \/>\n<meta property=\"og:site_name\" content=\"MyBikePlan\" \/>\n<meta property=\"article:modified_time\" content=\"2025-03-31T09:10:53+00:00\" \/>\n<meta property=\"og:image\" content=\"https:\/\/listings.mybikeplan.ch\/wp-content\/uploads\/2024\/09\/Kalkhoff-Entice-7.B-Move-grey-diamant-1024x1024.png\" \/>\n\t<meta property=\"og:image:width\" content=\"1024\" \/>\n\t<meta property=\"og:image:height\" content=\"1024\" \/>\n\t<meta property=\"og:image:type\" content=\"image\/png\" \/>\n<meta name=\"twitter:card\" content=\"summary_large_image\" \/>\n<meta name=\"twitter:label1\" content=\"Gesch\u00e4tzte Lesezeit\" \/>\n\t<meta name=\"twitter:data1\" content=\"1\u00a0Minute\" \/>\n<script type=\"application\/ld+json\" class=\"yoast-schema-graph\">{\"@context\":\"https:\/\/schema.org\",\"@graph\":[{\"@type\":\"WebPage\",\"@id\":\"https:\/\/listings.mybikeplan.ch\/de\/produkt\/kalkhoff-entice-7b-move-grey-diamant\/\",\"url\":\"https:\/\/listings.mybikeplan.ch\/de\/produkt\/kalkhoff-entice-7b-move-grey-diamant\/\",\"name\":\"Kalkhoff Entice 7.B Move+ | E-Bike | 0% Zins | Schweiz\",\"isPartOf\":{\"@id\":\"https:\/\/listings.mybikeplan.ch\/de\/#website\"},\"primaryImageOfPage\":{\"@id\":\"https:\/\/listings.mybikeplan.ch\/de\/produkt\/kalkhoff-entice-7b-move-grey-diamant\/#primaryimage\"},\"image\":{\"@id\":\"https:\/\/listings.mybikeplan.ch\/de\/produkt\/kalkhoff-entice-7b-move-grey-diamant\/#primaryimage\"},\"thumbnailUrl\":\"https:\/\/listings.mybikeplan.ch\/wp-content\/uploads\/2024\/09\/Kalkhoff-Entice-7.B-Move-grey-diamant.png\",\"datePublished\":\"2024-09-26T10:51:01+00:00\",\"dateModified\":\"2025-03-31T09:10:53+00:00\",\"description\":\"Hol Dir das Kalkhoff Entice 7.B Move+ und zahle ganz bequem in monatlichen Raten mit 0 % Zins ab! Jetzt profitieren und sofort losfahren.\",\"breadcrumb\":{\"@id\":\"https:\/\/listings.mybikeplan.ch\/de\/produkt\/kalkhoff-entice-7b-move-grey-diamant\/#breadcrumb\"},\"inLanguage\":\"de\",\"potentialAction\":[{\"@type\":\"ReadAction\",\"target\":[\"https:\/\/listings.mybikeplan.ch\/de\/produkt\/kalkhoff-entice-7b-move-grey-diamant\/\"]}]},{\"@type\":\"ImageObject\",\"inLanguage\":\"de\",\"@id\":\"https:\/\/listings.mybikeplan.ch\/de\/produkt\/kalkhoff-entice-7b-move-grey-diamant\/#primaryimage\",\"url\":\"https:\/\/listings.mybikeplan.ch\/wp-content\/uploads\/2024\/09\/Kalkhoff-Entice-7.B-Move-grey-diamant.png\",\"contentUrl\":\"https:\/\/listings.mybikeplan.ch\/wp-content\/uploads\/2024\/09\/Kalkhoff-Entice-7.B-Move-grey-diamant.png\",\"width\":3000,\"height\":3000},{\"@type\":\"BreadcrumbList\",\"@id\":\"https:\/\/listings.mybikeplan.ch\/de\/produkt\/kalkhoff-entice-7b-move-grey-diamant\/#breadcrumb\",\"itemListElement\":[{\"@type\":\"ListItem\",\"position\":1,\"name\":\"Home\",\"item\":\"https:\/\/listings.mybikeplan.ch\/de\/\"},{\"@type\":\"ListItem\",\"position\":2,\"name\":\"Kalkhoff Entice 7.B Move+\"}]},{\"@type\":\"WebSite\",\"@id\":\"https:\/\/listings.mybikeplan.ch\/de\/#website\",\"url\":\"https:\/\/listings.mybikeplan.ch\/de\/\",\"name\":\"MyBikePlan\",\"description\":\"\",\"potentialAction\":[{\"@type\":\"SearchAction\",\"target\":{\"@type\":\"EntryPoint\",\"urlTemplate\":\"https:\/\/listings.mybikeplan.ch\/de\/?s={search_term_string}\"},\"query-input\":{\"@type\":\"PropertyValueSpecification\",\"valueRequired\":true,\"valueName\":\"search_term_string\"}}],\"inLanguage\":\"de\"}]}<\/script>\n<!-- \/ Yoast SEO plugin. -->","yoast_head_json":{"title":"Kalkhoff Entice 7.B Move+ | E-Bike | 0% Zins | Schweiz","description":"Hol Dir das Kalkhoff Entice 7.B Move+ und zahle ganz bequem in monatlichen Raten mit 0 % Zins ab! Jetzt profitieren und sofort losfahren.","robots":{"index":"noindex","follow":"follow","max-snippet":"max-snippet:-1","max-image-preview":"max-image-preview:large","max-video-preview":"max-video-preview:-1"},"og_locale":"de_DE","og_type":"article","og_title":"Kalkhoff Entice 7.B Move+ | E-Bike | 0% Zins | Schweiz","og_description":"Hol Dir das Kalkhoff Entice 7.B Move+ und zahle ganz bequem in monatlichen Raten mit 0 % Zins ab! Jetzt profitieren und sofort losfahren.","og_url":"https:\/\/listings.mybikeplan.ch\/de\/produkt\/kalkhoff-entice-7b-move-grey-diamant\/","og_site_name":"MyBikePlan","article_modified_time":"2025-03-31T09:10:53+00:00","og_image":[{"width":1024,"height":1024,"url":"https:\/\/listings.mybikeplan.ch\/wp-content\/uploads\/2024\/09\/Kalkhoff-Entice-7.B-Move-grey-diamant-1024x1024.png","type":"image\/png"}],"twitter_card":"summary_large_image","twitter_misc":{"Gesch\u00e4tzte Lesezeit":"1\u00a0Minute"},"schema":{"@context":"https:\/\/schema.org","@graph":[{"@type":"WebPage","@id":"https:\/\/listings.mybikeplan.ch\/de\/produkt\/kalkhoff-entice-7b-move-grey-diamant\/","url":"https:\/\/listings.mybikeplan.ch\/de\/produkt\/kalkhoff-entice-7b-move-grey-diamant\/","name":"Kalkhoff Entice 7.B Move+ | E-Bike | 0% Zins | Schweiz","isPartOf":{"@id":"https:\/\/listings.mybikeplan.ch\/de\/#website"},"primaryImageOfPage":{"@id":"https:\/\/listings.mybikeplan.ch\/de\/produkt\/kalkhoff-entice-7b-move-grey-diamant\/#primaryimage"},"image":{"@id":"https:\/\/listings.mybikeplan.ch\/de\/produkt\/kalkhoff-entice-7b-move-grey-diamant\/#primaryimage"},"thumbnailUrl":"https:\/\/listings.mybikeplan.ch\/wp-content\/uploads\/2024\/09\/Kalkhoff-Entice-7.B-Move-grey-diamant.png","datePublished":"2024-09-26T10:51:01+00:00","dateModified":"2025-03-31T09:10:53+00:00","description":"Hol Dir das Kalkhoff Entice 7.B Move+ und zahle ganz bequem in monatlichen Raten mit 0 % Zins ab! Jetzt profitieren und sofort losfahren.","breadcrumb":{"@id":"https:\/\/listings.mybikeplan.ch\/de\/produkt\/kalkhoff-entice-7b-move-grey-diamant\/#breadcrumb"},"inLanguage":"de","potentialAction":[{"@type":"ReadAction","target":["https:\/\/listings.mybikeplan.ch\/de\/produkt\/kalkhoff-entice-7b-move-grey-diamant\/"]}]},{"@type":"ImageObject","inLanguage":"de","@id":"https:\/\/listings.mybikeplan.ch\/de\/produkt\/kalkhoff-entice-7b-move-grey-diamant\/#primaryimage","url":"https:\/\/listings.mybikeplan.ch\/wp-content\/uploads\/2024\/09\/Kalkhoff-Entice-7.B-Move-grey-diamant.png","contentUrl":"https:\/\/listings.mybikeplan.ch\/wp-content\/uploads\/2024\/09\/Kalkhoff-Entice-7.B-Move-grey-diamant.png","width":3000,"height":3000},{"@type":"BreadcrumbList","@id":"https:\/\/listings.mybikeplan.ch\/de\/produkt\/kalkhoff-entice-7b-move-grey-diamant\/#breadcrumb","itemListElement":[{"@type":"ListItem","position":1,"name":"Home","item":"https:\/\/listings.mybikeplan.ch\/de\/"},{"@type":"ListItem","position":2,"name":"Kalkhoff Entice 7.B Move+"}]},{"@type":"WebSite","@id":"https:\/\/listings.mybikeplan.ch\/de\/#website","url":"https:\/\/listings.mybikeplan.ch\/de\/","name":"MyBikePlan","description":"","potentialAction":[{"@type":"SearchAction","target":{"@type":"EntryPoint","urlTemplate":"https:\/\/listings.mybikeplan.ch\/de\/?s={search_term_string}"},"query-input":{"@type":"PropertyValueSpecification","valueRequired":true,"valueName":"search_term_string"}}],"inLanguage":"de"}]}},"_links":{"self":[{"href":"https:\/\/listings.mybikeplan.ch\/de\/wp-json\/wp\/v2\/product\/68184","targetHints":{"allow":["GET"]}}],"collection":[{"href":"https:\/\/listings.mybikeplan.ch\/de\/wp-json\/wp\/v2\/product"}],"about":[{"href":"https:\/\/listings.mybikeplan.ch\/de\/wp-json\/wp\/v2\/types\/product"}],"replies":[{"embeddable":true,"href":"https:\/\/listings.mybikeplan.ch\/de\/wp-json\/wp\/v2\/comments?post=68184"}],"wp:featuredmedia":[{"embeddable":true,"href":"https:\/\/listings.mybikeplan.ch\/de\/wp-json\/wp\/v2\/media\/68187"}],"wp:attachment":[{"href":"https:\/\/listings.mybikeplan.ch\/de\/wp-json\/wp\/v2\/media?parent=68184"}],"wp:term":[{"taxonomy":"product_brand","embeddable":true,"href":"https:\/\/listings.mybikeplan.ch\/de\/wp-json\/wp\/v2\/product_brand?post=68184"},{"taxonomy":"product_cat","embeddable":true,"href":"https:\/\/listings.mybikeplan.ch\/de\/wp-json\/wp\/v2\/product_cat?post=68184"},{"taxonomy":"product_tag","embeddable":true,"href":"https:\/\/listings.mybikeplan.ch\/de\/wp-json\/wp\/v2\/product_tag?post=68184"}],"curies":[{"name":"wp","href":"https:\/\/api.w.org\/{rel}","templated":true}]}}