{"id":68078,"date":"2024-09-23T10:04:54","date_gmt":"2024-09-23T10:04:54","guid":{"rendered":"https:\/\/listings.mybikeplan.ch\/?post_type=product&#038;p=68078"},"modified":"2025-02-19T12:53:21","modified_gmt":"2025-02-19T12:53:21","slug":"specter-1s-long-range-red","status":"publish","type":"product","link":"https:\/\/listings.mybikeplan.ch\/de\/produkt\/specter-1s-long-range-red\/","title":{"rendered":"Specter 1S: Long Range"},"content":{"rendered":"<h2><b>Das Wichtigste zum Specter 1S: Long Range:\u00a0<\/b><\/h2>\n<ul>\n<li aria-level=\"1\">Geschwindigkeiten von bis zu 45 km\/h.<\/li>\n<li aria-level=\"1\">Futuristisches Design.<\/li>\n<\/ul>\n<h2><b>Das Specter 1S: Long Range ist perfekt f\u00fcr Dich, wenn Du:<\/b><\/h2>\n<ul>\n<li aria-level=\"1\">In der Stadt lebst.<\/li>\n<li aria-level=\"1\">Nach einem Hochgeschwindigkeitsbike f\u00fcr das Pendeln und den Alltag suchst.<\/li>\n<li aria-level=\"1\">Auf eine neue, innovative Marke setzen willst.<\/li>\n<\/ul>\n<p>&nbsp;<\/p>\n<p>Kleinere Version vom Specter 1: Long Range.<\/p>\n","protected":false},"excerpt":{"rendered":"<h2>Specter 1S: Long Range<\/h2>\n<p>D\u00fcrfen wir vorstellen? Das Specter 1, das leichteste S-Pedelec auf dem Markt.<\/p>\n<p>Wir bei MyBikePlan sind die Ersten, die dieses innovative neue E-Bike in der Schweiz anbieten!<\/p>\n<p>Das Specter 1 besteht aus Kohlefaser f\u00fcr ultimative Man\u00f6vrierf\u00e4higkeit und mit einem intuitiven Mittelantriebsmotor. Vom Antriebsstrang bis zum Cockpit; das Specter kombiniert aussergew\u00f6hnliches Design mit unvergleichlicher Ausstattung, Handhabung und Leistung. Mit dem eingebauten HD-Display hast Du alle Informationen stets im \u00dcberblick.<\/p>\n<p>Im Lieferumfang enthalten: Gep\u00e4cktr\u00e4ger<\/p>\n<h2><b>\u00dcber die Marke Spectre<\/b><\/h2>\n<p>Vom Antriebsstrang bis zum Cockpit: Specter kombiniert aussergew\u00f6hnliches Design mit unvergleichlicher Ausstattung der Handhabung und Leistung bei S-Pedelecs. Die Marke mit Sitz in Belgien hat erst vor Kurzem den Sprung in die Schweiz gewagt. Specter entwickelt die meisten seiner Komponenten selbst. Die meisten Komponenten wird man daher nicht so schnell auf einem anderen E-Bike finden. Ausserdem werden alle Specter in den eigenen Fabriken in Flandern, Belgien, gebaut.<\/p>\n","protected":false},"featured_media":68082,"comment_status":"open","ping_status":"closed","template":"","meta":{"_acf_changed":false},"product_brand":[],"product_cat":[584,15,578,582,2089,21,8886,4481,3252,12614],"product_tag":[],"class_list":{"0":"post-68078","1":"product","2":"type-product","3":"status-publish","4":"has-post-thumbnail","6":"product_cat-45-km","7":"product_cat-alle-e-bikes","8":"product_cat-damen","9":"product_cat-diamant","10":"product_cat-e-bikes","11":"product_cat-e-urban","12":"product_cat-marke-specter","13":"product_cat-mybikeplan","14":"product_cat-rot","15":"product_cat-soh_500","16":"pa_battery-1200-wh","17":"pa_battery-size-1200-wh","18":"pa_brakes-trp-4-piston-disc-brake","19":"pa_brand-specter","20":"pa_filters-color-rot","21":"pa_frame-variant-diamant","22":"pa_gear-change-enviolo-heavy-duty","23":"pa_gears-6-gaenge","24":"pa_hex-color-276e4c-produkt-specter-1s-long-range-green","25":"pa_hex-color-4d0b0a","26":"pa_hex-color-4f504d-produkt-specter-1s-long-range-dark-grey","27":"pa_hex-color-c7c7c5-produkt-specter-1s-long-range-light-grey","28":"pa_max-weight-135-kg","29":"pa_motor-sachs-rs-730w-frontmotor-500w-136-nm","30":"pa_range-bis-max-130-km","31":"pa_rider-height-165-170-cm","32":"pa_rider-height-170-175-cm","33":"pa_rider-height-175-180-cm","34":"pa_rider-height-180-185-cm","35":"pa_rider-height-185-190-cm","36":"pa_seat-tube-length-uni-size","37":"pa_speed-45-km-stunde","38":"pa_weight-285-kg","39":"pa_wheel-size-29-zoll-2","41":"first","42":"instock","43":"shipping-taxable","44":"purchasable","45":"product-type-variable"},"acf":{"short_description":"Ultimative Man\u00f6vrierbarkeit mit einem intuitiven Motor: Das ist das leichteste S-Pedelec auf dem Markt!","bike_name":"Specter 1S: Long Range","highlight_text":"","frame":"","battery_size":"","motor_strength":""},"yoast_head":"<!-- This site is optimized with the Yoast SEO plugin v24.5 - https:\/\/yoast.com\/wordpress\/plugins\/seo\/ -->\n<title>Specter 1S: Long Range | E-Bike | 0% Zins | Schweiz<\/title>\n<meta name=\"description\" content=\"Hol Dir das Specter 1S: Long Range und zahle ganz bequem in monatlichen Raten mit 0 % Zins ab! Jetzt profitieren und sofort losfahren.\" \/>\n<meta name=\"robots\" content=\"noindex, follow, max-snippet:-1, max-image-preview:large, max-video-preview:-1\" \/>\n<meta property=\"og:locale\" content=\"de_DE\" \/>\n<meta property=\"og:type\" content=\"article\" \/>\n<meta property=\"og:title\" content=\"Specter 1S: Long Range | E-Bike | 0% Zins | Schweiz\" \/>\n<meta property=\"og:description\" content=\"Hol Dir das Specter 1S: Long Range und zahle ganz bequem in monatlichen Raten mit 0 % Zins ab! Jetzt profitieren und sofort losfahren.\" \/>\n<meta property=\"og:url\" content=\"https:\/\/listings.mybikeplan.ch\/de\/produkt\/specter-1s-long-range-red\/\" \/>\n<meta property=\"og:site_name\" content=\"MyBikePlan\" \/>\n<meta property=\"article:modified_time\" content=\"2025-02-19T12:53:21+00:00\" \/>\n<meta property=\"og:image\" content=\"https:\/\/listings.mybikeplan.ch\/wp-content\/uploads\/2024\/09\/Specter-1S-Long-Range-red.png\" \/>\n\t<meta property=\"og:image:width\" content=\"3000\" \/>\n\t<meta property=\"og:image:height\" content=\"3000\" \/>\n\t<meta property=\"og:image:type\" content=\"image\/png\" \/>\n<meta name=\"twitter:card\" content=\"summary_large_image\" \/>\n<meta name=\"twitter:label1\" content=\"Gesch\u00e4tzte Lesezeit\" \/>\n\t<meta name=\"twitter:data1\" content=\"1\u00a0Minute\" \/>\n<script type=\"application\/ld+json\" class=\"yoast-schema-graph\">{\"@context\":\"https:\/\/schema.org\",\"@graph\":[{\"@type\":\"WebPage\",\"@id\":\"https:\/\/listings.mybikeplan.ch\/de\/produkt\/specter-1s-long-range-red\/\",\"url\":\"https:\/\/listings.mybikeplan.ch\/de\/produkt\/specter-1s-long-range-red\/\",\"name\":\"Specter 1S: Long Range | E-Bike | 0% Zins | Schweiz\",\"isPartOf\":{\"@id\":\"https:\/\/listings.mybikeplan.ch\/de\/#website\"},\"primaryImageOfPage\":{\"@id\":\"https:\/\/listings.mybikeplan.ch\/de\/produkt\/specter-1s-long-range-red\/#primaryimage\"},\"image\":{\"@id\":\"https:\/\/listings.mybikeplan.ch\/de\/produkt\/specter-1s-long-range-red\/#primaryimage\"},\"thumbnailUrl\":\"https:\/\/listings.mybikeplan.ch\/wp-content\/uploads\/2024\/09\/Specter-1S-Long-Range-red.png\",\"datePublished\":\"2024-09-23T10:04:54+00:00\",\"dateModified\":\"2025-02-19T12:53:21+00:00\",\"description\":\"Hol Dir das Specter 1S: Long Range und zahle ganz bequem in monatlichen Raten mit 0 % Zins ab! Jetzt profitieren und sofort losfahren.\",\"breadcrumb\":{\"@id\":\"https:\/\/listings.mybikeplan.ch\/de\/produkt\/specter-1s-long-range-red\/#breadcrumb\"},\"inLanguage\":\"de\",\"potentialAction\":[{\"@type\":\"ReadAction\",\"target\":[\"https:\/\/listings.mybikeplan.ch\/de\/produkt\/specter-1s-long-range-red\/\"]}]},{\"@type\":\"ImageObject\",\"inLanguage\":\"de\",\"@id\":\"https:\/\/listings.mybikeplan.ch\/de\/produkt\/specter-1s-long-range-red\/#primaryimage\",\"url\":\"https:\/\/listings.mybikeplan.ch\/wp-content\/uploads\/2024\/09\/Specter-1S-Long-Range-red.png\",\"contentUrl\":\"https:\/\/listings.mybikeplan.ch\/wp-content\/uploads\/2024\/09\/Specter-1S-Long-Range-red.png\",\"width\":3000,\"height\":3000},{\"@type\":\"BreadcrumbList\",\"@id\":\"https:\/\/listings.mybikeplan.ch\/de\/produkt\/specter-1s-long-range-red\/#breadcrumb\",\"itemListElement\":[{\"@type\":\"ListItem\",\"position\":1,\"name\":\"Home\",\"item\":\"https:\/\/listings.mybikeplan.ch\/de\/\"},{\"@type\":\"ListItem\",\"position\":2,\"name\":\"Specter 1S: Long Range\"}]},{\"@type\":\"WebSite\",\"@id\":\"https:\/\/listings.mybikeplan.ch\/de\/#website\",\"url\":\"https:\/\/listings.mybikeplan.ch\/de\/\",\"name\":\"MyBikePlan\",\"description\":\"\",\"potentialAction\":[{\"@type\":\"SearchAction\",\"target\":{\"@type\":\"EntryPoint\",\"urlTemplate\":\"https:\/\/listings.mybikeplan.ch\/de\/?s={search_term_string}\"},\"query-input\":{\"@type\":\"PropertyValueSpecification\",\"valueRequired\":true,\"valueName\":\"search_term_string\"}}],\"inLanguage\":\"de\"}]}<\/script>\n<!-- \/ Yoast SEO plugin. -->","yoast_head_json":{"title":"Specter 1S: Long Range | E-Bike | 0% Zins | Schweiz","description":"Hol Dir das Specter 1S: Long Range und zahle ganz bequem in monatlichen Raten mit 0 % Zins ab! Jetzt profitieren und sofort losfahren.","robots":{"index":"noindex","follow":"follow","max-snippet":"max-snippet:-1","max-image-preview":"max-image-preview:large","max-video-preview":"max-video-preview:-1"},"og_locale":"de_DE","og_type":"article","og_title":"Specter 1S: Long Range | E-Bike | 0% Zins | Schweiz","og_description":"Hol Dir das Specter 1S: Long Range und zahle ganz bequem in monatlichen Raten mit 0 % Zins ab! Jetzt profitieren und sofort losfahren.","og_url":"https:\/\/listings.mybikeplan.ch\/de\/produkt\/specter-1s-long-range-red\/","og_site_name":"MyBikePlan","article_modified_time":"2025-02-19T12:53:21+00:00","og_image":[{"width":3000,"height":3000,"url":"https:\/\/listings.mybikeplan.ch\/wp-content\/uploads\/2024\/09\/Specter-1S-Long-Range-red.png","type":"image\/png"}],"twitter_card":"summary_large_image","twitter_misc":{"Gesch\u00e4tzte Lesezeit":"1\u00a0Minute"},"schema":{"@context":"https:\/\/schema.org","@graph":[{"@type":"WebPage","@id":"https:\/\/listings.mybikeplan.ch\/de\/produkt\/specter-1s-long-range-red\/","url":"https:\/\/listings.mybikeplan.ch\/de\/produkt\/specter-1s-long-range-red\/","name":"Specter 1S: Long Range | E-Bike | 0% Zins | Schweiz","isPartOf":{"@id":"https:\/\/listings.mybikeplan.ch\/de\/#website"},"primaryImageOfPage":{"@id":"https:\/\/listings.mybikeplan.ch\/de\/produkt\/specter-1s-long-range-red\/#primaryimage"},"image":{"@id":"https:\/\/listings.mybikeplan.ch\/de\/produkt\/specter-1s-long-range-red\/#primaryimage"},"thumbnailUrl":"https:\/\/listings.mybikeplan.ch\/wp-content\/uploads\/2024\/09\/Specter-1S-Long-Range-red.png","datePublished":"2024-09-23T10:04:54+00:00","dateModified":"2025-02-19T12:53:21+00:00","description":"Hol Dir das Specter 1S: Long Range und zahle ganz bequem in monatlichen Raten mit 0 % Zins ab! Jetzt profitieren und sofort losfahren.","breadcrumb":{"@id":"https:\/\/listings.mybikeplan.ch\/de\/produkt\/specter-1s-long-range-red\/#breadcrumb"},"inLanguage":"de","potentialAction":[{"@type":"ReadAction","target":["https:\/\/listings.mybikeplan.ch\/de\/produkt\/specter-1s-long-range-red\/"]}]},{"@type":"ImageObject","inLanguage":"de","@id":"https:\/\/listings.mybikeplan.ch\/de\/produkt\/specter-1s-long-range-red\/#primaryimage","url":"https:\/\/listings.mybikeplan.ch\/wp-content\/uploads\/2024\/09\/Specter-1S-Long-Range-red.png","contentUrl":"https:\/\/listings.mybikeplan.ch\/wp-content\/uploads\/2024\/09\/Specter-1S-Long-Range-red.png","width":3000,"height":3000},{"@type":"BreadcrumbList","@id":"https:\/\/listings.mybikeplan.ch\/de\/produkt\/specter-1s-long-range-red\/#breadcrumb","itemListElement":[{"@type":"ListItem","position":1,"name":"Home","item":"https:\/\/listings.mybikeplan.ch\/de\/"},{"@type":"ListItem","position":2,"name":"Specter 1S: Long Range"}]},{"@type":"WebSite","@id":"https:\/\/listings.mybikeplan.ch\/de\/#website","url":"https:\/\/listings.mybikeplan.ch\/de\/","name":"MyBikePlan","description":"","potentialAction":[{"@type":"SearchAction","target":{"@type":"EntryPoint","urlTemplate":"https:\/\/listings.mybikeplan.ch\/de\/?s={search_term_string}"},"query-input":{"@type":"PropertyValueSpecification","valueRequired":true,"valueName":"search_term_string"}}],"inLanguage":"de"}]}},"_links":{"self":[{"href":"https:\/\/listings.mybikeplan.ch\/de\/wp-json\/wp\/v2\/product\/68078","targetHints":{"allow":["GET"]}}],"collection":[{"href":"https:\/\/listings.mybikeplan.ch\/de\/wp-json\/wp\/v2\/product"}],"about":[{"href":"https:\/\/listings.mybikeplan.ch\/de\/wp-json\/wp\/v2\/types\/product"}],"replies":[{"embeddable":true,"href":"https:\/\/listings.mybikeplan.ch\/de\/wp-json\/wp\/v2\/comments?post=68078"}],"wp:featuredmedia":[{"embeddable":true,"href":"https:\/\/listings.mybikeplan.ch\/de\/wp-json\/wp\/v2\/media\/68082"}],"wp:attachment":[{"href":"https:\/\/listings.mybikeplan.ch\/de\/wp-json\/wp\/v2\/media?parent=68078"}],"wp:term":[{"taxonomy":"product_brand","embeddable":true,"href":"https:\/\/listings.mybikeplan.ch\/de\/wp-json\/wp\/v2\/product_brand?post=68078"},{"taxonomy":"product_cat","embeddable":true,"href":"https:\/\/listings.mybikeplan.ch\/de\/wp-json\/wp\/v2\/product_cat?post=68078"},{"taxonomy":"product_tag","embeddable":true,"href":"https:\/\/listings.mybikeplan.ch\/de\/wp-json\/wp\/v2\/product_tag?post=68078"}],"curies":[{"name":"wp","href":"https:\/\/api.w.org\/{rel}","templated":true}]}}