{"id":67281,"date":"2024-08-16T09:12:15","date_gmt":"2024-08-16T09:12:15","guid":{"rendered":"https:\/\/listings.mybikeplan.ch\/?post_type=product&#038;p=67281"},"modified":"2025-04-08T11:28:30","modified_gmt":"2025-04-08T11:28:30","slug":"bmc-fourstroke-amp-lt-three-grey","status":"publish","type":"product","link":"https:\/\/listings.mybikeplan.ch\/de\/produkt\/bmc-fourstroke-amp-lt-three-grey\/","title":{"rendered":"BMC Fourstroke AMP LT THREE"},"content":{"rendered":"<h2>Das Wichtigste zum BMC Fourstroke AMP LT THREE:<\/h2>\n<ul>\n<li>Fortschrittlicher BMC Performance Link f\u00fcr perfekte Balance und Kontrolle auf jedem Terrain.<\/li>\n<li>Kraftvoller Shimano EP8 Motor f\u00fcr m\u00fchelose Unterst\u00fctzung bei anspruchsvollen Trails.<\/li>\n<li>Leichter Carbonrahmen kombiniert mit modernen Technologien f\u00fcr maximale Effizienz und Komfort.<\/li>\n<li>Vollintegrierte Batterie f\u00fcr eine schlanke, \u00e4sthetische Optik und optimale Gewichtsverteilung.<\/li>\n<\/ul>\n<h2>Das BMC Fourstroke AMP LT THREE<b>\u00a0<\/b>ist perfekt f\u00fcr Dich, wenn Du:<\/h2>\n<ul>\n<li>Dich nach intensiven, technischen Trails sehnst und maximale Kontrolle und Pr\u00e4zision sch\u00e4tzt.<\/li>\n<li>Ein leichtes, agiles E-Mountainbike suchst, das h\u00f6chste Performance auf jedem Terrain bietet.<\/li>\n<li>Die Vorteile einer leistungsstarken Motorunterst\u00fctzung mit einem leichten, schlanken Design kombinieren m\u00f6chtest.<\/li>\n<li>Ein Bike mit fortschrittlicher Technologie und einem hochwertigen Carbonrahmen bevorzugst.<\/li>\n<li>Deine Fahrten optimieren und personalisieren m\u00f6chtest, um jedes Abenteuer voll auszukosten.<\/li>\n<\/ul>\n<h2><strong>Gr\u00f6ssenempfehlung:<\/strong><\/h2>\n<ul>\n<li aria-level=\"1\">S: &lt;172 cm<\/li>\n<li aria-level=\"1\">M: 172-182 cm<\/li>\n<li aria-level=\"1\">L: 180-188 cm<\/li>\n<li aria-level=\"1\">XL: &gt;188 cm<\/li>\n<\/ul>\n","protected":false},"excerpt":{"rendered":"<h3><span data-sheets-root=\"1\" data-sheets-value=\"{&quot;1&quot;:2,&quot;2&quot;:&quot;\u00dcber die Marke BMCnMit jahrzehntelanger Erfahrung und einer st\u00e4ndigen Suche nach Geschwindigkeit hat sich BMC als Referenzmarke in der Welt der High-End-Fahrr\u00e4der etabliert. Seit den sp\u00e4ten 80er und fr\u00fchen 90er Jahren entwickelt und perfektioniert BMC bedeutende Innovationen, stets mit dem Ziel, die schnellsten Fahrr\u00e4der zu bauen. Ihr Team von \u00fcber 150 Experten in Grenchen, Schweiz, forscht und implementiert kontinuierlich neue Technologien.&quot;}\" data-sheets-userformat=\"{&quot;2&quot;:4541,&quot;3&quot;:{&quot;1&quot;:0},&quot;5&quot;:{&quot;1&quot;:[{&quot;1&quot;:2,&quot;2&quot;:0,&quot;5&quot;:{&quot;1&quot;:2,&quot;2&quot;:0}},{&quot;1&quot;:0,&quot;2&quot;:0,&quot;3&quot;:3},{&quot;1&quot;:1,&quot;2&quot;:0,&quot;4&quot;:1}]},&quot;6&quot;:{&quot;1&quot;:[{&quot;1&quot;:2,&quot;2&quot;:0,&quot;5&quot;:{&quot;1&quot;:2,&quot;2&quot;:0}},{&quot;1&quot;:0,&quot;2&quot;:0,&quot;3&quot;:3},{&quot;1&quot;:1,&quot;2&quot;:0,&quot;4&quot;:1}]},&quot;7&quot;:{&quot;1&quot;:[{&quot;1&quot;:2,&quot;2&quot;:0,&quot;5&quot;:{&quot;1&quot;:2,&quot;2&quot;:0}},{&quot;1&quot;:0,&quot;2&quot;:0,&quot;3&quot;:3},{&quot;1&quot;:1,&quot;2&quot;:0,&quot;4&quot;:1}]},&quot;8&quot;:{&quot;1&quot;:[{&quot;1&quot;:2,&quot;2&quot;:0,&quot;5&quot;:{&quot;1&quot;:2,&quot;2&quot;:0}},{&quot;1&quot;:0,&quot;2&quot;:0,&quot;3&quot;:3},{&quot;1&quot;:1,&quot;2&quot;:0,&quot;4&quot;:1}]},&quot;10&quot;:0,&quot;11&quot;:4,&quot;15&quot;:&quot;Arial&quot;}\" data-sheets-textstyleruns=\"{&quot;1&quot;:0,&quot;2&quot;:{}}\uee10{&quot;1&quot;:19}\"><strong>\u00dcber die Marke BMC<\/strong><\/span><\/h3>\n<p><span data-sheets-root=\"1\" data-sheets-value=\"{&quot;1&quot;:2,&quot;2&quot;:&quot;\u00dcber die Marke BMCnMit jahrzehntelanger Erfahrung und einer st\u00e4ndigen Suche nach Geschwindigkeit hat sich BMC als Referenzmarke in der Welt der High-End-Fahrr\u00e4der etabliert. Seit den sp\u00e4ten 80er und fr\u00fchen 90er Jahren entwickelt und perfektioniert BMC bedeutende Innovationen, stets mit dem Ziel, die schnellsten Fahrr\u00e4der zu bauen. Ihr Team von \u00fcber 150 Experten in Grenchen, Schweiz, forscht und implementiert kontinuierlich neue Technologien.&quot;}\" data-sheets-userformat=\"{&quot;2&quot;:4541,&quot;3&quot;:{&quot;1&quot;:0},&quot;5&quot;:{&quot;1&quot;:[{&quot;1&quot;:2,&quot;2&quot;:0,&quot;5&quot;:{&quot;1&quot;:2,&quot;2&quot;:0}},{&quot;1&quot;:0,&quot;2&quot;:0,&quot;3&quot;:3},{&quot;1&quot;:1,&quot;2&quot;:0,&quot;4&quot;:1}]},&quot;6&quot;:{&quot;1&quot;:[{&quot;1&quot;:2,&quot;2&quot;:0,&quot;5&quot;:{&quot;1&quot;:2,&quot;2&quot;:0}},{&quot;1&quot;:0,&quot;2&quot;:0,&quot;3&quot;:3},{&quot;1&quot;:1,&quot;2&quot;:0,&quot;4&quot;:1}]},&quot;7&quot;:{&quot;1&quot;:[{&quot;1&quot;:2,&quot;2&quot;:0,&quot;5&quot;:{&quot;1&quot;:2,&quot;2&quot;:0}},{&quot;1&quot;:0,&quot;2&quot;:0,&quot;3&quot;:3},{&quot;1&quot;:1,&quot;2&quot;:0,&quot;4&quot;:1}]},&quot;8&quot;:{&quot;1&quot;:[{&quot;1&quot;:2,&quot;2&quot;:0,&quot;5&quot;:{&quot;1&quot;:2,&quot;2&quot;:0}},{&quot;1&quot;:0,&quot;2&quot;:0,&quot;3&quot;:3},{&quot;1&quot;:1,&quot;2&quot;:0,&quot;4&quot;:1}]},&quot;10&quot;:0,&quot;11&quot;:4,&quot;15&quot;:&quot;Arial&quot;}\" data-sheets-textstyleruns=\"{&quot;1&quot;:0,&quot;2&quot;:{}}\uee10{&quot;1&quot;:19}\">Mit jahrzehntelanger Erfahrung und einer st\u00e4ndigen Suche nach Geschwindigkeit hat sich BMC als Referenzmarke in der Welt der High-End-Fahrr\u00e4der etabliert. Seit den sp\u00e4ten 80er und fr\u00fchen 90er Jahren entwickelt und perfektioniert BMC bedeutende Innovationen, stets mit dem Ziel, die schnellsten Fahrr\u00e4der zu bauen. Ihr Team von \u00fcber 150 Experten in Grenchen, Schweiz, forscht und implementiert kontinuierlich neue Technologien.<\/span><\/p>\n","protected":false},"featured_media":67291,"comment_status":"open","ping_status":"closed","template":"","meta":{"_acf_changed":false},"product_brand":[],"product_cat":[583,15,10587,578,582,2089,2309,24,3250,579,4481,12089,12268,7789],"product_tag":[],"class_list":{"0":"post-67281","1":"product","2":"type-product","3":"status-publish","4":"has-post-thumbnail","6":"product_cat-25-km","7":"product_cat-alle-e-bikes","8":"product_cat-bmc","9":"product_cat-damen","10":"product_cat-diamant","11":"product_cat-e-bikes","12":"product_cat-e-mountain-fully","13":"product_cat-e-mountain","14":"product_cat-grau","15":"product_cat-herren","16":"product_cat-mybikeplan","17":"product_cat-test-drive","18":"product_cat-sale_1500","19":"product_cat-swiss-made","20":"pa_battery-tq-battery-360-wh","21":"pa_battery-size-360-wh","22":"pa_brakes-sram-g2-r-v-h-180mm","23":"pa_brand-bmc","24":"pa_cassette-sram-nx-pg-1230-eagle-2","25":"pa_damper-rockshox-sidluxe-select-3p","26":"pa_display-tq-display-2-o-led-bluetooth-ant","27":"pa_filters-color-grau","28":"pa_fork-rockshox-sid-3p","29":"pa_frame-variant-diamant","30":"pa_gear-change-sram-nx-eagle","31":"pa_gears-12-gaenge","32":"pa_hex-color-7b8990","33":"pa_max-weight-110-kg","34":"pa_motor-tq-hpr50-drive-unit","35":"pa_range-30-50-km","36":"pa_rider-height-170-175-cm","37":"pa_rider-height-175-180-cm","38":"pa_rider-height-180-185-cm","39":"pa_rider-height-185-190-cm","40":"pa_rider-height-190-195-cm","41":"pa_rider-height-195-200-cm","42":"pa_sizes-l","43":"pa_sizes-m","44":"pa_sizes-s","45":"pa_sizes-xl","46":"pa_speed-25-km-stunde","47":"pa_suspension-travel-120mm-fr","48":"pa_tires-maxxis-rekon-2-4-exo-tr","50":"first","51":"instock","52":"shipping-taxable","53":"purchasable","54":"product-type-variable"},"acf":{"short_description":"Erlebe grenzenlosen Trailspa\u00df mit dem BMC Fourstroke AMP LT THREE \u2013 ein leichtes E-Mountainbike, das Power, Kontrolle und Effizienz perfekt vereint.","bike_name":"BMC Fourstroke AMP LT THREE","highlight_text":"","frame":"","battery_size":"","motor_strength":""},"yoast_head":"<!-- This site is optimized with the Yoast SEO plugin v24.5 - https:\/\/yoast.com\/wordpress\/plugins\/seo\/ -->\n<title>BMC Fourstroke AMP LT THREE | E-Bike | 0% Zins | Schweiz<\/title>\n<meta name=\"description\" content=\"Hol Dir das BMC Fourstroke AMP LT THREE und zahle ganz bequem in monatlichen Raten mit 0 % Zins ab! Jetzt profitieren und sofort losfahren.\" \/>\n<meta name=\"robots\" content=\"noindex, follow, max-snippet:-1, max-image-preview:large, max-video-preview:-1\" \/>\n<meta property=\"og:locale\" content=\"de_DE\" \/>\n<meta property=\"og:type\" content=\"article\" \/>\n<meta property=\"og:title\" content=\"BMC Fourstroke AMP LT THREE | E-Bike | 0% Zins | Schweiz\" \/>\n<meta property=\"og:description\" content=\"Hol Dir das BMC Fourstroke AMP LT THREE und zahle ganz bequem in monatlichen Raten mit 0 % Zins ab! Jetzt profitieren und sofort losfahren.\" \/>\n<meta property=\"og:url\" content=\"https:\/\/listings.mybikeplan.ch\/de\/produkt\/bmc-fourstroke-amp-lt-three-grey\/\" \/>\n<meta property=\"og:site_name\" content=\"MyBikePlan\" \/>\n<meta property=\"article:modified_time\" content=\"2025-04-08T11:28:30+00:00\" \/>\n<meta property=\"og:image\" content=\"https:\/\/listings.mybikeplan.ch\/wp-content\/uploads\/2024\/08\/BMC-Fourstroke-AMP-LT-THREE-1-1024x1024.png\" \/>\n\t<meta property=\"og:image:width\" content=\"1024\" \/>\n\t<meta property=\"og:image:height\" content=\"1024\" \/>\n\t<meta property=\"og:image:type\" content=\"image\/png\" \/>\n<meta name=\"twitter:card\" content=\"summary_large_image\" \/>\n<meta name=\"twitter:label1\" content=\"Gesch\u00e4tzte Lesezeit\" \/>\n\t<meta name=\"twitter:data1\" content=\"1\u00a0Minute\" \/>\n<script type=\"application\/ld+json\" class=\"yoast-schema-graph\">{\"@context\":\"https:\/\/schema.org\",\"@graph\":[{\"@type\":\"WebPage\",\"@id\":\"https:\/\/listings.mybikeplan.ch\/de\/produkt\/bmc-fourstroke-amp-lt-three-grey\/\",\"url\":\"https:\/\/listings.mybikeplan.ch\/de\/produkt\/bmc-fourstroke-amp-lt-three-grey\/\",\"name\":\"BMC Fourstroke AMP LT THREE | E-Bike | 0% Zins | Schweiz\",\"isPartOf\":{\"@id\":\"https:\/\/listings.mybikeplan.ch\/de\/#website\"},\"primaryImageOfPage\":{\"@id\":\"https:\/\/listings.mybikeplan.ch\/de\/produkt\/bmc-fourstroke-amp-lt-three-grey\/#primaryimage\"},\"image\":{\"@id\":\"https:\/\/listings.mybikeplan.ch\/de\/produkt\/bmc-fourstroke-amp-lt-three-grey\/#primaryimage\"},\"thumbnailUrl\":\"https:\/\/listings.mybikeplan.ch\/wp-content\/uploads\/2024\/08\/BMC-Fourstroke-AMP-LT-THREE-1.png\",\"datePublished\":\"2024-08-16T09:12:15+00:00\",\"dateModified\":\"2025-04-08T11:28:30+00:00\",\"description\":\"Hol Dir das BMC Fourstroke AMP LT THREE und zahle ganz bequem in monatlichen Raten mit 0 % Zins ab! Jetzt profitieren und sofort losfahren.\",\"breadcrumb\":{\"@id\":\"https:\/\/listings.mybikeplan.ch\/de\/produkt\/bmc-fourstroke-amp-lt-three-grey\/#breadcrumb\"},\"inLanguage\":\"de\",\"potentialAction\":[{\"@type\":\"ReadAction\",\"target\":[\"https:\/\/listings.mybikeplan.ch\/de\/produkt\/bmc-fourstroke-amp-lt-three-grey\/\"]}]},{\"@type\":\"ImageObject\",\"inLanguage\":\"de\",\"@id\":\"https:\/\/listings.mybikeplan.ch\/de\/produkt\/bmc-fourstroke-amp-lt-three-grey\/#primaryimage\",\"url\":\"https:\/\/listings.mybikeplan.ch\/wp-content\/uploads\/2024\/08\/BMC-Fourstroke-AMP-LT-THREE-1.png\",\"contentUrl\":\"https:\/\/listings.mybikeplan.ch\/wp-content\/uploads\/2024\/08\/BMC-Fourstroke-AMP-LT-THREE-1.png\",\"width\":3000,\"height\":3000},{\"@type\":\"BreadcrumbList\",\"@id\":\"https:\/\/listings.mybikeplan.ch\/de\/produkt\/bmc-fourstroke-amp-lt-three-grey\/#breadcrumb\",\"itemListElement\":[{\"@type\":\"ListItem\",\"position\":1,\"name\":\"Home\",\"item\":\"https:\/\/listings.mybikeplan.ch\/de\/\"},{\"@type\":\"ListItem\",\"position\":2,\"name\":\"BMC Fourstroke AMP LT THREE\"}]},{\"@type\":\"WebSite\",\"@id\":\"https:\/\/listings.mybikeplan.ch\/de\/#website\",\"url\":\"https:\/\/listings.mybikeplan.ch\/de\/\",\"name\":\"MyBikePlan\",\"description\":\"\",\"potentialAction\":[{\"@type\":\"SearchAction\",\"target\":{\"@type\":\"EntryPoint\",\"urlTemplate\":\"https:\/\/listings.mybikeplan.ch\/de\/?s={search_term_string}\"},\"query-input\":{\"@type\":\"PropertyValueSpecification\",\"valueRequired\":true,\"valueName\":\"search_term_string\"}}],\"inLanguage\":\"de\"}]}<\/script>\n<!-- \/ Yoast SEO plugin. -->","yoast_head_json":{"title":"BMC Fourstroke AMP LT THREE | E-Bike | 0% Zins | Schweiz","description":"Hol Dir das BMC Fourstroke AMP LT THREE und zahle ganz bequem in monatlichen Raten mit 0 % Zins ab! Jetzt profitieren und sofort losfahren.","robots":{"index":"noindex","follow":"follow","max-snippet":"max-snippet:-1","max-image-preview":"max-image-preview:large","max-video-preview":"max-video-preview:-1"},"og_locale":"de_DE","og_type":"article","og_title":"BMC Fourstroke AMP LT THREE | E-Bike | 0% Zins | Schweiz","og_description":"Hol Dir das BMC Fourstroke AMP LT THREE und zahle ganz bequem in monatlichen Raten mit 0 % Zins ab! Jetzt profitieren und sofort losfahren.","og_url":"https:\/\/listings.mybikeplan.ch\/de\/produkt\/bmc-fourstroke-amp-lt-three-grey\/","og_site_name":"MyBikePlan","article_modified_time":"2025-04-08T11:28:30+00:00","og_image":[{"width":1024,"height":1024,"url":"https:\/\/listings.mybikeplan.ch\/wp-content\/uploads\/2024\/08\/BMC-Fourstroke-AMP-LT-THREE-1-1024x1024.png","type":"image\/png"}],"twitter_card":"summary_large_image","twitter_misc":{"Gesch\u00e4tzte Lesezeit":"1\u00a0Minute"},"schema":{"@context":"https:\/\/schema.org","@graph":[{"@type":"WebPage","@id":"https:\/\/listings.mybikeplan.ch\/de\/produkt\/bmc-fourstroke-amp-lt-three-grey\/","url":"https:\/\/listings.mybikeplan.ch\/de\/produkt\/bmc-fourstroke-amp-lt-three-grey\/","name":"BMC Fourstroke AMP LT THREE | E-Bike | 0% Zins | Schweiz","isPartOf":{"@id":"https:\/\/listings.mybikeplan.ch\/de\/#website"},"primaryImageOfPage":{"@id":"https:\/\/listings.mybikeplan.ch\/de\/produkt\/bmc-fourstroke-amp-lt-three-grey\/#primaryimage"},"image":{"@id":"https:\/\/listings.mybikeplan.ch\/de\/produkt\/bmc-fourstroke-amp-lt-three-grey\/#primaryimage"},"thumbnailUrl":"https:\/\/listings.mybikeplan.ch\/wp-content\/uploads\/2024\/08\/BMC-Fourstroke-AMP-LT-THREE-1.png","datePublished":"2024-08-16T09:12:15+00:00","dateModified":"2025-04-08T11:28:30+00:00","description":"Hol Dir das BMC Fourstroke AMP LT THREE und zahle ganz bequem in monatlichen Raten mit 0 % Zins ab! Jetzt profitieren und sofort losfahren.","breadcrumb":{"@id":"https:\/\/listings.mybikeplan.ch\/de\/produkt\/bmc-fourstroke-amp-lt-three-grey\/#breadcrumb"},"inLanguage":"de","potentialAction":[{"@type":"ReadAction","target":["https:\/\/listings.mybikeplan.ch\/de\/produkt\/bmc-fourstroke-amp-lt-three-grey\/"]}]},{"@type":"ImageObject","inLanguage":"de","@id":"https:\/\/listings.mybikeplan.ch\/de\/produkt\/bmc-fourstroke-amp-lt-three-grey\/#primaryimage","url":"https:\/\/listings.mybikeplan.ch\/wp-content\/uploads\/2024\/08\/BMC-Fourstroke-AMP-LT-THREE-1.png","contentUrl":"https:\/\/listings.mybikeplan.ch\/wp-content\/uploads\/2024\/08\/BMC-Fourstroke-AMP-LT-THREE-1.png","width":3000,"height":3000},{"@type":"BreadcrumbList","@id":"https:\/\/listings.mybikeplan.ch\/de\/produkt\/bmc-fourstroke-amp-lt-three-grey\/#breadcrumb","itemListElement":[{"@type":"ListItem","position":1,"name":"Home","item":"https:\/\/listings.mybikeplan.ch\/de\/"},{"@type":"ListItem","position":2,"name":"BMC Fourstroke AMP LT THREE"}]},{"@type":"WebSite","@id":"https:\/\/listings.mybikeplan.ch\/de\/#website","url":"https:\/\/listings.mybikeplan.ch\/de\/","name":"MyBikePlan","description":"","potentialAction":[{"@type":"SearchAction","target":{"@type":"EntryPoint","urlTemplate":"https:\/\/listings.mybikeplan.ch\/de\/?s={search_term_string}"},"query-input":{"@type":"PropertyValueSpecification","valueRequired":true,"valueName":"search_term_string"}}],"inLanguage":"de"}]}},"_links":{"self":[{"href":"https:\/\/listings.mybikeplan.ch\/de\/wp-json\/wp\/v2\/product\/67281","targetHints":{"allow":["GET"]}}],"collection":[{"href":"https:\/\/listings.mybikeplan.ch\/de\/wp-json\/wp\/v2\/product"}],"about":[{"href":"https:\/\/listings.mybikeplan.ch\/de\/wp-json\/wp\/v2\/types\/product"}],"replies":[{"embeddable":true,"href":"https:\/\/listings.mybikeplan.ch\/de\/wp-json\/wp\/v2\/comments?post=67281"}],"wp:featuredmedia":[{"embeddable":true,"href":"https:\/\/listings.mybikeplan.ch\/de\/wp-json\/wp\/v2\/media\/67291"}],"wp:attachment":[{"href":"https:\/\/listings.mybikeplan.ch\/de\/wp-json\/wp\/v2\/media?parent=67281"}],"wp:term":[{"taxonomy":"product_brand","embeddable":true,"href":"https:\/\/listings.mybikeplan.ch\/de\/wp-json\/wp\/v2\/product_brand?post=67281"},{"taxonomy":"product_cat","embeddable":true,"href":"https:\/\/listings.mybikeplan.ch\/de\/wp-json\/wp\/v2\/product_cat?post=67281"},{"taxonomy":"product_tag","embeddable":true,"href":"https:\/\/listings.mybikeplan.ch\/de\/wp-json\/wp\/v2\/product_tag?post=67281"}],"curies":[{"name":"wp","href":"https:\/\/api.w.org\/{rel}","templated":true}]}}