{"id":66425,"date":"2024-07-12T08:54:18","date_gmt":"2024-07-12T08:54:18","guid":{"rendered":"https:\/\/listings.mybikeplan.ch\/?post_type=product&#038;p=66425"},"modified":"2025-03-05T13:33:52","modified_gmt":"2025-03-05T13:33:52","slug":"stromer-st7-black","status":"publish","type":"product","link":"https:\/\/listings.mybikeplan.ch\/de\/produkt\/stromer-st7-black\/","title":{"rendered":"Stromer ST7"},"content":{"rendered":"<h2><strong>Das Wichtigste zum Stromer ST7:\u00a0<\/strong><\/h2>\n<ul>\n<li data-stringify-indent=\"0\" data-stringify-border=\"0\">Leistungsstarker SYNO Sport II Motor mit bis zu 940 W Leistung f\u00fcr kraftvolle Beschleunigung.<\/li>\n<li data-stringify-indent=\"0\" data-stringify-border=\"0\">Hochwertiger Carbonrahmen f\u00fcr maximale Leichtigkeit und Stabilit\u00e4t.<\/li>\n<li data-stringify-indent=\"0\" data-stringify-border=\"0\">Vollintegriertes Stromer OMNI C Display f\u00fcr einfache Bedienung und Kontrolle.<\/li>\n<li data-stringify-indent=\"0\" data-stringify-border=\"0\">Automatische Motorabschaltung und Rekuperationssystem f\u00fcr h\u00f6here Energieeffizienz.<\/li>\n<\/ul>\n<h2><strong>Das <\/strong><strong>Stromer ST7 <\/strong><strong>ist perfekt f\u00fcr Dich, wenn Du:<\/strong><\/h2>\n<ul>\n<li data-stringify-indent=\"0\" data-stringify-border=\"0\">Auf der Suche nach einem leistungsstarken und zuverl\u00e4ssigen E-Bike f\u00fcr lange Strecken und Pendlerfahrten bist.<\/li>\n<li data-stringify-indent=\"0\" data-stringify-border=\"0\">Wert auf modernste Technologie legst, um dein Fahrerlebnis zu optimieren und individuell anzupassen.<\/li>\n<li data-stringify-indent=\"0\" data-stringify-border=\"0\">Ein E-Bike mit integrierter Sicherheitsausstattung wie GPS-Tracking und Diebstahlschutz suchst.<\/li>\n<li data-stringify-indent=\"0\" data-stringify-border=\"0\">Dein Fahrerlebnis und die Akkuleistung \u00fcber eine benutzerfreundliche App \u00fcberwachen und steuern m\u00f6chtest.<\/li>\n<\/ul>\n<h2><strong>Gr\u00f6ssenempfehlung:<\/strong><\/h2>\n<ul>\n<li>M: &lt; 178 cm<\/li>\n<li>L: 175 &#8211; 188 cm<\/li>\n<li>XL: &gt; 185 cm<\/li>\n<\/ul>\n","protected":false},"excerpt":{"rendered":"<div class=\"flex-1 overflow-hidden\">\n<div class=\"react-scroll-to-bottom--css-mqkxp-79elbk h-full\">\n<div class=\"react-scroll-to-bottom--css-mqkxp-1n7m0yu\">\n<div class=\"flex flex-col pb-9 text-sm\">\n<div class=\"w-full text-token-text-primary\" data-testid=\"conversation-turn-3\">\n<div class=\"px-4 py-2 justify-center text-base md:gap-6 m-auto\">\n<div class=\"flex flex-1 text-base mx-auto gap-3 md:px-5 lg:px-1 xl:px-5 md:max-w-3xl lg:max-w-[40rem] xl:max-w-[48rem] group final-completion\">\n<div class=\"relative flex w-full flex-col agent-turn\">\n<div class=\"flex-col gap-1 md:gap-3\">\n<div class=\"flex flex-grow flex-col max-w-full\">\n<div class=\"min-h-[20px] text-message flex flex-col items-start gap-3 whitespace-pre-wrap break-words [.text-message+&amp;]:mt-5 overflow-x-auto\" data-message-author-role=\"assistant\" data-message-id=\"3b047b94-9c63-486b-8b19-fa8481b20f2c\">\n<div class=\"markdown prose w-full break-words dark:prose-invert light\">\n<div class=\"flex-1 overflow-hidden\">\n<div class=\"react-scroll-to-bottom--css-mqkxp-79elbk h-full\">\n<div class=\"react-scroll-to-bottom--css-mqkxp-1n7m0yu\">\n<div class=\"flex flex-col pb-9 text-sm\">\n<div class=\"w-full text-token-text-primary\" data-testid=\"conversation-turn-3\">\n<div class=\"px-4 py-2 justify-center text-base md:gap-6 m-auto\">\n<div class=\"flex flex-1 text-base mx-auto gap-3 md:px-5 lg:px-1 xl:px-5 md:max-w-3xl lg:max-w-[40rem] xl:max-w-[48rem] group final-completion\">\n<div class=\"relative flex w-full flex-col agent-turn\">\n<div class=\"flex-col gap-1 md:gap-3\">\n<div class=\"flex flex-grow flex-col max-w-full\">\n<div class=\"min-h-[20px] text-message flex flex-col items-start gap-3 whitespace-pre-wrap break-words [.text-message+&amp;]:mt-5 overflow-x-auto\" data-message-author-role=\"assistant\" data-message-id=\"3b047b94-9c63-486b-8b19-fa8481b20f2c\">\n<div class=\"markdown prose w-full break-words dark:prose-invert light\">\n<h2><b>\u00dcber die Marke Stromer<\/b><\/h2>\n<\/div>\n<\/div>\n<\/div>\n<\/div>\n<\/div>\n<\/div>\n<\/div>\n<\/div>\n<\/div>\n<\/div>\n<\/div>\n<\/div>\n<p>Die Gr\u00fcndung von\u00a0Stromer\u00a0Bikes erfolgte im Jahr 2009 durch den Schweizer Thomas Binggeli. 2010 erfolgte die Neugr\u00fcndung der myStromer AG und die Marke Stromer konnte sich mit der Kombination von Geschwindigkeit und Effizienz erfolgreich auf dem Schweizer Markt etablieren.\u00a0 Mit seinem Hinterradantrieb, der aussergew\u00f6hnlich hohen Leistung, dem sportlichen Design und dem integrierten Akku hat sich das S-Pedelecs als moderne E-Mobilit\u00e4t und bekannte Marke f\u00fcr 45km\/h E-Bikes einen Namen gemacht.<\/p>\n<\/div>\n<\/div>\n<\/div>\n<\/div>\n<\/div>\n<\/div>\n<\/div>\n<\/div>\n<\/div>\n<\/div>\n<\/div>\n<\/div>\n","protected":false},"featured_media":66433,"comment_status":"open","ping_status":"closed","template":"","meta":{"_acf_changed":false},"product_brand":[],"product_cat":[584,15,578,582,2089,21,579,1106,4481,3247],"product_tag":[],"class_list":{"0":"post-66425","1":"product","2":"type-product","3":"status-publish","4":"has-post-thumbnail","6":"product_cat-45-km","7":"product_cat-alle-e-bikes","8":"product_cat-damen","9":"product_cat-diamant","10":"product_cat-e-bikes","11":"product_cat-e-urban","12":"product_cat-herren","13":"product_cat-marke-stromer","14":"product_cat-mybikeplan","15":"product_cat-schwarz","16":"pa_battery-bq1440-1440-wh","17":"pa_battery-size-1440-wh","18":"pa_brakes-stromer-hd944-v-h-203-mm","19":"pa_brand-stromer","20":"pa_display-omni-c","21":"pa_filters-color-schwarz","22":"pa_fork-starrgabel","23":"pa_frame-variant-diamant","24":"pa_gear-change-pinion-c1-12-smart-shift","25":"pa_gears-12-gaenge","26":"pa_hex-color-6999","27":"pa_motor-syno-sport-ii-940-w-52-nm","28":"pa_range-bis-max-260-km","29":"pa_rider-height-165-170-cm","30":"pa_rider-height-170-175-cm","31":"pa_rider-height-175-180-cm","32":"pa_rider-height-180-185-cm","33":"pa_rider-height-185-190-cm","34":"pa_rider-height-190-195-cm","35":"pa_rider-height-200-205-cm","36":"pa_sizes-l","37":"pa_sizes-m","38":"pa_sizes-xl","39":"pa_speed-45-km-stunde","40":"pa_tires-pirelli-angel-st-sport","41":"pa_youtube-link-https-www-youtube-com-watchv-eg73ch5jxk","43":"first","44":"instock","45":"shipping-taxable","46":"purchasable","47":"product-type-variable"},"acf":{"short_description":"Das Stromer ST7 ist das ultimative E-Bike f\u00fcr Pendler und Abenteurer, das kraftvolle Leistung, modernste Technologie und erstklassige Sicherheit in einem leichten und stabilen Carbonrahmen vereint.","bike_name":"Stromer ST7","highlight_text":"","frame":"","battery_size":"","motor_strength":""},"yoast_head":"<!-- This site is optimized with the Yoast SEO plugin v24.5 - https:\/\/yoast.com\/wordpress\/plugins\/seo\/ -->\n<title>Stromer ST7 | E-Bike | 0% Zins | Schweiz<\/title>\n<meta name=\"description\" content=\"Hol Dir das Stromer ST7 und zahle ganz bequem in monatlichen Raten mit 0 % Zins ab! Jetzt profitieren und sofort losfahren.\" \/>\n<meta name=\"robots\" content=\"noindex, follow, max-snippet:-1, max-image-preview:large, max-video-preview:-1\" \/>\n<meta property=\"og:locale\" content=\"de_DE\" \/>\n<meta property=\"og:type\" content=\"article\" \/>\n<meta property=\"og:title\" content=\"Stromer ST7 | E-Bike | 0% Zins | Schweiz\" \/>\n<meta property=\"og:description\" content=\"Hol Dir das Stromer ST7 und zahle ganz bequem in monatlichen Raten mit 0 % Zins ab! Jetzt profitieren und sofort losfahren.\" \/>\n<meta property=\"og:url\" content=\"https:\/\/listings.mybikeplan.ch\/de\/produkt\/stromer-st7-black\/\" \/>\n<meta property=\"og:site_name\" content=\"MyBikePlan\" \/>\n<meta property=\"article:modified_time\" content=\"2025-03-05T13:33:52+00:00\" \/>\n<meta property=\"og:image\" content=\"https:\/\/listings.mybikeplan.ch\/wp-content\/uploads\/2024\/07\/Stromer-ST7-1.png\" \/>\n\t<meta property=\"og:image:width\" content=\"3000\" \/>\n\t<meta property=\"og:image:height\" content=\"3000\" \/>\n\t<meta property=\"og:image:type\" content=\"image\/png\" \/>\n<meta name=\"twitter:card\" content=\"summary_large_image\" \/>\n<meta name=\"twitter:label1\" content=\"Gesch\u00e4tzte Lesezeit\" \/>\n\t<meta name=\"twitter:data1\" content=\"1\u00a0Minute\" \/>\n<script type=\"application\/ld+json\" class=\"yoast-schema-graph\">{\"@context\":\"https:\/\/schema.org\",\"@graph\":[{\"@type\":\"WebPage\",\"@id\":\"https:\/\/listings.mybikeplan.ch\/de\/produkt\/stromer-st7-black\/\",\"url\":\"https:\/\/listings.mybikeplan.ch\/de\/produkt\/stromer-st7-black\/\",\"name\":\"Stromer ST7 | E-Bike | 0% Zins | Schweiz\",\"isPartOf\":{\"@id\":\"https:\/\/listings.mybikeplan.ch\/de\/#website\"},\"primaryImageOfPage\":{\"@id\":\"https:\/\/listings.mybikeplan.ch\/de\/produkt\/stromer-st7-black\/#primaryimage\"},\"image\":{\"@id\":\"https:\/\/listings.mybikeplan.ch\/de\/produkt\/stromer-st7-black\/#primaryimage\"},\"thumbnailUrl\":\"https:\/\/listings.mybikeplan.ch\/wp-content\/uploads\/2024\/07\/Stromer-ST7-1.png\",\"datePublished\":\"2024-07-12T08:54:18+00:00\",\"dateModified\":\"2025-03-05T13:33:52+00:00\",\"description\":\"Hol Dir das Stromer ST7 und zahle ganz bequem in monatlichen Raten mit 0 % Zins ab! Jetzt profitieren und sofort losfahren.\",\"breadcrumb\":{\"@id\":\"https:\/\/listings.mybikeplan.ch\/de\/produkt\/stromer-st7-black\/#breadcrumb\"},\"inLanguage\":\"de\",\"potentialAction\":[{\"@type\":\"ReadAction\",\"target\":[\"https:\/\/listings.mybikeplan.ch\/de\/produkt\/stromer-st7-black\/\"]}]},{\"@type\":\"ImageObject\",\"inLanguage\":\"de\",\"@id\":\"https:\/\/listings.mybikeplan.ch\/de\/produkt\/stromer-st7-black\/#primaryimage\",\"url\":\"https:\/\/listings.mybikeplan.ch\/wp-content\/uploads\/2024\/07\/Stromer-ST7-1.png\",\"contentUrl\":\"https:\/\/listings.mybikeplan.ch\/wp-content\/uploads\/2024\/07\/Stromer-ST7-1.png\",\"width\":3000,\"height\":3000},{\"@type\":\"BreadcrumbList\",\"@id\":\"https:\/\/listings.mybikeplan.ch\/de\/produkt\/stromer-st7-black\/#breadcrumb\",\"itemListElement\":[{\"@type\":\"ListItem\",\"position\":1,\"name\":\"Home\",\"item\":\"https:\/\/listings.mybikeplan.ch\/de\/\"},{\"@type\":\"ListItem\",\"position\":2,\"name\":\"Stromer ST7\"}]},{\"@type\":\"WebSite\",\"@id\":\"https:\/\/listings.mybikeplan.ch\/de\/#website\",\"url\":\"https:\/\/listings.mybikeplan.ch\/de\/\",\"name\":\"MyBikePlan\",\"description\":\"\",\"potentialAction\":[{\"@type\":\"SearchAction\",\"target\":{\"@type\":\"EntryPoint\",\"urlTemplate\":\"https:\/\/listings.mybikeplan.ch\/de\/?s={search_term_string}\"},\"query-input\":{\"@type\":\"PropertyValueSpecification\",\"valueRequired\":true,\"valueName\":\"search_term_string\"}}],\"inLanguage\":\"de\"}]}<\/script>\n<!-- \/ Yoast SEO plugin. -->","yoast_head_json":{"title":"Stromer ST7 | E-Bike | 0% Zins | Schweiz","description":"Hol Dir das Stromer ST7 und zahle ganz bequem in monatlichen Raten mit 0 % Zins ab! Jetzt profitieren und sofort losfahren.","robots":{"index":"noindex","follow":"follow","max-snippet":"max-snippet:-1","max-image-preview":"max-image-preview:large","max-video-preview":"max-video-preview:-1"},"og_locale":"de_DE","og_type":"article","og_title":"Stromer ST7 | E-Bike | 0% Zins | Schweiz","og_description":"Hol Dir das Stromer ST7 und zahle ganz bequem in monatlichen Raten mit 0 % Zins ab! Jetzt profitieren und sofort losfahren.","og_url":"https:\/\/listings.mybikeplan.ch\/de\/produkt\/stromer-st7-black\/","og_site_name":"MyBikePlan","article_modified_time":"2025-03-05T13:33:52+00:00","og_image":[{"width":3000,"height":3000,"url":"https:\/\/listings.mybikeplan.ch\/wp-content\/uploads\/2024\/07\/Stromer-ST7-1.png","type":"image\/png"}],"twitter_card":"summary_large_image","twitter_misc":{"Gesch\u00e4tzte Lesezeit":"1\u00a0Minute"},"schema":{"@context":"https:\/\/schema.org","@graph":[{"@type":"WebPage","@id":"https:\/\/listings.mybikeplan.ch\/de\/produkt\/stromer-st7-black\/","url":"https:\/\/listings.mybikeplan.ch\/de\/produkt\/stromer-st7-black\/","name":"Stromer ST7 | E-Bike | 0% Zins | Schweiz","isPartOf":{"@id":"https:\/\/listings.mybikeplan.ch\/de\/#website"},"primaryImageOfPage":{"@id":"https:\/\/listings.mybikeplan.ch\/de\/produkt\/stromer-st7-black\/#primaryimage"},"image":{"@id":"https:\/\/listings.mybikeplan.ch\/de\/produkt\/stromer-st7-black\/#primaryimage"},"thumbnailUrl":"https:\/\/listings.mybikeplan.ch\/wp-content\/uploads\/2024\/07\/Stromer-ST7-1.png","datePublished":"2024-07-12T08:54:18+00:00","dateModified":"2025-03-05T13:33:52+00:00","description":"Hol Dir das Stromer ST7 und zahle ganz bequem in monatlichen Raten mit 0 % Zins ab! Jetzt profitieren und sofort losfahren.","breadcrumb":{"@id":"https:\/\/listings.mybikeplan.ch\/de\/produkt\/stromer-st7-black\/#breadcrumb"},"inLanguage":"de","potentialAction":[{"@type":"ReadAction","target":["https:\/\/listings.mybikeplan.ch\/de\/produkt\/stromer-st7-black\/"]}]},{"@type":"ImageObject","inLanguage":"de","@id":"https:\/\/listings.mybikeplan.ch\/de\/produkt\/stromer-st7-black\/#primaryimage","url":"https:\/\/listings.mybikeplan.ch\/wp-content\/uploads\/2024\/07\/Stromer-ST7-1.png","contentUrl":"https:\/\/listings.mybikeplan.ch\/wp-content\/uploads\/2024\/07\/Stromer-ST7-1.png","width":3000,"height":3000},{"@type":"BreadcrumbList","@id":"https:\/\/listings.mybikeplan.ch\/de\/produkt\/stromer-st7-black\/#breadcrumb","itemListElement":[{"@type":"ListItem","position":1,"name":"Home","item":"https:\/\/listings.mybikeplan.ch\/de\/"},{"@type":"ListItem","position":2,"name":"Stromer ST7"}]},{"@type":"WebSite","@id":"https:\/\/listings.mybikeplan.ch\/de\/#website","url":"https:\/\/listings.mybikeplan.ch\/de\/","name":"MyBikePlan","description":"","potentialAction":[{"@type":"SearchAction","target":{"@type":"EntryPoint","urlTemplate":"https:\/\/listings.mybikeplan.ch\/de\/?s={search_term_string}"},"query-input":{"@type":"PropertyValueSpecification","valueRequired":true,"valueName":"search_term_string"}}],"inLanguage":"de"}]}},"_links":{"self":[{"href":"https:\/\/listings.mybikeplan.ch\/de\/wp-json\/wp\/v2\/product\/66425","targetHints":{"allow":["GET"]}}],"collection":[{"href":"https:\/\/listings.mybikeplan.ch\/de\/wp-json\/wp\/v2\/product"}],"about":[{"href":"https:\/\/listings.mybikeplan.ch\/de\/wp-json\/wp\/v2\/types\/product"}],"replies":[{"embeddable":true,"href":"https:\/\/listings.mybikeplan.ch\/de\/wp-json\/wp\/v2\/comments?post=66425"}],"wp:featuredmedia":[{"embeddable":true,"href":"https:\/\/listings.mybikeplan.ch\/de\/wp-json\/wp\/v2\/media\/66433"}],"wp:attachment":[{"href":"https:\/\/listings.mybikeplan.ch\/de\/wp-json\/wp\/v2\/media?parent=66425"}],"wp:term":[{"taxonomy":"product_brand","embeddable":true,"href":"https:\/\/listings.mybikeplan.ch\/de\/wp-json\/wp\/v2\/product_brand?post=66425"},{"taxonomy":"product_cat","embeddable":true,"href":"https:\/\/listings.mybikeplan.ch\/de\/wp-json\/wp\/v2\/product_cat?post=66425"},{"taxonomy":"product_tag","embeddable":true,"href":"https:\/\/listings.mybikeplan.ch\/de\/wp-json\/wp\/v2\/product_tag?post=66425"}],"curies":[{"name":"wp","href":"https:\/\/api.w.org\/{rel}","templated":true}]}}