{"id":66195,"date":"2024-07-09T09:36:27","date_gmt":"2024-07-09T09:36:27","guid":{"rendered":"https:\/\/listings.mybikeplan.ch\/?post_type=product&#038;p=66195"},"modified":"2024-12-20T10:40:58","modified_gmt":"2024-12-20T10:40:58","slug":"bergstrom-flow-4-black","status":"publish","type":"product","link":"https:\/\/listings.mybikeplan.ch\/de\/produkt\/bergstrom-flow-4-black\/","title":{"rendered":"Bergstrom Flow 4"},"content":{"rendered":"<h2><b>Das Wichtigste zum Bergstrom Flow 4:<\/b><\/h2>\n<ul>\n<li data-stringify-indent=\"0\" data-stringify-border=\"0\">Optimales Fahrerlebnis dank Bosch Performance SX Motor<\/li>\n<li data-stringify-indent=\"0\" data-stringify-border=\"0\">Spitzenleistung von 600 W bei nur 1,98 kg Gewicht<\/li>\n<li data-stringify-indent=\"0\" data-stringify-border=\"0\">Souver\u00e4ne Sto\u00dfd\u00e4mpfung durch Rock Shox Recon Silver TK Federgabel<\/li>\n<li data-stringify-indent=\"0\" data-stringify-border=\"0\">Zuverl\u00e4ssige Gangwechsel mit Shimano Cues 1&#215;10 Schaltung<\/li>\n<\/ul>\n<h2>Das <b>Bergstrom Flow 4 <\/b>ist perfekt f\u00fcr Dich, wenn Du:<\/h2>\n<ul>\n<li data-stringify-indent=\"0\" data-stringify-border=\"0\">Ein agiles und leichtes E-Mountainbike mit dynamischer Motorunterst\u00fctzung suchst<\/li>\n<li data-stringify-indent=\"0\" data-stringify-border=\"0\">Die Vorteile eines nat\u00fcrlichen Tretgef\u00fchls auch bei hohen Geschwindigkeiten genie\u00dfen m\u00f6chtest<\/li>\n<li data-stringify-indent=\"0\" data-stringify-border=\"0\">Ein Bike mit optimalem Grip und Abrollverhalten f\u00fcr anspruchsvolle Trails suchst<\/li>\n<li data-stringify-indent=\"0\" data-stringify-border=\"0\">Ein Fahrrad mit moderner Technologie und minimalem Tretwiderstand bevorzugst<\/li>\n<\/ul>\n<h2>Gr\u00f6ssenempfehlung:<\/h2>\n<ul>\n<li><span style=\"font-weight: 400;\">S: 158-168 cm<\/span><\/li>\n<li><span style=\"font-weight: 400;\">M: 167-177 cm<\/span><\/li>\n<li><span style=\"font-weight: 400;\">L: 176-186 cm<\/span><\/li>\n<li><span style=\"font-weight: 400;\">XL: 185-195 cm<\/span><\/li>\n<\/ul>\n","protected":false},"excerpt":{"rendered":"<div class=\"flex-1 overflow-hidden\">\n<div class=\"react-scroll-to-bottom--css-mqkxp-79elbk h-full\">\n<div class=\"react-scroll-to-bottom--css-mqkxp-1n7m0yu\">\n<div class=\"flex flex-col pb-9 text-sm\">\n<div class=\"w-full text-token-text-primary\" data-testid=\"conversation-turn-3\">\n<div class=\"px-4 py-2 justify-center text-base md:gap-6 m-auto\">\n<div class=\"flex flex-1 text-base mx-auto gap-3 md:px-5 lg:px-1 xl:px-5 md:max-w-3xl lg:max-w-[40rem] xl:max-w-[48rem] group final-completion\">\n<div class=\"relative flex w-full flex-col agent-turn\">\n<div class=\"flex-col gap-1 md:gap-3\">\n<div class=\"flex flex-grow flex-col max-w-full\">\n<div class=\"min-h-[20px] text-message flex flex-col items-start gap-3 whitespace-pre-wrap break-words [.text-message+&amp;]:mt-5 overflow-x-auto\" data-message-author-role=\"assistant\" data-message-id=\"3b047b94-9c63-486b-8b19-fa8481b20f2c\">\n<div class=\"markdown prose w-full break-words dark:prose-invert light\">\n<h2><b>\u00dcber die Marke Bergstrom<\/b><\/h2>\n<\/div>\n<\/div>\n<\/div>\n<\/div>\n<\/div>\n<\/div>\n<\/div>\n<\/div>\n<\/div>\n<\/div>\n<\/div>\n<\/div>\n<p>BERGSTROM E-Bikes sind die Produkte einer jungen, innovativen Marke des Schweizer Veloherstellers Komenda. Hier bekommst Du 100 % Swissness mit E-Bikes, die speziell mit den Herausforderungen der Schweizer Landschaft im Hinterkopf entwickelt wurden. Das Resultat? Hochwertige E-Bikes, die sowohl im Alltag als auch auf dem Trail zuverl\u00e4ssig unterst\u00fctzen!<\/p>\n","protected":false},"featured_media":66212,"comment_status":"open","ping_status":"closed","template":"","meta":{"_acf_changed":false},"product_brand":[],"product_cat":[583,15,578,582,2089,2309,24,579,3742,3352,4481,3247],"product_tag":[],"class_list":{"0":"post-66195","1":"product","2":"type-product","3":"status-publish","4":"has-post-thumbnail","6":"product_cat-25-km","7":"product_cat-alle-e-bikes","8":"product_cat-damen","9":"product_cat-diamant","10":"product_cat-e-bikes","11":"product_cat-e-mountain-fully","12":"product_cat-e-mountain","13":"product_cat-herren","14":"product_cat-homepage","15":"product_cat-marke-bergstrom","16":"product_cat-mybikeplan","17":"product_cat-schwarz","18":"pa_battery-bosch-compacttube-400-wh-fest","19":"pa_battery-size-400-wh","20":"pa_brakes-sram-db8-v-h-180-mm","21":"pa_brand-bergstrom","22":"pa_cassette-shimano-cues-linkglide-10-fach","23":"pa_damper-rock-shox-deluxe-select-r","24":"pa_filters-color-schwarz","25":"pa_fork-rock-shox-recon-silver-tk-federgabel","26":"pa_frame-variant-diamant","27":"pa_gear-change-sx-eagle-12-gang","28":"pa_gears-12-gaenge","29":"pa_hex-color-4b4b4b","30":"pa_hex-color-5eb6c4-produkt-bergstrom-flow-4-blue","31":"pa_hex-color-8e8a86-produkt-bergstrom-flow-4-grey","32":"pa_hex-color-f99456-produkt-bergstrom-flow-4-orange","33":"pa_motor-bosch-performance-sx-25km-h","34":"pa_range-50-80-km","35":"pa_rider-height-155-160-cm","36":"pa_rider-height-160-165-cm","37":"pa_rider-height-165-170-cm","38":"pa_rider-height-170-175-cm","39":"pa_rider-height-175-180-cm","40":"pa_rider-height-180-185-cm","41":"pa_rider-height-185-190-cm","42":"pa_rider-height-190-195-cm","43":"pa_sizes-l","44":"pa_sizes-m","45":"pa_sizes-s","46":"pa_sizes-xl","47":"pa_speed-25-km-stunde","48":"pa_suspension-travel-130-mm","49":"pa_tires-schwalbe-wicked-will-evo-super-trail-29x2-35","50":"pa_youtube-link-https-www-youtube-com-embed-lvozc1dohgu","52":"first","53":"instock","54":"shipping-taxable","55":"purchasable","56":"product-type-variable"},"acf":{"short_description":"Das Bergstrom Flow 4 kombiniert leichtes Design und nat\u00fcrliche Fahrdynamik mit dem kraftvollen Bosch Performance SX Motor, um ein herausragendes E-Mountainbike-Erlebnis zu bieten.","bike_name":"Bergstrom Flow 4","highlight_text":"","frame":"","battery_size":"","motor_strength":""},"yoast_head":"<!-- This site is optimized with the Yoast SEO plugin v24.5 - https:\/\/yoast.com\/wordpress\/plugins\/seo\/ -->\n<title>Bergstrom Flow 4 | E-Bike | 0% Zins | Schweiz<\/title>\n<meta name=\"description\" content=\"Hol Dir das Bergstrom Flow 4 und zahle ganz bequem in monatlichen Raten mit 0 % Zins ab! Jetzt profitieren und sofort losfahren.\" \/>\n<meta name=\"robots\" content=\"noindex, follow, max-snippet:-1, max-image-preview:large, max-video-preview:-1\" \/>\n<meta property=\"og:locale\" content=\"de_DE\" \/>\n<meta property=\"og:type\" content=\"article\" \/>\n<meta property=\"og:title\" content=\"Bergstrom Flow 4 | E-Bike | 0% Zins | Schweiz\" \/>\n<meta property=\"og:description\" content=\"Hol Dir das Bergstrom Flow 4 und zahle ganz bequem in monatlichen Raten mit 0 % Zins ab! Jetzt profitieren und sofort losfahren.\" \/>\n<meta property=\"og:url\" content=\"https:\/\/listings.mybikeplan.ch\/de\/produkt\/bergstrom-flow-4-black\/\" \/>\n<meta property=\"og:site_name\" content=\"MyBikePlan\" \/>\n<meta property=\"article:modified_time\" content=\"2024-12-20T10:40:58+00:00\" \/>\n<meta property=\"og:image\" content=\"https:\/\/listings.mybikeplan.ch\/wp-content\/uploads\/2024\/07\/Bergstrom-Flow-4-1.png\" \/>\n\t<meta property=\"og:image:width\" content=\"3000\" \/>\n\t<meta property=\"og:image:height\" content=\"3000\" \/>\n\t<meta property=\"og:image:type\" content=\"image\/png\" \/>\n<meta name=\"twitter:card\" content=\"summary_large_image\" \/>\n<meta name=\"twitter:label1\" content=\"Gesch\u00e4tzte Lesezeit\" \/>\n\t<meta name=\"twitter:data1\" content=\"1\u00a0Minute\" \/>\n<script type=\"application\/ld+json\" class=\"yoast-schema-graph\">{\"@context\":\"https:\/\/schema.org\",\"@graph\":[{\"@type\":\"WebPage\",\"@id\":\"https:\/\/listings.mybikeplan.ch\/de\/produkt\/bergstrom-flow-4-black\/\",\"url\":\"https:\/\/listings.mybikeplan.ch\/de\/produkt\/bergstrom-flow-4-black\/\",\"name\":\"Bergstrom Flow 4 | E-Bike | 0% Zins | Schweiz\",\"isPartOf\":{\"@id\":\"https:\/\/listings.mybikeplan.ch\/de\/#website\"},\"primaryImageOfPage\":{\"@id\":\"https:\/\/listings.mybikeplan.ch\/de\/produkt\/bergstrom-flow-4-black\/#primaryimage\"},\"image\":{\"@id\":\"https:\/\/listings.mybikeplan.ch\/de\/produkt\/bergstrom-flow-4-black\/#primaryimage\"},\"thumbnailUrl\":\"https:\/\/listings.mybikeplan.ch\/wp-content\/uploads\/2024\/07\/Bergstrom-Flow-4-1.png\",\"datePublished\":\"2024-07-09T09:36:27+00:00\",\"dateModified\":\"2024-12-20T10:40:58+00:00\",\"description\":\"Hol Dir das Bergstrom Flow 4 und zahle ganz bequem in monatlichen Raten mit 0 % Zins ab! Jetzt profitieren und sofort losfahren.\",\"breadcrumb\":{\"@id\":\"https:\/\/listings.mybikeplan.ch\/de\/produkt\/bergstrom-flow-4-black\/#breadcrumb\"},\"inLanguage\":\"de\",\"potentialAction\":[{\"@type\":\"ReadAction\",\"target\":[\"https:\/\/listings.mybikeplan.ch\/de\/produkt\/bergstrom-flow-4-black\/\"]}]},{\"@type\":\"ImageObject\",\"inLanguage\":\"de\",\"@id\":\"https:\/\/listings.mybikeplan.ch\/de\/produkt\/bergstrom-flow-4-black\/#primaryimage\",\"url\":\"https:\/\/listings.mybikeplan.ch\/wp-content\/uploads\/2024\/07\/Bergstrom-Flow-4-1.png\",\"contentUrl\":\"https:\/\/listings.mybikeplan.ch\/wp-content\/uploads\/2024\/07\/Bergstrom-Flow-4-1.png\",\"width\":3000,\"height\":3000},{\"@type\":\"BreadcrumbList\",\"@id\":\"https:\/\/listings.mybikeplan.ch\/de\/produkt\/bergstrom-flow-4-black\/#breadcrumb\",\"itemListElement\":[{\"@type\":\"ListItem\",\"position\":1,\"name\":\"Home\",\"item\":\"https:\/\/listings.mybikeplan.ch\/de\/\"},{\"@type\":\"ListItem\",\"position\":2,\"name\":\"Bergstrom Flow 4\"}]},{\"@type\":\"WebSite\",\"@id\":\"https:\/\/listings.mybikeplan.ch\/de\/#website\",\"url\":\"https:\/\/listings.mybikeplan.ch\/de\/\",\"name\":\"MyBikePlan\",\"description\":\"\",\"potentialAction\":[{\"@type\":\"SearchAction\",\"target\":{\"@type\":\"EntryPoint\",\"urlTemplate\":\"https:\/\/listings.mybikeplan.ch\/de\/?s={search_term_string}\"},\"query-input\":{\"@type\":\"PropertyValueSpecification\",\"valueRequired\":true,\"valueName\":\"search_term_string\"}}],\"inLanguage\":\"de\"}]}<\/script>\n<!-- \/ Yoast SEO plugin. -->","yoast_head_json":{"title":"Bergstrom Flow 4 | E-Bike | 0% Zins | Schweiz","description":"Hol Dir das Bergstrom Flow 4 und zahle ganz bequem in monatlichen Raten mit 0 % Zins ab! Jetzt profitieren und sofort losfahren.","robots":{"index":"noindex","follow":"follow","max-snippet":"max-snippet:-1","max-image-preview":"max-image-preview:large","max-video-preview":"max-video-preview:-1"},"og_locale":"de_DE","og_type":"article","og_title":"Bergstrom Flow 4 | E-Bike | 0% Zins | Schweiz","og_description":"Hol Dir das Bergstrom Flow 4 und zahle ganz bequem in monatlichen Raten mit 0 % Zins ab! Jetzt profitieren und sofort losfahren.","og_url":"https:\/\/listings.mybikeplan.ch\/de\/produkt\/bergstrom-flow-4-black\/","og_site_name":"MyBikePlan","article_modified_time":"2024-12-20T10:40:58+00:00","og_image":[{"width":3000,"height":3000,"url":"https:\/\/listings.mybikeplan.ch\/wp-content\/uploads\/2024\/07\/Bergstrom-Flow-4-1.png","type":"image\/png"}],"twitter_card":"summary_large_image","twitter_misc":{"Gesch\u00e4tzte Lesezeit":"1\u00a0Minute"},"schema":{"@context":"https:\/\/schema.org","@graph":[{"@type":"WebPage","@id":"https:\/\/listings.mybikeplan.ch\/de\/produkt\/bergstrom-flow-4-black\/","url":"https:\/\/listings.mybikeplan.ch\/de\/produkt\/bergstrom-flow-4-black\/","name":"Bergstrom Flow 4 | E-Bike | 0% Zins | Schweiz","isPartOf":{"@id":"https:\/\/listings.mybikeplan.ch\/de\/#website"},"primaryImageOfPage":{"@id":"https:\/\/listings.mybikeplan.ch\/de\/produkt\/bergstrom-flow-4-black\/#primaryimage"},"image":{"@id":"https:\/\/listings.mybikeplan.ch\/de\/produkt\/bergstrom-flow-4-black\/#primaryimage"},"thumbnailUrl":"https:\/\/listings.mybikeplan.ch\/wp-content\/uploads\/2024\/07\/Bergstrom-Flow-4-1.png","datePublished":"2024-07-09T09:36:27+00:00","dateModified":"2024-12-20T10:40:58+00:00","description":"Hol Dir das Bergstrom Flow 4 und zahle ganz bequem in monatlichen Raten mit 0 % Zins ab! Jetzt profitieren und sofort losfahren.","breadcrumb":{"@id":"https:\/\/listings.mybikeplan.ch\/de\/produkt\/bergstrom-flow-4-black\/#breadcrumb"},"inLanguage":"de","potentialAction":[{"@type":"ReadAction","target":["https:\/\/listings.mybikeplan.ch\/de\/produkt\/bergstrom-flow-4-black\/"]}]},{"@type":"ImageObject","inLanguage":"de","@id":"https:\/\/listings.mybikeplan.ch\/de\/produkt\/bergstrom-flow-4-black\/#primaryimage","url":"https:\/\/listings.mybikeplan.ch\/wp-content\/uploads\/2024\/07\/Bergstrom-Flow-4-1.png","contentUrl":"https:\/\/listings.mybikeplan.ch\/wp-content\/uploads\/2024\/07\/Bergstrom-Flow-4-1.png","width":3000,"height":3000},{"@type":"BreadcrumbList","@id":"https:\/\/listings.mybikeplan.ch\/de\/produkt\/bergstrom-flow-4-black\/#breadcrumb","itemListElement":[{"@type":"ListItem","position":1,"name":"Home","item":"https:\/\/listings.mybikeplan.ch\/de\/"},{"@type":"ListItem","position":2,"name":"Bergstrom Flow 4"}]},{"@type":"WebSite","@id":"https:\/\/listings.mybikeplan.ch\/de\/#website","url":"https:\/\/listings.mybikeplan.ch\/de\/","name":"MyBikePlan","description":"","potentialAction":[{"@type":"SearchAction","target":{"@type":"EntryPoint","urlTemplate":"https:\/\/listings.mybikeplan.ch\/de\/?s={search_term_string}"},"query-input":{"@type":"PropertyValueSpecification","valueRequired":true,"valueName":"search_term_string"}}],"inLanguage":"de"}]}},"_links":{"self":[{"href":"https:\/\/listings.mybikeplan.ch\/de\/wp-json\/wp\/v2\/product\/66195","targetHints":{"allow":["GET"]}}],"collection":[{"href":"https:\/\/listings.mybikeplan.ch\/de\/wp-json\/wp\/v2\/product"}],"about":[{"href":"https:\/\/listings.mybikeplan.ch\/de\/wp-json\/wp\/v2\/types\/product"}],"replies":[{"embeddable":true,"href":"https:\/\/listings.mybikeplan.ch\/de\/wp-json\/wp\/v2\/comments?post=66195"}],"wp:featuredmedia":[{"embeddable":true,"href":"https:\/\/listings.mybikeplan.ch\/de\/wp-json\/wp\/v2\/media\/66212"}],"wp:attachment":[{"href":"https:\/\/listings.mybikeplan.ch\/de\/wp-json\/wp\/v2\/media?parent=66195"}],"wp:term":[{"taxonomy":"product_brand","embeddable":true,"href":"https:\/\/listings.mybikeplan.ch\/de\/wp-json\/wp\/v2\/product_brand?post=66195"},{"taxonomy":"product_cat","embeddable":true,"href":"https:\/\/listings.mybikeplan.ch\/de\/wp-json\/wp\/v2\/product_cat?post=66195"},{"taxonomy":"product_tag","embeddable":true,"href":"https:\/\/listings.mybikeplan.ch\/de\/wp-json\/wp\/v2\/product_tag?post=66195"}],"curies":[{"name":"wp","href":"https:\/\/api.w.org\/{rel}","templated":true}]}}