{"id":65620,"date":"2024-06-28T13:39:58","date_gmt":"2024-06-28T13:39:58","guid":{"rendered":"https:\/\/listings.mybikeplan.ch\/?post_type=product&#038;p=65620"},"modified":"2025-01-03T16:47:09","modified_gmt":"2025-01-03T16:47:09","slug":"bmc-fourstroke-three-green","status":"publish","type":"product","link":"https:\/\/listings.mybikeplan.ch\/de\/produkt\/bmc-fourstroke-three-green\/","title":{"rendered":"BMC Fourstroke THREE"},"content":{"rendered":"<h2><strong>Das Wichtigste zum BMC Fourstroke THREE:<\/strong><\/h2>\n<ul>\n<li>Die neu definierte Big Wheel Concept-Geometrie verbessert die Performance in Verbindung mit einem leichten Vollcarbon-Rahmen mit integriertem Schutz und zwei Flaschenhalterungen f\u00fcr lange Rides.<\/li>\n<li>Shimano SLX Antrieb, die RockShox SID SL Select Gabel und den RockShox SIDLuxe Select+ 3P D\u00e4mpfer, den DT Swiss X 1900 Laufradsatz mit 25 mm Maulweite und die X-Fusion Manic Sattelst\u00fctze.<\/li>\n<\/ul>\n<h2><strong>Gr\u00f6ssenempfehlung:<\/strong><\/h2>\n<ul>\n<li style=\"font-weight: 400;\" aria-level=\"1\">S: &lt;172 cm<\/li>\n<li style=\"font-weight: 400;\" aria-level=\"1\">M: 172-182 cm<\/li>\n<li style=\"font-weight: 400;\" aria-level=\"1\">L: 180-188 cm<\/li>\n<li style=\"font-weight: 400;\" aria-level=\"1\">XL: &gt;188 cm<\/li>\n<\/ul>\n","protected":false},"excerpt":{"rendered":"<h3><span data-sheets-root=\"1\" data-sheets-value=\"{&quot;1&quot;:2,&quot;2&quot;:&quot;\u00dcber die Marke BMCnMit jahrzehntelanger Erfahrung und einer st\u00e4ndigen Suche nach Geschwindigkeit hat sich BMC als Referenzmarke in der Welt der High-End-Fahrr\u00e4der etabliert. Seit den sp\u00e4ten 80er und fr\u00fchen 90er Jahren entwickelt und perfektioniert BMC bedeutende Innovationen, stets mit dem Ziel, die schnellsten Fahrr\u00e4der zu bauen. Ihr Team von \u00fcber 150 Experten in Grenchen, Schweiz, forscht und implementiert kontinuierlich neue Technologien.&quot;}\" data-sheets-userformat=\"{&quot;2&quot;:4541,&quot;3&quot;:{&quot;1&quot;:0},&quot;5&quot;:{&quot;1&quot;:[{&quot;1&quot;:2,&quot;2&quot;:0,&quot;5&quot;:{&quot;1&quot;:2,&quot;2&quot;:0}},{&quot;1&quot;:0,&quot;2&quot;:0,&quot;3&quot;:3},{&quot;1&quot;:1,&quot;2&quot;:0,&quot;4&quot;:1}]},&quot;6&quot;:{&quot;1&quot;:[{&quot;1&quot;:2,&quot;2&quot;:0,&quot;5&quot;:{&quot;1&quot;:2,&quot;2&quot;:0}},{&quot;1&quot;:0,&quot;2&quot;:0,&quot;3&quot;:3},{&quot;1&quot;:1,&quot;2&quot;:0,&quot;4&quot;:1}]},&quot;7&quot;:{&quot;1&quot;:[{&quot;1&quot;:2,&quot;2&quot;:0,&quot;5&quot;:{&quot;1&quot;:2,&quot;2&quot;:0}},{&quot;1&quot;:0,&quot;2&quot;:0,&quot;3&quot;:3},{&quot;1&quot;:1,&quot;2&quot;:0,&quot;4&quot;:1}]},&quot;8&quot;:{&quot;1&quot;:[{&quot;1&quot;:2,&quot;2&quot;:0,&quot;5&quot;:{&quot;1&quot;:2,&quot;2&quot;:0}},{&quot;1&quot;:0,&quot;2&quot;:0,&quot;3&quot;:3},{&quot;1&quot;:1,&quot;2&quot;:0,&quot;4&quot;:1}]},&quot;10&quot;:0,&quot;11&quot;:4,&quot;15&quot;:&quot;Arial&quot;}\" data-sheets-textstyleruns=\"{&quot;1&quot;:0,&quot;2&quot;:{}}\uee10{&quot;1&quot;:19}\"><strong>\u00dcber die Marke BMC<\/strong><\/span><\/h3>\n<p><span data-sheets-root=\"1\" data-sheets-value=\"{&quot;1&quot;:2,&quot;2&quot;:&quot;\u00dcber die Marke BMCnMit jahrzehntelanger Erfahrung und einer st\u00e4ndigen Suche nach Geschwindigkeit hat sich BMC als Referenzmarke in der Welt der High-End-Fahrr\u00e4der etabliert. Seit den sp\u00e4ten 80er und fr\u00fchen 90er Jahren entwickelt und perfektioniert BMC bedeutende Innovationen, stets mit dem Ziel, die schnellsten Fahrr\u00e4der zu bauen. Ihr Team von \u00fcber 150 Experten in Grenchen, Schweiz, forscht und implementiert kontinuierlich neue Technologien.&quot;}\" data-sheets-userformat=\"{&quot;2&quot;:4541,&quot;3&quot;:{&quot;1&quot;:0},&quot;5&quot;:{&quot;1&quot;:[{&quot;1&quot;:2,&quot;2&quot;:0,&quot;5&quot;:{&quot;1&quot;:2,&quot;2&quot;:0}},{&quot;1&quot;:0,&quot;2&quot;:0,&quot;3&quot;:3},{&quot;1&quot;:1,&quot;2&quot;:0,&quot;4&quot;:1}]},&quot;6&quot;:{&quot;1&quot;:[{&quot;1&quot;:2,&quot;2&quot;:0,&quot;5&quot;:{&quot;1&quot;:2,&quot;2&quot;:0}},{&quot;1&quot;:0,&quot;2&quot;:0,&quot;3&quot;:3},{&quot;1&quot;:1,&quot;2&quot;:0,&quot;4&quot;:1}]},&quot;7&quot;:{&quot;1&quot;:[{&quot;1&quot;:2,&quot;2&quot;:0,&quot;5&quot;:{&quot;1&quot;:2,&quot;2&quot;:0}},{&quot;1&quot;:0,&quot;2&quot;:0,&quot;3&quot;:3},{&quot;1&quot;:1,&quot;2&quot;:0,&quot;4&quot;:1}]},&quot;8&quot;:{&quot;1&quot;:[{&quot;1&quot;:2,&quot;2&quot;:0,&quot;5&quot;:{&quot;1&quot;:2,&quot;2&quot;:0}},{&quot;1&quot;:0,&quot;2&quot;:0,&quot;3&quot;:3},{&quot;1&quot;:1,&quot;2&quot;:0,&quot;4&quot;:1}]},&quot;10&quot;:0,&quot;11&quot;:4,&quot;15&quot;:&quot;Arial&quot;}\" data-sheets-textstyleruns=\"{&quot;1&quot;:0,&quot;2&quot;:{}}\uee10{&quot;1&quot;:19}\">Mit jahrzehntelanger Erfahrung und einer st\u00e4ndigen Suche nach Geschwindigkeit hat sich BMC als Referenzmarke in der Welt der High-End-Fahrr\u00e4der etabliert. Seit den sp\u00e4ten 80er und fr\u00fchen 90er Jahren entwickelt und perfektioniert BMC bedeutende Innovationen, stets mit dem Ziel, die schnellsten Fahrr\u00e4der zu bauen. Ihr Team von \u00fcber 150 Experten in Grenchen, Schweiz, forscht und implementiert kontinuierlich neue Technologien.<\/span><\/p>\n","protected":false},"featured_media":65630,"comment_status":"open","ping_status":"closed","template":"","meta":{"_acf_changed":false},"product_brand":[],"product_cat":[10587,578,582,8048,3249,579,10592,4481,7789,3422],"product_tag":[],"class_list":{"0":"post-65620","1":"product","2":"type-product","3":"status-publish","4":"has-post-thumbnail","6":"product_cat-bmc","7":"product_cat-damen","8":"product_cat-diamant","9":"product_cat-mountain-fully","10":"product_cat-gruen","11":"product_cat-herren","12":"product_cat-mountain-bikes","13":"product_cat-mybikeplan","14":"product_cat-swiss-made","15":"product_cat-nicht-elektrische-bikes","16":"pa_brakes-shimano-slx-v-h-160-mm","17":"pa_brand-bmc","18":"pa_cassette-shimano-slx-cs-m7100","19":"pa_damper-rockshox-sidluxe-select-3p","20":"pa_filters-color-gruen","21":"pa_frame-variant-diamant","22":"pa_gear-change-shimano-slx-rd-m7100","23":"pa_gears-12-gaenge","24":"pa_max-weight-110-kg","25":"pa_rider-height-170-175-cm","26":"pa_rider-height-175-180-cm","27":"pa_rider-height-180-185-cm","28":"pa_rider-height-185-190-cm","29":"pa_rider-height-190-195-cm","30":"pa_rider-height-195-200-cm","31":"pa_rider-height-200-205-cm","32":"pa_sizes-l","33":"pa_sizes-m","34":"pa_sizes-s","35":"pa_sizes-xl","36":"pa_suspension-travel-100-mm","37":"pa_tires-vittoria-barzo-tubeless-2-25","39":"first","40":"instock","41":"shipping-taxable","42":"purchasable","43":"product-type-variable"},"acf":{"short_description":"Das Fourstroke ist ein Cross-Country Bike, das in jeder Situation gl\u00e4nzt. Diese XC-Maschine \u00fcberzeugt durch aussergew\u00f6hnliche Vielseitigkeit und setzt mit 100 mm Federweg mit dem unvergleichbaren APS-Dual-Link-System neue Massst\u00e4be.","bike_name":"BMC Fourstroke THREE","highlight_text":"","frame":"","battery_size":"","motor_strength":""},"yoast_head":"<!-- This site is optimized with the Yoast SEO plugin v24.5 - https:\/\/yoast.com\/wordpress\/plugins\/seo\/ -->\n<title>BMC Fourstroke THREE | E-Bike | 0% Zins | Schweiz<\/title>\n<meta name=\"description\" content=\"Hol Dir das BMC Fourstroke THREE und zahle ganz bequem in monatlichen Raten mit 0 % Zins ab! Jetzt profitieren und sofort losfahren.\" \/>\n<meta name=\"robots\" content=\"noindex, follow, max-snippet:-1, max-image-preview:large, max-video-preview:-1\" \/>\n<meta property=\"og:locale\" content=\"de_DE\" \/>\n<meta property=\"og:type\" content=\"article\" \/>\n<meta property=\"og:title\" content=\"BMC Fourstroke THREE | E-Bike | 0% Zins | Schweiz\" \/>\n<meta property=\"og:description\" content=\"Hol Dir das BMC Fourstroke THREE und zahle ganz bequem in monatlichen Raten mit 0 % Zins ab! Jetzt profitieren und sofort losfahren.\" \/>\n<meta property=\"og:url\" content=\"https:\/\/listings.mybikeplan.ch\/de\/produkt\/bmc-fourstroke-three-green\/\" \/>\n<meta property=\"og:site_name\" content=\"MyBikePlan\" \/>\n<meta property=\"article:modified_time\" content=\"2025-01-03T16:47:09+00:00\" \/>\n<meta property=\"og:image\" content=\"https:\/\/listings.mybikeplan.ch\/wp-content\/uploads\/2024\/06\/BMC-Fourstroke-THREE-1-1024x1024.png\" \/>\n\t<meta property=\"og:image:width\" content=\"1024\" \/>\n\t<meta property=\"og:image:height\" content=\"1024\" \/>\n\t<meta property=\"og:image:type\" content=\"image\/png\" \/>\n<meta name=\"twitter:card\" content=\"summary_large_image\" \/>\n<meta name=\"twitter:label1\" content=\"Gesch\u00e4tzte Lesezeit\" \/>\n\t<meta name=\"twitter:data1\" content=\"1\u00a0Minute\" \/>\n<script type=\"application\/ld+json\" class=\"yoast-schema-graph\">{\"@context\":\"https:\/\/schema.org\",\"@graph\":[{\"@type\":\"WebPage\",\"@id\":\"https:\/\/listings.mybikeplan.ch\/de\/produkt\/bmc-fourstroke-three-green\/\",\"url\":\"https:\/\/listings.mybikeplan.ch\/de\/produkt\/bmc-fourstroke-three-green\/\",\"name\":\"BMC Fourstroke THREE | E-Bike | 0% Zins | Schweiz\",\"isPartOf\":{\"@id\":\"https:\/\/listings.mybikeplan.ch\/de\/#website\"},\"primaryImageOfPage\":{\"@id\":\"https:\/\/listings.mybikeplan.ch\/de\/produkt\/bmc-fourstroke-three-green\/#primaryimage\"},\"image\":{\"@id\":\"https:\/\/listings.mybikeplan.ch\/de\/produkt\/bmc-fourstroke-three-green\/#primaryimage\"},\"thumbnailUrl\":\"https:\/\/listings.mybikeplan.ch\/wp-content\/uploads\/2024\/06\/BMC-Fourstroke-THREE-1.png\",\"datePublished\":\"2024-06-28T13:39:58+00:00\",\"dateModified\":\"2025-01-03T16:47:09+00:00\",\"description\":\"Hol Dir das BMC Fourstroke THREE und zahle ganz bequem in monatlichen Raten mit 0 % Zins ab! Jetzt profitieren und sofort losfahren.\",\"breadcrumb\":{\"@id\":\"https:\/\/listings.mybikeplan.ch\/de\/produkt\/bmc-fourstroke-three-green\/#breadcrumb\"},\"inLanguage\":\"de\",\"potentialAction\":[{\"@type\":\"ReadAction\",\"target\":[\"https:\/\/listings.mybikeplan.ch\/de\/produkt\/bmc-fourstroke-three-green\/\"]}]},{\"@type\":\"ImageObject\",\"inLanguage\":\"de\",\"@id\":\"https:\/\/listings.mybikeplan.ch\/de\/produkt\/bmc-fourstroke-three-green\/#primaryimage\",\"url\":\"https:\/\/listings.mybikeplan.ch\/wp-content\/uploads\/2024\/06\/BMC-Fourstroke-THREE-1.png\",\"contentUrl\":\"https:\/\/listings.mybikeplan.ch\/wp-content\/uploads\/2024\/06\/BMC-Fourstroke-THREE-1.png\",\"width\":3000,\"height\":3000},{\"@type\":\"BreadcrumbList\",\"@id\":\"https:\/\/listings.mybikeplan.ch\/de\/produkt\/bmc-fourstroke-three-green\/#breadcrumb\",\"itemListElement\":[{\"@type\":\"ListItem\",\"position\":1,\"name\":\"Home\",\"item\":\"https:\/\/listings.mybikeplan.ch\/de\/\"},{\"@type\":\"ListItem\",\"position\":2,\"name\":\"BMC Fourstroke THREE\"}]},{\"@type\":\"WebSite\",\"@id\":\"https:\/\/listings.mybikeplan.ch\/de\/#website\",\"url\":\"https:\/\/listings.mybikeplan.ch\/de\/\",\"name\":\"MyBikePlan\",\"description\":\"\",\"potentialAction\":[{\"@type\":\"SearchAction\",\"target\":{\"@type\":\"EntryPoint\",\"urlTemplate\":\"https:\/\/listings.mybikeplan.ch\/de\/?s={search_term_string}\"},\"query-input\":{\"@type\":\"PropertyValueSpecification\",\"valueRequired\":true,\"valueName\":\"search_term_string\"}}],\"inLanguage\":\"de\"}]}<\/script>\n<!-- \/ Yoast SEO plugin. -->","yoast_head_json":{"title":"BMC Fourstroke THREE | E-Bike | 0% Zins | Schweiz","description":"Hol Dir das BMC Fourstroke THREE und zahle ganz bequem in monatlichen Raten mit 0 % Zins ab! Jetzt profitieren und sofort losfahren.","robots":{"index":"noindex","follow":"follow","max-snippet":"max-snippet:-1","max-image-preview":"max-image-preview:large","max-video-preview":"max-video-preview:-1"},"og_locale":"de_DE","og_type":"article","og_title":"BMC Fourstroke THREE | E-Bike | 0% Zins | Schweiz","og_description":"Hol Dir das BMC Fourstroke THREE und zahle ganz bequem in monatlichen Raten mit 0 % Zins ab! Jetzt profitieren und sofort losfahren.","og_url":"https:\/\/listings.mybikeplan.ch\/de\/produkt\/bmc-fourstroke-three-green\/","og_site_name":"MyBikePlan","article_modified_time":"2025-01-03T16:47:09+00:00","og_image":[{"width":1024,"height":1024,"url":"https:\/\/listings.mybikeplan.ch\/wp-content\/uploads\/2024\/06\/BMC-Fourstroke-THREE-1-1024x1024.png","type":"image\/png"}],"twitter_card":"summary_large_image","twitter_misc":{"Gesch\u00e4tzte Lesezeit":"1\u00a0Minute"},"schema":{"@context":"https:\/\/schema.org","@graph":[{"@type":"WebPage","@id":"https:\/\/listings.mybikeplan.ch\/de\/produkt\/bmc-fourstroke-three-green\/","url":"https:\/\/listings.mybikeplan.ch\/de\/produkt\/bmc-fourstroke-three-green\/","name":"BMC Fourstroke THREE | E-Bike | 0% Zins | Schweiz","isPartOf":{"@id":"https:\/\/listings.mybikeplan.ch\/de\/#website"},"primaryImageOfPage":{"@id":"https:\/\/listings.mybikeplan.ch\/de\/produkt\/bmc-fourstroke-three-green\/#primaryimage"},"image":{"@id":"https:\/\/listings.mybikeplan.ch\/de\/produkt\/bmc-fourstroke-three-green\/#primaryimage"},"thumbnailUrl":"https:\/\/listings.mybikeplan.ch\/wp-content\/uploads\/2024\/06\/BMC-Fourstroke-THREE-1.png","datePublished":"2024-06-28T13:39:58+00:00","dateModified":"2025-01-03T16:47:09+00:00","description":"Hol Dir das BMC Fourstroke THREE und zahle ganz bequem in monatlichen Raten mit 0 % Zins ab! Jetzt profitieren und sofort losfahren.","breadcrumb":{"@id":"https:\/\/listings.mybikeplan.ch\/de\/produkt\/bmc-fourstroke-three-green\/#breadcrumb"},"inLanguage":"de","potentialAction":[{"@type":"ReadAction","target":["https:\/\/listings.mybikeplan.ch\/de\/produkt\/bmc-fourstroke-three-green\/"]}]},{"@type":"ImageObject","inLanguage":"de","@id":"https:\/\/listings.mybikeplan.ch\/de\/produkt\/bmc-fourstroke-three-green\/#primaryimage","url":"https:\/\/listings.mybikeplan.ch\/wp-content\/uploads\/2024\/06\/BMC-Fourstroke-THREE-1.png","contentUrl":"https:\/\/listings.mybikeplan.ch\/wp-content\/uploads\/2024\/06\/BMC-Fourstroke-THREE-1.png","width":3000,"height":3000},{"@type":"BreadcrumbList","@id":"https:\/\/listings.mybikeplan.ch\/de\/produkt\/bmc-fourstroke-three-green\/#breadcrumb","itemListElement":[{"@type":"ListItem","position":1,"name":"Home","item":"https:\/\/listings.mybikeplan.ch\/de\/"},{"@type":"ListItem","position":2,"name":"BMC Fourstroke THREE"}]},{"@type":"WebSite","@id":"https:\/\/listings.mybikeplan.ch\/de\/#website","url":"https:\/\/listings.mybikeplan.ch\/de\/","name":"MyBikePlan","description":"","potentialAction":[{"@type":"SearchAction","target":{"@type":"EntryPoint","urlTemplate":"https:\/\/listings.mybikeplan.ch\/de\/?s={search_term_string}"},"query-input":{"@type":"PropertyValueSpecification","valueRequired":true,"valueName":"search_term_string"}}],"inLanguage":"de"}]}},"_links":{"self":[{"href":"https:\/\/listings.mybikeplan.ch\/de\/wp-json\/wp\/v2\/product\/65620","targetHints":{"allow":["GET"]}}],"collection":[{"href":"https:\/\/listings.mybikeplan.ch\/de\/wp-json\/wp\/v2\/product"}],"about":[{"href":"https:\/\/listings.mybikeplan.ch\/de\/wp-json\/wp\/v2\/types\/product"}],"replies":[{"embeddable":true,"href":"https:\/\/listings.mybikeplan.ch\/de\/wp-json\/wp\/v2\/comments?post=65620"}],"wp:featuredmedia":[{"embeddable":true,"href":"https:\/\/listings.mybikeplan.ch\/de\/wp-json\/wp\/v2\/media\/65630"}],"wp:attachment":[{"href":"https:\/\/listings.mybikeplan.ch\/de\/wp-json\/wp\/v2\/media?parent=65620"}],"wp:term":[{"taxonomy":"product_brand","embeddable":true,"href":"https:\/\/listings.mybikeplan.ch\/de\/wp-json\/wp\/v2\/product_brand?post=65620"},{"taxonomy":"product_cat","embeddable":true,"href":"https:\/\/listings.mybikeplan.ch\/de\/wp-json\/wp\/v2\/product_cat?post=65620"},{"taxonomy":"product_tag","embeddable":true,"href":"https:\/\/listings.mybikeplan.ch\/de\/wp-json\/wp\/v2\/product_tag?post=65620"}],"curies":[{"name":"wp","href":"https:\/\/api.w.org\/{rel}","templated":true}]}}