{"id":64535,"date":"2024-06-17T12:00:34","date_gmt":"2024-06-17T12:00:34","guid":{"rendered":"https:\/\/listings.mybikeplan.ch\/?post_type=product&#038;p=64535"},"modified":"2024-08-12T07:25:02","modified_gmt":"2024-08-12T07:25:02","slug":"fischer-viator-8-0i-blue-trapez","status":"publish","type":"product","link":"https:\/\/listings.mybikeplan.ch\/de\/produkt\/fischer-viator-8-0i-blue-trapez\/","title":{"rendered":"FISCHER Viator 8.0i"},"content":{"rendered":"<h2><strong>Das Wichtigste zum <\/strong><strong>FISCHER <\/strong><strong>Viator 8.0i:\u00a0<\/strong><\/h2>\n<ul>\n<li style=\"font-weight: 400;\" aria-level=\"1\"><span style=\"font-weight: 400;\">Trekking E-Bike mit Brose Drive S MAG Mittelmotor mit 90Nm<\/span><\/li>\n<li style=\"font-weight: 400;\" aria-level=\"1\"><span style=\"font-weight: 400;\">Akku-Kapazit\u00e4t von 711 Wh<\/span><\/li>\n<li style=\"font-weight: 400;\" aria-level=\"1\"><span style=\"font-weight: 400;\">Suntour Federgabel<\/span><\/li>\n<\/ul>\n<h2><strong>Das <\/strong><strong>FISCHER <\/strong><strong>Viator 8.0i ist perfekt f\u00fcr dich, wenn du:<\/strong><\/h2>\n<ul>\n<li style=\"font-weight: 400;\" aria-level=\"1\"><span style=\"font-weight: 400;\">ein E-Trekking mit Stil und Leistung suchst<\/span><\/li>\n<li style=\"font-weight: 400;\" aria-level=\"1\"><span style=\"font-weight: 400;\">ein Allround-Bike f\u00fcrs Wochenende und Stadtfahrten suchst<\/span><\/li>\n<\/ul>\n<h2><strong>Gr\u00f6ssenempfehlung:<\/strong><\/h2>\n<ul>\n<li style=\"font-weight: 400;\" aria-level=\"1\"><span style=\"font-weight: 400;\">S\/M: 155-175 cm<\/span><\/li>\n<li><span style=\"font-weight: 400;\">M\/L: 175-190 cm<\/span><\/li>\n<\/ul>\n","protected":false},"excerpt":{"rendered":"<h3><span style=\"font-weight: 400;\"><strong>FISCHER Viator 8.0i<\/strong>\u00a0<\/span><\/h3>\n<p><span style=\"font-weight: 400;\">Dieses FISCHER ist ein vielseitiges Fahrrad, das sich sowohl f\u00fcr Abenteuer auf der Stra\u00dfe als auch im Gel\u00e4nde eignet. Der langlebige Akku, der gefederte Sattel und der robuste Gep\u00e4cktr\u00e4ger sorgen f\u00fcr Komfort und Funktionalit\u00e4t. Das leichte Design, der leistungsstarke Motor und die erstklassige Ausstattung, einschlie\u00dflich der hochwertigen Federung und der pr\u00e4zisen Schaltung, sorgen f\u00fcr ein sanftes und sportliches Fahrgef\u00fchl. Der Akku bietet eine beeindruckende Reichweite von bis zu 170 km* und l\u00e4sst sich leicht wieder aufladen, um ununterbrochenen Fahrspa\u00df zu gew\u00e4hrleisten. Die \u00fcber das Brose Allround CAN-Bus-Display anpassbaren Unterst\u00fctzungsstufen machen das Fahren mit dem Viator 8.0i zu einem angenehmen und aufregenden Erlebnis<\/span><\/p>\n<h3><b>\u00dcber die Marke Fischer<\/b><\/h3>\n<p>Die Marke FISCHER ist seit mehr als 70 Jahren eng mit dem Fahrrad verkn\u00fcpft. Der Namensgeber &#8211; Alfred Fischer &#8211; gr\u00fcndete 1949 FISCHER- die Fahrradmarke und war Wegbereiter f\u00fcr qualitativ hochwertige Fahrr\u00e4der, erh\u00e4ltlich im SB-Warenhaus. Nach der Aufgabe des Gesch\u00e4fts \u00fcbernahm die Inter-Union Technohandel GmbH im Jahr 2010 die Markenrechte und f\u00fchrt diese bis heute unter dem Dach der MTS Group erfolgreich weiter. Seit 2012 widmet sich FISCHER ganz dem Thema E-Bike &#8211; die mehrfach pr\u00e4mierten Modelle gibt es weiterhin im Supermarkt um die Ecke, im Baumarkt und nat\u00fcrlich Online zu kaufen &#8211; bis heute erschwinglich und zu fairen Preisen. Erg\u00e4nzt wird das FISCHER-Sortiment durch ca. 500 Artikel rund um das Thema Radfahren &#8211; praktisch, zeitgem\u00e4ss und schadstofffrei.<\/p>\n","protected":false},"featured_media":64539,"comment_status":"open","ping_status":"closed","template":"","meta":{"_acf_changed":false},"product_brand":[],"product_cat":[583,15,3248,578,2089,23,579,768,4481],"product_tag":[],"class_list":{"0":"post-64535","1":"product","2":"type-product","3":"status-publish","4":"has-post-thumbnail","6":"product_cat-25-km","7":"product_cat-alle-e-bikes","8":"product_cat-blau","9":"product_cat-damen","10":"product_cat-e-bikes","11":"product_cat-e-trekking","12":"product_cat-herren","13":"product_cat-marke-fischer","14":"product_cat-mybikeplan","15":"pa_battery-akku-rahmen-711wh-bn23-7-pin-ladestecker","16":"pa_battery-size-711-wh","17":"pa_brakes-marke-alhonga-v-180-mm-h-160-mm","18":"pa_brand-fischer","19":"pa_filters-color-blau","20":"pa_fork-sr-suntour-xcm32","21":"pa_frame-variant-trapez","22":"pa_gear-change-sram-sx-11-50-kettenschaltung","23":"pa_gears-12-gaenge","24":"pa_hex-color-4d6074","25":"pa_max-weight-150-kg","26":"pa_motor-brose-drive-s-mag-mittelmotor-90-nm","27":"pa_range-170-km","28":"pa_rider-height-155-160-cm","29":"pa_rider-height-160-165-cm","30":"pa_rider-height-165-170-cm","31":"pa_rider-height-170-175-cm","32":"pa_rider-height-175-180-cm","33":"pa_rider-height-180-185-cm","34":"pa_rider-height-185-190-cm","35":"pa_sizes-m-l","36":"pa_sizes-s-m","37":"pa_speed-25-km-stunde","38":"pa_suspension-travel-80-mm","39":"pa_tires-vredestein-icon-55-622-mm","40":"pa_weight-28-kg","42":"first","43":"instock","44":"shipping-taxable","45":"purchasable","46":"product-type-variable"},"acf":{"short_description":"Genie\u00dfen Sie den Komfort einer bemerkenswerten Reichweite von bis zu 170 km*, gepaart mit der gewaltigen Kraft eines 90 Nm Mittelmotors, der f\u00fcr m\u00fchelose Erkundungen in jedem Gel\u00e4nde sorgt. Das moderne Display l\u00e4sst sich nahtlos mit der E-Connect App zur Routenplanung und Navigation verbinden und steigert so Ihr Bike Erlebnis mit dem FISCHER Viator 8.0i.","bike_name":"FISCHER Viator 8.0i","highlight_text":"","frame":[64503,64563,64535],"battery_size":"","motor_strength":""},"yoast_head":"<!-- This site is optimized with the Yoast SEO plugin v24.5 - https:\/\/yoast.com\/wordpress\/plugins\/seo\/ -->\n<title>FISCHER Viator 8.0i | E-Bike | 0% Zins | Schweiz<\/title>\n<meta name=\"description\" content=\"Hol Dir das FISCHER Viator 8.0i und zahle ganz bequem in monatlichen Raten mit 0 % Zins ab! Jetzt profitieren und sofort losfahren.\" \/>\n<meta name=\"robots\" content=\"noindex, follow, max-snippet:-1, max-image-preview:large, max-video-preview:-1\" \/>\n<meta property=\"og:locale\" content=\"de_DE\" \/>\n<meta property=\"og:type\" content=\"article\" \/>\n<meta property=\"og:title\" content=\"FISCHER Viator 8.0i | E-Bike | 0% Zins | Schweiz\" \/>\n<meta property=\"og:description\" content=\"Hol Dir das FISCHER Viator 8.0i und zahle ganz bequem in monatlichen Raten mit 0 % Zins ab! Jetzt profitieren und sofort losfahren.\" \/>\n<meta property=\"og:url\" content=\"https:\/\/listings.mybikeplan.ch\/de\/produkt\/fischer-viator-8-0i-blue-trapez\/\" \/>\n<meta property=\"og:site_name\" content=\"MyBikePlan\" \/>\n<meta property=\"article:modified_time\" content=\"2024-08-12T07:25:02+00:00\" \/>\n<meta property=\"og:image\" content=\"https:\/\/listings.mybikeplan.ch\/wp-content\/uploads\/2024\/06\/FISCHER-Viator-8.0i-1-1-1024x1024.png\" \/>\n\t<meta property=\"og:image:width\" content=\"1024\" \/>\n\t<meta property=\"og:image:height\" content=\"1024\" \/>\n\t<meta property=\"og:image:type\" content=\"image\/png\" \/>\n<meta name=\"twitter:card\" content=\"summary_large_image\" \/>\n<meta name=\"twitter:label1\" content=\"Gesch\u00e4tzte Lesezeit\" \/>\n\t<meta name=\"twitter:data1\" content=\"1\u00a0Minute\" \/>\n<script type=\"application\/ld+json\" class=\"yoast-schema-graph\">{\"@context\":\"https:\/\/schema.org\",\"@graph\":[{\"@type\":\"WebPage\",\"@id\":\"https:\/\/listings.mybikeplan.ch\/de\/produkt\/fischer-viator-8-0i-blue-trapez\/\",\"url\":\"https:\/\/listings.mybikeplan.ch\/de\/produkt\/fischer-viator-8-0i-blue-trapez\/\",\"name\":\"FISCHER Viator 8.0i | E-Bike | 0% Zins | Schweiz\",\"isPartOf\":{\"@id\":\"https:\/\/listings.mybikeplan.ch\/de\/#website\"},\"primaryImageOfPage\":{\"@id\":\"https:\/\/listings.mybikeplan.ch\/de\/produkt\/fischer-viator-8-0i-blue-trapez\/#primaryimage\"},\"image\":{\"@id\":\"https:\/\/listings.mybikeplan.ch\/de\/produkt\/fischer-viator-8-0i-blue-trapez\/#primaryimage\"},\"thumbnailUrl\":\"https:\/\/listings.mybikeplan.ch\/wp-content\/uploads\/2024\/06\/FISCHER-Viator-8.0i-1-1.png\",\"datePublished\":\"2024-06-17T12:00:34+00:00\",\"dateModified\":\"2024-08-12T07:25:02+00:00\",\"description\":\"Hol Dir das FISCHER Viator 8.0i und zahle ganz bequem in monatlichen Raten mit 0 % Zins ab! Jetzt profitieren und sofort losfahren.\",\"breadcrumb\":{\"@id\":\"https:\/\/listings.mybikeplan.ch\/de\/produkt\/fischer-viator-8-0i-blue-trapez\/#breadcrumb\"},\"inLanguage\":\"de\",\"potentialAction\":[{\"@type\":\"ReadAction\",\"target\":[\"https:\/\/listings.mybikeplan.ch\/de\/produkt\/fischer-viator-8-0i-blue-trapez\/\"]}]},{\"@type\":\"ImageObject\",\"inLanguage\":\"de\",\"@id\":\"https:\/\/listings.mybikeplan.ch\/de\/produkt\/fischer-viator-8-0i-blue-trapez\/#primaryimage\",\"url\":\"https:\/\/listings.mybikeplan.ch\/wp-content\/uploads\/2024\/06\/FISCHER-Viator-8.0i-1-1.png\",\"contentUrl\":\"https:\/\/listings.mybikeplan.ch\/wp-content\/uploads\/2024\/06\/FISCHER-Viator-8.0i-1-1.png\",\"width\":3000,\"height\":3000},{\"@type\":\"BreadcrumbList\",\"@id\":\"https:\/\/listings.mybikeplan.ch\/de\/produkt\/fischer-viator-8-0i-blue-trapez\/#breadcrumb\",\"itemListElement\":[{\"@type\":\"ListItem\",\"position\":1,\"name\":\"Home\",\"item\":\"https:\/\/listings.mybikeplan.ch\/de\/\"},{\"@type\":\"ListItem\",\"position\":2,\"name\":\"FISCHER Viator 8.0i\"}]},{\"@type\":\"WebSite\",\"@id\":\"https:\/\/listings.mybikeplan.ch\/de\/#website\",\"url\":\"https:\/\/listings.mybikeplan.ch\/de\/\",\"name\":\"MyBikePlan\",\"description\":\"\",\"potentialAction\":[{\"@type\":\"SearchAction\",\"target\":{\"@type\":\"EntryPoint\",\"urlTemplate\":\"https:\/\/listings.mybikeplan.ch\/de\/?s={search_term_string}\"},\"query-input\":{\"@type\":\"PropertyValueSpecification\",\"valueRequired\":true,\"valueName\":\"search_term_string\"}}],\"inLanguage\":\"de\"}]}<\/script>\n<!-- \/ Yoast SEO plugin. -->","yoast_head_json":{"title":"FISCHER Viator 8.0i | E-Bike | 0% Zins | Schweiz","description":"Hol Dir das FISCHER Viator 8.0i und zahle ganz bequem in monatlichen Raten mit 0 % Zins ab! Jetzt profitieren und sofort losfahren.","robots":{"index":"noindex","follow":"follow","max-snippet":"max-snippet:-1","max-image-preview":"max-image-preview:large","max-video-preview":"max-video-preview:-1"},"og_locale":"de_DE","og_type":"article","og_title":"FISCHER Viator 8.0i | E-Bike | 0% Zins | Schweiz","og_description":"Hol Dir das FISCHER Viator 8.0i und zahle ganz bequem in monatlichen Raten mit 0 % Zins ab! Jetzt profitieren und sofort losfahren.","og_url":"https:\/\/listings.mybikeplan.ch\/de\/produkt\/fischer-viator-8-0i-blue-trapez\/","og_site_name":"MyBikePlan","article_modified_time":"2024-08-12T07:25:02+00:00","og_image":[{"width":1024,"height":1024,"url":"https:\/\/listings.mybikeplan.ch\/wp-content\/uploads\/2024\/06\/FISCHER-Viator-8.0i-1-1-1024x1024.png","type":"image\/png"}],"twitter_card":"summary_large_image","twitter_misc":{"Gesch\u00e4tzte Lesezeit":"1\u00a0Minute"},"schema":{"@context":"https:\/\/schema.org","@graph":[{"@type":"WebPage","@id":"https:\/\/listings.mybikeplan.ch\/de\/produkt\/fischer-viator-8-0i-blue-trapez\/","url":"https:\/\/listings.mybikeplan.ch\/de\/produkt\/fischer-viator-8-0i-blue-trapez\/","name":"FISCHER Viator 8.0i | E-Bike | 0% Zins | Schweiz","isPartOf":{"@id":"https:\/\/listings.mybikeplan.ch\/de\/#website"},"primaryImageOfPage":{"@id":"https:\/\/listings.mybikeplan.ch\/de\/produkt\/fischer-viator-8-0i-blue-trapez\/#primaryimage"},"image":{"@id":"https:\/\/listings.mybikeplan.ch\/de\/produkt\/fischer-viator-8-0i-blue-trapez\/#primaryimage"},"thumbnailUrl":"https:\/\/listings.mybikeplan.ch\/wp-content\/uploads\/2024\/06\/FISCHER-Viator-8.0i-1-1.png","datePublished":"2024-06-17T12:00:34+00:00","dateModified":"2024-08-12T07:25:02+00:00","description":"Hol Dir das FISCHER Viator 8.0i und zahle ganz bequem in monatlichen Raten mit 0 % Zins ab! Jetzt profitieren und sofort losfahren.","breadcrumb":{"@id":"https:\/\/listings.mybikeplan.ch\/de\/produkt\/fischer-viator-8-0i-blue-trapez\/#breadcrumb"},"inLanguage":"de","potentialAction":[{"@type":"ReadAction","target":["https:\/\/listings.mybikeplan.ch\/de\/produkt\/fischer-viator-8-0i-blue-trapez\/"]}]},{"@type":"ImageObject","inLanguage":"de","@id":"https:\/\/listings.mybikeplan.ch\/de\/produkt\/fischer-viator-8-0i-blue-trapez\/#primaryimage","url":"https:\/\/listings.mybikeplan.ch\/wp-content\/uploads\/2024\/06\/FISCHER-Viator-8.0i-1-1.png","contentUrl":"https:\/\/listings.mybikeplan.ch\/wp-content\/uploads\/2024\/06\/FISCHER-Viator-8.0i-1-1.png","width":3000,"height":3000},{"@type":"BreadcrumbList","@id":"https:\/\/listings.mybikeplan.ch\/de\/produkt\/fischer-viator-8-0i-blue-trapez\/#breadcrumb","itemListElement":[{"@type":"ListItem","position":1,"name":"Home","item":"https:\/\/listings.mybikeplan.ch\/de\/"},{"@type":"ListItem","position":2,"name":"FISCHER Viator 8.0i"}]},{"@type":"WebSite","@id":"https:\/\/listings.mybikeplan.ch\/de\/#website","url":"https:\/\/listings.mybikeplan.ch\/de\/","name":"MyBikePlan","description":"","potentialAction":[{"@type":"SearchAction","target":{"@type":"EntryPoint","urlTemplate":"https:\/\/listings.mybikeplan.ch\/de\/?s={search_term_string}"},"query-input":{"@type":"PropertyValueSpecification","valueRequired":true,"valueName":"search_term_string"}}],"inLanguage":"de"}]}},"_links":{"self":[{"href":"https:\/\/listings.mybikeplan.ch\/de\/wp-json\/wp\/v2\/product\/64535","targetHints":{"allow":["GET"]}}],"collection":[{"href":"https:\/\/listings.mybikeplan.ch\/de\/wp-json\/wp\/v2\/product"}],"about":[{"href":"https:\/\/listings.mybikeplan.ch\/de\/wp-json\/wp\/v2\/types\/product"}],"replies":[{"embeddable":true,"href":"https:\/\/listings.mybikeplan.ch\/de\/wp-json\/wp\/v2\/comments?post=64535"}],"acf:post":[{"embeddable":true,"href":"https:\/\/listings.mybikeplan.ch\/de\/wp-json\/wp\/v2\/product\/64535"},{"embeddable":true,"href":"https:\/\/listings.mybikeplan.ch\/de\/wp-json\/wp\/v2\/product\/64563"},{"embeddable":true,"href":"https:\/\/listings.mybikeplan.ch\/de\/wp-json\/wp\/v2\/product\/64503"}],"wp:featuredmedia":[{"embeddable":true,"href":"https:\/\/listings.mybikeplan.ch\/de\/wp-json\/wp\/v2\/media\/64539"}],"wp:attachment":[{"href":"https:\/\/listings.mybikeplan.ch\/de\/wp-json\/wp\/v2\/media?parent=64535"}],"wp:term":[{"taxonomy":"product_brand","embeddable":true,"href":"https:\/\/listings.mybikeplan.ch\/de\/wp-json\/wp\/v2\/product_brand?post=64535"},{"taxonomy":"product_cat","embeddable":true,"href":"https:\/\/listings.mybikeplan.ch\/de\/wp-json\/wp\/v2\/product_cat?post=64535"},{"taxonomy":"product_tag","embeddable":true,"href":"https:\/\/listings.mybikeplan.ch\/de\/wp-json\/wp\/v2\/product_tag?post=64535"}],"curies":[{"name":"wp","href":"https:\/\/api.w.org\/{rel}","templated":true}]}}