{"id":64129,"date":"2024-05-22T11:36:06","date_gmt":"2024-05-22T11:36:06","guid":{"rendered":"https:\/\/listings.mybikeplan.ch\/?post_type=product&#038;p=64129"},"modified":"2025-03-07T14:17:06","modified_gmt":"2025-03-07T14:17:06","slug":"giant-trance-x-e-2-brown","status":"publish","type":"product","link":"https:\/\/listings.mybikeplan.ch\/de\/produkt\/giant-trance-x-e-2-brown\/","title":{"rendered":"Giant Trance X E+ 2"},"content":{"rendered":"<h2><b>Das Wichtigste zum Giant Trance X E+ 2:\u00a0<\/b><\/h2>\n<ul>\n<li style=\"font-weight: 400;\" aria-level=\"1\">Giant SyncDrive Pro Motor von Yamaha mit einem Drehmoment von 85 Nm<\/li>\n<li aria-level=\"1\">w\u00e4hlbare Geometrie zwischen jeweils steilem oder flachem Lenk- und Sitzwinkel<\/li>\n<li>Maestro Federsystem mit 140 mm aktivem Federweg hinten und 150 mm vorne<\/li>\n<\/ul>\n<h2><b>Das Giant Trance X E+ 2 ist perfekt f\u00fcr Dich, wenn Du:<\/b><\/h2>\n<ul>\n<li style=\"font-weight: 400;\" aria-level=\"1\">auf der Suche nach einem hochwertigen E-MTB bist<\/li>\n<li aria-level=\"1\">bei der Qualit\u00e4t keine Abstriche machst<\/li>\n<li aria-level=\"1\">dich neu herausfordern m\u00f6chtest<\/li>\n<\/ul>\n<h2><b>Gr\u00f6ssenempfehlung:<\/b><\/h2>\n<ul>\n<li>S = 163 cm &#8211; 174 cm<\/li>\n<li>M = 171 cm &#8211; 182 cm<\/li>\n<li>L= 179 cm &#8211; 190 cm<\/li>\n<\/ul>\n","protected":false},"excerpt":{"rendered":"<h2>Giant Trance X E+ 2<\/h2>\n<div class=\"item col-md-4 col-sm-12\">\n<p>Das brandneue Giant Trance X E+ ist ein auf 29 Zoll Laufr\u00e4der konzipiertes Full-Suspension Bike und spielt seine St\u00e4rken auf technischen Singletrails voll aus. Dabei unterst\u00fctzt die Extrapower des Highperformance SyncDrive Pro Motors mit einem massiven Drehmoment von 85 Nm. Der 800 Wh starke, ins Unterrohr integrierte Akku sorgt daf\u00fcr, dass dir die Power so schnell nicht ausgeht \u2026 und falls du noch mehr willst, l\u00e4sst sich der Akku \u00fcber den Giant EnergyPak Plus Rage Extender um weitere 250 Wh auf satte 1.050 Wh puschen. Die sportive Federung mit 140 mm Federweg hinten und 150 mm vorne mit einstellbarer Rahmengeometrie bringt dir auf kniffeligen Trails und der Enduro-Runde jede Menge Spass. Der leichte ALUXX-SL-Aluminium-Rahmen verf\u00fcgt \u00fcber einen Flip-Chip am Advanced Forged Carbonumlenkhebel, mit dem du die Geometrie des Rahmens ideal auf deinen Fahrstil und das Gel\u00e4nde abstimmen kannst. Du hast die Wahl zwischen Low- und High-Position, welche direkten Einfluss auf den Lenkerwinkel und den Sitzwinkel haben. Entsprechend gestaltet sich die gesamte Geometrie des Rahmens neu und du bist perfekt ger\u00fcstet f\u00fcr das offene und schnell Gel\u00e4nde oder den engen und kniffeligen Singletrail.<\/p>\n<\/div>\n<h2><b>\u00dcber die Marke Giant<\/b><\/h2>\n<p>GIANT ist DER Velohersteller \u00fcberhaupt: Seit \u00fcber 40 Jahren setzt das Unternehmen neue Massst\u00e4be im Velomarkt \u2013 zuletzt mit seinen innovativen GIANT E-Bikes, die mit hochwertigen Komponenten und cleverer Innovation begeistern. Hier erwartet Dich h\u00f6chste Qualit\u00e4t von einer etablierten Traditionsmarke.<\/p>\n","protected":false},"featured_media":64134,"comment_status":"open","ping_status":"closed","template":"","meta":{"_acf_changed":false},"product_brand":[],"product_cat":[583,15,3255,578,582,2089,2309,24,579,3245,4481,12529],"product_tag":[],"class_list":{"0":"post-64129","1":"product","2":"type-product","3":"status-publish","4":"has-post-thumbnail","6":"product_cat-25-km","7":"product_cat-alle-e-bikes","8":"product_cat-braun","9":"product_cat-damen","10":"product_cat-diamant","11":"product_cat-e-bikes","12":"product_cat-e-mountain-fully","13":"product_cat-e-mountain","14":"product_cat-herren","15":"product_cat-marke-giant","16":"product_cat-mybikeplan","17":"product_cat-sale_300","18":"pa_battery-giant-energypak-smart-800-energypak-plus-250wh-range-extender-kompatibel","19":"pa_battery-size-800-wh","20":"pa_brakes-shimano-deore-br-m6120-4-kolben-hydraulische-scheibenbremse-203-mm-rotoren","21":"pa_cassette-shimano-cs-m6100-12-10-51-zaehne-12-speed","22":"pa_filters-color-braun","23":"pa_gear-change-shimano-slx-12-speed-shadow","24":"pa_gears-12-gaenge","25":"pa_hex-color-866f4f","26":"pa_motor-giant-syncdrive-pro-85nm-powered-by-yamaha-2","27":"pa_rider-height-160-165-cm","28":"pa_rider-height-165-170-cm","29":"pa_rider-height-170-175-cm","30":"pa_rider-height-175-180-cm","31":"pa_rider-height-180-185-cm","32":"pa_rider-height-185-190-cm","33":"pa_seat-tube-length-l","34":"pa_seat-tube-length-m","35":"pa_seat-tube-length-s-2","36":"pa_sizes-l","37":"pa_sizes-m","38":"pa_sizes-s","39":"pa_speed-25-km-stunde","40":"pa_suspension-travel-140-mm-daempfer-150-mm-gabel","42":"first","43":"instock","44":"shipping-taxable","45":"purchasable","46":"product-type-variable"},"acf":{"short_description":"Du bist schneller oben, hast mehr Power f\u00fcr noch gr\u00f6ssere Runden und geniesst dabei den vollen Trail-Spass. ","bike_name":"Giant Trance X E+ 2","highlight_text":"","frame":"","battery_size":"","motor_strength":""},"yoast_head":"<!-- This site is optimized with the Yoast SEO plugin v24.5 - https:\/\/yoast.com\/wordpress\/plugins\/seo\/ -->\n<title>Giant Trance X E+ 2 | E-Bike Schweiz | 0 % Zins<\/title>\n<meta name=\"description\" content=\"Bestelle jetzt das Giant Trance X E+ 2 E-Bike! Zahle mit zinsfreier Ratenzahlung und geniesse unsere gratis Heimlieferung.\" \/>\n<meta name=\"robots\" content=\"noindex, follow, max-snippet:-1, max-image-preview:large, max-video-preview:-1\" \/>\n<meta property=\"og:locale\" content=\"de_DE\" \/>\n<meta property=\"og:type\" content=\"article\" \/>\n<meta property=\"og:title\" content=\"Giant Trance X E+ 2 | E-Bike Schweiz | 0 % Zins\" \/>\n<meta property=\"og:description\" content=\"Bestelle jetzt das Giant Trance X E+ 2 E-Bike! Zahle mit zinsfreier Ratenzahlung und geniesse unsere gratis Heimlieferung.\" \/>\n<meta property=\"og:url\" content=\"https:\/\/listings.mybikeplan.ch\/de\/produkt\/giant-trance-x-e-2-brown\/\" \/>\n<meta property=\"og:site_name\" content=\"MyBikePlan\" \/>\n<meta property=\"article:modified_time\" content=\"2025-03-07T14:17:06+00:00\" \/>\n<meta property=\"og:image\" content=\"https:\/\/listings.mybikeplan.ch\/wp-content\/uploads\/2024\/05\/Giant-Trance-X-E-2-1-1024x1024.png\" \/>\n\t<meta property=\"og:image:width\" content=\"1024\" \/>\n\t<meta property=\"og:image:height\" content=\"1024\" \/>\n\t<meta property=\"og:image:type\" content=\"image\/png\" \/>\n<meta name=\"twitter:card\" content=\"summary_large_image\" \/>\n<meta name=\"twitter:label1\" content=\"Gesch\u00e4tzte Lesezeit\" \/>\n\t<meta name=\"twitter:data1\" content=\"1\u00a0Minute\" \/>\n<script type=\"application\/ld+json\" class=\"yoast-schema-graph\">{\"@context\":\"https:\/\/schema.org\",\"@graph\":[{\"@type\":\"WebPage\",\"@id\":\"https:\/\/listings.mybikeplan.ch\/de\/produkt\/giant-trance-x-e-2-brown\/\",\"url\":\"https:\/\/listings.mybikeplan.ch\/de\/produkt\/giant-trance-x-e-2-brown\/\",\"name\":\"Giant Trance X E+ 2 | E-Bike Schweiz | 0 % Zins\",\"isPartOf\":{\"@id\":\"https:\/\/listings.mybikeplan.ch\/de\/#website\"},\"primaryImageOfPage\":{\"@id\":\"https:\/\/listings.mybikeplan.ch\/de\/produkt\/giant-trance-x-e-2-brown\/#primaryimage\"},\"image\":{\"@id\":\"https:\/\/listings.mybikeplan.ch\/de\/produkt\/giant-trance-x-e-2-brown\/#primaryimage\"},\"thumbnailUrl\":\"https:\/\/listings.mybikeplan.ch\/wp-content\/uploads\/2024\/05\/Giant-Trance-X-E-2-1.png\",\"datePublished\":\"2024-05-22T11:36:06+00:00\",\"dateModified\":\"2025-03-07T14:17:06+00:00\",\"description\":\"Bestelle jetzt das Giant Trance X E+ 2 E-Bike! Zahle mit zinsfreier Ratenzahlung und geniesse unsere gratis Heimlieferung.\",\"breadcrumb\":{\"@id\":\"https:\/\/listings.mybikeplan.ch\/de\/produkt\/giant-trance-x-e-2-brown\/#breadcrumb\"},\"inLanguage\":\"de\",\"potentialAction\":[{\"@type\":\"ReadAction\",\"target\":[\"https:\/\/listings.mybikeplan.ch\/de\/produkt\/giant-trance-x-e-2-brown\/\"]}]},{\"@type\":\"ImageObject\",\"inLanguage\":\"de\",\"@id\":\"https:\/\/listings.mybikeplan.ch\/de\/produkt\/giant-trance-x-e-2-brown\/#primaryimage\",\"url\":\"https:\/\/listings.mybikeplan.ch\/wp-content\/uploads\/2024\/05\/Giant-Trance-X-E-2-1.png\",\"contentUrl\":\"https:\/\/listings.mybikeplan.ch\/wp-content\/uploads\/2024\/05\/Giant-Trance-X-E-2-1.png\",\"width\":3000,\"height\":3000},{\"@type\":\"BreadcrumbList\",\"@id\":\"https:\/\/listings.mybikeplan.ch\/de\/produkt\/giant-trance-x-e-2-brown\/#breadcrumb\",\"itemListElement\":[{\"@type\":\"ListItem\",\"position\":1,\"name\":\"Home\",\"item\":\"https:\/\/listings.mybikeplan.ch\/de\/\"},{\"@type\":\"ListItem\",\"position\":2,\"name\":\"Giant Trance X E+ 2\"}]},{\"@type\":\"WebSite\",\"@id\":\"https:\/\/listings.mybikeplan.ch\/de\/#website\",\"url\":\"https:\/\/listings.mybikeplan.ch\/de\/\",\"name\":\"MyBikePlan\",\"description\":\"\",\"potentialAction\":[{\"@type\":\"SearchAction\",\"target\":{\"@type\":\"EntryPoint\",\"urlTemplate\":\"https:\/\/listings.mybikeplan.ch\/de\/?s={search_term_string}\"},\"query-input\":{\"@type\":\"PropertyValueSpecification\",\"valueRequired\":true,\"valueName\":\"search_term_string\"}}],\"inLanguage\":\"de\"}]}<\/script>\n<!-- \/ Yoast SEO plugin. -->","yoast_head_json":{"title":"Giant Trance X E+ 2 | E-Bike Schweiz | 0 % Zins","description":"Bestelle jetzt das Giant Trance X E+ 2 E-Bike! Zahle mit zinsfreier Ratenzahlung und geniesse unsere gratis Heimlieferung.","robots":{"index":"noindex","follow":"follow","max-snippet":"max-snippet:-1","max-image-preview":"max-image-preview:large","max-video-preview":"max-video-preview:-1"},"og_locale":"de_DE","og_type":"article","og_title":"Giant Trance X E+ 2 | E-Bike Schweiz | 0 % Zins","og_description":"Bestelle jetzt das Giant Trance X E+ 2 E-Bike! Zahle mit zinsfreier Ratenzahlung und geniesse unsere gratis Heimlieferung.","og_url":"https:\/\/listings.mybikeplan.ch\/de\/produkt\/giant-trance-x-e-2-brown\/","og_site_name":"MyBikePlan","article_modified_time":"2025-03-07T14:17:06+00:00","og_image":[{"width":1024,"height":1024,"url":"https:\/\/listings.mybikeplan.ch\/wp-content\/uploads\/2024\/05\/Giant-Trance-X-E-2-1-1024x1024.png","type":"image\/png"}],"twitter_card":"summary_large_image","twitter_misc":{"Gesch\u00e4tzte Lesezeit":"1\u00a0Minute"},"schema":{"@context":"https:\/\/schema.org","@graph":[{"@type":"WebPage","@id":"https:\/\/listings.mybikeplan.ch\/de\/produkt\/giant-trance-x-e-2-brown\/","url":"https:\/\/listings.mybikeplan.ch\/de\/produkt\/giant-trance-x-e-2-brown\/","name":"Giant Trance X E+ 2 | E-Bike Schweiz | 0 % Zins","isPartOf":{"@id":"https:\/\/listings.mybikeplan.ch\/de\/#website"},"primaryImageOfPage":{"@id":"https:\/\/listings.mybikeplan.ch\/de\/produkt\/giant-trance-x-e-2-brown\/#primaryimage"},"image":{"@id":"https:\/\/listings.mybikeplan.ch\/de\/produkt\/giant-trance-x-e-2-brown\/#primaryimage"},"thumbnailUrl":"https:\/\/listings.mybikeplan.ch\/wp-content\/uploads\/2024\/05\/Giant-Trance-X-E-2-1.png","datePublished":"2024-05-22T11:36:06+00:00","dateModified":"2025-03-07T14:17:06+00:00","description":"Bestelle jetzt das Giant Trance X E+ 2 E-Bike! Zahle mit zinsfreier Ratenzahlung und geniesse unsere gratis Heimlieferung.","breadcrumb":{"@id":"https:\/\/listings.mybikeplan.ch\/de\/produkt\/giant-trance-x-e-2-brown\/#breadcrumb"},"inLanguage":"de","potentialAction":[{"@type":"ReadAction","target":["https:\/\/listings.mybikeplan.ch\/de\/produkt\/giant-trance-x-e-2-brown\/"]}]},{"@type":"ImageObject","inLanguage":"de","@id":"https:\/\/listings.mybikeplan.ch\/de\/produkt\/giant-trance-x-e-2-brown\/#primaryimage","url":"https:\/\/listings.mybikeplan.ch\/wp-content\/uploads\/2024\/05\/Giant-Trance-X-E-2-1.png","contentUrl":"https:\/\/listings.mybikeplan.ch\/wp-content\/uploads\/2024\/05\/Giant-Trance-X-E-2-1.png","width":3000,"height":3000},{"@type":"BreadcrumbList","@id":"https:\/\/listings.mybikeplan.ch\/de\/produkt\/giant-trance-x-e-2-brown\/#breadcrumb","itemListElement":[{"@type":"ListItem","position":1,"name":"Home","item":"https:\/\/listings.mybikeplan.ch\/de\/"},{"@type":"ListItem","position":2,"name":"Giant Trance X E+ 2"}]},{"@type":"WebSite","@id":"https:\/\/listings.mybikeplan.ch\/de\/#website","url":"https:\/\/listings.mybikeplan.ch\/de\/","name":"MyBikePlan","description":"","potentialAction":[{"@type":"SearchAction","target":{"@type":"EntryPoint","urlTemplate":"https:\/\/listings.mybikeplan.ch\/de\/?s={search_term_string}"},"query-input":{"@type":"PropertyValueSpecification","valueRequired":true,"valueName":"search_term_string"}}],"inLanguage":"de"}]}},"_links":{"self":[{"href":"https:\/\/listings.mybikeplan.ch\/de\/wp-json\/wp\/v2\/product\/64129","targetHints":{"allow":["GET"]}}],"collection":[{"href":"https:\/\/listings.mybikeplan.ch\/de\/wp-json\/wp\/v2\/product"}],"about":[{"href":"https:\/\/listings.mybikeplan.ch\/de\/wp-json\/wp\/v2\/types\/product"}],"replies":[{"embeddable":true,"href":"https:\/\/listings.mybikeplan.ch\/de\/wp-json\/wp\/v2\/comments?post=64129"}],"wp:featuredmedia":[{"embeddable":true,"href":"https:\/\/listings.mybikeplan.ch\/de\/wp-json\/wp\/v2\/media\/64134"}],"wp:attachment":[{"href":"https:\/\/listings.mybikeplan.ch\/de\/wp-json\/wp\/v2\/media?parent=64129"}],"wp:term":[{"taxonomy":"product_brand","embeddable":true,"href":"https:\/\/listings.mybikeplan.ch\/de\/wp-json\/wp\/v2\/product_brand?post=64129"},{"taxonomy":"product_cat","embeddable":true,"href":"https:\/\/listings.mybikeplan.ch\/de\/wp-json\/wp\/v2\/product_cat?post=64129"},{"taxonomy":"product_tag","embeddable":true,"href":"https:\/\/listings.mybikeplan.ch\/de\/wp-json\/wp\/v2\/product_tag?post=64129"}],"curies":[{"name":"wp","href":"https:\/\/api.w.org\/{rel}","templated":true}]}}