{"id":62807,"date":"2024-05-08T07:36:19","date_gmt":"2024-05-08T07:36:19","guid":{"rendered":"https:\/\/listings.mybikeplan.ch\/?post_type=product&#038;p=62807"},"modified":"2024-05-13T08:57:28","modified_gmt":"2024-05-13T08:57:28","slug":"hasena-texas-bett-anthracite","status":"publish","type":"product","link":"https:\/\/listings.mybikeplan.ch\/de\/produkt\/hasena-texas-bett-anthracite\/","title":{"rendered":"Hasena Texas Bett"},"content":{"rendered":"<p class=\"mb-6\">Das Texas Boxspringbett ist ein wahres Kraftpaket im Industrial-Look. Das Kopfteil aus Wildeiche imponiert und sorgt f\u00fcr eine grosse Pr\u00e4senz. Die Polsterbez\u00fcge im Used-Look unterstreichen den kernigen Charakter. Texas bietet auch Stauraum mit den Bettk\u00e4sten inklusive ged\u00e4mpftem Selbsteinzug.<\/p>\n<h2>So funktioniert MySofaPlan:<\/h2>\n<ul>\n<li>Finde die M\u00f6bel, die Dir gefallen. Wir beraten Dich gerne bei der Entscheidung.<\/li>\n<li>W\u00e4hle eine Ratenzahlung zwischen 6-36 Monat. Auch eine Anzahlung ist m\u00f6glich.<\/li>\n<li>Wir senden Dir die M\u00f6bel gratis nach Hause.<\/li>\n<li>Die M\u00f6bel geh\u00f6ren von Tag 1 an Dir. Den Preis zahlst Du bequem \u00fcber die n\u00e4chsten Monate ab.<\/li>\n<\/ul>\n","protected":false},"excerpt":{"rendered":"<div class=\"details-row\">\n<div id=\"collapseMoreInformation\" class=\"show collapse\" aria-labelledby=\"headingOne\" data-parent=\"#product-information\">\n<div class=\"details-row\">\n<div id=\"collapseMoreInformation\" class=\"show collapse\" aria-labelledby=\"headingOne\" data-parent=\"#product-information\">\n<div class=\"details-row\">\n<div id=\"collapseMoreInformation\" class=\"show collapse\" aria-labelledby=\"headingOne\" data-parent=\"#product-information\">\n<div class=\"details-row\">\n<div id=\"collapseMoreInformation\" class=\"show collapse\" aria-labelledby=\"headingOne\" data-parent=\"#product-information\">\n<div class=\"details-row\">\n<div id=\"collapseMoreInformation\" class=\"show collapse\" aria-labelledby=\"headingOne\" data-parent=\"#product-information\">\n<div class=\"details-row\">\n<div id=\"collapseMoreInformation\" class=\"show collapse\" aria-labelledby=\"headingOne\" data-parent=\"#product-information\">\n<p>W\u00e4hlen Sie Ihren Favoriten aus unterschiedlichen Modellen, die wir bereits f\u00fcr Sie zusammengestellt haben. Je nach Modell sind die \u00abBoxspring pronto\u00bb-Betten ganzheitlich gepolstert oder kombiniert mit Holz in Akazie Vintage oder Eiche erh\u00e4ltlich. Bei den Toppern stehen drei verschiedene Ausf\u00fchrungen zur Auswahl.<\/p>\n<\/div>\n<\/div>\n<div class=\"details-row\"><\/div>\n<\/div>\n<\/div>\n<\/div>\n<\/div>\n<\/div>\n<\/div>\n<\/div>\n<\/div>\n<\/div>\n<\/div>\n","protected":false},"featured_media":62376,"comment_status":"open","ping_status":"closed","template":"","meta":{"_acf_changed":false},"product_brand":[],"product_cat":[4460,9619,4447,4445,3247],"product_tag":[],"class_list":{"0":"post-62807","1":"product","2":"type-product","3":"status-publish","4":"has-post-thumbnail","6":"product_cat-betten","7":"product_cat-marke-hasena","8":"product_cat-marken-mysofaplan","9":"product_cat-mysofaplan","10":"product_cat-schwarz","11":"pa_brand-hasena","12":"pa_hex-color-403f41-2","13":"pa_hex-color-4b4b4b-produkt-hasena-texas-bett-smoke","14":"pa_hex-color-9c9b93-produkt-hasena-texas-bett-grey","15":"pa_hex-color-a6a297-produkt-hasena-texas-bett-beige","16":"pa_hex-color-d1d2d6-produkt-hasena-texas-bett-white","17":"pa_seat-tube-length-140x200-cm-fest","18":"pa_seat-tube-length-140x200-cm-medium","19":"pa_seat-tube-length-140x200-cm-soft","20":"pa_seat-tube-length-160x200-cm-fest","21":"pa_seat-tube-length-160x200-cm-medium","22":"pa_seat-tube-length-160x200-cm-soft","23":"pa_seat-tube-length-180x200-cm-fest","24":"pa_seat-tube-length-180x200-cm-medium","25":"pa_seat-tube-length-180x200-cm-soft","27":"first","28":"instock","29":"shipping-taxable","30":"purchasable","31":"product-type-variable","32":"has-default-attributes"},"acf":{"short_description":"Das Texas Boxspringbett ist ein wahres Kraftpaket im Industrial-Look.","bike_name":"Hasena Texas Bett ","highlight_text":""},"yoast_head":"<!-- This site is optimized with the Yoast SEO plugin v24.5 - https:\/\/yoast.com\/wordpress\/plugins\/seo\/ -->\n<title>Hasena Texas Bett | M\u00f6bel zu 0 % Zins | Schweiz<\/title>\n<meta name=\"description\" content=\"Bestelle jetzt das Hasena Texas Bett f\u00fcr Dein Zuhause! Zahle mit 0% Zins Ratenzahlung und geniesse unsere gratis Heimlieferung.\" \/>\n<meta name=\"robots\" content=\"noindex, follow, max-snippet:-1, max-image-preview:large, max-video-preview:-1\" \/>\n<meta property=\"og:locale\" content=\"de_DE\" \/>\n<meta property=\"og:type\" content=\"article\" \/>\n<meta property=\"og:title\" content=\"Hasena Texas Bett | M\u00f6bel zu 0 % Zins | Schweiz\" \/>\n<meta property=\"og:description\" content=\"Bestelle jetzt das Hasena Texas Bett f\u00fcr Dein Zuhause! Zahle mit 0% Zins Ratenzahlung und geniesse unsere gratis Heimlieferung.\" \/>\n<meta property=\"og:url\" content=\"https:\/\/listings.mybikeplan.ch\/de\/produkt\/hasena-texas-bett-anthracite\/\" \/>\n<meta property=\"og:site_name\" content=\"MyBikePlan\" \/>\n<meta property=\"article:modified_time\" content=\"2024-05-13T08:57:28+00:00\" \/>\n<meta property=\"og:image\" content=\"https:\/\/listings.mybikeplan.ch\/wp-content\/uploads\/2024\/05\/Hasena-Texas-Bett-180x200-anthrazitcite.png\" \/>\n\t<meta property=\"og:image:width\" content=\"1000\" \/>\n\t<meta property=\"og:image:height\" content=\"1000\" \/>\n\t<meta property=\"og:image:type\" content=\"image\/png\" \/>\n<meta name=\"twitter:card\" content=\"summary_large_image\" \/>\n<meta name=\"twitter:label1\" content=\"Gesch\u00e4tzte Lesezeit\" \/>\n\t<meta name=\"twitter:data1\" content=\"1\u00a0Minute\" \/>\n<script type=\"application\/ld+json\" class=\"yoast-schema-graph\">{\"@context\":\"https:\/\/schema.org\",\"@graph\":[{\"@type\":\"WebPage\",\"@id\":\"https:\/\/listings.mybikeplan.ch\/de\/produkt\/hasena-texas-bett-anthracite\/\",\"url\":\"https:\/\/listings.mybikeplan.ch\/de\/produkt\/hasena-texas-bett-anthracite\/\",\"name\":\"Hasena Texas Bett | M\u00f6bel zu 0 % Zins | Schweiz\",\"isPartOf\":{\"@id\":\"https:\/\/listings.mybikeplan.ch\/de\/#website\"},\"primaryImageOfPage\":{\"@id\":\"https:\/\/listings.mybikeplan.ch\/de\/produkt\/hasena-texas-bett-anthracite\/#primaryimage\"},\"image\":{\"@id\":\"https:\/\/listings.mybikeplan.ch\/de\/produkt\/hasena-texas-bett-anthracite\/#primaryimage\"},\"thumbnailUrl\":\"https:\/\/listings.mybikeplan.ch\/wp-content\/uploads\/2024\/05\/Hasena-Texas-Bett-180x200-anthrazitcite.png\",\"datePublished\":\"2024-05-08T07:36:19+00:00\",\"dateModified\":\"2024-05-13T08:57:28+00:00\",\"description\":\"Bestelle jetzt das Hasena Texas Bett f\u00fcr Dein Zuhause! Zahle mit 0% Zins Ratenzahlung und geniesse unsere gratis Heimlieferung.\",\"breadcrumb\":{\"@id\":\"https:\/\/listings.mybikeplan.ch\/de\/produkt\/hasena-texas-bett-anthracite\/#breadcrumb\"},\"inLanguage\":\"de\",\"potentialAction\":[{\"@type\":\"ReadAction\",\"target\":[\"https:\/\/listings.mybikeplan.ch\/de\/produkt\/hasena-texas-bett-anthracite\/\"]}]},{\"@type\":\"ImageObject\",\"inLanguage\":\"de\",\"@id\":\"https:\/\/listings.mybikeplan.ch\/de\/produkt\/hasena-texas-bett-anthracite\/#primaryimage\",\"url\":\"https:\/\/listings.mybikeplan.ch\/wp-content\/uploads\/2024\/05\/Hasena-Texas-Bett-180x200-anthrazitcite.png\",\"contentUrl\":\"https:\/\/listings.mybikeplan.ch\/wp-content\/uploads\/2024\/05\/Hasena-Texas-Bett-180x200-anthrazitcite.png\",\"width\":1000,\"height\":1000},{\"@type\":\"BreadcrumbList\",\"@id\":\"https:\/\/listings.mybikeplan.ch\/de\/produkt\/hasena-texas-bett-anthracite\/#breadcrumb\",\"itemListElement\":[{\"@type\":\"ListItem\",\"position\":1,\"name\":\"Home\",\"item\":\"https:\/\/listings.mybikeplan.ch\/de\/\"},{\"@type\":\"ListItem\",\"position\":2,\"name\":\"Hasena Texas Bett\"}]},{\"@type\":\"WebSite\",\"@id\":\"https:\/\/listings.mybikeplan.ch\/de\/#website\",\"url\":\"https:\/\/listings.mybikeplan.ch\/de\/\",\"name\":\"MyBikePlan\",\"description\":\"\",\"potentialAction\":[{\"@type\":\"SearchAction\",\"target\":{\"@type\":\"EntryPoint\",\"urlTemplate\":\"https:\/\/listings.mybikeplan.ch\/de\/?s={search_term_string}\"},\"query-input\":{\"@type\":\"PropertyValueSpecification\",\"valueRequired\":true,\"valueName\":\"search_term_string\"}}],\"inLanguage\":\"de\"}]}<\/script>\n<!-- \/ Yoast SEO plugin. -->","yoast_head_json":{"title":"Hasena Texas Bett | M\u00f6bel zu 0 % Zins | Schweiz","description":"Bestelle jetzt das Hasena Texas Bett f\u00fcr Dein Zuhause! Zahle mit 0% Zins Ratenzahlung und geniesse unsere gratis Heimlieferung.","robots":{"index":"noindex","follow":"follow","max-snippet":"max-snippet:-1","max-image-preview":"max-image-preview:large","max-video-preview":"max-video-preview:-1"},"og_locale":"de_DE","og_type":"article","og_title":"Hasena Texas Bett | M\u00f6bel zu 0 % Zins | Schweiz","og_description":"Bestelle jetzt das Hasena Texas Bett f\u00fcr Dein Zuhause! Zahle mit 0% Zins Ratenzahlung und geniesse unsere gratis Heimlieferung.","og_url":"https:\/\/listings.mybikeplan.ch\/de\/produkt\/hasena-texas-bett-anthracite\/","og_site_name":"MyBikePlan","article_modified_time":"2024-05-13T08:57:28+00:00","og_image":[{"width":1000,"height":1000,"url":"https:\/\/listings.mybikeplan.ch\/wp-content\/uploads\/2024\/05\/Hasena-Texas-Bett-180x200-anthrazitcite.png","type":"image\/png"}],"twitter_card":"summary_large_image","twitter_misc":{"Gesch\u00e4tzte Lesezeit":"1\u00a0Minute"},"schema":{"@context":"https:\/\/schema.org","@graph":[{"@type":"WebPage","@id":"https:\/\/listings.mybikeplan.ch\/de\/produkt\/hasena-texas-bett-anthracite\/","url":"https:\/\/listings.mybikeplan.ch\/de\/produkt\/hasena-texas-bett-anthracite\/","name":"Hasena Texas Bett | M\u00f6bel zu 0 % Zins | Schweiz","isPartOf":{"@id":"https:\/\/listings.mybikeplan.ch\/de\/#website"},"primaryImageOfPage":{"@id":"https:\/\/listings.mybikeplan.ch\/de\/produkt\/hasena-texas-bett-anthracite\/#primaryimage"},"image":{"@id":"https:\/\/listings.mybikeplan.ch\/de\/produkt\/hasena-texas-bett-anthracite\/#primaryimage"},"thumbnailUrl":"https:\/\/listings.mybikeplan.ch\/wp-content\/uploads\/2024\/05\/Hasena-Texas-Bett-180x200-anthrazitcite.png","datePublished":"2024-05-08T07:36:19+00:00","dateModified":"2024-05-13T08:57:28+00:00","description":"Bestelle jetzt das Hasena Texas Bett f\u00fcr Dein Zuhause! Zahle mit 0% Zins Ratenzahlung und geniesse unsere gratis Heimlieferung.","breadcrumb":{"@id":"https:\/\/listings.mybikeplan.ch\/de\/produkt\/hasena-texas-bett-anthracite\/#breadcrumb"},"inLanguage":"de","potentialAction":[{"@type":"ReadAction","target":["https:\/\/listings.mybikeplan.ch\/de\/produkt\/hasena-texas-bett-anthracite\/"]}]},{"@type":"ImageObject","inLanguage":"de","@id":"https:\/\/listings.mybikeplan.ch\/de\/produkt\/hasena-texas-bett-anthracite\/#primaryimage","url":"https:\/\/listings.mybikeplan.ch\/wp-content\/uploads\/2024\/05\/Hasena-Texas-Bett-180x200-anthrazitcite.png","contentUrl":"https:\/\/listings.mybikeplan.ch\/wp-content\/uploads\/2024\/05\/Hasena-Texas-Bett-180x200-anthrazitcite.png","width":1000,"height":1000},{"@type":"BreadcrumbList","@id":"https:\/\/listings.mybikeplan.ch\/de\/produkt\/hasena-texas-bett-anthracite\/#breadcrumb","itemListElement":[{"@type":"ListItem","position":1,"name":"Home","item":"https:\/\/listings.mybikeplan.ch\/de\/"},{"@type":"ListItem","position":2,"name":"Hasena Texas Bett"}]},{"@type":"WebSite","@id":"https:\/\/listings.mybikeplan.ch\/de\/#website","url":"https:\/\/listings.mybikeplan.ch\/de\/","name":"MyBikePlan","description":"","potentialAction":[{"@type":"SearchAction","target":{"@type":"EntryPoint","urlTemplate":"https:\/\/listings.mybikeplan.ch\/de\/?s={search_term_string}"},"query-input":{"@type":"PropertyValueSpecification","valueRequired":true,"valueName":"search_term_string"}}],"inLanguage":"de"}]}},"_links":{"self":[{"href":"https:\/\/listings.mybikeplan.ch\/de\/wp-json\/wp\/v2\/product\/62807","targetHints":{"allow":["GET"]}}],"collection":[{"href":"https:\/\/listings.mybikeplan.ch\/de\/wp-json\/wp\/v2\/product"}],"about":[{"href":"https:\/\/listings.mybikeplan.ch\/de\/wp-json\/wp\/v2\/types\/product"}],"replies":[{"embeddable":true,"href":"https:\/\/listings.mybikeplan.ch\/de\/wp-json\/wp\/v2\/comments?post=62807"}],"wp:featuredmedia":[{"embeddable":true,"href":"https:\/\/listings.mybikeplan.ch\/de\/wp-json\/wp\/v2\/media\/62376"}],"wp:attachment":[{"href":"https:\/\/listings.mybikeplan.ch\/de\/wp-json\/wp\/v2\/media?parent=62807"}],"wp:term":[{"taxonomy":"product_brand","embeddable":true,"href":"https:\/\/listings.mybikeplan.ch\/de\/wp-json\/wp\/v2\/product_brand?post=62807"},{"taxonomy":"product_cat","embeddable":true,"href":"https:\/\/listings.mybikeplan.ch\/de\/wp-json\/wp\/v2\/product_cat?post=62807"},{"taxonomy":"product_tag","embeddable":true,"href":"https:\/\/listings.mybikeplan.ch\/de\/wp-json\/wp\/v2\/product_tag?post=62807"}],"curies":[{"name":"wp","href":"https:\/\/api.w.org\/{rel}","templated":true}]}}