{"id":61671,"date":"2024-04-24T11:58:23","date_gmt":"2024-04-24T11:58:23","guid":{"rendered":"https:\/\/listings.mybikeplan.ch\/?post_type=product&#038;p=61671"},"modified":"2025-01-29T06:44:04","modified_gmt":"2025-01-29T06:44:04","slug":"moustache-friday-27-fs-speed-dual","status":"publish","type":"product","link":"https:\/\/listings.mybikeplan.ch\/de\/produkt\/moustache-friday-27-fs-speed-dual\/","title":{"rendered":"Moustache Friday 27 FS Speed Dual"},"content":{"rendered":"<h2><b>Das Wichtigste zum Moustache Friday 27 FS Speed:\u00a0<\/b><\/h2>\n<ul>\n<li style=\"font-weight: 400;\" aria-level=\"1\">45 km\/h E-Bike<\/li>\n<li aria-level=\"1\">ideal f\u00fcr die Stadt oder die Agglomeration<\/li>\n<li aria-level=\"1\">integriertes GPS, Touchscreen mit Farbdisplay<\/li>\n<li aria-level=\"1\">2 Batterien f\u00fcr eine erh\u00f6hte Reichweite<\/li>\n<\/ul>\n<h2><b>Das Moustache Friday 27 FS Speed ist perfekt f\u00fcr Dich, wenn Du:<\/b><\/h2>\n<ul>\n<li aria-level=\"1\">in der Stadt oder Agglo wohnst<\/li>\n<li aria-level=\"1\">das E-Bike zum Pendeln nutzen willst<\/li>\n<li aria-level=\"1\">ein S-Pedelec mit hochwertigen Komponenten suchst<\/li>\n<\/ul>\n<h2><b>Gr\u00f6ssenempfehlung:<\/b><\/h2>\n<ul>\n<li>S = 154 &#8211; 169 cm<\/li>\n<li>M = 166 &#8211; 181 cm<\/li>\n<li>L = 178 &#8211; 193 cm<\/li>\n<li>XL = 190 &#8211; 205 cm<\/li>\n<\/ul>\n","protected":false},"excerpt":{"rendered":"<h2><b>\u00dcber die Marke Moustache<\/b><\/h2>\n<p>Das Auto sollte in der Garage bleiben: Das ist das Motto von Moustache, dem die Entwickler seitdem mit voller \u00dcberzeugung gefolgt sind. Moustache glaubt, dass E-Bikes eine unglaubliche Chance f\u00fcr alle sind. Im Zentrum aller \u00dcberlegungen steht der Benutzer. Moustache hat den unb\u00e4ndigen Drang, E-Bikes herzustellen, die Design, Komfort und Ergonomie perfekt miteinander verbinden und so einen echten Mehrwert bieten.<\/p>\n","protected":false},"featured_media":61682,"comment_status":"open","ping_status":"closed","template":"","meta":{"_acf_changed":false},"product_brand":[],"product_cat":[584,15,578,582,2089,21,579,3742,9299,4481,3247],"product_tag":[],"class_list":{"0":"post-61671","1":"product","2":"type-product","3":"status-publish","4":"has-post-thumbnail","6":"product_cat-45-km","7":"product_cat-alle-e-bikes","8":"product_cat-damen","9":"product_cat-diamant","10":"product_cat-e-bikes","11":"product_cat-e-urban","12":"product_cat-herren","13":"product_cat-homepage","14":"product_cat-marke-moustache","15":"product_cat-mybikeplan","16":"product_cat-schwarz","17":"pa_battery-bosch-powertube-625wh-horizontal-akku-bosch-powerpack-500wh","18":"pa_battery-size-1125-wh","19":"pa_brakes-magura-mt4","20":"pa_brakes-front-magura-storm-hc-203-mm","21":"pa_brakes-rear-magura-storm-hc-180-mm","22":"pa_brand-moustache","23":"pa_damper-moustache-magic-grip-control-100-mit-2-positionen-plattform-und-dynamischer-zugstufenregelung-trunnion-aufnahme-165-x-40-mm-integriert-100-mm-federweg","24":"pa_display-bosch-nyon-touch-funktion-smart-connectivity-bluetooth-kompatibel-navigation-lock-funktion-individuelle-fahrmodi-walk-assist","25":"pa_filters-color-schwarz","26":"pa_fork-sr-suntour-mobie-45-air-lor-ds-einstellbarer-federvorspannung-lockout-funktion-100-mm-federweg","27":"pa_frame-friday-6061-t4-t6-aluminium-100-mm-federweg-in-den-rahmen-integrierter-bosch-powertube-akku-horizontal-12-x-148-mm-boost-motorabdeckung-mit-kuehlrippen","28":"pa_frame-variant-diamant","29":"pa_gear-change-shimano-xt-rd-m8000-gs-11-fach","30":"pa_gears-11-gaenge","31":"pa_handlebar-moustache-ergonomisch-aluminium-660-mm","32":"pa_hex-color-729","33":"pa_max-weight-135kg","34":"pa_motor-bosch-performance-line-speed-250-w","35":"pa_motor-brand-bosch","36":"pa_motor-strength-85-nm","37":"pa_pedals-plattformpedale-aus-aluminium-mit-reflektoren","38":"pa_range-bis-max-154-km","39":"pa_rider-height-155-160-cm","40":"pa_rider-height-160-165-cm","41":"pa_rider-height-165-170-cm","42":"pa_rider-height-170-175-cm","43":"pa_rider-height-175-180-cm","44":"pa_rider-height-180-185-cm","45":"pa_rider-height-185-190-cm","46":"pa_rider-height-190-195-cm","47":"pa_rider-height-195-200-cm","48":"pa_saddle-brooks-c19","49":"pa_saddle-post-moustache-aluminium-316-mm-350-mm","50":"pa_seat-tube-length-l","51":"pa_seat-tube-length-m","52":"pa_seat-tube-length-s-2","53":"pa_seat-tube-length-xl","54":"pa_sizes-l","55":"pa_sizes-m","56":"pa_sizes-s","57":"pa_sizes-xl","58":"pa_stem-moustache-aluminium-3d-geschmiedetes-80-mm","59":"pa_suspension-travel-100mm","60":"pa_tires-schwalbe-super-moto-x-27-5x2-40","61":"pa_weight-30kg","62":"pa_wheel-size-27-5","64":"first","65":"instock","66":"shipping-taxable","67":"purchasable","68":"product-type-variable"},"acf":{"short_description":"Wer hat nicht schon einmal davon getr\u00e4umt, Distanzen zu verk\u00fcrzen und die Zeit zu kontrollieren, um sowohl weiter als auch schneller fahren zu k\u00f6nnen? Das ist die Doktrin des Friday 27 FS Speed!","bike_name":"Moustache Friday 27 FS Speed","highlight_text":"","frame":"","battery_size":[61626,61671],"motor_strength":""},"yoast_head":"<!-- This site is optimized with the Yoast SEO plugin v24.5 - https:\/\/yoast.com\/wordpress\/plugins\/seo\/ -->\n<title>Moustache Friday 27 FS Speed | E-Bike Schweiz | 0 % Zins<\/title>\n<meta name=\"description\" content=\"Bestelle jetzt das Moustache Friday 27 FS Speed E-Bike! Zahle mit zinsfreier Ratenzahlung und geniesse unsere gratis Heimlieferung.\" \/>\n<meta name=\"robots\" content=\"noindex, follow, max-snippet:-1, max-image-preview:large, max-video-preview:-1\" \/>\n<meta property=\"og:locale\" content=\"de_DE\" \/>\n<meta property=\"og:type\" content=\"article\" \/>\n<meta property=\"og:title\" content=\"Moustache Friday 27 FS Speed | E-Bike Schweiz | 0 % Zins\" \/>\n<meta property=\"og:description\" content=\"Bestelle jetzt das Moustache Friday 27 FS Speed E-Bike! Zahle mit zinsfreier Ratenzahlung und geniesse unsere gratis Heimlieferung.\" \/>\n<meta property=\"og:url\" content=\"https:\/\/listings.mybikeplan.ch\/de\/produkt\/moustache-friday-27-fs-speed-dual\/\" \/>\n<meta property=\"og:site_name\" content=\"MyBikePlan\" \/>\n<meta property=\"article:modified_time\" content=\"2025-01-29T06:44:04+00:00\" \/>\n<meta property=\"og:image\" content=\"https:\/\/listings.mybikeplan.ch\/wp-content\/uploads\/2024\/04\/Moustache-Friday-27-FS-SPEED-Dual-scaled.jpg\" \/>\n\t<meta property=\"og:image:width\" content=\"2560\" \/>\n\t<meta property=\"og:image:height\" content=\"2560\" \/>\n\t<meta property=\"og:image:type\" content=\"image\/jpeg\" \/>\n<meta name=\"twitter:card\" content=\"summary_large_image\" \/>\n<meta name=\"twitter:label1\" content=\"Gesch\u00e4tzte Lesezeit\" \/>\n\t<meta name=\"twitter:data1\" content=\"1\u00a0Minute\" \/>\n<script type=\"application\/ld+json\" class=\"yoast-schema-graph\">{\"@context\":\"https:\/\/schema.org\",\"@graph\":[{\"@type\":\"WebPage\",\"@id\":\"https:\/\/listings.mybikeplan.ch\/de\/produkt\/moustache-friday-27-fs-speed-dual\/\",\"url\":\"https:\/\/listings.mybikeplan.ch\/de\/produkt\/moustache-friday-27-fs-speed-dual\/\",\"name\":\"Moustache Friday 27 FS Speed | E-Bike Schweiz | 0 % Zins\",\"isPartOf\":{\"@id\":\"https:\/\/listings.mybikeplan.ch\/de\/#website\"},\"primaryImageOfPage\":{\"@id\":\"https:\/\/listings.mybikeplan.ch\/de\/produkt\/moustache-friday-27-fs-speed-dual\/#primaryimage\"},\"image\":{\"@id\":\"https:\/\/listings.mybikeplan.ch\/de\/produkt\/moustache-friday-27-fs-speed-dual\/#primaryimage\"},\"thumbnailUrl\":\"https:\/\/listings.mybikeplan.ch\/wp-content\/uploads\/2024\/04\/Moustache-Friday-27-FS-SPEED-Dual-scaled.jpg\",\"datePublished\":\"2024-04-24T11:58:23+00:00\",\"dateModified\":\"2025-01-29T06:44:04+00:00\",\"description\":\"Bestelle jetzt das Moustache Friday 27 FS Speed E-Bike! Zahle mit zinsfreier Ratenzahlung und geniesse unsere gratis Heimlieferung.\",\"breadcrumb\":{\"@id\":\"https:\/\/listings.mybikeplan.ch\/de\/produkt\/moustache-friday-27-fs-speed-dual\/#breadcrumb\"},\"inLanguage\":\"de\",\"potentialAction\":[{\"@type\":\"ReadAction\",\"target\":[\"https:\/\/listings.mybikeplan.ch\/de\/produkt\/moustache-friday-27-fs-speed-dual\/\"]}]},{\"@type\":\"ImageObject\",\"inLanguage\":\"de\",\"@id\":\"https:\/\/listings.mybikeplan.ch\/de\/produkt\/moustache-friday-27-fs-speed-dual\/#primaryimage\",\"url\":\"https:\/\/listings.mybikeplan.ch\/wp-content\/uploads\/2024\/04\/Moustache-Friday-27-FS-SPEED-Dual-scaled.jpg\",\"contentUrl\":\"https:\/\/listings.mybikeplan.ch\/wp-content\/uploads\/2024\/04\/Moustache-Friday-27-FS-SPEED-Dual-scaled.jpg\",\"width\":2560,\"height\":2560},{\"@type\":\"BreadcrumbList\",\"@id\":\"https:\/\/listings.mybikeplan.ch\/de\/produkt\/moustache-friday-27-fs-speed-dual\/#breadcrumb\",\"itemListElement\":[{\"@type\":\"ListItem\",\"position\":1,\"name\":\"Home\",\"item\":\"https:\/\/listings.mybikeplan.ch\/de\/\"},{\"@type\":\"ListItem\",\"position\":2,\"name\":\"Moustache Friday 27 FS Speed Dual\"}]},{\"@type\":\"WebSite\",\"@id\":\"https:\/\/listings.mybikeplan.ch\/de\/#website\",\"url\":\"https:\/\/listings.mybikeplan.ch\/de\/\",\"name\":\"MyBikePlan\",\"description\":\"\",\"potentialAction\":[{\"@type\":\"SearchAction\",\"target\":{\"@type\":\"EntryPoint\",\"urlTemplate\":\"https:\/\/listings.mybikeplan.ch\/de\/?s={search_term_string}\"},\"query-input\":{\"@type\":\"PropertyValueSpecification\",\"valueRequired\":true,\"valueName\":\"search_term_string\"}}],\"inLanguage\":\"de\"}]}<\/script>\n<!-- \/ Yoast SEO plugin. -->","yoast_head_json":{"title":"Moustache Friday 27 FS Speed | E-Bike Schweiz | 0 % Zins","description":"Bestelle jetzt das Moustache Friday 27 FS Speed E-Bike! Zahle mit zinsfreier Ratenzahlung und geniesse unsere gratis Heimlieferung.","robots":{"index":"noindex","follow":"follow","max-snippet":"max-snippet:-1","max-image-preview":"max-image-preview:large","max-video-preview":"max-video-preview:-1"},"og_locale":"de_DE","og_type":"article","og_title":"Moustache Friday 27 FS Speed | E-Bike Schweiz | 0 % Zins","og_description":"Bestelle jetzt das Moustache Friday 27 FS Speed E-Bike! Zahle mit zinsfreier Ratenzahlung und geniesse unsere gratis Heimlieferung.","og_url":"https:\/\/listings.mybikeplan.ch\/de\/produkt\/moustache-friday-27-fs-speed-dual\/","og_site_name":"MyBikePlan","article_modified_time":"2025-01-29T06:44:04+00:00","og_image":[{"width":2560,"height":2560,"url":"https:\/\/listings.mybikeplan.ch\/wp-content\/uploads\/2024\/04\/Moustache-Friday-27-FS-SPEED-Dual-scaled.jpg","type":"image\/jpeg"}],"twitter_card":"summary_large_image","twitter_misc":{"Gesch\u00e4tzte Lesezeit":"1\u00a0Minute"},"schema":{"@context":"https:\/\/schema.org","@graph":[{"@type":"WebPage","@id":"https:\/\/listings.mybikeplan.ch\/de\/produkt\/moustache-friday-27-fs-speed-dual\/","url":"https:\/\/listings.mybikeplan.ch\/de\/produkt\/moustache-friday-27-fs-speed-dual\/","name":"Moustache Friday 27 FS Speed | E-Bike Schweiz | 0 % Zins","isPartOf":{"@id":"https:\/\/listings.mybikeplan.ch\/de\/#website"},"primaryImageOfPage":{"@id":"https:\/\/listings.mybikeplan.ch\/de\/produkt\/moustache-friday-27-fs-speed-dual\/#primaryimage"},"image":{"@id":"https:\/\/listings.mybikeplan.ch\/de\/produkt\/moustache-friday-27-fs-speed-dual\/#primaryimage"},"thumbnailUrl":"https:\/\/listings.mybikeplan.ch\/wp-content\/uploads\/2024\/04\/Moustache-Friday-27-FS-SPEED-Dual-scaled.jpg","datePublished":"2024-04-24T11:58:23+00:00","dateModified":"2025-01-29T06:44:04+00:00","description":"Bestelle jetzt das Moustache Friday 27 FS Speed E-Bike! Zahle mit zinsfreier Ratenzahlung und geniesse unsere gratis Heimlieferung.","breadcrumb":{"@id":"https:\/\/listings.mybikeplan.ch\/de\/produkt\/moustache-friday-27-fs-speed-dual\/#breadcrumb"},"inLanguage":"de","potentialAction":[{"@type":"ReadAction","target":["https:\/\/listings.mybikeplan.ch\/de\/produkt\/moustache-friday-27-fs-speed-dual\/"]}]},{"@type":"ImageObject","inLanguage":"de","@id":"https:\/\/listings.mybikeplan.ch\/de\/produkt\/moustache-friday-27-fs-speed-dual\/#primaryimage","url":"https:\/\/listings.mybikeplan.ch\/wp-content\/uploads\/2024\/04\/Moustache-Friday-27-FS-SPEED-Dual-scaled.jpg","contentUrl":"https:\/\/listings.mybikeplan.ch\/wp-content\/uploads\/2024\/04\/Moustache-Friday-27-FS-SPEED-Dual-scaled.jpg","width":2560,"height":2560},{"@type":"BreadcrumbList","@id":"https:\/\/listings.mybikeplan.ch\/de\/produkt\/moustache-friday-27-fs-speed-dual\/#breadcrumb","itemListElement":[{"@type":"ListItem","position":1,"name":"Home","item":"https:\/\/listings.mybikeplan.ch\/de\/"},{"@type":"ListItem","position":2,"name":"Moustache Friday 27 FS Speed Dual"}]},{"@type":"WebSite","@id":"https:\/\/listings.mybikeplan.ch\/de\/#website","url":"https:\/\/listings.mybikeplan.ch\/de\/","name":"MyBikePlan","description":"","potentialAction":[{"@type":"SearchAction","target":{"@type":"EntryPoint","urlTemplate":"https:\/\/listings.mybikeplan.ch\/de\/?s={search_term_string}"},"query-input":{"@type":"PropertyValueSpecification","valueRequired":true,"valueName":"search_term_string"}}],"inLanguage":"de"}]}},"_links":{"self":[{"href":"https:\/\/listings.mybikeplan.ch\/de\/wp-json\/wp\/v2\/product\/61671","targetHints":{"allow":["GET"]}}],"collection":[{"href":"https:\/\/listings.mybikeplan.ch\/de\/wp-json\/wp\/v2\/product"}],"about":[{"href":"https:\/\/listings.mybikeplan.ch\/de\/wp-json\/wp\/v2\/types\/product"}],"replies":[{"embeddable":true,"href":"https:\/\/listings.mybikeplan.ch\/de\/wp-json\/wp\/v2\/comments?post=61671"}],"acf:post":[{"embeddable":true,"href":"https:\/\/listings.mybikeplan.ch\/de\/wp-json\/wp\/v2\/product\/61671"},{"embeddable":true,"href":"https:\/\/listings.mybikeplan.ch\/de\/wp-json\/wp\/v2\/product\/61626"}],"wp:featuredmedia":[{"embeddable":true,"href":"https:\/\/listings.mybikeplan.ch\/de\/wp-json\/wp\/v2\/media\/61682"}],"wp:attachment":[{"href":"https:\/\/listings.mybikeplan.ch\/de\/wp-json\/wp\/v2\/media?parent=61671"}],"wp:term":[{"taxonomy":"product_brand","embeddable":true,"href":"https:\/\/listings.mybikeplan.ch\/de\/wp-json\/wp\/v2\/product_brand?post=61671"},{"taxonomy":"product_cat","embeddable":true,"href":"https:\/\/listings.mybikeplan.ch\/de\/wp-json\/wp\/v2\/product_cat?post=61671"},{"taxonomy":"product_tag","embeddable":true,"href":"https:\/\/listings.mybikeplan.ch\/de\/wp-json\/wp\/v2\/product_tag?post=61671"}],"curies":[{"name":"wp","href":"https:\/\/api.w.org\/{rel}","templated":true}]}}