{"id":61598,"date":"2024-04-19T13:39:08","date_gmt":"2024-04-19T13:39:08","guid":{"rendered":"https:\/\/listings.mybikeplan.ch\/?post_type=product&#038;p=61598"},"modified":"2024-05-07T11:59:51","modified_gmt":"2024-05-07T11:59:51","slug":"thoemus-lightrider-e-ultimate-red","status":"publish","type":"product","link":"https:\/\/listings.mybikeplan.ch\/de\/produkt\/thoemus-lightrider-e-ultimate-red\/","title":{"rendered":"Th\u00f6mus Lightrider E Ultimate"},"content":{"rendered":"<h2><b>Das Wichtigste zum Th\u00f6mus Lightrider E Ultimate:\u00a0<\/b><\/h2>\n<ul>\n<li style=\"font-weight: 400;\" aria-level=\"1\">Extra-leichtes Mountain E-Bike: Nur 15 kg!<\/li>\n<li aria-level=\"1\">Vollgefedert mit 140 mm Federweg<\/li>\n<li aria-level=\"1\">von der Schweizer Kultmarke Th\u00f6mus<\/li>\n<\/ul>\n<h2><b>Das Th\u00f6mus Lightrider E Ultimate ist perfekt f\u00fcr Dich, wenn Du:<\/b><\/h2>\n<ul>\n<li aria-level=\"1\">ein hochwertiges E-MTB suchst<\/li>\n<li aria-level=\"1\">auf Schweizer Qualit\u00e4t setzen willst<\/li>\n<li aria-level=\"1\">bei deinem Fahrgef\u00fchl keine Abstriche machst<\/li>\n<\/ul>\n<h2><b>Gr\u00f6ssenempfehlung:<\/b><\/h2>\n<ul>\n<li>XS\/S = &lt; 170 cm<\/li>\n<li>M\/L = 168 \u2013 182 cm<\/li>\n<li>L\/XL = &gt; 180 cm<\/li>\n<\/ul>\n","protected":false},"excerpt":{"rendered":"<h2>Th\u00f6mus Lightrider E Ultimate<\/h2>\n<p>Mit einem Gewicht von unter 15 kg f\u00e4hrt sich der Lightrider E Ultimate wie ein Mountainbike ohne Motor und ist auch optisch kaum davon zu unterscheiden. Er bietet Fahrspass f\u00fcr alle und eignet sich aufgrund der hohen Agilit\u00e4t und der ab XS erh\u00e4ltlichen Rahmengr\u00f6sse speziell auch f\u00fcr kleinere und leichtere Fahrer:innen.<\/p>\n<p>Der superleichte Ultra High Modulus Carbon-Rahmen greift auf \u00fcber 30 Jahre Erfahrung im Bikebau zur\u00fcck. Das maxon BIKEDRIVE AIR Antriebssystem ist mit nur 3.5 Kilogramm ebenfalls ein Leichtgewicht &#8211; \u00fcberzeugt aber dennoch mit seiner Leistung von 250W und Peaks \u00fcber 300W bei einem Drehmoment von 40 Nm. Das Fahrgef\u00fchl auf dem Trail ist durch das kaum sp\u00fcrbare Zusatzgewicht so nat\u00fcrlich, wie beim Lightrider Worldcup. Sobald es aber im Aufstieg steiler wird, f\u00fchlt es sich an, als w\u00fcrde dich eine Zauberhand leicht schieben \u2013 perfekt f\u00fcr das Training oder Touren in der Gruppe. Die einzigartige Freilauftechnologie des maxon BIKEDRIVE AIR E-Bike System sorgt f\u00fcr ein nat\u00fcrliches Ein- und Aussetzen der Unterst\u00fctzung. Das Resultat: ein E-Bike mit der perfekten Balance zwischen Gewicht und Agilit\u00e4t.<\/p>\n<h2><b>\u00dcber die Marke Th\u00f6mus<\/b><\/h2>\n<p>Bereits seit \u00fcber 30 Jahren steht Th\u00f6mus f\u00fcr Velo-Hightech aus der Schweiz. Seit vier Jahren setzt auch Olympiamedaillengewinner Mathias Fl\u00fcckiger auf den Berner Brand. \u00abSwiss made to fascinate\u00bb schreibt sich das Unternehmen auf die Fahne und trumpft dadurch auch mitten im Veloboom mit schnellsten Lieferzeiten auf.<\/p>\n","protected":false},"featured_media":61558,"comment_status":"open","ping_status":"closed","template":"","meta":{"_acf_changed":false},"product_brand":[],"product_cat":[583,15,578,582,2089,2309,24,579,8929,4481,3252,7789],"product_tag":[],"class_list":{"0":"post-61598","1":"product","2":"type-product","3":"status-publish","4":"has-post-thumbnail","6":"product_cat-25-km","7":"product_cat-alle-e-bikes","8":"product_cat-damen","9":"product_cat-diamant","10":"product_cat-e-bikes","11":"product_cat-e-mountain-fully","12":"product_cat-e-mountain","13":"product_cat-herren","14":"product_cat-marke-thoemus","15":"product_cat-mybikeplan","16":"product_cat-rot","17":"product_cat-swiss-made","18":"pa_brakes-ohne-upgrade-4-kolben-bremse","19":"pa_brand-thoemus","20":"pa_filters-color-rot","21":"pa_frame-variant-diamant","22":"pa_gear-change-xt-1x12-32-10-51","23":"pa_gears-12-gaenge","24":"pa_hex-color-22735e-produkt-thoemus-lightrider-e-ultimate-green","25":"pa_hex-color-353433-produkt-thoemus-lightrider-e-ultimate-black","26":"pa_hex-color-679cb2-produkt-thoemus-lightrider-e-ultimate-blue","27":"pa_hex-color-d53c37","28":"pa_hex-color-ffffff-produkt-thoemus-lightrider-e-ultimate-white","29":"pa_motor-maxon-bikedrive-air","30":"pa_motor-brand-maxon","31":"pa_motor-strength-40-nm","32":"pa_rider-height-160-165-cm","33":"pa_rider-height-165-170-cm","34":"pa_rider-height-170-175-cm","35":"pa_rider-height-175-180-cm","36":"pa_rider-height-180-185-cm","37":"pa_rider-height-185-190-cm","38":"pa_rider-height-190-195-cm","39":"pa_seat-tube-length-l-xl","40":"pa_seat-tube-length-m-l","41":"pa_seat-tube-length-xs-s","42":"pa_sizes-l-xl","43":"pa_sizes-m-l","44":"pa_sizes-xs-s","45":"pa_speed-25-km-stunde","46":"pa_suspension-travel-gabel-dt-swiss-f535-29-140mm-schwarz","47":"pa_weight-15-3-kg","48":"pa_wheel-size-762","50":"first","51":"instock","52":"shipping-taxable","53":"purchasable","54":"product-type-variable"},"acf":{"short_description":"Das leichteste vollgefederte E-Mountainbike der Welt, entwickelt in Zusammenarbeit mit maxon, ist Swissness pur!","bike_name":"Th\u00f6mus Lightrider E Ultimate","highlight_text":"","frame":"","battery_size":"","motor_strength":""},"yoast_head":"<!-- This site is optimized with the Yoast SEO plugin v24.5 - https:\/\/yoast.com\/wordpress\/plugins\/seo\/ -->\n<title>Th\u00f6mus Lightrider E Ultimate | E-Bike Schweiz | 0 % Zins<\/title>\n<meta name=\"description\" content=\"Bestelle jetzt das Th\u00f6mus Lightrider E Ultimate E-Bike! Zahle mit zinsfreier Ratenzahlung und geniesse unsere gratis Heimlieferung.\" \/>\n<meta name=\"robots\" content=\"noindex, follow, max-snippet:-1, max-image-preview:large, max-video-preview:-1\" \/>\n<meta property=\"og:locale\" content=\"de_DE\" \/>\n<meta property=\"og:type\" content=\"article\" \/>\n<meta property=\"og:title\" content=\"Th\u00f6mus Lightrider E Ultimate | E-Bike Schweiz | 0 % Zins\" \/>\n<meta property=\"og:description\" content=\"Bestelle jetzt das Th\u00f6mus Lightrider E Ultimate E-Bike! Zahle mit zinsfreier Ratenzahlung und geniesse unsere gratis Heimlieferung.\" \/>\n<meta property=\"og:url\" content=\"https:\/\/listings.mybikeplan.ch\/de\/produkt\/thoemus-lightrider-e-ultimate-red\/\" \/>\n<meta property=\"og:site_name\" content=\"MyBikePlan\" \/>\n<meta property=\"article:modified_time\" content=\"2024-05-07T11:59:51+00:00\" \/>\n<meta property=\"og:image\" content=\"https:\/\/listings.mybikeplan.ch\/wp-content\/uploads\/2024\/04\/Thomus-Lightrider-E-Ultimate.jpg\" \/>\n\t<meta property=\"og:image:width\" content=\"1000\" \/>\n\t<meta property=\"og:image:height\" content=\"1000\" \/>\n\t<meta property=\"og:image:type\" content=\"image\/jpeg\" \/>\n<meta name=\"twitter:card\" content=\"summary_large_image\" \/>\n<meta name=\"twitter:label1\" content=\"Gesch\u00e4tzte Lesezeit\" \/>\n\t<meta name=\"twitter:data1\" content=\"1\u00a0Minute\" \/>\n<script type=\"application\/ld+json\" class=\"yoast-schema-graph\">{\"@context\":\"https:\/\/schema.org\",\"@graph\":[{\"@type\":\"WebPage\",\"@id\":\"https:\/\/listings.mybikeplan.ch\/de\/produkt\/thoemus-lightrider-e-ultimate-red\/\",\"url\":\"https:\/\/listings.mybikeplan.ch\/de\/produkt\/thoemus-lightrider-e-ultimate-red\/\",\"name\":\"Th\u00f6mus Lightrider E Ultimate | E-Bike Schweiz | 0 % Zins\",\"isPartOf\":{\"@id\":\"https:\/\/listings.mybikeplan.ch\/de\/#website\"},\"primaryImageOfPage\":{\"@id\":\"https:\/\/listings.mybikeplan.ch\/de\/produkt\/thoemus-lightrider-e-ultimate-red\/#primaryimage\"},\"image\":{\"@id\":\"https:\/\/listings.mybikeplan.ch\/de\/produkt\/thoemus-lightrider-e-ultimate-red\/#primaryimage\"},\"thumbnailUrl\":\"https:\/\/listings.mybikeplan.ch\/wp-content\/uploads\/2024\/04\/Thomus-Lightrider-E-Ultimate.jpg\",\"datePublished\":\"2024-04-19T13:39:08+00:00\",\"dateModified\":\"2024-05-07T11:59:51+00:00\",\"description\":\"Bestelle jetzt das Th\u00f6mus Lightrider E Ultimate E-Bike! Zahle mit zinsfreier Ratenzahlung und geniesse unsere gratis Heimlieferung.\",\"breadcrumb\":{\"@id\":\"https:\/\/listings.mybikeplan.ch\/de\/produkt\/thoemus-lightrider-e-ultimate-red\/#breadcrumb\"},\"inLanguage\":\"de\",\"potentialAction\":[{\"@type\":\"ReadAction\",\"target\":[\"https:\/\/listings.mybikeplan.ch\/de\/produkt\/thoemus-lightrider-e-ultimate-red\/\"]}]},{\"@type\":\"ImageObject\",\"inLanguage\":\"de\",\"@id\":\"https:\/\/listings.mybikeplan.ch\/de\/produkt\/thoemus-lightrider-e-ultimate-red\/#primaryimage\",\"url\":\"https:\/\/listings.mybikeplan.ch\/wp-content\/uploads\/2024\/04\/Thomus-Lightrider-E-Ultimate.jpg\",\"contentUrl\":\"https:\/\/listings.mybikeplan.ch\/wp-content\/uploads\/2024\/04\/Thomus-Lightrider-E-Ultimate.jpg\",\"width\":1000,\"height\":1000},{\"@type\":\"BreadcrumbList\",\"@id\":\"https:\/\/listings.mybikeplan.ch\/de\/produkt\/thoemus-lightrider-e-ultimate-red\/#breadcrumb\",\"itemListElement\":[{\"@type\":\"ListItem\",\"position\":1,\"name\":\"Home\",\"item\":\"https:\/\/listings.mybikeplan.ch\/de\/\"},{\"@type\":\"ListItem\",\"position\":2,\"name\":\"Th\u00f6mus Lightrider E Ultimate\"}]},{\"@type\":\"WebSite\",\"@id\":\"https:\/\/listings.mybikeplan.ch\/de\/#website\",\"url\":\"https:\/\/listings.mybikeplan.ch\/de\/\",\"name\":\"MyBikePlan\",\"description\":\"\",\"potentialAction\":[{\"@type\":\"SearchAction\",\"target\":{\"@type\":\"EntryPoint\",\"urlTemplate\":\"https:\/\/listings.mybikeplan.ch\/de\/?s={search_term_string}\"},\"query-input\":{\"@type\":\"PropertyValueSpecification\",\"valueRequired\":true,\"valueName\":\"search_term_string\"}}],\"inLanguage\":\"de\"}]}<\/script>\n<!-- \/ Yoast SEO plugin. -->","yoast_head_json":{"title":"Th\u00f6mus Lightrider E Ultimate | E-Bike Schweiz | 0 % Zins","description":"Bestelle jetzt das Th\u00f6mus Lightrider E Ultimate E-Bike! Zahle mit zinsfreier Ratenzahlung und geniesse unsere gratis Heimlieferung.","robots":{"index":"noindex","follow":"follow","max-snippet":"max-snippet:-1","max-image-preview":"max-image-preview:large","max-video-preview":"max-video-preview:-1"},"og_locale":"de_DE","og_type":"article","og_title":"Th\u00f6mus Lightrider E Ultimate | E-Bike Schweiz | 0 % Zins","og_description":"Bestelle jetzt das Th\u00f6mus Lightrider E Ultimate E-Bike! Zahle mit zinsfreier Ratenzahlung und geniesse unsere gratis Heimlieferung.","og_url":"https:\/\/listings.mybikeplan.ch\/de\/produkt\/thoemus-lightrider-e-ultimate-red\/","og_site_name":"MyBikePlan","article_modified_time":"2024-05-07T11:59:51+00:00","og_image":[{"width":1000,"height":1000,"url":"https:\/\/listings.mybikeplan.ch\/wp-content\/uploads\/2024\/04\/Thomus-Lightrider-E-Ultimate.jpg","type":"image\/jpeg"}],"twitter_card":"summary_large_image","twitter_misc":{"Gesch\u00e4tzte Lesezeit":"1\u00a0Minute"},"schema":{"@context":"https:\/\/schema.org","@graph":[{"@type":"WebPage","@id":"https:\/\/listings.mybikeplan.ch\/de\/produkt\/thoemus-lightrider-e-ultimate-red\/","url":"https:\/\/listings.mybikeplan.ch\/de\/produkt\/thoemus-lightrider-e-ultimate-red\/","name":"Th\u00f6mus Lightrider E Ultimate | E-Bike Schweiz | 0 % Zins","isPartOf":{"@id":"https:\/\/listings.mybikeplan.ch\/de\/#website"},"primaryImageOfPage":{"@id":"https:\/\/listings.mybikeplan.ch\/de\/produkt\/thoemus-lightrider-e-ultimate-red\/#primaryimage"},"image":{"@id":"https:\/\/listings.mybikeplan.ch\/de\/produkt\/thoemus-lightrider-e-ultimate-red\/#primaryimage"},"thumbnailUrl":"https:\/\/listings.mybikeplan.ch\/wp-content\/uploads\/2024\/04\/Thomus-Lightrider-E-Ultimate.jpg","datePublished":"2024-04-19T13:39:08+00:00","dateModified":"2024-05-07T11:59:51+00:00","description":"Bestelle jetzt das Th\u00f6mus Lightrider E Ultimate E-Bike! Zahle mit zinsfreier Ratenzahlung und geniesse unsere gratis Heimlieferung.","breadcrumb":{"@id":"https:\/\/listings.mybikeplan.ch\/de\/produkt\/thoemus-lightrider-e-ultimate-red\/#breadcrumb"},"inLanguage":"de","potentialAction":[{"@type":"ReadAction","target":["https:\/\/listings.mybikeplan.ch\/de\/produkt\/thoemus-lightrider-e-ultimate-red\/"]}]},{"@type":"ImageObject","inLanguage":"de","@id":"https:\/\/listings.mybikeplan.ch\/de\/produkt\/thoemus-lightrider-e-ultimate-red\/#primaryimage","url":"https:\/\/listings.mybikeplan.ch\/wp-content\/uploads\/2024\/04\/Thomus-Lightrider-E-Ultimate.jpg","contentUrl":"https:\/\/listings.mybikeplan.ch\/wp-content\/uploads\/2024\/04\/Thomus-Lightrider-E-Ultimate.jpg","width":1000,"height":1000},{"@type":"BreadcrumbList","@id":"https:\/\/listings.mybikeplan.ch\/de\/produkt\/thoemus-lightrider-e-ultimate-red\/#breadcrumb","itemListElement":[{"@type":"ListItem","position":1,"name":"Home","item":"https:\/\/listings.mybikeplan.ch\/de\/"},{"@type":"ListItem","position":2,"name":"Th\u00f6mus Lightrider E Ultimate"}]},{"@type":"WebSite","@id":"https:\/\/listings.mybikeplan.ch\/de\/#website","url":"https:\/\/listings.mybikeplan.ch\/de\/","name":"MyBikePlan","description":"","potentialAction":[{"@type":"SearchAction","target":{"@type":"EntryPoint","urlTemplate":"https:\/\/listings.mybikeplan.ch\/de\/?s={search_term_string}"},"query-input":{"@type":"PropertyValueSpecification","valueRequired":true,"valueName":"search_term_string"}}],"inLanguage":"de"}]}},"_links":{"self":[{"href":"https:\/\/listings.mybikeplan.ch\/de\/wp-json\/wp\/v2\/product\/61598","targetHints":{"allow":["GET"]}}],"collection":[{"href":"https:\/\/listings.mybikeplan.ch\/de\/wp-json\/wp\/v2\/product"}],"about":[{"href":"https:\/\/listings.mybikeplan.ch\/de\/wp-json\/wp\/v2\/types\/product"}],"replies":[{"embeddable":true,"href":"https:\/\/listings.mybikeplan.ch\/de\/wp-json\/wp\/v2\/comments?post=61598"}],"wp:featuredmedia":[{"embeddable":true,"href":"https:\/\/listings.mybikeplan.ch\/de\/wp-json\/wp\/v2\/media\/61558"}],"wp:attachment":[{"href":"https:\/\/listings.mybikeplan.ch\/de\/wp-json\/wp\/v2\/media?parent=61598"}],"wp:term":[{"taxonomy":"product_brand","embeddable":true,"href":"https:\/\/listings.mybikeplan.ch\/de\/wp-json\/wp\/v2\/product_brand?post=61598"},{"taxonomy":"product_cat","embeddable":true,"href":"https:\/\/listings.mybikeplan.ch\/de\/wp-json\/wp\/v2\/product_cat?post=61598"},{"taxonomy":"product_tag","embeddable":true,"href":"https:\/\/listings.mybikeplan.ch\/de\/wp-json\/wp\/v2\/product_tag?post=61598"}],"curies":[{"name":"wp","href":"https:\/\/api.w.org\/{rel}","templated":true}]}}