{"id":60519,"date":"2024-04-02T15:57:37","date_gmt":"2024-04-02T15:57:37","guid":{"rendered":"https:\/\/listings.mybikeplan.ch\/?post_type=product&#038;p=60519"},"modified":"2024-12-19T16:17:43","modified_gmt":"2024-12-19T16:17:43","slug":"cresta-eeterna-darkgrey-1","status":"publish","type":"product","link":"https:\/\/listings.mybikeplan.ch\/de\/produkt\/cresta-eeterna-darkgrey-1\/","title":{"rendered":"Cresta eEterna"},"content":{"rendered":"<h2><b>Das Wichtigste zum Cresta eEterna:\u00a0<\/b><\/h2>\n<ul>\n<li>L\u00e4ssiges Trekking E-Bike<\/li>\n<li>Integrierter Motor, der perfekt im Rahmen verschwindet<\/li>\n<li>Front- und Back-Gep\u00e4cktr\u00e4ger<\/li>\n<\/ul>\n<h2><b>Das <\/b><b>Cresta eEterna <\/b><b>ist perfekt f\u00fcr dich, wenn Du:<\/b><\/h2>\n<ul>\n<li>Auf Schweizer Qualit\u00e4t setzen willst<\/li>\n<li>Gerne in der Stadt, aber auch mal auf Feldwegen unterwegs bist<\/li>\n<\/ul>\n<h2><b>Gr\u00f6ssenempfehlung:\u00a0<\/b><\/h2>\n<ul>\n<li>S \/ 46 = 160 &#8211; 171 cm<\/li>\n<li>M \/ 50 = 170 &#8211; 179 cm<\/li>\n<li>L \/ 54 = 178 &#8211; 187 cm<\/li>\n<\/ul>\n","protected":false},"excerpt":{"rendered":"<h2>Cresta eEterna<\/h2>\n<p>Mit dem neuen, federleichten Bosch Performance SX Motor ist das Cresta eEterna sportlich und ausgesprochen leise unterwegs. Der Motor ist so schmal konstruiert, dass er komplett im Rahmen verschwindet und von vorne oder von hinten praktisch nicht zu sehen ist. Eine ausgefeilte Sensortechnik stellt in jeder Fahrsituation exakt das richtige Mass an Unterst\u00fctzung zur Verf\u00fcgung. Bei einer hohen Trittfrequenz steigt auch die Kraft, die der Motor auf die Strasse bringt. Auch der 400 Wh starke Akku ist schlank konstruiert und verschwindet elegant im Unterrohr. Er l\u00e4sst sich zum Laden problemlos entnehmen und wieder einsetzen. Optional ist ein Range Extender mit einer Kapazit\u00e4t von 250 Wh erh\u00e4ltlich.<\/p>\n<p>Der in den Rahmen integrierte Frontgep\u00e4cktr\u00e4ger kann mit bis zu 8 kg belastet werden. Hinten steht ein Custom Gep\u00e4cktr\u00e4ger mit 25 kg Zuladung und MIK System zur Verf\u00fcgung. Der strahlend helle Supernova Scheinwerfer ist am Lenker montiert, so dass das Vorderrad keinen st\u00f6renden Schatten auf die Fahrbahn wirft. Das R\u00fccklicht ist stylisch in das Schutzblech integriert. Mit den breiten Schwalbe G-One Overland Reifen ist das Cresta eEterna auch abseits der Strasse in seinem Element. St\u00f6sse werden von der Suntour GVX Federgabel und den breiten Pneus souver\u00e4n abgefangen.<\/p>\n<h2>\u00dcber die Marke Cresta<\/h2>\n<p>Effizient, umweltfreundlich und stilvoll: Das sind Cresta E-Bikes. Die Marke hat es sich zum Ziel gesetzt, Dir ein fantastisches Fahrgef\u00fchl zu bieten, w\u00e4hrend Du gleichzeitig ganz bequem Deinen \u00f6kologischen Fussabdruck verringerst. Seit 1898 ist die Schweizer Traditionsmarke f\u00fcr Velofahrer*innen und ihre W\u00fcnsche da und \u00fcberzeugt rundum mit Qualit\u00e4t und Hochwertigkeit.<\/p>\n","protected":false},"featured_media":60736,"comment_status":"open","ping_status":"closed","template":"","meta":{"_acf_changed":false},"product_brand":[],"product_cat":[583,15,578,2089,23,3250,579,3543,4481,7789],"product_tag":[],"class_list":{"0":"post-60519","1":"product","2":"type-product","3":"status-publish","4":"has-post-thumbnail","6":"product_cat-25-km","7":"product_cat-alle-e-bikes","8":"product_cat-damen","9":"product_cat-e-bikes","10":"product_cat-e-trekking","11":"product_cat-grau","12":"product_cat-herren","13":"product_cat-marke-cresta","14":"product_cat-mybikeplan","15":"product_cat-swiss-made","16":"pa_battery-bosch-powertube-400wh","17":"pa_battery-size-400-wh","18":"pa_brand-cresta","19":"pa_filters-color-grau","20":"pa_frame-variant-trapez","21":"pa_hex-color-3d4d5f-produkt-cresta-eeterna-darkblue-1","22":"pa_hex-color-5a5655","23":"pa_hex-color-868b90-produkt-cresta-eeterna-grey-1","24":"pa_hex-color-b39089-produkt-cresta-eeterna-rosematt-1","25":"pa_motor-bosch-performance-sx-25km-h","26":"pa_motor-brand-bosch","27":"pa_rider-height-160-165-cm","28":"pa_rider-height-165-170-cm","29":"pa_rider-height-170-175-cm","30":"pa_rider-height-175-180-cm","31":"pa_rider-height-185-190-cm","32":"pa_seat-tube-length-l-54-2","33":"pa_seat-tube-length-m-50-2","34":"pa_seat-tube-length-s-46-2","35":"pa_sizes-l","36":"pa_sizes-m","37":"pa_sizes-s","38":"pa_speed-25-km-stunde","39":"pa_weight-27-kg","40":"pa_wheel-size-28-2","42":"first","43":"instock","44":"shipping-taxable","45":"purchasable","46":"product-type-variable"},"acf":{"short_description":"Sportlicher Packesel. Auch f\u00fcr raues Terrain. Auf grossen Touren weit abseits der Strasse ist des eEterna in seinem Element. Locker unterwegs, auch mit richtig viel Gep\u00e4ck!","bike_name":"Cresta eEterna","highlight_text":"","frame":[60391,60661],"battery_size":"","motor_strength":""},"yoast_head":"<!-- This site is optimized with the Yoast SEO plugin v24.5 - https:\/\/yoast.com\/wordpress\/plugins\/seo\/ -->\n<title>Cresta eEterna | E-Bike Schweiz | 0% Ratenzahlung<\/title>\n<meta name=\"description\" content=\"Hol Dir das Cresta eEterna und zahle ganz bequem in monatlichen Raten mit 0 % Zins ab! Jetzt profitieren und sofort losfahren.\" \/>\n<meta name=\"robots\" content=\"noindex, follow, max-snippet:-1, max-image-preview:large, max-video-preview:-1\" \/>\n<meta property=\"og:locale\" content=\"de_DE\" \/>\n<meta property=\"og:type\" content=\"article\" \/>\n<meta property=\"og:title\" content=\"Cresta eEterna | E-Bike Schweiz | 0% Ratenzahlung\" \/>\n<meta property=\"og:description\" content=\"Hol Dir das Cresta eEterna und zahle ganz bequem in monatlichen Raten mit 0 % Zins ab! Jetzt profitieren und sofort losfahren.\" \/>\n<meta property=\"og:url\" content=\"https:\/\/listings.mybikeplan.ch\/de\/produkt\/cresta-eeterna-darkgrey-1\/\" \/>\n<meta property=\"og:site_name\" content=\"MyBikePlan\" \/>\n<meta property=\"article:modified_time\" content=\"2024-12-19T16:17:43+00:00\" \/>\n<meta property=\"og:image\" content=\"https:\/\/listings.mybikeplan.ch\/wp-content\/uploads\/2024\/04\/Cresta-eEterna-7.jpg\" \/>\n\t<meta property=\"og:image:width\" content=\"1000\" \/>\n\t<meta property=\"og:image:height\" content=\"1000\" \/>\n\t<meta property=\"og:image:type\" content=\"image\/jpeg\" \/>\n<meta name=\"twitter:card\" content=\"summary_large_image\" \/>\n<meta name=\"twitter:label1\" content=\"Gesch\u00e4tzte Lesezeit\" \/>\n\t<meta name=\"twitter:data1\" content=\"1\u00a0Minute\" \/>\n<script type=\"application\/ld+json\" class=\"yoast-schema-graph\">{\"@context\":\"https:\/\/schema.org\",\"@graph\":[{\"@type\":\"WebPage\",\"@id\":\"https:\/\/listings.mybikeplan.ch\/de\/produkt\/cresta-eeterna-darkgrey-1\/\",\"url\":\"https:\/\/listings.mybikeplan.ch\/de\/produkt\/cresta-eeterna-darkgrey-1\/\",\"name\":\"Cresta eEterna | E-Bike Schweiz | 0% Ratenzahlung\",\"isPartOf\":{\"@id\":\"https:\/\/listings.mybikeplan.ch\/de\/#website\"},\"primaryImageOfPage\":{\"@id\":\"https:\/\/listings.mybikeplan.ch\/de\/produkt\/cresta-eeterna-darkgrey-1\/#primaryimage\"},\"image\":{\"@id\":\"https:\/\/listings.mybikeplan.ch\/de\/produkt\/cresta-eeterna-darkgrey-1\/#primaryimage\"},\"thumbnailUrl\":\"https:\/\/listings.mybikeplan.ch\/wp-content\/uploads\/2024\/04\/Cresta-eEterna-7.jpg\",\"datePublished\":\"2024-04-02T15:57:37+00:00\",\"dateModified\":\"2024-12-19T16:17:43+00:00\",\"description\":\"Hol Dir das Cresta eEterna und zahle ganz bequem in monatlichen Raten mit 0 % Zins ab! Jetzt profitieren und sofort losfahren.\",\"breadcrumb\":{\"@id\":\"https:\/\/listings.mybikeplan.ch\/de\/produkt\/cresta-eeterna-darkgrey-1\/#breadcrumb\"},\"inLanguage\":\"de\",\"potentialAction\":[{\"@type\":\"ReadAction\",\"target\":[\"https:\/\/listings.mybikeplan.ch\/de\/produkt\/cresta-eeterna-darkgrey-1\/\"]}]},{\"@type\":\"ImageObject\",\"inLanguage\":\"de\",\"@id\":\"https:\/\/listings.mybikeplan.ch\/de\/produkt\/cresta-eeterna-darkgrey-1\/#primaryimage\",\"url\":\"https:\/\/listings.mybikeplan.ch\/wp-content\/uploads\/2024\/04\/Cresta-eEterna-7.jpg\",\"contentUrl\":\"https:\/\/listings.mybikeplan.ch\/wp-content\/uploads\/2024\/04\/Cresta-eEterna-7.jpg\",\"width\":1000,\"height\":1000},{\"@type\":\"BreadcrumbList\",\"@id\":\"https:\/\/listings.mybikeplan.ch\/de\/produkt\/cresta-eeterna-darkgrey-1\/#breadcrumb\",\"itemListElement\":[{\"@type\":\"ListItem\",\"position\":1,\"name\":\"Home\",\"item\":\"https:\/\/listings.mybikeplan.ch\/de\/\"},{\"@type\":\"ListItem\",\"position\":2,\"name\":\"Cresta eEterna\"}]},{\"@type\":\"WebSite\",\"@id\":\"https:\/\/listings.mybikeplan.ch\/de\/#website\",\"url\":\"https:\/\/listings.mybikeplan.ch\/de\/\",\"name\":\"MyBikePlan\",\"description\":\"\",\"potentialAction\":[{\"@type\":\"SearchAction\",\"target\":{\"@type\":\"EntryPoint\",\"urlTemplate\":\"https:\/\/listings.mybikeplan.ch\/de\/?s={search_term_string}\"},\"query-input\":{\"@type\":\"PropertyValueSpecification\",\"valueRequired\":true,\"valueName\":\"search_term_string\"}}],\"inLanguage\":\"de\"}]}<\/script>\n<!-- \/ Yoast SEO plugin. -->","yoast_head_json":{"title":"Cresta eEterna | E-Bike Schweiz | 0% Ratenzahlung","description":"Hol Dir das Cresta eEterna und zahle ganz bequem in monatlichen Raten mit 0 % Zins ab! Jetzt profitieren und sofort losfahren.","robots":{"index":"noindex","follow":"follow","max-snippet":"max-snippet:-1","max-image-preview":"max-image-preview:large","max-video-preview":"max-video-preview:-1"},"og_locale":"de_DE","og_type":"article","og_title":"Cresta eEterna | E-Bike Schweiz | 0% Ratenzahlung","og_description":"Hol Dir das Cresta eEterna und zahle ganz bequem in monatlichen Raten mit 0 % Zins ab! Jetzt profitieren und sofort losfahren.","og_url":"https:\/\/listings.mybikeplan.ch\/de\/produkt\/cresta-eeterna-darkgrey-1\/","og_site_name":"MyBikePlan","article_modified_time":"2024-12-19T16:17:43+00:00","og_image":[{"width":1000,"height":1000,"url":"https:\/\/listings.mybikeplan.ch\/wp-content\/uploads\/2024\/04\/Cresta-eEterna-7.jpg","type":"image\/jpeg"}],"twitter_card":"summary_large_image","twitter_misc":{"Gesch\u00e4tzte Lesezeit":"1\u00a0Minute"},"schema":{"@context":"https:\/\/schema.org","@graph":[{"@type":"WebPage","@id":"https:\/\/listings.mybikeplan.ch\/de\/produkt\/cresta-eeterna-darkgrey-1\/","url":"https:\/\/listings.mybikeplan.ch\/de\/produkt\/cresta-eeterna-darkgrey-1\/","name":"Cresta eEterna | E-Bike Schweiz | 0% Ratenzahlung","isPartOf":{"@id":"https:\/\/listings.mybikeplan.ch\/de\/#website"},"primaryImageOfPage":{"@id":"https:\/\/listings.mybikeplan.ch\/de\/produkt\/cresta-eeterna-darkgrey-1\/#primaryimage"},"image":{"@id":"https:\/\/listings.mybikeplan.ch\/de\/produkt\/cresta-eeterna-darkgrey-1\/#primaryimage"},"thumbnailUrl":"https:\/\/listings.mybikeplan.ch\/wp-content\/uploads\/2024\/04\/Cresta-eEterna-7.jpg","datePublished":"2024-04-02T15:57:37+00:00","dateModified":"2024-12-19T16:17:43+00:00","description":"Hol Dir das Cresta eEterna und zahle ganz bequem in monatlichen Raten mit 0 % Zins ab! Jetzt profitieren und sofort losfahren.","breadcrumb":{"@id":"https:\/\/listings.mybikeplan.ch\/de\/produkt\/cresta-eeterna-darkgrey-1\/#breadcrumb"},"inLanguage":"de","potentialAction":[{"@type":"ReadAction","target":["https:\/\/listings.mybikeplan.ch\/de\/produkt\/cresta-eeterna-darkgrey-1\/"]}]},{"@type":"ImageObject","inLanguage":"de","@id":"https:\/\/listings.mybikeplan.ch\/de\/produkt\/cresta-eeterna-darkgrey-1\/#primaryimage","url":"https:\/\/listings.mybikeplan.ch\/wp-content\/uploads\/2024\/04\/Cresta-eEterna-7.jpg","contentUrl":"https:\/\/listings.mybikeplan.ch\/wp-content\/uploads\/2024\/04\/Cresta-eEterna-7.jpg","width":1000,"height":1000},{"@type":"BreadcrumbList","@id":"https:\/\/listings.mybikeplan.ch\/de\/produkt\/cresta-eeterna-darkgrey-1\/#breadcrumb","itemListElement":[{"@type":"ListItem","position":1,"name":"Home","item":"https:\/\/listings.mybikeplan.ch\/de\/"},{"@type":"ListItem","position":2,"name":"Cresta eEterna"}]},{"@type":"WebSite","@id":"https:\/\/listings.mybikeplan.ch\/de\/#website","url":"https:\/\/listings.mybikeplan.ch\/de\/","name":"MyBikePlan","description":"","potentialAction":[{"@type":"SearchAction","target":{"@type":"EntryPoint","urlTemplate":"https:\/\/listings.mybikeplan.ch\/de\/?s={search_term_string}"},"query-input":{"@type":"PropertyValueSpecification","valueRequired":true,"valueName":"search_term_string"}}],"inLanguage":"de"}]}},"_links":{"self":[{"href":"https:\/\/listings.mybikeplan.ch\/de\/wp-json\/wp\/v2\/product\/60519","targetHints":{"allow":["GET"]}}],"collection":[{"href":"https:\/\/listings.mybikeplan.ch\/de\/wp-json\/wp\/v2\/product"}],"about":[{"href":"https:\/\/listings.mybikeplan.ch\/de\/wp-json\/wp\/v2\/types\/product"}],"replies":[{"embeddable":true,"href":"https:\/\/listings.mybikeplan.ch\/de\/wp-json\/wp\/v2\/comments?post=60519"}],"acf:post":[{"embeddable":true,"href":"https:\/\/listings.mybikeplan.ch\/de\/wp-json\/wp\/v2\/product\/60661"},{"embeddable":true,"href":"https:\/\/listings.mybikeplan.ch\/de\/wp-json\/wp\/v2\/product\/60391"}],"wp:featuredmedia":[{"embeddable":true,"href":"https:\/\/listings.mybikeplan.ch\/de\/wp-json\/wp\/v2\/media\/60736"}],"wp:attachment":[{"href":"https:\/\/listings.mybikeplan.ch\/de\/wp-json\/wp\/v2\/media?parent=60519"}],"wp:term":[{"taxonomy":"product_brand","embeddable":true,"href":"https:\/\/listings.mybikeplan.ch\/de\/wp-json\/wp\/v2\/product_brand?post=60519"},{"taxonomy":"product_cat","embeddable":true,"href":"https:\/\/listings.mybikeplan.ch\/de\/wp-json\/wp\/v2\/product_cat?post=60519"},{"taxonomy":"product_tag","embeddable":true,"href":"https:\/\/listings.mybikeplan.ch\/de\/wp-json\/wp\/v2\/product_tag?post=60519"}],"curies":[{"name":"wp","href":"https:\/\/api.w.org\/{rel}","templated":true}]}}