{"id":60216,"date":"2024-04-02T08:50:08","date_gmt":"2024-04-02T08:50:08","guid":{"rendered":"https:\/\/listings.mybikeplan.ch\/?post_type=product&#038;p=60216"},"modified":"2024-12-19T16:07:26","modified_gmt":"2024-12-19T16:07:26","slug":"cresta-efiore-pink","status":"publish","type":"product","link":"https:\/\/listings.mybikeplan.ch\/de\/produkt\/cresta-efiore-pink\/","title":{"rendered":"Cresta eFiore"},"content":{"rendered":"<h2><b>Das Wichtigste zum Cresta eFiore:\u00a0<\/b><\/h2>\n<ul>\n<li>L\u00e4ssiges Trekking E-Bike<\/li>\n<li>Retro-Stil<\/li>\n<li>Integrierter Gep\u00e4cktr\u00e4ger vorne und hinten<\/li>\n<\/ul>\n<h2><b>Das <\/b><b>Cresta eFiore <\/b><b>ist perfekt f\u00fcr dich, wenn Du:<\/b><\/h2>\n<ul>\n<li>Auf Schweizer Qualit\u00e4t setzen willst<\/li>\n<li>Gerne in der Stadt, aber auch mal auf Feldwegen unterwegs bist<\/li>\n<li>Ein stylisches E-Bike im Retro-Stil suchst<\/li>\n<\/ul>\n<h2><b>\u00a0Gr\u00f6ssenempfehlung:\u00a0<\/b><\/h2>\n<ul>\n<li>S\/M = 160 &#8211; 172 cm<\/li>\n<li>M\/L = 170 &#8211; 183 cm<\/li>\n<\/ul>\n","protected":false},"excerpt":{"rendered":"<h2>Cresta eFiore<\/h2>\n<p>Mit dem neuen Bosch Performance Line SX Motor ist das Cresta eFiore eine ausgesprochen schlanke, elegante Erscheinung. Der Motor ist so schmal, dass er seitlich nicht aus dem Rahmen herausragt, erreicht aber eine Spitzenleistung von 600 W bei einem Drehmoment von 55 Nm. Bedient wird der Motor vom Lenkergriff aus, mithilfe des Bosch Purion 200 Lenkerdisplays. Auch der schlanke, aber leistungsstarke Bosch Powertube 400 Wh verschwindet unauff\u00e4llig im Unterrohr. Optional l\u00e4sst sich die Reichweite mit einem Bosch Range Extender erweitern.<\/p>\n<p>F\u00fcr einen l\u00e4ssigen, entspannten Auftritt sorgen beim Cresta eFiore die aufrechte Sitzhaltung und die breiten Pneus, die Unebenheiten wie beispielsweise Kopfsteinpflaster locker schlucken. Ein echter Hingucker ist der vordere Gep\u00e4cktr\u00e4ger, der in den Rahmen integriert und in derselben Farbe lackiert ist. Er kann mit bis zu 8 kg belastet werden und erg\u00e4nzt den hinten montierten Systemgep\u00e4cktr\u00e4ger (belastbar bis 25 kg) perfekt. Der leistungsstarke Scheinwerfer ist am Lenker montiert. Auf diese Weise wird die Fahrbahn homogen ausgeleuchtet, ohne dass das Vorderrad einen st\u00f6renden Schatten wirft. Das R\u00fccklicht ist in das hintere Schutzblech integriert.<\/p>\n<h2>\u00dcber die Marke Cresta<\/h2>\n<p>Effizient, umweltfreundlich und stilvoll: Das sind Cresta E-Bikes. Die Marke hat es sich zum Ziel gesetzt, Dir ein fantastisches Fahrgef\u00fchl zu bieten, w\u00e4hrend Du gleichzeitig ganz bequem Deinen \u00f6kologischen Fussabdruck verringerst. Seit 1898 ist die Schweizer Traditionsmarke f\u00fcr Velofahrer*innen und ihre W\u00fcnsche da und \u00fcberzeugt rundum mit Qualit\u00e4t und Hochwertigkeit.<\/p>\n","protected":false},"featured_media":60368,"comment_status":"open","ping_status":"closed","template":"","meta":{"_acf_changed":false},"product_brand":[],"product_cat":[583,15,578,2089,23,579,3543,4481,10428,7789,580],"product_tag":[],"class_list":{"0":"post-60216","1":"product","2":"type-product","3":"status-publish","4":"has-post-thumbnail","6":"product_cat-25-km","7":"product_cat-alle-e-bikes","8":"product_cat-damen","9":"product_cat-e-bikes","10":"product_cat-e-trekking","11":"product_cat-herren","12":"product_cat-marke-cresta","13":"product_cat-mybikeplan","14":"product_cat-rosa","15":"product_cat-swiss-made","16":"product_cat-wave","17":"pa_battery-bosch-powertube-400wh","18":"pa_battery-size-400-wh","19":"pa_brand-cresta","20":"pa_filters-color-pink","21":"pa_frame-variant-wave","22":"pa_hex-color-588aac-produkt-cresta-efiore-blue","23":"pa_hex-color-737373-produkt-cresta-efiore-grey","24":"pa_hex-color-d6b3b5","25":"pa_hex-color-f2f2f0-produkt-cresta-efiore-white","26":"pa_motor-bosch-g4-performance-cx-25km-h","27":"pa_motor-brand-bosch","28":"pa_rider-height-160-165-cm","29":"pa_rider-height-165-170-cm","30":"pa_rider-height-170-175-cm","31":"pa_rider-height-175-180-cm","32":"pa_seat-tube-length-m-l-50","33":"pa_seat-tube-length-s-m-46","34":"pa_sizes-m-l","35":"pa_sizes-s-m","36":"pa_speed-25-km-stunde","37":"pa_weight-27-kg","38":"pa_wheel-size-28-2","40":"first","41":"instock","42":"shipping-taxable","43":"purchasable","44":"product-type-variable"},"acf":{"short_description":"Gediegen. Elegant. L\u00e4ssig. Kultiviert: Das Cresta eFiore hat einfach alles, um Dein perfekter Alltagsbegleiter zu sein!","bike_name":"Cresta eFiore","highlight_text":"","frame":[60346,60216],"battery_size":"","motor_strength":""},"yoast_head":"<!-- This site is optimized with the Yoast SEO plugin v24.5 - https:\/\/yoast.com\/wordpress\/plugins\/seo\/ -->\n<title>Cresta eFiore | E-Bike Schweiz | 0% Ratenzahlung<\/title>\n<meta name=\"description\" content=\"Hol Dir das Cresta eFiore und zahle ganz bequem in monatlichen Raten mit 0 % Zins ab! Jetzt profitieren und sofort losfahren.\" \/>\n<meta name=\"robots\" content=\"noindex, follow, max-snippet:-1, max-image-preview:large, max-video-preview:-1\" \/>\n<meta property=\"og:locale\" content=\"de_DE\" \/>\n<meta property=\"og:type\" content=\"article\" \/>\n<meta property=\"og:title\" content=\"Cresta eFiore | E-Bike Schweiz | 0% Ratenzahlung\" \/>\n<meta property=\"og:description\" content=\"Hol Dir das Cresta eFiore und zahle ganz bequem in monatlichen Raten mit 0 % Zins ab! Jetzt profitieren und sofort losfahren.\" \/>\n<meta property=\"og:url\" content=\"https:\/\/listings.mybikeplan.ch\/de\/produkt\/cresta-efiore-pink\/\" \/>\n<meta property=\"og:site_name\" content=\"MyBikePlan\" \/>\n<meta property=\"article:modified_time\" content=\"2024-12-19T16:07:26+00:00\" \/>\n<meta property=\"og:image\" content=\"https:\/\/listings.mybikeplan.ch\/wp-content\/uploads\/2024\/04\/Cresta-eFiore-4.jpg\" \/>\n\t<meta property=\"og:image:width\" content=\"1000\" \/>\n\t<meta property=\"og:image:height\" content=\"1000\" \/>\n\t<meta property=\"og:image:type\" content=\"image\/jpeg\" \/>\n<meta name=\"twitter:card\" content=\"summary_large_image\" \/>\n<meta name=\"twitter:label1\" content=\"Gesch\u00e4tzte Lesezeit\" \/>\n\t<meta name=\"twitter:data1\" content=\"1\u00a0Minute\" \/>\n<script type=\"application\/ld+json\" class=\"yoast-schema-graph\">{\"@context\":\"https:\/\/schema.org\",\"@graph\":[{\"@type\":\"WebPage\",\"@id\":\"https:\/\/listings.mybikeplan.ch\/de\/produkt\/cresta-efiore-pink\/\",\"url\":\"https:\/\/listings.mybikeplan.ch\/de\/produkt\/cresta-efiore-pink\/\",\"name\":\"Cresta eFiore | E-Bike Schweiz | 0% Ratenzahlung\",\"isPartOf\":{\"@id\":\"https:\/\/listings.mybikeplan.ch\/de\/#website\"},\"primaryImageOfPage\":{\"@id\":\"https:\/\/listings.mybikeplan.ch\/de\/produkt\/cresta-efiore-pink\/#primaryimage\"},\"image\":{\"@id\":\"https:\/\/listings.mybikeplan.ch\/de\/produkt\/cresta-efiore-pink\/#primaryimage\"},\"thumbnailUrl\":\"https:\/\/listings.mybikeplan.ch\/wp-content\/uploads\/2024\/04\/Cresta-eFiore-4.jpg\",\"datePublished\":\"2024-04-02T08:50:08+00:00\",\"dateModified\":\"2024-12-19T16:07:26+00:00\",\"description\":\"Hol Dir das Cresta eFiore und zahle ganz bequem in monatlichen Raten mit 0 % Zins ab! Jetzt profitieren und sofort losfahren.\",\"breadcrumb\":{\"@id\":\"https:\/\/listings.mybikeplan.ch\/de\/produkt\/cresta-efiore-pink\/#breadcrumb\"},\"inLanguage\":\"de\",\"potentialAction\":[{\"@type\":\"ReadAction\",\"target\":[\"https:\/\/listings.mybikeplan.ch\/de\/produkt\/cresta-efiore-pink\/\"]}]},{\"@type\":\"ImageObject\",\"inLanguage\":\"de\",\"@id\":\"https:\/\/listings.mybikeplan.ch\/de\/produkt\/cresta-efiore-pink\/#primaryimage\",\"url\":\"https:\/\/listings.mybikeplan.ch\/wp-content\/uploads\/2024\/04\/Cresta-eFiore-4.jpg\",\"contentUrl\":\"https:\/\/listings.mybikeplan.ch\/wp-content\/uploads\/2024\/04\/Cresta-eFiore-4.jpg\",\"width\":1000,\"height\":1000},{\"@type\":\"BreadcrumbList\",\"@id\":\"https:\/\/listings.mybikeplan.ch\/de\/produkt\/cresta-efiore-pink\/#breadcrumb\",\"itemListElement\":[{\"@type\":\"ListItem\",\"position\":1,\"name\":\"Home\",\"item\":\"https:\/\/listings.mybikeplan.ch\/de\/\"},{\"@type\":\"ListItem\",\"position\":2,\"name\":\"Cresta eFiore\"}]},{\"@type\":\"WebSite\",\"@id\":\"https:\/\/listings.mybikeplan.ch\/de\/#website\",\"url\":\"https:\/\/listings.mybikeplan.ch\/de\/\",\"name\":\"MyBikePlan\",\"description\":\"\",\"potentialAction\":[{\"@type\":\"SearchAction\",\"target\":{\"@type\":\"EntryPoint\",\"urlTemplate\":\"https:\/\/listings.mybikeplan.ch\/de\/?s={search_term_string}\"},\"query-input\":{\"@type\":\"PropertyValueSpecification\",\"valueRequired\":true,\"valueName\":\"search_term_string\"}}],\"inLanguage\":\"de\"}]}<\/script>\n<!-- \/ Yoast SEO plugin. -->","yoast_head_json":{"title":"Cresta eFiore | E-Bike Schweiz | 0% Ratenzahlung","description":"Hol Dir das Cresta eFiore und zahle ganz bequem in monatlichen Raten mit 0 % Zins ab! Jetzt profitieren und sofort losfahren.","robots":{"index":"noindex","follow":"follow","max-snippet":"max-snippet:-1","max-image-preview":"max-image-preview:large","max-video-preview":"max-video-preview:-1"},"og_locale":"de_DE","og_type":"article","og_title":"Cresta eFiore | E-Bike Schweiz | 0% Ratenzahlung","og_description":"Hol Dir das Cresta eFiore und zahle ganz bequem in monatlichen Raten mit 0 % Zins ab! Jetzt profitieren und sofort losfahren.","og_url":"https:\/\/listings.mybikeplan.ch\/de\/produkt\/cresta-efiore-pink\/","og_site_name":"MyBikePlan","article_modified_time":"2024-12-19T16:07:26+00:00","og_image":[{"width":1000,"height":1000,"url":"https:\/\/listings.mybikeplan.ch\/wp-content\/uploads\/2024\/04\/Cresta-eFiore-4.jpg","type":"image\/jpeg"}],"twitter_card":"summary_large_image","twitter_misc":{"Gesch\u00e4tzte Lesezeit":"1\u00a0Minute"},"schema":{"@context":"https:\/\/schema.org","@graph":[{"@type":"WebPage","@id":"https:\/\/listings.mybikeplan.ch\/de\/produkt\/cresta-efiore-pink\/","url":"https:\/\/listings.mybikeplan.ch\/de\/produkt\/cresta-efiore-pink\/","name":"Cresta eFiore | E-Bike Schweiz | 0% Ratenzahlung","isPartOf":{"@id":"https:\/\/listings.mybikeplan.ch\/de\/#website"},"primaryImageOfPage":{"@id":"https:\/\/listings.mybikeplan.ch\/de\/produkt\/cresta-efiore-pink\/#primaryimage"},"image":{"@id":"https:\/\/listings.mybikeplan.ch\/de\/produkt\/cresta-efiore-pink\/#primaryimage"},"thumbnailUrl":"https:\/\/listings.mybikeplan.ch\/wp-content\/uploads\/2024\/04\/Cresta-eFiore-4.jpg","datePublished":"2024-04-02T08:50:08+00:00","dateModified":"2024-12-19T16:07:26+00:00","description":"Hol Dir das Cresta eFiore und zahle ganz bequem in monatlichen Raten mit 0 % Zins ab! Jetzt profitieren und sofort losfahren.","breadcrumb":{"@id":"https:\/\/listings.mybikeplan.ch\/de\/produkt\/cresta-efiore-pink\/#breadcrumb"},"inLanguage":"de","potentialAction":[{"@type":"ReadAction","target":["https:\/\/listings.mybikeplan.ch\/de\/produkt\/cresta-efiore-pink\/"]}]},{"@type":"ImageObject","inLanguage":"de","@id":"https:\/\/listings.mybikeplan.ch\/de\/produkt\/cresta-efiore-pink\/#primaryimage","url":"https:\/\/listings.mybikeplan.ch\/wp-content\/uploads\/2024\/04\/Cresta-eFiore-4.jpg","contentUrl":"https:\/\/listings.mybikeplan.ch\/wp-content\/uploads\/2024\/04\/Cresta-eFiore-4.jpg","width":1000,"height":1000},{"@type":"BreadcrumbList","@id":"https:\/\/listings.mybikeplan.ch\/de\/produkt\/cresta-efiore-pink\/#breadcrumb","itemListElement":[{"@type":"ListItem","position":1,"name":"Home","item":"https:\/\/listings.mybikeplan.ch\/de\/"},{"@type":"ListItem","position":2,"name":"Cresta eFiore"}]},{"@type":"WebSite","@id":"https:\/\/listings.mybikeplan.ch\/de\/#website","url":"https:\/\/listings.mybikeplan.ch\/de\/","name":"MyBikePlan","description":"","potentialAction":[{"@type":"SearchAction","target":{"@type":"EntryPoint","urlTemplate":"https:\/\/listings.mybikeplan.ch\/de\/?s={search_term_string}"},"query-input":{"@type":"PropertyValueSpecification","valueRequired":true,"valueName":"search_term_string"}}],"inLanguage":"de"}]}},"_links":{"self":[{"href":"https:\/\/listings.mybikeplan.ch\/de\/wp-json\/wp\/v2\/product\/60216","targetHints":{"allow":["GET"]}}],"collection":[{"href":"https:\/\/listings.mybikeplan.ch\/de\/wp-json\/wp\/v2\/product"}],"about":[{"href":"https:\/\/listings.mybikeplan.ch\/de\/wp-json\/wp\/v2\/types\/product"}],"replies":[{"embeddable":true,"href":"https:\/\/listings.mybikeplan.ch\/de\/wp-json\/wp\/v2\/comments?post=60216"}],"acf:post":[{"embeddable":true,"href":"https:\/\/listings.mybikeplan.ch\/de\/wp-json\/wp\/v2\/product\/60216"},{"embeddable":true,"href":"https:\/\/listings.mybikeplan.ch\/de\/wp-json\/wp\/v2\/product\/60346"}],"wp:featuredmedia":[{"embeddable":true,"href":"https:\/\/listings.mybikeplan.ch\/de\/wp-json\/wp\/v2\/media\/60368"}],"wp:attachment":[{"href":"https:\/\/listings.mybikeplan.ch\/de\/wp-json\/wp\/v2\/media?parent=60216"}],"wp:term":[{"taxonomy":"product_brand","embeddable":true,"href":"https:\/\/listings.mybikeplan.ch\/de\/wp-json\/wp\/v2\/product_brand?post=60216"},{"taxonomy":"product_cat","embeddable":true,"href":"https:\/\/listings.mybikeplan.ch\/de\/wp-json\/wp\/v2\/product_cat?post=60216"},{"taxonomy":"product_tag","embeddable":true,"href":"https:\/\/listings.mybikeplan.ch\/de\/wp-json\/wp\/v2\/product_tag?post=60216"}],"curies":[{"name":"wp","href":"https:\/\/api.w.org\/{rel}","templated":true}]}}