{"id":60091,"date":"2024-03-27T16:30:18","date_gmt":"2024-03-27T16:30:18","guid":{"rendered":"https:\/\/listings.mybikeplan.ch\/?post_type=product&#038;p=60091"},"modified":"2024-05-07T08:51:12","modified_gmt":"2024-05-07T08:51:12","slug":"thoemus-swissrider-urban-red","status":"publish","type":"product","link":"https:\/\/listings.mybikeplan.ch\/de\/produkt\/thoemus-swissrider-urban-red\/","title":{"rendered":"Th\u00f6mus Swissrider Urban"},"content":{"rendered":"<h2><b>Das Wichtigste zum Th\u00f6mus Swissrider Urban:\u00a0<\/b><\/h2>\n<ul>\n<li style=\"font-weight: 400;\" aria-level=\"1\">Futuristisches Design<\/li>\n<li aria-level=\"1\">von der Schweizer Kultmarke Th\u00f6mus<\/li>\n<li aria-level=\"1\">ein extra leichtes E-Bike<\/li>\n<\/ul>\n<h2><b>Das Th\u00f6mus Swissrider Urban ist perfekt f\u00fcr Dich, wenn Du:<\/b><\/h2>\n<ul>\n<li aria-level=\"1\">in der Stadt lebst<\/li>\n<li aria-level=\"1\">nach einem E-Bike f\u00fcr das Pendeln und den Alltag suchst<\/li>\n<li aria-level=\"1\">auf eine innovative Marke setzen willst<\/li>\n<\/ul>\n<h2><b>Gr\u00f6ssenempfehlung:<\/b><\/h2>\n<ul>\n<li>S = 165 &#8211; 169 cm<\/li>\n<li>M = 170 &#8211; 175 cm<\/li>\n<li>L = 176 &#8211; 185 cm<\/li>\n<\/ul>\n","protected":false},"excerpt":{"rendered":"<h2>Th\u00f6mus Swissrider Urban<\/h2>\n<p>Die Basis des Swissrider: der ultraleichte Karbonrahmen mit maxon-Motor. Antriebs-Technologie die bereits im Weltraum \u00fcberzeugt hat. Mit einem absoluten Leichtgewicht das wohl flinkste E-Alltagsvelo. Raus aus der Wohnung, rassig ins Stadtzentrum, rein in den Zug, hinauf auf den Hausberg, ab auf die Schotterstrasse, gemeinsam auf die Flanierrunde. Der Th\u00f6mus Swissrider \u00f6ffnet neue Horizonte.<\/p>\n<h2><b>\u00dcber die Marke Th\u00f6mus<\/b><\/h2>\n<p>Bereits seit \u00fcber 30 Jahren steht Th\u00f6mus f\u00fcr Velo-Hightech aus der Schweiz. Seit vier Jahren setzt auch Olympiamedaillengewinner Mathias Fl\u00fcckiger auf den Berner Brand. \u00abSwiss made to fascinate\u00bb schreibt sich das Unternehmen auf die Fahne und trumpft dadurch auch mitten im Veloboom mit schnellsten Lieferzeiten auf.<\/p>\n","protected":false},"featured_media":60099,"comment_status":"open","ping_status":"closed","template":"","meta":{"_acf_changed":false},"product_brand":[],"product_cat":[583,15,578,582,2089,21,8929,4481,3252,7789],"product_tag":[],"class_list":{"0":"post-60091","1":"product","2":"type-product","3":"status-publish","4":"has-post-thumbnail","6":"product_cat-25-km","7":"product_cat-alle-e-bikes","8":"product_cat-damen","9":"product_cat-diamant","10":"product_cat-e-bikes","11":"product_cat-e-urban","12":"product_cat-marke-thoemus","13":"product_cat-mybikeplan","14":"product_cat-rot","15":"product_cat-swiss-made","16":"pa_brand-thoemus","17":"pa_filters-color-rot","18":"pa_fork-starrgabel-swissrider-carbon","19":"pa_hex-color-3f4041-produkt-thoemus-swissrider-urban-grey","20":"pa_hex-color-c9504e","21":"pa_hex-color-ceccc3-produkt-thoemus-swissrider-urban-beige","22":"pa_rider-height-165-170-cm","23":"pa_rider-height-170-175-cm","24":"pa_rider-height-175-180-cm","25":"pa_rider-height-180-185-cm","26":"pa_seat-tube-length-l","27":"pa_seat-tube-length-m","28":"pa_seat-tube-length-s-2","29":"pa_sizes-l","30":"pa_sizes-m","31":"pa_sizes-s","33":"first","34":"instock","35":"shipping-taxable","36":"purchasable","37":"product-type-variable"},"acf":{"short_description":"Das E-Velo f\u00fcrs Leben. Das Urbanbike der n\u00e4chsten Generation. Futuristisches Design, integriertes elektrisches maxon-Antriebssystem, filigraner Karbonrahmen. Unvergleichlich leichter Begleiter f\u00fcr Bahn und B\u00fcro.","bike_name":"Th\u00f6mus Swissrider Urban","highlight_text":"","frame":"","battery_size":"","motor_strength":""},"yoast_head":"<!-- This site is optimized with the Yoast SEO plugin v24.5 - https:\/\/yoast.com\/wordpress\/plugins\/seo\/ -->\n<title>Th\u00f6mus Swissrider Urban | E-Bike Schweiz | 0 % Zins<\/title>\n<meta name=\"description\" content=\"Bestelle jetzt das Th\u00f6mus Swissrider Urban E-Bike! Zahle mit zinsfreier Ratenzahlung und geniesse unsere gratis Heimlieferung.\" \/>\n<meta name=\"robots\" content=\"noindex, follow, max-snippet:-1, max-image-preview:large, max-video-preview:-1\" \/>\n<meta property=\"og:locale\" content=\"de_DE\" \/>\n<meta property=\"og:type\" content=\"article\" \/>\n<meta property=\"og:title\" content=\"Th\u00f6mus Swissrider Urban | E-Bike Schweiz | 0 % Zins\" \/>\n<meta property=\"og:description\" content=\"Bestelle jetzt das Th\u00f6mus Swissrider Urban E-Bike! Zahle mit zinsfreier Ratenzahlung und geniesse unsere gratis Heimlieferung.\" \/>\n<meta property=\"og:url\" content=\"https:\/\/listings.mybikeplan.ch\/de\/produkt\/thoemus-swissrider-urban-red\/\" \/>\n<meta property=\"og:site_name\" content=\"MyBikePlan\" \/>\n<meta property=\"article:modified_time\" content=\"2024-05-07T08:51:12+00:00\" \/>\n<meta property=\"og:image\" content=\"https:\/\/listings.mybikeplan.ch\/wp-content\/uploads\/2024\/03\/Thomus-Swissrider-Urban-3-1.jpg\" \/>\n\t<meta property=\"og:image:width\" content=\"1000\" \/>\n\t<meta property=\"og:image:height\" content=\"1000\" \/>\n\t<meta property=\"og:image:type\" content=\"image\/jpeg\" \/>\n<meta name=\"twitter:card\" content=\"summary_large_image\" \/>\n<meta name=\"twitter:label1\" content=\"Gesch\u00e4tzte Lesezeit\" \/>\n\t<meta name=\"twitter:data1\" content=\"1\u00a0Minute\" \/>\n<script type=\"application\/ld+json\" class=\"yoast-schema-graph\">{\"@context\":\"https:\/\/schema.org\",\"@graph\":[{\"@type\":\"WebPage\",\"@id\":\"https:\/\/listings.mybikeplan.ch\/de\/produkt\/thoemus-swissrider-urban-red\/\",\"url\":\"https:\/\/listings.mybikeplan.ch\/de\/produkt\/thoemus-swissrider-urban-red\/\",\"name\":\"Th\u00f6mus Swissrider Urban | E-Bike Schweiz | 0 % Zins\",\"isPartOf\":{\"@id\":\"https:\/\/listings.mybikeplan.ch\/de\/#website\"},\"primaryImageOfPage\":{\"@id\":\"https:\/\/listings.mybikeplan.ch\/de\/produkt\/thoemus-swissrider-urban-red\/#primaryimage\"},\"image\":{\"@id\":\"https:\/\/listings.mybikeplan.ch\/de\/produkt\/thoemus-swissrider-urban-red\/#primaryimage\"},\"thumbnailUrl\":\"https:\/\/listings.mybikeplan.ch\/wp-content\/uploads\/2024\/03\/Thomus-Swissrider-Urban-3-1.jpg\",\"datePublished\":\"2024-03-27T16:30:18+00:00\",\"dateModified\":\"2024-05-07T08:51:12+00:00\",\"description\":\"Bestelle jetzt das Th\u00f6mus Swissrider Urban E-Bike! Zahle mit zinsfreier Ratenzahlung und geniesse unsere gratis Heimlieferung.\",\"breadcrumb\":{\"@id\":\"https:\/\/listings.mybikeplan.ch\/de\/produkt\/thoemus-swissrider-urban-red\/#breadcrumb\"},\"inLanguage\":\"de\",\"potentialAction\":[{\"@type\":\"ReadAction\",\"target\":[\"https:\/\/listings.mybikeplan.ch\/de\/produkt\/thoemus-swissrider-urban-red\/\"]}]},{\"@type\":\"ImageObject\",\"inLanguage\":\"de\",\"@id\":\"https:\/\/listings.mybikeplan.ch\/de\/produkt\/thoemus-swissrider-urban-red\/#primaryimage\",\"url\":\"https:\/\/listings.mybikeplan.ch\/wp-content\/uploads\/2024\/03\/Thomus-Swissrider-Urban-3-1.jpg\",\"contentUrl\":\"https:\/\/listings.mybikeplan.ch\/wp-content\/uploads\/2024\/03\/Thomus-Swissrider-Urban-3-1.jpg\",\"width\":1000,\"height\":1000},{\"@type\":\"BreadcrumbList\",\"@id\":\"https:\/\/listings.mybikeplan.ch\/de\/produkt\/thoemus-swissrider-urban-red\/#breadcrumb\",\"itemListElement\":[{\"@type\":\"ListItem\",\"position\":1,\"name\":\"Home\",\"item\":\"https:\/\/listings.mybikeplan.ch\/de\/\"},{\"@type\":\"ListItem\",\"position\":2,\"name\":\"Th\u00f6mus Swissrider Urban\"}]},{\"@type\":\"WebSite\",\"@id\":\"https:\/\/listings.mybikeplan.ch\/de\/#website\",\"url\":\"https:\/\/listings.mybikeplan.ch\/de\/\",\"name\":\"MyBikePlan\",\"description\":\"\",\"potentialAction\":[{\"@type\":\"SearchAction\",\"target\":{\"@type\":\"EntryPoint\",\"urlTemplate\":\"https:\/\/listings.mybikeplan.ch\/de\/?s={search_term_string}\"},\"query-input\":{\"@type\":\"PropertyValueSpecification\",\"valueRequired\":true,\"valueName\":\"search_term_string\"}}],\"inLanguage\":\"de\"}]}<\/script>\n<!-- \/ Yoast SEO plugin. -->","yoast_head_json":{"title":"Th\u00f6mus Swissrider Urban | E-Bike Schweiz | 0 % Zins","description":"Bestelle jetzt das Th\u00f6mus Swissrider Urban E-Bike! Zahle mit zinsfreier Ratenzahlung und geniesse unsere gratis Heimlieferung.","robots":{"index":"noindex","follow":"follow","max-snippet":"max-snippet:-1","max-image-preview":"max-image-preview:large","max-video-preview":"max-video-preview:-1"},"og_locale":"de_DE","og_type":"article","og_title":"Th\u00f6mus Swissrider Urban | E-Bike Schweiz | 0 % Zins","og_description":"Bestelle jetzt das Th\u00f6mus Swissrider Urban E-Bike! Zahle mit zinsfreier Ratenzahlung und geniesse unsere gratis Heimlieferung.","og_url":"https:\/\/listings.mybikeplan.ch\/de\/produkt\/thoemus-swissrider-urban-red\/","og_site_name":"MyBikePlan","article_modified_time":"2024-05-07T08:51:12+00:00","og_image":[{"width":1000,"height":1000,"url":"https:\/\/listings.mybikeplan.ch\/wp-content\/uploads\/2024\/03\/Thomus-Swissrider-Urban-3-1.jpg","type":"image\/jpeg"}],"twitter_card":"summary_large_image","twitter_misc":{"Gesch\u00e4tzte Lesezeit":"1\u00a0Minute"},"schema":{"@context":"https:\/\/schema.org","@graph":[{"@type":"WebPage","@id":"https:\/\/listings.mybikeplan.ch\/de\/produkt\/thoemus-swissrider-urban-red\/","url":"https:\/\/listings.mybikeplan.ch\/de\/produkt\/thoemus-swissrider-urban-red\/","name":"Th\u00f6mus Swissrider Urban | E-Bike Schweiz | 0 % Zins","isPartOf":{"@id":"https:\/\/listings.mybikeplan.ch\/de\/#website"},"primaryImageOfPage":{"@id":"https:\/\/listings.mybikeplan.ch\/de\/produkt\/thoemus-swissrider-urban-red\/#primaryimage"},"image":{"@id":"https:\/\/listings.mybikeplan.ch\/de\/produkt\/thoemus-swissrider-urban-red\/#primaryimage"},"thumbnailUrl":"https:\/\/listings.mybikeplan.ch\/wp-content\/uploads\/2024\/03\/Thomus-Swissrider-Urban-3-1.jpg","datePublished":"2024-03-27T16:30:18+00:00","dateModified":"2024-05-07T08:51:12+00:00","description":"Bestelle jetzt das Th\u00f6mus Swissrider Urban E-Bike! Zahle mit zinsfreier Ratenzahlung und geniesse unsere gratis Heimlieferung.","breadcrumb":{"@id":"https:\/\/listings.mybikeplan.ch\/de\/produkt\/thoemus-swissrider-urban-red\/#breadcrumb"},"inLanguage":"de","potentialAction":[{"@type":"ReadAction","target":["https:\/\/listings.mybikeplan.ch\/de\/produkt\/thoemus-swissrider-urban-red\/"]}]},{"@type":"ImageObject","inLanguage":"de","@id":"https:\/\/listings.mybikeplan.ch\/de\/produkt\/thoemus-swissrider-urban-red\/#primaryimage","url":"https:\/\/listings.mybikeplan.ch\/wp-content\/uploads\/2024\/03\/Thomus-Swissrider-Urban-3-1.jpg","contentUrl":"https:\/\/listings.mybikeplan.ch\/wp-content\/uploads\/2024\/03\/Thomus-Swissrider-Urban-3-1.jpg","width":1000,"height":1000},{"@type":"BreadcrumbList","@id":"https:\/\/listings.mybikeplan.ch\/de\/produkt\/thoemus-swissrider-urban-red\/#breadcrumb","itemListElement":[{"@type":"ListItem","position":1,"name":"Home","item":"https:\/\/listings.mybikeplan.ch\/de\/"},{"@type":"ListItem","position":2,"name":"Th\u00f6mus Swissrider Urban"}]},{"@type":"WebSite","@id":"https:\/\/listings.mybikeplan.ch\/de\/#website","url":"https:\/\/listings.mybikeplan.ch\/de\/","name":"MyBikePlan","description":"","potentialAction":[{"@type":"SearchAction","target":{"@type":"EntryPoint","urlTemplate":"https:\/\/listings.mybikeplan.ch\/de\/?s={search_term_string}"},"query-input":{"@type":"PropertyValueSpecification","valueRequired":true,"valueName":"search_term_string"}}],"inLanguage":"de"}]}},"_links":{"self":[{"href":"https:\/\/listings.mybikeplan.ch\/de\/wp-json\/wp\/v2\/product\/60091","targetHints":{"allow":["GET"]}}],"collection":[{"href":"https:\/\/listings.mybikeplan.ch\/de\/wp-json\/wp\/v2\/product"}],"about":[{"href":"https:\/\/listings.mybikeplan.ch\/de\/wp-json\/wp\/v2\/types\/product"}],"replies":[{"embeddable":true,"href":"https:\/\/listings.mybikeplan.ch\/de\/wp-json\/wp\/v2\/comments?post=60091"}],"wp:featuredmedia":[{"embeddable":true,"href":"https:\/\/listings.mybikeplan.ch\/de\/wp-json\/wp\/v2\/media\/60099"}],"wp:attachment":[{"href":"https:\/\/listings.mybikeplan.ch\/de\/wp-json\/wp\/v2\/media?parent=60091"}],"wp:term":[{"taxonomy":"product_brand","embeddable":true,"href":"https:\/\/listings.mybikeplan.ch\/de\/wp-json\/wp\/v2\/product_brand?post=60091"},{"taxonomy":"product_cat","embeddable":true,"href":"https:\/\/listings.mybikeplan.ch\/de\/wp-json\/wp\/v2\/product_cat?post=60091"},{"taxonomy":"product_tag","embeddable":true,"href":"https:\/\/listings.mybikeplan.ch\/de\/wp-json\/wp\/v2\/product_tag?post=60091"}],"curies":[{"name":"wp","href":"https:\/\/api.w.org\/{rel}","templated":true}]}}