{"id":59885,"date":"2024-03-22T12:38:12","date_gmt":"2024-03-22T12:38:12","guid":{"rendered":"https:\/\/listings.mybikeplan.ch\/?post_type=product&#038;p=59885"},"modified":"2024-03-22T14:00:17","modified_gmt":"2024-03-22T14:00:17","slug":"matters-bett-180-x-200-cm-matratze-beige","status":"publish","type":"product","link":"https:\/\/listings.mybikeplan.ch\/de\/produkt\/matters-bett-180-x-200-cm-matratze-beige\/","title":{"rendered":"Set: Matters Bett + Matratze"},"content":{"rendered":"<h2><b>Matters Bett<\/b><b>:<\/b><\/h2>\n<ul class=\"bullet-points\">\n<li class=\"bullet-points__item\">Aufklappbarer Deckel mit Gasdruckfeder damit Du vom Stauraum profitieren kannst.<\/li>\n<li class=\"bullet-points__item\">Mit Taschen an den Seiten zur Aufbewahrung kleiner Gegenst\u00e4nde. Zieh am Ledergriff, um die Matte anzuheben.<\/li>\n<li class=\"bullet-points__item\">Der Bezug sollte kalt gewaschen werden. Der Rahmen kann mit einem feuchten Tuch gereinigt und sollte sofort getrocknet werden, um Flecken zu vermeiden.<\/li>\n<li class=\"bullet-points__item\">Schutzvorrichtungen aus Kunststoff, um den Boden nicht zu besch\u00e4digen oder zu zerkratzen. So kannst Du das Sofa m\u00fchelos umstellen, auch auf Parkettboden.<\/li>\n<li class=\"bullet-points__item\">Ideal f\u00fcr jeden Raum und vor allem f\u00fcr diejenigen, die nicht nur gut schlafen m\u00f6chten, sondern auch viel Stauraum brauchen.<\/li>\n<\/ul>\n<h2><b>Eva Matratze<\/b><b>:<\/b><\/h2>\n<ul>\n<li class=\"bullet-points__item\">Matratze Visco Air\u00ae, Adaptive Foam und Energex, sie ist atmungsaktiv und passt sich sofort an jede Stelle Deines K\u00f6rpers an.<\/li>\n<li class=\"bullet-points__item\">Das Sanitized\u00ae Zertifikat garantiert Schutz vor Bakterien und \u00d6ko-Tex\u00ae garantiert schadstofffreie Materialien.<\/li>\n<li class=\"bullet-points__item\">Lokale Produktion. In Europa in handwerklichen Verfahren hergestellt, wodurch der CO2 Aussto\u00df reduziert und die Umwelt weniger belastet wird.<\/li>\n<li class=\"bullet-points__item\">Material: A &#8211; Abnehmbarer Bezug. B &#8211; Visco Air\u00ae. C &#8211; Energex\u00ae Schaum. D &#8211; Adaptive-Soft Foam. E &#8211; Adaptive-Hard Foam. F &#8211; atmungsaktives 3D-Gewebe<\/li>\n<\/ul>\n<h2>So funktioniert MyHomePlan:<\/h2>\n<ul>\n<li>Finde die M\u00f6bel, die Dir gefallen. Wir beraten Dich gerne bei der Entscheidung.<\/li>\n<li>W\u00e4hle eine Ratenzahlung zwischen 6-36 Monaten. Auch eine Anzahlung ist m\u00f6glich.<\/li>\n<li>Wir senden Dir die M\u00f6bel gratis nach Hause.<\/li>\n<li>Die M\u00f6bel geh\u00f6ren von Tag 1 an Dir. Den Preis zahlst Du bequem \u00fcber die n\u00e4chsten Monate ab.<\/li>\n<\/ul>\n","protected":false},"excerpt":{"rendered":"<div class=\"details-row\">\n<div id=\"collapseMoreInformation\" class=\"show collapse\" aria-labelledby=\"headingOne\" data-parent=\"#product-information\">\n<div class=\"details-row\">\n<div id=\"collapseMoreInformation\" class=\"show collapse\" aria-labelledby=\"headingOne\" data-parent=\"#product-information\">\n<div class=\"details-row\">\n<div id=\"collapseMoreInformation\" class=\"show collapse\" aria-labelledby=\"headingOne\" data-parent=\"#product-information\">\n<div class=\"details-row\">\n<div id=\"collapseMoreInformation\" class=\"show collapse\" aria-labelledby=\"headingOne\" data-parent=\"#product-information\">\n<div class=\"details-row\">\n<div id=\"collapseMoreInformation\" class=\"show collapse\" aria-labelledby=\"headingOne\" data-parent=\"#product-information\">\n<div class=\"details-row\">\n<div id=\"collapseMoreInformation\" class=\"show collapse\" aria-labelledby=\"headingOne\" data-parent=\"#product-information\">\n<p>Vielseitigkeit und Design sind die Hauptdarsteller des Stauraumbetts Matters, mit minimalistischen Linien und schmutzabweisendem Stoff. Und das ist noch nicht alles! Die Bez\u00fcge sind abnehmbar, es ist einfach zu montieren und es hat einen gro\u00dfen Stauraum. Nach dem Aufbau schliesst es sich, wenn du die Matratze darauf legst. Magisch!<\/p>\n<\/div>\n<\/div>\n<div class=\"details-row\"><\/div>\n<\/div>\n<\/div>\n<\/div>\n<\/div>\n<\/div>\n<\/div>\n<\/div>\n<\/div>\n<\/div>\n<\/div>\n","protected":false},"featured_media":59893,"comment_status":"open","ping_status":"closed","template":"","meta":{"_acf_changed":false},"product_brand":[],"product_cat":[7145,4460,7142,4449,4447,4445],"product_tag":[],"class_list":{"0":"post-59885","1":"product","2":"type-product","3":"status-publish","4":"has-post-thumbnail","6":"product_cat-bett-set","7":"product_cat-betten","8":"product_cat-doppelbetten","9":"product_cat-marke-kave-home","10":"product_cat-marken-mysofaplan","11":"product_cat-mysofaplan","12":"pa_brand-kave-home","13":"pa_dimensions-36x180x200-cm","14":"pa_filters-color-beige","15":"pa_hex-color-000000-produkt-set-matters-bett-matratze-180-x-200-cm-schwarz","16":"pa_hex-color-9d9c98-produkt-set-matters-bett-matratze-180-x-200-cm-grau","17":"pa_hex-color-b4aea6","18":"pa_main-material-gewebe","19":"pa_materials-50-spanplatte-e0-20-acrylfasern-20-gewebe-10-stahl","20":"pa_mattress-size-180-x-200-cm","21":"pa_seat-tube-length-180-x-200-cm","22":"pa_weight-765-kg","24":"first","25":"instock","26":"shipping-taxable","27":"purchasable","28":"product-type-variable"},"acf":{"short_description":"Versch\u00f6nere Dein Schlafzimmer mit diesem praktischen Set. Es enth\u00e4lt:\r\n- Matters Bett\r\n- passende Matratze","bike_name":"Kave Home Matters Bettgestell","highlight_text":""},"yoast_head":"<!-- This site is optimized with the Yoast SEO plugin v24.5 - https:\/\/yoast.com\/wordpress\/plugins\/seo\/ -->\n<title>Kave Home Matters Bettgestell | Ab CHF 22 | Schweiz<\/title>\n<meta name=\"description\" content=\"Bestelle jetzt das Kave Home Matters Bett f\u00fcr Dein Zuhause! Zahle mit 0% Zins Ratenzahlung und geniesse unsere gratis Heimlieferung.\" \/>\n<meta name=\"robots\" content=\"noindex, follow, max-snippet:-1, max-image-preview:large, max-video-preview:-1\" \/>\n<meta property=\"og:locale\" content=\"de_DE\" \/>\n<meta property=\"og:type\" content=\"article\" \/>\n<meta property=\"og:title\" content=\"Kave Home Matters Bettgestell | Ab CHF 22 | Schweiz\" \/>\n<meta property=\"og:description\" content=\"Bestelle jetzt das Kave Home Matters Bett f\u00fcr Dein Zuhause! Zahle mit 0% Zins Ratenzahlung und geniesse unsere gratis Heimlieferung.\" \/>\n<meta property=\"og:url\" content=\"https:\/\/listings.mybikeplan.ch\/de\/produkt\/matters-bett-180-x-200-cm-matratze-beige\/\" \/>\n<meta property=\"og:site_name\" content=\"MyBikePlan\" \/>\n<meta property=\"article:modified_time\" content=\"2024-03-22T14:00:17+00:00\" \/>\n<meta property=\"og:image\" content=\"https:\/\/listings.mybikeplan.ch\/wp-content\/uploads\/2024\/03\/Set-Matters-Bett-Matratze-180-x-200-cm-beige.png\" \/>\n\t<meta property=\"og:image:width\" content=\"1080\" \/>\n\t<meta property=\"og:image:height\" content=\"1080\" \/>\n\t<meta property=\"og:image:type\" content=\"image\/png\" \/>\n<meta name=\"twitter:card\" content=\"summary_large_image\" \/>\n<meta name=\"twitter:label1\" content=\"Gesch\u00e4tzte Lesezeit\" \/>\n\t<meta name=\"twitter:data1\" content=\"1\u00a0Minute\" \/>\n<script type=\"application\/ld+json\" class=\"yoast-schema-graph\">{\"@context\":\"https:\/\/schema.org\",\"@graph\":[{\"@type\":\"WebPage\",\"@id\":\"https:\/\/listings.mybikeplan.ch\/de\/produkt\/matters-bett-180-x-200-cm-matratze-beige\/\",\"url\":\"https:\/\/listings.mybikeplan.ch\/de\/produkt\/matters-bett-180-x-200-cm-matratze-beige\/\",\"name\":\"Kave Home Matters Bettgestell | Ab CHF 22 | Schweiz\",\"isPartOf\":{\"@id\":\"https:\/\/listings.mybikeplan.ch\/de\/#website\"},\"primaryImageOfPage\":{\"@id\":\"https:\/\/listings.mybikeplan.ch\/de\/produkt\/matters-bett-180-x-200-cm-matratze-beige\/#primaryimage\"},\"image\":{\"@id\":\"https:\/\/listings.mybikeplan.ch\/de\/produkt\/matters-bett-180-x-200-cm-matratze-beige\/#primaryimage\"},\"thumbnailUrl\":\"https:\/\/listings.mybikeplan.ch\/wp-content\/uploads\/2024\/03\/Set-Matters-Bett-Matratze-180-x-200-cm-beige.png\",\"datePublished\":\"2024-03-22T12:38:12+00:00\",\"dateModified\":\"2024-03-22T14:00:17+00:00\",\"description\":\"Bestelle jetzt das Kave Home Matters Bett f\u00fcr Dein Zuhause! Zahle mit 0% Zins Ratenzahlung und geniesse unsere gratis Heimlieferung.\",\"breadcrumb\":{\"@id\":\"https:\/\/listings.mybikeplan.ch\/de\/produkt\/matters-bett-180-x-200-cm-matratze-beige\/#breadcrumb\"},\"inLanguage\":\"de\",\"potentialAction\":[{\"@type\":\"ReadAction\",\"target\":[\"https:\/\/listings.mybikeplan.ch\/de\/produkt\/matters-bett-180-x-200-cm-matratze-beige\/\"]}]},{\"@type\":\"ImageObject\",\"inLanguage\":\"de\",\"@id\":\"https:\/\/listings.mybikeplan.ch\/de\/produkt\/matters-bett-180-x-200-cm-matratze-beige\/#primaryimage\",\"url\":\"https:\/\/listings.mybikeplan.ch\/wp-content\/uploads\/2024\/03\/Set-Matters-Bett-Matratze-180-x-200-cm-beige.png\",\"contentUrl\":\"https:\/\/listings.mybikeplan.ch\/wp-content\/uploads\/2024\/03\/Set-Matters-Bett-Matratze-180-x-200-cm-beige.png\",\"width\":1080,\"height\":1080},{\"@type\":\"BreadcrumbList\",\"@id\":\"https:\/\/listings.mybikeplan.ch\/de\/produkt\/matters-bett-180-x-200-cm-matratze-beige\/#breadcrumb\",\"itemListElement\":[{\"@type\":\"ListItem\",\"position\":1,\"name\":\"Home\",\"item\":\"https:\/\/listings.mybikeplan.ch\/de\/\"},{\"@type\":\"ListItem\",\"position\":2,\"name\":\"Set: Matters Bett + Matratze\"}]},{\"@type\":\"WebSite\",\"@id\":\"https:\/\/listings.mybikeplan.ch\/de\/#website\",\"url\":\"https:\/\/listings.mybikeplan.ch\/de\/\",\"name\":\"MyBikePlan\",\"description\":\"\",\"potentialAction\":[{\"@type\":\"SearchAction\",\"target\":{\"@type\":\"EntryPoint\",\"urlTemplate\":\"https:\/\/listings.mybikeplan.ch\/de\/?s={search_term_string}\"},\"query-input\":{\"@type\":\"PropertyValueSpecification\",\"valueRequired\":true,\"valueName\":\"search_term_string\"}}],\"inLanguage\":\"de\"}]}<\/script>\n<!-- \/ Yoast SEO plugin. -->","yoast_head_json":{"title":"Kave Home Matters Bettgestell | Ab CHF 22 | Schweiz","description":"Bestelle jetzt das Kave Home Matters Bett f\u00fcr Dein Zuhause! Zahle mit 0% Zins Ratenzahlung und geniesse unsere gratis Heimlieferung.","robots":{"index":"noindex","follow":"follow","max-snippet":"max-snippet:-1","max-image-preview":"max-image-preview:large","max-video-preview":"max-video-preview:-1"},"og_locale":"de_DE","og_type":"article","og_title":"Kave Home Matters Bettgestell | Ab CHF 22 | Schweiz","og_description":"Bestelle jetzt das Kave Home Matters Bett f\u00fcr Dein Zuhause! Zahle mit 0% Zins Ratenzahlung und geniesse unsere gratis Heimlieferung.","og_url":"https:\/\/listings.mybikeplan.ch\/de\/produkt\/matters-bett-180-x-200-cm-matratze-beige\/","og_site_name":"MyBikePlan","article_modified_time":"2024-03-22T14:00:17+00:00","og_image":[{"width":1080,"height":1080,"url":"https:\/\/listings.mybikeplan.ch\/wp-content\/uploads\/2024\/03\/Set-Matters-Bett-Matratze-180-x-200-cm-beige.png","type":"image\/png"}],"twitter_card":"summary_large_image","twitter_misc":{"Gesch\u00e4tzte Lesezeit":"1\u00a0Minute"},"schema":{"@context":"https:\/\/schema.org","@graph":[{"@type":"WebPage","@id":"https:\/\/listings.mybikeplan.ch\/de\/produkt\/matters-bett-180-x-200-cm-matratze-beige\/","url":"https:\/\/listings.mybikeplan.ch\/de\/produkt\/matters-bett-180-x-200-cm-matratze-beige\/","name":"Kave Home Matters Bettgestell | Ab CHF 22 | Schweiz","isPartOf":{"@id":"https:\/\/listings.mybikeplan.ch\/de\/#website"},"primaryImageOfPage":{"@id":"https:\/\/listings.mybikeplan.ch\/de\/produkt\/matters-bett-180-x-200-cm-matratze-beige\/#primaryimage"},"image":{"@id":"https:\/\/listings.mybikeplan.ch\/de\/produkt\/matters-bett-180-x-200-cm-matratze-beige\/#primaryimage"},"thumbnailUrl":"https:\/\/listings.mybikeplan.ch\/wp-content\/uploads\/2024\/03\/Set-Matters-Bett-Matratze-180-x-200-cm-beige.png","datePublished":"2024-03-22T12:38:12+00:00","dateModified":"2024-03-22T14:00:17+00:00","description":"Bestelle jetzt das Kave Home Matters Bett f\u00fcr Dein Zuhause! Zahle mit 0% Zins Ratenzahlung und geniesse unsere gratis Heimlieferung.","breadcrumb":{"@id":"https:\/\/listings.mybikeplan.ch\/de\/produkt\/matters-bett-180-x-200-cm-matratze-beige\/#breadcrumb"},"inLanguage":"de","potentialAction":[{"@type":"ReadAction","target":["https:\/\/listings.mybikeplan.ch\/de\/produkt\/matters-bett-180-x-200-cm-matratze-beige\/"]}]},{"@type":"ImageObject","inLanguage":"de","@id":"https:\/\/listings.mybikeplan.ch\/de\/produkt\/matters-bett-180-x-200-cm-matratze-beige\/#primaryimage","url":"https:\/\/listings.mybikeplan.ch\/wp-content\/uploads\/2024\/03\/Set-Matters-Bett-Matratze-180-x-200-cm-beige.png","contentUrl":"https:\/\/listings.mybikeplan.ch\/wp-content\/uploads\/2024\/03\/Set-Matters-Bett-Matratze-180-x-200-cm-beige.png","width":1080,"height":1080},{"@type":"BreadcrumbList","@id":"https:\/\/listings.mybikeplan.ch\/de\/produkt\/matters-bett-180-x-200-cm-matratze-beige\/#breadcrumb","itemListElement":[{"@type":"ListItem","position":1,"name":"Home","item":"https:\/\/listings.mybikeplan.ch\/de\/"},{"@type":"ListItem","position":2,"name":"Set: Matters Bett + Matratze"}]},{"@type":"WebSite","@id":"https:\/\/listings.mybikeplan.ch\/de\/#website","url":"https:\/\/listings.mybikeplan.ch\/de\/","name":"MyBikePlan","description":"","potentialAction":[{"@type":"SearchAction","target":{"@type":"EntryPoint","urlTemplate":"https:\/\/listings.mybikeplan.ch\/de\/?s={search_term_string}"},"query-input":{"@type":"PropertyValueSpecification","valueRequired":true,"valueName":"search_term_string"}}],"inLanguage":"de"}]}},"_links":{"self":[{"href":"https:\/\/listings.mybikeplan.ch\/de\/wp-json\/wp\/v2\/product\/59885","targetHints":{"allow":["GET"]}}],"collection":[{"href":"https:\/\/listings.mybikeplan.ch\/de\/wp-json\/wp\/v2\/product"}],"about":[{"href":"https:\/\/listings.mybikeplan.ch\/de\/wp-json\/wp\/v2\/types\/product"}],"replies":[{"embeddable":true,"href":"https:\/\/listings.mybikeplan.ch\/de\/wp-json\/wp\/v2\/comments?post=59885"}],"wp:featuredmedia":[{"embeddable":true,"href":"https:\/\/listings.mybikeplan.ch\/de\/wp-json\/wp\/v2\/media\/59893"}],"wp:attachment":[{"href":"https:\/\/listings.mybikeplan.ch\/de\/wp-json\/wp\/v2\/media?parent=59885"}],"wp:term":[{"taxonomy":"product_brand","embeddable":true,"href":"https:\/\/listings.mybikeplan.ch\/de\/wp-json\/wp\/v2\/product_brand?post=59885"},{"taxonomy":"product_cat","embeddable":true,"href":"https:\/\/listings.mybikeplan.ch\/de\/wp-json\/wp\/v2\/product_cat?post=59885"},{"taxonomy":"product_tag","embeddable":true,"href":"https:\/\/listings.mybikeplan.ch\/de\/wp-json\/wp\/v2\/product_tag?post=59885"}],"curies":[{"name":"wp","href":"https:\/\/api.w.org\/{rel}","templated":true}]}}