{"id":59753,"date":"2024-03-14T12:18:25","date_gmt":"2024-03-14T12:18:25","guid":{"rendered":"https:\/\/listings.mybikeplan.ch\/?post_type=product&#038;p=59753"},"modified":"2024-09-23T09:11:42","modified_gmt":"2024-09-23T09:11:42","slug":"specter-1-green","status":"publish","type":"product","link":"https:\/\/listings.mybikeplan.ch\/de\/produkt\/specter-1-green\/","title":{"rendered":"Specter 1"},"content":{"rendered":"<h2><b>Das Wichtigste zum Specter 1:\u00a0<\/b><\/h2>\n<ul>\n<li style=\"font-weight: 400;\" aria-level=\"1\">Das leichteste S-Pedelec auf dem Markt: gerade mal 20 kg!<\/li>\n<li aria-level=\"1\">Geschwindigkeiten von bis zu 45 km\/h<\/li>\n<li aria-level=\"1\">futuristisches Design<\/li>\n<\/ul>\n<h2><b>Das Specter 1 ist perfekt f\u00fcr Dich, wenn Du:<\/b><\/h2>\n<ul>\n<li aria-level=\"1\">in der Stadt lebst<\/li>\n<li aria-level=\"1\">nach einem Hochgeschwindigkeitsbike f\u00fcr das Pendeln und den Alltag suchst<\/li>\n<li aria-level=\"1\">auf eine neue, innovative Marke setzen willst<\/li>\n<\/ul>\n<p>&nbsp;<\/p>\n<p>Gr\u00f6ssere Version des Sepcter 1S.<\/p>\n","protected":false},"excerpt":{"rendered":"<h2>Specter 1<\/h2>\n<p>D\u00fcrfen wir vorstellen? Das Specter 1, das leichteste S-Pedelec auf dem Markt.<\/p>\n<p>Wir bei MyBikePlan sind die Ersten, die dieses innovative neue E-Bike in der Schweiz anbieten!<\/p>\n<p>Das Specter 1 besteht aus Kohlefaser f\u00fcr ultimative Man\u00f6vrierf\u00e4higkeit und mit einem intuitiven Mittelantriebsmotor. Vom Antriebsstrang bis zum Cockpit; das Specter kombiniert aussergew\u00f6hnliches Design mit unvergleichlicher Ausstattung, Handhabung und Leistung. Mit dem eingebauten HD-Display hast Du alle Informationen stets im \u00dcberblick.<\/p>\n<p>Im Lieferumfang enthalten: Gep\u00e4cktr\u00e4ger<\/p>\n<h2><b>\u00dcber die Marke Spectre<\/b><\/h2>\n<p>Vom Antriebsstrang bis zum Cockpit: Specter kombiniert aussergew\u00f6hnliches Design mit unvergleichlicher Ausstattung der Handhabung und Leistung bei S-Pedelecs. Die Marke mit Sitz in Belgien hat erst vor Kurzem den Sprung in die Schweiz gewagt. Specter entwickelt die meisten seiner Komponenten selbst. Die meisten Komponenten wird man daher nicht so schnell auf einem anderen E-Bike finden. Ausserdem werden alle Specter in den eigenen Fabriken in Flandern, Belgien, gebaut.<\/p>\n","protected":false},"featured_media":59757,"comment_status":"open","ping_status":"closed","template":"","meta":{"_acf_changed":false},"product_brand":[],"product_cat":[584,15,578,582,2089,21,3249,8886,4481],"product_tag":[],"class_list":{"0":"post-59753","1":"product","2":"type-product","3":"status-publish","4":"has-post-thumbnail","6":"product_cat-45-km","7":"product_cat-alle-e-bikes","8":"product_cat-damen","9":"product_cat-diamant","10":"product_cat-e-bikes","11":"product_cat-e-urban","12":"product_cat-gruen","13":"product_cat-marke-specter","14":"product_cat-mybikeplan","15":"pa_battery-750-wh","16":"pa_battery-size-750-wh","17":"pa_brakes-trp-4-piston-disc-brake","18":"pa_brand-specter","19":"pa_filters-color-gruen","20":"pa_frame-variant-diamant","21":"pa_gear-change-enviolo-heavy-duty","22":"pa_gears-6-gaenge","23":"pa_hex-color-60a785","24":"pa_hex-color-6b6b6d-produkt-specter-1-dark-grey","25":"pa_hex-color-6c1213-produkt-specter-1-red","26":"pa_hex-color-b8b7b7-produkt-specter-1-light-grey","27":"pa_max-weight-135-kg","28":"pa_motor-sachs-rs-730w-110-nm","29":"pa_range-90-km","30":"pa_rider-height-165-170-cm","31":"pa_rider-height-170-175-cm","32":"pa_rider-height-175-180-cm","33":"pa_rider-height-180-185-cm","34":"pa_rider-height-185-190-cm","35":"pa_seat-tube-length-uni-size","36":"pa_speed-45-km-stunde","37":"pa_weight-22-kg","38":"pa_wheel-size-29-zoll-2","40":"first","41":"instock","42":"shipping-taxable","43":"purchasable","44":"product-type-variable"},"acf":{"short_description":"Ultimative Man\u00f6vrierbarkeit mit einem intuitiven Motor: Das ist das leichteste S-Pedelec auf dem Markt!","bike_name":"Specter 1","highlight_text":"","frame":"","battery_size":"","motor_strength":""},"yoast_head":"<!-- This site is optimized with the Yoast SEO plugin v24.5 - https:\/\/yoast.com\/wordpress\/plugins\/seo\/ -->\n<title>Specter 1 | E-Bike Schweiz | 0 % Zins<\/title>\n<meta name=\"description\" content=\"Bestelle jetzt das Specter 1 E-Bike! Zahle mit zinsfreier Ratenzahlung und geniesse unsere gratis Heimlieferung.\" \/>\n<meta name=\"robots\" content=\"noindex, follow, max-snippet:-1, max-image-preview:large, max-video-preview:-1\" \/>\n<meta property=\"og:locale\" content=\"de_DE\" \/>\n<meta property=\"og:type\" content=\"article\" \/>\n<meta property=\"og:title\" content=\"Specter 1 | E-Bike Schweiz | 0 % Zins\" \/>\n<meta property=\"og:description\" content=\"Bestelle jetzt das Specter 1 E-Bike! Zahle mit zinsfreier Ratenzahlung und geniesse unsere gratis Heimlieferung.\" \/>\n<meta property=\"og:url\" content=\"https:\/\/listings.mybikeplan.ch\/de\/produkt\/specter-1-green\/\" \/>\n<meta property=\"og:site_name\" content=\"MyBikePlan\" \/>\n<meta property=\"article:modified_time\" content=\"2024-09-23T09:11:42+00:00\" \/>\n<meta property=\"og:image\" content=\"https:\/\/listings.mybikeplan.ch\/wp-content\/uploads\/2024\/03\/Specter-1.jpg\" \/>\n\t<meta property=\"og:image:width\" content=\"1000\" \/>\n\t<meta property=\"og:image:height\" content=\"1000\" \/>\n\t<meta property=\"og:image:type\" content=\"image\/jpeg\" \/>\n<meta name=\"twitter:card\" content=\"summary_large_image\" \/>\n<meta name=\"twitter:label1\" content=\"Gesch\u00e4tzte Lesezeit\" \/>\n\t<meta name=\"twitter:data1\" content=\"1\u00a0Minute\" \/>\n<script type=\"application\/ld+json\" class=\"yoast-schema-graph\">{\"@context\":\"https:\/\/schema.org\",\"@graph\":[{\"@type\":\"WebPage\",\"@id\":\"https:\/\/listings.mybikeplan.ch\/de\/produkt\/specter-1-green\/\",\"url\":\"https:\/\/listings.mybikeplan.ch\/de\/produkt\/specter-1-green\/\",\"name\":\"Specter 1 | E-Bike Schweiz | 0 % Zins\",\"isPartOf\":{\"@id\":\"https:\/\/listings.mybikeplan.ch\/de\/#website\"},\"primaryImageOfPage\":{\"@id\":\"https:\/\/listings.mybikeplan.ch\/de\/produkt\/specter-1-green\/#primaryimage\"},\"image\":{\"@id\":\"https:\/\/listings.mybikeplan.ch\/de\/produkt\/specter-1-green\/#primaryimage\"},\"thumbnailUrl\":\"https:\/\/listings.mybikeplan.ch\/wp-content\/uploads\/2024\/03\/Specter-1.jpg\",\"datePublished\":\"2024-03-14T12:18:25+00:00\",\"dateModified\":\"2024-09-23T09:11:42+00:00\",\"description\":\"Bestelle jetzt das Specter 1 E-Bike! Zahle mit zinsfreier Ratenzahlung und geniesse unsere gratis Heimlieferung.\",\"breadcrumb\":{\"@id\":\"https:\/\/listings.mybikeplan.ch\/de\/produkt\/specter-1-green\/#breadcrumb\"},\"inLanguage\":\"de\",\"potentialAction\":[{\"@type\":\"ReadAction\",\"target\":[\"https:\/\/listings.mybikeplan.ch\/de\/produkt\/specter-1-green\/\"]}]},{\"@type\":\"ImageObject\",\"inLanguage\":\"de\",\"@id\":\"https:\/\/listings.mybikeplan.ch\/de\/produkt\/specter-1-green\/#primaryimage\",\"url\":\"https:\/\/listings.mybikeplan.ch\/wp-content\/uploads\/2024\/03\/Specter-1.jpg\",\"contentUrl\":\"https:\/\/listings.mybikeplan.ch\/wp-content\/uploads\/2024\/03\/Specter-1.jpg\",\"width\":1000,\"height\":1000},{\"@type\":\"BreadcrumbList\",\"@id\":\"https:\/\/listings.mybikeplan.ch\/de\/produkt\/specter-1-green\/#breadcrumb\",\"itemListElement\":[{\"@type\":\"ListItem\",\"position\":1,\"name\":\"Home\",\"item\":\"https:\/\/listings.mybikeplan.ch\/de\/\"},{\"@type\":\"ListItem\",\"position\":2,\"name\":\"Specter 1\"}]},{\"@type\":\"WebSite\",\"@id\":\"https:\/\/listings.mybikeplan.ch\/de\/#website\",\"url\":\"https:\/\/listings.mybikeplan.ch\/de\/\",\"name\":\"MyBikePlan\",\"description\":\"\",\"potentialAction\":[{\"@type\":\"SearchAction\",\"target\":{\"@type\":\"EntryPoint\",\"urlTemplate\":\"https:\/\/listings.mybikeplan.ch\/de\/?s={search_term_string}\"},\"query-input\":{\"@type\":\"PropertyValueSpecification\",\"valueRequired\":true,\"valueName\":\"search_term_string\"}}],\"inLanguage\":\"de\"}]}<\/script>\n<!-- \/ Yoast SEO plugin. -->","yoast_head_json":{"title":"Specter 1 | E-Bike Schweiz | 0 % Zins","description":"Bestelle jetzt das Specter 1 E-Bike! Zahle mit zinsfreier Ratenzahlung und geniesse unsere gratis Heimlieferung.","robots":{"index":"noindex","follow":"follow","max-snippet":"max-snippet:-1","max-image-preview":"max-image-preview:large","max-video-preview":"max-video-preview:-1"},"og_locale":"de_DE","og_type":"article","og_title":"Specter 1 | E-Bike Schweiz | 0 % Zins","og_description":"Bestelle jetzt das Specter 1 E-Bike! Zahle mit zinsfreier Ratenzahlung und geniesse unsere gratis Heimlieferung.","og_url":"https:\/\/listings.mybikeplan.ch\/de\/produkt\/specter-1-green\/","og_site_name":"MyBikePlan","article_modified_time":"2024-09-23T09:11:42+00:00","og_image":[{"width":1000,"height":1000,"url":"https:\/\/listings.mybikeplan.ch\/wp-content\/uploads\/2024\/03\/Specter-1.jpg","type":"image\/jpeg"}],"twitter_card":"summary_large_image","twitter_misc":{"Gesch\u00e4tzte Lesezeit":"1\u00a0Minute"},"schema":{"@context":"https:\/\/schema.org","@graph":[{"@type":"WebPage","@id":"https:\/\/listings.mybikeplan.ch\/de\/produkt\/specter-1-green\/","url":"https:\/\/listings.mybikeplan.ch\/de\/produkt\/specter-1-green\/","name":"Specter 1 | E-Bike Schweiz | 0 % Zins","isPartOf":{"@id":"https:\/\/listings.mybikeplan.ch\/de\/#website"},"primaryImageOfPage":{"@id":"https:\/\/listings.mybikeplan.ch\/de\/produkt\/specter-1-green\/#primaryimage"},"image":{"@id":"https:\/\/listings.mybikeplan.ch\/de\/produkt\/specter-1-green\/#primaryimage"},"thumbnailUrl":"https:\/\/listings.mybikeplan.ch\/wp-content\/uploads\/2024\/03\/Specter-1.jpg","datePublished":"2024-03-14T12:18:25+00:00","dateModified":"2024-09-23T09:11:42+00:00","description":"Bestelle jetzt das Specter 1 E-Bike! Zahle mit zinsfreier Ratenzahlung und geniesse unsere gratis Heimlieferung.","breadcrumb":{"@id":"https:\/\/listings.mybikeplan.ch\/de\/produkt\/specter-1-green\/#breadcrumb"},"inLanguage":"de","potentialAction":[{"@type":"ReadAction","target":["https:\/\/listings.mybikeplan.ch\/de\/produkt\/specter-1-green\/"]}]},{"@type":"ImageObject","inLanguage":"de","@id":"https:\/\/listings.mybikeplan.ch\/de\/produkt\/specter-1-green\/#primaryimage","url":"https:\/\/listings.mybikeplan.ch\/wp-content\/uploads\/2024\/03\/Specter-1.jpg","contentUrl":"https:\/\/listings.mybikeplan.ch\/wp-content\/uploads\/2024\/03\/Specter-1.jpg","width":1000,"height":1000},{"@type":"BreadcrumbList","@id":"https:\/\/listings.mybikeplan.ch\/de\/produkt\/specter-1-green\/#breadcrumb","itemListElement":[{"@type":"ListItem","position":1,"name":"Home","item":"https:\/\/listings.mybikeplan.ch\/de\/"},{"@type":"ListItem","position":2,"name":"Specter 1"}]},{"@type":"WebSite","@id":"https:\/\/listings.mybikeplan.ch\/de\/#website","url":"https:\/\/listings.mybikeplan.ch\/de\/","name":"MyBikePlan","description":"","potentialAction":[{"@type":"SearchAction","target":{"@type":"EntryPoint","urlTemplate":"https:\/\/listings.mybikeplan.ch\/de\/?s={search_term_string}"},"query-input":{"@type":"PropertyValueSpecification","valueRequired":true,"valueName":"search_term_string"}}],"inLanguage":"de"}]}},"_links":{"self":[{"href":"https:\/\/listings.mybikeplan.ch\/de\/wp-json\/wp\/v2\/product\/59753","targetHints":{"allow":["GET"]}}],"collection":[{"href":"https:\/\/listings.mybikeplan.ch\/de\/wp-json\/wp\/v2\/product"}],"about":[{"href":"https:\/\/listings.mybikeplan.ch\/de\/wp-json\/wp\/v2\/types\/product"}],"replies":[{"embeddable":true,"href":"https:\/\/listings.mybikeplan.ch\/de\/wp-json\/wp\/v2\/comments?post=59753"}],"wp:featuredmedia":[{"embeddable":true,"href":"https:\/\/listings.mybikeplan.ch\/de\/wp-json\/wp\/v2\/media\/59757"}],"wp:attachment":[{"href":"https:\/\/listings.mybikeplan.ch\/de\/wp-json\/wp\/v2\/media?parent=59753"}],"wp:term":[{"taxonomy":"product_brand","embeddable":true,"href":"https:\/\/listings.mybikeplan.ch\/de\/wp-json\/wp\/v2\/product_brand?post=59753"},{"taxonomy":"product_cat","embeddable":true,"href":"https:\/\/listings.mybikeplan.ch\/de\/wp-json\/wp\/v2\/product_cat?post=59753"},{"taxonomy":"product_tag","embeddable":true,"href":"https:\/\/listings.mybikeplan.ch\/de\/wp-json\/wp\/v2\/product_tag?post=59753"}],"curies":[{"name":"wp","href":"https:\/\/api.w.org\/{rel}","templated":true}]}}