{"id":59195,"date":"2024-02-27T15:37:31","date_gmt":"2024-02-27T15:37:31","guid":{"rendered":"https:\/\/listings.mybikeplan.ch\/?post_type=product&#038;p=59195"},"modified":"2025-02-04T16:45:45","modified_gmt":"2025-02-04T16:45:45","slug":"liv-intrigue-advanced-pro-1","status":"publish","type":"product","link":"https:\/\/listings.mybikeplan.ch\/de\/produkt\/liv-intrigue-advanced-pro-1\/","title":{"rendered":"LIV Intrigue Advanced Pro 29 1"},"content":{"rendered":"<h2><b>Das Wichtigste zum Liv Intrigue Advanced Pro 29 1 :<\/b><\/h2>\n<ul>\n<li>Trailbike<\/li>\n<li>Progressive Federung<\/li>\n<li>29&#8220; Laufr\u00e4der<\/li>\n<\/ul>\n<h2><b>Das Liv Intrigue Advanced Pro 29 1 ist perfekt f\u00fcr Dich, wenn Du:<\/b><\/h2>\n<ul>\n<li>schnell und agil auf dem Trail unterwegs sein willst<\/li>\n<li>ein Bike suchst, dessen Geometrie speziell f\u00fcr Frauen entwickelt wurde<\/li>\n<li>deine Performance aufs n\u00e4chste Level bringen willst<\/li>\n<\/ul>\n<h2><b>Gr\u00f6ssenempfehlung:<\/b><\/h2>\n<ul>\n<li>XS = 150 cm bis 163 cm<\/li>\n<li>S = 158 cm bis 169 cm<\/li>\n<li>M = 164 cm bis 175 cm<\/li>\n<li>L = 170 cm bis 181 cm<\/li>\n<\/ul>\n","protected":false},"excerpt":{"rendered":"<h2>Liv Intrigue Advanced Pro 29 1<\/h2>\n<p>Der Advanced-Grade Carbon-Rahmen in Kombination mit dem 29 Zoll Carbon Laufr\u00e4dern macht das Intrigue zu einem superleichten Trail-Genie. Dank der Maestro-Federung mit integriertem Flip-Chip l\u00e4sst sich die Geometrie des Velos nach deinem Fahrstil und dem Gel\u00e4nde auf schnelles offenes Gel\u00e4nde oder kniffelige, verspielte Singletracks einstellen \u2013 so wie es f\u00fcr dich gerade passt.<\/p>\n<p>29 Zoll Laufr\u00e4der sorgen f\u00fcr Stabilit\u00e4t, Laufruhe, Traktion und Balance. So rollst du sicher und geschmeidig \u00fcber Wurzeln, Felsen und Hindernisse und hast das Selbstvertrauen, auch anspruchsvolle Passagen zu meistern.<\/p>\n<p>Das Maestro Suspension System mit Trunnion Mount D\u00e4mpfer bietet dir mit 125 mm Federweg eine speziell von Profi-Frauen f\u00fcr Frauen abgestimmte Performance. So verf\u00fcgst du mit 140 mm Federweg der Gabel \u00fcber ein optimal ausgewogenes Trail-Bike f\u00fcr jedes Gel\u00e4nde.<\/p>\n<h2><b>\u00dcber die Marke Liv<\/b><\/h2>\n<p><span style=\"font-weight: 400;\">Gegr\u00fcndet wurde Liv von der leidenschaftlichen Velofahrerin Bonnie Tu, die als Chair bei GIANT arbeitete. Weil sie keine E-Bikes und keine Ausr\u00fcstung finden konnte, die genau zu ihren Anforderungen passte, gr\u00fcndete sie kurzerhand ihre eigene Velofirma \u2013 und die weltweit erste Velomarke speziell f\u00fcr Frauen. Das Ziel? Liv E-Bikes sollen den Radsport inklusiver f\u00fcr Frauen auf der ganzen Welt machen.<\/span><\/p>\n","protected":false},"featured_media":59093,"comment_status":"open","ping_status":"closed","template":"","meta":{"_acf_changed":false},"product_brand":[],"product_cat":[3255,578,582,3246,8048,579,3265,4481,12261,3422],"product_tag":[],"class_list":{"0":"post-59195","1":"product","2":"type-product","3":"status-publish","4":"has-post-thumbnail","6":"product_cat-braun","7":"product_cat-damen","8":"product_cat-diamant","9":"product_cat-farbe","10":"product_cat-mountain-fully","11":"product_cat-herren","12":"product_cat-marke-liv","13":"product_cat-mybikeplan","14":"product_cat-sale_700","15":"product_cat-nicht-elektrische-bikes","16":"pa_attachments-trailer-connection","17":"pa_brakes-shimano-deore-xt-m8120-hydraulische-scheibenbremse-shimano-rt-66-rotoren-f180mm-r180mm","18":"pa_brand-liv","19":"pa_cassette-sram-gx-10-52-zaehne","20":"pa_chain-sram-gx-eagle","21":"pa_crank-handle-sram-gx-eagle-dub-30-zaehne-s170mm-m170mm-l170mm","22":"pa_damper-fox-factory-live-185-50-custom-tuned-for-liv","23":"pa_filters-color-braun","24":"pa_fork-fox-34-factory-live-valve-140-mm-fit4-damper-boost-15x110-kabolt-tapered-44mm-offset-custom-tuned-for-liv","25":"pa_frame-giant-advanced-grade-composite-vollcarbon-rahmen-125-mm-maestro-suspension-flip-chip","26":"pa_gear-change-sram-gx-eagle","27":"pa_handlebar-giant-contact-slr-tr35-carbon-35mm-s760mm-m760mm-l780mm","28":"pa_hex-color-ad766f","29":"pa_rider-height-155-160-cm","30":"pa_rider-height-160-165-cm","31":"pa_rider-height-165-170-cm","32":"pa_rider-height-170-175-cm","33":"pa_rider-height-175-180-cm","34":"pa_rims-giant-trx-2-29-carbon-wheelsystem-30mm-inner-width","35":"pa_saddle-liv-sylvia","36":"pa_saddle-post-tranzx-absenkbare-sattelstuetze-mit-remote-s-95-125mm-travel-30-9-x-409mm-m-120-150mm-travel-30-9-x-459mm","37":"pa_seat-tube-length-l","38":"pa_seat-tube-length-m","39":"pa_seat-tube-length-s-2","40":"pa_sizes-l","41":"pa_sizes-m","42":"pa_sizes-s","43":"pa_stem-giant-contact-sl-35mm-s50mm-m50mm-l50mm","44":"pa_tires-f-maxxis-minion-dhf-29x2-5wt-3c-max-terra-exo-tr-tubeless-r-maxxis-dissector-29x2-4wt-3c-max-terra-exo-tr-tubeless","45":"pa_trailer-compatibility-fuer-die-montage-des-anhaengers-muss-die-achse-gewechselt-werden","47":"first","48":"instock","49":"shipping-taxable","50":"purchasable","51":"product-type-variable"},"acf":{"short_description":"Das Intrigue Advanced Pro 29 wurde gebaut, um schnell und agil zu sein \u2013 egal in welchem Gel\u00e4nde. Das Trail-Bike mit progressiver Federung bringt dich mit Speed nach vorne und man\u00f6vriert sicher durch technisch anspruchsvolles Terrain.","bike_name":"Liv Intrigue Advanced Pro 29 1 ","highlight_text":"","frame":"","battery_size":"","motor_strength":""},"yoast_head":"<!-- This site is optimized with the Yoast SEO plugin v24.5 - https:\/\/yoast.com\/wordpress\/plugins\/seo\/ -->\n<title>Liv Intrigue Advanced Pro 29 | E-Bike Auf Raten 0 % Zins | Schweiz<\/title>\n<meta name=\"description\" content=\"Bestelle jetzt das Liv Intrigue Advanced Pro 29 1 ! Zahle mit monatlicher Ratenzahlung mit 0% Zins und geniesse unsere gratis Heimlieferung.\" \/>\n<meta name=\"robots\" content=\"noindex, follow, max-snippet:-1, max-image-preview:large, max-video-preview:-1\" \/>\n<meta property=\"og:locale\" content=\"de_DE\" \/>\n<meta property=\"og:type\" content=\"article\" \/>\n<meta property=\"og:title\" content=\"Liv Intrigue Advanced Pro 29 | E-Bike Auf Raten 0 % Zins | Schweiz\" \/>\n<meta property=\"og:description\" content=\"Bestelle jetzt das Liv Intrigue Advanced Pro 29 1 ! Zahle mit monatlicher Ratenzahlung mit 0% Zins und geniesse unsere gratis Heimlieferung.\" \/>\n<meta property=\"og:url\" content=\"https:\/\/listings.mybikeplan.ch\/de\/produkt\/liv-intrigue-advanced-pro-1\/\" \/>\n<meta property=\"og:site_name\" content=\"MyBikePlan\" \/>\n<meta property=\"article:modified_time\" content=\"2025-02-04T16:45:45+00:00\" \/>\n<meta property=\"og:image\" content=\"https:\/\/listings.mybikeplan.ch\/wp-content\/uploads\/2024\/02\/LIV-Intrigue-Advanced-Pro-29-1.jpg\" \/>\n\t<meta property=\"og:image:width\" content=\"1000\" \/>\n\t<meta property=\"og:image:height\" content=\"1000\" \/>\n\t<meta property=\"og:image:type\" content=\"image\/jpeg\" \/>\n<meta name=\"twitter:card\" content=\"summary_large_image\" \/>\n<meta name=\"twitter:label1\" content=\"Gesch\u00e4tzte Lesezeit\" \/>\n\t<meta name=\"twitter:data1\" content=\"1\u00a0Minute\" \/>\n<script type=\"application\/ld+json\" class=\"yoast-schema-graph\">{\"@context\":\"https:\/\/schema.org\",\"@graph\":[{\"@type\":\"WebPage\",\"@id\":\"https:\/\/listings.mybikeplan.ch\/de\/produkt\/liv-intrigue-advanced-pro-1\/\",\"url\":\"https:\/\/listings.mybikeplan.ch\/de\/produkt\/liv-intrigue-advanced-pro-1\/\",\"name\":\"Liv Intrigue Advanced Pro 29 | E-Bike Auf Raten 0 % Zins | Schweiz\",\"isPartOf\":{\"@id\":\"https:\/\/listings.mybikeplan.ch\/de\/#website\"},\"primaryImageOfPage\":{\"@id\":\"https:\/\/listings.mybikeplan.ch\/de\/produkt\/liv-intrigue-advanced-pro-1\/#primaryimage\"},\"image\":{\"@id\":\"https:\/\/listings.mybikeplan.ch\/de\/produkt\/liv-intrigue-advanced-pro-1\/#primaryimage\"},\"thumbnailUrl\":\"https:\/\/listings.mybikeplan.ch\/wp-content\/uploads\/2024\/02\/LIV-Intrigue-Advanced-Pro-29-1.jpg\",\"datePublished\":\"2024-02-27T15:37:31+00:00\",\"dateModified\":\"2025-02-04T16:45:45+00:00\",\"description\":\"Bestelle jetzt das Liv Intrigue Advanced Pro 29 1 ! Zahle mit monatlicher Ratenzahlung mit 0% Zins und geniesse unsere gratis Heimlieferung.\",\"breadcrumb\":{\"@id\":\"https:\/\/listings.mybikeplan.ch\/de\/produkt\/liv-intrigue-advanced-pro-1\/#breadcrumb\"},\"inLanguage\":\"de\",\"potentialAction\":[{\"@type\":\"ReadAction\",\"target\":[\"https:\/\/listings.mybikeplan.ch\/de\/produkt\/liv-intrigue-advanced-pro-1\/\"]}]},{\"@type\":\"ImageObject\",\"inLanguage\":\"de\",\"@id\":\"https:\/\/listings.mybikeplan.ch\/de\/produkt\/liv-intrigue-advanced-pro-1\/#primaryimage\",\"url\":\"https:\/\/listings.mybikeplan.ch\/wp-content\/uploads\/2024\/02\/LIV-Intrigue-Advanced-Pro-29-1.jpg\",\"contentUrl\":\"https:\/\/listings.mybikeplan.ch\/wp-content\/uploads\/2024\/02\/LIV-Intrigue-Advanced-Pro-29-1.jpg\",\"width\":1000,\"height\":1000},{\"@type\":\"BreadcrumbList\",\"@id\":\"https:\/\/listings.mybikeplan.ch\/de\/produkt\/liv-intrigue-advanced-pro-1\/#breadcrumb\",\"itemListElement\":[{\"@type\":\"ListItem\",\"position\":1,\"name\":\"Home\",\"item\":\"https:\/\/listings.mybikeplan.ch\/de\/\"},{\"@type\":\"ListItem\",\"position\":2,\"name\":\"LIV Intrigue Advanced Pro 29 1\"}]},{\"@type\":\"WebSite\",\"@id\":\"https:\/\/listings.mybikeplan.ch\/de\/#website\",\"url\":\"https:\/\/listings.mybikeplan.ch\/de\/\",\"name\":\"MyBikePlan\",\"description\":\"\",\"potentialAction\":[{\"@type\":\"SearchAction\",\"target\":{\"@type\":\"EntryPoint\",\"urlTemplate\":\"https:\/\/listings.mybikeplan.ch\/de\/?s={search_term_string}\"},\"query-input\":{\"@type\":\"PropertyValueSpecification\",\"valueRequired\":true,\"valueName\":\"search_term_string\"}}],\"inLanguage\":\"de\"}]}<\/script>\n<!-- \/ Yoast SEO plugin. -->","yoast_head_json":{"title":"Liv Intrigue Advanced Pro 29 | E-Bike Auf Raten 0 % Zins | Schweiz","description":"Bestelle jetzt das Liv Intrigue Advanced Pro 29 1 ! Zahle mit monatlicher Ratenzahlung mit 0% Zins und geniesse unsere gratis Heimlieferung.","robots":{"index":"noindex","follow":"follow","max-snippet":"max-snippet:-1","max-image-preview":"max-image-preview:large","max-video-preview":"max-video-preview:-1"},"og_locale":"de_DE","og_type":"article","og_title":"Liv Intrigue Advanced Pro 29 | E-Bike Auf Raten 0 % Zins | Schweiz","og_description":"Bestelle jetzt das Liv Intrigue Advanced Pro 29 1 ! Zahle mit monatlicher Ratenzahlung mit 0% Zins und geniesse unsere gratis Heimlieferung.","og_url":"https:\/\/listings.mybikeplan.ch\/de\/produkt\/liv-intrigue-advanced-pro-1\/","og_site_name":"MyBikePlan","article_modified_time":"2025-02-04T16:45:45+00:00","og_image":[{"width":1000,"height":1000,"url":"https:\/\/listings.mybikeplan.ch\/wp-content\/uploads\/2024\/02\/LIV-Intrigue-Advanced-Pro-29-1.jpg","type":"image\/jpeg"}],"twitter_card":"summary_large_image","twitter_misc":{"Gesch\u00e4tzte Lesezeit":"1\u00a0Minute"},"schema":{"@context":"https:\/\/schema.org","@graph":[{"@type":"WebPage","@id":"https:\/\/listings.mybikeplan.ch\/de\/produkt\/liv-intrigue-advanced-pro-1\/","url":"https:\/\/listings.mybikeplan.ch\/de\/produkt\/liv-intrigue-advanced-pro-1\/","name":"Liv Intrigue Advanced Pro 29 | E-Bike Auf Raten 0 % Zins | Schweiz","isPartOf":{"@id":"https:\/\/listings.mybikeplan.ch\/de\/#website"},"primaryImageOfPage":{"@id":"https:\/\/listings.mybikeplan.ch\/de\/produkt\/liv-intrigue-advanced-pro-1\/#primaryimage"},"image":{"@id":"https:\/\/listings.mybikeplan.ch\/de\/produkt\/liv-intrigue-advanced-pro-1\/#primaryimage"},"thumbnailUrl":"https:\/\/listings.mybikeplan.ch\/wp-content\/uploads\/2024\/02\/LIV-Intrigue-Advanced-Pro-29-1.jpg","datePublished":"2024-02-27T15:37:31+00:00","dateModified":"2025-02-04T16:45:45+00:00","description":"Bestelle jetzt das Liv Intrigue Advanced Pro 29 1 ! Zahle mit monatlicher Ratenzahlung mit 0% Zins und geniesse unsere gratis Heimlieferung.","breadcrumb":{"@id":"https:\/\/listings.mybikeplan.ch\/de\/produkt\/liv-intrigue-advanced-pro-1\/#breadcrumb"},"inLanguage":"de","potentialAction":[{"@type":"ReadAction","target":["https:\/\/listings.mybikeplan.ch\/de\/produkt\/liv-intrigue-advanced-pro-1\/"]}]},{"@type":"ImageObject","inLanguage":"de","@id":"https:\/\/listings.mybikeplan.ch\/de\/produkt\/liv-intrigue-advanced-pro-1\/#primaryimage","url":"https:\/\/listings.mybikeplan.ch\/wp-content\/uploads\/2024\/02\/LIV-Intrigue-Advanced-Pro-29-1.jpg","contentUrl":"https:\/\/listings.mybikeplan.ch\/wp-content\/uploads\/2024\/02\/LIV-Intrigue-Advanced-Pro-29-1.jpg","width":1000,"height":1000},{"@type":"BreadcrumbList","@id":"https:\/\/listings.mybikeplan.ch\/de\/produkt\/liv-intrigue-advanced-pro-1\/#breadcrumb","itemListElement":[{"@type":"ListItem","position":1,"name":"Home","item":"https:\/\/listings.mybikeplan.ch\/de\/"},{"@type":"ListItem","position":2,"name":"LIV Intrigue Advanced Pro 29 1"}]},{"@type":"WebSite","@id":"https:\/\/listings.mybikeplan.ch\/de\/#website","url":"https:\/\/listings.mybikeplan.ch\/de\/","name":"MyBikePlan","description":"","potentialAction":[{"@type":"SearchAction","target":{"@type":"EntryPoint","urlTemplate":"https:\/\/listings.mybikeplan.ch\/de\/?s={search_term_string}"},"query-input":{"@type":"PropertyValueSpecification","valueRequired":true,"valueName":"search_term_string"}}],"inLanguage":"de"}]}},"_links":{"self":[{"href":"https:\/\/listings.mybikeplan.ch\/de\/wp-json\/wp\/v2\/product\/59195","targetHints":{"allow":["GET"]}}],"collection":[{"href":"https:\/\/listings.mybikeplan.ch\/de\/wp-json\/wp\/v2\/product"}],"about":[{"href":"https:\/\/listings.mybikeplan.ch\/de\/wp-json\/wp\/v2\/types\/product"}],"replies":[{"embeddable":true,"href":"https:\/\/listings.mybikeplan.ch\/de\/wp-json\/wp\/v2\/comments?post=59195"}],"wp:featuredmedia":[{"embeddable":true,"href":"https:\/\/listings.mybikeplan.ch\/de\/wp-json\/wp\/v2\/media\/59093"}],"wp:attachment":[{"href":"https:\/\/listings.mybikeplan.ch\/de\/wp-json\/wp\/v2\/media?parent=59195"}],"wp:term":[{"taxonomy":"product_brand","embeddable":true,"href":"https:\/\/listings.mybikeplan.ch\/de\/wp-json\/wp\/v2\/product_brand?post=59195"},{"taxonomy":"product_cat","embeddable":true,"href":"https:\/\/listings.mybikeplan.ch\/de\/wp-json\/wp\/v2\/product_cat?post=59195"},{"taxonomy":"product_tag","embeddable":true,"href":"https:\/\/listings.mybikeplan.ch\/de\/wp-json\/wp\/v2\/product_tag?post=59195"}],"curies":[{"name":"wp","href":"https:\/\/api.w.org\/{rel}","templated":true}]}}