{"id":58250,"date":"2024-02-14T12:34:54","date_gmt":"2024-02-14T12:34:54","guid":{"rendered":"https:\/\/listings.mybikeplan.ch\/?post_type=product&#038;p=58250"},"modified":"2024-12-20T10:17:39","modified_gmt":"2024-12-20T10:17:39","slug":"bergstrom-xcv-749-grey","status":"publish","type":"product","link":"https:\/\/listings.mybikeplan.ch\/de\/produkt\/bergstrom-xcv-749-grey\/","title":{"rendered":"Bergstrom XCV 749"},"content":{"rendered":"<h2><b>Das Wichtigste zum Bergstrom XCV 749:\u00a0<\/b><\/h2>\n<ul>\n<li style=\"font-weight: 400;\" aria-level=\"1\">Hardtail E-MTB von der Schweizer Marke Bergstrom<\/li>\n<li aria-level=\"1\">Tolle Reichweite dank Akku mit 625 Wh<\/li>\n<li aria-level=\"1\">Motor mit knackigen 85 Nm<\/li>\n<\/ul>\n<h2><b>Das Bergstrom XCV 749 ist perfekt f\u00fcr Dich, wenn Du:<\/b><\/h2>\n<ul>\n<li aria-level=\"1\">eine Marke suchst, die Schweizer E-Bikes f\u00fcr die Schweiz herstellt<\/li>\n<li aria-level=\"1\">ein leichtes Trailbike mit voller Power suchst<\/li>\n<\/ul>\n<h2><b>Gr\u00f6ssenempfehlung:<\/b><\/h2>\n<ul>\n<li>S = 151 &#8211; 160 cm<\/li>\n<li>M = 161 &#8211; 170 cm<\/li>\n<li>L = 171 &#8211; 180 cm<\/li>\n<\/ul>\n","protected":false},"excerpt":{"rendered":"<h2>Bergstrom XCV 749<\/h2>\n<div class=\"flex-1 overflow-hidden\">\n<div class=\"react-scroll-to-bottom--css-mqkxp-79elbk h-full\">\n<div class=\"react-scroll-to-bottom--css-mqkxp-1n7m0yu\">\n<div class=\"flex flex-col pb-9 text-sm\">\n<div class=\"w-full text-token-text-primary\" data-testid=\"conversation-turn-3\">\n<div class=\"px-4 py-2 justify-center text-base md:gap-6 m-auto\">\n<div class=\"flex flex-1 text-base mx-auto gap-3 md:px-5 lg:px-1 xl:px-5 md:max-w-3xl lg:max-w-[40rem] xl:max-w-[48rem] group final-completion\">\n<div class=\"relative flex w-full flex-col agent-turn\">\n<div class=\"flex-col gap-1 md:gap-3\">\n<div class=\"flex flex-grow flex-col max-w-full\">\n<div class=\"min-h-[20px] text-message flex flex-col items-start gap-3 whitespace-pre-wrap break-words [.text-message+&amp;]:mt-5 overflow-x-auto\" data-message-author-role=\"assistant\" data-message-id=\"3b047b94-9c63-486b-8b19-fa8481b20f2c\">\n<div class=\"markdown prose w-full break-words dark:prose-invert light\">\n<div class=\"item col-md-4 col-sm-12\">\n<div class=\"item col-md-4 col-sm-12\">\n<div class=\"mb-4\">\n<p>Dieses E-MTB steht f\u00fcr echte Qualit\u00e4t made in Switzerland:<\/p>\n<p>Der leichte Aluminiumrahmen der Bergstrom XCV 7 Modelle ist in 3 Gr\u00f6ssen und 4 Farben erh\u00e4ltlich und \u00fcberzeugt durch seine sportliche Geometrie und Zuverl\u00e4ssigkeit. Dank dem integrierten Vorbau verschwinden s\u00e4mtliche Kabel und Leitungen elegant im Rahmeninnern. Das garantiert eine cleane Optik und sch\u00fctzt die Kabel.<\/p>\n<p>Dank dem tiefen Tretlager f\u00fchlst Du Dich auf dem Bike ab dem ersten Meter pudelwohl und sp\u00fcrst die Sicherheit und Leichtigkeit, die das XCV verspr\u00fcht. Der 625 wH Akku von Bosch kann bequem entnommen werden, der CX Motor leistet 85 Nm Drehmoment und kann in verschiedene Stufen eingeteilt werden. Die Federgabel b\u00fcgelt Unebenheiten locker weg und entlastet die Handgelenke. Am Rahmen eines Bergstrom XCV 7 lassen sich bei Bedarf Seitenst\u00e4nder, Schutzbleche und Gep\u00e4cktr\u00e4ger montieren.<\/p>\n<\/div>\n<\/div>\n<\/div>\n<h2><b>\u00dcber die Marke Bergstrom<\/b><\/h2>\n<\/div>\n<\/div>\n<\/div>\n<\/div>\n<\/div>\n<\/div>\n<\/div>\n<\/div>\n<\/div>\n<\/div>\n<\/div>\n<\/div>\n<p>BERGSTROM E-Bikes sind die Produkte einer jungen, innovativen Marke des Schweizer Veloherstellers Komenda. Hier bekommst Du 100 % Swissness mit E-Bikes, die speziell mit den Herausforderungen der Schweizer Landschaft im Hinterkopf entwickelt wurden. Das Resultat? Hochwertige E-Bikes, die sowohl im Alltag als auch auf dem Trail zuverl\u00e4ssig unterst\u00fctzen!<\/p>\n","protected":false},"featured_media":58258,"comment_status":"open","ping_status":"closed","template":"","meta":{"_acf_changed":false},"product_brand":[],"product_cat":[583,15,578,2089,2310,24,3250,3352,4481,7789],"product_tag":[],"class_list":{"0":"post-58250","1":"product","2":"type-product","3":"status-publish","4":"has-post-thumbnail","6":"product_cat-25-km","7":"product_cat-alle-e-bikes","8":"product_cat-damen","9":"product_cat-e-bikes","10":"product_cat-e-mountain-hardtail","11":"product_cat-e-mountain","12":"product_cat-grau","13":"product_cat-marke-bergstrom","14":"product_cat-mybikeplan","15":"product_cat-swiss-made","16":"pa_back-wheel-schwalbe-29","17":"pa_battery-bosch-performance-cx-625wh-cruise","18":"pa_battery-size-625-wh","19":"pa_brakes-front-sram-db8-scheibenbremse","20":"pa_brakes-rear-sram-db8-scheibenbremse","21":"pa_brand-bergstrom","22":"pa_filters-color-grau","23":"pa_fork-suntour-xcr34-federgabel-100-mm","24":"pa_frame-variant-diamant","25":"pa_front-wheel-schwalbe-racing-ray-29-x-2-35","26":"pa_gear-change-slx-xt-12-gang","27":"pa_gears-12-gaenge","28":"pa_hex-color-4e758d-produkt-bergstrom-xcv-749-blue","29":"pa_hex-color-5f7ba4-produkt-bergstrom-xcv-749-light-blue","30":"pa_hex-color-8382","31":"pa_hex-color-c50126-produkt-bergstrom-xcv-749-red","32":"pa_motor-bosch-g4-performance-cx-25km-h","33":"pa_motor-strength-85-nm","34":"pa_rider-height-150-155-cm","35":"pa_rider-height-155-160-cm","36":"pa_rider-height-160-165-cm","37":"pa_rider-height-165-170-cm","38":"pa_rider-height-170-175-cm","39":"pa_rider-height-175-180-cm","40":"pa_seat-tube-length-l","41":"pa_seat-tube-length-m","42":"pa_seat-tube-length-s-2","43":"pa_sizes-l","44":"pa_sizes-m","45":"pa_sizes-s","46":"pa_speed-25-km-stunde","47":"pa_suspension-travel-100mm","48":"pa_wheel-size-762","49":"pa_youtube-link-https-www-youtube-com-embed-lvozc1dohgu","51":"first","52":"instock","53":"shipping-taxable","54":"purchasable","55":"product-type-variable"},"acf":{"short_description":"Geizig im Gewicht, grossz\u00fcgig in der Reichweite. Reduziert aufs Wesentliche, gemacht f\u00fcrs Ganze. Das Bergstrom XCV 749 erm\u00f6glicht ein schnelles und direktes Fahrgef\u00fchl und l\u00e4sst Dich so den Trail intensiver erleben. ","bike_name":"Bergstrom XCV 749","highlight_text":"","frame":"","battery_size":"","motor_strength":""},"yoast_head":"<!-- This site is optimized with the Yoast SEO plugin v24.5 - https:\/\/yoast.com\/wordpress\/plugins\/seo\/ -->\n<title>Bergstrom XCV 749 | E-Bike Schweiz | 0 % Zins<\/title>\n<meta name=\"description\" content=\"Bestelle jetzt das Bergstrom XCV 749 E-Bike! Zahle mit zinsfreier Ratenzahlung und geniesse unsere gratis Heimlieferung.\" \/>\n<meta name=\"robots\" content=\"noindex, follow, max-snippet:-1, max-image-preview:large, max-video-preview:-1\" \/>\n<meta property=\"og:locale\" content=\"de_DE\" \/>\n<meta property=\"og:type\" content=\"article\" \/>\n<meta property=\"og:title\" content=\"Bergstrom XCV 749 | E-Bike Schweiz | 0 % Zins\" \/>\n<meta property=\"og:description\" content=\"Bestelle jetzt das Bergstrom XCV 749 E-Bike! Zahle mit zinsfreier Ratenzahlung und geniesse unsere gratis Heimlieferung.\" \/>\n<meta property=\"og:url\" content=\"https:\/\/listings.mybikeplan.ch\/de\/produkt\/bergstrom-xcv-749-grey\/\" \/>\n<meta property=\"og:site_name\" content=\"MyBikePlan\" \/>\n<meta property=\"article:modified_time\" content=\"2024-12-20T10:17:39+00:00\" \/>\n<meta property=\"og:image\" content=\"https:\/\/listings.mybikeplan.ch\/wp-content\/uploads\/2024\/02\/Bergstrom-XCV-749-2.jpg\" \/>\n\t<meta property=\"og:image:width\" content=\"1000\" \/>\n\t<meta property=\"og:image:height\" content=\"1000\" \/>\n\t<meta property=\"og:image:type\" content=\"image\/jpeg\" \/>\n<meta name=\"twitter:card\" content=\"summary_large_image\" \/>\n<meta name=\"twitter:label1\" content=\"Gesch\u00e4tzte Lesezeit\" \/>\n\t<meta name=\"twitter:data1\" content=\"1\u00a0Minute\" \/>\n<script type=\"application\/ld+json\" class=\"yoast-schema-graph\">{\"@context\":\"https:\/\/schema.org\",\"@graph\":[{\"@type\":\"WebPage\",\"@id\":\"https:\/\/listings.mybikeplan.ch\/de\/produkt\/bergstrom-xcv-749-grey\/\",\"url\":\"https:\/\/listings.mybikeplan.ch\/de\/produkt\/bergstrom-xcv-749-grey\/\",\"name\":\"Bergstrom XCV 749 | E-Bike Schweiz | 0 % Zins\",\"isPartOf\":{\"@id\":\"https:\/\/listings.mybikeplan.ch\/de\/#website\"},\"primaryImageOfPage\":{\"@id\":\"https:\/\/listings.mybikeplan.ch\/de\/produkt\/bergstrom-xcv-749-grey\/#primaryimage\"},\"image\":{\"@id\":\"https:\/\/listings.mybikeplan.ch\/de\/produkt\/bergstrom-xcv-749-grey\/#primaryimage\"},\"thumbnailUrl\":\"https:\/\/listings.mybikeplan.ch\/wp-content\/uploads\/2024\/02\/Bergstrom-XCV-749-2.jpg\",\"datePublished\":\"2024-02-14T12:34:54+00:00\",\"dateModified\":\"2024-12-20T10:17:39+00:00\",\"description\":\"Bestelle jetzt das Bergstrom XCV 749 E-Bike! Zahle mit zinsfreier Ratenzahlung und geniesse unsere gratis Heimlieferung.\",\"breadcrumb\":{\"@id\":\"https:\/\/listings.mybikeplan.ch\/de\/produkt\/bergstrom-xcv-749-grey\/#breadcrumb\"},\"inLanguage\":\"de\",\"potentialAction\":[{\"@type\":\"ReadAction\",\"target\":[\"https:\/\/listings.mybikeplan.ch\/de\/produkt\/bergstrom-xcv-749-grey\/\"]}]},{\"@type\":\"ImageObject\",\"inLanguage\":\"de\",\"@id\":\"https:\/\/listings.mybikeplan.ch\/de\/produkt\/bergstrom-xcv-749-grey\/#primaryimage\",\"url\":\"https:\/\/listings.mybikeplan.ch\/wp-content\/uploads\/2024\/02\/Bergstrom-XCV-749-2.jpg\",\"contentUrl\":\"https:\/\/listings.mybikeplan.ch\/wp-content\/uploads\/2024\/02\/Bergstrom-XCV-749-2.jpg\",\"width\":1000,\"height\":1000},{\"@type\":\"BreadcrumbList\",\"@id\":\"https:\/\/listings.mybikeplan.ch\/de\/produkt\/bergstrom-xcv-749-grey\/#breadcrumb\",\"itemListElement\":[{\"@type\":\"ListItem\",\"position\":1,\"name\":\"Home\",\"item\":\"https:\/\/listings.mybikeplan.ch\/de\/\"},{\"@type\":\"ListItem\",\"position\":2,\"name\":\"Bergstrom XCV 749\"}]},{\"@type\":\"WebSite\",\"@id\":\"https:\/\/listings.mybikeplan.ch\/de\/#website\",\"url\":\"https:\/\/listings.mybikeplan.ch\/de\/\",\"name\":\"MyBikePlan\",\"description\":\"\",\"potentialAction\":[{\"@type\":\"SearchAction\",\"target\":{\"@type\":\"EntryPoint\",\"urlTemplate\":\"https:\/\/listings.mybikeplan.ch\/de\/?s={search_term_string}\"},\"query-input\":{\"@type\":\"PropertyValueSpecification\",\"valueRequired\":true,\"valueName\":\"search_term_string\"}}],\"inLanguage\":\"de\"}]}<\/script>\n<!-- \/ Yoast SEO plugin. -->","yoast_head_json":{"title":"Bergstrom XCV 749 | E-Bike Schweiz | 0 % Zins","description":"Bestelle jetzt das Bergstrom XCV 749 E-Bike! Zahle mit zinsfreier Ratenzahlung und geniesse unsere gratis Heimlieferung.","robots":{"index":"noindex","follow":"follow","max-snippet":"max-snippet:-1","max-image-preview":"max-image-preview:large","max-video-preview":"max-video-preview:-1"},"og_locale":"de_DE","og_type":"article","og_title":"Bergstrom XCV 749 | E-Bike Schweiz | 0 % Zins","og_description":"Bestelle jetzt das Bergstrom XCV 749 E-Bike! Zahle mit zinsfreier Ratenzahlung und geniesse unsere gratis Heimlieferung.","og_url":"https:\/\/listings.mybikeplan.ch\/de\/produkt\/bergstrom-xcv-749-grey\/","og_site_name":"MyBikePlan","article_modified_time":"2024-12-20T10:17:39+00:00","og_image":[{"width":1000,"height":1000,"url":"https:\/\/listings.mybikeplan.ch\/wp-content\/uploads\/2024\/02\/Bergstrom-XCV-749-2.jpg","type":"image\/jpeg"}],"twitter_card":"summary_large_image","twitter_misc":{"Gesch\u00e4tzte Lesezeit":"1\u00a0Minute"},"schema":{"@context":"https:\/\/schema.org","@graph":[{"@type":"WebPage","@id":"https:\/\/listings.mybikeplan.ch\/de\/produkt\/bergstrom-xcv-749-grey\/","url":"https:\/\/listings.mybikeplan.ch\/de\/produkt\/bergstrom-xcv-749-grey\/","name":"Bergstrom XCV 749 | E-Bike Schweiz | 0 % Zins","isPartOf":{"@id":"https:\/\/listings.mybikeplan.ch\/de\/#website"},"primaryImageOfPage":{"@id":"https:\/\/listings.mybikeplan.ch\/de\/produkt\/bergstrom-xcv-749-grey\/#primaryimage"},"image":{"@id":"https:\/\/listings.mybikeplan.ch\/de\/produkt\/bergstrom-xcv-749-grey\/#primaryimage"},"thumbnailUrl":"https:\/\/listings.mybikeplan.ch\/wp-content\/uploads\/2024\/02\/Bergstrom-XCV-749-2.jpg","datePublished":"2024-02-14T12:34:54+00:00","dateModified":"2024-12-20T10:17:39+00:00","description":"Bestelle jetzt das Bergstrom XCV 749 E-Bike! Zahle mit zinsfreier Ratenzahlung und geniesse unsere gratis Heimlieferung.","breadcrumb":{"@id":"https:\/\/listings.mybikeplan.ch\/de\/produkt\/bergstrom-xcv-749-grey\/#breadcrumb"},"inLanguage":"de","potentialAction":[{"@type":"ReadAction","target":["https:\/\/listings.mybikeplan.ch\/de\/produkt\/bergstrom-xcv-749-grey\/"]}]},{"@type":"ImageObject","inLanguage":"de","@id":"https:\/\/listings.mybikeplan.ch\/de\/produkt\/bergstrom-xcv-749-grey\/#primaryimage","url":"https:\/\/listings.mybikeplan.ch\/wp-content\/uploads\/2024\/02\/Bergstrom-XCV-749-2.jpg","contentUrl":"https:\/\/listings.mybikeplan.ch\/wp-content\/uploads\/2024\/02\/Bergstrom-XCV-749-2.jpg","width":1000,"height":1000},{"@type":"BreadcrumbList","@id":"https:\/\/listings.mybikeplan.ch\/de\/produkt\/bergstrom-xcv-749-grey\/#breadcrumb","itemListElement":[{"@type":"ListItem","position":1,"name":"Home","item":"https:\/\/listings.mybikeplan.ch\/de\/"},{"@type":"ListItem","position":2,"name":"Bergstrom XCV 749"}]},{"@type":"WebSite","@id":"https:\/\/listings.mybikeplan.ch\/de\/#website","url":"https:\/\/listings.mybikeplan.ch\/de\/","name":"MyBikePlan","description":"","potentialAction":[{"@type":"SearchAction","target":{"@type":"EntryPoint","urlTemplate":"https:\/\/listings.mybikeplan.ch\/de\/?s={search_term_string}"},"query-input":{"@type":"PropertyValueSpecification","valueRequired":true,"valueName":"search_term_string"}}],"inLanguage":"de"}]}},"_links":{"self":[{"href":"https:\/\/listings.mybikeplan.ch\/de\/wp-json\/wp\/v2\/product\/58250","targetHints":{"allow":["GET"]}}],"collection":[{"href":"https:\/\/listings.mybikeplan.ch\/de\/wp-json\/wp\/v2\/product"}],"about":[{"href":"https:\/\/listings.mybikeplan.ch\/de\/wp-json\/wp\/v2\/types\/product"}],"replies":[{"embeddable":true,"href":"https:\/\/listings.mybikeplan.ch\/de\/wp-json\/wp\/v2\/comments?post=58250"}],"wp:featuredmedia":[{"embeddable":true,"href":"https:\/\/listings.mybikeplan.ch\/de\/wp-json\/wp\/v2\/media\/58258"}],"wp:attachment":[{"href":"https:\/\/listings.mybikeplan.ch\/de\/wp-json\/wp\/v2\/media?parent=58250"}],"wp:term":[{"taxonomy":"product_brand","embeddable":true,"href":"https:\/\/listings.mybikeplan.ch\/de\/wp-json\/wp\/v2\/product_brand?post=58250"},{"taxonomy":"product_cat","embeddable":true,"href":"https:\/\/listings.mybikeplan.ch\/de\/wp-json\/wp\/v2\/product_cat?post=58250"},{"taxonomy":"product_tag","embeddable":true,"href":"https:\/\/listings.mybikeplan.ch\/de\/wp-json\/wp\/v2\/product_tag?post=58250"}],"curies":[{"name":"wp","href":"https:\/\/api.w.org\/{rel}","templated":true}]}}