{"id":58024,"date":"2024-02-13T13:36:53","date_gmt":"2024-02-13T13:36:53","guid":{"rendered":"https:\/\/listings.mybikeplan.ch\/?post_type=product&#038;p=58024"},"modified":"2025-04-08T11:34:04","modified_gmt":"2025-04-08T11:34:04","slug":"liv-embolden-e-1","status":"publish","type":"product","link":"https:\/\/listings.mybikeplan.ch\/de\/produkt\/liv-embolden-e-1\/","title":{"rendered":"Liv Embolden E+ 1"},"content":{"rendered":"<h2><b>Das Wichtigste zum Liv Embolden E+ 1:\u00a0<\/b><\/h2>\n<ul>\n<li style=\"font-weight: 400;\" aria-level=\"1\">Vollgefedertes Mountain E-Bike speziell f\u00fcr Frauen<\/li>\n<li aria-level=\"1\">Motor mit starken 75 Nm<\/li>\n<li aria-level=\"1\">Federung von 140 mm vorne und 125 mm hinten<\/li>\n<\/ul>\n<h2><b>Das Liv Embolden E+ 1 ist perfekt f\u00fcr Dich, wenn Du:<\/b><\/h2>\n<ul>\n<li aria-level=\"1\">Mountainbikerin bist und\u00a0ein hochwertiges E-MTB suchst<\/li>\n<li aria-level=\"1\">technische Trails f\u00e4hrst und die volle Kontrolle im Gel\u00e4nde brauchst<\/li>\n<\/ul>\n<h2><b>Gr\u00f6ssenempfehlung:<\/b><\/h2>\n<ul>\n<li>S = 158 &#8211; 169 cm<\/li>\n<li>M = 164 &#8211; 175 cm<\/li>\n<li>L = 170 &#8211; 181 cm<\/li>\n<\/ul>\n","protected":false},"excerpt":{"rendered":"<h2>Liv Embolden E+ 1<\/h2>\n<div class=\"flex-1 overflow-hidden\">\n<div class=\"react-scroll-to-bottom--css-mqkxp-79elbk h-full\">\n<div class=\"react-scroll-to-bottom--css-mqkxp-1n7m0yu\">\n<div class=\"flex flex-col pb-9 text-sm\">\n<div class=\"w-full text-token-text-primary\" data-testid=\"conversation-turn-3\">\n<div class=\"px-4 py-2 justify-center text-base md:gap-6 m-auto\">\n<div class=\"flex flex-1 text-base mx-auto gap-3 md:px-5 lg:px-1 xl:px-5 md:max-w-3xl lg:max-w-[40rem] xl:max-w-[48rem] group final-completion\">\n<div class=\"relative flex w-full flex-col agent-turn\">\n<div class=\"flex-col gap-1 md:gap-3\">\n<div class=\"flex flex-grow flex-col max-w-full\">\n<div class=\"min-h-[20px] text-message flex flex-col items-start gap-3 whitespace-pre-wrap break-words [.text-message+&amp;]:mt-5 overflow-x-auto\" data-message-author-role=\"assistant\" data-message-id=\"3b047b94-9c63-486b-8b19-fa8481b20f2c\">\n<div class=\"markdown prose w-full break-words dark:prose-invert light\">\n<div class=\"item col-md-4 col-sm-12\">\n<p>Das Embolden E+ sorgt mit seinem neuen und leistungsstarken SyncDrive Sport Motor und dem 625 Wh Akku f\u00fcr jede Menge Spass auch auf kniffeligen Trails und bietet dir die M\u00f6glichkeit, deinen Radius extrem zu erweitern und ganz neue Gebiete zu erfahren. Das Full-Suspension-Bike verf\u00fcgt \u00fcber einen robusten aber leichten ALUXX SL Aluminium-Rahmen mit FlexPoint-Federung und 125 mm Federweg hinten sowie satten 140 mm vorne. Die trailfreudige Geometrie und die 29 Zoll Laufr\u00e4der sind sowohl f\u00fcr ambitionierte MTB-Fans als auch f\u00fcr Einsteigerinnen gut geeignet, sorgen f\u00fcr ein komfortables \u00dcberrollverhalten und machen auch wurzelige, steinige und anspruchsvolle Pfade selbstbewusst bezwingbar. Der neue SyncDrive Sport Motor unterst\u00fctzt dich mit einem Drehmoment von bis zu 75 Nm und l\u00e4sst sich \u00fcber 5 Modi individuell auf deinen Bedarf einstellen. Der integrierte Akku verschwindet fast unsichtbar im Unterrohr und die Giant RideControl Dash 2in1 Steuereinheit mit integriertem Farbdisplay f\u00fcgt sich clean ins Lenkerdesign ein. \u00dcber die GIANT RideControl App 2.0 stehen dir zus\u00e4tzlich zahlreiche Navigations-, Gesundheits- und Fitnessfunktionen direkt auf dem Smartphone zur Verf\u00fcgung.<\/p>\n<\/div>\n<h2><b>\u00dcber die Marke Liv<\/b><\/h2>\n<\/div>\n<\/div>\n<\/div>\n<\/div>\n<\/div>\n<\/div>\n<\/div>\n<\/div>\n<\/div>\n<\/div>\n<\/div>\n<\/div>\n<p>Liv E-Bikes sind hochwertige, innovative E-Bikes, die voll und ganz auf die Bed\u00fcrfnisse von Frauen ausgerichtet sind. Nach dem Motto \u201cVon Frauen \u2013 F\u00fcr Frauen\u201d setzt man bei Liv E-Bikes auf leistungsstarke Mountain und Outdoor E-Bikes, welche Dich zuverl\u00e4ssig durchs Gel\u00e4nde cruisen lassen.<\/p>\n","protected":false},"featured_media":59672,"comment_status":"open","ping_status":"closed","template":"","meta":{"_acf_changed":false},"product_brand":[],"product_cat":[583,15,3248,578,2089,2309,24,3265,4481,12089,12181],"product_tag":[],"class_list":{"0":"post-58024","1":"product","2":"type-product","3":"status-publish","4":"has-post-thumbnail","6":"product_cat-25-km","7":"product_cat-alle-e-bikes","8":"product_cat-blau","9":"product_cat-damen","10":"product_cat-e-bikes","11":"product_cat-e-mountain-fully","12":"product_cat-e-mountain","13":"product_cat-marke-liv","14":"product_cat-mybikeplan","15":"product_cat-test-drive","16":"product_cat-sale_600","17":"pa_back-wheel-maxxis-dissector-27-5x2-4xs-29x2-40s-m-l-foldable-wt-tlr-exo-60tpi","18":"pa_battery-energypak-smart-625energypak-plus-250wh-range-extender-compatible","19":"pa_battery-size-625-wh","20":"pa_brakes-front-tektro-hd-m750-orion-4-piston-hydraulic-disc-203mm","21":"pa_brakes-rear-tektro-hd-m750-orion-4-piston-hydraulic-disc-203mm","22":"pa_brand-liv","23":"pa_filters-color-blau","24":"pa_fork-rockshox-35-silver-140mm-tapered-steerer-110x15-thru-axle","25":"pa_frame-variant-diamant","26":"pa_front-wheel-maxxis-minion-dhf-27x2-5xs-29x2-50s-m-l-foldable-tlr-exo-60tpi","27":"pa_gear-change-shimano-deore-12-speed","28":"pa_gears-12-gaenge","29":"pa_hex-color-a0bec6","30":"pa_motor-syncdrive-sport2-75nm-powered-by-yamaha","31":"pa_range-100-130-km","32":"pa_rider-height-155-160-cm","33":"pa_rider-height-160-165-cm","34":"pa_rider-height-165-170-cm","35":"pa_rider-height-170-175-cm","36":"pa_rider-height-175-180-cm","37":"pa_rider-height-180-185-cm","38":"pa_seat-tube-length-l","39":"pa_seat-tube-length-m","40":"pa_seat-tube-length-s-2","41":"pa_sizes-l","42":"pa_sizes-m","43":"pa_sizes-s","44":"pa_speed-25-km-stunde","45":"pa_suspension-travel-140-mm-vorne-125-mm-hinten","46":"pa_wheel-size-762","48":"first","49":"instock","50":"shipping-taxable","51":"purchasable","52":"product-type-variable"},"acf":{"short_description":"Sp\u00fcre den Rausch auf dem Embolden E+ 1. Ein Full-Suspension E-Mountainbike, mit dem Du auch anspruchsvolle Trails knackst, Anstiege meisterst und Hindernisse mit Selbstvertrauen \u00fcberwindest. Jetzt ist nichts mehr tabu.","bike_name":"Liv Embolden E+ 1","highlight_text":"","frame":"","battery_size":"","motor_strength":""},"yoast_head":"<!-- This site is optimized with the Yoast SEO plugin v24.5 - https:\/\/yoast.com\/wordpress\/plugins\/seo\/ -->\n<title>Liv Embolden E+ 1 | E-Bike Schweiz | 0 % Zins<\/title>\n<meta name=\"description\" content=\"Bestelle jetzt das Liv Embolden E+ 1 E-Bike! Zahle mit zinsfreier Ratenzahlung und geniesse unsere gratis Heimlieferung.\" \/>\n<meta name=\"robots\" content=\"noindex, follow, max-snippet:-1, max-image-preview:large, max-video-preview:-1\" \/>\n<meta property=\"og:locale\" content=\"de_DE\" \/>\n<meta property=\"og:type\" content=\"article\" \/>\n<meta property=\"og:title\" content=\"Liv Embolden E+ 1 | E-Bike Schweiz | 0 % Zins\" \/>\n<meta property=\"og:description\" content=\"Bestelle jetzt das Liv Embolden E+ 1 E-Bike! Zahle mit zinsfreier Ratenzahlung und geniesse unsere gratis Heimlieferung.\" \/>\n<meta property=\"og:url\" content=\"https:\/\/listings.mybikeplan.ch\/de\/produkt\/liv-embolden-e-1\/\" \/>\n<meta property=\"og:site_name\" content=\"MyBikePlan\" \/>\n<meta property=\"article:modified_time\" content=\"2025-04-08T11:34:04+00:00\" \/>\n<meta property=\"og:image\" content=\"https:\/\/listings.mybikeplan.ch\/wp-content\/uploads\/2024\/02\/Liv-Embolden-E-1-1.jpg\" \/>\n\t<meta property=\"og:image:width\" content=\"1000\" \/>\n\t<meta property=\"og:image:height\" content=\"1000\" \/>\n\t<meta property=\"og:image:type\" content=\"image\/jpeg\" \/>\n<meta name=\"twitter:card\" content=\"summary_large_image\" \/>\n<meta name=\"twitter:label1\" content=\"Gesch\u00e4tzte Lesezeit\" \/>\n\t<meta name=\"twitter:data1\" content=\"1\u00a0Minute\" \/>\n<script type=\"application\/ld+json\" class=\"yoast-schema-graph\">{\"@context\":\"https:\/\/schema.org\",\"@graph\":[{\"@type\":\"WebPage\",\"@id\":\"https:\/\/listings.mybikeplan.ch\/de\/produkt\/liv-embolden-e-1\/\",\"url\":\"https:\/\/listings.mybikeplan.ch\/de\/produkt\/liv-embolden-e-1\/\",\"name\":\"Liv Embolden E+ 1 | E-Bike Schweiz | 0 % Zins\",\"isPartOf\":{\"@id\":\"https:\/\/listings.mybikeplan.ch\/de\/#website\"},\"primaryImageOfPage\":{\"@id\":\"https:\/\/listings.mybikeplan.ch\/de\/produkt\/liv-embolden-e-1\/#primaryimage\"},\"image\":{\"@id\":\"https:\/\/listings.mybikeplan.ch\/de\/produkt\/liv-embolden-e-1\/#primaryimage\"},\"thumbnailUrl\":\"https:\/\/listings.mybikeplan.ch\/wp-content\/uploads\/2024\/02\/Liv-Embolden-E-1-1.jpg\",\"datePublished\":\"2024-02-13T13:36:53+00:00\",\"dateModified\":\"2025-04-08T11:34:04+00:00\",\"description\":\"Bestelle jetzt das Liv Embolden E+ 1 E-Bike! Zahle mit zinsfreier Ratenzahlung und geniesse unsere gratis Heimlieferung.\",\"breadcrumb\":{\"@id\":\"https:\/\/listings.mybikeplan.ch\/de\/produkt\/liv-embolden-e-1\/#breadcrumb\"},\"inLanguage\":\"de\",\"potentialAction\":[{\"@type\":\"ReadAction\",\"target\":[\"https:\/\/listings.mybikeplan.ch\/de\/produkt\/liv-embolden-e-1\/\"]}]},{\"@type\":\"ImageObject\",\"inLanguage\":\"de\",\"@id\":\"https:\/\/listings.mybikeplan.ch\/de\/produkt\/liv-embolden-e-1\/#primaryimage\",\"url\":\"https:\/\/listings.mybikeplan.ch\/wp-content\/uploads\/2024\/02\/Liv-Embolden-E-1-1.jpg\",\"contentUrl\":\"https:\/\/listings.mybikeplan.ch\/wp-content\/uploads\/2024\/02\/Liv-Embolden-E-1-1.jpg\",\"width\":1000,\"height\":1000},{\"@type\":\"BreadcrumbList\",\"@id\":\"https:\/\/listings.mybikeplan.ch\/de\/produkt\/liv-embolden-e-1\/#breadcrumb\",\"itemListElement\":[{\"@type\":\"ListItem\",\"position\":1,\"name\":\"Home\",\"item\":\"https:\/\/listings.mybikeplan.ch\/de\/\"},{\"@type\":\"ListItem\",\"position\":2,\"name\":\"Liv Embolden E+ 1\"}]},{\"@type\":\"WebSite\",\"@id\":\"https:\/\/listings.mybikeplan.ch\/de\/#website\",\"url\":\"https:\/\/listings.mybikeplan.ch\/de\/\",\"name\":\"MyBikePlan\",\"description\":\"\",\"potentialAction\":[{\"@type\":\"SearchAction\",\"target\":{\"@type\":\"EntryPoint\",\"urlTemplate\":\"https:\/\/listings.mybikeplan.ch\/de\/?s={search_term_string}\"},\"query-input\":{\"@type\":\"PropertyValueSpecification\",\"valueRequired\":true,\"valueName\":\"search_term_string\"}}],\"inLanguage\":\"de\"}]}<\/script>\n<!-- \/ Yoast SEO plugin. -->","yoast_head_json":{"title":"Liv Embolden E+ 1 | E-Bike Schweiz | 0 % Zins","description":"Bestelle jetzt das Liv Embolden E+ 1 E-Bike! Zahle mit zinsfreier Ratenzahlung und geniesse unsere gratis Heimlieferung.","robots":{"index":"noindex","follow":"follow","max-snippet":"max-snippet:-1","max-image-preview":"max-image-preview:large","max-video-preview":"max-video-preview:-1"},"og_locale":"de_DE","og_type":"article","og_title":"Liv Embolden E+ 1 | E-Bike Schweiz | 0 % Zins","og_description":"Bestelle jetzt das Liv Embolden E+ 1 E-Bike! Zahle mit zinsfreier Ratenzahlung und geniesse unsere gratis Heimlieferung.","og_url":"https:\/\/listings.mybikeplan.ch\/de\/produkt\/liv-embolden-e-1\/","og_site_name":"MyBikePlan","article_modified_time":"2025-04-08T11:34:04+00:00","og_image":[{"width":1000,"height":1000,"url":"https:\/\/listings.mybikeplan.ch\/wp-content\/uploads\/2024\/02\/Liv-Embolden-E-1-1.jpg","type":"image\/jpeg"}],"twitter_card":"summary_large_image","twitter_misc":{"Gesch\u00e4tzte Lesezeit":"1\u00a0Minute"},"schema":{"@context":"https:\/\/schema.org","@graph":[{"@type":"WebPage","@id":"https:\/\/listings.mybikeplan.ch\/de\/produkt\/liv-embolden-e-1\/","url":"https:\/\/listings.mybikeplan.ch\/de\/produkt\/liv-embolden-e-1\/","name":"Liv Embolden E+ 1 | E-Bike Schweiz | 0 % Zins","isPartOf":{"@id":"https:\/\/listings.mybikeplan.ch\/de\/#website"},"primaryImageOfPage":{"@id":"https:\/\/listings.mybikeplan.ch\/de\/produkt\/liv-embolden-e-1\/#primaryimage"},"image":{"@id":"https:\/\/listings.mybikeplan.ch\/de\/produkt\/liv-embolden-e-1\/#primaryimage"},"thumbnailUrl":"https:\/\/listings.mybikeplan.ch\/wp-content\/uploads\/2024\/02\/Liv-Embolden-E-1-1.jpg","datePublished":"2024-02-13T13:36:53+00:00","dateModified":"2025-04-08T11:34:04+00:00","description":"Bestelle jetzt das Liv Embolden E+ 1 E-Bike! Zahle mit zinsfreier Ratenzahlung und geniesse unsere gratis Heimlieferung.","breadcrumb":{"@id":"https:\/\/listings.mybikeplan.ch\/de\/produkt\/liv-embolden-e-1\/#breadcrumb"},"inLanguage":"de","potentialAction":[{"@type":"ReadAction","target":["https:\/\/listings.mybikeplan.ch\/de\/produkt\/liv-embolden-e-1\/"]}]},{"@type":"ImageObject","inLanguage":"de","@id":"https:\/\/listings.mybikeplan.ch\/de\/produkt\/liv-embolden-e-1\/#primaryimage","url":"https:\/\/listings.mybikeplan.ch\/wp-content\/uploads\/2024\/02\/Liv-Embolden-E-1-1.jpg","contentUrl":"https:\/\/listings.mybikeplan.ch\/wp-content\/uploads\/2024\/02\/Liv-Embolden-E-1-1.jpg","width":1000,"height":1000},{"@type":"BreadcrumbList","@id":"https:\/\/listings.mybikeplan.ch\/de\/produkt\/liv-embolden-e-1\/#breadcrumb","itemListElement":[{"@type":"ListItem","position":1,"name":"Home","item":"https:\/\/listings.mybikeplan.ch\/de\/"},{"@type":"ListItem","position":2,"name":"Liv Embolden E+ 1"}]},{"@type":"WebSite","@id":"https:\/\/listings.mybikeplan.ch\/de\/#website","url":"https:\/\/listings.mybikeplan.ch\/de\/","name":"MyBikePlan","description":"","potentialAction":[{"@type":"SearchAction","target":{"@type":"EntryPoint","urlTemplate":"https:\/\/listings.mybikeplan.ch\/de\/?s={search_term_string}"},"query-input":{"@type":"PropertyValueSpecification","valueRequired":true,"valueName":"search_term_string"}}],"inLanguage":"de"}]}},"_links":{"self":[{"href":"https:\/\/listings.mybikeplan.ch\/de\/wp-json\/wp\/v2\/product\/58024","targetHints":{"allow":["GET"]}}],"collection":[{"href":"https:\/\/listings.mybikeplan.ch\/de\/wp-json\/wp\/v2\/product"}],"about":[{"href":"https:\/\/listings.mybikeplan.ch\/de\/wp-json\/wp\/v2\/types\/product"}],"replies":[{"embeddable":true,"href":"https:\/\/listings.mybikeplan.ch\/de\/wp-json\/wp\/v2\/comments?post=58024"}],"wp:featuredmedia":[{"embeddable":true,"href":"https:\/\/listings.mybikeplan.ch\/de\/wp-json\/wp\/v2\/media\/59672"}],"wp:attachment":[{"href":"https:\/\/listings.mybikeplan.ch\/de\/wp-json\/wp\/v2\/media?parent=58024"}],"wp:term":[{"taxonomy":"product_brand","embeddable":true,"href":"https:\/\/listings.mybikeplan.ch\/de\/wp-json\/wp\/v2\/product_brand?post=58024"},{"taxonomy":"product_cat","embeddable":true,"href":"https:\/\/listings.mybikeplan.ch\/de\/wp-json\/wp\/v2\/product_cat?post=58024"},{"taxonomy":"product_tag","embeddable":true,"href":"https:\/\/listings.mybikeplan.ch\/de\/wp-json\/wp\/v2\/product_tag?post=58024"}],"curies":[{"name":"wp","href":"https:\/\/api.w.org\/{rel}","templated":true}]}}