{"id":57949,"date":"2024-02-13T12:48:00","date_gmt":"2024-02-13T12:48:00","guid":{"rendered":"https:\/\/listings.mybikeplan.ch\/?post_type=product&#038;p=57949"},"modified":"2025-02-19T12:47:16","modified_gmt":"2025-02-19T12:47:16","slug":"giant-trance-x-e-1","status":"publish","type":"product","link":"https:\/\/listings.mybikeplan.ch\/de\/produkt\/giant-trance-x-e-1\/","title":{"rendered":"Giant Trance X E+ 1"},"content":{"rendered":"<h2><b>Das Wichtigste zum Giant Trance X E+ 1:\u00a0<\/b><\/h2>\n<ul>\n<li style=\"font-weight: 400;\" aria-level=\"1\">vollgefedertes E-MTB mit 140 mm Federweg hinten und 150 mm Federweg vorne<\/li>\n<li aria-level=\"1\">Leistungsstarker Motor mit 85 Nm<\/li>\n<li aria-level=\"1\">Unterst\u00fctzung von bis zu 400 Prozent zu Deiner eigenen Muskelkraft<\/li>\n<\/ul>\n<h2><b>Das Giant Trance X E+ 1 ist perfekt f\u00fcr Dich, wenn Du:<\/b><\/h2>\n<ul>\n<li style=\"font-weight: 400;\" aria-level=\"1\">auf der Suche nach einem hochwertigen E-MTB bist<\/li>\n<li aria-level=\"1\">bei der Qualit\u00e4t keine Abstriche machst<\/li>\n<li aria-level=\"1\">Dich neu herausfordern m\u00f6chtest<\/li>\n<\/ul>\n<h2><b>Gr\u00f6ssenempfehlung:<\/b><\/h2>\n<ul>\n<li>S = 163 &#8211; 174 cm<\/li>\n<li>M = 171 &#8211; 182 cm<\/li>\n<li>L = 179 &#8211; 190 cm<\/li>\n<\/ul>\n","protected":false},"excerpt":{"rendered":"<h2>Giant Trance X E+ 1<\/h2>\n<div class=\"item col-md-4 col-sm-12\">\n<p>Der SyncDrive Pro-Motor bietet ausreichend Power mit einem Drehmoment von 85 Nm und einstellbarer Unterst\u00fctzung von bis zu 400 Prozent zu Deiner eigenen Muskelkraft. Die Smart Assist-Technologie sorgt trotz immenser Power f\u00fcr ein sanftes und nat\u00fcrliches Fahrgef\u00fchl, und setzt intelligent dosiert ein, sobald Du Deine Kraft auf die Pedale bringst. So hast Du immer die richtige Unterst\u00fctzung auch in steilen H\u00e4ngen und bei niedrigen Geschwindigkeiten.<\/p>\n<div class=\"item col-md-4 col-sm-12\">\n<p>Das Maestro-Feder-System ist optimal auf die 29-Zoll-Laufr\u00e4der abgestimmt. Mit 140 mm Federweg hinten und 150 mm Federweg vorne rollt das Trance souver\u00e4n und ruhig \u00fcber schwierige Wurzel-Passagen oder durch technisch anspruchsvolles Terrain und gibt Dir das Selbstvertrauen, um auch den ruppigsten Singeltrack mit Bravour zu meistern.<\/p>\n<\/div>\n<div class=\"item col-md-4 col-sm-12\">\n<div id=\"keyperformancefactors\">\n<div class=\"row\">\n<div class=\"item col-md-4 col-sm-12\">\n<p>Mit der neuen Flip-Chip-Funktion kannst Du den Winkel des Steuerrohrs und des Sitzrohrs sowie die Tretlagerh\u00f6he \u00e4ndern, um das Fahrverhalten an unterschiedliche Trail-Bedingungen und deinen individuellen Fahrstil anzupassen. So ver\u00e4nderst Du die gesamte Geometrie und kannst w\u00e4hlen zwischen niedriger Position f\u00fcr schnelles, aggressives Terrain oder hoher Position f\u00fcr eine eher XC-orientierte Sitzposition.<\/p>\n<\/div>\n<\/div>\n<\/div>\n<\/div>\n<\/div>\n<h2><b>\u00dcber die Marke Giant<\/b><\/h2>\n<p>GIANT ist DER Velohersteller \u00fcberhaupt: Seit \u00fcber 40 Jahren setzt das Unternehmen neue Massst\u00e4be im Velomarkt \u2013 zuletzt mit seinen innovativen GIANT E-Bikes, die mit hochwertigen Komponenten und cleverer Innovation begeistern. Hier erwartet Dich h\u00f6chste Qualit\u00e4t von einer etablierten Traditionsmarke.<\/p>\n","protected":false},"featured_media":57957,"comment_status":"open","ping_status":"closed","template":"","meta":{"_acf_changed":false},"product_brand":[],"product_cat":[583,15,3248,578,2089,2309,24,579,3245,4481,12291,3247,12619],"product_tag":[],"class_list":{"0":"post-57949","1":"product","2":"type-product","3":"status-publish","4":"has-post-thumbnail","6":"product_cat-25-km","7":"product_cat-alle-e-bikes","8":"product_cat-blau","9":"product_cat-damen","10":"product_cat-e-bikes","11":"product_cat-e-mountain-fully","12":"product_cat-e-mountain","13":"product_cat-herren","14":"product_cat-marke-giant","15":"product_cat-mybikeplan","16":"product_cat-sale_1300","17":"product_cat-schwarz","18":"product_cat-soh_1500","19":"pa_back-wheel-maxxis-dissector-29x2-6-foldable-tubeless-exo-3c-maxxterra","20":"pa_battery-giant-energypak-800wh-22700-lithium-cell-technology-aluminium-casing-with-highest-safety-standard-en50604-co2-neutral-production-giant-energypak-plus-250-range-extender-compatible","21":"pa_battery-size-800-wh","22":"pa_brakes-front-shimano-deore-xt-br-m8120-4-piston-hydraulic-disc-220mm","23":"pa_brakes-rear-shimano-deore-xt-br-m8120-4-piston-hydraulic-disc-203mm","24":"pa_brand-giant","25":"pa_filters-color-blau","26":"pa_filters-color-schwarz","27":"pa_fork-fox-36-float-performance-e-tuned-29er-150mm-travel-44mm-offset-grip-3-position-micro-adjust-damper-kabolt-x-110","28":"pa_frame-variant-diamant","29":"pa_front-wheel-maxxis-minion-dhf-29x2-6-foldable-tubeless-exo-3c-maxxterra","30":"pa_gear-change-shimano-deore-xt-12-speed-shadow","31":"pa_gears-12-gaenge","32":"pa_hex-color-2c3441","33":"pa_motor-giant-syncdrive-pro2-85nm-pedalplus-6-sensor-technology","34":"pa_rider-height-160-165-cm","35":"pa_rider-height-165-170-cm","36":"pa_rider-height-170-175-cm","37":"pa_rider-height-175-180-cm","38":"pa_rider-height-180-185-cm","39":"pa_rider-height-185-190-cm","40":"pa_seat-tube-length-l","41":"pa_seat-tube-length-m","42":"pa_seat-tube-length-s-2","43":"pa_sizes-l","44":"pa_sizes-m","45":"pa_sizes-s","46":"pa_speed-25-km-stunde","47":"pa_suspension-travel-140-mm-hinten-150-mm-vorne","48":"pa_wheel-size-762","50":"first","51":"instock","52":"shipping-taxable","53":"purchasable","54":"product-type-variable"},"acf":{"short_description":"Knackige Anstiege, wilde Abfahrten und ruppige Singletrails: Das Trance ist f\u00fcr jeden Spass zu haben. Mit diesem leistungsstarken E-MTB hebst Du Dein Trail-Abenteuer auf das n\u00e4chste Level.","bike_name":"Giant Trance X E+ 1","highlight_text":"","frame":"","battery_size":"","motor_strength":""},"yoast_head":"<!-- This site is optimized with the Yoast SEO plugin v24.5 - https:\/\/yoast.com\/wordpress\/plugins\/seo\/ -->\n<title>Giant Trance X E+ 1 | E-Bike Schweiz | 0 % Zins<\/title>\n<meta name=\"description\" content=\"Bestelle jetzt das Giant Trance X E+ 1 E-Bike! Zahle mit zinsfreier Ratenzahlung und geniesse unsere gratis Heimlieferung.\" \/>\n<meta name=\"robots\" content=\"noindex, follow, max-snippet:-1, max-image-preview:large, max-video-preview:-1\" \/>\n<meta property=\"og:locale\" content=\"de_DE\" \/>\n<meta property=\"og:type\" content=\"article\" \/>\n<meta property=\"og:title\" content=\"Giant Trance X E+ 1 | E-Bike Schweiz | 0 % Zins\" \/>\n<meta property=\"og:description\" content=\"Bestelle jetzt das Giant Trance X E+ 1 E-Bike! Zahle mit zinsfreier Ratenzahlung und geniesse unsere gratis Heimlieferung.\" \/>\n<meta property=\"og:url\" content=\"https:\/\/listings.mybikeplan.ch\/de\/produkt\/giant-trance-x-e-1\/\" \/>\n<meta property=\"og:site_name\" content=\"MyBikePlan\" \/>\n<meta property=\"article:modified_time\" content=\"2025-02-19T12:47:16+00:00\" \/>\n<meta property=\"og:image\" content=\"https:\/\/listings.mybikeplan.ch\/wp-content\/uploads\/2024\/02\/Giant-Trance-X-E-1.jpg\" \/>\n\t<meta property=\"og:image:width\" content=\"1000\" \/>\n\t<meta property=\"og:image:height\" content=\"1000\" \/>\n\t<meta property=\"og:image:type\" content=\"image\/jpeg\" \/>\n<meta name=\"twitter:card\" content=\"summary_large_image\" \/>\n<meta name=\"twitter:label1\" content=\"Gesch\u00e4tzte Lesezeit\" \/>\n\t<meta name=\"twitter:data1\" content=\"1\u00a0Minute\" \/>\n<script type=\"application\/ld+json\" class=\"yoast-schema-graph\">{\"@context\":\"https:\/\/schema.org\",\"@graph\":[{\"@type\":\"WebPage\",\"@id\":\"https:\/\/listings.mybikeplan.ch\/de\/produkt\/giant-trance-x-e-1\/\",\"url\":\"https:\/\/listings.mybikeplan.ch\/de\/produkt\/giant-trance-x-e-1\/\",\"name\":\"Giant Trance X E+ 1 | E-Bike Schweiz | 0 % Zins\",\"isPartOf\":{\"@id\":\"https:\/\/listings.mybikeplan.ch\/de\/#website\"},\"primaryImageOfPage\":{\"@id\":\"https:\/\/listings.mybikeplan.ch\/de\/produkt\/giant-trance-x-e-1\/#primaryimage\"},\"image\":{\"@id\":\"https:\/\/listings.mybikeplan.ch\/de\/produkt\/giant-trance-x-e-1\/#primaryimage\"},\"thumbnailUrl\":\"https:\/\/listings.mybikeplan.ch\/wp-content\/uploads\/2024\/02\/Giant-Trance-X-E-1.jpg\",\"datePublished\":\"2024-02-13T12:48:00+00:00\",\"dateModified\":\"2025-02-19T12:47:16+00:00\",\"description\":\"Bestelle jetzt das Giant Trance X E+ 1 E-Bike! Zahle mit zinsfreier Ratenzahlung und geniesse unsere gratis Heimlieferung.\",\"breadcrumb\":{\"@id\":\"https:\/\/listings.mybikeplan.ch\/de\/produkt\/giant-trance-x-e-1\/#breadcrumb\"},\"inLanguage\":\"de\",\"potentialAction\":[{\"@type\":\"ReadAction\",\"target\":[\"https:\/\/listings.mybikeplan.ch\/de\/produkt\/giant-trance-x-e-1\/\"]}]},{\"@type\":\"ImageObject\",\"inLanguage\":\"de\",\"@id\":\"https:\/\/listings.mybikeplan.ch\/de\/produkt\/giant-trance-x-e-1\/#primaryimage\",\"url\":\"https:\/\/listings.mybikeplan.ch\/wp-content\/uploads\/2024\/02\/Giant-Trance-X-E-1.jpg\",\"contentUrl\":\"https:\/\/listings.mybikeplan.ch\/wp-content\/uploads\/2024\/02\/Giant-Trance-X-E-1.jpg\",\"width\":1000,\"height\":1000},{\"@type\":\"BreadcrumbList\",\"@id\":\"https:\/\/listings.mybikeplan.ch\/de\/produkt\/giant-trance-x-e-1\/#breadcrumb\",\"itemListElement\":[{\"@type\":\"ListItem\",\"position\":1,\"name\":\"Home\",\"item\":\"https:\/\/listings.mybikeplan.ch\/de\/\"},{\"@type\":\"ListItem\",\"position\":2,\"name\":\"Giant Trance X E+ 1\"}]},{\"@type\":\"WebSite\",\"@id\":\"https:\/\/listings.mybikeplan.ch\/de\/#website\",\"url\":\"https:\/\/listings.mybikeplan.ch\/de\/\",\"name\":\"MyBikePlan\",\"description\":\"\",\"potentialAction\":[{\"@type\":\"SearchAction\",\"target\":{\"@type\":\"EntryPoint\",\"urlTemplate\":\"https:\/\/listings.mybikeplan.ch\/de\/?s={search_term_string}\"},\"query-input\":{\"@type\":\"PropertyValueSpecification\",\"valueRequired\":true,\"valueName\":\"search_term_string\"}}],\"inLanguage\":\"de\"}]}<\/script>\n<!-- \/ Yoast SEO plugin. -->","yoast_head_json":{"title":"Giant Trance X E+ 1 | E-Bike Schweiz | 0 % Zins","description":"Bestelle jetzt das Giant Trance X E+ 1 E-Bike! Zahle mit zinsfreier Ratenzahlung und geniesse unsere gratis Heimlieferung.","robots":{"index":"noindex","follow":"follow","max-snippet":"max-snippet:-1","max-image-preview":"max-image-preview:large","max-video-preview":"max-video-preview:-1"},"og_locale":"de_DE","og_type":"article","og_title":"Giant Trance X E+ 1 | E-Bike Schweiz | 0 % Zins","og_description":"Bestelle jetzt das Giant Trance X E+ 1 E-Bike! Zahle mit zinsfreier Ratenzahlung und geniesse unsere gratis Heimlieferung.","og_url":"https:\/\/listings.mybikeplan.ch\/de\/produkt\/giant-trance-x-e-1\/","og_site_name":"MyBikePlan","article_modified_time":"2025-02-19T12:47:16+00:00","og_image":[{"width":1000,"height":1000,"url":"https:\/\/listings.mybikeplan.ch\/wp-content\/uploads\/2024\/02\/Giant-Trance-X-E-1.jpg","type":"image\/jpeg"}],"twitter_card":"summary_large_image","twitter_misc":{"Gesch\u00e4tzte Lesezeit":"1\u00a0Minute"},"schema":{"@context":"https:\/\/schema.org","@graph":[{"@type":"WebPage","@id":"https:\/\/listings.mybikeplan.ch\/de\/produkt\/giant-trance-x-e-1\/","url":"https:\/\/listings.mybikeplan.ch\/de\/produkt\/giant-trance-x-e-1\/","name":"Giant Trance X E+ 1 | E-Bike Schweiz | 0 % Zins","isPartOf":{"@id":"https:\/\/listings.mybikeplan.ch\/de\/#website"},"primaryImageOfPage":{"@id":"https:\/\/listings.mybikeplan.ch\/de\/produkt\/giant-trance-x-e-1\/#primaryimage"},"image":{"@id":"https:\/\/listings.mybikeplan.ch\/de\/produkt\/giant-trance-x-e-1\/#primaryimage"},"thumbnailUrl":"https:\/\/listings.mybikeplan.ch\/wp-content\/uploads\/2024\/02\/Giant-Trance-X-E-1.jpg","datePublished":"2024-02-13T12:48:00+00:00","dateModified":"2025-02-19T12:47:16+00:00","description":"Bestelle jetzt das Giant Trance X E+ 1 E-Bike! Zahle mit zinsfreier Ratenzahlung und geniesse unsere gratis Heimlieferung.","breadcrumb":{"@id":"https:\/\/listings.mybikeplan.ch\/de\/produkt\/giant-trance-x-e-1\/#breadcrumb"},"inLanguage":"de","potentialAction":[{"@type":"ReadAction","target":["https:\/\/listings.mybikeplan.ch\/de\/produkt\/giant-trance-x-e-1\/"]}]},{"@type":"ImageObject","inLanguage":"de","@id":"https:\/\/listings.mybikeplan.ch\/de\/produkt\/giant-trance-x-e-1\/#primaryimage","url":"https:\/\/listings.mybikeplan.ch\/wp-content\/uploads\/2024\/02\/Giant-Trance-X-E-1.jpg","contentUrl":"https:\/\/listings.mybikeplan.ch\/wp-content\/uploads\/2024\/02\/Giant-Trance-X-E-1.jpg","width":1000,"height":1000},{"@type":"BreadcrumbList","@id":"https:\/\/listings.mybikeplan.ch\/de\/produkt\/giant-trance-x-e-1\/#breadcrumb","itemListElement":[{"@type":"ListItem","position":1,"name":"Home","item":"https:\/\/listings.mybikeplan.ch\/de\/"},{"@type":"ListItem","position":2,"name":"Giant Trance X E+ 1"}]},{"@type":"WebSite","@id":"https:\/\/listings.mybikeplan.ch\/de\/#website","url":"https:\/\/listings.mybikeplan.ch\/de\/","name":"MyBikePlan","description":"","potentialAction":[{"@type":"SearchAction","target":{"@type":"EntryPoint","urlTemplate":"https:\/\/listings.mybikeplan.ch\/de\/?s={search_term_string}"},"query-input":{"@type":"PropertyValueSpecification","valueRequired":true,"valueName":"search_term_string"}}],"inLanguage":"de"}]}},"_links":{"self":[{"href":"https:\/\/listings.mybikeplan.ch\/de\/wp-json\/wp\/v2\/product\/57949","targetHints":{"allow":["GET"]}}],"collection":[{"href":"https:\/\/listings.mybikeplan.ch\/de\/wp-json\/wp\/v2\/product"}],"about":[{"href":"https:\/\/listings.mybikeplan.ch\/de\/wp-json\/wp\/v2\/types\/product"}],"replies":[{"embeddable":true,"href":"https:\/\/listings.mybikeplan.ch\/de\/wp-json\/wp\/v2\/comments?post=57949"}],"wp:featuredmedia":[{"embeddable":true,"href":"https:\/\/listings.mybikeplan.ch\/de\/wp-json\/wp\/v2\/media\/57957"}],"wp:attachment":[{"href":"https:\/\/listings.mybikeplan.ch\/de\/wp-json\/wp\/v2\/media?parent=57949"}],"wp:term":[{"taxonomy":"product_brand","embeddable":true,"href":"https:\/\/listings.mybikeplan.ch\/de\/wp-json\/wp\/v2\/product_brand?post=57949"},{"taxonomy":"product_cat","embeddable":true,"href":"https:\/\/listings.mybikeplan.ch\/de\/wp-json\/wp\/v2\/product_cat?post=57949"},{"taxonomy":"product_tag","embeddable":true,"href":"https:\/\/listings.mybikeplan.ch\/de\/wp-json\/wp\/v2\/product_tag?post=57949"}],"curies":[{"name":"wp","href":"https:\/\/api.w.org\/{rel}","templated":true}]}}