{"id":57869,"date":"2024-02-09T13:10:50","date_gmt":"2024-02-09T13:10:50","guid":{"rendered":"https:\/\/listings.mybikeplan.ch\/?post_type=product&#038;p=57869"},"modified":"2025-04-07T11:04:28","modified_gmt":"2025-04-07T11:04:28","slug":"giant-stance-e-2","status":"publish","type":"product","link":"https:\/\/listings.mybikeplan.ch\/de\/produkt\/giant-stance-e-2\/","title":{"rendered":"Giant Stance E+ 2"},"content":{"rendered":"<h2><b>Das Wichtigste zum Giant Stance E+ 2:\u00a0<\/b><\/h2>\n<ul>\n<li style=\"font-weight: 400;\" aria-level=\"1\">Mountain E-Bike<\/li>\n<li aria-level=\"1\">Motor mit 75 Nm<\/li>\n<li aria-level=\"1\">140 mm Federweg<\/li>\n<li aria-level=\"1\">29&#8220; R\u00e4der<\/li>\n<\/ul>\n<h2><b>Das Giant Stance E+ 2 ist perfekt f\u00fcr Dich, wenn Du:<\/b><\/h2>\n<ul>\n<li style=\"font-weight: 400;\" aria-level=\"1\">steile Abfahrten und herausfordernde Trails bew\u00e4ltigen willst<\/li>\n<li aria-level=\"1\">ein E-MTB suchst, das bei der Qualit\u00e4t keine Abstriche macht<\/li>\n<li aria-level=\"1\">Wert legst auf souver\u00e4nes Handling<\/li>\n<\/ul>\n<h2><b>Gr\u00f6ssenempfehlung:<\/b><\/h2>\n<ul>\n<li>S = 163 &#8211; 174 cm<\/li>\n<li>M = 171 &#8211; 182 cm<\/li>\n<li>L = 179 &#8211; 190 cm<\/li>\n<li>XL = 187 &#8211; 198 cm<\/li>\n<\/ul>\n","protected":false},"excerpt":{"rendered":"<h2>Giant Stance E+ 2<\/h2>\n<p>Dieses E-MTB verf\u00fcgt \u00fcber einen leistungsstarken Motor, eine ausgewogene Federung und eine intuitive und dezent integrierte Steuerung, die Dein Trail-Abenteuer auf ein ganz neues Niveau heben.<\/p>\n<p>Der neue kompakte SyncDrive Sport2-Motor unterst\u00fctzt Dich mit einem Drehmoment von bis zu 75 Nm, selbst bei niedriger Trittfrequenz im technischen Gel\u00e4nde. Dabei arbeitet er dank Smart Assist-Technologie sanft abgestimmt und angenehm leise. Der ALUXX SL-Aluminiumrahmen mit FlexPoint-Feder-Technologie und 125 mm Federweg in Kombination mit 29-Zoll-R\u00e4dern sorgen f\u00fcr einen sicheren, stabilen Lauf bei voller Kontrolle auf technischen Trails und im schnellen Gel\u00e4nde. Der EnergyPak 500 Wh bietet eine enorme Reichweite und der integrierte Akku macht das Aufladen schnell und einfach.<\/p>\n<h2><b>\u00dcber die Marke Giant<\/b><\/h2>\n<p>GIANT ist DER Velohersteller \u00fcberhaupt: Seit \u00fcber 40 Jahren setzt das Unternehmen neue Massst\u00e4be im Velomarkt \u2013 zuletzt mit seinen innovativen GIANT E-Bikes, die mit hochwertigen Komponenten und cleverer Innovation begeistern. Hier erwartet Dich h\u00f6chste Qualit\u00e4t von einer etablierten Traditionsmarke.<\/p>\n","protected":false},"featured_media":57877,"comment_status":"open","ping_status":"closed","template":"","meta":{"_acf_changed":false},"product_brand":[],"product_cat":[583,15,12569,578,582,2089,2309,24,579,3245,4481,12270,3247],"product_tag":[],"class_list":{"0":"post-57869","1":"product","2":"type-product","3":"status-publish","4":"has-post-thumbnail","6":"product_cat-25-km","7":"product_cat-alle-e-bikes","8":"product_cat-best_sellers","9":"product_cat-damen","10":"product_cat-diamant","11":"product_cat-e-bikes","12":"product_cat-e-mountain-fully","13":"product_cat-e-mountain","14":"product_cat-herren","15":"product_cat-marke-giant","16":"product_cat-mybikeplan","17":"product_cat-sale_800","18":"product_cat-schwarz","19":"pa_back-wheel-maxxis-dissector-29x2-40-foldable-wt-tlr-exo-60tpi","20":"pa_battery-giant-energypak-625wh","21":"pa_battery-size-625-wh","22":"pa_brakes-front-tektro-hd-m745-orion-4-piston-hydraulic-disc-203mm","23":"pa_brakes-rear-tektro-hd-m745-orion-4-piston-hydraulic-disc-203mm","24":"pa_brand-giant","25":"pa_filters-color-schwarz","26":"pa_fork-sr-suntour-xcr-34-lo-r-140mm-travel-tapered-steerer-lockout-110x15-thru-axle","27":"pa_frame-variant-diamant","28":"pa_front-wheel-maxxis-minion-dhf-29x2-50-foldable-tlr-exo-60tpi","29":"pa_gear-change-shimano-deore-linkglide-10-speed","30":"pa_gears-10-gaenge","31":"pa_hex-color-729","32":"pa_motor-giant-syncdrive-sport2-75nm-pedalplus-6-sensor-technology","33":"pa_rider-height-160-165-cm","34":"pa_rider-height-165-170-cm","35":"pa_rider-height-170-175-cm","36":"pa_rider-height-175-180-cm","37":"pa_rider-height-180-185-cm","38":"pa_rider-height-185-190-cm","39":"pa_rider-height-190-195-cm","40":"pa_rider-height-195-200-cm","41":"pa_seat-tube-length-l","42":"pa_seat-tube-length-m","43":"pa_seat-tube-length-s-2","44":"pa_seat-tube-length-xl","45":"pa_sizes-l","46":"pa_sizes-m","47":"pa_sizes-s","48":"pa_sizes-xl","49":"pa_speed-25-km-stunde","50":"pa_suspension-travel-140-mm","51":"pa_weight-25-8-kg","52":"pa_wheel-size-762","54":"first","55":"instock","56":"shipping-taxable","57":"purchasable","58":"product-type-variable"},"acf":{"short_description":"Bezwinge schwierige Trails mit Vertrauen und Spass pur bei voller Kontrolle.","bike_name":"Giant Stance E+ 2","highlight_text":"","frame":"","battery_size":"","motor_strength":""},"yoast_head":"<!-- This site is optimized with the Yoast SEO plugin v24.5 - https:\/\/yoast.com\/wordpress\/plugins\/seo\/ -->\n<title>Giant Stance E+ 2 | E-Bike Schweiz | 0 % Zins<\/title>\n<meta name=\"description\" content=\"Bestelle jetzt das Giant Stance E+ 2 E-Bike! Zahle mit zinsfreier Ratenzahlung und geniesse unsere gratis Heimlieferung.\" \/>\n<meta name=\"robots\" content=\"noindex, follow, max-snippet:-1, max-image-preview:large, max-video-preview:-1\" \/>\n<meta property=\"og:locale\" content=\"de_DE\" \/>\n<meta property=\"og:type\" content=\"article\" \/>\n<meta property=\"og:title\" content=\"Giant Stance E+ 2 | E-Bike Schweiz | 0 % Zins\" \/>\n<meta property=\"og:description\" content=\"Bestelle jetzt das Giant Stance E+ 2 E-Bike! Zahle mit zinsfreier Ratenzahlung und geniesse unsere gratis Heimlieferung.\" \/>\n<meta property=\"og:url\" content=\"https:\/\/listings.mybikeplan.ch\/de\/produkt\/giant-stance-e-2\/\" \/>\n<meta property=\"og:site_name\" content=\"MyBikePlan\" \/>\n<meta property=\"article:modified_time\" content=\"2025-04-07T11:04:28+00:00\" \/>\n<meta property=\"og:image\" content=\"https:\/\/listings.mybikeplan.ch\/wp-content\/uploads\/2024\/02\/Giant-Stance-E-2.jpg\" \/>\n\t<meta property=\"og:image:width\" content=\"1000\" \/>\n\t<meta property=\"og:image:height\" content=\"1000\" \/>\n\t<meta property=\"og:image:type\" content=\"image\/jpeg\" \/>\n<meta name=\"twitter:card\" content=\"summary_large_image\" \/>\n<meta name=\"twitter:label1\" content=\"Gesch\u00e4tzte Lesezeit\" \/>\n\t<meta name=\"twitter:data1\" content=\"1\u00a0Minute\" \/>\n<script type=\"application\/ld+json\" class=\"yoast-schema-graph\">{\"@context\":\"https:\/\/schema.org\",\"@graph\":[{\"@type\":\"WebPage\",\"@id\":\"https:\/\/listings.mybikeplan.ch\/de\/produkt\/giant-stance-e-2\/\",\"url\":\"https:\/\/listings.mybikeplan.ch\/de\/produkt\/giant-stance-e-2\/\",\"name\":\"Giant Stance E+ 2 | E-Bike Schweiz | 0 % Zins\",\"isPartOf\":{\"@id\":\"https:\/\/listings.mybikeplan.ch\/de\/#website\"},\"primaryImageOfPage\":{\"@id\":\"https:\/\/listings.mybikeplan.ch\/de\/produkt\/giant-stance-e-2\/#primaryimage\"},\"image\":{\"@id\":\"https:\/\/listings.mybikeplan.ch\/de\/produkt\/giant-stance-e-2\/#primaryimage\"},\"thumbnailUrl\":\"https:\/\/listings.mybikeplan.ch\/wp-content\/uploads\/2024\/02\/Giant-Stance-E-2.jpg\",\"datePublished\":\"2024-02-09T13:10:50+00:00\",\"dateModified\":\"2025-04-07T11:04:28+00:00\",\"description\":\"Bestelle jetzt das Giant Stance E+ 2 E-Bike! Zahle mit zinsfreier Ratenzahlung und geniesse unsere gratis Heimlieferung.\",\"breadcrumb\":{\"@id\":\"https:\/\/listings.mybikeplan.ch\/de\/produkt\/giant-stance-e-2\/#breadcrumb\"},\"inLanguage\":\"de\",\"potentialAction\":[{\"@type\":\"ReadAction\",\"target\":[\"https:\/\/listings.mybikeplan.ch\/de\/produkt\/giant-stance-e-2\/\"]}]},{\"@type\":\"ImageObject\",\"inLanguage\":\"de\",\"@id\":\"https:\/\/listings.mybikeplan.ch\/de\/produkt\/giant-stance-e-2\/#primaryimage\",\"url\":\"https:\/\/listings.mybikeplan.ch\/wp-content\/uploads\/2024\/02\/Giant-Stance-E-2.jpg\",\"contentUrl\":\"https:\/\/listings.mybikeplan.ch\/wp-content\/uploads\/2024\/02\/Giant-Stance-E-2.jpg\",\"width\":1000,\"height\":1000},{\"@type\":\"BreadcrumbList\",\"@id\":\"https:\/\/listings.mybikeplan.ch\/de\/produkt\/giant-stance-e-2\/#breadcrumb\",\"itemListElement\":[{\"@type\":\"ListItem\",\"position\":1,\"name\":\"Home\",\"item\":\"https:\/\/listings.mybikeplan.ch\/de\/\"},{\"@type\":\"ListItem\",\"position\":2,\"name\":\"Giant Stance E+ 2\"}]},{\"@type\":\"WebSite\",\"@id\":\"https:\/\/listings.mybikeplan.ch\/de\/#website\",\"url\":\"https:\/\/listings.mybikeplan.ch\/de\/\",\"name\":\"MyBikePlan\",\"description\":\"\",\"potentialAction\":[{\"@type\":\"SearchAction\",\"target\":{\"@type\":\"EntryPoint\",\"urlTemplate\":\"https:\/\/listings.mybikeplan.ch\/de\/?s={search_term_string}\"},\"query-input\":{\"@type\":\"PropertyValueSpecification\",\"valueRequired\":true,\"valueName\":\"search_term_string\"}}],\"inLanguage\":\"de\"}]}<\/script>\n<!-- \/ Yoast SEO plugin. -->","yoast_head_json":{"title":"Giant Stance E+ 2 | E-Bike Schweiz | 0 % Zins","description":"Bestelle jetzt das Giant Stance E+ 2 E-Bike! Zahle mit zinsfreier Ratenzahlung und geniesse unsere gratis Heimlieferung.","robots":{"index":"noindex","follow":"follow","max-snippet":"max-snippet:-1","max-image-preview":"max-image-preview:large","max-video-preview":"max-video-preview:-1"},"og_locale":"de_DE","og_type":"article","og_title":"Giant Stance E+ 2 | E-Bike Schweiz | 0 % Zins","og_description":"Bestelle jetzt das Giant Stance E+ 2 E-Bike! Zahle mit zinsfreier Ratenzahlung und geniesse unsere gratis Heimlieferung.","og_url":"https:\/\/listings.mybikeplan.ch\/de\/produkt\/giant-stance-e-2\/","og_site_name":"MyBikePlan","article_modified_time":"2025-04-07T11:04:28+00:00","og_image":[{"width":1000,"height":1000,"url":"https:\/\/listings.mybikeplan.ch\/wp-content\/uploads\/2024\/02\/Giant-Stance-E-2.jpg","type":"image\/jpeg"}],"twitter_card":"summary_large_image","twitter_misc":{"Gesch\u00e4tzte Lesezeit":"1\u00a0Minute"},"schema":{"@context":"https:\/\/schema.org","@graph":[{"@type":"WebPage","@id":"https:\/\/listings.mybikeplan.ch\/de\/produkt\/giant-stance-e-2\/","url":"https:\/\/listings.mybikeplan.ch\/de\/produkt\/giant-stance-e-2\/","name":"Giant Stance E+ 2 | E-Bike Schweiz | 0 % Zins","isPartOf":{"@id":"https:\/\/listings.mybikeplan.ch\/de\/#website"},"primaryImageOfPage":{"@id":"https:\/\/listings.mybikeplan.ch\/de\/produkt\/giant-stance-e-2\/#primaryimage"},"image":{"@id":"https:\/\/listings.mybikeplan.ch\/de\/produkt\/giant-stance-e-2\/#primaryimage"},"thumbnailUrl":"https:\/\/listings.mybikeplan.ch\/wp-content\/uploads\/2024\/02\/Giant-Stance-E-2.jpg","datePublished":"2024-02-09T13:10:50+00:00","dateModified":"2025-04-07T11:04:28+00:00","description":"Bestelle jetzt das Giant Stance E+ 2 E-Bike! Zahle mit zinsfreier Ratenzahlung und geniesse unsere gratis Heimlieferung.","breadcrumb":{"@id":"https:\/\/listings.mybikeplan.ch\/de\/produkt\/giant-stance-e-2\/#breadcrumb"},"inLanguage":"de","potentialAction":[{"@type":"ReadAction","target":["https:\/\/listings.mybikeplan.ch\/de\/produkt\/giant-stance-e-2\/"]}]},{"@type":"ImageObject","inLanguage":"de","@id":"https:\/\/listings.mybikeplan.ch\/de\/produkt\/giant-stance-e-2\/#primaryimage","url":"https:\/\/listings.mybikeplan.ch\/wp-content\/uploads\/2024\/02\/Giant-Stance-E-2.jpg","contentUrl":"https:\/\/listings.mybikeplan.ch\/wp-content\/uploads\/2024\/02\/Giant-Stance-E-2.jpg","width":1000,"height":1000},{"@type":"BreadcrumbList","@id":"https:\/\/listings.mybikeplan.ch\/de\/produkt\/giant-stance-e-2\/#breadcrumb","itemListElement":[{"@type":"ListItem","position":1,"name":"Home","item":"https:\/\/listings.mybikeplan.ch\/de\/"},{"@type":"ListItem","position":2,"name":"Giant Stance E+ 2"}]},{"@type":"WebSite","@id":"https:\/\/listings.mybikeplan.ch\/de\/#website","url":"https:\/\/listings.mybikeplan.ch\/de\/","name":"MyBikePlan","description":"","potentialAction":[{"@type":"SearchAction","target":{"@type":"EntryPoint","urlTemplate":"https:\/\/listings.mybikeplan.ch\/de\/?s={search_term_string}"},"query-input":{"@type":"PropertyValueSpecification","valueRequired":true,"valueName":"search_term_string"}}],"inLanguage":"de"}]}},"_links":{"self":[{"href":"https:\/\/listings.mybikeplan.ch\/de\/wp-json\/wp\/v2\/product\/57869","targetHints":{"allow":["GET"]}}],"collection":[{"href":"https:\/\/listings.mybikeplan.ch\/de\/wp-json\/wp\/v2\/product"}],"about":[{"href":"https:\/\/listings.mybikeplan.ch\/de\/wp-json\/wp\/v2\/types\/product"}],"replies":[{"embeddable":true,"href":"https:\/\/listings.mybikeplan.ch\/de\/wp-json\/wp\/v2\/comments?post=57869"}],"wp:featuredmedia":[{"embeddable":true,"href":"https:\/\/listings.mybikeplan.ch\/de\/wp-json\/wp\/v2\/media\/57877"}],"wp:attachment":[{"href":"https:\/\/listings.mybikeplan.ch\/de\/wp-json\/wp\/v2\/media?parent=57869"}],"wp:term":[{"taxonomy":"product_brand","embeddable":true,"href":"https:\/\/listings.mybikeplan.ch\/de\/wp-json\/wp\/v2\/product_brand?post=57869"},{"taxonomy":"product_cat","embeddable":true,"href":"https:\/\/listings.mybikeplan.ch\/de\/wp-json\/wp\/v2\/product_cat?post=57869"},{"taxonomy":"product_tag","embeddable":true,"href":"https:\/\/listings.mybikeplan.ch\/de\/wp-json\/wp\/v2\/product_tag?post=57869"}],"curies":[{"name":"wp","href":"https:\/\/api.w.org\/{rel}","templated":true}]}}