{"id":57790,"date":"2024-02-09T12:35:24","date_gmt":"2024-02-09T12:35:24","guid":{"rendered":"https:\/\/listings.mybikeplan.ch\/?post_type=product&#038;p=57790"},"modified":"2025-02-04T15:43:47","modified_gmt":"2025-02-04T15:43:47","slug":"giant-reign-e-2","status":"publish","type":"product","link":"https:\/\/listings.mybikeplan.ch\/de\/produkt\/giant-reign-e-2\/","title":{"rendered":"Giant Reign E+ 2"},"content":{"rendered":"<h2><b>Das Wichtigste zum Giant Reign E+ 2:\u00a0<\/b><\/h2>\n<ul>\n<li style=\"font-weight: 400;\" aria-level=\"1\">Mountain E-Bike<\/li>\n<li aria-level=\"1\">Motor mit starken 85 Nm<\/li>\n<li aria-level=\"1\">800 Wh EnergyPak Akku<\/li>\n<li aria-level=\"1\">Maestro-Hinterradfederung mit 170 mm Federweg<\/li>\n<\/ul>\n<h2><b>Das Giant Reign E+ 2 ist perfekt f\u00fcr Dich, wenn Du:<\/b><\/h2>\n<ul>\n<li style=\"font-weight: 400;\" aria-level=\"1\">steile Abfahrten und herausfordernde Trails bew\u00e4ltigen willst<\/li>\n<li aria-level=\"1\">ein E-MTB suchst, das bei der Qualit\u00e4t keine Abstriche macht<\/li>\n<\/ul>\n<h2><b>Gr\u00f6ssenempfehlung:<\/b><\/h2>\n<ul>\n<li>S = 163 &#8211; 174 cm<\/li>\n<li>M = 171 &#8211; 182 cm<\/li>\n<li>L = 179 &#8211; 190 cm<\/li>\n<\/ul>\n","protected":false},"excerpt":{"rendered":"<h2>Giant Reign E+ 2<\/h2>\n<div class=\"item col-md-4 col-sm-12\">\n<p>Die bew\u00e4hrte Maestro-Hinterradfederung mit 170 mm Federweg und die leistungsstarke, kompakte SyncDrive Pro-Motortechnologie steigern Deine F\u00e4higkeiten bei steilen Anstiegen und ruppigen Abfahrten. Die aktualisierte Geometrie mit k\u00fcrzerem Hinterbau und l\u00e4ngerem Reach erm\u00f6glicht \u00fcberragendes Handling und Agilit\u00e4t im technischen Terrain.<\/p>\n<\/div>\n<div class=\"item col-md-4 col-sm-12\">\n<p>Die Konsole RideControl Ergo 3 bietet integrierte, benutzerfreundliche Tastensteuerung mit einfacher Bedienung. Mit der Giant E-Bike RideControl App 2.0 erh\u00e4ltst Du zus\u00e4tzliche Tuning-Optionen, E-Bike-spezifisches Fitness-Daten und Navigation auf Deinem Smartphone.<\/p>\n<p>Der leistungsstarke 800 Wh starke EnergyPak Akku integriert sich dezent in den Rahmen und bietet Dir ausreichend Power f\u00fcr stundenlangen Trail-Spass im Gel\u00e4nde.<\/p>\n<\/div>\n<h2><b>\u00dcber die Marke Giant<\/b><\/h2>\n<p>GIANT ist DER Velohersteller \u00fcberhaupt: Seit \u00fcber 40 Jahren setzt das Unternehmen neue Massst\u00e4be im Velomarkt \u2013 zuletzt mit seinen innovativen GIANT E-Bikes, die mit hochwertigen Komponenten und cleverer Innovation begeistern. Hier erwartet Dich h\u00f6chste Qualit\u00e4t von einer etablierten Traditionsmarke.<\/p>\n","protected":false},"featured_media":57798,"comment_status":"open","ping_status":"closed","template":"","meta":{"_acf_changed":false},"product_brand":[],"product_cat":[583,15,578,582,2089,2309,24,579,3245,4481,3252,11799],"product_tag":[],"class_list":{"0":"post-57790","1":"product","2":"type-product","3":"status-publish","4":"has-post-thumbnail","6":"product_cat-25-km","7":"product_cat-alle-e-bikes","8":"product_cat-damen","9":"product_cat-diamant","10":"product_cat-e-bikes","11":"product_cat-e-mountain-fully","12":"product_cat-e-mountain","13":"product_cat-herren","14":"product_cat-marke-giant","15":"product_cat-mybikeplan","16":"product_cat-rot","17":"product_cat-sale_1000","18":"pa_back-wheel-maxxis-high-roller-ii-27-5x2-5-foldable-tubeless-doubledown-3c-maxxterra-compound","19":"pa_battery-energypak-smart-800-energypak-plus-range-extender-compatible-exclude-s-size","20":"pa_battery-size-800-wh","21":"pa_brakes-front-shimano-slx-br-m7120-4-piston-hydraulic-disc-203mm","22":"pa_brakes-rear-shimano-slx-br-m7120-4-piston-hydraulic-disc-203mm","23":"pa_brand-giant","24":"pa_filters-color-rot","25":"pa_fork-rockshox-zeb-select-29er-170mm-travel-charger-rc-damper-15x110-boost-maxle-stealth-e-bike-approved","26":"pa_frame-variant-diamant","27":"pa_front-wheel-maxxis-minion-dhf-29x2-6-foldable-tubeless-exo-3c-maxxterra","28":"pa_gear-change-shimano-deore-slx-12-speed-shadow","29":"pa_gears-12-gaenge","30":"pa_hex-color-5a3837","31":"pa_motor-syncdrive-pro-85nm-powered-by-yamaha","32":"pa_rider-height-160-165-cm","33":"pa_rider-height-165-170-cm","34":"pa_rider-height-170-175-cm","35":"pa_rider-height-175-180-cm","36":"pa_rider-height-180-185-cm","37":"pa_rider-height-185-190-cm","38":"pa_seat-tube-length-l","39":"pa_seat-tube-length-m","40":"pa_seat-tube-length-s-2","41":"pa_sizes-l","42":"pa_sizes-m","43":"pa_sizes-s","44":"pa_speed-25-km-stunde","45":"pa_suspension-travel-170-mm","46":"pa_weight-256-kg","47":"pa_wheel-size-29-vorne-27-5-hinten","49":"first","50":"instock","51":"shipping-taxable","52":"purchasable","53":"product-type-variable"},"acf":{"short_description":"Jeder Trail, jeder steile Anstieg, jede aufregende Abfahrt. Getestet und entwickelt von den E-Bike-Enduro-Profis von Giant, gibt Dir das Reign E+ die Power, um die besten und h\u00e4rtesten Trails immer wieder zu bezwingen.","bike_name":"Giant Reign E+ 2","highlight_text":"","frame":"","battery_size":"","motor_strength":""},"yoast_head":"<!-- This site is optimized with the Yoast SEO plugin v24.5 - https:\/\/yoast.com\/wordpress\/plugins\/seo\/ -->\n<title>Giant Reign E+ 2 | E-Bike Schweiz | 0 % Zins<\/title>\n<meta name=\"description\" content=\"Bestelle jetzt das Giant Reign E+ 2 E-Bike! Zahle mit zinsfreier Ratenzahlung und geniesse unsere gratis Heimlieferung.\" \/>\n<meta name=\"robots\" content=\"noindex, follow, max-snippet:-1, max-image-preview:large, max-video-preview:-1\" \/>\n<meta property=\"og:locale\" content=\"de_DE\" \/>\n<meta property=\"og:type\" content=\"article\" \/>\n<meta property=\"og:title\" content=\"Giant Reign E+ 2 | E-Bike Schweiz | 0 % Zins\" \/>\n<meta property=\"og:description\" content=\"Bestelle jetzt das Giant Reign E+ 2 E-Bike! Zahle mit zinsfreier Ratenzahlung und geniesse unsere gratis Heimlieferung.\" \/>\n<meta property=\"og:url\" content=\"https:\/\/listings.mybikeplan.ch\/de\/produkt\/giant-reign-e-2\/\" \/>\n<meta property=\"og:site_name\" content=\"MyBikePlan\" \/>\n<meta property=\"article:modified_time\" content=\"2025-02-04T15:43:47+00:00\" \/>\n<meta property=\"og:image\" content=\"https:\/\/listings.mybikeplan.ch\/wp-content\/uploads\/2024\/02\/Giant-Reign-E-2.jpg\" \/>\n\t<meta property=\"og:image:width\" content=\"1000\" \/>\n\t<meta property=\"og:image:height\" content=\"1000\" \/>\n\t<meta property=\"og:image:type\" content=\"image\/jpeg\" \/>\n<meta name=\"twitter:card\" content=\"summary_large_image\" \/>\n<meta name=\"twitter:label1\" content=\"Gesch\u00e4tzte Lesezeit\" \/>\n\t<meta name=\"twitter:data1\" content=\"1\u00a0Minute\" \/>\n<script type=\"application\/ld+json\" class=\"yoast-schema-graph\">{\"@context\":\"https:\/\/schema.org\",\"@graph\":[{\"@type\":\"WebPage\",\"@id\":\"https:\/\/listings.mybikeplan.ch\/de\/produkt\/giant-reign-e-2\/\",\"url\":\"https:\/\/listings.mybikeplan.ch\/de\/produkt\/giant-reign-e-2\/\",\"name\":\"Giant Reign E+ 2 | E-Bike Schweiz | 0 % Zins\",\"isPartOf\":{\"@id\":\"https:\/\/listings.mybikeplan.ch\/de\/#website\"},\"primaryImageOfPage\":{\"@id\":\"https:\/\/listings.mybikeplan.ch\/de\/produkt\/giant-reign-e-2\/#primaryimage\"},\"image\":{\"@id\":\"https:\/\/listings.mybikeplan.ch\/de\/produkt\/giant-reign-e-2\/#primaryimage\"},\"thumbnailUrl\":\"https:\/\/listings.mybikeplan.ch\/wp-content\/uploads\/2024\/02\/Giant-Reign-E-2.jpg\",\"datePublished\":\"2024-02-09T12:35:24+00:00\",\"dateModified\":\"2025-02-04T15:43:47+00:00\",\"description\":\"Bestelle jetzt das Giant Reign E+ 2 E-Bike! Zahle mit zinsfreier Ratenzahlung und geniesse unsere gratis Heimlieferung.\",\"breadcrumb\":{\"@id\":\"https:\/\/listings.mybikeplan.ch\/de\/produkt\/giant-reign-e-2\/#breadcrumb\"},\"inLanguage\":\"de\",\"potentialAction\":[{\"@type\":\"ReadAction\",\"target\":[\"https:\/\/listings.mybikeplan.ch\/de\/produkt\/giant-reign-e-2\/\"]}]},{\"@type\":\"ImageObject\",\"inLanguage\":\"de\",\"@id\":\"https:\/\/listings.mybikeplan.ch\/de\/produkt\/giant-reign-e-2\/#primaryimage\",\"url\":\"https:\/\/listings.mybikeplan.ch\/wp-content\/uploads\/2024\/02\/Giant-Reign-E-2.jpg\",\"contentUrl\":\"https:\/\/listings.mybikeplan.ch\/wp-content\/uploads\/2024\/02\/Giant-Reign-E-2.jpg\",\"width\":1000,\"height\":1000},{\"@type\":\"BreadcrumbList\",\"@id\":\"https:\/\/listings.mybikeplan.ch\/de\/produkt\/giant-reign-e-2\/#breadcrumb\",\"itemListElement\":[{\"@type\":\"ListItem\",\"position\":1,\"name\":\"Home\",\"item\":\"https:\/\/listings.mybikeplan.ch\/de\/\"},{\"@type\":\"ListItem\",\"position\":2,\"name\":\"Giant Reign E+ 2\"}]},{\"@type\":\"WebSite\",\"@id\":\"https:\/\/listings.mybikeplan.ch\/de\/#website\",\"url\":\"https:\/\/listings.mybikeplan.ch\/de\/\",\"name\":\"MyBikePlan\",\"description\":\"\",\"potentialAction\":[{\"@type\":\"SearchAction\",\"target\":{\"@type\":\"EntryPoint\",\"urlTemplate\":\"https:\/\/listings.mybikeplan.ch\/de\/?s={search_term_string}\"},\"query-input\":{\"@type\":\"PropertyValueSpecification\",\"valueRequired\":true,\"valueName\":\"search_term_string\"}}],\"inLanguage\":\"de\"}]}<\/script>\n<!-- \/ Yoast SEO plugin. -->","yoast_head_json":{"title":"Giant Reign E+ 2 | E-Bike Schweiz | 0 % Zins","description":"Bestelle jetzt das Giant Reign E+ 2 E-Bike! Zahle mit zinsfreier Ratenzahlung und geniesse unsere gratis Heimlieferung.","robots":{"index":"noindex","follow":"follow","max-snippet":"max-snippet:-1","max-image-preview":"max-image-preview:large","max-video-preview":"max-video-preview:-1"},"og_locale":"de_DE","og_type":"article","og_title":"Giant Reign E+ 2 | E-Bike Schweiz | 0 % Zins","og_description":"Bestelle jetzt das Giant Reign E+ 2 E-Bike! Zahle mit zinsfreier Ratenzahlung und geniesse unsere gratis Heimlieferung.","og_url":"https:\/\/listings.mybikeplan.ch\/de\/produkt\/giant-reign-e-2\/","og_site_name":"MyBikePlan","article_modified_time":"2025-02-04T15:43:47+00:00","og_image":[{"width":1000,"height":1000,"url":"https:\/\/listings.mybikeplan.ch\/wp-content\/uploads\/2024\/02\/Giant-Reign-E-2.jpg","type":"image\/jpeg"}],"twitter_card":"summary_large_image","twitter_misc":{"Gesch\u00e4tzte Lesezeit":"1\u00a0Minute"},"schema":{"@context":"https:\/\/schema.org","@graph":[{"@type":"WebPage","@id":"https:\/\/listings.mybikeplan.ch\/de\/produkt\/giant-reign-e-2\/","url":"https:\/\/listings.mybikeplan.ch\/de\/produkt\/giant-reign-e-2\/","name":"Giant Reign E+ 2 | E-Bike Schweiz | 0 % Zins","isPartOf":{"@id":"https:\/\/listings.mybikeplan.ch\/de\/#website"},"primaryImageOfPage":{"@id":"https:\/\/listings.mybikeplan.ch\/de\/produkt\/giant-reign-e-2\/#primaryimage"},"image":{"@id":"https:\/\/listings.mybikeplan.ch\/de\/produkt\/giant-reign-e-2\/#primaryimage"},"thumbnailUrl":"https:\/\/listings.mybikeplan.ch\/wp-content\/uploads\/2024\/02\/Giant-Reign-E-2.jpg","datePublished":"2024-02-09T12:35:24+00:00","dateModified":"2025-02-04T15:43:47+00:00","description":"Bestelle jetzt das Giant Reign E+ 2 E-Bike! Zahle mit zinsfreier Ratenzahlung und geniesse unsere gratis Heimlieferung.","breadcrumb":{"@id":"https:\/\/listings.mybikeplan.ch\/de\/produkt\/giant-reign-e-2\/#breadcrumb"},"inLanguage":"de","potentialAction":[{"@type":"ReadAction","target":["https:\/\/listings.mybikeplan.ch\/de\/produkt\/giant-reign-e-2\/"]}]},{"@type":"ImageObject","inLanguage":"de","@id":"https:\/\/listings.mybikeplan.ch\/de\/produkt\/giant-reign-e-2\/#primaryimage","url":"https:\/\/listings.mybikeplan.ch\/wp-content\/uploads\/2024\/02\/Giant-Reign-E-2.jpg","contentUrl":"https:\/\/listings.mybikeplan.ch\/wp-content\/uploads\/2024\/02\/Giant-Reign-E-2.jpg","width":1000,"height":1000},{"@type":"BreadcrumbList","@id":"https:\/\/listings.mybikeplan.ch\/de\/produkt\/giant-reign-e-2\/#breadcrumb","itemListElement":[{"@type":"ListItem","position":1,"name":"Home","item":"https:\/\/listings.mybikeplan.ch\/de\/"},{"@type":"ListItem","position":2,"name":"Giant Reign E+ 2"}]},{"@type":"WebSite","@id":"https:\/\/listings.mybikeplan.ch\/de\/#website","url":"https:\/\/listings.mybikeplan.ch\/de\/","name":"MyBikePlan","description":"","potentialAction":[{"@type":"SearchAction","target":{"@type":"EntryPoint","urlTemplate":"https:\/\/listings.mybikeplan.ch\/de\/?s={search_term_string}"},"query-input":{"@type":"PropertyValueSpecification","valueRequired":true,"valueName":"search_term_string"}}],"inLanguage":"de"}]}},"_links":{"self":[{"href":"https:\/\/listings.mybikeplan.ch\/de\/wp-json\/wp\/v2\/product\/57790","targetHints":{"allow":["GET"]}}],"collection":[{"href":"https:\/\/listings.mybikeplan.ch\/de\/wp-json\/wp\/v2\/product"}],"about":[{"href":"https:\/\/listings.mybikeplan.ch\/de\/wp-json\/wp\/v2\/types\/product"}],"replies":[{"embeddable":true,"href":"https:\/\/listings.mybikeplan.ch\/de\/wp-json\/wp\/v2\/comments?post=57790"}],"wp:featuredmedia":[{"embeddable":true,"href":"https:\/\/listings.mybikeplan.ch\/de\/wp-json\/wp\/v2\/media\/57798"}],"wp:attachment":[{"href":"https:\/\/listings.mybikeplan.ch\/de\/wp-json\/wp\/v2\/media?parent=57790"}],"wp:term":[{"taxonomy":"product_brand","embeddable":true,"href":"https:\/\/listings.mybikeplan.ch\/de\/wp-json\/wp\/v2\/product_brand?post=57790"},{"taxonomy":"product_cat","embeddable":true,"href":"https:\/\/listings.mybikeplan.ch\/de\/wp-json\/wp\/v2\/product_cat?post=57790"},{"taxonomy":"product_tag","embeddable":true,"href":"https:\/\/listings.mybikeplan.ch\/de\/wp-json\/wp\/v2\/product_tag?post=57790"}],"curies":[{"name":"wp","href":"https:\/\/api.w.org\/{rel}","templated":true}]}}