{"id":57650,"date":"2024-02-08T10:51:37","date_gmt":"2024-02-08T10:51:37","guid":{"rendered":"https:\/\/listings.mybikeplan.ch\/?post_type=product&#038;p=57650"},"modified":"2025-03-13T09:40:40","modified_gmt":"2025-03-13T09:40:40","slug":"cilo-urbanflea-ccl03-grey","status":"publish","type":"product","link":"https:\/\/listings.mybikeplan.ch\/de\/produkt\/cilo-urbanflea-ccl03-grey\/","title":{"rendered":"Cilo Urbanflea CCL\u00b003"},"content":{"rendered":"<h2><b>Das Wichtigste zum Cilo Urbanflea CCL\u00b003:\u00a0<\/b><\/h2>\n<ul>\n<li style=\"font-weight: 400;\" aria-level=\"1\"><span style=\"font-weight: 400;\">City E-Bike im klassischen Stil<\/span><\/li>\n<li style=\"font-weight: 400;\" aria-level=\"1\">\n<div class=\"col-lg-6 col-12 specification ng-star-inserted expanded\">\n<div class=\"row\"><span class=\"col-8 text-break fadeable\">Motor: Shimano Steps E5000, 40Nm<\/span><\/div>\n<\/div>\n<\/li>\n<li style=\"font-weight: 400;\" aria-level=\"1\">Shimano BT-E8035, 504 Wh Akku<\/li>\n<\/ul>\n<h2><b>Das Cilo Urbanflea CCL\u00b003\u00a0 ist perfekt f\u00fcr Dich, wenn Du:<\/b><\/h2>\n<ul>\n<li style=\"font-weight: 400;\" aria-level=\"1\"><span style=\"font-weight: 400;\">In der Stadt wohnst<\/span><\/li>\n<li style=\"font-weight: 400;\" aria-level=\"1\"><span style=\"font-weight: 400;\">Deinen Alltag effizienter gestalten willst<\/span><\/li>\n<li style=\"font-weight: 400;\" aria-level=\"1\"><span style=\"font-weight: 400;\">Deinen mittel-weiten Arbeitsweg in diesem Fr\u00fchling sportlich, zeiteffizient und schweissfrei bew\u00e4ltigen willst<\/span><\/li>\n<\/ul>\n<h2><b>Gr\u00f6ssenempfehlung:<\/b><\/h2>\n<ul>\n<li><span style=\"font-weight: 400;\">S : 44cm = 160cm &#8211; 170cm<\/span><\/li>\n<li><span style=\"font-weight: 400;\">M : 48cm = 170cm &#8211; 185cm<\/span><\/li>\n<\/ul>\n","protected":false},"excerpt":{"rendered":"<h2>Cilo Urbanflea CCL\u00b003<\/h2>\n<p>Wenn Du gerne und oft mit dem Velo in der Stadt unterwegs bist und ganz entspannt fahren m\u00f6chtest, ist das Cilo Urbanflea CCL\u00b003 genau die richtige Entscheidung. Der Elektromotor unterst\u00fctzt Dich bei Bedarf: So wird jede Tour zum Kinderspiel und Du geniesst immer vollen Fahrspass. Das Cilo Urbanflea CCL\u00b003 bietet f\u00fcr kurze und l\u00e4ngere Touren flexible, unabh\u00e4ngige und optimale Elektro-Mobilit\u00e4t. Ob aus Zeitersparnis, aus Liebe zum Komfort oder weil die Unterst\u00fctzung des Motors ben\u00f6tigt wird, das Fahren mit dem Cilo Urbanflea CCL\u00b003 macht immer Spass und erleichtert Deinen Alltag.<\/p>\n<h2><b>\u00dcber die Marke Cilo<\/b><\/h2>\n<p><a href=\"https:\/\/www.mybikeplan.ch\/marken\/cilo-ebikes\">Cilo<\/a> ist die f\u00fchrende Schweizer Fahrradmarke. Das Unternehmen wurde 1904 gegr\u00fcndet und verf\u00fcgt \u00fcber ein grosses Know-how und tief verwurzelte Werte, die mit den Cilo E-Bikes bis heute verfolgt werden. So entwickelt sich das Unternehmen st\u00e4ndig weiter und m\u00f6chte der Kundschaft das h\u00f6chste Mass an Komfort und Funktionalit\u00e4t bieten. Das Angebot von Cilo E-Bikes ist breit gef\u00e4chert und umfasst Mountain E-Bikes, Trekking E-Bikes und City E-Bikes.<\/p>\n","protected":false},"featured_media":57662,"comment_status":"open","ping_status":"closed","template":"","meta":{"_acf_changed":false},"product_brand":[],"product_cat":[583,15,578,2089,21,3250,579,3742,76,4481,7789,499,580],"product_tag":[],"class_list":{"0":"post-57650","1":"product","2":"type-product","3":"status-publish","4":"has-post-thumbnail","6":"product_cat-25-km","7":"product_cat-alle-e-bikes","8":"product_cat-damen","9":"product_cat-e-bikes","10":"product_cat-e-urban","11":"product_cat-grau","12":"product_cat-herren","13":"product_cat-homepage","14":"product_cat-marke-cilo","15":"product_cat-mybikeplan","16":"product_cat-swiss-made","17":"product_cat-top-modelle","18":"product_cat-wave","19":"pa_battery-size-504-wh","20":"pa_brakes-front-shimano-br-mt200-hydr-disc-brake-180mm","21":"pa_filters-color-grau","22":"pa_frame-variant-wave","23":"pa_gears-9-gaenge","24":"pa_max-weight-130-kg","25":"pa_rider-height-160-165-cm","26":"pa_rider-height-165-170-cm","27":"pa_rider-height-170-175-cm","28":"pa_rider-height-175-180-cm","29":"pa_rider-height-180-185-cm","30":"pa_seat-tube-length-44-cm","31":"pa_sizes-m","32":"pa_sizes-s","33":"pa_speed-25-km-stunde","34":"pa_suspension-travel-63-mm","35":"pa_wheel-size-28-2","37":"first","38":"instock","39":"shipping-taxable","40":"purchasable","41":"product-type-variable"},"acf":{"short_description":"Das Cilo Urbanflea CCL\u00b003 ist der ideale Begleiter im Stadtverkehr und eignet sich perfekt f\u00fcr alle, die k\u00fcnftig nachhaltiger zur Arbeit pendeln wollen.","bike_name":"Cilo Urbanflea CCL\u00b003","highlight_text":"","frame":"","battery_size":"","motor_strength":""},"yoast_head":"<!-- This site is optimized with the Yoast SEO plugin v24.5 - https:\/\/yoast.com\/wordpress\/plugins\/seo\/ -->\n<title>Cilo Urbanflea CCL\u00b003 | Ab CHF 63 im Monat | 0% Zins<\/title>\n<meta name=\"description\" content=\"Bestelle jetzt das Cilo Urbanflea CCL\u00b003 ab CHF 63 pro Monat! Zahle mit zinsfreier Ratenzahlung und geniesse unsere gratis Heimlieferung.\" \/>\n<meta name=\"robots\" content=\"noindex, follow, max-snippet:-1, max-image-preview:large, max-video-preview:-1\" \/>\n<meta property=\"og:locale\" content=\"de_DE\" \/>\n<meta property=\"og:type\" content=\"article\" \/>\n<meta property=\"og:title\" content=\"Cilo Urbanflea CCL\u00b003 | Ab CHF 63 im Monat | 0% Zins\" \/>\n<meta property=\"og:description\" content=\"Bestelle jetzt das Cilo Urbanflea CCL\u00b003 ab CHF 63 pro Monat! Zahle mit zinsfreier Ratenzahlung und geniesse unsere gratis Heimlieferung.\" \/>\n<meta property=\"og:url\" content=\"https:\/\/listings.mybikeplan.ch\/de\/produkt\/cilo-urbanflea-ccl03-grey\/\" \/>\n<meta property=\"og:site_name\" content=\"MyBikePlan\" \/>\n<meta property=\"article:modified_time\" content=\"2025-03-13T09:40:40+00:00\" \/>\n<meta property=\"og:image\" content=\"https:\/\/listings.mybikeplan.ch\/wp-content\/uploads\/2024\/02\/Cilo-Urbanflea-CCL\u00b003.jpg\" \/>\n\t<meta property=\"og:image:width\" content=\"1000\" \/>\n\t<meta property=\"og:image:height\" content=\"1000\" \/>\n\t<meta property=\"og:image:type\" content=\"image\/jpeg\" \/>\n<meta name=\"twitter:card\" content=\"summary_large_image\" \/>\n<meta name=\"twitter:label1\" content=\"Gesch\u00e4tzte Lesezeit\" \/>\n\t<meta name=\"twitter:data1\" content=\"1\u00a0Minute\" \/>\n<script type=\"application\/ld+json\" class=\"yoast-schema-graph\">{\"@context\":\"https:\/\/schema.org\",\"@graph\":[{\"@type\":\"WebPage\",\"@id\":\"https:\/\/listings.mybikeplan.ch\/de\/produkt\/cilo-urbanflea-ccl03-grey\/\",\"url\":\"https:\/\/listings.mybikeplan.ch\/de\/produkt\/cilo-urbanflea-ccl03-grey\/\",\"name\":\"Cilo Urbanflea CCL\u00b003 | Ab CHF 63 im Monat | 0% Zins\",\"isPartOf\":{\"@id\":\"https:\/\/listings.mybikeplan.ch\/de\/#website\"},\"primaryImageOfPage\":{\"@id\":\"https:\/\/listings.mybikeplan.ch\/de\/produkt\/cilo-urbanflea-ccl03-grey\/#primaryimage\"},\"image\":{\"@id\":\"https:\/\/listings.mybikeplan.ch\/de\/produkt\/cilo-urbanflea-ccl03-grey\/#primaryimage\"},\"thumbnailUrl\":\"https:\/\/listings.mybikeplan.ch\/wp-content\/uploads\/2024\/02\/Cilo-Urbanflea-CCL\u00b003.jpg\",\"datePublished\":\"2024-02-08T10:51:37+00:00\",\"dateModified\":\"2025-03-13T09:40:40+00:00\",\"description\":\"Bestelle jetzt das Cilo Urbanflea CCL\u00b003 ab CHF 63 pro Monat! Zahle mit zinsfreier Ratenzahlung und geniesse unsere gratis Heimlieferung.\",\"breadcrumb\":{\"@id\":\"https:\/\/listings.mybikeplan.ch\/de\/produkt\/cilo-urbanflea-ccl03-grey\/#breadcrumb\"},\"inLanguage\":\"de\",\"potentialAction\":[{\"@type\":\"ReadAction\",\"target\":[\"https:\/\/listings.mybikeplan.ch\/de\/produkt\/cilo-urbanflea-ccl03-grey\/\"]}]},{\"@type\":\"ImageObject\",\"inLanguage\":\"de\",\"@id\":\"https:\/\/listings.mybikeplan.ch\/de\/produkt\/cilo-urbanflea-ccl03-grey\/#primaryimage\",\"url\":\"https:\/\/listings.mybikeplan.ch\/wp-content\/uploads\/2024\/02\/Cilo-Urbanflea-CCL\u00b003.jpg\",\"contentUrl\":\"https:\/\/listings.mybikeplan.ch\/wp-content\/uploads\/2024\/02\/Cilo-Urbanflea-CCL\u00b003.jpg\",\"width\":1000,\"height\":1000},{\"@type\":\"BreadcrumbList\",\"@id\":\"https:\/\/listings.mybikeplan.ch\/de\/produkt\/cilo-urbanflea-ccl03-grey\/#breadcrumb\",\"itemListElement\":[{\"@type\":\"ListItem\",\"position\":1,\"name\":\"Home\",\"item\":\"https:\/\/listings.mybikeplan.ch\/de\/\"},{\"@type\":\"ListItem\",\"position\":2,\"name\":\"Cilo Urbanflea CCL\u00b003\"}]},{\"@type\":\"WebSite\",\"@id\":\"https:\/\/listings.mybikeplan.ch\/de\/#website\",\"url\":\"https:\/\/listings.mybikeplan.ch\/de\/\",\"name\":\"MyBikePlan\",\"description\":\"\",\"potentialAction\":[{\"@type\":\"SearchAction\",\"target\":{\"@type\":\"EntryPoint\",\"urlTemplate\":\"https:\/\/listings.mybikeplan.ch\/de\/?s={search_term_string}\"},\"query-input\":{\"@type\":\"PropertyValueSpecification\",\"valueRequired\":true,\"valueName\":\"search_term_string\"}}],\"inLanguage\":\"de\"}]}<\/script>\n<!-- \/ Yoast SEO plugin. -->","yoast_head_json":{"title":"Cilo Urbanflea CCL\u00b003 | Ab CHF 63 im Monat | 0% Zins","description":"Bestelle jetzt das Cilo Urbanflea CCL\u00b003 ab CHF 63 pro Monat! Zahle mit zinsfreier Ratenzahlung und geniesse unsere gratis Heimlieferung.","robots":{"index":"noindex","follow":"follow","max-snippet":"max-snippet:-1","max-image-preview":"max-image-preview:large","max-video-preview":"max-video-preview:-1"},"og_locale":"de_DE","og_type":"article","og_title":"Cilo Urbanflea CCL\u00b003 | Ab CHF 63 im Monat | 0% Zins","og_description":"Bestelle jetzt das Cilo Urbanflea CCL\u00b003 ab CHF 63 pro Monat! Zahle mit zinsfreier Ratenzahlung und geniesse unsere gratis Heimlieferung.","og_url":"https:\/\/listings.mybikeplan.ch\/de\/produkt\/cilo-urbanflea-ccl03-grey\/","og_site_name":"MyBikePlan","article_modified_time":"2025-03-13T09:40:40+00:00","og_image":[{"width":1000,"height":1000,"url":"https:\/\/listings.mybikeplan.ch\/wp-content\/uploads\/2024\/02\/Cilo-Urbanflea-CCL\u00b003.jpg","type":"image\/jpeg"}],"twitter_card":"summary_large_image","twitter_misc":{"Gesch\u00e4tzte Lesezeit":"1\u00a0Minute"},"schema":{"@context":"https:\/\/schema.org","@graph":[{"@type":"WebPage","@id":"https:\/\/listings.mybikeplan.ch\/de\/produkt\/cilo-urbanflea-ccl03-grey\/","url":"https:\/\/listings.mybikeplan.ch\/de\/produkt\/cilo-urbanflea-ccl03-grey\/","name":"Cilo Urbanflea CCL\u00b003 | Ab CHF 63 im Monat | 0% Zins","isPartOf":{"@id":"https:\/\/listings.mybikeplan.ch\/de\/#website"},"primaryImageOfPage":{"@id":"https:\/\/listings.mybikeplan.ch\/de\/produkt\/cilo-urbanflea-ccl03-grey\/#primaryimage"},"image":{"@id":"https:\/\/listings.mybikeplan.ch\/de\/produkt\/cilo-urbanflea-ccl03-grey\/#primaryimage"},"thumbnailUrl":"https:\/\/listings.mybikeplan.ch\/wp-content\/uploads\/2024\/02\/Cilo-Urbanflea-CCL\u00b003.jpg","datePublished":"2024-02-08T10:51:37+00:00","dateModified":"2025-03-13T09:40:40+00:00","description":"Bestelle jetzt das Cilo Urbanflea CCL\u00b003 ab CHF 63 pro Monat! Zahle mit zinsfreier Ratenzahlung und geniesse unsere gratis Heimlieferung.","breadcrumb":{"@id":"https:\/\/listings.mybikeplan.ch\/de\/produkt\/cilo-urbanflea-ccl03-grey\/#breadcrumb"},"inLanguage":"de","potentialAction":[{"@type":"ReadAction","target":["https:\/\/listings.mybikeplan.ch\/de\/produkt\/cilo-urbanflea-ccl03-grey\/"]}]},{"@type":"ImageObject","inLanguage":"de","@id":"https:\/\/listings.mybikeplan.ch\/de\/produkt\/cilo-urbanflea-ccl03-grey\/#primaryimage","url":"https:\/\/listings.mybikeplan.ch\/wp-content\/uploads\/2024\/02\/Cilo-Urbanflea-CCL\u00b003.jpg","contentUrl":"https:\/\/listings.mybikeplan.ch\/wp-content\/uploads\/2024\/02\/Cilo-Urbanflea-CCL\u00b003.jpg","width":1000,"height":1000},{"@type":"BreadcrumbList","@id":"https:\/\/listings.mybikeplan.ch\/de\/produkt\/cilo-urbanflea-ccl03-grey\/#breadcrumb","itemListElement":[{"@type":"ListItem","position":1,"name":"Home","item":"https:\/\/listings.mybikeplan.ch\/de\/"},{"@type":"ListItem","position":2,"name":"Cilo Urbanflea CCL\u00b003"}]},{"@type":"WebSite","@id":"https:\/\/listings.mybikeplan.ch\/de\/#website","url":"https:\/\/listings.mybikeplan.ch\/de\/","name":"MyBikePlan","description":"","potentialAction":[{"@type":"SearchAction","target":{"@type":"EntryPoint","urlTemplate":"https:\/\/listings.mybikeplan.ch\/de\/?s={search_term_string}"},"query-input":{"@type":"PropertyValueSpecification","valueRequired":true,"valueName":"search_term_string"}}],"inLanguage":"de"}]}},"_links":{"self":[{"href":"https:\/\/listings.mybikeplan.ch\/de\/wp-json\/wp\/v2\/product\/57650","targetHints":{"allow":["GET"]}}],"collection":[{"href":"https:\/\/listings.mybikeplan.ch\/de\/wp-json\/wp\/v2\/product"}],"about":[{"href":"https:\/\/listings.mybikeplan.ch\/de\/wp-json\/wp\/v2\/types\/product"}],"replies":[{"embeddable":true,"href":"https:\/\/listings.mybikeplan.ch\/de\/wp-json\/wp\/v2\/comments?post=57650"}],"wp:featuredmedia":[{"embeddable":true,"href":"https:\/\/listings.mybikeplan.ch\/de\/wp-json\/wp\/v2\/media\/57662"}],"wp:attachment":[{"href":"https:\/\/listings.mybikeplan.ch\/de\/wp-json\/wp\/v2\/media?parent=57650"}],"wp:term":[{"taxonomy":"product_brand","embeddable":true,"href":"https:\/\/listings.mybikeplan.ch\/de\/wp-json\/wp\/v2\/product_brand?post=57650"},{"taxonomy":"product_cat","embeddable":true,"href":"https:\/\/listings.mybikeplan.ch\/de\/wp-json\/wp\/v2\/product_cat?post=57650"},{"taxonomy":"product_tag","embeddable":true,"href":"https:\/\/listings.mybikeplan.ch\/de\/wp-json\/wp\/v2\/product_tag?post=57650"}],"curies":[{"name":"wp","href":"https:\/\/api.w.org\/{rel}","templated":true}]}}