{"id":57070,"date":"2024-02-01T13:56:10","date_gmt":"2024-02-01T13:56:10","guid":{"rendered":"https:\/\/listings.mybikeplan.ch\/?post_type=product&#038;p=57070"},"modified":"2024-12-10T07:59:09","modified_gmt":"2024-12-10T07:59:09","slug":"specialized-diverge-str-expert-black","status":"publish","type":"product","link":"https:\/\/listings.mybikeplan.ch\/de\/produkt\/specialized-diverge-str-expert-black\/","title":{"rendered":"Specialized Diverge STR Expert"},"content":{"rendered":"<h2><b>Die wichtigsten Fakten \u00fcber das Specialized Diverge STR Expert auf einen Blick:<\/b><\/h2>\n<ul>\n<li style=\"font-weight: 400;\" aria-level=\"1\">Gravelbike der n\u00e4chsten Generation<\/li>\n<li aria-level=\"1\">weniger als 10 kg!<\/li>\n<li aria-level=\"1\">Future Shock hinten und vorne<\/li>\n<\/ul>\n<h2><b>Das Specialized Diverge STR Expert<\/b><b>\u00a0<\/b><b>ist perfekt f\u00fcr Dich, wenn Du:<\/b><\/h2>\n<ul>\n<li aria-level=\"1\">Dein Gravelerlebnis aufs n\u00e4chste Level bringen willst<\/li>\n<li aria-level=\"1\">mehr Strecke und mehr Speed erreichen willst<\/li>\n<\/ul>\n<h2><b>Gr\u00f6ssenempfehlung:<\/b><\/h2>\n<ul>\n<li>49 = 152 &#8211; 163 cm<\/li>\n<li>52 = 163 &#8211; 170 cm<\/li>\n<\/ul>\n","protected":false},"excerpt":{"rendered":"<h2>Specialized Diverge STR Expert<\/h2>\n<p>Das Diverge STR Expert baut auf dem FACT 11r Carbonrahmen mit Future Shock an der Front und am Heck auf. Es verf\u00fcgt \u00fcber die Rival eTap AXS Eagle von SRAM f\u00fcr schnelle und effiziente Schaltvorg\u00e4nge. Die Kassette mit 10\u201350 Z\u00e4hnen stellt sicher, dass Du die n\u00f6tigen G\u00e4nge hast, um jeden Ride anzugehen. Das Bike rollte auf Roval Terra C Laufr\u00e4dern mit Tracer Pro Reifen mit 42 mm. Adventure Gear Aluminiumlenker, S-Works Carbonsattelst\u00fctze und Power Expert Sattel runden das Paket ab und machen aus dem Diverge STR das leistungsf\u00e4higste Diverge aller Zeiten.<\/p>\n<p>Die neue Future Shock-Technologie folgt einem v\u00f6llig neuen Mantra in Sachen Federung: Statt des ganzen Bikes d\u00e4mpft sie vor allem den Rider und trotz des individuell einstellbaren Travels von 20 mm vorn und 30 mm hinten f\u00e4hrt sich das Diverge STR so agil, leicht und pr\u00e4zise wie ein Starrrahmen \u2013 nur, dass Deine Gelenke das mit keinem Meter sp\u00fcren, dDu unheimlich effizient unterwegs bist und jederzeit volle Kontrolle \u00fcber Dein Bike hast.<\/p>\n<p>Das neue Diverge hat irre elegante Linien und tolle Kurven \u2013 und f\u00e4hrt sie auch genau so. Der hydraulische D\u00e4mpfer \u201ez\u00e4hmt\u201c die 30 mm Federweg der hinteren Future Shock und gl\u00e4ttet Stolpersteine und Holperstrassen. Alles, ohne dass das Rad im Tritt mitschwingt oder Dich nach grossen Spr\u00fcngen aus dem Sattel katapultiert. Effizienz par excellence.<\/p>\n<h2><b>\u00dcber die Marke Specialized<\/b><\/h2>\n<p>\u201cVon Ridern, f\u00fcr Rider\u201d \u2013 laut diesem Motto entwickelt Specialized E-Bikes, die genau auf die Bed\u00fcrfnisse von Velofahrer*innen abgestimmt sind. Mit seiner Leidenschaft f\u00fcr Innovation und seinem Engagement f\u00fcr Spitzenleistungen hat sich das Unternehmen zu einem der f\u00fchrenden Namen in der Welt des Radsports entwickelt. Von St\u00e4dtern und Pendler \u00fcber Mountainbiker bis hin zu Triathleten: Specialized hat f\u00fcr alle etwas im Programm.<\/p>\n","protected":false},"featured_media":57102,"comment_status":"open","ping_status":"closed","template":"","meta":{"_acf_changed":false},"product_brand":[],"product_cat":[578,582,6121,579,3652,4481,3247,3422],"product_tag":[],"class_list":{"0":"post-57070","1":"product","2":"type-product","3":"status-publish","4":"has-post-thumbnail","6":"product_cat-damen","7":"product_cat-diamant","8":"product_cat-gravel-bikes","9":"product_cat-herren","10":"product_cat-marke-specialized","11":"product_cat-mybikeplan","12":"product_cat-schwarz","13":"product_cat-nicht-elektrische-bikes","14":"pa_back-wheel-roval-terra-c-25mm-inner-width-carbon-rim-32mm-depth-new-dt-370-star-ratchet-hub-24h-dt-swiss-comp-race-spokes","15":"pa_brakes-front-sram-rival-etap-axs-hydraulic-disc","16":"pa_brakes-rear-sram-rival-etap-axs-hydraulic-disc","17":"pa_brand-specialized","18":"pa_cassette-sram-nx-eagle-pg-1230-12-speed-11-50t","19":"pa_filters-color-schwarz","20":"pa_fork-future-shock-2-0-w-damper-smooth-boot-fact-carbon-12x100-mm-thru-axle-flat-mount","21":"pa_frame-variant-diamant","22":"pa_front-wheel-roval-terra-c-25mm-inner-width-carbon-rim-32mm-depth-new-dt-370-hub-24h-dt-swiss-comp-race-spokes","23":"pa_gear-change-sram-gx-eagle-axs-w-battery-cover","24":"pa_gears-12-gaenge","25":"pa_hex-color-729","26":"pa_hex-color-a3803e-produkt-specialized-diverge-str-expert-gold","27":"pa_rider-height-150-155-cm","28":"pa_rider-height-155-160-cm","29":"pa_rider-height-160-165-cm","30":"pa_rider-height-165-170-cm","31":"pa_seat-tube-length-7558","32":"pa_seat-tube-length-7559","33":"pa_sizes-7560","34":"pa_sizes-7561","35":"pa_suspension-travel-20-mm-vorne-30-mm-hinten","36":"pa_weight-9-86kg","38":"first","39":"instock","40":"shipping-taxable","41":"purchasable","42":"product-type-variable"},"acf":{"short_description":"Das Diverge STR ist das Gravelbike der n\u00e4chsten Generation: Mit Future Shock-D\u00e4mpfern vorn und hinten, die den Rider statt den Rahmen federn \u2013 und den alten Traum vom kompromisslos kompetenten Handling in jeder Lage wahr werden lassen.","bike_name":"Specialized Diverge STR Expert","highlight_text":"","frame":"","battery_size":"","motor_strength":""},"yoast_head":"<!-- This site is optimized with the Yoast SEO plugin v24.5 - https:\/\/yoast.com\/wordpress\/plugins\/seo\/ -->\n<title>Specialized Diverge STR Expert | Velo | 0 % Ratenzahlung<\/title>\n<meta name=\"description\" content=\"Hol Dir das Specialized Diverge STR Expert und zahle ganz bequem in monatlichen Raten mit 0 % Zins ab! Jetzt profitieren und sofort losfahren.\" \/>\n<meta name=\"robots\" content=\"noindex, follow, max-snippet:-1, max-image-preview:large, max-video-preview:-1\" \/>\n<meta property=\"og:locale\" content=\"de_DE\" \/>\n<meta property=\"og:type\" content=\"article\" \/>\n<meta property=\"og:title\" content=\"Specialized Diverge STR Expert | Velo | 0 % Ratenzahlung\" \/>\n<meta property=\"og:description\" content=\"Hol Dir das Specialized Diverge STR Expert und zahle ganz bequem in monatlichen Raten mit 0 % Zins ab! Jetzt profitieren und sofort losfahren.\" \/>\n<meta property=\"og:url\" content=\"https:\/\/listings.mybikeplan.ch\/de\/produkt\/specialized-diverge-str-expert-black\/\" \/>\n<meta property=\"og:site_name\" content=\"MyBikePlan\" \/>\n<meta property=\"article:modified_time\" content=\"2024-12-10T07:59:09+00:00\" \/>\n<meta property=\"og:image\" content=\"https:\/\/listings.mybikeplan.ch\/wp-content\/uploads\/2024\/02\/Specialized-Diverge-STR-Expert.jpg\" \/>\n\t<meta property=\"og:image:width\" content=\"1000\" \/>\n\t<meta property=\"og:image:height\" content=\"1000\" \/>\n\t<meta property=\"og:image:type\" content=\"image\/jpeg\" \/>\n<meta name=\"twitter:card\" content=\"summary_large_image\" \/>\n<meta name=\"twitter:label1\" content=\"Gesch\u00e4tzte Lesezeit\" \/>\n\t<meta name=\"twitter:data1\" content=\"1\u00a0Minute\" \/>\n<script type=\"application\/ld+json\" class=\"yoast-schema-graph\">{\"@context\":\"https:\/\/schema.org\",\"@graph\":[{\"@type\":\"WebPage\",\"@id\":\"https:\/\/listings.mybikeplan.ch\/de\/produkt\/specialized-diverge-str-expert-black\/\",\"url\":\"https:\/\/listings.mybikeplan.ch\/de\/produkt\/specialized-diverge-str-expert-black\/\",\"name\":\"Specialized Diverge STR Expert | Velo | 0 % Ratenzahlung\",\"isPartOf\":{\"@id\":\"https:\/\/listings.mybikeplan.ch\/de\/#website\"},\"primaryImageOfPage\":{\"@id\":\"https:\/\/listings.mybikeplan.ch\/de\/produkt\/specialized-diverge-str-expert-black\/#primaryimage\"},\"image\":{\"@id\":\"https:\/\/listings.mybikeplan.ch\/de\/produkt\/specialized-diverge-str-expert-black\/#primaryimage\"},\"thumbnailUrl\":\"https:\/\/listings.mybikeplan.ch\/wp-content\/uploads\/2024\/02\/Specialized-Diverge-STR-Expert.jpg\",\"datePublished\":\"2024-02-01T13:56:10+00:00\",\"dateModified\":\"2024-12-10T07:59:09+00:00\",\"description\":\"Hol Dir das Specialized Diverge STR Expert und zahle ganz bequem in monatlichen Raten mit 0 % Zins ab! Jetzt profitieren und sofort losfahren.\",\"breadcrumb\":{\"@id\":\"https:\/\/listings.mybikeplan.ch\/de\/produkt\/specialized-diverge-str-expert-black\/#breadcrumb\"},\"inLanguage\":\"de\",\"potentialAction\":[{\"@type\":\"ReadAction\",\"target\":[\"https:\/\/listings.mybikeplan.ch\/de\/produkt\/specialized-diverge-str-expert-black\/\"]}]},{\"@type\":\"ImageObject\",\"inLanguage\":\"de\",\"@id\":\"https:\/\/listings.mybikeplan.ch\/de\/produkt\/specialized-diverge-str-expert-black\/#primaryimage\",\"url\":\"https:\/\/listings.mybikeplan.ch\/wp-content\/uploads\/2024\/02\/Specialized-Diverge-STR-Expert.jpg\",\"contentUrl\":\"https:\/\/listings.mybikeplan.ch\/wp-content\/uploads\/2024\/02\/Specialized-Diverge-STR-Expert.jpg\",\"width\":1000,\"height\":1000},{\"@type\":\"BreadcrumbList\",\"@id\":\"https:\/\/listings.mybikeplan.ch\/de\/produkt\/specialized-diverge-str-expert-black\/#breadcrumb\",\"itemListElement\":[{\"@type\":\"ListItem\",\"position\":1,\"name\":\"Home\",\"item\":\"https:\/\/listings.mybikeplan.ch\/de\/\"},{\"@type\":\"ListItem\",\"position\":2,\"name\":\"Specialized Diverge STR Expert\"}]},{\"@type\":\"WebSite\",\"@id\":\"https:\/\/listings.mybikeplan.ch\/de\/#website\",\"url\":\"https:\/\/listings.mybikeplan.ch\/de\/\",\"name\":\"MyBikePlan\",\"description\":\"\",\"potentialAction\":[{\"@type\":\"SearchAction\",\"target\":{\"@type\":\"EntryPoint\",\"urlTemplate\":\"https:\/\/listings.mybikeplan.ch\/de\/?s={search_term_string}\"},\"query-input\":{\"@type\":\"PropertyValueSpecification\",\"valueRequired\":true,\"valueName\":\"search_term_string\"}}],\"inLanguage\":\"de\"}]}<\/script>\n<!-- \/ Yoast SEO plugin. -->","yoast_head_json":{"title":"Specialized Diverge STR Expert | Velo | 0 % Ratenzahlung","description":"Hol Dir das Specialized Diverge STR Expert und zahle ganz bequem in monatlichen Raten mit 0 % Zins ab! Jetzt profitieren und sofort losfahren.","robots":{"index":"noindex","follow":"follow","max-snippet":"max-snippet:-1","max-image-preview":"max-image-preview:large","max-video-preview":"max-video-preview:-1"},"og_locale":"de_DE","og_type":"article","og_title":"Specialized Diverge STR Expert | Velo | 0 % Ratenzahlung","og_description":"Hol Dir das Specialized Diverge STR Expert und zahle ganz bequem in monatlichen Raten mit 0 % Zins ab! Jetzt profitieren und sofort losfahren.","og_url":"https:\/\/listings.mybikeplan.ch\/de\/produkt\/specialized-diverge-str-expert-black\/","og_site_name":"MyBikePlan","article_modified_time":"2024-12-10T07:59:09+00:00","og_image":[{"width":1000,"height":1000,"url":"https:\/\/listings.mybikeplan.ch\/wp-content\/uploads\/2024\/02\/Specialized-Diverge-STR-Expert.jpg","type":"image\/jpeg"}],"twitter_card":"summary_large_image","twitter_misc":{"Gesch\u00e4tzte Lesezeit":"1\u00a0Minute"},"schema":{"@context":"https:\/\/schema.org","@graph":[{"@type":"WebPage","@id":"https:\/\/listings.mybikeplan.ch\/de\/produkt\/specialized-diverge-str-expert-black\/","url":"https:\/\/listings.mybikeplan.ch\/de\/produkt\/specialized-diverge-str-expert-black\/","name":"Specialized Diverge STR Expert | Velo | 0 % Ratenzahlung","isPartOf":{"@id":"https:\/\/listings.mybikeplan.ch\/de\/#website"},"primaryImageOfPage":{"@id":"https:\/\/listings.mybikeplan.ch\/de\/produkt\/specialized-diverge-str-expert-black\/#primaryimage"},"image":{"@id":"https:\/\/listings.mybikeplan.ch\/de\/produkt\/specialized-diverge-str-expert-black\/#primaryimage"},"thumbnailUrl":"https:\/\/listings.mybikeplan.ch\/wp-content\/uploads\/2024\/02\/Specialized-Diverge-STR-Expert.jpg","datePublished":"2024-02-01T13:56:10+00:00","dateModified":"2024-12-10T07:59:09+00:00","description":"Hol Dir das Specialized Diverge STR Expert und zahle ganz bequem in monatlichen Raten mit 0 % Zins ab! Jetzt profitieren und sofort losfahren.","breadcrumb":{"@id":"https:\/\/listings.mybikeplan.ch\/de\/produkt\/specialized-diverge-str-expert-black\/#breadcrumb"},"inLanguage":"de","potentialAction":[{"@type":"ReadAction","target":["https:\/\/listings.mybikeplan.ch\/de\/produkt\/specialized-diverge-str-expert-black\/"]}]},{"@type":"ImageObject","inLanguage":"de","@id":"https:\/\/listings.mybikeplan.ch\/de\/produkt\/specialized-diverge-str-expert-black\/#primaryimage","url":"https:\/\/listings.mybikeplan.ch\/wp-content\/uploads\/2024\/02\/Specialized-Diverge-STR-Expert.jpg","contentUrl":"https:\/\/listings.mybikeplan.ch\/wp-content\/uploads\/2024\/02\/Specialized-Diverge-STR-Expert.jpg","width":1000,"height":1000},{"@type":"BreadcrumbList","@id":"https:\/\/listings.mybikeplan.ch\/de\/produkt\/specialized-diverge-str-expert-black\/#breadcrumb","itemListElement":[{"@type":"ListItem","position":1,"name":"Home","item":"https:\/\/listings.mybikeplan.ch\/de\/"},{"@type":"ListItem","position":2,"name":"Specialized Diverge STR Expert"}]},{"@type":"WebSite","@id":"https:\/\/listings.mybikeplan.ch\/de\/#website","url":"https:\/\/listings.mybikeplan.ch\/de\/","name":"MyBikePlan","description":"","potentialAction":[{"@type":"SearchAction","target":{"@type":"EntryPoint","urlTemplate":"https:\/\/listings.mybikeplan.ch\/de\/?s={search_term_string}"},"query-input":{"@type":"PropertyValueSpecification","valueRequired":true,"valueName":"search_term_string"}}],"inLanguage":"de"}]}},"_links":{"self":[{"href":"https:\/\/listings.mybikeplan.ch\/de\/wp-json\/wp\/v2\/product\/57070","targetHints":{"allow":["GET"]}}],"collection":[{"href":"https:\/\/listings.mybikeplan.ch\/de\/wp-json\/wp\/v2\/product"}],"about":[{"href":"https:\/\/listings.mybikeplan.ch\/de\/wp-json\/wp\/v2\/types\/product"}],"replies":[{"embeddable":true,"href":"https:\/\/listings.mybikeplan.ch\/de\/wp-json\/wp\/v2\/comments?post=57070"}],"wp:featuredmedia":[{"embeddable":true,"href":"https:\/\/listings.mybikeplan.ch\/de\/wp-json\/wp\/v2\/media\/57102"}],"wp:attachment":[{"href":"https:\/\/listings.mybikeplan.ch\/de\/wp-json\/wp\/v2\/media?parent=57070"}],"wp:term":[{"taxonomy":"product_brand","embeddable":true,"href":"https:\/\/listings.mybikeplan.ch\/de\/wp-json\/wp\/v2\/product_brand?post=57070"},{"taxonomy":"product_cat","embeddable":true,"href":"https:\/\/listings.mybikeplan.ch\/de\/wp-json\/wp\/v2\/product_cat?post=57070"},{"taxonomy":"product_tag","embeddable":true,"href":"https:\/\/listings.mybikeplan.ch\/de\/wp-json\/wp\/v2\/product_tag?post=57070"}],"curies":[{"name":"wp","href":"https:\/\/api.w.org\/{rel}","templated":true}]}}