{"id":56802,"date":"2024-01-31T15:39:44","date_gmt":"2024-01-31T15:39:44","guid":{"rendered":"https:\/\/listings.mybikeplan.ch\/?post_type=product&#038;p=56802"},"modified":"2025-02-12T13:28:09","modified_gmt":"2025-02-12T13:28:09","slug":"specialized-turbo-como-4-0-red","status":"publish","type":"product","link":"https:\/\/listings.mybikeplan.ch\/de\/produkt\/specialized-turbo-como-4-0-red\/","title":{"rendered":"Specialized Turbo Como 4.0"},"content":{"rendered":"<h2><b>Die wichtigsten Fakten \u00fcber das Specialized Turbo Como 4.0 auf einen Blick:<\/b><\/h2>\n<ul>\n<li style=\"font-weight: 400;\" aria-level=\"1\">Trekking E-Bike<\/li>\n<li aria-level=\"1\">Ausgestattet mit einem Gep\u00e4cktr\u00e4ger f\u00fcr alle m\u00f6glichen Lasten<\/li>\n<li aria-level=\"1\">Komplett integrierter, abschliessbarer und herausnehmbarer Akku<\/li>\n<\/ul>\n<h2><b>Das Specialized Turbo Como 4.0<\/b><b>\u00a0<\/b><b>ist perfekt f\u00fcr Dich, wenn Du:<\/b><\/h2>\n<ul>\n<li aria-level=\"1\">auf der Strasse und im Gel\u00e4nde unterwegs bist<\/li>\n<li aria-level=\"1\">auch mal gr\u00f6ssere Ladungen transportieren m\u00f6chtest<\/li>\n<li aria-level=\"1\">Anh\u00e4nger oder Kindersitze am E-Bike montieren m\u00f6chtest<\/li>\n<\/ul>\n<h2><b>Gr\u00f6ssenempfehlung:<\/b><\/h2>\n<ul>\n<li>S = 150 &#8211; 165 cm<\/li>\n<li>M = 165 &#8211; 178 cm<\/li>\n<li>L = 178 &#8211; 190 cm<\/li>\n<\/ul>\n","protected":false},"excerpt":{"rendered":"<h2>Specialized Turbo Como 4.0<\/h2>\n<p>Mit dem Tiefeinsteigerrahmen des Turbo Como 4.0 steigst Du sicher und einfach aufs Rad. Durch die aufrechte Sitzposition werden H\u00e4nde und Nacken geschont f\u00fcr ein entspanntes Fahrgef\u00fchl.<\/p>\n<p>Der Turbo Full Power 2.0 Motor und die 710 Wh Batterie bieten ein unvergleichbares Fahrerlebnis. Der harmonische, sanfte und ger\u00e4uscharme Motor unterst\u00fctzt bis zu 25 km\/h. Das interne Steuerger\u00e4t liefert die Unterst\u00fctzung des Motors, von der Fahrerin oder dem Fahrer entsprechend abgegeben wird, mit einem sehr nat\u00fcrlichen Fahrgef\u00fchl. Pr\u00e4zision in Verbindung mit einer gefederten Sattelst\u00fctze, breiten Reifen und einer 80 mm Federgabel lassen dich wie auf Wolken schweben.<\/p>\n<p>Das MasterMind Display zeigt alle wichtigen Daten der Fahrt an, erm\u00f6glicht die Fahrmodi-Anpassung w\u00e4hrend der Fahrt sowie Over-the-Air Updates. Mit Hilfe der Mission Control App kann die Reichweite optimiert, Tunings vorgenommen, Fahrten aufgezeichnet werden und vieles mehr. Zudem kann der Motor gesperrt und der Bewegungssensor aktiviert werden. Dieser Schutz kann ausschliesslich von der Besitzerin oder dem Besitzer wieder deaktiviert werden.<\/p>\n<p>Das Turbo Como 4.0 beinhaltet eine voll integrierte, herausnehmbare und abschliessbare Batterie im Unterrohr &#8211; einfach zu laden, einfach zu sichern.<\/p>\n<p>Ausgestattet mit unseren DRYTECH Schutzblechen, LED Front- und R\u00fccklicht und bis zu 27 kg Zuladem\u00f6glichkeit auf dem HD Gep\u00e4cktr\u00e4ger ist das Como ein echter Lastenesel. Der Gep\u00e4cktr\u00e4ger ist kompatibel mit Kindersitzen und passenden Anh\u00e4ngern.<\/p>\n<h2><b>\u00dcber die Marke Specialized<\/b><\/h2>\n<p>\u201cVon Ridern, f\u00fcr Rider\u201d \u2013 laut diesem Motto entwickelt Specialized E-Bikes, die genau auf die Bed\u00fcrfnisse von Velofahrer*innen abgestimmt sind. Mit seiner Leidenschaft f\u00fcr Innovation und seinem Engagement f\u00fcr Spitzenleistungen hat sich das Unternehmen zu einem der f\u00fchrenden Namen in der Welt des Radsports entwickelt. Von St\u00e4dtern und Pendler \u00fcber Mountainbiker bis hin zu Triathleten: Specialized hat f\u00fcr alle etwas im Programm.<\/p>\n","protected":false},"featured_media":56813,"comment_status":"open","ping_status":"closed","template":"","meta":{"_acf_changed":false},"product_brand":[],"product_cat":[583,15,12569,578,2089,23,579,3652,4481,3252,11467,580],"product_tag":[],"class_list":{"0":"post-56802","1":"product","2":"type-product","3":"status-publish","4":"has-post-thumbnail","6":"product_cat-25-km","7":"product_cat-alle-e-bikes","8":"product_cat-best_sellers","9":"product_cat-damen","10":"product_cat-e-bikes","11":"product_cat-e-trekking","12":"product_cat-herren","13":"product_cat-marke-specialized","14":"product_cat-mybikeplan","15":"product_cat-rot","16":"product_cat-sale_200","17":"product_cat-wave","18":"pa_back-wheel-pathfinder-sport-reflect-650bx2-3","19":"pa_battery-specialized-u2-710-alloy-casing-state-of-charge-display-710wh","20":"pa_battery-size-710-wh","21":"pa_brakes-front-sram-level-2-piston-caliper-hydraulic-disc-180mm","22":"pa_brakes-rear-sram-level-2-piston-caliper-hydraulic-disc-180mm","23":"pa_brand-specialized","24":"pa_filters-color-rot","25":"pa_fork-sr-suntour-mobiea32-80mm-travel-lockout-fender-mounts-integrated-light-mount","26":"pa_frame-variant-wave","27":"pa_front-wheel-pathfinder-sport-reflect-650bx2-3","28":"pa_gear-change-sram-nx-11-speed","29":"pa_gears-11-gaenge","30":"pa_hex-color-000000-produkt-specialized-turbo-como-4-0-black","31":"pa_hex-color-a61221","32":"pa_hex-color-b4c189-produkt-specialized-turbo-como-4-0-green","33":"pa_hex-color-d6c7bb-produkt-specialized-turbo-como-4-0-sand","34":"pa_motor-specialized-2-0-70nm-torque-custom-tuned-motor-250w-nominal","35":"pa_rider-height-165-170-cm","36":"pa_rider-height-170-175-cm","37":"pa_rider-height-175-180-cm","38":"pa_rider-height-180-185-cm","39":"pa_rider-height-185-190-cm","40":"pa_seat-tube-length-l","41":"pa_seat-tube-length-m","42":"pa_seat-tube-length-s-2","43":"pa_sizes-l","44":"pa_sizes-m","45":"pa_sizes-s","46":"pa_suspension-travel-80-mm","48":"first","49":"instock","50":"shipping-taxable","51":"purchasable","52":"product-type-variable"},"acf":{"short_description":"Das Turbo Como ist ein gem\u00fctliches und komfortables E-Bike, mit der extra Power f\u00fcr eine sichere Fahrt. Mit dem Como f\u00fchlst Du Dich fast schwerelos und mit der Full Power Technologie sowie der Ausstattung gelangst Du \u00fcberall hin - bequem und sicher. ","bike_name":"Specialized Turbo Como 4.0","highlight_text":"","frame":"","battery_size":"","motor_strength":""},"yoast_head":"<!-- This site is optimized with the Yoast SEO plugin v24.5 - https:\/\/yoast.com\/wordpress\/plugins\/seo\/ -->\n<title>Specialized Turbo Como 4.0 | E-Bike Schweiz | 0 % Ratenzahlung<\/title>\n<meta name=\"description\" content=\"Hol Dir das Specialized Turbo Como 4.0 und zahle ganz bequem in monatlichen Raten mit 0 % Zins ab! Jetzt profitieren und sofort losfahren.\" \/>\n<meta name=\"robots\" content=\"noindex, follow, max-snippet:-1, max-image-preview:large, max-video-preview:-1\" \/>\n<meta property=\"og:locale\" content=\"de_DE\" \/>\n<meta property=\"og:type\" content=\"article\" \/>\n<meta property=\"og:title\" content=\"Specialized Turbo Como 4.0 | E-Bike Schweiz | 0 % Ratenzahlung\" \/>\n<meta property=\"og:description\" content=\"Hol Dir das Specialized Turbo Como 4.0 und zahle ganz bequem in monatlichen Raten mit 0 % Zins ab! Jetzt profitieren und sofort losfahren.\" \/>\n<meta property=\"og:url\" content=\"https:\/\/listings.mybikeplan.ch\/de\/produkt\/specialized-turbo-como-4-0-red\/\" \/>\n<meta property=\"og:site_name\" content=\"MyBikePlan\" \/>\n<meta property=\"article:modified_time\" content=\"2025-02-12T13:28:09+00:00\" \/>\n<meta property=\"og:image\" content=\"https:\/\/listings.mybikeplan.ch\/wp-content\/uploads\/2024\/01\/Specialized-Turbo-Como-4.0-3.jpg\" \/>\n\t<meta property=\"og:image:width\" content=\"1000\" \/>\n\t<meta property=\"og:image:height\" content=\"1000\" \/>\n\t<meta property=\"og:image:type\" content=\"image\/jpeg\" \/>\n<meta name=\"twitter:card\" content=\"summary_large_image\" \/>\n<meta name=\"twitter:label1\" content=\"Gesch\u00e4tzte Lesezeit\" \/>\n\t<meta name=\"twitter:data1\" content=\"1\u00a0Minute\" \/>\n<script type=\"application\/ld+json\" class=\"yoast-schema-graph\">{\"@context\":\"https:\/\/schema.org\",\"@graph\":[{\"@type\":\"WebPage\",\"@id\":\"https:\/\/listings.mybikeplan.ch\/de\/produkt\/specialized-turbo-como-4-0-red\/\",\"url\":\"https:\/\/listings.mybikeplan.ch\/de\/produkt\/specialized-turbo-como-4-0-red\/\",\"name\":\"Specialized Turbo Como 4.0 | E-Bike Schweiz | 0 % Ratenzahlung\",\"isPartOf\":{\"@id\":\"https:\/\/listings.mybikeplan.ch\/de\/#website\"},\"primaryImageOfPage\":{\"@id\":\"https:\/\/listings.mybikeplan.ch\/de\/produkt\/specialized-turbo-como-4-0-red\/#primaryimage\"},\"image\":{\"@id\":\"https:\/\/listings.mybikeplan.ch\/de\/produkt\/specialized-turbo-como-4-0-red\/#primaryimage\"},\"thumbnailUrl\":\"https:\/\/listings.mybikeplan.ch\/wp-content\/uploads\/2024\/01\/Specialized-Turbo-Como-4.0-3.jpg\",\"datePublished\":\"2024-01-31T15:39:44+00:00\",\"dateModified\":\"2025-02-12T13:28:09+00:00\",\"description\":\"Hol Dir das Specialized Turbo Como 4.0 und zahle ganz bequem in monatlichen Raten mit 0 % Zins ab! Jetzt profitieren und sofort losfahren.\",\"breadcrumb\":{\"@id\":\"https:\/\/listings.mybikeplan.ch\/de\/produkt\/specialized-turbo-como-4-0-red\/#breadcrumb\"},\"inLanguage\":\"de\",\"potentialAction\":[{\"@type\":\"ReadAction\",\"target\":[\"https:\/\/listings.mybikeplan.ch\/de\/produkt\/specialized-turbo-como-4-0-red\/\"]}]},{\"@type\":\"ImageObject\",\"inLanguage\":\"de\",\"@id\":\"https:\/\/listings.mybikeplan.ch\/de\/produkt\/specialized-turbo-como-4-0-red\/#primaryimage\",\"url\":\"https:\/\/listings.mybikeplan.ch\/wp-content\/uploads\/2024\/01\/Specialized-Turbo-Como-4.0-3.jpg\",\"contentUrl\":\"https:\/\/listings.mybikeplan.ch\/wp-content\/uploads\/2024\/01\/Specialized-Turbo-Como-4.0-3.jpg\",\"width\":1000,\"height\":1000},{\"@type\":\"BreadcrumbList\",\"@id\":\"https:\/\/listings.mybikeplan.ch\/de\/produkt\/specialized-turbo-como-4-0-red\/#breadcrumb\",\"itemListElement\":[{\"@type\":\"ListItem\",\"position\":1,\"name\":\"Home\",\"item\":\"https:\/\/listings.mybikeplan.ch\/de\/\"},{\"@type\":\"ListItem\",\"position\":2,\"name\":\"Specialized Turbo Como 4.0\"}]},{\"@type\":\"WebSite\",\"@id\":\"https:\/\/listings.mybikeplan.ch\/de\/#website\",\"url\":\"https:\/\/listings.mybikeplan.ch\/de\/\",\"name\":\"MyBikePlan\",\"description\":\"\",\"potentialAction\":[{\"@type\":\"SearchAction\",\"target\":{\"@type\":\"EntryPoint\",\"urlTemplate\":\"https:\/\/listings.mybikeplan.ch\/de\/?s={search_term_string}\"},\"query-input\":{\"@type\":\"PropertyValueSpecification\",\"valueRequired\":true,\"valueName\":\"search_term_string\"}}],\"inLanguage\":\"de\"}]}<\/script>\n<!-- \/ Yoast SEO plugin. -->","yoast_head_json":{"title":"Specialized Turbo Como 4.0 | E-Bike Schweiz | 0 % Ratenzahlung","description":"Hol Dir das Specialized Turbo Como 4.0 und zahle ganz bequem in monatlichen Raten mit 0 % Zins ab! Jetzt profitieren und sofort losfahren.","robots":{"index":"noindex","follow":"follow","max-snippet":"max-snippet:-1","max-image-preview":"max-image-preview:large","max-video-preview":"max-video-preview:-1"},"og_locale":"de_DE","og_type":"article","og_title":"Specialized Turbo Como 4.0 | E-Bike Schweiz | 0 % Ratenzahlung","og_description":"Hol Dir das Specialized Turbo Como 4.0 und zahle ganz bequem in monatlichen Raten mit 0 % Zins ab! Jetzt profitieren und sofort losfahren.","og_url":"https:\/\/listings.mybikeplan.ch\/de\/produkt\/specialized-turbo-como-4-0-red\/","og_site_name":"MyBikePlan","article_modified_time":"2025-02-12T13:28:09+00:00","og_image":[{"width":1000,"height":1000,"url":"https:\/\/listings.mybikeplan.ch\/wp-content\/uploads\/2024\/01\/Specialized-Turbo-Como-4.0-3.jpg","type":"image\/jpeg"}],"twitter_card":"summary_large_image","twitter_misc":{"Gesch\u00e4tzte Lesezeit":"1\u00a0Minute"},"schema":{"@context":"https:\/\/schema.org","@graph":[{"@type":"WebPage","@id":"https:\/\/listings.mybikeplan.ch\/de\/produkt\/specialized-turbo-como-4-0-red\/","url":"https:\/\/listings.mybikeplan.ch\/de\/produkt\/specialized-turbo-como-4-0-red\/","name":"Specialized Turbo Como 4.0 | E-Bike Schweiz | 0 % Ratenzahlung","isPartOf":{"@id":"https:\/\/listings.mybikeplan.ch\/de\/#website"},"primaryImageOfPage":{"@id":"https:\/\/listings.mybikeplan.ch\/de\/produkt\/specialized-turbo-como-4-0-red\/#primaryimage"},"image":{"@id":"https:\/\/listings.mybikeplan.ch\/de\/produkt\/specialized-turbo-como-4-0-red\/#primaryimage"},"thumbnailUrl":"https:\/\/listings.mybikeplan.ch\/wp-content\/uploads\/2024\/01\/Specialized-Turbo-Como-4.0-3.jpg","datePublished":"2024-01-31T15:39:44+00:00","dateModified":"2025-02-12T13:28:09+00:00","description":"Hol Dir das Specialized Turbo Como 4.0 und zahle ganz bequem in monatlichen Raten mit 0 % Zins ab! Jetzt profitieren und sofort losfahren.","breadcrumb":{"@id":"https:\/\/listings.mybikeplan.ch\/de\/produkt\/specialized-turbo-como-4-0-red\/#breadcrumb"},"inLanguage":"de","potentialAction":[{"@type":"ReadAction","target":["https:\/\/listings.mybikeplan.ch\/de\/produkt\/specialized-turbo-como-4-0-red\/"]}]},{"@type":"ImageObject","inLanguage":"de","@id":"https:\/\/listings.mybikeplan.ch\/de\/produkt\/specialized-turbo-como-4-0-red\/#primaryimage","url":"https:\/\/listings.mybikeplan.ch\/wp-content\/uploads\/2024\/01\/Specialized-Turbo-Como-4.0-3.jpg","contentUrl":"https:\/\/listings.mybikeplan.ch\/wp-content\/uploads\/2024\/01\/Specialized-Turbo-Como-4.0-3.jpg","width":1000,"height":1000},{"@type":"BreadcrumbList","@id":"https:\/\/listings.mybikeplan.ch\/de\/produkt\/specialized-turbo-como-4-0-red\/#breadcrumb","itemListElement":[{"@type":"ListItem","position":1,"name":"Home","item":"https:\/\/listings.mybikeplan.ch\/de\/"},{"@type":"ListItem","position":2,"name":"Specialized Turbo Como 4.0"}]},{"@type":"WebSite","@id":"https:\/\/listings.mybikeplan.ch\/de\/#website","url":"https:\/\/listings.mybikeplan.ch\/de\/","name":"MyBikePlan","description":"","potentialAction":[{"@type":"SearchAction","target":{"@type":"EntryPoint","urlTemplate":"https:\/\/listings.mybikeplan.ch\/de\/?s={search_term_string}"},"query-input":{"@type":"PropertyValueSpecification","valueRequired":true,"valueName":"search_term_string"}}],"inLanguage":"de"}]}},"_links":{"self":[{"href":"https:\/\/listings.mybikeplan.ch\/de\/wp-json\/wp\/v2\/product\/56802","targetHints":{"allow":["GET"]}}],"collection":[{"href":"https:\/\/listings.mybikeplan.ch\/de\/wp-json\/wp\/v2\/product"}],"about":[{"href":"https:\/\/listings.mybikeplan.ch\/de\/wp-json\/wp\/v2\/types\/product"}],"replies":[{"embeddable":true,"href":"https:\/\/listings.mybikeplan.ch\/de\/wp-json\/wp\/v2\/comments?post=56802"}],"wp:featuredmedia":[{"embeddable":true,"href":"https:\/\/listings.mybikeplan.ch\/de\/wp-json\/wp\/v2\/media\/56813"}],"wp:attachment":[{"href":"https:\/\/listings.mybikeplan.ch\/de\/wp-json\/wp\/v2\/media?parent=56802"}],"wp:term":[{"taxonomy":"product_brand","embeddable":true,"href":"https:\/\/listings.mybikeplan.ch\/de\/wp-json\/wp\/v2\/product_brand?post=56802"},{"taxonomy":"product_cat","embeddable":true,"href":"https:\/\/listings.mybikeplan.ch\/de\/wp-json\/wp\/v2\/product_cat?post=56802"},{"taxonomy":"product_tag","embeddable":true,"href":"https:\/\/listings.mybikeplan.ch\/de\/wp-json\/wp\/v2\/product_tag?post=56802"}],"curies":[{"name":"wp","href":"https:\/\/api.w.org\/{rel}","templated":true}]}}