{"id":56006,"date":"2024-01-19T09:20:34","date_gmt":"2024-01-19T09:20:34","guid":{"rendered":"https:\/\/listings.mybikeplan.ch\/?post_type=product&#038;p=56006"},"modified":"2024-12-19T15:27:03","modified_gmt":"2024-12-19T15:27:03","slug":"cresta-egiro-neo-red-2024","status":"publish","type":"product","link":"https:\/\/listings.mybikeplan.ch\/de\/produkt\/cresta-egiro-neo-red-2024\/","title":{"rendered":"Cresta eGiro Neo+"},"content":{"rendered":"<h2><b>Das Wichtigste zum Cresta eGiro Neo+:\u00a0<\/b><\/h2>\n<ul>\n<li>Reichweite von bis zu 80 km, ideal f\u00fcr Alltag und Freizeit<\/li>\n<li><span style=\"font-weight: 400;\">Bequemer Sattel und ergonomischer Lenker<\/span><\/li>\n<li>Langlebiger Rahmen<\/li>\n<\/ul>\n<h2><b>Das <\/b><b>Cresta eGiro Neo+ <\/b><b>ist perfekt f\u00fcr dich, wenn Du:<\/b><\/h2>\n<ul>\n<li><span style=\"font-weight: 400;\">ein schnelles, effizientes und umweltfreundliches Fortbewegungsmittel f\u00fcr Alltag und Freizeit suchst<\/span><\/li>\n<li>mit dem Velo pendeln m\u00f6chtest<\/li>\n<li>am Wochenende Velotouren unternehmen willst<\/li>\n<\/ul>\n<h2><b>Gr\u00f6ssenempfehlung<\/b><b>:<\/b><\/h2>\n<ul>\n<li><span style=\"font-weight: 400;\">S\/47 = 160 &#8211; 170 cm<\/span><\/li>\n<li>M\/50 = 169 &#8211; 180 cm<\/li>\n<li>L\/54 = 179 &#8211; 189 cm<\/li>\n<\/ul>\n","protected":false},"excerpt":{"rendered":"<h2>Cresta eGiro Neo+<\/h2>\n<p><span style=\"font-weight: 400;\">Schnell, effizient und umweltfreundlich: Das ist das Cresta eGiro Neo GT. Mit seinem leistungsstarken Motor, dem ausdauernden Akku und den fortschrittlichen Funktionen eignet es sich perfekt f\u00fcr den Weg zur Arbeit, f\u00fcr Besorgungen oder f\u00fcr die Erkundung neuer Wege.<\/span><\/p>\n<p><span style=\"font-weight: 400;\">Der langlebige Aluminiumrahmen ist sowohl leicht als auch stabil, und das E-Bike besitzt eine Federgabel, die auch auf unwegsamem Gel\u00e4nde f\u00fcr eine ruhige und komfortable Fahrt sorgt. Das Cresta eGiro Neo GT ist ausserdem mit einer Shimano 7-Gang-Schaltung ausgestattet, mit der Du deine Geschwindigkeit ganz einfach an das Gel\u00e4nde anpassen kannst.<\/span><\/p>\n<h2>\u00dcber die Marke Cresta<\/h2>\n<p>Effizient, umweltfreundlich und stilvoll: Das sind Cresta E-Bikes. Die Marke hat es sich zum Ziel gesetzt, Dir ein fantastisches Fahrgef\u00fchl zu bieten, w\u00e4hrend Du gleichzeitig ganz bequem Deinen \u00f6kologischen Fussabdruck verringerst. Seit 1898 ist die Schweizer Traditionsmarke f\u00fcr Velofahrer*innen und ihre W\u00fcnsche da und \u00fcberzeugt rundum mit Qualit\u00e4t und Hochwertigkeit.<\/p>\n","protected":false},"featured_media":62728,"comment_status":"open","ping_status":"closed","template":"","meta":{"_acf_changed":false},"product_brand":[],"product_cat":[583,15,578,582,2089,23,579,3543,4481,3252,7789],"product_tag":[],"class_list":{"0":"post-56006","1":"product","2":"type-product","3":"status-publish","4":"has-post-thumbnail","6":"product_cat-25-km","7":"product_cat-alle-e-bikes","8":"product_cat-damen","9":"product_cat-diamant","10":"product_cat-e-bikes","11":"product_cat-e-trekking","12":"product_cat-herren","13":"product_cat-marke-cresta","14":"product_cat-mybikeplan","15":"product_cat-rot","16":"product_cat-swiss-made","17":"pa_attachments-child-seat","18":"pa_attachments-trailer-connection","19":"pa_battery-bosch-power-tube-625-wh","20":"pa_battery-size-625-wh","21":"pa_brand-cresta","22":"pa_display-bosch-intuvia-100","23":"pa_filters-color-rot","24":"pa_fork-sr-suntour-mobie-25-federgabel-2","25":"pa_frame-variant-diamant","26":"pa_hex-color-000000-produkt-cresta-egiro-neo-schwarz-2024","27":"pa_hex-color-5585a0-produkt-cresta-egiro-neo-blue-2024","28":"pa_hex-color-b03236","29":"pa_motor-bosch-g4-performance-cx-25km-h","30":"pa_motor-brand-bosch","31":"pa_rider-height-170-175-cm","32":"pa_rider-height-175-180-cm","33":"pa_rider-height-180-185-cm","34":"pa_rider-height-185-190-cm","35":"pa_rider-height-190-195-cm","36":"pa_seat-tube-length-l-54-2","37":"pa_seat-tube-length-m-50-2","38":"pa_seat-tube-length-s-47-2","39":"pa_sizes-l","40":"pa_sizes-m","41":"pa_sizes-s","42":"pa_speed-25-km-stunde","43":"pa_weight-27-kg","44":"pa_wheel-size-28-2","46":"first","47":"instock","48":"shipping-taxable","49":"purchasable","50":"product-type-variable"},"acf":{"short_description":"Mit dem Cresta eGiro Neo+ flitzt Du m\u00fchelos durch den Stadtverkehr und hast den idealen Begleiter f\u00fcr Deinen Alltag gefunden!","bike_name":"Cresta eGiro Neo+","highlight_text":"","frame":"","battery_size":"","motor_strength":""},"yoast_head":"<!-- This site is optimized with the Yoast SEO plugin v24.5 - https:\/\/yoast.com\/wordpress\/plugins\/seo\/ -->\n<title>Cresta eGiro Neo+ | E-Bike Schweiz | 0% Ratenzahlung<\/title>\n<meta name=\"description\" content=\"Hol Dir das Cresta eGiro Neo+ und zahle ganz bequem in monatlichen Raten mit 0 % Zins ab! Jetzt profitieren und sofort losfahren.\" \/>\n<meta name=\"robots\" content=\"noindex, follow, max-snippet:-1, max-image-preview:large, max-video-preview:-1\" \/>\n<meta property=\"og:locale\" content=\"de_DE\" \/>\n<meta property=\"og:type\" content=\"article\" \/>\n<meta property=\"og:title\" content=\"Cresta eGiro Neo+ | E-Bike Schweiz | 0% Ratenzahlung\" \/>\n<meta property=\"og:description\" content=\"Hol Dir das Cresta eGiro Neo+ und zahle ganz bequem in monatlichen Raten mit 0 % Zins ab! Jetzt profitieren und sofort losfahren.\" \/>\n<meta property=\"og:url\" content=\"https:\/\/listings.mybikeplan.ch\/de\/produkt\/cresta-egiro-neo-red-2024\/\" \/>\n<meta property=\"og:site_name\" content=\"MyBikePlan\" \/>\n<meta property=\"article:modified_time\" content=\"2024-12-19T15:27:03+00:00\" \/>\n<meta property=\"og:image\" content=\"https:\/\/listings.mybikeplan.ch\/wp-content\/uploads\/2024\/01\/Cresta-eGiro-Neo-2-scaled.jpg\" \/>\n\t<meta property=\"og:image:width\" content=\"2560\" \/>\n\t<meta property=\"og:image:height\" content=\"2560\" \/>\n\t<meta property=\"og:image:type\" content=\"image\/jpeg\" \/>\n<meta name=\"twitter:card\" content=\"summary_large_image\" \/>\n<meta name=\"twitter:label1\" content=\"Gesch\u00e4tzte Lesezeit\" \/>\n\t<meta name=\"twitter:data1\" content=\"1\u00a0Minute\" \/>\n<script type=\"application\/ld+json\" class=\"yoast-schema-graph\">{\"@context\":\"https:\/\/schema.org\",\"@graph\":[{\"@type\":\"WebPage\",\"@id\":\"https:\/\/listings.mybikeplan.ch\/de\/produkt\/cresta-egiro-neo-red-2024\/\",\"url\":\"https:\/\/listings.mybikeplan.ch\/de\/produkt\/cresta-egiro-neo-red-2024\/\",\"name\":\"Cresta eGiro Neo+ | E-Bike Schweiz | 0% Ratenzahlung\",\"isPartOf\":{\"@id\":\"https:\/\/listings.mybikeplan.ch\/de\/#website\"},\"primaryImageOfPage\":{\"@id\":\"https:\/\/listings.mybikeplan.ch\/de\/produkt\/cresta-egiro-neo-red-2024\/#primaryimage\"},\"image\":{\"@id\":\"https:\/\/listings.mybikeplan.ch\/de\/produkt\/cresta-egiro-neo-red-2024\/#primaryimage\"},\"thumbnailUrl\":\"https:\/\/listings.mybikeplan.ch\/wp-content\/uploads\/2024\/01\/Cresta-eGiro-Neo-2-scaled.jpg\",\"datePublished\":\"2024-01-19T09:20:34+00:00\",\"dateModified\":\"2024-12-19T15:27:03+00:00\",\"description\":\"Hol Dir das Cresta eGiro Neo+ und zahle ganz bequem in monatlichen Raten mit 0 % Zins ab! Jetzt profitieren und sofort losfahren.\",\"breadcrumb\":{\"@id\":\"https:\/\/listings.mybikeplan.ch\/de\/produkt\/cresta-egiro-neo-red-2024\/#breadcrumb\"},\"inLanguage\":\"de\",\"potentialAction\":[{\"@type\":\"ReadAction\",\"target\":[\"https:\/\/listings.mybikeplan.ch\/de\/produkt\/cresta-egiro-neo-red-2024\/\"]}]},{\"@type\":\"ImageObject\",\"inLanguage\":\"de\",\"@id\":\"https:\/\/listings.mybikeplan.ch\/de\/produkt\/cresta-egiro-neo-red-2024\/#primaryimage\",\"url\":\"https:\/\/listings.mybikeplan.ch\/wp-content\/uploads\/2024\/01\/Cresta-eGiro-Neo-2-scaled.jpg\",\"contentUrl\":\"https:\/\/listings.mybikeplan.ch\/wp-content\/uploads\/2024\/01\/Cresta-eGiro-Neo-2-scaled.jpg\",\"width\":2560,\"height\":2560},{\"@type\":\"BreadcrumbList\",\"@id\":\"https:\/\/listings.mybikeplan.ch\/de\/produkt\/cresta-egiro-neo-red-2024\/#breadcrumb\",\"itemListElement\":[{\"@type\":\"ListItem\",\"position\":1,\"name\":\"Home\",\"item\":\"https:\/\/listings.mybikeplan.ch\/de\/\"},{\"@type\":\"ListItem\",\"position\":2,\"name\":\"Cresta eGiro Neo+\"}]},{\"@type\":\"WebSite\",\"@id\":\"https:\/\/listings.mybikeplan.ch\/de\/#website\",\"url\":\"https:\/\/listings.mybikeplan.ch\/de\/\",\"name\":\"MyBikePlan\",\"description\":\"\",\"potentialAction\":[{\"@type\":\"SearchAction\",\"target\":{\"@type\":\"EntryPoint\",\"urlTemplate\":\"https:\/\/listings.mybikeplan.ch\/de\/?s={search_term_string}\"},\"query-input\":{\"@type\":\"PropertyValueSpecification\",\"valueRequired\":true,\"valueName\":\"search_term_string\"}}],\"inLanguage\":\"de\"}]}<\/script>\n<!-- \/ Yoast SEO plugin. -->","yoast_head_json":{"title":"Cresta eGiro Neo+ | E-Bike Schweiz | 0% Ratenzahlung","description":"Hol Dir das Cresta eGiro Neo+ und zahle ganz bequem in monatlichen Raten mit 0 % Zins ab! Jetzt profitieren und sofort losfahren.","robots":{"index":"noindex","follow":"follow","max-snippet":"max-snippet:-1","max-image-preview":"max-image-preview:large","max-video-preview":"max-video-preview:-1"},"og_locale":"de_DE","og_type":"article","og_title":"Cresta eGiro Neo+ | E-Bike Schweiz | 0% Ratenzahlung","og_description":"Hol Dir das Cresta eGiro Neo+ und zahle ganz bequem in monatlichen Raten mit 0 % Zins ab! Jetzt profitieren und sofort losfahren.","og_url":"https:\/\/listings.mybikeplan.ch\/de\/produkt\/cresta-egiro-neo-red-2024\/","og_site_name":"MyBikePlan","article_modified_time":"2024-12-19T15:27:03+00:00","og_image":[{"width":2560,"height":2560,"url":"https:\/\/listings.mybikeplan.ch\/wp-content\/uploads\/2024\/01\/Cresta-eGiro-Neo-2-scaled.jpg","type":"image\/jpeg"}],"twitter_card":"summary_large_image","twitter_misc":{"Gesch\u00e4tzte Lesezeit":"1\u00a0Minute"},"schema":{"@context":"https:\/\/schema.org","@graph":[{"@type":"WebPage","@id":"https:\/\/listings.mybikeplan.ch\/de\/produkt\/cresta-egiro-neo-red-2024\/","url":"https:\/\/listings.mybikeplan.ch\/de\/produkt\/cresta-egiro-neo-red-2024\/","name":"Cresta eGiro Neo+ | E-Bike Schweiz | 0% Ratenzahlung","isPartOf":{"@id":"https:\/\/listings.mybikeplan.ch\/de\/#website"},"primaryImageOfPage":{"@id":"https:\/\/listings.mybikeplan.ch\/de\/produkt\/cresta-egiro-neo-red-2024\/#primaryimage"},"image":{"@id":"https:\/\/listings.mybikeplan.ch\/de\/produkt\/cresta-egiro-neo-red-2024\/#primaryimage"},"thumbnailUrl":"https:\/\/listings.mybikeplan.ch\/wp-content\/uploads\/2024\/01\/Cresta-eGiro-Neo-2-scaled.jpg","datePublished":"2024-01-19T09:20:34+00:00","dateModified":"2024-12-19T15:27:03+00:00","description":"Hol Dir das Cresta eGiro Neo+ und zahle ganz bequem in monatlichen Raten mit 0 % Zins ab! Jetzt profitieren und sofort losfahren.","breadcrumb":{"@id":"https:\/\/listings.mybikeplan.ch\/de\/produkt\/cresta-egiro-neo-red-2024\/#breadcrumb"},"inLanguage":"de","potentialAction":[{"@type":"ReadAction","target":["https:\/\/listings.mybikeplan.ch\/de\/produkt\/cresta-egiro-neo-red-2024\/"]}]},{"@type":"ImageObject","inLanguage":"de","@id":"https:\/\/listings.mybikeplan.ch\/de\/produkt\/cresta-egiro-neo-red-2024\/#primaryimage","url":"https:\/\/listings.mybikeplan.ch\/wp-content\/uploads\/2024\/01\/Cresta-eGiro-Neo-2-scaled.jpg","contentUrl":"https:\/\/listings.mybikeplan.ch\/wp-content\/uploads\/2024\/01\/Cresta-eGiro-Neo-2-scaled.jpg","width":2560,"height":2560},{"@type":"BreadcrumbList","@id":"https:\/\/listings.mybikeplan.ch\/de\/produkt\/cresta-egiro-neo-red-2024\/#breadcrumb","itemListElement":[{"@type":"ListItem","position":1,"name":"Home","item":"https:\/\/listings.mybikeplan.ch\/de\/"},{"@type":"ListItem","position":2,"name":"Cresta eGiro Neo+"}]},{"@type":"WebSite","@id":"https:\/\/listings.mybikeplan.ch\/de\/#website","url":"https:\/\/listings.mybikeplan.ch\/de\/","name":"MyBikePlan","description":"","potentialAction":[{"@type":"SearchAction","target":{"@type":"EntryPoint","urlTemplate":"https:\/\/listings.mybikeplan.ch\/de\/?s={search_term_string}"},"query-input":{"@type":"PropertyValueSpecification","valueRequired":true,"valueName":"search_term_string"}}],"inLanguage":"de"}]}},"_links":{"self":[{"href":"https:\/\/listings.mybikeplan.ch\/de\/wp-json\/wp\/v2\/product\/56006","targetHints":{"allow":["GET"]}}],"collection":[{"href":"https:\/\/listings.mybikeplan.ch\/de\/wp-json\/wp\/v2\/product"}],"about":[{"href":"https:\/\/listings.mybikeplan.ch\/de\/wp-json\/wp\/v2\/types\/product"}],"replies":[{"embeddable":true,"href":"https:\/\/listings.mybikeplan.ch\/de\/wp-json\/wp\/v2\/comments?post=56006"}],"wp:featuredmedia":[{"embeddable":true,"href":"https:\/\/listings.mybikeplan.ch\/de\/wp-json\/wp\/v2\/media\/62728"}],"wp:attachment":[{"href":"https:\/\/listings.mybikeplan.ch\/de\/wp-json\/wp\/v2\/media?parent=56006"}],"wp:term":[{"taxonomy":"product_brand","embeddable":true,"href":"https:\/\/listings.mybikeplan.ch\/de\/wp-json\/wp\/v2\/product_brand?post=56006"},{"taxonomy":"product_cat","embeddable":true,"href":"https:\/\/listings.mybikeplan.ch\/de\/wp-json\/wp\/v2\/product_cat?post=56006"},{"taxonomy":"product_tag","embeddable":true,"href":"https:\/\/listings.mybikeplan.ch\/de\/wp-json\/wp\/v2\/product_tag?post=56006"}],"curies":[{"name":"wp","href":"https:\/\/api.w.org\/{rel}","templated":true}]}}