{"id":55809,"date":"2024-01-18T13:42:45","date_gmt":"2024-01-18T13:42:45","guid":{"rendered":"https:\/\/listings.mybikeplan.ch\/?post_type=product&#038;p=55809"},"modified":"2024-12-19T15:36:51","modified_gmt":"2024-12-19T15:36:51","slug":"cresta-egiro-neo-ds-blau-2024","status":"publish","type":"product","link":"https:\/\/listings.mybikeplan.ch\/de\/produkt\/cresta-egiro-neo-ds-blau-2024\/","title":{"rendered":"Cresta eGiro DS NEO+"},"content":{"rendered":"<h2><b>Das Wichtigste zum Cresta eGiro DS NEO+:\u00a0<\/b><\/h2>\n<ul>\n<li>vollgefedertes Trekking E-Bike: ideal f\u00fcr jeden Untergrund<\/li>\n<li>starker Motor f\u00fcr Steigungen<\/li>\n<li>eingebauter Gep\u00e4cktr\u00e4ger<\/li>\n<\/ul>\n<h2><b>Das Cresta Cresta eGiro DS NEO+<\/b><b>\u00a0<\/b><b>ist perfekt f\u00fcr dich, wenn Du:<\/b><\/h2>\n<ul>\n<li><span style=\"font-weight: 400;\">ein schnelles, effizientes und umweltfreundliches Fortbewegungsmittel f\u00fcr Alltag und Freizeit suchst<\/span><\/li>\n<li>mit dem Velo pendeln m\u00f6chtest<\/li>\n<li>am Wochenende Velotouren unternehmen willst<\/li>\n<\/ul>\n<h2>Gr\u00f6ssenempfehlungen:<\/h2>\n<ul>\n<li>S: 151 cm &#8211; 160 cm<\/li>\n<li>M: 161 cm &#8211; 170 cm<\/li>\n<li>L: 171 cm &#8211; 180 cm<\/li>\n<\/ul>\n","protected":false},"excerpt":{"rendered":"<h2>Cresta eGiro DS NEO+<\/h2>\n<p>Erlebe Fahrvergn\u00fcgen auf h\u00f6chstem Niveau mit dem Cresta eGiro DS NEO+. Besonders auf unbefestigten Wegen kommt dieses Trekking E-Bike voll zur Geltung. Die Vollfederung sorgt f\u00fcr eine sp\u00fcrbare Entlastung von R\u00fccken, Muskulatur und Gelenken. Ein hinterer D\u00e4mpfer mit 100 mm Federweg und eine vordere 120 mm Federgabel fangen Ersch\u00fctterungen gekonnt ab. Durch den verstellbaren Vorbau kannst du die Sitzposition individuell anpassen, und der kurze Vorbau sorgt f\u00fcr ein direktes und agiles Fahrgef\u00fchl.<\/p>\n<p>Das Herzst\u00fcck, der leistungsstarke Bosch Performance CX Motor, pusht deine Tretkraft bis zu einer Geschwindigkeit von 25 km\/h. Seine kompakte und leichte Bauweise bietet ein nat\u00fcrliches und instinktives Fahrgef\u00fchl. Mit einem Drehmoment von 85 Nm ist auch schnelles Beschleunigen bergauf oder bei voller Beladung kein Hindernis. Der unauff\u00e4llig im Unterrohr verbaute Akku mit einer Kapazit\u00e4t von 625 Wh hat mehr als genug Saft f\u00fcr l\u00e4ngere Ausfl\u00fcge \u2013 selbst in bergigem Gel\u00e4nde und auf unbefestigten Strassen. Du hast die Option, den Akku entweder direkt im E-Bike aufzuladen oder ihn zum Laden herauszunehmen.<\/p>\n<h2>\u00dcber die Marke Cresta<\/h2>\n<p>Effizient, umweltfreundlich und stilvoll: Das sind Cresta E-Bikes. Die Marke hat es sich zum Ziel gesetzt, Dir ein fantastisches Fahrgef\u00fchl zu bieten, w\u00e4hrend Du gleichzeitig ganz bequem Deinen \u00f6kologischen Fussabdruck verringerst. Seit 1898 ist die Schweizer Traditionsmarke f\u00fcr Velofahrer*innen und ihre W\u00fcnsche da und \u00fcberzeugt rundum mit Qualit\u00e4t und Hochwertigkeit.<\/p>\n","protected":false},"featured_media":56082,"comment_status":"open","ping_status":"closed","template":"","meta":{"_acf_changed":false},"product_brand":[],"product_cat":[583,15,3248,578,2089,23,579,3543,4481,7789],"product_tag":[],"class_list":{"0":"post-55809","1":"product","2":"type-product","3":"status-publish","4":"has-post-thumbnail","6":"product_cat-25-km","7":"product_cat-alle-e-bikes","8":"product_cat-blau","9":"product_cat-damen","10":"product_cat-e-bikes","11":"product_cat-e-trekking","12":"product_cat-herren","13":"product_cat-marke-cresta","14":"product_cat-mybikeplan","15":"product_cat-swiss-made","16":"pa_attachments-child-seat","17":"pa_attachments-trailer-connection","18":"pa_battery-bosch-power-tube-625-wh","19":"pa_battery-size-625-wh","20":"pa_brakes-front-shimano-deore-scheibenbremse","21":"pa_brakes-rear-shimano-deore-scheibenbremse","22":"pa_brand-cresta","23":"pa_display-bosch-intuvia-100","24":"pa_filters-color-blau","25":"pa_fork-suntour-xcr34-federgabel-100-mm","26":"pa_frame-variant-trapez","27":"pa_gear-change-shimano-deore-10-fach","28":"pa_gearshift-shimano-deore","29":"pa_handlebar-fsa-riser","30":"pa_hex-color-7519","31":"pa_hex-color-bebab6-produkt-cresta-egiro-ds-neo-grau-2024","32":"pa_motor-bosch-g4-performance-cx-25km-h","33":"pa_motor-brand-bosch","34":"pa_rider-height-150-155-cm","35":"pa_rider-height-155-160-cm","36":"pa_rider-height-160-165-cm","37":"pa_rider-height-165-170-cm","38":"pa_rider-height-170-175-cm","39":"pa_rider-height-175-180-cm","40":"pa_saddle-selle-royal-essenzia-moderate","41":"pa_seat-tube-length-l-47-cm","42":"pa_seat-tube-length-m-44-5-cm","43":"pa_seat-tube-length-s","44":"pa_sizes-l","45":"pa_sizes-m","46":"pa_sizes-s","47":"pa_speed-25-km-stunde","48":"pa_tires-schwalbe-g-one-overland-evo-28x2-00","50":"first","51":"instock","52":"shipping-taxable","53":"purchasable","54":"product-type-variable"},"acf":{"short_description":"Mit dem Cresta eGiro DS NEO+ erreichst Du dein Ziel viel relaxter, ganz egal, ob Du nun in der Stadt \u00fcber Kopfsteinpflaster f\u00e4hrst oder Dich auf Waldwegen fernab der Strasse befindest. Du schonst dabei Deine R\u00fcckenmuskulatur, Muskeln und Gelenke um bis zu 35 %!","bike_name":"Cresta eGiro DS NEO+","highlight_text":"","frame":"","battery_size":"","motor_strength":""},"yoast_head":"<!-- This site is optimized with the Yoast SEO plugin v24.5 - https:\/\/yoast.com\/wordpress\/plugins\/seo\/ -->\n<title>Cresta eGiro DS NEO+ | E-Bike Schweiz | 0% Ratenzahlung<\/title>\n<meta name=\"description\" content=\"Hol Dir das Cresta eGiro DS NEO+ und zahle ganz bequem in monatlichen Raten mit 0 % Zins ab! Jetzt profitieren und sofort losfahren.\" \/>\n<meta name=\"robots\" content=\"noindex, follow, max-snippet:-1, max-image-preview:large, max-video-preview:-1\" \/>\n<meta property=\"og:locale\" content=\"de_DE\" \/>\n<meta property=\"og:type\" content=\"article\" \/>\n<meta property=\"og:title\" content=\"Cresta eGiro DS NEO+ | E-Bike Schweiz | 0% Ratenzahlung\" \/>\n<meta property=\"og:description\" content=\"Hol Dir das Cresta eGiro DS NEO+ und zahle ganz bequem in monatlichen Raten mit 0 % Zins ab! Jetzt profitieren und sofort losfahren.\" \/>\n<meta property=\"og:url\" content=\"https:\/\/listings.mybikeplan.ch\/de\/produkt\/cresta-egiro-neo-ds-blau-2024\/\" \/>\n<meta property=\"og:site_name\" content=\"MyBikePlan\" \/>\n<meta property=\"article:modified_time\" content=\"2024-12-19T15:36:51+00:00\" \/>\n<meta property=\"og:image\" content=\"https:\/\/listings.mybikeplan.ch\/wp-content\/uploads\/2024\/01\/Cresta-eGiro-DS-NEO-Blue.jpg\" \/>\n\t<meta property=\"og:image:width\" content=\"1000\" \/>\n\t<meta property=\"og:image:height\" content=\"1000\" \/>\n\t<meta property=\"og:image:type\" content=\"image\/jpeg\" \/>\n<meta name=\"twitter:card\" content=\"summary_large_image\" \/>\n<meta name=\"twitter:label1\" content=\"Gesch\u00e4tzte Lesezeit\" \/>\n\t<meta name=\"twitter:data1\" content=\"1\u00a0Minute\" \/>\n<script type=\"application\/ld+json\" class=\"yoast-schema-graph\">{\"@context\":\"https:\/\/schema.org\",\"@graph\":[{\"@type\":\"WebPage\",\"@id\":\"https:\/\/listings.mybikeplan.ch\/de\/produkt\/cresta-egiro-neo-ds-blau-2024\/\",\"url\":\"https:\/\/listings.mybikeplan.ch\/de\/produkt\/cresta-egiro-neo-ds-blau-2024\/\",\"name\":\"Cresta eGiro DS NEO+ | E-Bike Schweiz | 0% Ratenzahlung\",\"isPartOf\":{\"@id\":\"https:\/\/listings.mybikeplan.ch\/de\/#website\"},\"primaryImageOfPage\":{\"@id\":\"https:\/\/listings.mybikeplan.ch\/de\/produkt\/cresta-egiro-neo-ds-blau-2024\/#primaryimage\"},\"image\":{\"@id\":\"https:\/\/listings.mybikeplan.ch\/de\/produkt\/cresta-egiro-neo-ds-blau-2024\/#primaryimage\"},\"thumbnailUrl\":\"https:\/\/listings.mybikeplan.ch\/wp-content\/uploads\/2024\/01\/Cresta-eGiro-DS-NEO-Blue.jpg\",\"datePublished\":\"2024-01-18T13:42:45+00:00\",\"dateModified\":\"2024-12-19T15:36:51+00:00\",\"description\":\"Hol Dir das Cresta eGiro DS NEO+ und zahle ganz bequem in monatlichen Raten mit 0 % Zins ab! Jetzt profitieren und sofort losfahren.\",\"breadcrumb\":{\"@id\":\"https:\/\/listings.mybikeplan.ch\/de\/produkt\/cresta-egiro-neo-ds-blau-2024\/#breadcrumb\"},\"inLanguage\":\"de\",\"potentialAction\":[{\"@type\":\"ReadAction\",\"target\":[\"https:\/\/listings.mybikeplan.ch\/de\/produkt\/cresta-egiro-neo-ds-blau-2024\/\"]}]},{\"@type\":\"ImageObject\",\"inLanguage\":\"de\",\"@id\":\"https:\/\/listings.mybikeplan.ch\/de\/produkt\/cresta-egiro-neo-ds-blau-2024\/#primaryimage\",\"url\":\"https:\/\/listings.mybikeplan.ch\/wp-content\/uploads\/2024\/01\/Cresta-eGiro-DS-NEO-Blue.jpg\",\"contentUrl\":\"https:\/\/listings.mybikeplan.ch\/wp-content\/uploads\/2024\/01\/Cresta-eGiro-DS-NEO-Blue.jpg\",\"width\":1000,\"height\":1000},{\"@type\":\"BreadcrumbList\",\"@id\":\"https:\/\/listings.mybikeplan.ch\/de\/produkt\/cresta-egiro-neo-ds-blau-2024\/#breadcrumb\",\"itemListElement\":[{\"@type\":\"ListItem\",\"position\":1,\"name\":\"Home\",\"item\":\"https:\/\/listings.mybikeplan.ch\/de\/\"},{\"@type\":\"ListItem\",\"position\":2,\"name\":\"Cresta eGiro DS NEO+\"}]},{\"@type\":\"WebSite\",\"@id\":\"https:\/\/listings.mybikeplan.ch\/de\/#website\",\"url\":\"https:\/\/listings.mybikeplan.ch\/de\/\",\"name\":\"MyBikePlan\",\"description\":\"\",\"potentialAction\":[{\"@type\":\"SearchAction\",\"target\":{\"@type\":\"EntryPoint\",\"urlTemplate\":\"https:\/\/listings.mybikeplan.ch\/de\/?s={search_term_string}\"},\"query-input\":{\"@type\":\"PropertyValueSpecification\",\"valueRequired\":true,\"valueName\":\"search_term_string\"}}],\"inLanguage\":\"de\"}]}<\/script>\n<!-- \/ Yoast SEO plugin. -->","yoast_head_json":{"title":"Cresta eGiro DS NEO+ | E-Bike Schweiz | 0% Ratenzahlung","description":"Hol Dir das Cresta eGiro DS NEO+ und zahle ganz bequem in monatlichen Raten mit 0 % Zins ab! Jetzt profitieren und sofort losfahren.","robots":{"index":"noindex","follow":"follow","max-snippet":"max-snippet:-1","max-image-preview":"max-image-preview:large","max-video-preview":"max-video-preview:-1"},"og_locale":"de_DE","og_type":"article","og_title":"Cresta eGiro DS NEO+ | E-Bike Schweiz | 0% Ratenzahlung","og_description":"Hol Dir das Cresta eGiro DS NEO+ und zahle ganz bequem in monatlichen Raten mit 0 % Zins ab! Jetzt profitieren und sofort losfahren.","og_url":"https:\/\/listings.mybikeplan.ch\/de\/produkt\/cresta-egiro-neo-ds-blau-2024\/","og_site_name":"MyBikePlan","article_modified_time":"2024-12-19T15:36:51+00:00","og_image":[{"width":1000,"height":1000,"url":"https:\/\/listings.mybikeplan.ch\/wp-content\/uploads\/2024\/01\/Cresta-eGiro-DS-NEO-Blue.jpg","type":"image\/jpeg"}],"twitter_card":"summary_large_image","twitter_misc":{"Gesch\u00e4tzte Lesezeit":"1\u00a0Minute"},"schema":{"@context":"https:\/\/schema.org","@graph":[{"@type":"WebPage","@id":"https:\/\/listings.mybikeplan.ch\/de\/produkt\/cresta-egiro-neo-ds-blau-2024\/","url":"https:\/\/listings.mybikeplan.ch\/de\/produkt\/cresta-egiro-neo-ds-blau-2024\/","name":"Cresta eGiro DS NEO+ | E-Bike Schweiz | 0% Ratenzahlung","isPartOf":{"@id":"https:\/\/listings.mybikeplan.ch\/de\/#website"},"primaryImageOfPage":{"@id":"https:\/\/listings.mybikeplan.ch\/de\/produkt\/cresta-egiro-neo-ds-blau-2024\/#primaryimage"},"image":{"@id":"https:\/\/listings.mybikeplan.ch\/de\/produkt\/cresta-egiro-neo-ds-blau-2024\/#primaryimage"},"thumbnailUrl":"https:\/\/listings.mybikeplan.ch\/wp-content\/uploads\/2024\/01\/Cresta-eGiro-DS-NEO-Blue.jpg","datePublished":"2024-01-18T13:42:45+00:00","dateModified":"2024-12-19T15:36:51+00:00","description":"Hol Dir das Cresta eGiro DS NEO+ und zahle ganz bequem in monatlichen Raten mit 0 % Zins ab! Jetzt profitieren und sofort losfahren.","breadcrumb":{"@id":"https:\/\/listings.mybikeplan.ch\/de\/produkt\/cresta-egiro-neo-ds-blau-2024\/#breadcrumb"},"inLanguage":"de","potentialAction":[{"@type":"ReadAction","target":["https:\/\/listings.mybikeplan.ch\/de\/produkt\/cresta-egiro-neo-ds-blau-2024\/"]}]},{"@type":"ImageObject","inLanguage":"de","@id":"https:\/\/listings.mybikeplan.ch\/de\/produkt\/cresta-egiro-neo-ds-blau-2024\/#primaryimage","url":"https:\/\/listings.mybikeplan.ch\/wp-content\/uploads\/2024\/01\/Cresta-eGiro-DS-NEO-Blue.jpg","contentUrl":"https:\/\/listings.mybikeplan.ch\/wp-content\/uploads\/2024\/01\/Cresta-eGiro-DS-NEO-Blue.jpg","width":1000,"height":1000},{"@type":"BreadcrumbList","@id":"https:\/\/listings.mybikeplan.ch\/de\/produkt\/cresta-egiro-neo-ds-blau-2024\/#breadcrumb","itemListElement":[{"@type":"ListItem","position":1,"name":"Home","item":"https:\/\/listings.mybikeplan.ch\/de\/"},{"@type":"ListItem","position":2,"name":"Cresta eGiro DS NEO+"}]},{"@type":"WebSite","@id":"https:\/\/listings.mybikeplan.ch\/de\/#website","url":"https:\/\/listings.mybikeplan.ch\/de\/","name":"MyBikePlan","description":"","potentialAction":[{"@type":"SearchAction","target":{"@type":"EntryPoint","urlTemplate":"https:\/\/listings.mybikeplan.ch\/de\/?s={search_term_string}"},"query-input":{"@type":"PropertyValueSpecification","valueRequired":true,"valueName":"search_term_string"}}],"inLanguage":"de"}]}},"_links":{"self":[{"href":"https:\/\/listings.mybikeplan.ch\/de\/wp-json\/wp\/v2\/product\/55809","targetHints":{"allow":["GET"]}}],"collection":[{"href":"https:\/\/listings.mybikeplan.ch\/de\/wp-json\/wp\/v2\/product"}],"about":[{"href":"https:\/\/listings.mybikeplan.ch\/de\/wp-json\/wp\/v2\/types\/product"}],"replies":[{"embeddable":true,"href":"https:\/\/listings.mybikeplan.ch\/de\/wp-json\/wp\/v2\/comments?post=55809"}],"wp:featuredmedia":[{"embeddable":true,"href":"https:\/\/listings.mybikeplan.ch\/de\/wp-json\/wp\/v2\/media\/56082"}],"wp:attachment":[{"href":"https:\/\/listings.mybikeplan.ch\/de\/wp-json\/wp\/v2\/media?parent=55809"}],"wp:term":[{"taxonomy":"product_brand","embeddable":true,"href":"https:\/\/listings.mybikeplan.ch\/de\/wp-json\/wp\/v2\/product_brand?post=55809"},{"taxonomy":"product_cat","embeddable":true,"href":"https:\/\/listings.mybikeplan.ch\/de\/wp-json\/wp\/v2\/product_cat?post=55809"},{"taxonomy":"product_tag","embeddable":true,"href":"https:\/\/listings.mybikeplan.ch\/de\/wp-json\/wp\/v2\/product_tag?post=55809"}],"curies":[{"name":"wp","href":"https:\/\/api.w.org\/{rel}","templated":true}]}}