{"id":55696,"date":"2024-01-11T16:08:04","date_gmt":"2024-01-11T16:08:04","guid":{"rendered":"https:\/\/listings.mybikeplan.ch\/?post_type=product&#038;p=55696"},"modified":"2024-12-20T09:52:52","modified_gmt":"2024-12-20T09:52:52","slug":"bergstrom-axv-869-r-625-wh","status":"publish","type":"product","link":"https:\/\/listings.mybikeplan.ch\/de\/produkt\/bergstrom-axv-869-r-625-wh\/","title":{"rendered":"BERGSTROM AXV 869 R 625 Wh"},"content":{"rendered":"<h2><b>Die wichtigsten Fakten zum BERGSTROM AXV 869 R <\/b><b>auf einen Blick:<\/b><\/h2>\n<ul>\n<li style=\"font-weight: 400;\" aria-level=\"1\">Ausdauernder 625 Wh Akku<\/li>\n<li aria-level=\"1\">Bosch Performance CX Race Motor mit 85 Nm<\/li>\n<li aria-level=\"1\">Federweg von 150 mm<\/li>\n<\/ul>\n<h2><b>Das BERGSTROM AXV 869 R ist perfekt f\u00fcr Dich, wenn Du:<\/b><\/h2>\n<ul>\n<li style=\"font-weight: 400;\" aria-level=\"1\"><span style=\"font-weight: 400;\">Deine Grenzen erkunden willst<\/span><\/li>\n<li aria-level=\"1\">Schon MTB-Erfahrung hast<\/li>\n<li aria-level=\"1\">brutale Uphill-Passagen erklimmen willst<\/li>\n<\/ul>\n<h2><strong>Gr\u00f6ssenempfehlung:<\/strong><\/h2>\n<ul>\n<li>S = 158 cm bis 167 cm<\/li>\n<li>M = 167 cm bis 177 cm<\/li>\n<li>L = 176 cm bis 186 cm<\/li>\n<li>XL = 185 cm bis 195 cm<\/li>\n<\/ul>\n","protected":false},"excerpt":{"rendered":"<h2><b>Das BERGSTROM AXV 869 R<\/b><\/h2>\n<p>Mit dem leichten Bosch Performance CX Race Motor beschleunigt das AXV 869 brachial &#8211; auch bei brutalen Uphill Passagen. Das Horst 4 Gelenk Hinterbausystem holt aus dem RockShox Deluxe Select+ D\u00e4mpfer 140 mm Federweg heraus und reagiert sehr sensibel auf Schl\u00e4ge und Spr\u00fcnge, ohne an Progression einzub\u00fcssen. Vorne kontrolliert eine RockShox Lyrik Select+ mit 150mm das Geschehen und b\u00fcgelt alles weg, was sich dir in den Weg legt. Das Bosch Smart System mit integriertem 625 wH Akku erweitert deine Reichweite in neue Dimensionen. Das ins Oberrohr integrierte Bosch Controll System mit Mini Remote l\u00e4sst das Bike clean und sauber erscheinen, ohne an Informationen zu sparen. Der integrierte Lenkanschlag ist beim AXV Standard, ebenso die Ergon Komfortausstattung. Das Trailbike rollt auf einem 29&#8243; Systemlaufradsetz daher, Bodenkontakt haben Schwalbes Wicked Will in der Dimension 29 x 2.35. Gebremst wird mit einer DB8 von Sram (200\/180mm). F\u00fcr die richtige \u00dcbersetzung sorgen die 12 G\u00e4nge der Shimano XT, welche unter allen Umst\u00e4nden ihren Dienst zuverl\u00e4ssig verrichtet.<\/p>\n<h2><b>\u00dcber die Marke <\/b>Bergstrom<\/h2>\n<p><span style=\"font-weight: 400;\">BERGSTROM E-Bikes sind die Produkte einer jungen, innovativen Marke des Schweizer Veloherstellers Komenda. Hier bekommst Du 100 % Swissness mit E-Bikes, die speziell mit den Herausforderungen der Schweizer Landschaft im Hinterkopf entwickelt wurden. Das Resultat? Hochwertige E-Bikes, die sowohl im Alltag als auch auf dem Trail zuverl\u00e4ssig unterst\u00fctzen!<\/span><\/p>\n","protected":false},"featured_media":55710,"comment_status":"open","ping_status":"closed","template":"","meta":{"_acf_changed":false},"product_brand":[],"product_cat":[583,15,578,2089,2309,24,3250,579,3352,4481,3247,7789],"product_tag":[],"class_list":{"0":"post-55696","1":"product","2":"type-product","3":"status-publish","4":"has-post-thumbnail","6":"product_cat-25-km","7":"product_cat-alle-e-bikes","8":"product_cat-damen","9":"product_cat-e-bikes","10":"product_cat-e-mountain-fully","11":"product_cat-e-mountain","12":"product_cat-grau","13":"product_cat-herren","14":"product_cat-marke-bergstrom","15":"product_cat-mybikeplan","16":"product_cat-schwarz","17":"product_cat-swiss-made","18":"pa_battery-bosch-powertube-625-wh-2","19":"pa_battery-size-750-wh","20":"pa_brakes-sram-db8-scheibenbremse","21":"pa_brand-bergstrom","22":"pa_filters-color-blau","23":"pa_filters-color-schwarz","24":"pa_frame-variant-diamant","25":"pa_gear-change-shimano-xt-12-gaenge","26":"pa_max-weight-150-kg","27":"pa_motor-bosch-g4-performance-cx-race-edition-85-nm","28":"pa_rider-height-160-165-cm","29":"pa_rider-height-165-170-cm","30":"pa_rider-height-170-175-cm","31":"pa_rider-height-175-180-cm","32":"pa_rider-height-180-185-cm","33":"pa_rider-height-185-190-cm","34":"pa_rider-height-190-195-cm","35":"pa_seat-tube-length-l","36":"pa_seat-tube-length-m","37":"pa_seat-tube-length-s-2","38":"pa_seat-tube-length-xl","39":"pa_sizes-l","40":"pa_sizes-m","41":"pa_sizes-s","42":"pa_sizes-xl","43":"pa_speed-25-km-stunde","44":"pa_suspension-travel-150mm-v-150mm-h","45":"pa_wheel-size-762","46":"pa_youtube-link-https-www-youtube-com-embed-lvozc1dohgu","48":"first","49":"instock","50":"shipping-taxable","51":"purchasable","52":"product-type-variable"},"acf":{"short_description":"Die Alpen als Playground, den Trail in der DNA. Geboren in der Schweiz, mit dem gr\u00f6ssten Spielplatz der Welt: den Schweizer Bergen. Gemacht, um Grosses zu meistern, Gipfel zu bezwingen und Abfahrten zu rocken. Mit seiner feinen Ausstattung kommt das Bike elegant daher - aber wehe, wenn es losgelassen!","bike_name":"BERGSTROM AXV 869 R","highlight_text":"","frame":"","battery_size":[55678],"motor_strength":""},"yoast_head":"<!-- This site is optimized with the Yoast SEO plugin v24.5 - https:\/\/yoast.com\/wordpress\/plugins\/seo\/ -->\n<title>BERGSTROM AXV 869 R | E-Bike auf Raten 0 % Zins<\/title>\n<meta name=\"description\" content=\"Hol Dir das BERGSTROM AXV 869 R und zahle ganz bequem in monatlichen Raten mit 0 % Zins ab! Jetzt profitieren und sofort losfahren.\" \/>\n<meta name=\"robots\" content=\"noindex, follow, max-snippet:-1, max-image-preview:large, max-video-preview:-1\" \/>\n<meta property=\"og:locale\" content=\"de_DE\" \/>\n<meta property=\"og:type\" content=\"article\" \/>\n<meta property=\"og:title\" content=\"BERGSTROM AXV 869 R | E-Bike auf Raten 0 % Zins\" \/>\n<meta property=\"og:description\" content=\"Hol Dir das BERGSTROM AXV 869 R und zahle ganz bequem in monatlichen Raten mit 0 % Zins ab! Jetzt profitieren und sofort losfahren.\" \/>\n<meta property=\"og:url\" content=\"https:\/\/listings.mybikeplan.ch\/de\/produkt\/bergstrom-axv-869-r-625-wh\/\" \/>\n<meta property=\"og:site_name\" content=\"MyBikePlan\" \/>\n<meta property=\"article:modified_time\" content=\"2024-12-20T09:52:52+00:00\" \/>\n<meta property=\"og:image\" content=\"https:\/\/listings.mybikeplan.ch\/wp-content\/uploads\/2024\/01\/BERGSTROM-AXV-869-R-625-Wh.jpg\" \/>\n\t<meta property=\"og:image:width\" content=\"1000\" \/>\n\t<meta property=\"og:image:height\" content=\"1000\" \/>\n\t<meta property=\"og:image:type\" content=\"image\/jpeg\" \/>\n<meta name=\"twitter:card\" content=\"summary_large_image\" \/>\n<meta name=\"twitter:label1\" content=\"Gesch\u00e4tzte Lesezeit\" \/>\n\t<meta name=\"twitter:data1\" content=\"1\u00a0Minute\" \/>\n<script type=\"application\/ld+json\" class=\"yoast-schema-graph\">{\"@context\":\"https:\/\/schema.org\",\"@graph\":[{\"@type\":\"WebPage\",\"@id\":\"https:\/\/listings.mybikeplan.ch\/de\/produkt\/bergstrom-axv-869-r-625-wh\/\",\"url\":\"https:\/\/listings.mybikeplan.ch\/de\/produkt\/bergstrom-axv-869-r-625-wh\/\",\"name\":\"BERGSTROM AXV 869 R | E-Bike auf Raten 0 % Zins\",\"isPartOf\":{\"@id\":\"https:\/\/listings.mybikeplan.ch\/de\/#website\"},\"primaryImageOfPage\":{\"@id\":\"https:\/\/listings.mybikeplan.ch\/de\/produkt\/bergstrom-axv-869-r-625-wh\/#primaryimage\"},\"image\":{\"@id\":\"https:\/\/listings.mybikeplan.ch\/de\/produkt\/bergstrom-axv-869-r-625-wh\/#primaryimage\"},\"thumbnailUrl\":\"https:\/\/listings.mybikeplan.ch\/wp-content\/uploads\/2024\/01\/BERGSTROM-AXV-869-R-625-Wh.jpg\",\"datePublished\":\"2024-01-11T16:08:04+00:00\",\"dateModified\":\"2024-12-20T09:52:52+00:00\",\"description\":\"Hol Dir das BERGSTROM AXV 869 R und zahle ganz bequem in monatlichen Raten mit 0 % Zins ab! Jetzt profitieren und sofort losfahren.\",\"breadcrumb\":{\"@id\":\"https:\/\/listings.mybikeplan.ch\/de\/produkt\/bergstrom-axv-869-r-625-wh\/#breadcrumb\"},\"inLanguage\":\"de\",\"potentialAction\":[{\"@type\":\"ReadAction\",\"target\":[\"https:\/\/listings.mybikeplan.ch\/de\/produkt\/bergstrom-axv-869-r-625-wh\/\"]}]},{\"@type\":\"ImageObject\",\"inLanguage\":\"de\",\"@id\":\"https:\/\/listings.mybikeplan.ch\/de\/produkt\/bergstrom-axv-869-r-625-wh\/#primaryimage\",\"url\":\"https:\/\/listings.mybikeplan.ch\/wp-content\/uploads\/2024\/01\/BERGSTROM-AXV-869-R-625-Wh.jpg\",\"contentUrl\":\"https:\/\/listings.mybikeplan.ch\/wp-content\/uploads\/2024\/01\/BERGSTROM-AXV-869-R-625-Wh.jpg\",\"width\":1000,\"height\":1000},{\"@type\":\"BreadcrumbList\",\"@id\":\"https:\/\/listings.mybikeplan.ch\/de\/produkt\/bergstrom-axv-869-r-625-wh\/#breadcrumb\",\"itemListElement\":[{\"@type\":\"ListItem\",\"position\":1,\"name\":\"Home\",\"item\":\"https:\/\/listings.mybikeplan.ch\/de\/\"},{\"@type\":\"ListItem\",\"position\":2,\"name\":\"BERGSTROM AXV 869 R 625 Wh\"}]},{\"@type\":\"WebSite\",\"@id\":\"https:\/\/listings.mybikeplan.ch\/de\/#website\",\"url\":\"https:\/\/listings.mybikeplan.ch\/de\/\",\"name\":\"MyBikePlan\",\"description\":\"\",\"potentialAction\":[{\"@type\":\"SearchAction\",\"target\":{\"@type\":\"EntryPoint\",\"urlTemplate\":\"https:\/\/listings.mybikeplan.ch\/de\/?s={search_term_string}\"},\"query-input\":{\"@type\":\"PropertyValueSpecification\",\"valueRequired\":true,\"valueName\":\"search_term_string\"}}],\"inLanguage\":\"de\"}]}<\/script>\n<!-- \/ Yoast SEO plugin. -->","yoast_head_json":{"title":"BERGSTROM AXV 869 R | E-Bike auf Raten 0 % Zins","description":"Hol Dir das BERGSTROM AXV 869 R und zahle ganz bequem in monatlichen Raten mit 0 % Zins ab! Jetzt profitieren und sofort losfahren.","robots":{"index":"noindex","follow":"follow","max-snippet":"max-snippet:-1","max-image-preview":"max-image-preview:large","max-video-preview":"max-video-preview:-1"},"og_locale":"de_DE","og_type":"article","og_title":"BERGSTROM AXV 869 R | E-Bike auf Raten 0 % Zins","og_description":"Hol Dir das BERGSTROM AXV 869 R und zahle ganz bequem in monatlichen Raten mit 0 % Zins ab! Jetzt profitieren und sofort losfahren.","og_url":"https:\/\/listings.mybikeplan.ch\/de\/produkt\/bergstrom-axv-869-r-625-wh\/","og_site_name":"MyBikePlan","article_modified_time":"2024-12-20T09:52:52+00:00","og_image":[{"width":1000,"height":1000,"url":"https:\/\/listings.mybikeplan.ch\/wp-content\/uploads\/2024\/01\/BERGSTROM-AXV-869-R-625-Wh.jpg","type":"image\/jpeg"}],"twitter_card":"summary_large_image","twitter_misc":{"Gesch\u00e4tzte Lesezeit":"1\u00a0Minute"},"schema":{"@context":"https:\/\/schema.org","@graph":[{"@type":"WebPage","@id":"https:\/\/listings.mybikeplan.ch\/de\/produkt\/bergstrom-axv-869-r-625-wh\/","url":"https:\/\/listings.mybikeplan.ch\/de\/produkt\/bergstrom-axv-869-r-625-wh\/","name":"BERGSTROM AXV 869 R | E-Bike auf Raten 0 % Zins","isPartOf":{"@id":"https:\/\/listings.mybikeplan.ch\/de\/#website"},"primaryImageOfPage":{"@id":"https:\/\/listings.mybikeplan.ch\/de\/produkt\/bergstrom-axv-869-r-625-wh\/#primaryimage"},"image":{"@id":"https:\/\/listings.mybikeplan.ch\/de\/produkt\/bergstrom-axv-869-r-625-wh\/#primaryimage"},"thumbnailUrl":"https:\/\/listings.mybikeplan.ch\/wp-content\/uploads\/2024\/01\/BERGSTROM-AXV-869-R-625-Wh.jpg","datePublished":"2024-01-11T16:08:04+00:00","dateModified":"2024-12-20T09:52:52+00:00","description":"Hol Dir das BERGSTROM AXV 869 R und zahle ganz bequem in monatlichen Raten mit 0 % Zins ab! Jetzt profitieren und sofort losfahren.","breadcrumb":{"@id":"https:\/\/listings.mybikeplan.ch\/de\/produkt\/bergstrom-axv-869-r-625-wh\/#breadcrumb"},"inLanguage":"de","potentialAction":[{"@type":"ReadAction","target":["https:\/\/listings.mybikeplan.ch\/de\/produkt\/bergstrom-axv-869-r-625-wh\/"]}]},{"@type":"ImageObject","inLanguage":"de","@id":"https:\/\/listings.mybikeplan.ch\/de\/produkt\/bergstrom-axv-869-r-625-wh\/#primaryimage","url":"https:\/\/listings.mybikeplan.ch\/wp-content\/uploads\/2024\/01\/BERGSTROM-AXV-869-R-625-Wh.jpg","contentUrl":"https:\/\/listings.mybikeplan.ch\/wp-content\/uploads\/2024\/01\/BERGSTROM-AXV-869-R-625-Wh.jpg","width":1000,"height":1000},{"@type":"BreadcrumbList","@id":"https:\/\/listings.mybikeplan.ch\/de\/produkt\/bergstrom-axv-869-r-625-wh\/#breadcrumb","itemListElement":[{"@type":"ListItem","position":1,"name":"Home","item":"https:\/\/listings.mybikeplan.ch\/de\/"},{"@type":"ListItem","position":2,"name":"BERGSTROM AXV 869 R 625 Wh"}]},{"@type":"WebSite","@id":"https:\/\/listings.mybikeplan.ch\/de\/#website","url":"https:\/\/listings.mybikeplan.ch\/de\/","name":"MyBikePlan","description":"","potentialAction":[{"@type":"SearchAction","target":{"@type":"EntryPoint","urlTemplate":"https:\/\/listings.mybikeplan.ch\/de\/?s={search_term_string}"},"query-input":{"@type":"PropertyValueSpecification","valueRequired":true,"valueName":"search_term_string"}}],"inLanguage":"de"}]}},"_links":{"self":[{"href":"https:\/\/listings.mybikeplan.ch\/de\/wp-json\/wp\/v2\/product\/55696","targetHints":{"allow":["GET"]}}],"collection":[{"href":"https:\/\/listings.mybikeplan.ch\/de\/wp-json\/wp\/v2\/product"}],"about":[{"href":"https:\/\/listings.mybikeplan.ch\/de\/wp-json\/wp\/v2\/types\/product"}],"replies":[{"embeddable":true,"href":"https:\/\/listings.mybikeplan.ch\/de\/wp-json\/wp\/v2\/comments?post=55696"}],"acf:post":[{"embeddable":true,"href":"https:\/\/listings.mybikeplan.ch\/de\/wp-json\/wp\/v2\/product\/55678"}],"wp:featuredmedia":[{"embeddable":true,"href":"https:\/\/listings.mybikeplan.ch\/de\/wp-json\/wp\/v2\/media\/55710"}],"wp:attachment":[{"href":"https:\/\/listings.mybikeplan.ch\/de\/wp-json\/wp\/v2\/media?parent=55696"}],"wp:term":[{"taxonomy":"product_brand","embeddable":true,"href":"https:\/\/listings.mybikeplan.ch\/de\/wp-json\/wp\/v2\/product_brand?post=55696"},{"taxonomy":"product_cat","embeddable":true,"href":"https:\/\/listings.mybikeplan.ch\/de\/wp-json\/wp\/v2\/product_cat?post=55696"},{"taxonomy":"product_tag","embeddable":true,"href":"https:\/\/listings.mybikeplan.ch\/de\/wp-json\/wp\/v2\/product_tag?post=55696"}],"curies":[{"name":"wp","href":"https:\/\/api.w.org\/{rel}","templated":true}]}}