{"id":55520,"date":"2024-01-08T15:16:14","date_gmt":"2024-01-08T15:16:14","guid":{"rendered":"https:\/\/listings.mybikeplan.ch\/?post_type=product&#038;p=55520"},"modified":"2024-12-20T09:55:39","modified_gmt":"2024-12-20T09:55:39","slug":"bergstrom-atv-969-r-carbon","status":"publish","type":"product","link":"https:\/\/listings.mybikeplan.ch\/de\/produkt\/bergstrom-atv-969-r-carbon\/","title":{"rendered":"BERGSTROM ATV 969 R Carbon"},"content":{"rendered":"<h2><b>Die wichtigsten Fakten zum BERGSTROM ATV 969 R Carbon auf einen Blick<\/b><b>:\u00a0<\/b><\/h2>\n<ul>\n<li style=\"font-weight: 400;\" aria-level=\"1\"><span style=\"font-weight: 400;\">Leistungsstarkes Mountain E-Bike: Hier erlebst Du Adrenalin pur!<\/span><\/li>\n<li style=\"font-weight: 400;\" aria-level=\"1\"><span style=\"font-weight: 400;\">Hochwertige Komponenten vom Schweizer Bergprofi<\/span><\/li>\n<li style=\"font-weight: 400;\" aria-level=\"1\"><span style=\"font-weight: 400;\">150 mm Federweg \u2013 ideal f\u00fcr jedes Gel\u00e4nde<\/span><\/li>\n<\/ul>\n<h2><b>Das <\/b><b>Bergstrom ATV 969 R Carbon<\/b><b>\u00a0<\/b><b><\/b><b>ist perfekt f\u00fcr Dich, wenn Du:<\/b><\/h2>\n<div class=\"product--description\">\n<ul>\n<li style=\"font-weight: 400;\" aria-level=\"1\"><span style=\"font-weight: 400;\">Das Gef\u00fchl des Adrenalins bei einer Abfahrt suchst<\/span><\/li>\n<li style=\"font-weight: 400;\" aria-level=\"1\"><span style=\"font-weight: 400;\">Dich auch bei hohen Geschwindigkeiten auf Dein Mountain E-Bike verlassen willst<\/span><\/li>\n<li style=\"font-weight: 400;\" aria-level=\"1\"><span style=\"font-weight: 400;\">Bei einem Mountain E-Bike auf hochwertige und qualitative Komponenten setzt<\/span><\/li>\n<li style=\"font-weight: 400;\" aria-level=\"1\"><span style=\"font-weight: 400;\">Ein E-Bike von einem Schweizer Hersteller kaufen willst, das genau f\u00fcr die Besonderheiten der Schweizer Berge entwickelt wurde<\/span><\/li>\n<\/ul>\n<\/div>\n<h2><strong>Gr\u00f6ssenempfehlung:<\/strong><\/h2>\n<ul>\n<li>S = 160 cm bis 170 cm<\/li>\n<li>M= 170 cm bis 180 cm<\/li>\n<li>L = 180 cm bis 195 cm<\/li>\n<\/ul>\n","protected":false},"excerpt":{"rendered":"<h2>Das Bergstrom ATV 969 R Carbon<\/h2>\n<p><span style=\"font-weight: 400;\">Ein Mountain E-Bike, das genau auf die Besonderheiten des Terrains in den Schweizer Bergen entwickelt wurde? Mit dem BERGSTROM ATV 969 R Carbon wirst Du f\u00fcndig! Dieses leistungsstarke Mountain E-Bike des Schweizer Herstellers Bergstrom ist echte Schweizer Qualit\u00e4t auf zwei R\u00e4dern. Geniesse eine schonende Federung von 150 mm Federweg, mit der sich selbst das unberechenbarste Gel\u00e4nde durchqueren l\u00e4sst, als w\u00fcrdest Du auf Wolken schweben \u2013 und stelle sie individuell auf Deine Bed\u00fcrfnisse ein. Bei hohen Geschwindigkeiten kannst Du Dich auf die hochwertige SRAM Bremse verlassen, die ohne viel Kraftaufwand und mit einem Finger bedienbar ist. Wenn Du Dich an Deine Grenzen bringen willst, hilft Dir der stabile Bordcomputer dabei, welcher all Deine Fitnessdaten aufzeichnet, und mit den 30 mm breiten Felgen an den R\u00e4dern kommst Du garantiert sofort in den Flow, ohne dabei den Grip zu verlieren. Das BERGSTROM ATV 969 R Carbon \u2013 ein echter Schweizer Bergprofi!<\/span><\/p>\n<h2><b>\u00dcber die Marke <\/b>Bergstrom<\/h2>\n<p><span style=\"font-weight: 400;\">BERGSTROM E-Bikes sind die Produkte einer jungen, innovativen Marke des Schweizer Veloherstellers Komenda. Hier bekommst Du 100 % Swissness mit E-Bikes, die speziell mit den Herausforderungen der Schweizer Landschaft im Hinterkopf entwickelt wurden. Das Resultat? Hochwertige E-Bikes, die sowohl im Alltag als auch auf dem Trail zuverl\u00e4ssig unterst\u00fctzen!<\/span><\/p>\n","protected":false},"featured_media":55545,"comment_status":"open","ping_status":"closed","template":"","meta":{"_acf_changed":false},"product_brand":[],"product_cat":[583,15,578,2089,2309,24,579,3352,4481,3247,7789],"product_tag":[],"class_list":{"0":"post-55520","1":"product","2":"type-product","3":"status-publish","4":"has-post-thumbnail","6":"product_cat-25-km","7":"product_cat-alle-e-bikes","8":"product_cat-damen","9":"product_cat-e-bikes","10":"product_cat-e-mountain-fully","11":"product_cat-e-mountain","12":"product_cat-herren","13":"product_cat-marke-bergstrom","14":"product_cat-mybikeplan","15":"product_cat-schwarz","16":"product_cat-swiss-made","17":"pa_attachments-trailer-connection","18":"pa_battery-bosch-powertube-750wh","19":"pa_battery-size-750-wh","20":"pa_brand-bergstrom","21":"pa_display-bosch-kiox-300-farbdisplay","22":"pa_filters-color-schwarz","23":"pa_fork-dt-swiss-f535-one-federgabel","24":"pa_frame-variant-diamant","25":"pa_hex-color-729","26":"pa_motor-bosch-g4-performance-cx-race-edition-25km-h","27":"pa_motor-brand-bosch","28":"pa_rider-height-160-165-cm","29":"pa_rider-height-165-170-cm","30":"pa_rider-height-170-175-cm","31":"pa_rider-height-175-180-cm","32":"pa_rider-height-180-185-cm","33":"pa_rider-height-185-190-cm","34":"pa_rider-height-190-195-cm","35":"pa_saddle-ergon-sattel-sm10","36":"pa_seat-tube-length-l","37":"pa_seat-tube-length-m","38":"pa_seat-tube-length-s-2","39":"pa_sizes-l","40":"pa_sizes-m","41":"pa_sizes-s","42":"pa_speed-25-km-stunde","43":"pa_wheel-size-762","44":"pa_youtube-link-https-www-youtube-com-embed-lvozc1dohgu","46":"first","47":"instock","48":"shipping-taxable","49":"purchasable","50":"product-type-variable"},"acf":{"short_description":"Bereit f\u00fcr Dein Abenteuer? Das BERGSTROM ATV 969 R Carbon ist das perfekte E-Bike f\u00fcr adrenalingeladene Abfahrten und Geschwindigkeiten, bei denen Dein Puls in die H\u00f6he katapultiert wird!","bike_name":"Bergstrom ATV 969 R Carbon","highlight_text":"","frame":"","battery_size":"","motor_strength":""},"yoast_head":"<!-- This site is optimized with the Yoast SEO plugin v24.5 - https:\/\/yoast.com\/wordpress\/plugins\/seo\/ -->\n<title>Bergstrom ATV 969 R Carbon | E-Bike Auf Raten 0% Zins | Schweiz<\/title>\n<meta name=\"description\" content=\"Bestelle jetzt das Bergstrom ATV 969 R Carbon! Zahle mit zinsfreier Ratenzahlung und geniesse unsere gratis Heimlieferung.\" \/>\n<meta name=\"robots\" content=\"noindex, follow, max-snippet:-1, max-image-preview:large, max-video-preview:-1\" \/>\n<meta property=\"og:locale\" content=\"de_DE\" \/>\n<meta property=\"og:type\" content=\"article\" \/>\n<meta property=\"og:title\" content=\"Bergstrom ATV 969 R Carbon | E-Bike Auf Raten 0% Zins | Schweiz\" \/>\n<meta property=\"og:description\" content=\"Bestelle jetzt das Bergstrom ATV 969 R Carbon! Zahle mit zinsfreier Ratenzahlung und geniesse unsere gratis Heimlieferung.\" \/>\n<meta property=\"og:url\" content=\"https:\/\/listings.mybikeplan.ch\/de\/produkt\/bergstrom-atv-969-r-carbon\/\" \/>\n<meta property=\"og:site_name\" content=\"MyBikePlan\" \/>\n<meta property=\"article:modified_time\" content=\"2024-12-20T09:55:39+00:00\" \/>\n<meta property=\"og:image\" content=\"https:\/\/listings.mybikeplan.ch\/wp-content\/uploads\/2024\/01\/BERGSTROM-ATV-969-R-Carbon.jpg\" \/>\n\t<meta property=\"og:image:width\" content=\"1000\" \/>\n\t<meta property=\"og:image:height\" content=\"1000\" \/>\n\t<meta property=\"og:image:type\" content=\"image\/jpeg\" \/>\n<meta name=\"twitter:card\" content=\"summary_large_image\" \/>\n<meta name=\"twitter:label1\" content=\"Gesch\u00e4tzte Lesezeit\" \/>\n\t<meta name=\"twitter:data1\" content=\"1\u00a0Minute\" \/>\n<script type=\"application\/ld+json\" class=\"yoast-schema-graph\">{\"@context\":\"https:\/\/schema.org\",\"@graph\":[{\"@type\":\"WebPage\",\"@id\":\"https:\/\/listings.mybikeplan.ch\/de\/produkt\/bergstrom-atv-969-r-carbon\/\",\"url\":\"https:\/\/listings.mybikeplan.ch\/de\/produkt\/bergstrom-atv-969-r-carbon\/\",\"name\":\"Bergstrom ATV 969 R Carbon | E-Bike Auf Raten 0% Zins | Schweiz\",\"isPartOf\":{\"@id\":\"https:\/\/listings.mybikeplan.ch\/de\/#website\"},\"primaryImageOfPage\":{\"@id\":\"https:\/\/listings.mybikeplan.ch\/de\/produkt\/bergstrom-atv-969-r-carbon\/#primaryimage\"},\"image\":{\"@id\":\"https:\/\/listings.mybikeplan.ch\/de\/produkt\/bergstrom-atv-969-r-carbon\/#primaryimage\"},\"thumbnailUrl\":\"https:\/\/listings.mybikeplan.ch\/wp-content\/uploads\/2024\/01\/BERGSTROM-ATV-969-R-Carbon.jpg\",\"datePublished\":\"2024-01-08T15:16:14+00:00\",\"dateModified\":\"2024-12-20T09:55:39+00:00\",\"description\":\"Bestelle jetzt das Bergstrom ATV 969 R Carbon! Zahle mit zinsfreier Ratenzahlung und geniesse unsere gratis Heimlieferung.\",\"breadcrumb\":{\"@id\":\"https:\/\/listings.mybikeplan.ch\/de\/produkt\/bergstrom-atv-969-r-carbon\/#breadcrumb\"},\"inLanguage\":\"de\",\"potentialAction\":[{\"@type\":\"ReadAction\",\"target\":[\"https:\/\/listings.mybikeplan.ch\/de\/produkt\/bergstrom-atv-969-r-carbon\/\"]}]},{\"@type\":\"ImageObject\",\"inLanguage\":\"de\",\"@id\":\"https:\/\/listings.mybikeplan.ch\/de\/produkt\/bergstrom-atv-969-r-carbon\/#primaryimage\",\"url\":\"https:\/\/listings.mybikeplan.ch\/wp-content\/uploads\/2024\/01\/BERGSTROM-ATV-969-R-Carbon.jpg\",\"contentUrl\":\"https:\/\/listings.mybikeplan.ch\/wp-content\/uploads\/2024\/01\/BERGSTROM-ATV-969-R-Carbon.jpg\",\"width\":1000,\"height\":1000},{\"@type\":\"BreadcrumbList\",\"@id\":\"https:\/\/listings.mybikeplan.ch\/de\/produkt\/bergstrom-atv-969-r-carbon\/#breadcrumb\",\"itemListElement\":[{\"@type\":\"ListItem\",\"position\":1,\"name\":\"Home\",\"item\":\"https:\/\/listings.mybikeplan.ch\/de\/\"},{\"@type\":\"ListItem\",\"position\":2,\"name\":\"BERGSTROM ATV 969 R Carbon\"}]},{\"@type\":\"WebSite\",\"@id\":\"https:\/\/listings.mybikeplan.ch\/de\/#website\",\"url\":\"https:\/\/listings.mybikeplan.ch\/de\/\",\"name\":\"MyBikePlan\",\"description\":\"\",\"potentialAction\":[{\"@type\":\"SearchAction\",\"target\":{\"@type\":\"EntryPoint\",\"urlTemplate\":\"https:\/\/listings.mybikeplan.ch\/de\/?s={search_term_string}\"},\"query-input\":{\"@type\":\"PropertyValueSpecification\",\"valueRequired\":true,\"valueName\":\"search_term_string\"}}],\"inLanguage\":\"de\"}]}<\/script>\n<!-- \/ Yoast SEO plugin. -->","yoast_head_json":{"title":"Bergstrom ATV 969 R Carbon | E-Bike Auf Raten 0% Zins | Schweiz","description":"Bestelle jetzt das Bergstrom ATV 969 R Carbon! Zahle mit zinsfreier Ratenzahlung und geniesse unsere gratis Heimlieferung.","robots":{"index":"noindex","follow":"follow","max-snippet":"max-snippet:-1","max-image-preview":"max-image-preview:large","max-video-preview":"max-video-preview:-1"},"og_locale":"de_DE","og_type":"article","og_title":"Bergstrom ATV 969 R Carbon | E-Bike Auf Raten 0% Zins | Schweiz","og_description":"Bestelle jetzt das Bergstrom ATV 969 R Carbon! Zahle mit zinsfreier Ratenzahlung und geniesse unsere gratis Heimlieferung.","og_url":"https:\/\/listings.mybikeplan.ch\/de\/produkt\/bergstrom-atv-969-r-carbon\/","og_site_name":"MyBikePlan","article_modified_time":"2024-12-20T09:55:39+00:00","og_image":[{"width":1000,"height":1000,"url":"https:\/\/listings.mybikeplan.ch\/wp-content\/uploads\/2024\/01\/BERGSTROM-ATV-969-R-Carbon.jpg","type":"image\/jpeg"}],"twitter_card":"summary_large_image","twitter_misc":{"Gesch\u00e4tzte Lesezeit":"1\u00a0Minute"},"schema":{"@context":"https:\/\/schema.org","@graph":[{"@type":"WebPage","@id":"https:\/\/listings.mybikeplan.ch\/de\/produkt\/bergstrom-atv-969-r-carbon\/","url":"https:\/\/listings.mybikeplan.ch\/de\/produkt\/bergstrom-atv-969-r-carbon\/","name":"Bergstrom ATV 969 R Carbon | E-Bike Auf Raten 0% Zins | Schweiz","isPartOf":{"@id":"https:\/\/listings.mybikeplan.ch\/de\/#website"},"primaryImageOfPage":{"@id":"https:\/\/listings.mybikeplan.ch\/de\/produkt\/bergstrom-atv-969-r-carbon\/#primaryimage"},"image":{"@id":"https:\/\/listings.mybikeplan.ch\/de\/produkt\/bergstrom-atv-969-r-carbon\/#primaryimage"},"thumbnailUrl":"https:\/\/listings.mybikeplan.ch\/wp-content\/uploads\/2024\/01\/BERGSTROM-ATV-969-R-Carbon.jpg","datePublished":"2024-01-08T15:16:14+00:00","dateModified":"2024-12-20T09:55:39+00:00","description":"Bestelle jetzt das Bergstrom ATV 969 R Carbon! Zahle mit zinsfreier Ratenzahlung und geniesse unsere gratis Heimlieferung.","breadcrumb":{"@id":"https:\/\/listings.mybikeplan.ch\/de\/produkt\/bergstrom-atv-969-r-carbon\/#breadcrumb"},"inLanguage":"de","potentialAction":[{"@type":"ReadAction","target":["https:\/\/listings.mybikeplan.ch\/de\/produkt\/bergstrom-atv-969-r-carbon\/"]}]},{"@type":"ImageObject","inLanguage":"de","@id":"https:\/\/listings.mybikeplan.ch\/de\/produkt\/bergstrom-atv-969-r-carbon\/#primaryimage","url":"https:\/\/listings.mybikeplan.ch\/wp-content\/uploads\/2024\/01\/BERGSTROM-ATV-969-R-Carbon.jpg","contentUrl":"https:\/\/listings.mybikeplan.ch\/wp-content\/uploads\/2024\/01\/BERGSTROM-ATV-969-R-Carbon.jpg","width":1000,"height":1000},{"@type":"BreadcrumbList","@id":"https:\/\/listings.mybikeplan.ch\/de\/produkt\/bergstrom-atv-969-r-carbon\/#breadcrumb","itemListElement":[{"@type":"ListItem","position":1,"name":"Home","item":"https:\/\/listings.mybikeplan.ch\/de\/"},{"@type":"ListItem","position":2,"name":"BERGSTROM ATV 969 R Carbon"}]},{"@type":"WebSite","@id":"https:\/\/listings.mybikeplan.ch\/de\/#website","url":"https:\/\/listings.mybikeplan.ch\/de\/","name":"MyBikePlan","description":"","potentialAction":[{"@type":"SearchAction","target":{"@type":"EntryPoint","urlTemplate":"https:\/\/listings.mybikeplan.ch\/de\/?s={search_term_string}"},"query-input":{"@type":"PropertyValueSpecification","valueRequired":true,"valueName":"search_term_string"}}],"inLanguage":"de"}]}},"_links":{"self":[{"href":"https:\/\/listings.mybikeplan.ch\/de\/wp-json\/wp\/v2\/product\/55520","targetHints":{"allow":["GET"]}}],"collection":[{"href":"https:\/\/listings.mybikeplan.ch\/de\/wp-json\/wp\/v2\/product"}],"about":[{"href":"https:\/\/listings.mybikeplan.ch\/de\/wp-json\/wp\/v2\/types\/product"}],"replies":[{"embeddable":true,"href":"https:\/\/listings.mybikeplan.ch\/de\/wp-json\/wp\/v2\/comments?post=55520"}],"wp:featuredmedia":[{"embeddable":true,"href":"https:\/\/listings.mybikeplan.ch\/de\/wp-json\/wp\/v2\/media\/55545"}],"wp:attachment":[{"href":"https:\/\/listings.mybikeplan.ch\/de\/wp-json\/wp\/v2\/media?parent=55520"}],"wp:term":[{"taxonomy":"product_brand","embeddable":true,"href":"https:\/\/listings.mybikeplan.ch\/de\/wp-json\/wp\/v2\/product_brand?post=55520"},{"taxonomy":"product_cat","embeddable":true,"href":"https:\/\/listings.mybikeplan.ch\/de\/wp-json\/wp\/v2\/product_cat?post=55520"},{"taxonomy":"product_tag","embeddable":true,"href":"https:\/\/listings.mybikeplan.ch\/de\/wp-json\/wp\/v2\/product_tag?post=55520"}],"curies":[{"name":"wp","href":"https:\/\/api.w.org\/{rel}","templated":true}]}}