{"id":55270,"date":"2023-12-15T13:51:49","date_gmt":"2023-12-15T13:51:49","guid":{"rendered":"https:\/\/listings.mybikeplan.ch\/?post_type=product&#038;p=55270"},"modified":"2024-05-30T09:45:32","modified_gmt":"2024-05-30T09:45:32","slug":"umage-loungsessel-a-conversation-piece-braun","status":"publish","type":"product","link":"https:\/\/listings.mybikeplan.ch\/de\/produkt\/umage-loungsessel-a-conversation-piece-braun\/","title":{"rendered":"Loungesessel &#8222;A Conversation Piece&#8220;"},"content":{"rendered":"<h2><b>Das Wichtigste zum Loungesessel &#8222;A Conversation Piece&#8220;<\/b><b style=\"font-size: 16px;\">:<\/b><\/h2>\n<ul>\n<li class=\"bullet-points__item\">Loungsessel in einzigartigem Design<\/li>\n<li>Ideal im Wohnzimmer oder als Ecksessel geeignet<\/li>\n<\/ul>\n<h2><b>So funktioniert MyHomePlan<\/b><b>:<\/b><\/h2>\n<ul>\n<li>Finde die M\u00f6bel, die Dir gefallen. Wir beraten Dich gerne bei der Entscheidung.<\/li>\n<li>W\u00e4hle eine Ratenzahlung zwischen 6-36 Monaten. Auch eine Anzahlung ist m\u00f6glich.<\/li>\n<li>Wir senden Dir die M\u00f6bel gratis nach Hause.<\/li>\n<li>Die M\u00f6bel geh\u00f6ren von Tag 1 an Dir. Den Preis zahlst Du bequem \u00fcber die n\u00e4chsten Monate ab.<\/li>\n<\/ul>\n","protected":false},"excerpt":{"rendered":"<p>Dieser Loungesessel l\u00e4dt zu Erholung, Offenheit und guten Gespr\u00e4chen mit Freunden ein.\u00a0Er ist ideal f\u00fcr den Einsatz im Wohnzimmer, als Ecksessel oder als Teil einer zus\u00e4tzlichen Sitzecke. Aufgrund seiner bequemen Form eignet er sich auch f\u00fcr das Schlafzimmer oder als zus\u00e4tzlicher Stuhl im Kinderzimmer.<\/p>\n<p>Der Loungsesseel &#8222;A Conversation Piece&#8220; ist mit austauschbaren Polstern ausgestattet, d. h. Du kannst die Polsterung leicht selbst austauschen und dem Design neues Leben einhauchen, ohne ein v\u00f6llig neues M\u00f6belst\u00fcck kaufen zu m\u00fcssen.<\/p>\n<h2>Lieferhinweise<\/h2>\n<p>Die M\u00f6bel werden zur Bordsteinkante geliefert. Die Montage erfolgt anhand des mitgelieferten Handbuchs. Bei mehreren M\u00f6bel-Bestellungen ist eine separate Lieferung m\u00f6glich.<\/p>\n","protected":false},"featured_media":55287,"comment_status":"open","ping_status":"closed","template":"","meta":{"_acf_changed":false},"product_brand":[],"product_cat":[7348,4447,4445,7156,7151],"product_tag":[],"class_list":{"0":"post-55270","1":"product","2":"type-product","3":"status-publish","4":"has-post-thumbnail","6":"product_cat-marke-umage","7":"product_cat-marken-mysofaplan","8":"product_cat-mysofaplan","9":"product_cat-sessel","10":"product_cat-stuehle","11":"pa_brand-umage","12":"pa_dimensions-83-x-70-x-83-cm","13":"pa_filters-color-braun","14":"pa_hex-color-44342a-produkt-umage-loungesessel-a-conversation-piece-dunkelbraun","15":"pa_hex-color-515352-produkt-umage-loungesessel-a-conversation-piece-schwarz","16":"pa_hex-color-886f53","17":"pa_hex-color-b37148-produkt-umage-loungesessel-a-conversation-piece-rust","18":"pa_hex-color-babdba-produkt-umage-loungsessel-a-conversation-piece-grau","19":"pa_hex-color-e3dfd2-produkt-umage-loungsessel-a-conversation-piece-beige","20":"pa_hex-color-ffffff-produkt-umage-loungesessel-a-conversation-piece-weiss","21":"pa_materials-eiche-massiv-sperrholz-polyester-horizons-s-und-teddy-bear-mdf-und-pur","22":"pa_seat-tube-length-1-sitz","23":"pa_weight-16-5-kg","25":"first","26":"instock","27":"shipping-taxable","28":"purchasable","29":"product-type-variable"},"acf":{"short_description":"Ein Sessel, der zum Gespr\u00e4ch mit Freunden und zum Zur\u00fccklehnen nach einem langen Arbeitstag einl\u00e4dt: Das ist der Umage Loungsessel \"A Conversation Piece\"!","bike_name":"Umage Loungesessel \"A Conversation Piece\"","highlight_text":""},"yoast_head":"<!-- This site is optimized with the Yoast SEO plugin v24.5 - https:\/\/yoast.com\/wordpress\/plugins\/seo\/ -->\n<title>Umage Loungesessel &quot;A Conversation Piece&quot; | MyHomePlan<\/title>\n<meta name=\"description\" content=\"Bestelle jetzt den Umage Loungesessel &quot;A Conversation Piece&quot;! \ud83d\uddf8 Zahle in monatlichen Raten mit 0 % Zins! \ud83d\uddf8 Gratis Lieferung! \ud83d\uddf8 Grosse Auswahl! \ud83d\uddf8\" \/>\n<meta name=\"robots\" content=\"noindex, follow, max-snippet:-1, max-image-preview:large, max-video-preview:-1\" \/>\n<meta property=\"og:locale\" content=\"de_DE\" \/>\n<meta property=\"og:type\" content=\"article\" \/>\n<meta property=\"og:title\" content=\"Umage Loungesessel &quot;A Conversation Piece&quot; | MyHomePlan\" \/>\n<meta property=\"og:description\" content=\"Bestelle jetzt den Umage Loungesessel &quot;A Conversation Piece&quot;! \ud83d\uddf8 Zahle in monatlichen Raten mit 0 % Zins! \ud83d\uddf8 Gratis Lieferung! \ud83d\uddf8 Grosse Auswahl! \ud83d\uddf8\" \/>\n<meta property=\"og:url\" content=\"https:\/\/listings.mybikeplan.ch\/de\/produkt\/umage-loungsessel-a-conversation-piece-braun\/\" \/>\n<meta property=\"og:site_name\" content=\"MyBikePlan\" \/>\n<meta property=\"article:modified_time\" content=\"2024-05-30T09:45:32+00:00\" \/>\n<meta property=\"og:image\" content=\"https:\/\/listings.mybikeplan.ch\/wp-content\/uploads\/2023\/12\/Umage-Loungesessel-A-Conversation-Piece.jpg\" \/>\n\t<meta property=\"og:image:width\" content=\"1000\" \/>\n\t<meta property=\"og:image:height\" content=\"1000\" \/>\n\t<meta property=\"og:image:type\" content=\"image\/jpeg\" \/>\n<meta name=\"twitter:card\" content=\"summary_large_image\" \/>\n<meta name=\"twitter:label1\" content=\"Gesch\u00e4tzte Lesezeit\" \/>\n\t<meta name=\"twitter:data1\" content=\"1\u00a0Minute\" \/>\n<script type=\"application\/ld+json\" class=\"yoast-schema-graph\">{\"@context\":\"https:\/\/schema.org\",\"@graph\":[{\"@type\":\"WebPage\",\"@id\":\"https:\/\/listings.mybikeplan.ch\/de\/produkt\/umage-loungsessel-a-conversation-piece-braun\/\",\"url\":\"https:\/\/listings.mybikeplan.ch\/de\/produkt\/umage-loungsessel-a-conversation-piece-braun\/\",\"name\":\"Umage Loungesessel \\\"A Conversation Piece\\\" | MyHomePlan\",\"isPartOf\":{\"@id\":\"https:\/\/listings.mybikeplan.ch\/de\/#website\"},\"primaryImageOfPage\":{\"@id\":\"https:\/\/listings.mybikeplan.ch\/de\/produkt\/umage-loungsessel-a-conversation-piece-braun\/#primaryimage\"},\"image\":{\"@id\":\"https:\/\/listings.mybikeplan.ch\/de\/produkt\/umage-loungsessel-a-conversation-piece-braun\/#primaryimage\"},\"thumbnailUrl\":\"https:\/\/listings.mybikeplan.ch\/wp-content\/uploads\/2023\/12\/Umage-Loungesessel-A-Conversation-Piece.jpg\",\"datePublished\":\"2023-12-15T13:51:49+00:00\",\"dateModified\":\"2024-05-30T09:45:32+00:00\",\"description\":\"Bestelle jetzt den Umage Loungesessel \\\"A Conversation Piece\\\"! \ud83d\uddf8 Zahle in monatlichen Raten mit 0 % Zins! \ud83d\uddf8 Gratis Lieferung! \ud83d\uddf8 Grosse Auswahl! \ud83d\uddf8\",\"breadcrumb\":{\"@id\":\"https:\/\/listings.mybikeplan.ch\/de\/produkt\/umage-loungsessel-a-conversation-piece-braun\/#breadcrumb\"},\"inLanguage\":\"de\",\"potentialAction\":[{\"@type\":\"ReadAction\",\"target\":[\"https:\/\/listings.mybikeplan.ch\/de\/produkt\/umage-loungsessel-a-conversation-piece-braun\/\"]}]},{\"@type\":\"ImageObject\",\"inLanguage\":\"de\",\"@id\":\"https:\/\/listings.mybikeplan.ch\/de\/produkt\/umage-loungsessel-a-conversation-piece-braun\/#primaryimage\",\"url\":\"https:\/\/listings.mybikeplan.ch\/wp-content\/uploads\/2023\/12\/Umage-Loungesessel-A-Conversation-Piece.jpg\",\"contentUrl\":\"https:\/\/listings.mybikeplan.ch\/wp-content\/uploads\/2023\/12\/Umage-Loungesessel-A-Conversation-Piece.jpg\",\"width\":1000,\"height\":1000},{\"@type\":\"BreadcrumbList\",\"@id\":\"https:\/\/listings.mybikeplan.ch\/de\/produkt\/umage-loungsessel-a-conversation-piece-braun\/#breadcrumb\",\"itemListElement\":[{\"@type\":\"ListItem\",\"position\":1,\"name\":\"Home\",\"item\":\"https:\/\/listings.mybikeplan.ch\/de\/\"},{\"@type\":\"ListItem\",\"position\":2,\"name\":\"Loungesessel &#8220;A Conversation Piece&#8221;\"}]},{\"@type\":\"WebSite\",\"@id\":\"https:\/\/listings.mybikeplan.ch\/de\/#website\",\"url\":\"https:\/\/listings.mybikeplan.ch\/de\/\",\"name\":\"MyBikePlan\",\"description\":\"\",\"potentialAction\":[{\"@type\":\"SearchAction\",\"target\":{\"@type\":\"EntryPoint\",\"urlTemplate\":\"https:\/\/listings.mybikeplan.ch\/de\/?s={search_term_string}\"},\"query-input\":{\"@type\":\"PropertyValueSpecification\",\"valueRequired\":true,\"valueName\":\"search_term_string\"}}],\"inLanguage\":\"de\"}]}<\/script>\n<!-- \/ Yoast SEO plugin. -->","yoast_head_json":{"title":"Umage Loungesessel \"A Conversation Piece\" | MyHomePlan","description":"Bestelle jetzt den Umage Loungesessel \"A Conversation Piece\"! \ud83d\uddf8 Zahle in monatlichen Raten mit 0 % Zins! \ud83d\uddf8 Gratis Lieferung! \ud83d\uddf8 Grosse Auswahl! \ud83d\uddf8","robots":{"index":"noindex","follow":"follow","max-snippet":"max-snippet:-1","max-image-preview":"max-image-preview:large","max-video-preview":"max-video-preview:-1"},"og_locale":"de_DE","og_type":"article","og_title":"Umage Loungesessel \"A Conversation Piece\" | MyHomePlan","og_description":"Bestelle jetzt den Umage Loungesessel \"A Conversation Piece\"! \ud83d\uddf8 Zahle in monatlichen Raten mit 0 % Zins! \ud83d\uddf8 Gratis Lieferung! \ud83d\uddf8 Grosse Auswahl! \ud83d\uddf8","og_url":"https:\/\/listings.mybikeplan.ch\/de\/produkt\/umage-loungsessel-a-conversation-piece-braun\/","og_site_name":"MyBikePlan","article_modified_time":"2024-05-30T09:45:32+00:00","og_image":[{"width":1000,"height":1000,"url":"https:\/\/listings.mybikeplan.ch\/wp-content\/uploads\/2023\/12\/Umage-Loungesessel-A-Conversation-Piece.jpg","type":"image\/jpeg"}],"twitter_card":"summary_large_image","twitter_misc":{"Gesch\u00e4tzte Lesezeit":"1\u00a0Minute"},"schema":{"@context":"https:\/\/schema.org","@graph":[{"@type":"WebPage","@id":"https:\/\/listings.mybikeplan.ch\/de\/produkt\/umage-loungsessel-a-conversation-piece-braun\/","url":"https:\/\/listings.mybikeplan.ch\/de\/produkt\/umage-loungsessel-a-conversation-piece-braun\/","name":"Umage Loungesessel \"A Conversation Piece\" | MyHomePlan","isPartOf":{"@id":"https:\/\/listings.mybikeplan.ch\/de\/#website"},"primaryImageOfPage":{"@id":"https:\/\/listings.mybikeplan.ch\/de\/produkt\/umage-loungsessel-a-conversation-piece-braun\/#primaryimage"},"image":{"@id":"https:\/\/listings.mybikeplan.ch\/de\/produkt\/umage-loungsessel-a-conversation-piece-braun\/#primaryimage"},"thumbnailUrl":"https:\/\/listings.mybikeplan.ch\/wp-content\/uploads\/2023\/12\/Umage-Loungesessel-A-Conversation-Piece.jpg","datePublished":"2023-12-15T13:51:49+00:00","dateModified":"2024-05-30T09:45:32+00:00","description":"Bestelle jetzt den Umage Loungesessel \"A Conversation Piece\"! \ud83d\uddf8 Zahle in monatlichen Raten mit 0 % Zins! \ud83d\uddf8 Gratis Lieferung! \ud83d\uddf8 Grosse Auswahl! \ud83d\uddf8","breadcrumb":{"@id":"https:\/\/listings.mybikeplan.ch\/de\/produkt\/umage-loungsessel-a-conversation-piece-braun\/#breadcrumb"},"inLanguage":"de","potentialAction":[{"@type":"ReadAction","target":["https:\/\/listings.mybikeplan.ch\/de\/produkt\/umage-loungsessel-a-conversation-piece-braun\/"]}]},{"@type":"ImageObject","inLanguage":"de","@id":"https:\/\/listings.mybikeplan.ch\/de\/produkt\/umage-loungsessel-a-conversation-piece-braun\/#primaryimage","url":"https:\/\/listings.mybikeplan.ch\/wp-content\/uploads\/2023\/12\/Umage-Loungesessel-A-Conversation-Piece.jpg","contentUrl":"https:\/\/listings.mybikeplan.ch\/wp-content\/uploads\/2023\/12\/Umage-Loungesessel-A-Conversation-Piece.jpg","width":1000,"height":1000},{"@type":"BreadcrumbList","@id":"https:\/\/listings.mybikeplan.ch\/de\/produkt\/umage-loungsessel-a-conversation-piece-braun\/#breadcrumb","itemListElement":[{"@type":"ListItem","position":1,"name":"Home","item":"https:\/\/listings.mybikeplan.ch\/de\/"},{"@type":"ListItem","position":2,"name":"Loungesessel &#8220;A Conversation Piece&#8221;"}]},{"@type":"WebSite","@id":"https:\/\/listings.mybikeplan.ch\/de\/#website","url":"https:\/\/listings.mybikeplan.ch\/de\/","name":"MyBikePlan","description":"","potentialAction":[{"@type":"SearchAction","target":{"@type":"EntryPoint","urlTemplate":"https:\/\/listings.mybikeplan.ch\/de\/?s={search_term_string}"},"query-input":{"@type":"PropertyValueSpecification","valueRequired":true,"valueName":"search_term_string"}}],"inLanguage":"de"}]}},"_links":{"self":[{"href":"https:\/\/listings.mybikeplan.ch\/de\/wp-json\/wp\/v2\/product\/55270","targetHints":{"allow":["GET"]}}],"collection":[{"href":"https:\/\/listings.mybikeplan.ch\/de\/wp-json\/wp\/v2\/product"}],"about":[{"href":"https:\/\/listings.mybikeplan.ch\/de\/wp-json\/wp\/v2\/types\/product"}],"replies":[{"embeddable":true,"href":"https:\/\/listings.mybikeplan.ch\/de\/wp-json\/wp\/v2\/comments?post=55270"}],"wp:featuredmedia":[{"embeddable":true,"href":"https:\/\/listings.mybikeplan.ch\/de\/wp-json\/wp\/v2\/media\/55287"}],"wp:attachment":[{"href":"https:\/\/listings.mybikeplan.ch\/de\/wp-json\/wp\/v2\/media?parent=55270"}],"wp:term":[{"taxonomy":"product_brand","embeddable":true,"href":"https:\/\/listings.mybikeplan.ch\/de\/wp-json\/wp\/v2\/product_brand?post=55270"},{"taxonomy":"product_cat","embeddable":true,"href":"https:\/\/listings.mybikeplan.ch\/de\/wp-json\/wp\/v2\/product_cat?post=55270"},{"taxonomy":"product_tag","embeddable":true,"href":"https:\/\/listings.mybikeplan.ch\/de\/wp-json\/wp\/v2\/product_tag?post=55270"}],"curies":[{"name":"wp","href":"https:\/\/api.w.org\/{rel}","templated":true}]}}