{"id":54994,"date":"2023-12-15T12:38:37","date_gmt":"2023-12-15T12:38:37","guid":{"rendered":"https:\/\/listings.mybikeplan.ch\/?post_type=product&#038;p=54994"},"modified":"2024-01-12T09:41:46","modified_gmt":"2024-01-12T09:41:46","slug":"umage-comfort-circle-esstisch-ausziehbar","status":"publish","type":"product","link":"https:\/\/listings.mybikeplan.ch\/de\/produkt\/umage-comfort-circle-esstisch-ausziehbar\/","title":{"rendered":"Comfort Circle, ausziehbarer Esstisch"},"content":{"rendered":"<h2><b>Das Wichtigste zum Umage Comfort Circle Esstisch<\/b><b style=\"font-size: 16px;\">:<\/b><\/h2>\n<ul>\n<li class=\"bullet-points__item\">Esstisch aus Eiche, der sich spielend leicht ausziehen l\u00e4sst<\/li>\n<li class=\"bullet-points__item\">Der mittlere Teil des Tisches kann erh\u00f6ht werden, um z.B. Deko oder Speisen zu platzieren<\/li>\n<li>Platz f\u00fcr bis zu 10 Personen<\/li>\n<\/ul>\n<h2><b>So funktioniert MyHomePlan<\/b><b>:<\/b><\/h2>\n<ul>\n<li>Finde die M\u00f6bel, die Dir gefallen. Wir beraten Dich gerne bei der Entscheidung.<\/li>\n<li>W\u00e4hle eine Ratenzahlung zwischen 6-36 Monaten. Auch eine Anzahlung ist m\u00f6glich.<\/li>\n<li>Wir senden Dir die M\u00f6bel gratis nach Hause.<\/li>\n<li>Die M\u00f6bel geh\u00f6ren von Tag 1 an Dir. Den Preis zahlst Du bequem \u00fcber die n\u00e4chsten Monate ab.<\/li>\n<\/ul>\n","protected":false},"excerpt":{"rendered":"<p>Ganz viel Liebe zum Detail, eine solide Konstruktion und sp\u00fcrbares Herzblut beim Design: das ist der Comfort Circle Esstisch. Die ausziehbare Version des Tisches bietet Platz f\u00fcr bis zu zehn Personen, perfekt f\u00fcr jedes Esszimmer!\u00a0Unter dem Tisch sind zwei Erweiterungsplatten versteckt, mit denen Du den Tisch ganz einfach erweitern kannst, wenn mehr Platz ben\u00f6tigt wird.<\/p>\n<p>Der mittlere Teil des Tisches kann erh\u00f6ht werden &#8211; sowohl im ausgezogenen als auch im nicht ausgezogenen Zustand -, was die Vielseitigkeit des Tisches noch unterstreicht. In der Tischmitte kannst Du Dekoration platzieren oder Speisen ablegen.<\/p>\n<p>Das flexible Design und die subtile Leichtigkeit des ausziehbaren Comfort Circle Tischs machen ihn zu einer grossartigen L\u00f6sung f\u00fcr kleinere R\u00e4ume &#8211; aber auch in gr\u00f6sseren Esszimmern macht er eine gute Figur.<\/p>\n<h2>Lieferhinweise<\/h2>\n<p>Die M\u00f6bel werden zur Bordsteinkante geliefert. Die Montage erfolgt anhand des mitgelieferten Handbuchs. Bei mehreren M\u00f6bel-Bestellungen ist eine separate Lieferung m\u00f6glich.<\/p>\n","protected":false},"featured_media":55039,"comment_status":"open","ping_status":"closed","template":"","meta":{"_acf_changed":false},"product_brand":[],"product_cat":[7136,7135,7348,4447,4445,4455],"product_tag":[],"class_list":{"0":"post-54994","1":"product","2":"type-product","3":"status-publish","4":"has-post-thumbnail","6":"product_cat-ausziehtische","7":"product_cat-esstische","8":"product_cat-marke-umage","9":"product_cat-marken-mysofaplan","10":"product_cat-mysofaplan","11":"product_cat-tische","12":"pa_brand-umage","13":"pa_dimensions-747-x-132-x-132-cm","14":"pa_dimensions-ausgezogen-747-x-202-x-132-cm","15":"pa_filters-color-braun","16":"pa_hex-color-7f6751-produkt-umage-comfort-circle-ausziehbarer-esstisch-dunkel","17":"pa_hex-color-d4b286","18":"pa_materials-massive-eiche-mdf-und-stahl","19":"pa_seat-tube-length-747-x-132-x-132-cm","20":"pa_table-length-100-150-cm","21":"pa_table-length-200-250-cm","22":"pa_weight-50-kg","24":"first","25":"instock","26":"shipping-taxable","27":"purchasable","28":"product-type-variable"},"acf":{"short_description":"Der elegante Comfort Circle begeistert mit seiner Liebe zum Detail und seiner soliden Konstruktion. Dank der Ausziehfunktion bietet er Platz f\u00fcr bis zu 10 Personen!","bike_name":"Umage Comfort Circle Esstisch","highlight_text":""},"yoast_head":"<!-- This site is optimized with the Yoast SEO plugin v24.5 - https:\/\/yoast.com\/wordpress\/plugins\/seo\/ -->\n<title>Umage Comfort Circle Esstisch | MyHomePlan | M\u00f6bel kaufen<\/title>\n<meta name=\"description\" content=\"Bestelle jetzt den Umage Comfort Circle Esstisch! \ud83d\uddf8 Zahle in monatlichen Raten mit 0 % Zins! \ud83d\uddf8 Gratis Lieferung! \ud83d\uddf8 Grosse Auswahl! \ud83d\uddf8\" \/>\n<meta name=\"robots\" content=\"noindex, follow, max-snippet:-1, max-image-preview:large, max-video-preview:-1\" \/>\n<meta property=\"og:locale\" content=\"de_DE\" \/>\n<meta property=\"og:type\" content=\"article\" \/>\n<meta property=\"og:title\" content=\"Umage Comfort Circle Esstisch | MyHomePlan | M\u00f6bel kaufen\" \/>\n<meta property=\"og:description\" content=\"Bestelle jetzt den Umage Comfort Circle Esstisch! \ud83d\uddf8 Zahle in monatlichen Raten mit 0 % Zins! \ud83d\uddf8 Gratis Lieferung! \ud83d\uddf8 Grosse Auswahl! \ud83d\uddf8\" \/>\n<meta property=\"og:url\" content=\"https:\/\/listings.mybikeplan.ch\/de\/produkt\/umage-comfort-circle-esstisch-ausziehbar\/\" \/>\n<meta property=\"og:site_name\" content=\"MyBikePlan\" \/>\n<meta property=\"article:modified_time\" content=\"2024-01-12T09:41:46+00:00\" \/>\n<meta property=\"og:image\" content=\"https:\/\/listings.mybikeplan.ch\/wp-content\/uploads\/2023\/12\/Umage-Comfort-Circle-ausziehbarer-Esstisch.jpg\" \/>\n\t<meta property=\"og:image:width\" content=\"1000\" \/>\n\t<meta property=\"og:image:height\" content=\"1000\" \/>\n\t<meta property=\"og:image:type\" content=\"image\/jpeg\" \/>\n<meta name=\"twitter:card\" content=\"summary_large_image\" \/>\n<meta name=\"twitter:label1\" content=\"Gesch\u00e4tzte Lesezeit\" \/>\n\t<meta name=\"twitter:data1\" content=\"1\u00a0Minute\" \/>\n<script type=\"application\/ld+json\" class=\"yoast-schema-graph\">{\"@context\":\"https:\/\/schema.org\",\"@graph\":[{\"@type\":\"WebPage\",\"@id\":\"https:\/\/listings.mybikeplan.ch\/de\/produkt\/umage-comfort-circle-esstisch-ausziehbar\/\",\"url\":\"https:\/\/listings.mybikeplan.ch\/de\/produkt\/umage-comfort-circle-esstisch-ausziehbar\/\",\"name\":\"Umage Comfort Circle Esstisch | MyHomePlan | M\u00f6bel kaufen\",\"isPartOf\":{\"@id\":\"https:\/\/listings.mybikeplan.ch\/de\/#website\"},\"primaryImageOfPage\":{\"@id\":\"https:\/\/listings.mybikeplan.ch\/de\/produkt\/umage-comfort-circle-esstisch-ausziehbar\/#primaryimage\"},\"image\":{\"@id\":\"https:\/\/listings.mybikeplan.ch\/de\/produkt\/umage-comfort-circle-esstisch-ausziehbar\/#primaryimage\"},\"thumbnailUrl\":\"https:\/\/listings.mybikeplan.ch\/wp-content\/uploads\/2023\/12\/Umage-Comfort-Circle-ausziehbarer-Esstisch.jpg\",\"datePublished\":\"2023-12-15T12:38:37+00:00\",\"dateModified\":\"2024-01-12T09:41:46+00:00\",\"description\":\"Bestelle jetzt den Umage Comfort Circle Esstisch! \ud83d\uddf8 Zahle in monatlichen Raten mit 0 % Zins! \ud83d\uddf8 Gratis Lieferung! \ud83d\uddf8 Grosse Auswahl! \ud83d\uddf8\",\"breadcrumb\":{\"@id\":\"https:\/\/listings.mybikeplan.ch\/de\/produkt\/umage-comfort-circle-esstisch-ausziehbar\/#breadcrumb\"},\"inLanguage\":\"de\",\"potentialAction\":[{\"@type\":\"ReadAction\",\"target\":[\"https:\/\/listings.mybikeplan.ch\/de\/produkt\/umage-comfort-circle-esstisch-ausziehbar\/\"]}]},{\"@type\":\"ImageObject\",\"inLanguage\":\"de\",\"@id\":\"https:\/\/listings.mybikeplan.ch\/de\/produkt\/umage-comfort-circle-esstisch-ausziehbar\/#primaryimage\",\"url\":\"https:\/\/listings.mybikeplan.ch\/wp-content\/uploads\/2023\/12\/Umage-Comfort-Circle-ausziehbarer-Esstisch.jpg\",\"contentUrl\":\"https:\/\/listings.mybikeplan.ch\/wp-content\/uploads\/2023\/12\/Umage-Comfort-Circle-ausziehbarer-Esstisch.jpg\",\"width\":1000,\"height\":1000},{\"@type\":\"BreadcrumbList\",\"@id\":\"https:\/\/listings.mybikeplan.ch\/de\/produkt\/umage-comfort-circle-esstisch-ausziehbar\/#breadcrumb\",\"itemListElement\":[{\"@type\":\"ListItem\",\"position\":1,\"name\":\"Home\",\"item\":\"https:\/\/listings.mybikeplan.ch\/de\/\"},{\"@type\":\"ListItem\",\"position\":2,\"name\":\"Comfort Circle, ausziehbarer Esstisch\"}]},{\"@type\":\"WebSite\",\"@id\":\"https:\/\/listings.mybikeplan.ch\/de\/#website\",\"url\":\"https:\/\/listings.mybikeplan.ch\/de\/\",\"name\":\"MyBikePlan\",\"description\":\"\",\"potentialAction\":[{\"@type\":\"SearchAction\",\"target\":{\"@type\":\"EntryPoint\",\"urlTemplate\":\"https:\/\/listings.mybikeplan.ch\/de\/?s={search_term_string}\"},\"query-input\":{\"@type\":\"PropertyValueSpecification\",\"valueRequired\":true,\"valueName\":\"search_term_string\"}}],\"inLanguage\":\"de\"}]}<\/script>\n<!-- \/ Yoast SEO plugin. -->","yoast_head_json":{"title":"Umage Comfort Circle Esstisch | MyHomePlan | M\u00f6bel kaufen","description":"Bestelle jetzt den Umage Comfort Circle Esstisch! \ud83d\uddf8 Zahle in monatlichen Raten mit 0 % Zins! \ud83d\uddf8 Gratis Lieferung! \ud83d\uddf8 Grosse Auswahl! \ud83d\uddf8","robots":{"index":"noindex","follow":"follow","max-snippet":"max-snippet:-1","max-image-preview":"max-image-preview:large","max-video-preview":"max-video-preview:-1"},"og_locale":"de_DE","og_type":"article","og_title":"Umage Comfort Circle Esstisch | MyHomePlan | M\u00f6bel kaufen","og_description":"Bestelle jetzt den Umage Comfort Circle Esstisch! \ud83d\uddf8 Zahle in monatlichen Raten mit 0 % Zins! \ud83d\uddf8 Gratis Lieferung! \ud83d\uddf8 Grosse Auswahl! \ud83d\uddf8","og_url":"https:\/\/listings.mybikeplan.ch\/de\/produkt\/umage-comfort-circle-esstisch-ausziehbar\/","og_site_name":"MyBikePlan","article_modified_time":"2024-01-12T09:41:46+00:00","og_image":[{"width":1000,"height":1000,"url":"https:\/\/listings.mybikeplan.ch\/wp-content\/uploads\/2023\/12\/Umage-Comfort-Circle-ausziehbarer-Esstisch.jpg","type":"image\/jpeg"}],"twitter_card":"summary_large_image","twitter_misc":{"Gesch\u00e4tzte Lesezeit":"1\u00a0Minute"},"schema":{"@context":"https:\/\/schema.org","@graph":[{"@type":"WebPage","@id":"https:\/\/listings.mybikeplan.ch\/de\/produkt\/umage-comfort-circle-esstisch-ausziehbar\/","url":"https:\/\/listings.mybikeplan.ch\/de\/produkt\/umage-comfort-circle-esstisch-ausziehbar\/","name":"Umage Comfort Circle Esstisch | MyHomePlan | M\u00f6bel kaufen","isPartOf":{"@id":"https:\/\/listings.mybikeplan.ch\/de\/#website"},"primaryImageOfPage":{"@id":"https:\/\/listings.mybikeplan.ch\/de\/produkt\/umage-comfort-circle-esstisch-ausziehbar\/#primaryimage"},"image":{"@id":"https:\/\/listings.mybikeplan.ch\/de\/produkt\/umage-comfort-circle-esstisch-ausziehbar\/#primaryimage"},"thumbnailUrl":"https:\/\/listings.mybikeplan.ch\/wp-content\/uploads\/2023\/12\/Umage-Comfort-Circle-ausziehbarer-Esstisch.jpg","datePublished":"2023-12-15T12:38:37+00:00","dateModified":"2024-01-12T09:41:46+00:00","description":"Bestelle jetzt den Umage Comfort Circle Esstisch! \ud83d\uddf8 Zahle in monatlichen Raten mit 0 % Zins! \ud83d\uddf8 Gratis Lieferung! \ud83d\uddf8 Grosse Auswahl! \ud83d\uddf8","breadcrumb":{"@id":"https:\/\/listings.mybikeplan.ch\/de\/produkt\/umage-comfort-circle-esstisch-ausziehbar\/#breadcrumb"},"inLanguage":"de","potentialAction":[{"@type":"ReadAction","target":["https:\/\/listings.mybikeplan.ch\/de\/produkt\/umage-comfort-circle-esstisch-ausziehbar\/"]}]},{"@type":"ImageObject","inLanguage":"de","@id":"https:\/\/listings.mybikeplan.ch\/de\/produkt\/umage-comfort-circle-esstisch-ausziehbar\/#primaryimage","url":"https:\/\/listings.mybikeplan.ch\/wp-content\/uploads\/2023\/12\/Umage-Comfort-Circle-ausziehbarer-Esstisch.jpg","contentUrl":"https:\/\/listings.mybikeplan.ch\/wp-content\/uploads\/2023\/12\/Umage-Comfort-Circle-ausziehbarer-Esstisch.jpg","width":1000,"height":1000},{"@type":"BreadcrumbList","@id":"https:\/\/listings.mybikeplan.ch\/de\/produkt\/umage-comfort-circle-esstisch-ausziehbar\/#breadcrumb","itemListElement":[{"@type":"ListItem","position":1,"name":"Home","item":"https:\/\/listings.mybikeplan.ch\/de\/"},{"@type":"ListItem","position":2,"name":"Comfort Circle, ausziehbarer Esstisch"}]},{"@type":"WebSite","@id":"https:\/\/listings.mybikeplan.ch\/de\/#website","url":"https:\/\/listings.mybikeplan.ch\/de\/","name":"MyBikePlan","description":"","potentialAction":[{"@type":"SearchAction","target":{"@type":"EntryPoint","urlTemplate":"https:\/\/listings.mybikeplan.ch\/de\/?s={search_term_string}"},"query-input":{"@type":"PropertyValueSpecification","valueRequired":true,"valueName":"search_term_string"}}],"inLanguage":"de"}]}},"_links":{"self":[{"href":"https:\/\/listings.mybikeplan.ch\/de\/wp-json\/wp\/v2\/product\/54994","targetHints":{"allow":["GET"]}}],"collection":[{"href":"https:\/\/listings.mybikeplan.ch\/de\/wp-json\/wp\/v2\/product"}],"about":[{"href":"https:\/\/listings.mybikeplan.ch\/de\/wp-json\/wp\/v2\/types\/product"}],"replies":[{"embeddable":true,"href":"https:\/\/listings.mybikeplan.ch\/de\/wp-json\/wp\/v2\/comments?post=54994"}],"wp:featuredmedia":[{"embeddable":true,"href":"https:\/\/listings.mybikeplan.ch\/de\/wp-json\/wp\/v2\/media\/55039"}],"wp:attachment":[{"href":"https:\/\/listings.mybikeplan.ch\/de\/wp-json\/wp\/v2\/media?parent=54994"}],"wp:term":[{"taxonomy":"product_brand","embeddable":true,"href":"https:\/\/listings.mybikeplan.ch\/de\/wp-json\/wp\/v2\/product_brand?post=54994"},{"taxonomy":"product_cat","embeddable":true,"href":"https:\/\/listings.mybikeplan.ch\/de\/wp-json\/wp\/v2\/product_cat?post=54994"},{"taxonomy":"product_tag","embeddable":true,"href":"https:\/\/listings.mybikeplan.ch\/de\/wp-json\/wp\/v2\/product_tag?post=54994"}],"curies":[{"name":"wp","href":"https:\/\/api.w.org\/{rel}","templated":true}]}}