{"id":54974,"date":"2023-12-15T12:22:43","date_gmt":"2023-12-15T12:22:43","guid":{"rendered":"https:\/\/listings.mybikeplan.ch\/?post_type=product&#038;p=54974"},"modified":"2024-01-12T13:36:16","modified_gmt":"2024-01-12T13:36:16","slug":"umage-lounge-around-3-sitzer-sofa-schwarz-dunkle-beine","status":"publish","type":"product","link":"https:\/\/listings.mybikeplan.ch\/de\/produkt\/umage-lounge-around-3-sitzer-sofa-schwarz-dunkle-beine\/","title":{"rendered":"Lounge Around 3-Sitzer Sofa (dunkle Beine, schwarz)"},"content":{"rendered":"<h2><b>Das Wichtigste zum Umage Lounge Around 3-Sitzer Sofa<\/b><b style=\"font-size: 16px;\">:<\/b><\/h2>\n<ul>\n<li class=\"bullet-points__item\">multifunktionales 3-Sitzer Sofa<\/li>\n<li>inklusive Tablett<\/li>\n<li>die Position der R\u00fcckenlehnen und Kissen kann individuell angepasst werden<\/li>\n<\/ul>\n<h2><b>So funktioniert MyHomePlan<\/b><b>:<\/b><\/h2>\n<ul>\n<li>Finde die M\u00f6bel, die Dir gefallen. Wir beraten Dich gerne bei der Entscheidung.<\/li>\n<li>W\u00e4hle eine Ratenzahlung zwischen 6-36 Monaten. Auch eine Anzahlung ist m\u00f6glich.<\/li>\n<li>Wir senden Dir die M\u00f6bel gratis nach Hause.<\/li>\n<li>Die M\u00f6bel geh\u00f6ren von Tag 1 an Dir. Den Preis zahlst Du bequem \u00fcber die n\u00e4chsten Monate ab.<\/li>\n<\/ul>\n","protected":false},"excerpt":{"rendered":"<p>Mit Kissen, R\u00fcckenlehnen und Polstern, die ihre Position ver\u00e4ndern k\u00f6nnen, ist das Lounge Around Sofa vollst\u00e4ndig anpassbar und flexibel und kann an alle Umgebungen oder Situationen angepasst werden. Dies macht es perfekt f\u00fcr Wohn-, Schlaf- oder G\u00e4stezimmer &#8211; egal, ob gross oder klein. Das Lounge Around ist auch ideal f\u00fcr das Sommerhaus, als Tagesbett in einem Hotel oder als Couch in einem Empfangsbereich oder Wartezimmer.<\/p>\n<p>Eines der schmalen Sitzkissen hat auf der R\u00fcckseite ein d\u00fcnnes Tablett, auf dem Du Deinen Kaffee oder Laptop abstellen kannst.<\/p>\n<h2>Lieferhinweise<\/h2>\n<p>Die M\u00f6bel werden zur Bordsteinkante geliefert. Die Montage erfolgt anhand des mitgelieferten Handbuchs. Bei mehreren M\u00f6bel-Bestellungen ist eine separate Lieferung m\u00f6glich.<\/p>\n","protected":false},"featured_media":54989,"comment_status":"open","ping_status":"closed","template":"","meta":{"_acf_changed":false},"product_brand":[],"product_cat":[4453,7348,4447,4445,7175,4446],"product_tag":[],"class_list":{"0":"post-54974","1":"product","2":"type-product","3":"status-publish","4":"has-post-thumbnail","6":"product_cat-3-personen","7":"product_cat-marke-umage","8":"product_cat-marken-mysofaplan","9":"product_cat-mysofaplan","10":"product_cat-ohne-chaiselongue","11":"product_cat-sofa","12":"pa_brand-umage","13":"pa_dimensions-40-3-x-231-6-x-74-5-cm","14":"pa_filters-color-schwarz","15":"pa_hex-color-729","16":"pa_hex-color-b28c6c-produkt-umage-lounge-around-3-sitzer-sofa-beige-dunkle-beine","17":"pa_hex-color-e5dfdb-produkt-umage-lounge-around-3-sitzer-sofa-hellbeige-dunkle-beine","18":"pa_hex-color-ffffff-produkt-umage-lounge-around-3-sitzer-sofa-weiss-dunkle-beine","19":"pa_leg-color-dunkle-beine","20":"pa_materials-eiche-massiv-mdf-stahl-vermessingt-und-polyester-horizons-s","21":"pa_seat-tube-length-3-sitzer","22":"pa_sofa-size-200-250-cm","23":"pa_weight-58-kg","25":"first","26":"instock","27":"shipping-taxable","28":"purchasable","29":"product-type-variable"},"acf":{"short_description":"Das Umage Lounge Around ist ein multifunktionales, flexibles Sofa, das zum Mittelpunkt Deines Wohnzimmers wird. Nach einem langen Tag ist es der perfekte Ort, um sich zur\u00fcckzulehnen, zu entspannen und neue Energie zu tanken.","bike_name":"Umage Lounge Around 3-Sitzer Sofa","highlight_text":""},"yoast_head":"<!-- This site is optimized with the Yoast SEO plugin v24.5 - https:\/\/yoast.com\/wordpress\/plugins\/seo\/ -->\n<title>Umage Lounge Around 3-Sitzer Sofa | MyHomePlan | M\u00f6bel kaufen<\/title>\n<meta name=\"description\" content=\"Bestelle jetzt das Umage Lounge Around 3-Sitzer Sofa! \ud83d\uddf8 Zahle in monatlichen Raten mit 0 % Zins! \ud83d\uddf8 Gratis Lieferung! \ud83d\uddf8 Grosse Auswahl! \ud83d\uddf8\" \/>\n<meta name=\"robots\" content=\"noindex, follow, max-snippet:-1, max-image-preview:large, max-video-preview:-1\" \/>\n<meta property=\"og:locale\" content=\"de_DE\" \/>\n<meta property=\"og:type\" content=\"article\" \/>\n<meta property=\"og:title\" content=\"Umage Lounge Around 3-Sitzer Sofa | MyHomePlan | M\u00f6bel kaufen\" \/>\n<meta property=\"og:description\" content=\"Bestelle jetzt das Umage Lounge Around 3-Sitzer Sofa! \ud83d\uddf8 Zahle in monatlichen Raten mit 0 % Zins! \ud83d\uddf8 Gratis Lieferung! \ud83d\uddf8 Grosse Auswahl! \ud83d\uddf8\" \/>\n<meta property=\"og:url\" content=\"https:\/\/listings.mybikeplan.ch\/de\/produkt\/umage-lounge-around-3-sitzer-sofa-schwarz-dunkle-beine\/\" \/>\n<meta property=\"og:site_name\" content=\"MyBikePlan\" \/>\n<meta property=\"article:modified_time\" content=\"2024-01-12T13:36:16+00:00\" \/>\n<meta property=\"og:image\" content=\"https:\/\/listings.mybikeplan.ch\/wp-content\/uploads\/2023\/12\/Umage-Lounge-Around-3-Sitzer-Sofa-12.jpg\" \/>\n\t<meta property=\"og:image:width\" content=\"1000\" \/>\n\t<meta property=\"og:image:height\" content=\"1000\" \/>\n\t<meta property=\"og:image:type\" content=\"image\/jpeg\" \/>\n<meta name=\"twitter:card\" content=\"summary_large_image\" \/>\n<meta name=\"twitter:label1\" content=\"Gesch\u00e4tzte Lesezeit\" \/>\n\t<meta name=\"twitter:data1\" content=\"1\u00a0Minute\" \/>\n<script type=\"application\/ld+json\" class=\"yoast-schema-graph\">{\"@context\":\"https:\/\/schema.org\",\"@graph\":[{\"@type\":\"WebPage\",\"@id\":\"https:\/\/listings.mybikeplan.ch\/de\/produkt\/umage-lounge-around-3-sitzer-sofa-schwarz-dunkle-beine\/\",\"url\":\"https:\/\/listings.mybikeplan.ch\/de\/produkt\/umage-lounge-around-3-sitzer-sofa-schwarz-dunkle-beine\/\",\"name\":\"Umage Lounge Around 3-Sitzer Sofa | MyHomePlan | M\u00f6bel kaufen\",\"isPartOf\":{\"@id\":\"https:\/\/listings.mybikeplan.ch\/de\/#website\"},\"primaryImageOfPage\":{\"@id\":\"https:\/\/listings.mybikeplan.ch\/de\/produkt\/umage-lounge-around-3-sitzer-sofa-schwarz-dunkle-beine\/#primaryimage\"},\"image\":{\"@id\":\"https:\/\/listings.mybikeplan.ch\/de\/produkt\/umage-lounge-around-3-sitzer-sofa-schwarz-dunkle-beine\/#primaryimage\"},\"thumbnailUrl\":\"https:\/\/listings.mybikeplan.ch\/wp-content\/uploads\/2023\/12\/Umage-Lounge-Around-3-Sitzer-Sofa-12.jpg\",\"datePublished\":\"2023-12-15T12:22:43+00:00\",\"dateModified\":\"2024-01-12T13:36:16+00:00\",\"description\":\"Bestelle jetzt das Umage Lounge Around 3-Sitzer Sofa! \ud83d\uddf8 Zahle in monatlichen Raten mit 0 % Zins! \ud83d\uddf8 Gratis Lieferung! \ud83d\uddf8 Grosse Auswahl! \ud83d\uddf8\",\"breadcrumb\":{\"@id\":\"https:\/\/listings.mybikeplan.ch\/de\/produkt\/umage-lounge-around-3-sitzer-sofa-schwarz-dunkle-beine\/#breadcrumb\"},\"inLanguage\":\"de\",\"potentialAction\":[{\"@type\":\"ReadAction\",\"target\":[\"https:\/\/listings.mybikeplan.ch\/de\/produkt\/umage-lounge-around-3-sitzer-sofa-schwarz-dunkle-beine\/\"]}]},{\"@type\":\"ImageObject\",\"inLanguage\":\"de\",\"@id\":\"https:\/\/listings.mybikeplan.ch\/de\/produkt\/umage-lounge-around-3-sitzer-sofa-schwarz-dunkle-beine\/#primaryimage\",\"url\":\"https:\/\/listings.mybikeplan.ch\/wp-content\/uploads\/2023\/12\/Umage-Lounge-Around-3-Sitzer-Sofa-12.jpg\",\"contentUrl\":\"https:\/\/listings.mybikeplan.ch\/wp-content\/uploads\/2023\/12\/Umage-Lounge-Around-3-Sitzer-Sofa-12.jpg\",\"width\":1000,\"height\":1000},{\"@type\":\"BreadcrumbList\",\"@id\":\"https:\/\/listings.mybikeplan.ch\/de\/produkt\/umage-lounge-around-3-sitzer-sofa-schwarz-dunkle-beine\/#breadcrumb\",\"itemListElement\":[{\"@type\":\"ListItem\",\"position\":1,\"name\":\"Home\",\"item\":\"https:\/\/listings.mybikeplan.ch\/de\/\"},{\"@type\":\"ListItem\",\"position\":2,\"name\":\"Lounge Around 3-Sitzer Sofa (dunkle Beine, schwarz)\"}]},{\"@type\":\"WebSite\",\"@id\":\"https:\/\/listings.mybikeplan.ch\/de\/#website\",\"url\":\"https:\/\/listings.mybikeplan.ch\/de\/\",\"name\":\"MyBikePlan\",\"description\":\"\",\"potentialAction\":[{\"@type\":\"SearchAction\",\"target\":{\"@type\":\"EntryPoint\",\"urlTemplate\":\"https:\/\/listings.mybikeplan.ch\/de\/?s={search_term_string}\"},\"query-input\":{\"@type\":\"PropertyValueSpecification\",\"valueRequired\":true,\"valueName\":\"search_term_string\"}}],\"inLanguage\":\"de\"}]}<\/script>\n<!-- \/ Yoast SEO plugin. -->","yoast_head_json":{"title":"Umage Lounge Around 3-Sitzer Sofa | MyHomePlan | M\u00f6bel kaufen","description":"Bestelle jetzt das Umage Lounge Around 3-Sitzer Sofa! \ud83d\uddf8 Zahle in monatlichen Raten mit 0 % Zins! \ud83d\uddf8 Gratis Lieferung! \ud83d\uddf8 Grosse Auswahl! \ud83d\uddf8","robots":{"index":"noindex","follow":"follow","max-snippet":"max-snippet:-1","max-image-preview":"max-image-preview:large","max-video-preview":"max-video-preview:-1"},"og_locale":"de_DE","og_type":"article","og_title":"Umage Lounge Around 3-Sitzer Sofa | MyHomePlan | M\u00f6bel kaufen","og_description":"Bestelle jetzt das Umage Lounge Around 3-Sitzer Sofa! \ud83d\uddf8 Zahle in monatlichen Raten mit 0 % Zins! \ud83d\uddf8 Gratis Lieferung! \ud83d\uddf8 Grosse Auswahl! \ud83d\uddf8","og_url":"https:\/\/listings.mybikeplan.ch\/de\/produkt\/umage-lounge-around-3-sitzer-sofa-schwarz-dunkle-beine\/","og_site_name":"MyBikePlan","article_modified_time":"2024-01-12T13:36:16+00:00","og_image":[{"width":1000,"height":1000,"url":"https:\/\/listings.mybikeplan.ch\/wp-content\/uploads\/2023\/12\/Umage-Lounge-Around-3-Sitzer-Sofa-12.jpg","type":"image\/jpeg"}],"twitter_card":"summary_large_image","twitter_misc":{"Gesch\u00e4tzte Lesezeit":"1\u00a0Minute"},"schema":{"@context":"https:\/\/schema.org","@graph":[{"@type":"WebPage","@id":"https:\/\/listings.mybikeplan.ch\/de\/produkt\/umage-lounge-around-3-sitzer-sofa-schwarz-dunkle-beine\/","url":"https:\/\/listings.mybikeplan.ch\/de\/produkt\/umage-lounge-around-3-sitzer-sofa-schwarz-dunkle-beine\/","name":"Umage Lounge Around 3-Sitzer Sofa | MyHomePlan | M\u00f6bel kaufen","isPartOf":{"@id":"https:\/\/listings.mybikeplan.ch\/de\/#website"},"primaryImageOfPage":{"@id":"https:\/\/listings.mybikeplan.ch\/de\/produkt\/umage-lounge-around-3-sitzer-sofa-schwarz-dunkle-beine\/#primaryimage"},"image":{"@id":"https:\/\/listings.mybikeplan.ch\/de\/produkt\/umage-lounge-around-3-sitzer-sofa-schwarz-dunkle-beine\/#primaryimage"},"thumbnailUrl":"https:\/\/listings.mybikeplan.ch\/wp-content\/uploads\/2023\/12\/Umage-Lounge-Around-3-Sitzer-Sofa-12.jpg","datePublished":"2023-12-15T12:22:43+00:00","dateModified":"2024-01-12T13:36:16+00:00","description":"Bestelle jetzt das Umage Lounge Around 3-Sitzer Sofa! \ud83d\uddf8 Zahle in monatlichen Raten mit 0 % Zins! \ud83d\uddf8 Gratis Lieferung! \ud83d\uddf8 Grosse Auswahl! \ud83d\uddf8","breadcrumb":{"@id":"https:\/\/listings.mybikeplan.ch\/de\/produkt\/umage-lounge-around-3-sitzer-sofa-schwarz-dunkle-beine\/#breadcrumb"},"inLanguage":"de","potentialAction":[{"@type":"ReadAction","target":["https:\/\/listings.mybikeplan.ch\/de\/produkt\/umage-lounge-around-3-sitzer-sofa-schwarz-dunkle-beine\/"]}]},{"@type":"ImageObject","inLanguage":"de","@id":"https:\/\/listings.mybikeplan.ch\/de\/produkt\/umage-lounge-around-3-sitzer-sofa-schwarz-dunkle-beine\/#primaryimage","url":"https:\/\/listings.mybikeplan.ch\/wp-content\/uploads\/2023\/12\/Umage-Lounge-Around-3-Sitzer-Sofa-12.jpg","contentUrl":"https:\/\/listings.mybikeplan.ch\/wp-content\/uploads\/2023\/12\/Umage-Lounge-Around-3-Sitzer-Sofa-12.jpg","width":1000,"height":1000},{"@type":"BreadcrumbList","@id":"https:\/\/listings.mybikeplan.ch\/de\/produkt\/umage-lounge-around-3-sitzer-sofa-schwarz-dunkle-beine\/#breadcrumb","itemListElement":[{"@type":"ListItem","position":1,"name":"Home","item":"https:\/\/listings.mybikeplan.ch\/de\/"},{"@type":"ListItem","position":2,"name":"Lounge Around 3-Sitzer Sofa (dunkle Beine, schwarz)"}]},{"@type":"WebSite","@id":"https:\/\/listings.mybikeplan.ch\/de\/#website","url":"https:\/\/listings.mybikeplan.ch\/de\/","name":"MyBikePlan","description":"","potentialAction":[{"@type":"SearchAction","target":{"@type":"EntryPoint","urlTemplate":"https:\/\/listings.mybikeplan.ch\/de\/?s={search_term_string}"},"query-input":{"@type":"PropertyValueSpecification","valueRequired":true,"valueName":"search_term_string"}}],"inLanguage":"de"}]}},"_links":{"self":[{"href":"https:\/\/listings.mybikeplan.ch\/de\/wp-json\/wp\/v2\/product\/54974","targetHints":{"allow":["GET"]}}],"collection":[{"href":"https:\/\/listings.mybikeplan.ch\/de\/wp-json\/wp\/v2\/product"}],"about":[{"href":"https:\/\/listings.mybikeplan.ch\/de\/wp-json\/wp\/v2\/types\/product"}],"replies":[{"embeddable":true,"href":"https:\/\/listings.mybikeplan.ch\/de\/wp-json\/wp\/v2\/comments?post=54974"}],"wp:featuredmedia":[{"embeddable":true,"href":"https:\/\/listings.mybikeplan.ch\/de\/wp-json\/wp\/v2\/media\/54989"}],"wp:attachment":[{"href":"https:\/\/listings.mybikeplan.ch\/de\/wp-json\/wp\/v2\/media?parent=54974"}],"wp:term":[{"taxonomy":"product_brand","embeddable":true,"href":"https:\/\/listings.mybikeplan.ch\/de\/wp-json\/wp\/v2\/product_brand?post=54974"},{"taxonomy":"product_cat","embeddable":true,"href":"https:\/\/listings.mybikeplan.ch\/de\/wp-json\/wp\/v2\/product_cat?post=54974"},{"taxonomy":"product_tag","embeddable":true,"href":"https:\/\/listings.mybikeplan.ch\/de\/wp-json\/wp\/v2\/product_tag?post=54974"}],"curies":[{"name":"wp","href":"https:\/\/api.w.org\/{rel}","templated":true}]}}