{"id":54278,"date":"2023-12-08T09:29:31","date_gmt":"2023-12-08T09:29:31","guid":{"rendered":"https:\/\/listings.mybikeplan.ch\/?post_type=product&#038;p=54278"},"modified":"2024-01-05T14:28:15","modified_gmt":"2024-01-05T14:28:15","slug":"kave-home-kohana-couchtisch","status":"publish","type":"product","link":"https:\/\/listings.mybikeplan.ch\/de\/produkt\/kave-home-kohana-couchtisch\/","title":{"rendered":"Kohana Couchtisch"},"content":{"rendered":"<h2><b>Das Wichtigste zum Kohana Couchtisch<\/b><b style=\"font-size: 16px;\">:<\/b><\/h2>\n<ul>\n<li class=\"bullet-points__item\">Runder Couchtisch aus Rattan mit nat\u00fcrlichem Finish<\/li>\n<li class=\"bullet-points__item\">\u00d8 66 cm<\/li>\n<li class=\"bullet-points__item\">Handgefertigter Couchtisch aus nat\u00fcrlichen Materialien<\/li>\n<\/ul>\n<h2><b>So funktioniert MyHomePlan<\/b><b>:<\/b><\/h2>\n<ul>\n<li style=\"list-style-type: none;\">\n<ul class=\"bullet-points\">\n<li class=\"bullet-points__item\">Finde die M\u00f6bel, die Dir gefallen. Wir beraten Dich gerne bei der Entscheidung.<\/li>\n<li>W\u00e4hle eine Ratenzahlung zwischen 6-36 Monaten. Auch eine Anzahlung ist m\u00f6glich.<\/li>\n<li>Wir senden Dir die M\u00f6bel gratis nach Hause.<\/li>\n<li>Die M\u00f6bel geh\u00f6ren von Tag 1 an Dir. Den Preis zahlst Du bequem \u00fcber die n\u00e4chsten Monate ab.<\/li>\n<\/ul>\n<\/li>\n<\/ul>\n","protected":false},"excerpt":{"rendered":"<p>Der Kohana Couchtisch ist ein handgefertigtes M\u00f6belst\u00fcck aus Rattan, das f\u00fcr seine Exklusivit\u00e4t und Nat\u00fcrlichkeit steht. Jedes St\u00fcck ist einzigartig, wodurch der Tisch eine besondere Ausstrahlung erh\u00e4lt. Der Tisch hat einen Durchmesser von 66 cm und ist Teil der Kohana-Kollektion von Kave Home, die sich durch den Einsatz von Naturfasern auszeichnet. Ideal f\u00fcr diejenigen, die ihr Zuhause mit nat\u00fcrlichen Elementen bereichern m\u00f6chten\u200b<\/p>\n<h2>Lieferhinweise<\/h2>\n<p>Die M\u00f6bel werden zur Bordsteinkante geliefert. Die Montage erfolgt anhand des mitgelieferten Handbuchs. Bei mehreren M\u00f6bel-Bestellungen ist eine separate Lieferung m\u00f6glich.<\/p>\n","protected":false},"featured_media":54286,"comment_status":"open","ping_status":"closed","template":"","meta":{"_acf_changed":false},"product_brand":[],"product_cat":[7137,4449,4447,4445,4455],"product_tag":[],"class_list":{"0":"post-54278","1":"product","2":"type-product","3":"status-publish","4":"has-post-thumbnail","6":"product_cat-couchtische","7":"product_cat-marke-kave-home","8":"product_cat-marken-mysofaplan","9":"product_cat-mysofaplan","10":"product_cat-tische","11":"pa_brand-kave-home","12":"pa_dimensions-36-x-66-x-66-cm","13":"pa_filters-color-beige","14":"pa_hex-color-e8c29d","15":"pa_main-material-natuerliche-fasern","16":"pa_materials-100-rattan","17":"pa_seat-tube-length-oe-66-cm","18":"pa_table-diameter-oe-50-100-cm","20":"first","21":"instock","22":"shipping-taxable","23":"purchasable","24":"product-type-variable"},"acf":{"short_description":"Wenn Du m\u00f6chtest, dass Dein Zuhause Deine nat\u00fcrliche Seite repr\u00e4sentiert, dann ist der Kohana Couchtisch die perfekte Erg\u00e4nzung f\u00fcr Dein Wohnzimmer.","bike_name":"Kave Home Kohana Couchtisch","highlight_text":""},"yoast_head":"<!-- This site is optimized with the Yoast SEO plugin v24.5 - https:\/\/yoast.com\/wordpress\/plugins\/seo\/ -->\n<title>Kave Home Kohana Couchtisch | MyHomePlan | M\u00f6bel kaufen<\/title>\n<meta name=\"description\" content=\"Bestelle jetzt den Kohana Couchtisch! \ud83d\uddf8 Zahle in monatlichen Raten mit 0 % Zins! \ud83d\uddf8 Gratis Lieferung! \ud83d\uddf8 Grosse Auswahl! \ud83d\uddf8\" \/>\n<meta name=\"robots\" content=\"noindex, follow, max-snippet:-1, max-image-preview:large, max-video-preview:-1\" \/>\n<meta property=\"og:locale\" content=\"de_DE\" \/>\n<meta property=\"og:type\" content=\"article\" \/>\n<meta property=\"og:title\" content=\"Kave Home Kohana Couchtisch | MyHomePlan | M\u00f6bel kaufen\" \/>\n<meta property=\"og:description\" content=\"Bestelle jetzt den Kohana Couchtisch! \ud83d\uddf8 Zahle in monatlichen Raten mit 0 % Zins! \ud83d\uddf8 Gratis Lieferung! \ud83d\uddf8 Grosse Auswahl! \ud83d\uddf8\" \/>\n<meta property=\"og:url\" content=\"https:\/\/listings.mybikeplan.ch\/de\/produkt\/kave-home-kohana-couchtisch\/\" \/>\n<meta property=\"og:site_name\" content=\"MyBikePlan\" \/>\n<meta property=\"article:modified_time\" content=\"2024-01-05T14:28:15+00:00\" \/>\n<meta property=\"og:image\" content=\"https:\/\/listings.mybikeplan.ch\/wp-content\/uploads\/2023\/12\/Kave-Home-Kohana-Couchtisch-2.jpg\" \/>\n\t<meta property=\"og:image:width\" content=\"1000\" \/>\n\t<meta property=\"og:image:height\" content=\"1000\" \/>\n\t<meta property=\"og:image:type\" content=\"image\/jpeg\" \/>\n<meta name=\"twitter:card\" content=\"summary_large_image\" \/>\n<meta name=\"twitter:label1\" content=\"Gesch\u00e4tzte Lesezeit\" \/>\n\t<meta name=\"twitter:data1\" content=\"1\u00a0Minute\" \/>\n<script type=\"application\/ld+json\" class=\"yoast-schema-graph\">{\"@context\":\"https:\/\/schema.org\",\"@graph\":[{\"@type\":\"WebPage\",\"@id\":\"https:\/\/listings.mybikeplan.ch\/de\/produkt\/kave-home-kohana-couchtisch\/\",\"url\":\"https:\/\/listings.mybikeplan.ch\/de\/produkt\/kave-home-kohana-couchtisch\/\",\"name\":\"Kave Home Kohana Couchtisch | MyHomePlan | M\u00f6bel kaufen\",\"isPartOf\":{\"@id\":\"https:\/\/listings.mybikeplan.ch\/de\/#website\"},\"primaryImageOfPage\":{\"@id\":\"https:\/\/listings.mybikeplan.ch\/de\/produkt\/kave-home-kohana-couchtisch\/#primaryimage\"},\"image\":{\"@id\":\"https:\/\/listings.mybikeplan.ch\/de\/produkt\/kave-home-kohana-couchtisch\/#primaryimage\"},\"thumbnailUrl\":\"https:\/\/listings.mybikeplan.ch\/wp-content\/uploads\/2023\/12\/Kave-Home-Kohana-Couchtisch-2.jpg\",\"datePublished\":\"2023-12-08T09:29:31+00:00\",\"dateModified\":\"2024-01-05T14:28:15+00:00\",\"description\":\"Bestelle jetzt den Kohana Couchtisch! \ud83d\uddf8 Zahle in monatlichen Raten mit 0 % Zins! \ud83d\uddf8 Gratis Lieferung! \ud83d\uddf8 Grosse Auswahl! \ud83d\uddf8\",\"breadcrumb\":{\"@id\":\"https:\/\/listings.mybikeplan.ch\/de\/produkt\/kave-home-kohana-couchtisch\/#breadcrumb\"},\"inLanguage\":\"de\",\"potentialAction\":[{\"@type\":\"ReadAction\",\"target\":[\"https:\/\/listings.mybikeplan.ch\/de\/produkt\/kave-home-kohana-couchtisch\/\"]}]},{\"@type\":\"ImageObject\",\"inLanguage\":\"de\",\"@id\":\"https:\/\/listings.mybikeplan.ch\/de\/produkt\/kave-home-kohana-couchtisch\/#primaryimage\",\"url\":\"https:\/\/listings.mybikeplan.ch\/wp-content\/uploads\/2023\/12\/Kave-Home-Kohana-Couchtisch-2.jpg\",\"contentUrl\":\"https:\/\/listings.mybikeplan.ch\/wp-content\/uploads\/2023\/12\/Kave-Home-Kohana-Couchtisch-2.jpg\",\"width\":1000,\"height\":1000},{\"@type\":\"BreadcrumbList\",\"@id\":\"https:\/\/listings.mybikeplan.ch\/de\/produkt\/kave-home-kohana-couchtisch\/#breadcrumb\",\"itemListElement\":[{\"@type\":\"ListItem\",\"position\":1,\"name\":\"Home\",\"item\":\"https:\/\/listings.mybikeplan.ch\/de\/\"},{\"@type\":\"ListItem\",\"position\":2,\"name\":\"Kohana Couchtisch\"}]},{\"@type\":\"WebSite\",\"@id\":\"https:\/\/listings.mybikeplan.ch\/de\/#website\",\"url\":\"https:\/\/listings.mybikeplan.ch\/de\/\",\"name\":\"MyBikePlan\",\"description\":\"\",\"potentialAction\":[{\"@type\":\"SearchAction\",\"target\":{\"@type\":\"EntryPoint\",\"urlTemplate\":\"https:\/\/listings.mybikeplan.ch\/de\/?s={search_term_string}\"},\"query-input\":{\"@type\":\"PropertyValueSpecification\",\"valueRequired\":true,\"valueName\":\"search_term_string\"}}],\"inLanguage\":\"de\"}]}<\/script>\n<!-- \/ Yoast SEO plugin. -->","yoast_head_json":{"title":"Kave Home Kohana Couchtisch | MyHomePlan | M\u00f6bel kaufen","description":"Bestelle jetzt den Kohana Couchtisch! \ud83d\uddf8 Zahle in monatlichen Raten mit 0 % Zins! \ud83d\uddf8 Gratis Lieferung! \ud83d\uddf8 Grosse Auswahl! \ud83d\uddf8","robots":{"index":"noindex","follow":"follow","max-snippet":"max-snippet:-1","max-image-preview":"max-image-preview:large","max-video-preview":"max-video-preview:-1"},"og_locale":"de_DE","og_type":"article","og_title":"Kave Home Kohana Couchtisch | MyHomePlan | M\u00f6bel kaufen","og_description":"Bestelle jetzt den Kohana Couchtisch! \ud83d\uddf8 Zahle in monatlichen Raten mit 0 % Zins! \ud83d\uddf8 Gratis Lieferung! \ud83d\uddf8 Grosse Auswahl! \ud83d\uddf8","og_url":"https:\/\/listings.mybikeplan.ch\/de\/produkt\/kave-home-kohana-couchtisch\/","og_site_name":"MyBikePlan","article_modified_time":"2024-01-05T14:28:15+00:00","og_image":[{"width":1000,"height":1000,"url":"https:\/\/listings.mybikeplan.ch\/wp-content\/uploads\/2023\/12\/Kave-Home-Kohana-Couchtisch-2.jpg","type":"image\/jpeg"}],"twitter_card":"summary_large_image","twitter_misc":{"Gesch\u00e4tzte Lesezeit":"1\u00a0Minute"},"schema":{"@context":"https:\/\/schema.org","@graph":[{"@type":"WebPage","@id":"https:\/\/listings.mybikeplan.ch\/de\/produkt\/kave-home-kohana-couchtisch\/","url":"https:\/\/listings.mybikeplan.ch\/de\/produkt\/kave-home-kohana-couchtisch\/","name":"Kave Home Kohana Couchtisch | MyHomePlan | M\u00f6bel kaufen","isPartOf":{"@id":"https:\/\/listings.mybikeplan.ch\/de\/#website"},"primaryImageOfPage":{"@id":"https:\/\/listings.mybikeplan.ch\/de\/produkt\/kave-home-kohana-couchtisch\/#primaryimage"},"image":{"@id":"https:\/\/listings.mybikeplan.ch\/de\/produkt\/kave-home-kohana-couchtisch\/#primaryimage"},"thumbnailUrl":"https:\/\/listings.mybikeplan.ch\/wp-content\/uploads\/2023\/12\/Kave-Home-Kohana-Couchtisch-2.jpg","datePublished":"2023-12-08T09:29:31+00:00","dateModified":"2024-01-05T14:28:15+00:00","description":"Bestelle jetzt den Kohana Couchtisch! \ud83d\uddf8 Zahle in monatlichen Raten mit 0 % Zins! \ud83d\uddf8 Gratis Lieferung! \ud83d\uddf8 Grosse Auswahl! \ud83d\uddf8","breadcrumb":{"@id":"https:\/\/listings.mybikeplan.ch\/de\/produkt\/kave-home-kohana-couchtisch\/#breadcrumb"},"inLanguage":"de","potentialAction":[{"@type":"ReadAction","target":["https:\/\/listings.mybikeplan.ch\/de\/produkt\/kave-home-kohana-couchtisch\/"]}]},{"@type":"ImageObject","inLanguage":"de","@id":"https:\/\/listings.mybikeplan.ch\/de\/produkt\/kave-home-kohana-couchtisch\/#primaryimage","url":"https:\/\/listings.mybikeplan.ch\/wp-content\/uploads\/2023\/12\/Kave-Home-Kohana-Couchtisch-2.jpg","contentUrl":"https:\/\/listings.mybikeplan.ch\/wp-content\/uploads\/2023\/12\/Kave-Home-Kohana-Couchtisch-2.jpg","width":1000,"height":1000},{"@type":"BreadcrumbList","@id":"https:\/\/listings.mybikeplan.ch\/de\/produkt\/kave-home-kohana-couchtisch\/#breadcrumb","itemListElement":[{"@type":"ListItem","position":1,"name":"Home","item":"https:\/\/listings.mybikeplan.ch\/de\/"},{"@type":"ListItem","position":2,"name":"Kohana Couchtisch"}]},{"@type":"WebSite","@id":"https:\/\/listings.mybikeplan.ch\/de\/#website","url":"https:\/\/listings.mybikeplan.ch\/de\/","name":"MyBikePlan","description":"","potentialAction":[{"@type":"SearchAction","target":{"@type":"EntryPoint","urlTemplate":"https:\/\/listings.mybikeplan.ch\/de\/?s={search_term_string}"},"query-input":{"@type":"PropertyValueSpecification","valueRequired":true,"valueName":"search_term_string"}}],"inLanguage":"de"}]}},"_links":{"self":[{"href":"https:\/\/listings.mybikeplan.ch\/de\/wp-json\/wp\/v2\/product\/54278","targetHints":{"allow":["GET"]}}],"collection":[{"href":"https:\/\/listings.mybikeplan.ch\/de\/wp-json\/wp\/v2\/product"}],"about":[{"href":"https:\/\/listings.mybikeplan.ch\/de\/wp-json\/wp\/v2\/types\/product"}],"replies":[{"embeddable":true,"href":"https:\/\/listings.mybikeplan.ch\/de\/wp-json\/wp\/v2\/comments?post=54278"}],"wp:featuredmedia":[{"embeddable":true,"href":"https:\/\/listings.mybikeplan.ch\/de\/wp-json\/wp\/v2\/media\/54286"}],"wp:attachment":[{"href":"https:\/\/listings.mybikeplan.ch\/de\/wp-json\/wp\/v2\/media?parent=54278"}],"wp:term":[{"taxonomy":"product_brand","embeddable":true,"href":"https:\/\/listings.mybikeplan.ch\/de\/wp-json\/wp\/v2\/product_brand?post=54278"},{"taxonomy":"product_cat","embeddable":true,"href":"https:\/\/listings.mybikeplan.ch\/de\/wp-json\/wp\/v2\/product_cat?post=54278"},{"taxonomy":"product_tag","embeddable":true,"href":"https:\/\/listings.mybikeplan.ch\/de\/wp-json\/wp\/v2\/product_tag?post=54278"}],"curies":[{"name":"wp","href":"https:\/\/api.w.org\/{rel}","templated":true}]}}