{"id":54113,"date":"2023-12-01T09:52:14","date_gmt":"2023-12-01T09:52:14","guid":{"rendered":"https:\/\/listings.mybikeplan.ch\/?post_type=product&#038;p=54113"},"modified":"2023-12-01T10:03:41","modified_gmt":"2023-12-01T10:03:41","slug":"kettler-biketrainer-hoi-frame-grau","status":"publish","type":"product","link":"https:\/\/listings.mybikeplan.ch\/de\/produkt\/kettler-biketrainer-hoi-frame-grau\/","title":{"rendered":"Biketrainer Hoi Frame"},"content":{"rendered":"<h2><b>Das Wichtigste zum Kettler Biketrainer Hoi Frame<\/b><b>:<\/b><\/h2>\n<ul>\n<li class=\"bullet-points__item\">Performance meets Design \u2013 Rennradtraining f\u00fcr Zuhause<\/li>\n<li class=\"bullet-points__item\">Induktionsbremssystem mit 600 Watt Spitzenleistung<\/li>\n<li class=\"bullet-points__item\">7-Zoll Touchscreen mit Trainingsprogrammen und voller Konnektivit\u00e4t f\u00fcr selektive Wearables und interaktive Cycling-Apps<\/li>\n<\/ul>\n","protected":false},"excerpt":{"rendered":"<div class=\"details-row\">\n<div id=\"collapseMoreInformation\" class=\"show collapse\" aria-labelledby=\"headingOne\" data-parent=\"#product-information\">\n<div class=\"details-row\">\n<div id=\"collapseMoreInformation\" class=\"show collapse\" aria-labelledby=\"headingOne\" data-parent=\"#product-information\">\n<p>Egal, ob Grundlagen-, intensives Ausdauer- oder Wettkampftraining, mit einer Maximalleistung von bis zu 600 Watt und 20 verschiedenen Trainingsprogrammen kommt jeder mit dem Hoi Frame auf seine Kosten.<\/p>\n<p>Mit dem 7 Zoll TFT Touchscreen beh\u00e4ltst Du w\u00e4hrend Deiner Cycling-Sessions immer einen \u00dcberblick \u00fcber die wichtigsten Trainingsdaten wie Zeit, Strecke, Energieverbrauch, Leistung in Watt, Pulsfrequenz und viele mehr. Die Bluetooth-Schnittstelle erm\u00f6glicht eine Verbindung mit Brustgurten und Wearables sowie volle Konnektivit\u00e4t zu FTMS-basierten Fitness-Apps. Wer noch mehr m\u00f6chte, kann die Spiegelfunktion nutzen und eine Wiedergabe auf dem eigenen Smart-TV oder Tablet starten.<\/p>\n<\/div>\n<\/div>\n<\/div>\n<\/div>\n","protected":false},"featured_media":54119,"comment_status":"open","ping_status":"closed","template":"","meta":{"_acf_changed":false},"product_brand":[],"product_cat":[4447,4445,7196],"product_tag":[],"class_list":{"0":"post-54113","1":"product","2":"type-product","3":"status-publish","4":"has-post-thumbnail","6":"product_cat-marken-mysofaplan","7":"product_cat-mysofaplan","8":"product_cat-sportgeraete","9":"pa_brakes-induktionsbremssystem","10":"pa_brand-kettler","11":"pa_dimensions-138-x-55-x-105-cm","12":"pa_display-7-zoll-tft-touchscreen","13":"pa_filters-color-grau","14":"pa_handlebar-rennlenker-vertikal-und-horizontal-verstellbar","15":"pa_hex-color-7245","16":"pa_hex-color-c78a78-produkt-kettler-biketrainer-hoi-frame-pink","17":"pa_hex-color-ffffff-produkt-kettler-biketrainer-hoi-frame-weiss","18":"pa_max-load-capacity-130-kg","19":"pa_pedals-kombi-clickpedale-nutzbar-mit-spd-clicksystem-und-sportschuhen","20":"pa_saddle-rennsattel-vertikal-und-horizontal-verstellbar","21":"pa_seat-tube-length-uni-size","22":"pa_stats-zeit-strecke-energieverbrauch-leistung-in-watt-pulsfrequenz-trittfrequenz-geschwindigkeit-belastungsstufe-vorgabemoeglichkeiten-durchschnittswerte-trainingsprofile","23":"pa_weight-69-kg","25":"first","26":"instock","27":"shipping-taxable","28":"purchasable","29":"product-type-variable"},"acf":{"short_description":"Performance und Design \u2013 bestens vereint im HOI FRAME: Unabh\u00e4ngig vom Wetter, kannst Du Dein Radtraining zu jeder Tages- und Jahreszeit absolvieren und Dein individuelles Ziel verfolgen.","bike_name":"Kettler Biketrainer Hoi Frame","highlight_text":""},"yoast_head":"<!-- This site is optimized with the Yoast SEO plugin v24.5 - https:\/\/yoast.com\/wordpress\/plugins\/seo\/ -->\n<title>Kettler Biketrainer Hoi Frame | MyHomePlan | M\u00f6bel online<\/title>\n<meta name=\"description\" content=\"Bestelle jetzt den Kettler Biketrainer Hoi Frame f\u00fcr Dein Zuhause! \ud83d\uddf8 Zahle in monatlichen Raten mit 0 % Zins! \ud83d\uddf8 Gratis Lieferung! \ud83d\uddf8 Grosse Auswahl! \ud83d\uddf8\" \/>\n<meta name=\"robots\" content=\"noindex, follow, max-snippet:-1, max-image-preview:large, max-video-preview:-1\" \/>\n<meta property=\"og:locale\" content=\"de_DE\" \/>\n<meta property=\"og:type\" content=\"article\" \/>\n<meta property=\"og:title\" content=\"Kettler Biketrainer Hoi Frame | MyHomePlan | M\u00f6bel online\" \/>\n<meta property=\"og:description\" content=\"Bestelle jetzt den Kettler Biketrainer Hoi Frame f\u00fcr Dein Zuhause! \ud83d\uddf8 Zahle in monatlichen Raten mit 0 % Zins! \ud83d\uddf8 Gratis Lieferung! \ud83d\uddf8 Grosse Auswahl! \ud83d\uddf8\" \/>\n<meta property=\"og:url\" content=\"https:\/\/listings.mybikeplan.ch\/de\/produkt\/kettler-biketrainer-hoi-frame-grau\/\" \/>\n<meta property=\"og:site_name\" content=\"MyBikePlan\" \/>\n<meta property=\"article:modified_time\" content=\"2023-12-01T10:03:41+00:00\" \/>\n<meta property=\"og:image\" content=\"https:\/\/listings.mybikeplan.ch\/wp-content\/uploads\/2023\/12\/Kettler-Biketrainer-Hoi-Frame-2-1.jpg\" \/>\n\t<meta property=\"og:image:width\" content=\"1000\" \/>\n\t<meta property=\"og:image:height\" content=\"1000\" \/>\n\t<meta property=\"og:image:type\" content=\"image\/jpeg\" \/>\n<meta name=\"twitter:card\" content=\"summary_large_image\" \/>\n<meta name=\"twitter:label1\" content=\"Gesch\u00e4tzte Lesezeit\" \/>\n\t<meta name=\"twitter:data1\" content=\"1\u00a0Minute\" \/>\n<script type=\"application\/ld+json\" class=\"yoast-schema-graph\">{\"@context\":\"https:\/\/schema.org\",\"@graph\":[{\"@type\":\"WebPage\",\"@id\":\"https:\/\/listings.mybikeplan.ch\/de\/produkt\/kettler-biketrainer-hoi-frame-grau\/\",\"url\":\"https:\/\/listings.mybikeplan.ch\/de\/produkt\/kettler-biketrainer-hoi-frame-grau\/\",\"name\":\"Kettler Biketrainer Hoi Frame | MyHomePlan | M\u00f6bel online\",\"isPartOf\":{\"@id\":\"https:\/\/listings.mybikeplan.ch\/de\/#website\"},\"primaryImageOfPage\":{\"@id\":\"https:\/\/listings.mybikeplan.ch\/de\/produkt\/kettler-biketrainer-hoi-frame-grau\/#primaryimage\"},\"image\":{\"@id\":\"https:\/\/listings.mybikeplan.ch\/de\/produkt\/kettler-biketrainer-hoi-frame-grau\/#primaryimage\"},\"thumbnailUrl\":\"https:\/\/listings.mybikeplan.ch\/wp-content\/uploads\/2023\/12\/Kettler-Biketrainer-Hoi-Frame-2-1.jpg\",\"datePublished\":\"2023-12-01T09:52:14+00:00\",\"dateModified\":\"2023-12-01T10:03:41+00:00\",\"description\":\"Bestelle jetzt den Kettler Biketrainer Hoi Frame f\u00fcr Dein Zuhause! \ud83d\uddf8 Zahle in monatlichen Raten mit 0 % Zins! \ud83d\uddf8 Gratis Lieferung! \ud83d\uddf8 Grosse Auswahl! \ud83d\uddf8\",\"breadcrumb\":{\"@id\":\"https:\/\/listings.mybikeplan.ch\/de\/produkt\/kettler-biketrainer-hoi-frame-grau\/#breadcrumb\"},\"inLanguage\":\"de\",\"potentialAction\":[{\"@type\":\"ReadAction\",\"target\":[\"https:\/\/listings.mybikeplan.ch\/de\/produkt\/kettler-biketrainer-hoi-frame-grau\/\"]}]},{\"@type\":\"ImageObject\",\"inLanguage\":\"de\",\"@id\":\"https:\/\/listings.mybikeplan.ch\/de\/produkt\/kettler-biketrainer-hoi-frame-grau\/#primaryimage\",\"url\":\"https:\/\/listings.mybikeplan.ch\/wp-content\/uploads\/2023\/12\/Kettler-Biketrainer-Hoi-Frame-2-1.jpg\",\"contentUrl\":\"https:\/\/listings.mybikeplan.ch\/wp-content\/uploads\/2023\/12\/Kettler-Biketrainer-Hoi-Frame-2-1.jpg\",\"width\":1000,\"height\":1000},{\"@type\":\"BreadcrumbList\",\"@id\":\"https:\/\/listings.mybikeplan.ch\/de\/produkt\/kettler-biketrainer-hoi-frame-grau\/#breadcrumb\",\"itemListElement\":[{\"@type\":\"ListItem\",\"position\":1,\"name\":\"Home\",\"item\":\"https:\/\/listings.mybikeplan.ch\/de\/\"},{\"@type\":\"ListItem\",\"position\":2,\"name\":\"Biketrainer Hoi Frame\"}]},{\"@type\":\"WebSite\",\"@id\":\"https:\/\/listings.mybikeplan.ch\/de\/#website\",\"url\":\"https:\/\/listings.mybikeplan.ch\/de\/\",\"name\":\"MyBikePlan\",\"description\":\"\",\"potentialAction\":[{\"@type\":\"SearchAction\",\"target\":{\"@type\":\"EntryPoint\",\"urlTemplate\":\"https:\/\/listings.mybikeplan.ch\/de\/?s={search_term_string}\"},\"query-input\":{\"@type\":\"PropertyValueSpecification\",\"valueRequired\":true,\"valueName\":\"search_term_string\"}}],\"inLanguage\":\"de\"}]}<\/script>\n<!-- \/ Yoast SEO plugin. -->","yoast_head_json":{"title":"Kettler Biketrainer Hoi Frame | MyHomePlan | M\u00f6bel online","description":"Bestelle jetzt den Kettler Biketrainer Hoi Frame f\u00fcr Dein Zuhause! \ud83d\uddf8 Zahle in monatlichen Raten mit 0 % Zins! \ud83d\uddf8 Gratis Lieferung! \ud83d\uddf8 Grosse Auswahl! \ud83d\uddf8","robots":{"index":"noindex","follow":"follow","max-snippet":"max-snippet:-1","max-image-preview":"max-image-preview:large","max-video-preview":"max-video-preview:-1"},"og_locale":"de_DE","og_type":"article","og_title":"Kettler Biketrainer Hoi Frame | MyHomePlan | M\u00f6bel online","og_description":"Bestelle jetzt den Kettler Biketrainer Hoi Frame f\u00fcr Dein Zuhause! \ud83d\uddf8 Zahle in monatlichen Raten mit 0 % Zins! \ud83d\uddf8 Gratis Lieferung! \ud83d\uddf8 Grosse Auswahl! \ud83d\uddf8","og_url":"https:\/\/listings.mybikeplan.ch\/de\/produkt\/kettler-biketrainer-hoi-frame-grau\/","og_site_name":"MyBikePlan","article_modified_time":"2023-12-01T10:03:41+00:00","og_image":[{"width":1000,"height":1000,"url":"https:\/\/listings.mybikeplan.ch\/wp-content\/uploads\/2023\/12\/Kettler-Biketrainer-Hoi-Frame-2-1.jpg","type":"image\/jpeg"}],"twitter_card":"summary_large_image","twitter_misc":{"Gesch\u00e4tzte Lesezeit":"1\u00a0Minute"},"schema":{"@context":"https:\/\/schema.org","@graph":[{"@type":"WebPage","@id":"https:\/\/listings.mybikeplan.ch\/de\/produkt\/kettler-biketrainer-hoi-frame-grau\/","url":"https:\/\/listings.mybikeplan.ch\/de\/produkt\/kettler-biketrainer-hoi-frame-grau\/","name":"Kettler Biketrainer Hoi Frame | MyHomePlan | M\u00f6bel online","isPartOf":{"@id":"https:\/\/listings.mybikeplan.ch\/de\/#website"},"primaryImageOfPage":{"@id":"https:\/\/listings.mybikeplan.ch\/de\/produkt\/kettler-biketrainer-hoi-frame-grau\/#primaryimage"},"image":{"@id":"https:\/\/listings.mybikeplan.ch\/de\/produkt\/kettler-biketrainer-hoi-frame-grau\/#primaryimage"},"thumbnailUrl":"https:\/\/listings.mybikeplan.ch\/wp-content\/uploads\/2023\/12\/Kettler-Biketrainer-Hoi-Frame-2-1.jpg","datePublished":"2023-12-01T09:52:14+00:00","dateModified":"2023-12-01T10:03:41+00:00","description":"Bestelle jetzt den Kettler Biketrainer Hoi Frame f\u00fcr Dein Zuhause! \ud83d\uddf8 Zahle in monatlichen Raten mit 0 % Zins! \ud83d\uddf8 Gratis Lieferung! \ud83d\uddf8 Grosse Auswahl! \ud83d\uddf8","breadcrumb":{"@id":"https:\/\/listings.mybikeplan.ch\/de\/produkt\/kettler-biketrainer-hoi-frame-grau\/#breadcrumb"},"inLanguage":"de","potentialAction":[{"@type":"ReadAction","target":["https:\/\/listings.mybikeplan.ch\/de\/produkt\/kettler-biketrainer-hoi-frame-grau\/"]}]},{"@type":"ImageObject","inLanguage":"de","@id":"https:\/\/listings.mybikeplan.ch\/de\/produkt\/kettler-biketrainer-hoi-frame-grau\/#primaryimage","url":"https:\/\/listings.mybikeplan.ch\/wp-content\/uploads\/2023\/12\/Kettler-Biketrainer-Hoi-Frame-2-1.jpg","contentUrl":"https:\/\/listings.mybikeplan.ch\/wp-content\/uploads\/2023\/12\/Kettler-Biketrainer-Hoi-Frame-2-1.jpg","width":1000,"height":1000},{"@type":"BreadcrumbList","@id":"https:\/\/listings.mybikeplan.ch\/de\/produkt\/kettler-biketrainer-hoi-frame-grau\/#breadcrumb","itemListElement":[{"@type":"ListItem","position":1,"name":"Home","item":"https:\/\/listings.mybikeplan.ch\/de\/"},{"@type":"ListItem","position":2,"name":"Biketrainer Hoi Frame"}]},{"@type":"WebSite","@id":"https:\/\/listings.mybikeplan.ch\/de\/#website","url":"https:\/\/listings.mybikeplan.ch\/de\/","name":"MyBikePlan","description":"","potentialAction":[{"@type":"SearchAction","target":{"@type":"EntryPoint","urlTemplate":"https:\/\/listings.mybikeplan.ch\/de\/?s={search_term_string}"},"query-input":{"@type":"PropertyValueSpecification","valueRequired":true,"valueName":"search_term_string"}}],"inLanguage":"de"}]}},"_links":{"self":[{"href":"https:\/\/listings.mybikeplan.ch\/de\/wp-json\/wp\/v2\/product\/54113","targetHints":{"allow":["GET"]}}],"collection":[{"href":"https:\/\/listings.mybikeplan.ch\/de\/wp-json\/wp\/v2\/product"}],"about":[{"href":"https:\/\/listings.mybikeplan.ch\/de\/wp-json\/wp\/v2\/types\/product"}],"replies":[{"embeddable":true,"href":"https:\/\/listings.mybikeplan.ch\/de\/wp-json\/wp\/v2\/comments?post=54113"}],"wp:featuredmedia":[{"embeddable":true,"href":"https:\/\/listings.mybikeplan.ch\/de\/wp-json\/wp\/v2\/media\/54119"}],"wp:attachment":[{"href":"https:\/\/listings.mybikeplan.ch\/de\/wp-json\/wp\/v2\/media?parent=54113"}],"wp:term":[{"taxonomy":"product_brand","embeddable":true,"href":"https:\/\/listings.mybikeplan.ch\/de\/wp-json\/wp\/v2\/product_brand?post=54113"},{"taxonomy":"product_cat","embeddable":true,"href":"https:\/\/listings.mybikeplan.ch\/de\/wp-json\/wp\/v2\/product_cat?post=54113"},{"taxonomy":"product_tag","embeddable":true,"href":"https:\/\/listings.mybikeplan.ch\/de\/wp-json\/wp\/v2\/product_tag?post=54113"}],"curies":[{"name":"wp","href":"https:\/\/api.w.org\/{rel}","templated":true}]}}