{"id":53539,"date":"2023-11-10T12:24:35","date_gmt":"2023-11-10T12:24:35","guid":{"rendered":"https:\/\/listings.mybikeplan.ch\/?post_type=product&#038;p=53539"},"modified":"2024-01-12T13:40:25","modified_gmt":"2024-01-12T13:40:25","slug":"kave-home-debra-sofa-mit-fussstuetze-weiss","status":"publish","type":"product","link":"https:\/\/listings.mybikeplan.ch\/de\/produkt\/kave-home-debra-sofa-mit-fussstuetze-weiss\/","title":{"rendered":"Debra Sofa mit Fussst\u00fctze"},"content":{"rendered":"<h2><b>Das Wichtigste zum Debra Sofa<\/b><b>:<\/b><\/h2>\n<ul>\n<li class=\"bullet-points__item\">3-Sitzer Sofa aus Samt mit Capitonn\u00e9-Polsterung, abnehmbaren Kissen und Beinen aus Buchenholz in Wenge-Optik.<\/li>\n<li>Inklusive Fussst\u00fctze<\/li>\n<li class=\"bullet-points__item\">Breite Sitzfl\u00e4che mit weicher Polsterung f\u00fcr maximalen Komfort.<\/li>\n<li class=\"bullet-points__item\">Lokale Herstellung. Mit handwerklichen Verfahren in Europa gefertigt, wodurch der CO2-Ausstoss und die Auswirkungen auf die Umwelt reduziert werden.<\/li>\n<\/ul>\n","protected":false},"excerpt":{"rendered":"<div class=\"details-row\">\n<div id=\"collapseMoreInformation\" class=\"show collapse\" aria-labelledby=\"headingOne\" data-parent=\"#product-information\">\n<div class=\"details-row\">\n<div id=\"collapseMoreInformation\" class=\"show collapse\" aria-labelledby=\"headingOne\" data-parent=\"#product-information\">\n<p>Ein trendiges St\u00fcck, das mit seiner Polsterung und den abnehmbaren Kissen f\u00fcr maximale Entspannung sorgt. Ein Muss f\u00fcr dein Wohnzimmer.<\/p>\n<\/div>\n<\/div>\n<\/div>\n<\/div>\n","protected":false},"featured_media":53557,"comment_status":"open","ping_status":"closed","template":"","meta":{"_acf_changed":false},"product_brand":[],"product_cat":[4453,4449,4447,4445,7175,4446],"product_tag":[],"class_list":{"0":"post-53539","1":"product","2":"type-product","3":"status-publish","4":"has-post-thumbnail","6":"product_cat-3-personen","7":"product_cat-marke-kave-home","8":"product_cat-marken-mysofaplan","9":"product_cat-mysofaplan","10":"product_cat-ohne-chaiselongue","11":"product_cat-sofa","12":"pa_brand-kave-home","13":"pa_dimensions-85-x-222-x-98-cm","14":"pa_filters-color-weiss","15":"pa_hex-color-908a85-produkt-kave-home-debra-sofa-mit-fussstuetze","16":"pa_hex-color-dcddd8","17":"pa_main-material-gewebe","18":"pa_materials-29-kiefernholz-pinus-pinaster-20-recycelter-fasern-16-spanplatte-e0-15-polyurethanschaum-10-gewebe-5-buchenholz-fagus-sylvatica-5-gurtband","19":"pa_seat-tube-length-3-sitzer","20":"pa_sofa-size-200-250-cm","21":"pa_weight-38-kg","23":"first","24":"instock","25":"shipping-taxable","26":"purchasable","27":"product-type-variable"},"acf":{"short_description":"Das Debra Sofa kombiniert das Beste des klassischen Mid Century Designs mit einem v\u00f6llig erneuerten urbanen Stil.","bike_name":"Kave Home Debra Sofa","highlight_text":""},"yoast_head":"<!-- This site is optimized with the Yoast SEO plugin v24.5 - https:\/\/yoast.com\/wordpress\/plugins\/seo\/ -->\n<title>Kave Home Debra Sofa | MyHomePlan | M\u00f6bel online kaufen<\/title>\n<meta name=\"description\" content=\"Bestelle jetzt das Kave Home Debra Sofa f\u00fcr Dein Zuhause! \ud83d\uddf8 Zahle in monatlichen Raten mit 0 % Zins! \ud83d\uddf8 Gratis Heimlieferung! \ud83d\uddf8 Grosse Auswahl! \ud83d\uddf8\" \/>\n<meta name=\"robots\" content=\"noindex, follow, max-snippet:-1, max-image-preview:large, max-video-preview:-1\" \/>\n<meta property=\"og:locale\" content=\"de_DE\" \/>\n<meta property=\"og:type\" content=\"article\" \/>\n<meta property=\"og:title\" content=\"Kave Home Debra Sofa | MyHomePlan | M\u00f6bel online kaufen\" \/>\n<meta property=\"og:description\" content=\"Bestelle jetzt das Kave Home Debra Sofa f\u00fcr Dein Zuhause! \ud83d\uddf8 Zahle in monatlichen Raten mit 0 % Zins! \ud83d\uddf8 Gratis Heimlieferung! \ud83d\uddf8 Grosse Auswahl! \ud83d\uddf8\" \/>\n<meta property=\"og:url\" content=\"https:\/\/listings.mybikeplan.ch\/de\/produkt\/kave-home-debra-sofa-mit-fussstuetze-weiss\/\" \/>\n<meta property=\"og:site_name\" content=\"MyBikePlan\" \/>\n<meta property=\"article:modified_time\" content=\"2024-01-12T13:40:25+00:00\" \/>\n<meta property=\"og:image\" content=\"https:\/\/listings.mybikeplan.ch\/wp-content\/uploads\/2023\/11\/Kave-Home-Debra-Sofa-mit-Fussstutze.jpg\" \/>\n\t<meta property=\"og:image:width\" content=\"1000\" \/>\n\t<meta property=\"og:image:height\" content=\"1000\" \/>\n\t<meta property=\"og:image:type\" content=\"image\/jpeg\" \/>\n<meta name=\"twitter:card\" content=\"summary_large_image\" \/>\n<meta name=\"twitter:label1\" content=\"Gesch\u00e4tzte Lesezeit\" \/>\n\t<meta name=\"twitter:data1\" content=\"1\u00a0Minute\" \/>\n<script type=\"application\/ld+json\" class=\"yoast-schema-graph\">{\"@context\":\"https:\/\/schema.org\",\"@graph\":[{\"@type\":\"WebPage\",\"@id\":\"https:\/\/listings.mybikeplan.ch\/de\/produkt\/kave-home-debra-sofa-mit-fussstuetze-weiss\/\",\"url\":\"https:\/\/listings.mybikeplan.ch\/de\/produkt\/kave-home-debra-sofa-mit-fussstuetze-weiss\/\",\"name\":\"Kave Home Debra Sofa | MyHomePlan | M\u00f6bel online kaufen\",\"isPartOf\":{\"@id\":\"https:\/\/listings.mybikeplan.ch\/de\/#website\"},\"primaryImageOfPage\":{\"@id\":\"https:\/\/listings.mybikeplan.ch\/de\/produkt\/kave-home-debra-sofa-mit-fussstuetze-weiss\/#primaryimage\"},\"image\":{\"@id\":\"https:\/\/listings.mybikeplan.ch\/de\/produkt\/kave-home-debra-sofa-mit-fussstuetze-weiss\/#primaryimage\"},\"thumbnailUrl\":\"https:\/\/listings.mybikeplan.ch\/wp-content\/uploads\/2023\/11\/Kave-Home-Debra-Sofa-mit-Fussstutze.jpg\",\"datePublished\":\"2023-11-10T12:24:35+00:00\",\"dateModified\":\"2024-01-12T13:40:25+00:00\",\"description\":\"Bestelle jetzt das Kave Home Debra Sofa f\u00fcr Dein Zuhause! \ud83d\uddf8 Zahle in monatlichen Raten mit 0 % Zins! \ud83d\uddf8 Gratis Heimlieferung! \ud83d\uddf8 Grosse Auswahl! \ud83d\uddf8\",\"breadcrumb\":{\"@id\":\"https:\/\/listings.mybikeplan.ch\/de\/produkt\/kave-home-debra-sofa-mit-fussstuetze-weiss\/#breadcrumb\"},\"inLanguage\":\"de\",\"potentialAction\":[{\"@type\":\"ReadAction\",\"target\":[\"https:\/\/listings.mybikeplan.ch\/de\/produkt\/kave-home-debra-sofa-mit-fussstuetze-weiss\/\"]}]},{\"@type\":\"ImageObject\",\"inLanguage\":\"de\",\"@id\":\"https:\/\/listings.mybikeplan.ch\/de\/produkt\/kave-home-debra-sofa-mit-fussstuetze-weiss\/#primaryimage\",\"url\":\"https:\/\/listings.mybikeplan.ch\/wp-content\/uploads\/2023\/11\/Kave-Home-Debra-Sofa-mit-Fussstutze.jpg\",\"contentUrl\":\"https:\/\/listings.mybikeplan.ch\/wp-content\/uploads\/2023\/11\/Kave-Home-Debra-Sofa-mit-Fussstutze.jpg\",\"width\":1000,\"height\":1000},{\"@type\":\"BreadcrumbList\",\"@id\":\"https:\/\/listings.mybikeplan.ch\/de\/produkt\/kave-home-debra-sofa-mit-fussstuetze-weiss\/#breadcrumb\",\"itemListElement\":[{\"@type\":\"ListItem\",\"position\":1,\"name\":\"Home\",\"item\":\"https:\/\/listings.mybikeplan.ch\/de\/\"},{\"@type\":\"ListItem\",\"position\":2,\"name\":\"Debra Sofa mit Fussst\u00fctze\"}]},{\"@type\":\"WebSite\",\"@id\":\"https:\/\/listings.mybikeplan.ch\/de\/#website\",\"url\":\"https:\/\/listings.mybikeplan.ch\/de\/\",\"name\":\"MyBikePlan\",\"description\":\"\",\"potentialAction\":[{\"@type\":\"SearchAction\",\"target\":{\"@type\":\"EntryPoint\",\"urlTemplate\":\"https:\/\/listings.mybikeplan.ch\/de\/?s={search_term_string}\"},\"query-input\":{\"@type\":\"PropertyValueSpecification\",\"valueRequired\":true,\"valueName\":\"search_term_string\"}}],\"inLanguage\":\"de\"}]}<\/script>\n<!-- \/ Yoast SEO plugin. -->","yoast_head_json":{"title":"Kave Home Debra Sofa | MyHomePlan | M\u00f6bel online kaufen","description":"Bestelle jetzt das Kave Home Debra Sofa f\u00fcr Dein Zuhause! \ud83d\uddf8 Zahle in monatlichen Raten mit 0 % Zins! \ud83d\uddf8 Gratis Heimlieferung! \ud83d\uddf8 Grosse Auswahl! \ud83d\uddf8","robots":{"index":"noindex","follow":"follow","max-snippet":"max-snippet:-1","max-image-preview":"max-image-preview:large","max-video-preview":"max-video-preview:-1"},"og_locale":"de_DE","og_type":"article","og_title":"Kave Home Debra Sofa | MyHomePlan | M\u00f6bel online kaufen","og_description":"Bestelle jetzt das Kave Home Debra Sofa f\u00fcr Dein Zuhause! \ud83d\uddf8 Zahle in monatlichen Raten mit 0 % Zins! \ud83d\uddf8 Gratis Heimlieferung! \ud83d\uddf8 Grosse Auswahl! \ud83d\uddf8","og_url":"https:\/\/listings.mybikeplan.ch\/de\/produkt\/kave-home-debra-sofa-mit-fussstuetze-weiss\/","og_site_name":"MyBikePlan","article_modified_time":"2024-01-12T13:40:25+00:00","og_image":[{"width":1000,"height":1000,"url":"https:\/\/listings.mybikeplan.ch\/wp-content\/uploads\/2023\/11\/Kave-Home-Debra-Sofa-mit-Fussstutze.jpg","type":"image\/jpeg"}],"twitter_card":"summary_large_image","twitter_misc":{"Gesch\u00e4tzte Lesezeit":"1\u00a0Minute"},"schema":{"@context":"https:\/\/schema.org","@graph":[{"@type":"WebPage","@id":"https:\/\/listings.mybikeplan.ch\/de\/produkt\/kave-home-debra-sofa-mit-fussstuetze-weiss\/","url":"https:\/\/listings.mybikeplan.ch\/de\/produkt\/kave-home-debra-sofa-mit-fussstuetze-weiss\/","name":"Kave Home Debra Sofa | MyHomePlan | M\u00f6bel online kaufen","isPartOf":{"@id":"https:\/\/listings.mybikeplan.ch\/de\/#website"},"primaryImageOfPage":{"@id":"https:\/\/listings.mybikeplan.ch\/de\/produkt\/kave-home-debra-sofa-mit-fussstuetze-weiss\/#primaryimage"},"image":{"@id":"https:\/\/listings.mybikeplan.ch\/de\/produkt\/kave-home-debra-sofa-mit-fussstuetze-weiss\/#primaryimage"},"thumbnailUrl":"https:\/\/listings.mybikeplan.ch\/wp-content\/uploads\/2023\/11\/Kave-Home-Debra-Sofa-mit-Fussstutze.jpg","datePublished":"2023-11-10T12:24:35+00:00","dateModified":"2024-01-12T13:40:25+00:00","description":"Bestelle jetzt das Kave Home Debra Sofa f\u00fcr Dein Zuhause! \ud83d\uddf8 Zahle in monatlichen Raten mit 0 % Zins! \ud83d\uddf8 Gratis Heimlieferung! \ud83d\uddf8 Grosse Auswahl! \ud83d\uddf8","breadcrumb":{"@id":"https:\/\/listings.mybikeplan.ch\/de\/produkt\/kave-home-debra-sofa-mit-fussstuetze-weiss\/#breadcrumb"},"inLanguage":"de","potentialAction":[{"@type":"ReadAction","target":["https:\/\/listings.mybikeplan.ch\/de\/produkt\/kave-home-debra-sofa-mit-fussstuetze-weiss\/"]}]},{"@type":"ImageObject","inLanguage":"de","@id":"https:\/\/listings.mybikeplan.ch\/de\/produkt\/kave-home-debra-sofa-mit-fussstuetze-weiss\/#primaryimage","url":"https:\/\/listings.mybikeplan.ch\/wp-content\/uploads\/2023\/11\/Kave-Home-Debra-Sofa-mit-Fussstutze.jpg","contentUrl":"https:\/\/listings.mybikeplan.ch\/wp-content\/uploads\/2023\/11\/Kave-Home-Debra-Sofa-mit-Fussstutze.jpg","width":1000,"height":1000},{"@type":"BreadcrumbList","@id":"https:\/\/listings.mybikeplan.ch\/de\/produkt\/kave-home-debra-sofa-mit-fussstuetze-weiss\/#breadcrumb","itemListElement":[{"@type":"ListItem","position":1,"name":"Home","item":"https:\/\/listings.mybikeplan.ch\/de\/"},{"@type":"ListItem","position":2,"name":"Debra Sofa mit Fussst\u00fctze"}]},{"@type":"WebSite","@id":"https:\/\/listings.mybikeplan.ch\/de\/#website","url":"https:\/\/listings.mybikeplan.ch\/de\/","name":"MyBikePlan","description":"","potentialAction":[{"@type":"SearchAction","target":{"@type":"EntryPoint","urlTemplate":"https:\/\/listings.mybikeplan.ch\/de\/?s={search_term_string}"},"query-input":{"@type":"PropertyValueSpecification","valueRequired":true,"valueName":"search_term_string"}}],"inLanguage":"de"}]}},"_links":{"self":[{"href":"https:\/\/listings.mybikeplan.ch\/de\/wp-json\/wp\/v2\/product\/53539","targetHints":{"allow":["GET"]}}],"collection":[{"href":"https:\/\/listings.mybikeplan.ch\/de\/wp-json\/wp\/v2\/product"}],"about":[{"href":"https:\/\/listings.mybikeplan.ch\/de\/wp-json\/wp\/v2\/types\/product"}],"replies":[{"embeddable":true,"href":"https:\/\/listings.mybikeplan.ch\/de\/wp-json\/wp\/v2\/comments?post=53539"}],"wp:featuredmedia":[{"embeddable":true,"href":"https:\/\/listings.mybikeplan.ch\/de\/wp-json\/wp\/v2\/media\/53557"}],"wp:attachment":[{"href":"https:\/\/listings.mybikeplan.ch\/de\/wp-json\/wp\/v2\/media?parent=53539"}],"wp:term":[{"taxonomy":"product_brand","embeddable":true,"href":"https:\/\/listings.mybikeplan.ch\/de\/wp-json\/wp\/v2\/product_brand?post=53539"},{"taxonomy":"product_cat","embeddable":true,"href":"https:\/\/listings.mybikeplan.ch\/de\/wp-json\/wp\/v2\/product_cat?post=53539"},{"taxonomy":"product_tag","embeddable":true,"href":"https:\/\/listings.mybikeplan.ch\/de\/wp-json\/wp\/v2\/product_tag?post=53539"}],"curies":[{"name":"wp","href":"https:\/\/api.w.org\/{rel}","templated":true}]}}