{"id":53460,"date":"2023-11-10T12:11:48","date_gmt":"2023-11-10T12:11:48","guid":{"rendered":"https:\/\/listings.mybikeplan.ch\/?post_type=product&#038;p=53460"},"modified":"2024-01-12T13:41:01","modified_gmt":"2024-01-12T13:41:01","slug":"kave-home-blok-3-sitzer-sofa-l-form-rechts-grau","status":"publish","type":"product","link":"https:\/\/listings.mybikeplan.ch\/de\/produkt\/kave-home-blok-3-sitzer-sofa-l-form-rechts-grau\/","title":{"rendered":"Blok 3-Sitzer-Sofa L-Form rechts grau"},"content":{"rendered":"<h2><b>Das Wichtigste zum Blok<\/b><b>:<\/b><\/h2>\n<ul>\n<li>Polstersofa mit weiten Proportionen<\/li>\n<li>Erh\u00e4ltlich in verschiedenen Ausf\u00fchrungen und Farben<\/li>\n<li class=\"bullet-points__item\">Dank der hohen Abriebfestigkeit bleibt das Sofa lange Zeit perfekt.<\/li>\n<\/ul>\n","protected":false},"excerpt":{"rendered":"<div class=\"details-row\">\n<div id=\"collapseMoreInformation\" class=\"show collapse\" aria-labelledby=\"headingOne\" data-parent=\"#product-information\">\n<div id=\"collapseMoreInformation\" class=\"show collapse\" aria-labelledby=\"headingOne\" data-parent=\"#product-information\">\n<p>Blok? Blok! Was einfach klingt, ist umso genialer: Dieses Sofa hat alles, was Du von einem modernen Sofa erwarten kannst! Nicht nur ist es ultra-bequem, es ist auch enorm pflegeleicht und verf\u00fcgt \u00fcber ein einzigartiges Design. Was gibt es Sch\u00f6neres, als sich nach der Arbeit in die weichen Polsterkissen des Bloks sinken zu lassen und den Alltag hinter sich zu lassen? So und nicht anders geht Entspannung!<\/p>\n<\/div>\n<p>Du hast Fragen zum Blok oder den unterschiedlichen Ausf\u00fchrungen? Kein Problem, wir sind f\u00fcr Dich da! Schreib uns einfach eine E-Mail unter hello@myhomeplan.ch und wir helfen Dir weiter!<\/p>\n<\/div>\n<\/div>\n","protected":false},"featured_media":53493,"comment_status":"open","ping_status":"closed","template":"","meta":{"_acf_changed":false},"product_brand":[],"product_cat":[4453,7127,4449,4447,4445,4446,7126],"product_tag":[],"class_list":{"0":"post-53460","1":"product","2":"type-product","3":"status-publish","4":"has-post-thumbnail","6":"product_cat-3-personen","7":"product_cat-l-form-rechts","8":"product_cat-marke-kave-home","9":"product_cat-marken-mysofaplan","10":"product_cat-mysofaplan","11":"product_cat-sofa","12":"product_cat-sofa-form","13":"pa_brand-kave-home","14":"pa_dimensions-69-x-300-x-174-cm","15":"pa_filters-color-grau","16":"pa_hex-color-4c552d-produkt-kave-home-blok-3-sitzer-sofa-l-form-rechts-gruen","17":"pa_hex-color-948f8f","18":"pa_hex-color-a68983-produkt-kave-home-blok-3-sitzer-sofa-l-form-rechts-pink","19":"pa_hex-color-c2b9aa-produkt-kave-hone-blok-3-sitzer-sofa-l-form-rechts-beige","20":"pa_main-material-gewebe","21":"pa_materials-30-kiefernholz-pinus-pinaster-25-polyurethanschaum-15-gewebe-14-acrylfasern-11-spanplatte-e0-5-kunststoff","22":"pa_seat-tube-length-3-sitzer","23":"pa_sofa-size-250-300-cm","24":"pa_weight-1273-kg","26":"first","27":"instock","28":"shipping-taxable","29":"purchasable","30":"product-type-variable"},"acf":{"short_description":"Ein bequemer und stilvoller Platz in Deinem Wohnzimmer: Das ist das Blok Sofa! Sorg f\u00fcr Deine verdiente Erholung mit diesem ultra-bequemen Polstersofa.","bike_name":"Kave Home Blok 4-Sitzer-Sofa","highlight_text":""},"yoast_head":"<!-- This site is optimized with the Yoast SEO plugin v24.5 - https:\/\/yoast.com\/wordpress\/plugins\/seo\/ -->\n<title>Kave Home Blok 3-Sitzer-Sofa | MyHomePlan | online kaufen<\/title>\n<meta name=\"description\" content=\"Bestelle jetzt das Kave Home Blok 3-Sitzer-Sofa f\u00fcr Dein Zuhause! \ud83d\uddf8 Zahle in monatlichen Raten mit 0 % Zins! \ud83d\uddf8 Gratis Heimlieferung! \ud83d\uddf8 Grosse Auswahl! \ud83d\uddf8\" \/>\n<meta name=\"robots\" content=\"noindex, follow, max-snippet:-1, max-image-preview:large, max-video-preview:-1\" \/>\n<meta property=\"og:locale\" content=\"de_DE\" \/>\n<meta property=\"og:type\" content=\"article\" \/>\n<meta property=\"og:title\" content=\"Kave Home Blok 3-Sitzer-Sofa | MyHomePlan | online kaufen\" \/>\n<meta property=\"og:description\" content=\"Bestelle jetzt das Kave Home Blok 3-Sitzer-Sofa f\u00fcr Dein Zuhause! \ud83d\uddf8 Zahle in monatlichen Raten mit 0 % Zins! \ud83d\uddf8 Gratis Heimlieferung! \ud83d\uddf8 Grosse Auswahl! \ud83d\uddf8\" \/>\n<meta property=\"og:url\" content=\"https:\/\/listings.mybikeplan.ch\/de\/produkt\/kave-home-blok-3-sitzer-sofa-l-form-rechts-grau\/\" \/>\n<meta property=\"og:site_name\" content=\"MyBikePlan\" \/>\n<meta property=\"article:modified_time\" content=\"2024-01-12T13:41:01+00:00\" \/>\n<meta property=\"og:image\" content=\"https:\/\/listings.mybikeplan.ch\/wp-content\/uploads\/2023\/11\/Kave-Home-Blok-3-Sitzer-Sofa-L-Form-links-16.jpg\" \/>\n\t<meta property=\"og:image:width\" content=\"1000\" \/>\n\t<meta property=\"og:image:height\" content=\"1000\" \/>\n\t<meta property=\"og:image:type\" content=\"image\/jpeg\" \/>\n<meta name=\"twitter:card\" content=\"summary_large_image\" \/>\n<meta name=\"twitter:label1\" content=\"Gesch\u00e4tzte Lesezeit\" \/>\n\t<meta name=\"twitter:data1\" content=\"1\u00a0Minute\" \/>\n<script type=\"application\/ld+json\" class=\"yoast-schema-graph\">{\"@context\":\"https:\/\/schema.org\",\"@graph\":[{\"@type\":\"WebPage\",\"@id\":\"https:\/\/listings.mybikeplan.ch\/de\/produkt\/kave-home-blok-3-sitzer-sofa-l-form-rechts-grau\/\",\"url\":\"https:\/\/listings.mybikeplan.ch\/de\/produkt\/kave-home-blok-3-sitzer-sofa-l-form-rechts-grau\/\",\"name\":\"Kave Home Blok 3-Sitzer-Sofa | MyHomePlan | online kaufen\",\"isPartOf\":{\"@id\":\"https:\/\/listings.mybikeplan.ch\/de\/#website\"},\"primaryImageOfPage\":{\"@id\":\"https:\/\/listings.mybikeplan.ch\/de\/produkt\/kave-home-blok-3-sitzer-sofa-l-form-rechts-grau\/#primaryimage\"},\"image\":{\"@id\":\"https:\/\/listings.mybikeplan.ch\/de\/produkt\/kave-home-blok-3-sitzer-sofa-l-form-rechts-grau\/#primaryimage\"},\"thumbnailUrl\":\"https:\/\/listings.mybikeplan.ch\/wp-content\/uploads\/2023\/11\/Kave-Home-Blok-3-Sitzer-Sofa-L-Form-links-16.jpg\",\"datePublished\":\"2023-11-10T12:11:48+00:00\",\"dateModified\":\"2024-01-12T13:41:01+00:00\",\"description\":\"Bestelle jetzt das Kave Home Blok 3-Sitzer-Sofa f\u00fcr Dein Zuhause! \ud83d\uddf8 Zahle in monatlichen Raten mit 0 % Zins! \ud83d\uddf8 Gratis Heimlieferung! \ud83d\uddf8 Grosse Auswahl! \ud83d\uddf8\",\"breadcrumb\":{\"@id\":\"https:\/\/listings.mybikeplan.ch\/de\/produkt\/kave-home-blok-3-sitzer-sofa-l-form-rechts-grau\/#breadcrumb\"},\"inLanguage\":\"de\",\"potentialAction\":[{\"@type\":\"ReadAction\",\"target\":[\"https:\/\/listings.mybikeplan.ch\/de\/produkt\/kave-home-blok-3-sitzer-sofa-l-form-rechts-grau\/\"]}]},{\"@type\":\"ImageObject\",\"inLanguage\":\"de\",\"@id\":\"https:\/\/listings.mybikeplan.ch\/de\/produkt\/kave-home-blok-3-sitzer-sofa-l-form-rechts-grau\/#primaryimage\",\"url\":\"https:\/\/listings.mybikeplan.ch\/wp-content\/uploads\/2023\/11\/Kave-Home-Blok-3-Sitzer-Sofa-L-Form-links-16.jpg\",\"contentUrl\":\"https:\/\/listings.mybikeplan.ch\/wp-content\/uploads\/2023\/11\/Kave-Home-Blok-3-Sitzer-Sofa-L-Form-links-16.jpg\",\"width\":1000,\"height\":1000},{\"@type\":\"BreadcrumbList\",\"@id\":\"https:\/\/listings.mybikeplan.ch\/de\/produkt\/kave-home-blok-3-sitzer-sofa-l-form-rechts-grau\/#breadcrumb\",\"itemListElement\":[{\"@type\":\"ListItem\",\"position\":1,\"name\":\"Home\",\"item\":\"https:\/\/listings.mybikeplan.ch\/de\/\"},{\"@type\":\"ListItem\",\"position\":2,\"name\":\"Blok 3-Sitzer-Sofa L-Form rechts grau\"}]},{\"@type\":\"WebSite\",\"@id\":\"https:\/\/listings.mybikeplan.ch\/de\/#website\",\"url\":\"https:\/\/listings.mybikeplan.ch\/de\/\",\"name\":\"MyBikePlan\",\"description\":\"\",\"potentialAction\":[{\"@type\":\"SearchAction\",\"target\":{\"@type\":\"EntryPoint\",\"urlTemplate\":\"https:\/\/listings.mybikeplan.ch\/de\/?s={search_term_string}\"},\"query-input\":{\"@type\":\"PropertyValueSpecification\",\"valueRequired\":true,\"valueName\":\"search_term_string\"}}],\"inLanguage\":\"de\"}]}<\/script>\n<!-- \/ Yoast SEO plugin. -->","yoast_head_json":{"title":"Kave Home Blok 3-Sitzer-Sofa | MyHomePlan | online kaufen","description":"Bestelle jetzt das Kave Home Blok 3-Sitzer-Sofa f\u00fcr Dein Zuhause! \ud83d\uddf8 Zahle in monatlichen Raten mit 0 % Zins! \ud83d\uddf8 Gratis Heimlieferung! \ud83d\uddf8 Grosse Auswahl! \ud83d\uddf8","robots":{"index":"noindex","follow":"follow","max-snippet":"max-snippet:-1","max-image-preview":"max-image-preview:large","max-video-preview":"max-video-preview:-1"},"og_locale":"de_DE","og_type":"article","og_title":"Kave Home Blok 3-Sitzer-Sofa | MyHomePlan | online kaufen","og_description":"Bestelle jetzt das Kave Home Blok 3-Sitzer-Sofa f\u00fcr Dein Zuhause! \ud83d\uddf8 Zahle in monatlichen Raten mit 0 % Zins! \ud83d\uddf8 Gratis Heimlieferung! \ud83d\uddf8 Grosse Auswahl! \ud83d\uddf8","og_url":"https:\/\/listings.mybikeplan.ch\/de\/produkt\/kave-home-blok-3-sitzer-sofa-l-form-rechts-grau\/","og_site_name":"MyBikePlan","article_modified_time":"2024-01-12T13:41:01+00:00","og_image":[{"width":1000,"height":1000,"url":"https:\/\/listings.mybikeplan.ch\/wp-content\/uploads\/2023\/11\/Kave-Home-Blok-3-Sitzer-Sofa-L-Form-links-16.jpg","type":"image\/jpeg"}],"twitter_card":"summary_large_image","twitter_misc":{"Gesch\u00e4tzte Lesezeit":"1\u00a0Minute"},"schema":{"@context":"https:\/\/schema.org","@graph":[{"@type":"WebPage","@id":"https:\/\/listings.mybikeplan.ch\/de\/produkt\/kave-home-blok-3-sitzer-sofa-l-form-rechts-grau\/","url":"https:\/\/listings.mybikeplan.ch\/de\/produkt\/kave-home-blok-3-sitzer-sofa-l-form-rechts-grau\/","name":"Kave Home Blok 3-Sitzer-Sofa | MyHomePlan | online kaufen","isPartOf":{"@id":"https:\/\/listings.mybikeplan.ch\/de\/#website"},"primaryImageOfPage":{"@id":"https:\/\/listings.mybikeplan.ch\/de\/produkt\/kave-home-blok-3-sitzer-sofa-l-form-rechts-grau\/#primaryimage"},"image":{"@id":"https:\/\/listings.mybikeplan.ch\/de\/produkt\/kave-home-blok-3-sitzer-sofa-l-form-rechts-grau\/#primaryimage"},"thumbnailUrl":"https:\/\/listings.mybikeplan.ch\/wp-content\/uploads\/2023\/11\/Kave-Home-Blok-3-Sitzer-Sofa-L-Form-links-16.jpg","datePublished":"2023-11-10T12:11:48+00:00","dateModified":"2024-01-12T13:41:01+00:00","description":"Bestelle jetzt das Kave Home Blok 3-Sitzer-Sofa f\u00fcr Dein Zuhause! \ud83d\uddf8 Zahle in monatlichen Raten mit 0 % Zins! \ud83d\uddf8 Gratis Heimlieferung! \ud83d\uddf8 Grosse Auswahl! \ud83d\uddf8","breadcrumb":{"@id":"https:\/\/listings.mybikeplan.ch\/de\/produkt\/kave-home-blok-3-sitzer-sofa-l-form-rechts-grau\/#breadcrumb"},"inLanguage":"de","potentialAction":[{"@type":"ReadAction","target":["https:\/\/listings.mybikeplan.ch\/de\/produkt\/kave-home-blok-3-sitzer-sofa-l-form-rechts-grau\/"]}]},{"@type":"ImageObject","inLanguage":"de","@id":"https:\/\/listings.mybikeplan.ch\/de\/produkt\/kave-home-blok-3-sitzer-sofa-l-form-rechts-grau\/#primaryimage","url":"https:\/\/listings.mybikeplan.ch\/wp-content\/uploads\/2023\/11\/Kave-Home-Blok-3-Sitzer-Sofa-L-Form-links-16.jpg","contentUrl":"https:\/\/listings.mybikeplan.ch\/wp-content\/uploads\/2023\/11\/Kave-Home-Blok-3-Sitzer-Sofa-L-Form-links-16.jpg","width":1000,"height":1000},{"@type":"BreadcrumbList","@id":"https:\/\/listings.mybikeplan.ch\/de\/produkt\/kave-home-blok-3-sitzer-sofa-l-form-rechts-grau\/#breadcrumb","itemListElement":[{"@type":"ListItem","position":1,"name":"Home","item":"https:\/\/listings.mybikeplan.ch\/de\/"},{"@type":"ListItem","position":2,"name":"Blok 3-Sitzer-Sofa L-Form rechts grau"}]},{"@type":"WebSite","@id":"https:\/\/listings.mybikeplan.ch\/de\/#website","url":"https:\/\/listings.mybikeplan.ch\/de\/","name":"MyBikePlan","description":"","potentialAction":[{"@type":"SearchAction","target":{"@type":"EntryPoint","urlTemplate":"https:\/\/listings.mybikeplan.ch\/de\/?s={search_term_string}"},"query-input":{"@type":"PropertyValueSpecification","valueRequired":true,"valueName":"search_term_string"}}],"inLanguage":"de"}]}},"_links":{"self":[{"href":"https:\/\/listings.mybikeplan.ch\/de\/wp-json\/wp\/v2\/product\/53460","targetHints":{"allow":["GET"]}}],"collection":[{"href":"https:\/\/listings.mybikeplan.ch\/de\/wp-json\/wp\/v2\/product"}],"about":[{"href":"https:\/\/listings.mybikeplan.ch\/de\/wp-json\/wp\/v2\/types\/product"}],"replies":[{"embeddable":true,"href":"https:\/\/listings.mybikeplan.ch\/de\/wp-json\/wp\/v2\/comments?post=53460"}],"wp:featuredmedia":[{"embeddable":true,"href":"https:\/\/listings.mybikeplan.ch\/de\/wp-json\/wp\/v2\/media\/53493"}],"wp:attachment":[{"href":"https:\/\/listings.mybikeplan.ch\/de\/wp-json\/wp\/v2\/media?parent=53460"}],"wp:term":[{"taxonomy":"product_brand","embeddable":true,"href":"https:\/\/listings.mybikeplan.ch\/de\/wp-json\/wp\/v2\/product_brand?post=53460"},{"taxonomy":"product_cat","embeddable":true,"href":"https:\/\/listings.mybikeplan.ch\/de\/wp-json\/wp\/v2\/product_cat?post=53460"},{"taxonomy":"product_tag","embeddable":true,"href":"https:\/\/listings.mybikeplan.ch\/de\/wp-json\/wp\/v2\/product_tag?post=53460"}],"curies":[{"name":"wp","href":"https:\/\/api.w.org\/{rel}","templated":true}]}}