{"id":53023,"date":"2023-11-03T13:58:27","date_gmt":"2023-11-03T13:58:27","guid":{"rendered":"https:\/\/listings.mybikeplan.ch\/?post_type=product&#038;p=53023"},"modified":"2024-01-12T13:45:20","modified_gmt":"2024-01-12T13:45:20","slug":"bolia-noora-polstersofa-pastell-pink","status":"publish","type":"product","link":"https:\/\/listings.mybikeplan.ch\/de\/produkt\/bolia-noora-polstersofa-pastell-pink\/","title":{"rendered":"Noora Polstersofa Pastell"},"content":{"rendered":"<h2><b>Das Wichtigste zum Noora Polstersofa<\/b><b>:<\/b><\/h2>\n<ul>\n<li>Bezug: Soil, flach gewebt<\/li>\n<li>Herkunftsland: Slowakei<\/li>\n<li>Masse: 290 x 127 x 80 cm<\/li>\n<\/ul>\n","protected":false},"excerpt":{"rendered":"<div class=\"details-row\">\n<div id=\"collapseMoreInformation\" class=\"show collapse\" aria-labelledby=\"headingOne\" data-parent=\"#product-information\">\n<div class=\"mb-x1 heading-spacing\">\n<div class=\"mb-x1 heading-spacing\">\n<p>Eine Modulsofaserie, die alle Tr\u00e4ume von gutem Handwerk, \u00c4sthetik und Komfort erf\u00fcllt: Das ist das Noora Sofa. Schlichte und luxuri\u00f6se Formensprache mit sch\u00f6nen, handgefertigten Details, niedrigen Armlehnen und weich gepolsterten Sitz- und R\u00fcckenkissen. Aus FSC\u00ae-zertifiziertem Holz, entworfen, um lange zu halten \u2013 Jahr f\u00fcr Jahr.<\/p>\n<ul>\n<li>Schlichte und luxuri\u00f6se Formensprache<\/li>\n<li>Robustes Design mit Innenkonstruktion aus FSC\u00ae-zertifiziertem Holz<\/li>\n<\/ul>\n<\/div>\n<\/div>\n<\/div>\n<\/div>\n","protected":false},"featured_media":53034,"comment_status":"open","ping_status":"closed","template":"","meta":{"_acf_changed":false},"product_brand":[],"product_cat":[4452,4448,4447,4445,7175,4446],"product_tag":[],"class_list":{"0":"post-53023","1":"product","2":"type-product","3":"status-publish","4":"has-post-thumbnail","6":"product_cat-2-personen","7":"product_cat-marke-bolia","8":"product_cat-marken-mysofaplan","9":"product_cat-mysofaplan","10":"product_cat-ohne-chaiselongue","11":"product_cat-sofa","12":"pa_brand-bolia","13":"pa_dimensions-290-x-127-x-80-cm","14":"pa_filters-color-pink","15":"pa_hex-color-4e4a46-produkt-bolia-noora-polstersofa-pastell-braun","16":"pa_hex-color-616153-produkt-bolia-noora-polstersofa-pastell-dunkelgruen","17":"pa_hex-color-6f7b77-produkt-bolia-noora-polstersofa-pastell-gruen","18":"pa_hex-color-93858a","19":"pa_hex-color-b6aca0-produkt-bolia-noora-polstersofa-pastell-beige","20":"pa_main-material-soil-flach-gewebt","21":"pa_materials-60-recycled-polyethylene-40-polyester","22":"pa_seat-depth-84-cm","23":"pa_seat-height-43-cm","24":"pa_seat-tube-length-2-sitzer","25":"pa_sofa-size-250-300-cm","27":"first","28":"instock","29":"shipping-taxable","30":"purchasable","31":"product-type-variable"},"acf":{"short_description":"Eine Modulsofaserie, die alle Tr\u00e4ume von gutem Handwerk, \u00c4sthetik und Komfort erf\u00fcllt: Das ist das Noora Sofa.","bike_name":"Bolia Noora Sofa","highlight_text":""},"yoast_head":"<!-- This site is optimized with the Yoast SEO plugin v24.5 - https:\/\/yoast.com\/wordpress\/plugins\/seo\/ -->\n<title>Bolia Noora Sofa | MyHomePlan | M\u00f6bel online kaufen<\/title>\n<meta name=\"description\" content=\"Bestelle jetzt das Bolia Noora Sofa f\u00fcr Dein Zuhause! \ud83d\uddf8 Zahle in monatlichen Raten mit 0 % Zins! \ud83d\uddf8 Gratis Heimlieferung! \ud83d\uddf8 Grosse Auswahl!\" \/>\n<meta name=\"robots\" content=\"noindex, follow, max-snippet:-1, max-image-preview:large, max-video-preview:-1\" \/>\n<meta property=\"og:locale\" content=\"de_DE\" \/>\n<meta property=\"og:type\" content=\"article\" \/>\n<meta property=\"og:title\" content=\"Bolia Noora Sofa | MyHomePlan | M\u00f6bel online kaufen\" \/>\n<meta property=\"og:description\" content=\"Bestelle jetzt das Bolia Noora Sofa f\u00fcr Dein Zuhause! \ud83d\uddf8 Zahle in monatlichen Raten mit 0 % Zins! \ud83d\uddf8 Gratis Heimlieferung! \ud83d\uddf8 Grosse Auswahl!\" \/>\n<meta property=\"og:url\" content=\"https:\/\/listings.mybikeplan.ch\/de\/produkt\/bolia-noora-polstersofa-pastell-pink\/\" \/>\n<meta property=\"og:site_name\" content=\"MyBikePlan\" \/>\n<meta property=\"article:modified_time\" content=\"2024-01-12T13:45:20+00:00\" \/>\n<meta property=\"og:image\" content=\"https:\/\/listings.mybikeplan.ch\/wp-content\/uploads\/2023\/11\/Bolia-Noora-Polstersofa-Pastell-Pink-3.jpg\" \/>\n\t<meta property=\"og:image:width\" content=\"1000\" \/>\n\t<meta property=\"og:image:height\" content=\"1000\" \/>\n\t<meta property=\"og:image:type\" content=\"image\/jpeg\" \/>\n<meta name=\"twitter:card\" content=\"summary_large_image\" \/>\n<meta name=\"twitter:label1\" content=\"Gesch\u00e4tzte Lesezeit\" \/>\n\t<meta name=\"twitter:data1\" content=\"1\u00a0Minute\" \/>\n<script type=\"application\/ld+json\" class=\"yoast-schema-graph\">{\"@context\":\"https:\/\/schema.org\",\"@graph\":[{\"@type\":\"WebPage\",\"@id\":\"https:\/\/listings.mybikeplan.ch\/de\/produkt\/bolia-noora-polstersofa-pastell-pink\/\",\"url\":\"https:\/\/listings.mybikeplan.ch\/de\/produkt\/bolia-noora-polstersofa-pastell-pink\/\",\"name\":\"Bolia Noora Sofa | MyHomePlan | M\u00f6bel online kaufen\",\"isPartOf\":{\"@id\":\"https:\/\/listings.mybikeplan.ch\/de\/#website\"},\"primaryImageOfPage\":{\"@id\":\"https:\/\/listings.mybikeplan.ch\/de\/produkt\/bolia-noora-polstersofa-pastell-pink\/#primaryimage\"},\"image\":{\"@id\":\"https:\/\/listings.mybikeplan.ch\/de\/produkt\/bolia-noora-polstersofa-pastell-pink\/#primaryimage\"},\"thumbnailUrl\":\"https:\/\/listings.mybikeplan.ch\/wp-content\/uploads\/2023\/11\/Bolia-Noora-Polstersofa-Pastell-Pink-3.jpg\",\"datePublished\":\"2023-11-03T13:58:27+00:00\",\"dateModified\":\"2024-01-12T13:45:20+00:00\",\"description\":\"Bestelle jetzt das Bolia Noora Sofa f\u00fcr Dein Zuhause! \ud83d\uddf8 Zahle in monatlichen Raten mit 0 % Zins! \ud83d\uddf8 Gratis Heimlieferung! \ud83d\uddf8 Grosse Auswahl!\",\"breadcrumb\":{\"@id\":\"https:\/\/listings.mybikeplan.ch\/de\/produkt\/bolia-noora-polstersofa-pastell-pink\/#breadcrumb\"},\"inLanguage\":\"de\",\"potentialAction\":[{\"@type\":\"ReadAction\",\"target\":[\"https:\/\/listings.mybikeplan.ch\/de\/produkt\/bolia-noora-polstersofa-pastell-pink\/\"]}]},{\"@type\":\"ImageObject\",\"inLanguage\":\"de\",\"@id\":\"https:\/\/listings.mybikeplan.ch\/de\/produkt\/bolia-noora-polstersofa-pastell-pink\/#primaryimage\",\"url\":\"https:\/\/listings.mybikeplan.ch\/wp-content\/uploads\/2023\/11\/Bolia-Noora-Polstersofa-Pastell-Pink-3.jpg\",\"contentUrl\":\"https:\/\/listings.mybikeplan.ch\/wp-content\/uploads\/2023\/11\/Bolia-Noora-Polstersofa-Pastell-Pink-3.jpg\",\"width\":1000,\"height\":1000,\"caption\":\"pinkes Polstersofa mit Kissen\"},{\"@type\":\"BreadcrumbList\",\"@id\":\"https:\/\/listings.mybikeplan.ch\/de\/produkt\/bolia-noora-polstersofa-pastell-pink\/#breadcrumb\",\"itemListElement\":[{\"@type\":\"ListItem\",\"position\":1,\"name\":\"Home\",\"item\":\"https:\/\/listings.mybikeplan.ch\/de\/\"},{\"@type\":\"ListItem\",\"position\":2,\"name\":\"Noora Polstersofa Pastell\"}]},{\"@type\":\"WebSite\",\"@id\":\"https:\/\/listings.mybikeplan.ch\/de\/#website\",\"url\":\"https:\/\/listings.mybikeplan.ch\/de\/\",\"name\":\"MyBikePlan\",\"description\":\"\",\"potentialAction\":[{\"@type\":\"SearchAction\",\"target\":{\"@type\":\"EntryPoint\",\"urlTemplate\":\"https:\/\/listings.mybikeplan.ch\/de\/?s={search_term_string}\"},\"query-input\":{\"@type\":\"PropertyValueSpecification\",\"valueRequired\":true,\"valueName\":\"search_term_string\"}}],\"inLanguage\":\"de\"}]}<\/script>\n<!-- \/ Yoast SEO plugin. -->","yoast_head_json":{"title":"Bolia Noora Sofa | MyHomePlan | M\u00f6bel online kaufen","description":"Bestelle jetzt das Bolia Noora Sofa f\u00fcr Dein Zuhause! \ud83d\uddf8 Zahle in monatlichen Raten mit 0 % Zins! \ud83d\uddf8 Gratis Heimlieferung! \ud83d\uddf8 Grosse Auswahl!","robots":{"index":"noindex","follow":"follow","max-snippet":"max-snippet:-1","max-image-preview":"max-image-preview:large","max-video-preview":"max-video-preview:-1"},"og_locale":"de_DE","og_type":"article","og_title":"Bolia Noora Sofa | MyHomePlan | M\u00f6bel online kaufen","og_description":"Bestelle jetzt das Bolia Noora Sofa f\u00fcr Dein Zuhause! \ud83d\uddf8 Zahle in monatlichen Raten mit 0 % Zins! \ud83d\uddf8 Gratis Heimlieferung! \ud83d\uddf8 Grosse Auswahl!","og_url":"https:\/\/listings.mybikeplan.ch\/de\/produkt\/bolia-noora-polstersofa-pastell-pink\/","og_site_name":"MyBikePlan","article_modified_time":"2024-01-12T13:45:20+00:00","og_image":[{"width":1000,"height":1000,"url":"https:\/\/listings.mybikeplan.ch\/wp-content\/uploads\/2023\/11\/Bolia-Noora-Polstersofa-Pastell-Pink-3.jpg","type":"image\/jpeg"}],"twitter_card":"summary_large_image","twitter_misc":{"Gesch\u00e4tzte Lesezeit":"1\u00a0Minute"},"schema":{"@context":"https:\/\/schema.org","@graph":[{"@type":"WebPage","@id":"https:\/\/listings.mybikeplan.ch\/de\/produkt\/bolia-noora-polstersofa-pastell-pink\/","url":"https:\/\/listings.mybikeplan.ch\/de\/produkt\/bolia-noora-polstersofa-pastell-pink\/","name":"Bolia Noora Sofa | MyHomePlan | M\u00f6bel online kaufen","isPartOf":{"@id":"https:\/\/listings.mybikeplan.ch\/de\/#website"},"primaryImageOfPage":{"@id":"https:\/\/listings.mybikeplan.ch\/de\/produkt\/bolia-noora-polstersofa-pastell-pink\/#primaryimage"},"image":{"@id":"https:\/\/listings.mybikeplan.ch\/de\/produkt\/bolia-noora-polstersofa-pastell-pink\/#primaryimage"},"thumbnailUrl":"https:\/\/listings.mybikeplan.ch\/wp-content\/uploads\/2023\/11\/Bolia-Noora-Polstersofa-Pastell-Pink-3.jpg","datePublished":"2023-11-03T13:58:27+00:00","dateModified":"2024-01-12T13:45:20+00:00","description":"Bestelle jetzt das Bolia Noora Sofa f\u00fcr Dein Zuhause! \ud83d\uddf8 Zahle in monatlichen Raten mit 0 % Zins! \ud83d\uddf8 Gratis Heimlieferung! \ud83d\uddf8 Grosse Auswahl!","breadcrumb":{"@id":"https:\/\/listings.mybikeplan.ch\/de\/produkt\/bolia-noora-polstersofa-pastell-pink\/#breadcrumb"},"inLanguage":"de","potentialAction":[{"@type":"ReadAction","target":["https:\/\/listings.mybikeplan.ch\/de\/produkt\/bolia-noora-polstersofa-pastell-pink\/"]}]},{"@type":"ImageObject","inLanguage":"de","@id":"https:\/\/listings.mybikeplan.ch\/de\/produkt\/bolia-noora-polstersofa-pastell-pink\/#primaryimage","url":"https:\/\/listings.mybikeplan.ch\/wp-content\/uploads\/2023\/11\/Bolia-Noora-Polstersofa-Pastell-Pink-3.jpg","contentUrl":"https:\/\/listings.mybikeplan.ch\/wp-content\/uploads\/2023\/11\/Bolia-Noora-Polstersofa-Pastell-Pink-3.jpg","width":1000,"height":1000,"caption":"pinkes Polstersofa mit Kissen"},{"@type":"BreadcrumbList","@id":"https:\/\/listings.mybikeplan.ch\/de\/produkt\/bolia-noora-polstersofa-pastell-pink\/#breadcrumb","itemListElement":[{"@type":"ListItem","position":1,"name":"Home","item":"https:\/\/listings.mybikeplan.ch\/de\/"},{"@type":"ListItem","position":2,"name":"Noora Polstersofa Pastell"}]},{"@type":"WebSite","@id":"https:\/\/listings.mybikeplan.ch\/de\/#website","url":"https:\/\/listings.mybikeplan.ch\/de\/","name":"MyBikePlan","description":"","potentialAction":[{"@type":"SearchAction","target":{"@type":"EntryPoint","urlTemplate":"https:\/\/listings.mybikeplan.ch\/de\/?s={search_term_string}"},"query-input":{"@type":"PropertyValueSpecification","valueRequired":true,"valueName":"search_term_string"}}],"inLanguage":"de"}]}},"_links":{"self":[{"href":"https:\/\/listings.mybikeplan.ch\/de\/wp-json\/wp\/v2\/product\/53023","targetHints":{"allow":["GET"]}}],"collection":[{"href":"https:\/\/listings.mybikeplan.ch\/de\/wp-json\/wp\/v2\/product"}],"about":[{"href":"https:\/\/listings.mybikeplan.ch\/de\/wp-json\/wp\/v2\/types\/product"}],"replies":[{"embeddable":true,"href":"https:\/\/listings.mybikeplan.ch\/de\/wp-json\/wp\/v2\/comments?post=53023"}],"wp:featuredmedia":[{"embeddable":true,"href":"https:\/\/listings.mybikeplan.ch\/de\/wp-json\/wp\/v2\/media\/53034"}],"wp:attachment":[{"href":"https:\/\/listings.mybikeplan.ch\/de\/wp-json\/wp\/v2\/media?parent=53023"}],"wp:term":[{"taxonomy":"product_brand","embeddable":true,"href":"https:\/\/listings.mybikeplan.ch\/de\/wp-json\/wp\/v2\/product_brand?post=53023"},{"taxonomy":"product_cat","embeddable":true,"href":"https:\/\/listings.mybikeplan.ch\/de\/wp-json\/wp\/v2\/product_cat?post=53023"},{"taxonomy":"product_tag","embeddable":true,"href":"https:\/\/listings.mybikeplan.ch\/de\/wp-json\/wp\/v2\/product_tag?post=53023"}],"curies":[{"name":"wp","href":"https:\/\/api.w.org\/{rel}","templated":true}]}}