{"id":52376,"date":"2023-11-02T12:52:41","date_gmt":"2023-11-02T12:52:41","guid":{"rendered":"https:\/\/listings.mybikeplan.ch\/?post_type=product&#038;p=52376"},"modified":"2024-01-12T14:46:00","modified_gmt":"2024-01-12T14:46:00","slug":"bolia-sepia-4-sitzer-sofa-blau","status":"publish","type":"product","link":"https:\/\/listings.mybikeplan.ch\/de\/produkt\/bolia-sepia-4-sitzer-sofa-blau\/","title":{"rendered":"Sepia 4-Sitzer Sofa blau"},"content":{"rendered":"<h2><b>Das Wichtigste zum Sepia Sofa<\/b><b>:<\/b><\/h2>\n<ul>\n<li>Material: Nantes &#8211; Flach gewebt<\/li>\n<li>Sockel: Eiche ge\u00f6lt<\/li>\n<li>Masse: 292 x 105 x 73 cm<\/li>\n<\/ul>\n","protected":false},"excerpt":{"rendered":"<p>Erzeuge mit dem Sepia Sofa eine elegante Lounge-Atmosph\u00e4re in Deinem Wohnzimmer. Das Sofa zeichnet sich durch sch\u00f6ne, handgefertigte Details und ein einladendes und weiches Profil aus. Es hat wendbare Sitzkissen, die die Lebensdauer verl\u00e4ngern und auf einer leicht schr\u00e4gen Basis liegen, damit sie nicht verrutschen. Erg\u00e4nze Deine Einrichtung mit einem Hocker mit integriertem Stauraum. Ein durchdachtes, klassisches Sofa, bei dem Komfort und Qualit\u00e4t Hand in Hand gehen.<\/p>\n","protected":false},"featured_media":52385,"comment_status":"open","ping_status":"closed","template":"","meta":{"_acf_changed":false},"product_brand":[],"product_cat":[4454,4448,4447,4445,7175,4446],"product_tag":[],"class_list":{"0":"post-52376","1":"product","2":"type-product","3":"status-publish","4":"has-post-thumbnail","6":"product_cat-4-personen","7":"product_cat-marke-bolia","8":"product_cat-marken-mysofaplan","9":"product_cat-mysofaplan","10":"product_cat-ohne-chaiselongue","11":"product_cat-sofa","12":"pa_brand-bolia","13":"pa_country-of-origin-estland","14":"pa_dimensions-292-x-105-x-73-cm","15":"pa_filters-color-blau","16":"pa_hex-color-474747-produkt-bolia-sepia-4-sitzer-sofa-schwarz","17":"pa_hex-color-4d545b","18":"pa_hex-color-b0a69a-produkt-bolia-sepia-4-sitzer-sofa-beige","19":"pa_hex-color-c3c1c0-produkt-bolia-sepia-4-sitzer-sofa-grau","20":"pa_main-material-nantes-flach-gewebt","21":"pa_mounting-die-armlehnen-dieses-sofas-sind-abnehmbar","22":"pa_seat-depth-72-cm","23":"pa_seat-height-40-cm","24":"pa_seat-tube-length-4-sitzer-2","25":"pa_sofa-size-250-300-cm","27":"first","28":"instock","29":"shipping-taxable","30":"purchasable","31":"product-type-variable"},"acf":{"short_description":"Erzeuge mit dem Sepia Sofa eine elegante Lounge-Atmosph\u00e4re in Deinem Wohnzimmer.","bike_name":"Bolia Sepia Sofa","highlight_text":""},"yoast_head":"<!-- This site is optimized with the Yoast SEO plugin v24.5 - https:\/\/yoast.com\/wordpress\/plugins\/seo\/ -->\n<title>Bolia Sepia Sofa | MyHomePlan | M\u00f6bel online kaufen<\/title>\n<meta name=\"description\" content=\"Bestelle jetzt das Bolia Sepia Sofa f\u00fcr Dein Zuhause! \ud83d\uddf8 Zahle in monatlichen Raten mit 0 % Zins! \ud83d\uddf8 Gratis Heimlieferung! \ud83d\uddf8 Grosse Auswahl! \ud83d\uddf8\" \/>\n<meta name=\"robots\" content=\"noindex, follow, max-snippet:-1, max-image-preview:large, max-video-preview:-1\" \/>\n<meta property=\"og:locale\" content=\"de_DE\" \/>\n<meta property=\"og:type\" content=\"article\" \/>\n<meta property=\"og:title\" content=\"Bolia Sepia Sofa | MyHomePlan | M\u00f6bel online kaufen\" \/>\n<meta property=\"og:description\" content=\"Bestelle jetzt das Bolia Sepia Sofa f\u00fcr Dein Zuhause! \ud83d\uddf8 Zahle in monatlichen Raten mit 0 % Zins! \ud83d\uddf8 Gratis Heimlieferung! \ud83d\uddf8 Grosse Auswahl! \ud83d\uddf8\" \/>\n<meta property=\"og:url\" content=\"https:\/\/listings.mybikeplan.ch\/de\/produkt\/bolia-sepia-4-sitzer-sofa-blau\/\" \/>\n<meta property=\"og:site_name\" content=\"MyBikePlan\" \/>\n<meta property=\"article:modified_time\" content=\"2024-01-12T14:46:00+00:00\" \/>\n<meta property=\"og:image\" content=\"https:\/\/listings.mybikeplan.ch\/wp-content\/uploads\/2023\/11\/Bolia-Sepia-4-Sitzer-Sofa-Blau-3.jpg\" \/>\n\t<meta property=\"og:image:width\" content=\"1000\" \/>\n\t<meta property=\"og:image:height\" content=\"1000\" \/>\n\t<meta property=\"og:image:type\" content=\"image\/jpeg\" \/>\n<meta name=\"twitter:card\" content=\"summary_large_image\" \/>\n<meta name=\"twitter:label1\" content=\"Gesch\u00e4tzte Lesezeit\" \/>\n\t<meta name=\"twitter:data1\" content=\"1\u00a0Minute\" \/>\n<script type=\"application\/ld+json\" class=\"yoast-schema-graph\">{\"@context\":\"https:\/\/schema.org\",\"@graph\":[{\"@type\":\"WebPage\",\"@id\":\"https:\/\/listings.mybikeplan.ch\/de\/produkt\/bolia-sepia-4-sitzer-sofa-blau\/\",\"url\":\"https:\/\/listings.mybikeplan.ch\/de\/produkt\/bolia-sepia-4-sitzer-sofa-blau\/\",\"name\":\"Bolia Sepia Sofa | MyHomePlan | M\u00f6bel online kaufen\",\"isPartOf\":{\"@id\":\"https:\/\/listings.mybikeplan.ch\/de\/#website\"},\"primaryImageOfPage\":{\"@id\":\"https:\/\/listings.mybikeplan.ch\/de\/produkt\/bolia-sepia-4-sitzer-sofa-blau\/#primaryimage\"},\"image\":{\"@id\":\"https:\/\/listings.mybikeplan.ch\/de\/produkt\/bolia-sepia-4-sitzer-sofa-blau\/#primaryimage\"},\"thumbnailUrl\":\"https:\/\/listings.mybikeplan.ch\/wp-content\/uploads\/2023\/11\/Bolia-Sepia-4-Sitzer-Sofa-Blau-3.jpg\",\"datePublished\":\"2023-11-02T12:52:41+00:00\",\"dateModified\":\"2024-01-12T14:46:00+00:00\",\"description\":\"Bestelle jetzt das Bolia Sepia Sofa f\u00fcr Dein Zuhause! \ud83d\uddf8 Zahle in monatlichen Raten mit 0 % Zins! \ud83d\uddf8 Gratis Heimlieferung! \ud83d\uddf8 Grosse Auswahl! \ud83d\uddf8\",\"breadcrumb\":{\"@id\":\"https:\/\/listings.mybikeplan.ch\/de\/produkt\/bolia-sepia-4-sitzer-sofa-blau\/#breadcrumb\"},\"inLanguage\":\"de\",\"potentialAction\":[{\"@type\":\"ReadAction\",\"target\":[\"https:\/\/listings.mybikeplan.ch\/de\/produkt\/bolia-sepia-4-sitzer-sofa-blau\/\"]}]},{\"@type\":\"ImageObject\",\"inLanguage\":\"de\",\"@id\":\"https:\/\/listings.mybikeplan.ch\/de\/produkt\/bolia-sepia-4-sitzer-sofa-blau\/#primaryimage\",\"url\":\"https:\/\/listings.mybikeplan.ch\/wp-content\/uploads\/2023\/11\/Bolia-Sepia-4-Sitzer-Sofa-Blau-3.jpg\",\"contentUrl\":\"https:\/\/listings.mybikeplan.ch\/wp-content\/uploads\/2023\/11\/Bolia-Sepia-4-Sitzer-Sofa-Blau-3.jpg\",\"width\":1000,\"height\":1000,\"caption\":\"blaues Polster Sofa mit Holzfundament\"},{\"@type\":\"BreadcrumbList\",\"@id\":\"https:\/\/listings.mybikeplan.ch\/de\/produkt\/bolia-sepia-4-sitzer-sofa-blau\/#breadcrumb\",\"itemListElement\":[{\"@type\":\"ListItem\",\"position\":1,\"name\":\"Home\",\"item\":\"https:\/\/listings.mybikeplan.ch\/de\/\"},{\"@type\":\"ListItem\",\"position\":2,\"name\":\"Sepia 4-Sitzer Sofa blau\"}]},{\"@type\":\"WebSite\",\"@id\":\"https:\/\/listings.mybikeplan.ch\/de\/#website\",\"url\":\"https:\/\/listings.mybikeplan.ch\/de\/\",\"name\":\"MyBikePlan\",\"description\":\"\",\"potentialAction\":[{\"@type\":\"SearchAction\",\"target\":{\"@type\":\"EntryPoint\",\"urlTemplate\":\"https:\/\/listings.mybikeplan.ch\/de\/?s={search_term_string}\"},\"query-input\":{\"@type\":\"PropertyValueSpecification\",\"valueRequired\":true,\"valueName\":\"search_term_string\"}}],\"inLanguage\":\"de\"}]}<\/script>\n<!-- \/ Yoast SEO plugin. -->","yoast_head_json":{"title":"Bolia Sepia Sofa | MyHomePlan | M\u00f6bel online kaufen","description":"Bestelle jetzt das Bolia Sepia Sofa f\u00fcr Dein Zuhause! \ud83d\uddf8 Zahle in monatlichen Raten mit 0 % Zins! \ud83d\uddf8 Gratis Heimlieferung! \ud83d\uddf8 Grosse Auswahl! \ud83d\uddf8","robots":{"index":"noindex","follow":"follow","max-snippet":"max-snippet:-1","max-image-preview":"max-image-preview:large","max-video-preview":"max-video-preview:-1"},"og_locale":"de_DE","og_type":"article","og_title":"Bolia Sepia Sofa | MyHomePlan | M\u00f6bel online kaufen","og_description":"Bestelle jetzt das Bolia Sepia Sofa f\u00fcr Dein Zuhause! \ud83d\uddf8 Zahle in monatlichen Raten mit 0 % Zins! \ud83d\uddf8 Gratis Heimlieferung! \ud83d\uddf8 Grosse Auswahl! \ud83d\uddf8","og_url":"https:\/\/listings.mybikeplan.ch\/de\/produkt\/bolia-sepia-4-sitzer-sofa-blau\/","og_site_name":"MyBikePlan","article_modified_time":"2024-01-12T14:46:00+00:00","og_image":[{"width":1000,"height":1000,"url":"https:\/\/listings.mybikeplan.ch\/wp-content\/uploads\/2023\/11\/Bolia-Sepia-4-Sitzer-Sofa-Blau-3.jpg","type":"image\/jpeg"}],"twitter_card":"summary_large_image","twitter_misc":{"Gesch\u00e4tzte Lesezeit":"1\u00a0Minute"},"schema":{"@context":"https:\/\/schema.org","@graph":[{"@type":"WebPage","@id":"https:\/\/listings.mybikeplan.ch\/de\/produkt\/bolia-sepia-4-sitzer-sofa-blau\/","url":"https:\/\/listings.mybikeplan.ch\/de\/produkt\/bolia-sepia-4-sitzer-sofa-blau\/","name":"Bolia Sepia Sofa | MyHomePlan | M\u00f6bel online kaufen","isPartOf":{"@id":"https:\/\/listings.mybikeplan.ch\/de\/#website"},"primaryImageOfPage":{"@id":"https:\/\/listings.mybikeplan.ch\/de\/produkt\/bolia-sepia-4-sitzer-sofa-blau\/#primaryimage"},"image":{"@id":"https:\/\/listings.mybikeplan.ch\/de\/produkt\/bolia-sepia-4-sitzer-sofa-blau\/#primaryimage"},"thumbnailUrl":"https:\/\/listings.mybikeplan.ch\/wp-content\/uploads\/2023\/11\/Bolia-Sepia-4-Sitzer-Sofa-Blau-3.jpg","datePublished":"2023-11-02T12:52:41+00:00","dateModified":"2024-01-12T14:46:00+00:00","description":"Bestelle jetzt das Bolia Sepia Sofa f\u00fcr Dein Zuhause! \ud83d\uddf8 Zahle in monatlichen Raten mit 0 % Zins! \ud83d\uddf8 Gratis Heimlieferung! \ud83d\uddf8 Grosse Auswahl! \ud83d\uddf8","breadcrumb":{"@id":"https:\/\/listings.mybikeplan.ch\/de\/produkt\/bolia-sepia-4-sitzer-sofa-blau\/#breadcrumb"},"inLanguage":"de","potentialAction":[{"@type":"ReadAction","target":["https:\/\/listings.mybikeplan.ch\/de\/produkt\/bolia-sepia-4-sitzer-sofa-blau\/"]}]},{"@type":"ImageObject","inLanguage":"de","@id":"https:\/\/listings.mybikeplan.ch\/de\/produkt\/bolia-sepia-4-sitzer-sofa-blau\/#primaryimage","url":"https:\/\/listings.mybikeplan.ch\/wp-content\/uploads\/2023\/11\/Bolia-Sepia-4-Sitzer-Sofa-Blau-3.jpg","contentUrl":"https:\/\/listings.mybikeplan.ch\/wp-content\/uploads\/2023\/11\/Bolia-Sepia-4-Sitzer-Sofa-Blau-3.jpg","width":1000,"height":1000,"caption":"blaues Polster Sofa mit Holzfundament"},{"@type":"BreadcrumbList","@id":"https:\/\/listings.mybikeplan.ch\/de\/produkt\/bolia-sepia-4-sitzer-sofa-blau\/#breadcrumb","itemListElement":[{"@type":"ListItem","position":1,"name":"Home","item":"https:\/\/listings.mybikeplan.ch\/de\/"},{"@type":"ListItem","position":2,"name":"Sepia 4-Sitzer Sofa blau"}]},{"@type":"WebSite","@id":"https:\/\/listings.mybikeplan.ch\/de\/#website","url":"https:\/\/listings.mybikeplan.ch\/de\/","name":"MyBikePlan","description":"","potentialAction":[{"@type":"SearchAction","target":{"@type":"EntryPoint","urlTemplate":"https:\/\/listings.mybikeplan.ch\/de\/?s={search_term_string}"},"query-input":{"@type":"PropertyValueSpecification","valueRequired":true,"valueName":"search_term_string"}}],"inLanguage":"de"}]}},"_links":{"self":[{"href":"https:\/\/listings.mybikeplan.ch\/de\/wp-json\/wp\/v2\/product\/52376","targetHints":{"allow":["GET"]}}],"collection":[{"href":"https:\/\/listings.mybikeplan.ch\/de\/wp-json\/wp\/v2\/product"}],"about":[{"href":"https:\/\/listings.mybikeplan.ch\/de\/wp-json\/wp\/v2\/types\/product"}],"replies":[{"embeddable":true,"href":"https:\/\/listings.mybikeplan.ch\/de\/wp-json\/wp\/v2\/comments?post=52376"}],"wp:featuredmedia":[{"embeddable":true,"href":"https:\/\/listings.mybikeplan.ch\/de\/wp-json\/wp\/v2\/media\/52385"}],"wp:attachment":[{"href":"https:\/\/listings.mybikeplan.ch\/de\/wp-json\/wp\/v2\/media?parent=52376"}],"wp:term":[{"taxonomy":"product_brand","embeddable":true,"href":"https:\/\/listings.mybikeplan.ch\/de\/wp-json\/wp\/v2\/product_brand?post=52376"},{"taxonomy":"product_cat","embeddable":true,"href":"https:\/\/listings.mybikeplan.ch\/de\/wp-json\/wp\/v2\/product_cat?post=52376"},{"taxonomy":"product_tag","embeddable":true,"href":"https:\/\/listings.mybikeplan.ch\/de\/wp-json\/wp\/v2\/product_tag?post=52376"}],"curies":[{"name":"wp","href":"https:\/\/api.w.org\/{rel}","templated":true}]}}