{"id":50070,"date":"2023-10-26T13:04:11","date_gmt":"2023-10-26T13:04:11","guid":{"rendered":"https:\/\/listings.mybikeplan.ch\/?post_type=product&#038;p=50070"},"modified":"2024-01-12T15:12:43","modified_gmt":"2024-01-12T15:12:43","slug":"innovation-living-pascala-sofa","status":"publish","type":"product","link":"https:\/\/listings.mybikeplan.ch\/de\/produkt\/innovation-living-pascala-sofa\/","title":{"rendered":"Pascala Sofa"},"content":{"rendered":"<h2><b>Das Wichtigste zum Pascala Sofa<\/b><b style=\"font-size: 16px;\">:<\/b><\/h2>\n<ul>\n<li>Taschenfederkernmatratze<\/li>\n<li>Liegefl\u00e4che ca. 140 x 200cm<\/li>\n<li>Kann zu einem G\u00e4stebett umgewandelt werden<\/li>\n<li>Abnehmbare und waschbare Bez\u00fcge<\/li>\n<\/ul>\n","protected":false},"excerpt":{"rendered":"<p>F\u00fcr die Liebhaber von l\u00e4ssiger, femininer Eleganz und der Notwendigkeit, auf kleinem Raum Sofa und Schlafplatz in einem zu vereinen, ist Pascala Sofa genau das Richtige. Die Bez\u00fcge sind komplett abnehmbar, das Sorglospaket ist vollkommen: Die Bez\u00fcge k\u00f6nnen bei 30\u00b0 gewaschen werden, der Stauraum f\u00fcr Decken und Kissen ist integriert. Die Stahlunterkonstruktion macht es zu einem M\u00f6bel mit langer Lebensdauer.<\/p>\n","protected":false},"featured_media":50076,"comment_status":"open","ping_status":"closed","template":"","meta":{"_acf_changed":false},"product_brand":[],"product_cat":[4452,4471,4447,4445,7175,4446],"product_tag":[],"class_list":{"0":"post-50070","1":"product","2":"type-product","3":"status-publish","4":"has-post-thumbnail","6":"product_cat-2-personen","7":"product_cat-marke-innovation-living","8":"product_cat-marken-mysofaplan","9":"product_cat-mysofaplan","10":"product_cat-ohne-chaiselongue","11":"product_cat-sofa","12":"pa_brand-innovation-living","13":"pa_dimensions-226-x-64-cm","14":"pa_filters-color-beige","15":"pa_hex-color-43545b-produkt-innovation-living-pascala-sofa-blau","16":"pa_hex-color-9d8f75","17":"pa_hex-color-d5d0ca-produkt-innovation-living-pascala-sofa-weiss","18":"pa_main-material-vivus-dusty-sand","19":"pa_seat-tube-length-2-sitzer","20":"pa_sofa-size-200-250-cm","22":"first","23":"instock","24":"shipping-taxable","25":"purchasable","26":"product-type-variable"},"acf":{"short_description":"Shabby Chic oder l\u00e4ssige Eleganz, beides trifft auf das Pascala Sofa zu. Komplett abnehmbare und waschbare Bez\u00fcge machen das Leben einfacher, sie k\u00f6nnen auch jederzeit komplett erneuert werden.","bike_name":"Innovation Living Pascala Sofa","highlight_text":""},"yoast_head":"<!-- This site is optimized with the Yoast SEO plugin v24.5 - https:\/\/yoast.com\/wordpress\/plugins\/seo\/ -->\n<title>Innovation Living Pascala Sofa | M\u00f6bel kaufen | Schweiz<\/title>\n<meta name=\"description\" content=\"Bestelle jetzt das Innovation Living Pascala Sofa f\u00fcr Dein Zuhause! Zahle mit 0 % Zins Ratenzahlung und geniesse unsere gratis Heimlieferung.\" \/>\n<meta name=\"robots\" content=\"noindex, follow, max-snippet:-1, max-image-preview:large, max-video-preview:-1\" \/>\n<meta property=\"og:locale\" content=\"de_DE\" \/>\n<meta property=\"og:type\" content=\"article\" \/>\n<meta property=\"og:title\" content=\"Innovation Living Pascala Sofa | M\u00f6bel kaufen | Schweiz\" \/>\n<meta property=\"og:description\" content=\"Bestelle jetzt das Innovation Living Pascala Sofa f\u00fcr Dein Zuhause! Zahle mit 0 % Zins Ratenzahlung und geniesse unsere gratis Heimlieferung.\" \/>\n<meta property=\"og:url\" content=\"https:\/\/listings.mybikeplan.ch\/de\/produkt\/innovation-living-pascala-sofa\/\" \/>\n<meta property=\"og:site_name\" content=\"MyBikePlan\" \/>\n<meta property=\"article:modified_time\" content=\"2024-01-12T15:12:43+00:00\" \/>\n<meta property=\"og:image\" content=\"https:\/\/listings.mybikeplan.ch\/wp-content\/uploads\/2023\/10\/Innovation-Living-Pascala-Sofa-2.jpg\" \/>\n\t<meta property=\"og:image:width\" content=\"1000\" \/>\n\t<meta property=\"og:image:height\" content=\"1000\" \/>\n\t<meta property=\"og:image:type\" content=\"image\/jpeg\" \/>\n<meta name=\"twitter:card\" content=\"summary_large_image\" \/>\n<meta name=\"twitter:label1\" content=\"Gesch\u00e4tzte Lesezeit\" \/>\n\t<meta name=\"twitter:data1\" content=\"1\u00a0Minute\" \/>\n<script type=\"application\/ld+json\" class=\"yoast-schema-graph\">{\"@context\":\"https:\/\/schema.org\",\"@graph\":[{\"@type\":\"WebPage\",\"@id\":\"https:\/\/listings.mybikeplan.ch\/de\/produkt\/innovation-living-pascala-sofa\/\",\"url\":\"https:\/\/listings.mybikeplan.ch\/de\/produkt\/innovation-living-pascala-sofa\/\",\"name\":\"Innovation Living Pascala Sofa | M\u00f6bel kaufen | Schweiz\",\"isPartOf\":{\"@id\":\"https:\/\/listings.mybikeplan.ch\/de\/#website\"},\"primaryImageOfPage\":{\"@id\":\"https:\/\/listings.mybikeplan.ch\/de\/produkt\/innovation-living-pascala-sofa\/#primaryimage\"},\"image\":{\"@id\":\"https:\/\/listings.mybikeplan.ch\/de\/produkt\/innovation-living-pascala-sofa\/#primaryimage\"},\"thumbnailUrl\":\"https:\/\/listings.mybikeplan.ch\/wp-content\/uploads\/2023\/10\/Innovation-Living-Pascala-Sofa-2.jpg\",\"datePublished\":\"2023-10-26T13:04:11+00:00\",\"dateModified\":\"2024-01-12T15:12:43+00:00\",\"description\":\"Bestelle jetzt das Innovation Living Pascala Sofa f\u00fcr Dein Zuhause! Zahle mit 0 % Zins Ratenzahlung und geniesse unsere gratis Heimlieferung.\",\"breadcrumb\":{\"@id\":\"https:\/\/listings.mybikeplan.ch\/de\/produkt\/innovation-living-pascala-sofa\/#breadcrumb\"},\"inLanguage\":\"de\",\"potentialAction\":[{\"@type\":\"ReadAction\",\"target\":[\"https:\/\/listings.mybikeplan.ch\/de\/produkt\/innovation-living-pascala-sofa\/\"]}]},{\"@type\":\"ImageObject\",\"inLanguage\":\"de\",\"@id\":\"https:\/\/listings.mybikeplan.ch\/de\/produkt\/innovation-living-pascala-sofa\/#primaryimage\",\"url\":\"https:\/\/listings.mybikeplan.ch\/wp-content\/uploads\/2023\/10\/Innovation-Living-Pascala-Sofa-2.jpg\",\"contentUrl\":\"https:\/\/listings.mybikeplan.ch\/wp-content\/uploads\/2023\/10\/Innovation-Living-Pascala-Sofa-2.jpg\",\"width\":1000,\"height\":1000,\"caption\":\"beiges Polster Sofa mit Kissen\"},{\"@type\":\"BreadcrumbList\",\"@id\":\"https:\/\/listings.mybikeplan.ch\/de\/produkt\/innovation-living-pascala-sofa\/#breadcrumb\",\"itemListElement\":[{\"@type\":\"ListItem\",\"position\":1,\"name\":\"Home\",\"item\":\"https:\/\/listings.mybikeplan.ch\/de\/\"},{\"@type\":\"ListItem\",\"position\":2,\"name\":\"Pascala Sofa\"}]},{\"@type\":\"WebSite\",\"@id\":\"https:\/\/listings.mybikeplan.ch\/de\/#website\",\"url\":\"https:\/\/listings.mybikeplan.ch\/de\/\",\"name\":\"MyBikePlan\",\"description\":\"\",\"potentialAction\":[{\"@type\":\"SearchAction\",\"target\":{\"@type\":\"EntryPoint\",\"urlTemplate\":\"https:\/\/listings.mybikeplan.ch\/de\/?s={search_term_string}\"},\"query-input\":{\"@type\":\"PropertyValueSpecification\",\"valueRequired\":true,\"valueName\":\"search_term_string\"}}],\"inLanguage\":\"de\"}]}<\/script>\n<!-- \/ Yoast SEO plugin. -->","yoast_head_json":{"title":"Innovation Living Pascala Sofa | M\u00f6bel kaufen | Schweiz","description":"Bestelle jetzt das Innovation Living Pascala Sofa f\u00fcr Dein Zuhause! Zahle mit 0 % Zins Ratenzahlung und geniesse unsere gratis Heimlieferung.","robots":{"index":"noindex","follow":"follow","max-snippet":"max-snippet:-1","max-image-preview":"max-image-preview:large","max-video-preview":"max-video-preview:-1"},"og_locale":"de_DE","og_type":"article","og_title":"Innovation Living Pascala Sofa | M\u00f6bel kaufen | Schweiz","og_description":"Bestelle jetzt das Innovation Living Pascala Sofa f\u00fcr Dein Zuhause! Zahle mit 0 % Zins Ratenzahlung und geniesse unsere gratis Heimlieferung.","og_url":"https:\/\/listings.mybikeplan.ch\/de\/produkt\/innovation-living-pascala-sofa\/","og_site_name":"MyBikePlan","article_modified_time":"2024-01-12T15:12:43+00:00","og_image":[{"width":1000,"height":1000,"url":"https:\/\/listings.mybikeplan.ch\/wp-content\/uploads\/2023\/10\/Innovation-Living-Pascala-Sofa-2.jpg","type":"image\/jpeg"}],"twitter_card":"summary_large_image","twitter_misc":{"Gesch\u00e4tzte Lesezeit":"1\u00a0Minute"},"schema":{"@context":"https:\/\/schema.org","@graph":[{"@type":"WebPage","@id":"https:\/\/listings.mybikeplan.ch\/de\/produkt\/innovation-living-pascala-sofa\/","url":"https:\/\/listings.mybikeplan.ch\/de\/produkt\/innovation-living-pascala-sofa\/","name":"Innovation Living Pascala Sofa | M\u00f6bel kaufen | Schweiz","isPartOf":{"@id":"https:\/\/listings.mybikeplan.ch\/de\/#website"},"primaryImageOfPage":{"@id":"https:\/\/listings.mybikeplan.ch\/de\/produkt\/innovation-living-pascala-sofa\/#primaryimage"},"image":{"@id":"https:\/\/listings.mybikeplan.ch\/de\/produkt\/innovation-living-pascala-sofa\/#primaryimage"},"thumbnailUrl":"https:\/\/listings.mybikeplan.ch\/wp-content\/uploads\/2023\/10\/Innovation-Living-Pascala-Sofa-2.jpg","datePublished":"2023-10-26T13:04:11+00:00","dateModified":"2024-01-12T15:12:43+00:00","description":"Bestelle jetzt das Innovation Living Pascala Sofa f\u00fcr Dein Zuhause! Zahle mit 0 % Zins Ratenzahlung und geniesse unsere gratis Heimlieferung.","breadcrumb":{"@id":"https:\/\/listings.mybikeplan.ch\/de\/produkt\/innovation-living-pascala-sofa\/#breadcrumb"},"inLanguage":"de","potentialAction":[{"@type":"ReadAction","target":["https:\/\/listings.mybikeplan.ch\/de\/produkt\/innovation-living-pascala-sofa\/"]}]},{"@type":"ImageObject","inLanguage":"de","@id":"https:\/\/listings.mybikeplan.ch\/de\/produkt\/innovation-living-pascala-sofa\/#primaryimage","url":"https:\/\/listings.mybikeplan.ch\/wp-content\/uploads\/2023\/10\/Innovation-Living-Pascala-Sofa-2.jpg","contentUrl":"https:\/\/listings.mybikeplan.ch\/wp-content\/uploads\/2023\/10\/Innovation-Living-Pascala-Sofa-2.jpg","width":1000,"height":1000,"caption":"beiges Polster Sofa mit Kissen"},{"@type":"BreadcrumbList","@id":"https:\/\/listings.mybikeplan.ch\/de\/produkt\/innovation-living-pascala-sofa\/#breadcrumb","itemListElement":[{"@type":"ListItem","position":1,"name":"Home","item":"https:\/\/listings.mybikeplan.ch\/de\/"},{"@type":"ListItem","position":2,"name":"Pascala Sofa"}]},{"@type":"WebSite","@id":"https:\/\/listings.mybikeplan.ch\/de\/#website","url":"https:\/\/listings.mybikeplan.ch\/de\/","name":"MyBikePlan","description":"","potentialAction":[{"@type":"SearchAction","target":{"@type":"EntryPoint","urlTemplate":"https:\/\/listings.mybikeplan.ch\/de\/?s={search_term_string}"},"query-input":{"@type":"PropertyValueSpecification","valueRequired":true,"valueName":"search_term_string"}}],"inLanguage":"de"}]}},"_links":{"self":[{"href":"https:\/\/listings.mybikeplan.ch\/de\/wp-json\/wp\/v2\/product\/50070","targetHints":{"allow":["GET"]}}],"collection":[{"href":"https:\/\/listings.mybikeplan.ch\/de\/wp-json\/wp\/v2\/product"}],"about":[{"href":"https:\/\/listings.mybikeplan.ch\/de\/wp-json\/wp\/v2\/types\/product"}],"replies":[{"embeddable":true,"href":"https:\/\/listings.mybikeplan.ch\/de\/wp-json\/wp\/v2\/comments?post=50070"}],"wp:featuredmedia":[{"embeddable":true,"href":"https:\/\/listings.mybikeplan.ch\/de\/wp-json\/wp\/v2\/media\/50076"}],"wp:attachment":[{"href":"https:\/\/listings.mybikeplan.ch\/de\/wp-json\/wp\/v2\/media?parent=50070"}],"wp:term":[{"taxonomy":"product_brand","embeddable":true,"href":"https:\/\/listings.mybikeplan.ch\/de\/wp-json\/wp\/v2\/product_brand?post=50070"},{"taxonomy":"product_cat","embeddable":true,"href":"https:\/\/listings.mybikeplan.ch\/de\/wp-json\/wp\/v2\/product_cat?post=50070"},{"taxonomy":"product_tag","embeddable":true,"href":"https:\/\/listings.mybikeplan.ch\/de\/wp-json\/wp\/v2\/product_tag?post=50070"}],"curies":[{"name":"wp","href":"https:\/\/api.w.org\/{rel}","templated":true}]}}