{"id":49783,"date":"2023-10-26T11:30:22","date_gmt":"2023-10-26T11:30:22","guid":{"rendered":"https:\/\/listings.mybikeplan.ch\/?post_type=product&#038;p=49783"},"modified":"2024-01-12T15:26:15","modified_gmt":"2024-01-12T15:26:15","slug":"innovation-living-idun-klappsofa","status":"publish","type":"product","link":"https:\/\/listings.mybikeplan.ch\/de\/produkt\/innovation-living-idun-klappsofa\/","title":{"rendered":"Idun Klappsofa"},"content":{"rendered":"<h2><b>Das Wichtigste zum Idun Klappsofa<\/b><b>:<\/b><\/h2>\n<ul>\n<li>Taschenfederkern-Matratze<\/li>\n<li>Liegefl\u00e4che ca. 140 x 200 cm<\/li>\n<\/ul>\n","protected":false},"excerpt":{"rendered":"<p>Das klassische Idun Klappsofa bietet mit seinen breiten Polsterarmlehnen einen komfortablen Sitzplatz f\u00fcr vier Personen. Zus\u00e4tzlicher Stauraum f\u00fcr Kissen und Bettdecken ist durch den aus festem Stoff gen\u00e4hten Einsatz gegeben, der im Gestell montiert werden kann. Das Fussgestell aus massiver Eiche wirkt elegant und leicht. Die Liegefl\u00e4che von ca. 140 x 200 cm bietet ausreichenden Schlafplatz f\u00fcr zwei Personen.<\/p>\n","protected":false},"featured_media":49804,"comment_status":"open","ping_status":"closed","template":"","meta":{"_acf_changed":false},"product_brand":[],"product_cat":[4452,7131,4471,4447,4445,7175,4446],"product_tag":[],"class_list":{"0":"post-49783","1":"product","2":"type-product","3":"status-publish","4":"has-post-thumbnail","6":"product_cat-2-personen","7":"product_cat-bettsofas","8":"product_cat-marke-innovation-living","9":"product_cat-marken-mysofaplan","10":"product_cat-mysofaplan","11":"product_cat-ohne-chaiselongue","12":"product_cat-sofa","13":"pa_brand-innovation-living","14":"pa_dimensions-242-x-80-x-200-cm","15":"pa_filters-color-beige","16":"pa_hex-color-6f6a67-produkt-innovation-living-idun-klappsofa-grau","17":"pa_hex-color-c8bfae","18":"pa_main-material-boucle-beige","19":"pa_seat-tube-length-2-sitzer","20":"pa_sofa-size-200-250-cm","22":"first","23":"instock","24":"shipping-taxable","25":"purchasable","26":"product-type-variable"},"acf":{"short_description":"Das Idun Klappsofa besticht durch breite, bequeme Polsterarmlehnen und bietet gen\u00fcgend Platz f\u00fcr gemeinsamen Sitz- und Liegekomfort.","bike_name":"Innovation Living Idun Klappsofa","highlight_text":""},"yoast_head":"<!-- This site is optimized with the Yoast SEO plugin v24.5 - https:\/\/yoast.com\/wordpress\/plugins\/seo\/ -->\n<title>Innovation Living Idun Klappsofa | M\u00f6bel kaufen | Schweiz<\/title>\n<meta name=\"description\" content=\"Bestelle jetzt das Innovation Living Idun Klappsofa f\u00fcr Dein Zuhause! Zahle mit 0 % Zins Ratenzahlung und geniesse unsere gratis Heimlieferung.\" \/>\n<meta name=\"robots\" content=\"noindex, follow, max-snippet:-1, max-image-preview:large, max-video-preview:-1\" \/>\n<meta property=\"og:locale\" content=\"de_DE\" \/>\n<meta property=\"og:type\" content=\"article\" \/>\n<meta property=\"og:title\" content=\"Innovation Living Idun Klappsofa | M\u00f6bel kaufen | Schweiz\" \/>\n<meta property=\"og:description\" content=\"Bestelle jetzt das Innovation Living Idun Klappsofa f\u00fcr Dein Zuhause! Zahle mit 0 % Zins Ratenzahlung und geniesse unsere gratis Heimlieferung.\" \/>\n<meta property=\"og:url\" content=\"https:\/\/listings.mybikeplan.ch\/de\/produkt\/innovation-living-idun-klappsofa\/\" \/>\n<meta property=\"og:site_name\" content=\"MyBikePlan\" \/>\n<meta property=\"article:modified_time\" content=\"2024-01-12T15:26:15+00:00\" \/>\n<meta property=\"og:image\" content=\"https:\/\/listings.mybikeplan.ch\/wp-content\/uploads\/2023\/10\/Innovation-Living-Idun-Klappsofa.jpg\" \/>\n\t<meta property=\"og:image:width\" content=\"1000\" \/>\n\t<meta property=\"og:image:height\" content=\"1000\" \/>\n\t<meta property=\"og:image:type\" content=\"image\/jpeg\" \/>\n<meta name=\"twitter:card\" content=\"summary_large_image\" \/>\n<meta name=\"twitter:label1\" content=\"Gesch\u00e4tzte Lesezeit\" \/>\n\t<meta name=\"twitter:data1\" content=\"1\u00a0Minute\" \/>\n<script type=\"application\/ld+json\" class=\"yoast-schema-graph\">{\"@context\":\"https:\/\/schema.org\",\"@graph\":[{\"@type\":\"WebPage\",\"@id\":\"https:\/\/listings.mybikeplan.ch\/de\/produkt\/innovation-living-idun-klappsofa\/\",\"url\":\"https:\/\/listings.mybikeplan.ch\/de\/produkt\/innovation-living-idun-klappsofa\/\",\"name\":\"Innovation Living Idun Klappsofa | M\u00f6bel kaufen | Schweiz\",\"isPartOf\":{\"@id\":\"https:\/\/listings.mybikeplan.ch\/de\/#website\"},\"primaryImageOfPage\":{\"@id\":\"https:\/\/listings.mybikeplan.ch\/de\/produkt\/innovation-living-idun-klappsofa\/#primaryimage\"},\"image\":{\"@id\":\"https:\/\/listings.mybikeplan.ch\/de\/produkt\/innovation-living-idun-klappsofa\/#primaryimage\"},\"thumbnailUrl\":\"https:\/\/listings.mybikeplan.ch\/wp-content\/uploads\/2023\/10\/Innovation-Living-Idun-Klappsofa.jpg\",\"datePublished\":\"2023-10-26T11:30:22+00:00\",\"dateModified\":\"2024-01-12T15:26:15+00:00\",\"description\":\"Bestelle jetzt das Innovation Living Idun Klappsofa f\u00fcr Dein Zuhause! Zahle mit 0 % Zins Ratenzahlung und geniesse unsere gratis Heimlieferung.\",\"breadcrumb\":{\"@id\":\"https:\/\/listings.mybikeplan.ch\/de\/produkt\/innovation-living-idun-klappsofa\/#breadcrumb\"},\"inLanguage\":\"de\",\"potentialAction\":[{\"@type\":\"ReadAction\",\"target\":[\"https:\/\/listings.mybikeplan.ch\/de\/produkt\/innovation-living-idun-klappsofa\/\"]}]},{\"@type\":\"ImageObject\",\"inLanguage\":\"de\",\"@id\":\"https:\/\/listings.mybikeplan.ch\/de\/produkt\/innovation-living-idun-klappsofa\/#primaryimage\",\"url\":\"https:\/\/listings.mybikeplan.ch\/wp-content\/uploads\/2023\/10\/Innovation-Living-Idun-Klappsofa.jpg\",\"contentUrl\":\"https:\/\/listings.mybikeplan.ch\/wp-content\/uploads\/2023\/10\/Innovation-Living-Idun-Klappsofa.jpg\",\"width\":1000,\"height\":1000,\"caption\":\"beiges Klappsofa mit Holzbeinen und Kissen\"},{\"@type\":\"BreadcrumbList\",\"@id\":\"https:\/\/listings.mybikeplan.ch\/de\/produkt\/innovation-living-idun-klappsofa\/#breadcrumb\",\"itemListElement\":[{\"@type\":\"ListItem\",\"position\":1,\"name\":\"Home\",\"item\":\"https:\/\/listings.mybikeplan.ch\/de\/\"},{\"@type\":\"ListItem\",\"position\":2,\"name\":\"Idun Klappsofa\"}]},{\"@type\":\"WebSite\",\"@id\":\"https:\/\/listings.mybikeplan.ch\/de\/#website\",\"url\":\"https:\/\/listings.mybikeplan.ch\/de\/\",\"name\":\"MyBikePlan\",\"description\":\"\",\"potentialAction\":[{\"@type\":\"SearchAction\",\"target\":{\"@type\":\"EntryPoint\",\"urlTemplate\":\"https:\/\/listings.mybikeplan.ch\/de\/?s={search_term_string}\"},\"query-input\":{\"@type\":\"PropertyValueSpecification\",\"valueRequired\":true,\"valueName\":\"search_term_string\"}}],\"inLanguage\":\"de\"}]}<\/script>\n<!-- \/ Yoast SEO plugin. -->","yoast_head_json":{"title":"Innovation Living Idun Klappsofa | M\u00f6bel kaufen | Schweiz","description":"Bestelle jetzt das Innovation Living Idun Klappsofa f\u00fcr Dein Zuhause! Zahle mit 0 % Zins Ratenzahlung und geniesse unsere gratis Heimlieferung.","robots":{"index":"noindex","follow":"follow","max-snippet":"max-snippet:-1","max-image-preview":"max-image-preview:large","max-video-preview":"max-video-preview:-1"},"og_locale":"de_DE","og_type":"article","og_title":"Innovation Living Idun Klappsofa | M\u00f6bel kaufen | Schweiz","og_description":"Bestelle jetzt das Innovation Living Idun Klappsofa f\u00fcr Dein Zuhause! Zahle mit 0 % Zins Ratenzahlung und geniesse unsere gratis Heimlieferung.","og_url":"https:\/\/listings.mybikeplan.ch\/de\/produkt\/innovation-living-idun-klappsofa\/","og_site_name":"MyBikePlan","article_modified_time":"2024-01-12T15:26:15+00:00","og_image":[{"width":1000,"height":1000,"url":"https:\/\/listings.mybikeplan.ch\/wp-content\/uploads\/2023\/10\/Innovation-Living-Idun-Klappsofa.jpg","type":"image\/jpeg"}],"twitter_card":"summary_large_image","twitter_misc":{"Gesch\u00e4tzte Lesezeit":"1\u00a0Minute"},"schema":{"@context":"https:\/\/schema.org","@graph":[{"@type":"WebPage","@id":"https:\/\/listings.mybikeplan.ch\/de\/produkt\/innovation-living-idun-klappsofa\/","url":"https:\/\/listings.mybikeplan.ch\/de\/produkt\/innovation-living-idun-klappsofa\/","name":"Innovation Living Idun Klappsofa | M\u00f6bel kaufen | Schweiz","isPartOf":{"@id":"https:\/\/listings.mybikeplan.ch\/de\/#website"},"primaryImageOfPage":{"@id":"https:\/\/listings.mybikeplan.ch\/de\/produkt\/innovation-living-idun-klappsofa\/#primaryimage"},"image":{"@id":"https:\/\/listings.mybikeplan.ch\/de\/produkt\/innovation-living-idun-klappsofa\/#primaryimage"},"thumbnailUrl":"https:\/\/listings.mybikeplan.ch\/wp-content\/uploads\/2023\/10\/Innovation-Living-Idun-Klappsofa.jpg","datePublished":"2023-10-26T11:30:22+00:00","dateModified":"2024-01-12T15:26:15+00:00","description":"Bestelle jetzt das Innovation Living Idun Klappsofa f\u00fcr Dein Zuhause! Zahle mit 0 % Zins Ratenzahlung und geniesse unsere gratis Heimlieferung.","breadcrumb":{"@id":"https:\/\/listings.mybikeplan.ch\/de\/produkt\/innovation-living-idun-klappsofa\/#breadcrumb"},"inLanguage":"de","potentialAction":[{"@type":"ReadAction","target":["https:\/\/listings.mybikeplan.ch\/de\/produkt\/innovation-living-idun-klappsofa\/"]}]},{"@type":"ImageObject","inLanguage":"de","@id":"https:\/\/listings.mybikeplan.ch\/de\/produkt\/innovation-living-idun-klappsofa\/#primaryimage","url":"https:\/\/listings.mybikeplan.ch\/wp-content\/uploads\/2023\/10\/Innovation-Living-Idun-Klappsofa.jpg","contentUrl":"https:\/\/listings.mybikeplan.ch\/wp-content\/uploads\/2023\/10\/Innovation-Living-Idun-Klappsofa.jpg","width":1000,"height":1000,"caption":"beiges Klappsofa mit Holzbeinen und Kissen"},{"@type":"BreadcrumbList","@id":"https:\/\/listings.mybikeplan.ch\/de\/produkt\/innovation-living-idun-klappsofa\/#breadcrumb","itemListElement":[{"@type":"ListItem","position":1,"name":"Home","item":"https:\/\/listings.mybikeplan.ch\/de\/"},{"@type":"ListItem","position":2,"name":"Idun Klappsofa"}]},{"@type":"WebSite","@id":"https:\/\/listings.mybikeplan.ch\/de\/#website","url":"https:\/\/listings.mybikeplan.ch\/de\/","name":"MyBikePlan","description":"","potentialAction":[{"@type":"SearchAction","target":{"@type":"EntryPoint","urlTemplate":"https:\/\/listings.mybikeplan.ch\/de\/?s={search_term_string}"},"query-input":{"@type":"PropertyValueSpecification","valueRequired":true,"valueName":"search_term_string"}}],"inLanguage":"de"}]}},"_links":{"self":[{"href":"https:\/\/listings.mybikeplan.ch\/de\/wp-json\/wp\/v2\/product\/49783","targetHints":{"allow":["GET"]}}],"collection":[{"href":"https:\/\/listings.mybikeplan.ch\/de\/wp-json\/wp\/v2\/product"}],"about":[{"href":"https:\/\/listings.mybikeplan.ch\/de\/wp-json\/wp\/v2\/types\/product"}],"replies":[{"embeddable":true,"href":"https:\/\/listings.mybikeplan.ch\/de\/wp-json\/wp\/v2\/comments?post=49783"}],"wp:featuredmedia":[{"embeddable":true,"href":"https:\/\/listings.mybikeplan.ch\/de\/wp-json\/wp\/v2\/media\/49804"}],"wp:attachment":[{"href":"https:\/\/listings.mybikeplan.ch\/de\/wp-json\/wp\/v2\/media?parent=49783"}],"wp:term":[{"taxonomy":"product_brand","embeddable":true,"href":"https:\/\/listings.mybikeplan.ch\/de\/wp-json\/wp\/v2\/product_brand?post=49783"},{"taxonomy":"product_cat","embeddable":true,"href":"https:\/\/listings.mybikeplan.ch\/de\/wp-json\/wp\/v2\/product_cat?post=49783"},{"taxonomy":"product_tag","embeddable":true,"href":"https:\/\/listings.mybikeplan.ch\/de\/wp-json\/wp\/v2\/product_tag?post=49783"}],"curies":[{"name":"wp","href":"https:\/\/api.w.org\/{rel}","templated":true}]}}