{"id":48851,"date":"2023-10-20T12:33:54","date_gmt":"2023-10-20T12:33:54","guid":{"rendered":"https:\/\/listings.mybikeplan.ch\/?post_type=product&#038;p=48851"},"modified":"2024-05-30T09:48:47","modified_gmt":"2024-05-30T09:48:47","slug":"innovation-living-cubed-sessel-565","status":"publish","type":"product","link":"https:\/\/listings.mybikeplan.ch\/de\/produkt\/innovation-living-cubed-sessel-565\/","title":{"rendered":"Cubed Sessel"},"content":{"rendered":"<h2><b>Das Wichtigste zum Cubed Sessel:<\/b><\/h2>\n<ul>\n<li>Skandinavisches Design<\/li>\n<li>Kann als Sessel oder Liege verwendet werden<\/li>\n<\/ul>\n","protected":false},"excerpt":{"rendered":"<p>Mache Deinen Wohnraum einzigartig und komfortabel mit dem Innovation Living Cubed Stuhl. Er ist nicht nur ein Stuhl; er ist Dine Bereicherung f\u00fcr dein Zuhause, die Stil, Komfort und Vielseitigkeit vereint. Erlebe den Luxus des Cubed Stuhls und bringe ein St\u00fcck zeitlose Eleganz in Deine R\u00e4ume!<\/p>\n","protected":false},"featured_media":48872,"comment_status":"open","ping_status":"closed","template":"","meta":{"_acf_changed":false},"product_brand":[],"product_cat":[4471,4447,4445,7156,7151],"product_tag":[],"class_list":{"0":"post-48851","1":"product","2":"type-product","3":"status-publish","4":"has-post-thumbnail","6":"product_cat-marke-innovation-living","7":"product_cat-marken-mysofaplan","8":"product_cat-mysofaplan","9":"product_cat-sessel","10":"product_cat-stuehle","11":"pa_brand-innovation-living","12":"pa_dimensions-90-x-77-x-104","13":"pa_fabric-100-polyester","14":"pa_fabric-twist-granite","15":"pa_filters-color-grau","16":"pa_hex-color-1b212f-produkt-innovation-living-cubed-sessel-528","17":"pa_hex-color-a4a6a9","18":"pa_hex-color-c66749-produkt-innovation-living-cubed-sessel-581","19":"pa_hex-color-ddd5ca-produkt-innovation-living-cubed-sessel","20":"pa_seat-tube-length-1-sitz","22":"first","23":"instock","24":"shipping-taxable","25":"purchasable","26":"product-type-variable"},"acf":{"short_description":"Der Innovation Living Cubed Stuhl vereint Komfort und Vielseitigkeit in einem einzigartigen M\u00f6belst\u00fcck.","bike_name":"Innovation Living Cubed Sessel","highlight_text":""},"yoast_head":"<!-- This site is optimized with the Yoast SEO plugin v24.5 - https:\/\/yoast.com\/wordpress\/plugins\/seo\/ -->\n<title>Innovation Living Cubed Sessel | M\u00f6bel kaufen | Schweiz<\/title>\n<meta name=\"description\" content=\"Bestelle jetzt den Innovation Living Cubed Sessel f\u00fcr Dein Zuhause! Zahle mit 0 % Zins Ratenzahlung und geniesse unsere gratis Heimlieferung.\" \/>\n<meta name=\"robots\" content=\"noindex, follow, max-snippet:-1, max-image-preview:large, max-video-preview:-1\" \/>\n<meta property=\"og:locale\" content=\"de_DE\" \/>\n<meta property=\"og:type\" content=\"article\" \/>\n<meta property=\"og:title\" content=\"Innovation Living Cubed Sessel | M\u00f6bel kaufen | Schweiz\" \/>\n<meta property=\"og:description\" content=\"Bestelle jetzt den Innovation Living Cubed Sessel f\u00fcr Dein Zuhause! Zahle mit 0 % Zins Ratenzahlung und geniesse unsere gratis Heimlieferung.\" \/>\n<meta property=\"og:url\" content=\"https:\/\/listings.mybikeplan.ch\/de\/produkt\/innovation-living-cubed-sessel-565\/\" \/>\n<meta property=\"og:site_name\" content=\"MyBikePlan\" \/>\n<meta property=\"article:modified_time\" content=\"2024-05-30T09:48:47+00:00\" \/>\n<meta property=\"og:image\" content=\"https:\/\/listings.mybikeplan.ch\/wp-content\/uploads\/2023\/10\/Innovation-Living-Cubed-Sessel-1.jpg\" \/>\n\t<meta property=\"og:image:width\" content=\"1080\" \/>\n\t<meta property=\"og:image:height\" content=\"1080\" \/>\n\t<meta property=\"og:image:type\" content=\"image\/jpeg\" \/>\n<meta name=\"twitter:card\" content=\"summary_large_image\" \/>\n<meta name=\"twitter:label1\" content=\"Gesch\u00e4tzte Lesezeit\" \/>\n\t<meta name=\"twitter:data1\" content=\"1\u00a0Minute\" \/>\n<script type=\"application\/ld+json\" class=\"yoast-schema-graph\">{\"@context\":\"https:\/\/schema.org\",\"@graph\":[{\"@type\":\"WebPage\",\"@id\":\"https:\/\/listings.mybikeplan.ch\/de\/produkt\/innovation-living-cubed-sessel-565\/\",\"url\":\"https:\/\/listings.mybikeplan.ch\/de\/produkt\/innovation-living-cubed-sessel-565\/\",\"name\":\"Innovation Living Cubed Sessel | M\u00f6bel kaufen | Schweiz\",\"isPartOf\":{\"@id\":\"https:\/\/listings.mybikeplan.ch\/de\/#website\"},\"primaryImageOfPage\":{\"@id\":\"https:\/\/listings.mybikeplan.ch\/de\/produkt\/innovation-living-cubed-sessel-565\/#primaryimage\"},\"image\":{\"@id\":\"https:\/\/listings.mybikeplan.ch\/de\/produkt\/innovation-living-cubed-sessel-565\/#primaryimage\"},\"thumbnailUrl\":\"https:\/\/listings.mybikeplan.ch\/wp-content\/uploads\/2023\/10\/Innovation-Living-Cubed-Sessel-1.jpg\",\"datePublished\":\"2023-10-20T12:33:54+00:00\",\"dateModified\":\"2024-05-30T09:48:47+00:00\",\"description\":\"Bestelle jetzt den Innovation Living Cubed Sessel f\u00fcr Dein Zuhause! Zahle mit 0 % Zins Ratenzahlung und geniesse unsere gratis Heimlieferung.\",\"breadcrumb\":{\"@id\":\"https:\/\/listings.mybikeplan.ch\/de\/produkt\/innovation-living-cubed-sessel-565\/#breadcrumb\"},\"inLanguage\":\"de\",\"potentialAction\":[{\"@type\":\"ReadAction\",\"target\":[\"https:\/\/listings.mybikeplan.ch\/de\/produkt\/innovation-living-cubed-sessel-565\/\"]}]},{\"@type\":\"ImageObject\",\"inLanguage\":\"de\",\"@id\":\"https:\/\/listings.mybikeplan.ch\/de\/produkt\/innovation-living-cubed-sessel-565\/#primaryimage\",\"url\":\"https:\/\/listings.mybikeplan.ch\/wp-content\/uploads\/2023\/10\/Innovation-Living-Cubed-Sessel-1.jpg\",\"contentUrl\":\"https:\/\/listings.mybikeplan.ch\/wp-content\/uploads\/2023\/10\/Innovation-Living-Cubed-Sessel-1.jpg\",\"width\":1080,\"height\":1080,\"caption\":\"grauer Polstersessel mit schwarzen Beinen\"},{\"@type\":\"BreadcrumbList\",\"@id\":\"https:\/\/listings.mybikeplan.ch\/de\/produkt\/innovation-living-cubed-sessel-565\/#breadcrumb\",\"itemListElement\":[{\"@type\":\"ListItem\",\"position\":1,\"name\":\"Home\",\"item\":\"https:\/\/listings.mybikeplan.ch\/de\/\"},{\"@type\":\"ListItem\",\"position\":2,\"name\":\"Cubed Sessel\"}]},{\"@type\":\"WebSite\",\"@id\":\"https:\/\/listings.mybikeplan.ch\/de\/#website\",\"url\":\"https:\/\/listings.mybikeplan.ch\/de\/\",\"name\":\"MyBikePlan\",\"description\":\"\",\"potentialAction\":[{\"@type\":\"SearchAction\",\"target\":{\"@type\":\"EntryPoint\",\"urlTemplate\":\"https:\/\/listings.mybikeplan.ch\/de\/?s={search_term_string}\"},\"query-input\":{\"@type\":\"PropertyValueSpecification\",\"valueRequired\":true,\"valueName\":\"search_term_string\"}}],\"inLanguage\":\"de\"}]}<\/script>\n<!-- \/ Yoast SEO plugin. -->","yoast_head_json":{"title":"Innovation Living Cubed Sessel | M\u00f6bel kaufen | Schweiz","description":"Bestelle jetzt den Innovation Living Cubed Sessel f\u00fcr Dein Zuhause! Zahle mit 0 % Zins Ratenzahlung und geniesse unsere gratis Heimlieferung.","robots":{"index":"noindex","follow":"follow","max-snippet":"max-snippet:-1","max-image-preview":"max-image-preview:large","max-video-preview":"max-video-preview:-1"},"og_locale":"de_DE","og_type":"article","og_title":"Innovation Living Cubed Sessel | M\u00f6bel kaufen | Schweiz","og_description":"Bestelle jetzt den Innovation Living Cubed Sessel f\u00fcr Dein Zuhause! Zahle mit 0 % Zins Ratenzahlung und geniesse unsere gratis Heimlieferung.","og_url":"https:\/\/listings.mybikeplan.ch\/de\/produkt\/innovation-living-cubed-sessel-565\/","og_site_name":"MyBikePlan","article_modified_time":"2024-05-30T09:48:47+00:00","og_image":[{"width":1080,"height":1080,"url":"https:\/\/listings.mybikeplan.ch\/wp-content\/uploads\/2023\/10\/Innovation-Living-Cubed-Sessel-1.jpg","type":"image\/jpeg"}],"twitter_card":"summary_large_image","twitter_misc":{"Gesch\u00e4tzte Lesezeit":"1\u00a0Minute"},"schema":{"@context":"https:\/\/schema.org","@graph":[{"@type":"WebPage","@id":"https:\/\/listings.mybikeplan.ch\/de\/produkt\/innovation-living-cubed-sessel-565\/","url":"https:\/\/listings.mybikeplan.ch\/de\/produkt\/innovation-living-cubed-sessel-565\/","name":"Innovation Living Cubed Sessel | M\u00f6bel kaufen | Schweiz","isPartOf":{"@id":"https:\/\/listings.mybikeplan.ch\/de\/#website"},"primaryImageOfPage":{"@id":"https:\/\/listings.mybikeplan.ch\/de\/produkt\/innovation-living-cubed-sessel-565\/#primaryimage"},"image":{"@id":"https:\/\/listings.mybikeplan.ch\/de\/produkt\/innovation-living-cubed-sessel-565\/#primaryimage"},"thumbnailUrl":"https:\/\/listings.mybikeplan.ch\/wp-content\/uploads\/2023\/10\/Innovation-Living-Cubed-Sessel-1.jpg","datePublished":"2023-10-20T12:33:54+00:00","dateModified":"2024-05-30T09:48:47+00:00","description":"Bestelle jetzt den Innovation Living Cubed Sessel f\u00fcr Dein Zuhause! Zahle mit 0 % Zins Ratenzahlung und geniesse unsere gratis Heimlieferung.","breadcrumb":{"@id":"https:\/\/listings.mybikeplan.ch\/de\/produkt\/innovation-living-cubed-sessel-565\/#breadcrumb"},"inLanguage":"de","potentialAction":[{"@type":"ReadAction","target":["https:\/\/listings.mybikeplan.ch\/de\/produkt\/innovation-living-cubed-sessel-565\/"]}]},{"@type":"ImageObject","inLanguage":"de","@id":"https:\/\/listings.mybikeplan.ch\/de\/produkt\/innovation-living-cubed-sessel-565\/#primaryimage","url":"https:\/\/listings.mybikeplan.ch\/wp-content\/uploads\/2023\/10\/Innovation-Living-Cubed-Sessel-1.jpg","contentUrl":"https:\/\/listings.mybikeplan.ch\/wp-content\/uploads\/2023\/10\/Innovation-Living-Cubed-Sessel-1.jpg","width":1080,"height":1080,"caption":"grauer Polstersessel mit schwarzen Beinen"},{"@type":"BreadcrumbList","@id":"https:\/\/listings.mybikeplan.ch\/de\/produkt\/innovation-living-cubed-sessel-565\/#breadcrumb","itemListElement":[{"@type":"ListItem","position":1,"name":"Home","item":"https:\/\/listings.mybikeplan.ch\/de\/"},{"@type":"ListItem","position":2,"name":"Cubed Sessel"}]},{"@type":"WebSite","@id":"https:\/\/listings.mybikeplan.ch\/de\/#website","url":"https:\/\/listings.mybikeplan.ch\/de\/","name":"MyBikePlan","description":"","potentialAction":[{"@type":"SearchAction","target":{"@type":"EntryPoint","urlTemplate":"https:\/\/listings.mybikeplan.ch\/de\/?s={search_term_string}"},"query-input":{"@type":"PropertyValueSpecification","valueRequired":true,"valueName":"search_term_string"}}],"inLanguage":"de"}]}},"_links":{"self":[{"href":"https:\/\/listings.mybikeplan.ch\/de\/wp-json\/wp\/v2\/product\/48851","targetHints":{"allow":["GET"]}}],"collection":[{"href":"https:\/\/listings.mybikeplan.ch\/de\/wp-json\/wp\/v2\/product"}],"about":[{"href":"https:\/\/listings.mybikeplan.ch\/de\/wp-json\/wp\/v2\/types\/product"}],"replies":[{"embeddable":true,"href":"https:\/\/listings.mybikeplan.ch\/de\/wp-json\/wp\/v2\/comments?post=48851"}],"wp:featuredmedia":[{"embeddable":true,"href":"https:\/\/listings.mybikeplan.ch\/de\/wp-json\/wp\/v2\/media\/48872"}],"wp:attachment":[{"href":"https:\/\/listings.mybikeplan.ch\/de\/wp-json\/wp\/v2\/media?parent=48851"}],"wp:term":[{"taxonomy":"product_brand","embeddable":true,"href":"https:\/\/listings.mybikeplan.ch\/de\/wp-json\/wp\/v2\/product_brand?post=48851"},{"taxonomy":"product_cat","embeddable":true,"href":"https:\/\/listings.mybikeplan.ch\/de\/wp-json\/wp\/v2\/product_cat?post=48851"},{"taxonomy":"product_tag","embeddable":true,"href":"https:\/\/listings.mybikeplan.ch\/de\/wp-json\/wp\/v2\/product_tag?post=48851"}],"curies":[{"name":"wp","href":"https:\/\/api.w.org\/{rel}","templated":true}]}}