{"id":47213,"date":"2023-10-06T07:54:28","date_gmt":"2023-10-06T07:54:28","guid":{"rendered":"https:\/\/listings.mybikeplan.ch\/?post_type=product&#038;p=47213"},"modified":"2024-01-12T13:15:30","modified_gmt":"2024-01-12T13:15:30","slug":"kave-home-shayndel-bett-210x185","status":"publish","type":"product","link":"https:\/\/listings.mybikeplan.ch\/de\/produkt\/kave-home-shayndel-bett-210x185\/","title":{"rendered":"Shayndel Bett 210 x 185 cm"},"content":{"rendered":"<h2><b>Das Wichtigste zum Shayndel Bett<\/b><b>:<\/b><\/h2>\n<ul class=\"bullet-points\">\n<li class=\"bullet-points__item\">Struktur aus massivem Kautschukholz und bezogenem Kopfteil in Grau mit Anti-Fleck-Behandlung.<\/li>\n<li class=\"bullet-points__item\">Dank der vom massivholz stammenden Maserungen und Farbschattierungen einzigartig.<\/li>\n<li class=\"bullet-points__item\">Beinhaltet einen Lattenrost aus Kautschukholz und B\u00e4ndern zur Gewichtsverteilung.<\/li>\n<li class=\"bullet-points__item\">Bett f\u00fcr Matratze von 160 x 190 cm.<\/li>\n<\/ul>\n","protected":false},"excerpt":{"rendered":"<div class=\"details-row\">\n<div id=\"collapseMoreInformation\" class=\"show collapse\" aria-labelledby=\"headingOne\" data-parent=\"#product-information\">\n<div class=\"details-row\">\n<div id=\"collapseMoreInformation\" class=\"show collapse\" aria-labelledby=\"headingOne\" data-parent=\"#product-information\">\n<div class=\"details-row\">\n<div id=\"collapseMoreInformation\" class=\"show collapse\" aria-labelledby=\"headingOne\" data-parent=\"#product-information\">\n<div class=\"details-row\">\n<div id=\"collapseMoreInformation\" class=\"show collapse\" aria-labelledby=\"headingOne\" data-parent=\"#product-information\">\n<div class=\"details-row\">\n<div id=\"collapseMoreInformation\" class=\"show collapse\" aria-labelledby=\"headingOne\" data-parent=\"#product-information\">\n<div class=\"details-row\">\n<div id=\"collapseMoreInformation\" class=\"show collapse\" aria-labelledby=\"headingOne\" data-parent=\"#product-information\">\n<p class=\"text-left font-small pt-3 pt-md-0\">Bett mit allem inklusive, mit bezogenem Kopfteil in Beige, Lattenrost aus Holz, B\u00e4nder f\u00fcr die Gewichtsverteilung und sogar Sch\u00fctzern auf den Beinen, um den Boden nicht zu besch\u00e4digen. Ideal f\u00fcr eine Matratze von 160 x 190 cm. So kannst Du mit Sicherheit gut schlafen.<\/p>\n<\/div>\n<\/div>\n<div class=\"details-row\"><\/div>\n<\/div>\n<\/div>\n<\/div>\n<\/div>\n<\/div>\n<\/div>\n<\/div>\n<\/div>\n<\/div>\n<\/div>\n","protected":false},"featured_media":42542,"comment_status":"open","ping_status":"closed","template":"","meta":{"_acf_changed":false},"product_brand":[],"product_cat":[4460,7142,4449,4447,4445],"product_tag":[],"class_list":{"0":"post-47213","1":"product","2":"type-product","3":"status-publish","4":"has-post-thumbnail","6":"product_cat-betten","7":"product_cat-doppelbetten","8":"product_cat-marke-kave-home","9":"product_cat-marken-mysofaplan","10":"product_cat-mysofaplan","11":"pa_brand-kave-home","12":"pa_dimensions-210x185x108-cm","13":"pa_filters-color-braun","14":"pa_hex-color-c8aa90","15":"pa_main-material-bearbeitetes-holz","16":"pa_materials-massives-kautschukholz","17":"pa_mattress-size-160-x-190-cm","18":"pa_seat-tube-length-210x185x108-cm-fuer-matratze-von-160-x-200-cm","19":"pa_weight-52-kg","21":"first","22":"instock","23":"shipping-taxable","24":"purchasable","25":"product-type-variable"},"acf":{"short_description":"Bett mit allem inklusive, mit bezogenem Kopfteil in Beige, Lattenrost aus Holz, B\u00e4nder f\u00fcr die Gewichtsverteilung und sogar Sch\u00fctzern auf den Beinen, um den Boden nicht zu besch\u00e4digen. Ideal f\u00fcr eine Matratze von 160 x 190 cm. So kannst Du mit Sicherheit gut schlafen.","bike_name":"Kave Home Shayndel Bett","highlight_text":""},"yoast_head":"<!-- This site is optimized with the Yoast SEO plugin v24.5 - https:\/\/yoast.com\/wordpress\/plugins\/seo\/ -->\n<title>Kave Home Shayndel Bett | M\u00f6bel mit 0 % Zins | Schweiz<\/title>\n<meta name=\"description\" content=\"Bestelle jetzt das Kave Home Shayndel Bett f\u00fcr Dein Zuhause! Zahle mit 0% Zins Ratenzahlung und geniesse unsere gratis Heimlieferung.\" \/>\n<meta name=\"robots\" content=\"noindex, follow, max-snippet:-1, max-image-preview:large, max-video-preview:-1\" \/>\n<meta property=\"og:locale\" content=\"de_DE\" \/>\n<meta property=\"og:type\" content=\"article\" \/>\n<meta property=\"og:title\" content=\"Kave Home Shayndel Bett | M\u00f6bel mit 0 % Zins | Schweiz\" \/>\n<meta property=\"og:description\" content=\"Bestelle jetzt das Kave Home Shayndel Bett f\u00fcr Dein Zuhause! Zahle mit 0% Zins Ratenzahlung und geniesse unsere gratis Heimlieferung.\" \/>\n<meta property=\"og:url\" content=\"https:\/\/listings.mybikeplan.ch\/de\/produkt\/kave-home-shayndel-bett-210x185\/\" \/>\n<meta property=\"og:site_name\" content=\"MyBikePlan\" \/>\n<meta property=\"article:modified_time\" content=\"2024-01-12T13:15:30+00:00\" \/>\n<meta property=\"og:image\" content=\"https:\/\/listings.mybikeplan.ch\/wp-content\/uploads\/2023\/09\/Shayndel-Bett-160-x-200-cm.jpg\" \/>\n\t<meta property=\"og:image:width\" content=\"1000\" \/>\n\t<meta property=\"og:image:height\" content=\"1000\" \/>\n\t<meta property=\"og:image:type\" content=\"image\/jpeg\" \/>\n<meta name=\"twitter:card\" content=\"summary_large_image\" \/>\n<meta name=\"twitter:label1\" content=\"Gesch\u00e4tzte Lesezeit\" \/>\n\t<meta name=\"twitter:data1\" content=\"1\u00a0Minute\" \/>\n<script type=\"application\/ld+json\" class=\"yoast-schema-graph\">{\"@context\":\"https:\/\/schema.org\",\"@graph\":[{\"@type\":\"WebPage\",\"@id\":\"https:\/\/listings.mybikeplan.ch\/de\/produkt\/kave-home-shayndel-bett-210x185\/\",\"url\":\"https:\/\/listings.mybikeplan.ch\/de\/produkt\/kave-home-shayndel-bett-210x185\/\",\"name\":\"Kave Home Shayndel Bett | M\u00f6bel mit 0 % Zins | Schweiz\",\"isPartOf\":{\"@id\":\"https:\/\/listings.mybikeplan.ch\/de\/#website\"},\"primaryImageOfPage\":{\"@id\":\"https:\/\/listings.mybikeplan.ch\/de\/produkt\/kave-home-shayndel-bett-210x185\/#primaryimage\"},\"image\":{\"@id\":\"https:\/\/listings.mybikeplan.ch\/de\/produkt\/kave-home-shayndel-bett-210x185\/#primaryimage\"},\"thumbnailUrl\":\"https:\/\/listings.mybikeplan.ch\/wp-content\/uploads\/2023\/09\/Shayndel-Bett-160-x-200-cm.jpg\",\"datePublished\":\"2023-10-06T07:54:28+00:00\",\"dateModified\":\"2024-01-12T13:15:30+00:00\",\"description\":\"Bestelle jetzt das Kave Home Shayndel Bett f\u00fcr Dein Zuhause! Zahle mit 0% Zins Ratenzahlung und geniesse unsere gratis Heimlieferung.\",\"breadcrumb\":{\"@id\":\"https:\/\/listings.mybikeplan.ch\/de\/produkt\/kave-home-shayndel-bett-210x185\/#breadcrumb\"},\"inLanguage\":\"de\",\"potentialAction\":[{\"@type\":\"ReadAction\",\"target\":[\"https:\/\/listings.mybikeplan.ch\/de\/produkt\/kave-home-shayndel-bett-210x185\/\"]}]},{\"@type\":\"ImageObject\",\"inLanguage\":\"de\",\"@id\":\"https:\/\/listings.mybikeplan.ch\/de\/produkt\/kave-home-shayndel-bett-210x185\/#primaryimage\",\"url\":\"https:\/\/listings.mybikeplan.ch\/wp-content\/uploads\/2023\/09\/Shayndel-Bett-160-x-200-cm.jpg\",\"contentUrl\":\"https:\/\/listings.mybikeplan.ch\/wp-content\/uploads\/2023\/09\/Shayndel-Bett-160-x-200-cm.jpg\",\"width\":1000,\"height\":1000},{\"@type\":\"BreadcrumbList\",\"@id\":\"https:\/\/listings.mybikeplan.ch\/de\/produkt\/kave-home-shayndel-bett-210x185\/#breadcrumb\",\"itemListElement\":[{\"@type\":\"ListItem\",\"position\":1,\"name\":\"Home\",\"item\":\"https:\/\/listings.mybikeplan.ch\/de\/\"},{\"@type\":\"ListItem\",\"position\":2,\"name\":\"Shayndel Bett 210 x 185 cm\"}]},{\"@type\":\"WebSite\",\"@id\":\"https:\/\/listings.mybikeplan.ch\/de\/#website\",\"url\":\"https:\/\/listings.mybikeplan.ch\/de\/\",\"name\":\"MyBikePlan\",\"description\":\"\",\"potentialAction\":[{\"@type\":\"SearchAction\",\"target\":{\"@type\":\"EntryPoint\",\"urlTemplate\":\"https:\/\/listings.mybikeplan.ch\/de\/?s={search_term_string}\"},\"query-input\":{\"@type\":\"PropertyValueSpecification\",\"valueRequired\":true,\"valueName\":\"search_term_string\"}}],\"inLanguage\":\"de\"}]}<\/script>\n<!-- \/ Yoast SEO plugin. -->","yoast_head_json":{"title":"Kave Home Shayndel Bett | M\u00f6bel mit 0 % Zins | Schweiz","description":"Bestelle jetzt das Kave Home Shayndel Bett f\u00fcr Dein Zuhause! Zahle mit 0% Zins Ratenzahlung und geniesse unsere gratis Heimlieferung.","robots":{"index":"noindex","follow":"follow","max-snippet":"max-snippet:-1","max-image-preview":"max-image-preview:large","max-video-preview":"max-video-preview:-1"},"og_locale":"de_DE","og_type":"article","og_title":"Kave Home Shayndel Bett | M\u00f6bel mit 0 % Zins | Schweiz","og_description":"Bestelle jetzt das Kave Home Shayndel Bett f\u00fcr Dein Zuhause! Zahle mit 0% Zins Ratenzahlung und geniesse unsere gratis Heimlieferung.","og_url":"https:\/\/listings.mybikeplan.ch\/de\/produkt\/kave-home-shayndel-bett-210x185\/","og_site_name":"MyBikePlan","article_modified_time":"2024-01-12T13:15:30+00:00","og_image":[{"width":1000,"height":1000,"url":"https:\/\/listings.mybikeplan.ch\/wp-content\/uploads\/2023\/09\/Shayndel-Bett-160-x-200-cm.jpg","type":"image\/jpeg"}],"twitter_card":"summary_large_image","twitter_misc":{"Gesch\u00e4tzte Lesezeit":"1\u00a0Minute"},"schema":{"@context":"https:\/\/schema.org","@graph":[{"@type":"WebPage","@id":"https:\/\/listings.mybikeplan.ch\/de\/produkt\/kave-home-shayndel-bett-210x185\/","url":"https:\/\/listings.mybikeplan.ch\/de\/produkt\/kave-home-shayndel-bett-210x185\/","name":"Kave Home Shayndel Bett | M\u00f6bel mit 0 % Zins | Schweiz","isPartOf":{"@id":"https:\/\/listings.mybikeplan.ch\/de\/#website"},"primaryImageOfPage":{"@id":"https:\/\/listings.mybikeplan.ch\/de\/produkt\/kave-home-shayndel-bett-210x185\/#primaryimage"},"image":{"@id":"https:\/\/listings.mybikeplan.ch\/de\/produkt\/kave-home-shayndel-bett-210x185\/#primaryimage"},"thumbnailUrl":"https:\/\/listings.mybikeplan.ch\/wp-content\/uploads\/2023\/09\/Shayndel-Bett-160-x-200-cm.jpg","datePublished":"2023-10-06T07:54:28+00:00","dateModified":"2024-01-12T13:15:30+00:00","description":"Bestelle jetzt das Kave Home Shayndel Bett f\u00fcr Dein Zuhause! Zahle mit 0% Zins Ratenzahlung und geniesse unsere gratis Heimlieferung.","breadcrumb":{"@id":"https:\/\/listings.mybikeplan.ch\/de\/produkt\/kave-home-shayndel-bett-210x185\/#breadcrumb"},"inLanguage":"de","potentialAction":[{"@type":"ReadAction","target":["https:\/\/listings.mybikeplan.ch\/de\/produkt\/kave-home-shayndel-bett-210x185\/"]}]},{"@type":"ImageObject","inLanguage":"de","@id":"https:\/\/listings.mybikeplan.ch\/de\/produkt\/kave-home-shayndel-bett-210x185\/#primaryimage","url":"https:\/\/listings.mybikeplan.ch\/wp-content\/uploads\/2023\/09\/Shayndel-Bett-160-x-200-cm.jpg","contentUrl":"https:\/\/listings.mybikeplan.ch\/wp-content\/uploads\/2023\/09\/Shayndel-Bett-160-x-200-cm.jpg","width":1000,"height":1000},{"@type":"BreadcrumbList","@id":"https:\/\/listings.mybikeplan.ch\/de\/produkt\/kave-home-shayndel-bett-210x185\/#breadcrumb","itemListElement":[{"@type":"ListItem","position":1,"name":"Home","item":"https:\/\/listings.mybikeplan.ch\/de\/"},{"@type":"ListItem","position":2,"name":"Shayndel Bett 210 x 185 cm"}]},{"@type":"WebSite","@id":"https:\/\/listings.mybikeplan.ch\/de\/#website","url":"https:\/\/listings.mybikeplan.ch\/de\/","name":"MyBikePlan","description":"","potentialAction":[{"@type":"SearchAction","target":{"@type":"EntryPoint","urlTemplate":"https:\/\/listings.mybikeplan.ch\/de\/?s={search_term_string}"},"query-input":{"@type":"PropertyValueSpecification","valueRequired":true,"valueName":"search_term_string"}}],"inLanguage":"de"}]}},"_links":{"self":[{"href":"https:\/\/listings.mybikeplan.ch\/de\/wp-json\/wp\/v2\/product\/47213","targetHints":{"allow":["GET"]}}],"collection":[{"href":"https:\/\/listings.mybikeplan.ch\/de\/wp-json\/wp\/v2\/product"}],"about":[{"href":"https:\/\/listings.mybikeplan.ch\/de\/wp-json\/wp\/v2\/types\/product"}],"replies":[{"embeddable":true,"href":"https:\/\/listings.mybikeplan.ch\/de\/wp-json\/wp\/v2\/comments?post=47213"}],"wp:featuredmedia":[{"embeddable":true,"href":"https:\/\/listings.mybikeplan.ch\/de\/wp-json\/wp\/v2\/media\/42542"}],"wp:attachment":[{"href":"https:\/\/listings.mybikeplan.ch\/de\/wp-json\/wp\/v2\/media?parent=47213"}],"wp:term":[{"taxonomy":"product_brand","embeddable":true,"href":"https:\/\/listings.mybikeplan.ch\/de\/wp-json\/wp\/v2\/product_brand?post=47213"},{"taxonomy":"product_cat","embeddable":true,"href":"https:\/\/listings.mybikeplan.ch\/de\/wp-json\/wp\/v2\/product_cat?post=47213"},{"taxonomy":"product_tag","embeddable":true,"href":"https:\/\/listings.mybikeplan.ch\/de\/wp-json\/wp\/v2\/product_tag?post=47213"}],"curies":[{"name":"wp","href":"https:\/\/api.w.org\/{rel}","templated":true}]}}